{"id":3779,"date":"2022-10-15T18:40:09","date_gmt":"2022-10-15T18:40:09","guid":{"rendered":"https:\/\/roadtoromania.com\/accommodatie-in-roemenie\/hotels-in-roemenie\/"},"modified":"2022-10-22T12:30:09","modified_gmt":"2022-10-22T12:30:09","slug":"hotels-in-roemenie","status":"publish","type":"page","link":"https:\/\/roadtoromania.com\/nl\/accommodatie-in-roemenie\/hotels-in-roemenie\/","title":{"rendered":"Hotels in Roemeni\u00eb"},"content":{"rendered":"<p><a href=\"https:\/\/roadtoromania.com\/wp-content\/uploads\/2022\/10\/hoteles-rumania-alojamiento.jpg\"><img decoding=\"async\" src=\"https:\/\/roadtoromania.com\/wp-content\/uploads\/2022\/10\/hoteles-rumania-alojamiento.jpg\" \/><\/a> Roemeni\u00eb heeft goede hotels, zoals in de rest van Europa.<\/p>\n<p>\nRoemeni\u00eb heeft een goed ontwikkeld hotelnetwerk, vooral in de grote steden. Er zijn hotels in alle soorten en kwaliteiten. Het is aanbevolen om een hotel te boeken met \u00e9\u00e9n ster meer dan wat we gewoonlijk boeken, omdat de kwaliteit soms wat minder is dan in andere Europese landen, maar dit betekent niet dat de hotels niet goed zijn, alleen dat de normen lager zijn.<\/p>\n<p>\nHieronder vindt u een lijst met hotels gesorteerd op stad, zodat u alle hotels in Roemeni\u00eb kunt vinden. Als u op zoek bent naar andere soorten accommodatie, B&#038;B, boerderijen, luxe hotels, enz&#8230; aarzel dan niet om ons te schrijven, zodat we u in contact kunnen brengen met onze lokale partners in Roemeni\u00eb die u kunnen bieden wat u nodig hebt.<br \/>\n Lijst van hotels in Roemeni\u00eb per stad.<\/strong> <\/p>\n<p>\u00a0A<\/p>\n<p>Alba Iulia [2]<\/p>\n<p>Arad [3]<\/p>\n<p>Arieseni [1]<\/p>\n<p>Azuga [1]B<\/p>\n<p>Baia Mare [3]<\/p>\n<p>Baile Felix [1]<br \/&#038;><br \/>\nBazna [2]<\/p>\n<p>Bistri\u0163a [3]<\/p>\n<p>Bor\u015fa [1]<\/p>\n<p>Bran [3]<\/p>\n<p>Bra\u015fov [51]<\/p>\n<p>Boekarest [121]<\/p>\n<p>Bu\u015fteni [7]C<\/p>\n<p>Cluj-Napoca [30]<\/p>\n<p>Constanta [13]Costine\u015fti [1]<\/p>\n<p>Craiova [5]<\/p>\n<p>C\u00e2mpina [2]<\/p>\n<p>C\u00e2mpulung Moldovenesc [2]D<\/p>\n<p>Deva [3]<\/p>\n<p>Drobeta-Turnu Severin [1]E<br \/>\n Eforie [4]G<\/p>\n<p>Eforie [4]G<\/p>\n<p>Gala\u0163i [1]<\/p>\n<p>Gil\u0103u [1]<\/p>\n<p>Gura Humorului [4]I<\/p>\n<p>Ia\u015fi [10]M<\/p>\n<p>Mamaia [6]<\/p>\n<p>Mangalia [1]<\/p>\n<p>Media\u015f [1]<\/p>\n<p>Miercurea-Ciuc [1]Moieciu de Jos [3]<\/p>\n<p>Moieciu de Sus [1]<\/p>\n<p>Murighiol [1]O<\/p>\n<p>Oradea [12]P<\/p>\n<p>Piatra Neamt [1]<\/p>\n<p>Pitesti [3]<\/p>\n<p>Ploie\u015fti [6]<\/p>\n<p>Predeal [6]R<\/p>\n<p>Rasnov [2]<\/p>\n<p>Roman [2]S<\/p>\n<p>Saschiz [1]<\/p>\n<p>Satu Mare [1]<\/p>\n<p>Saturnus [4]<\/p>\n<p>Sibiu [18]<\/p>\n<p>Sighisoara [4]<\/p>\n<p>Sinaia [4]Suceava [5]<\/p>\n<p>Sucevi\u0163a [1]T<\/p>\n<p>Timi\u0219oara [30]<\/p>\n<p>Tulcea [3]<\/p>\n<p>Turda [1]<\/p>\n<p>T\u00e2rgu Mure\u015f [6]V<\/p>\n<p>Valea Draganului [1]<\/p>\n<p>Vama [2]<\/p>\n<p>Venus [1]<\/p>\n<p>Vidra [1]<\/p>\n<p>V\u00e2n\u0103tori-Neam\u021b [1]<\/p>\n","protected":false},"excerpt":{"rendered":"<p>Roemeni\u00eb heeft goede hotels, zoals in de rest van Europa. Roemeni\u00eb heeft een goed ontwikkeld hotelnetwerk, vooral in de grote steden. Er zijn hotels in alle soorten en kwaliteiten. Het is aanbevolen om een hotel te boeken met \u00e9\u00e9n ster meer dan wat we gewoonlijk boeken, omdat de kwaliteit soms wat minder is dan in &hellip;<\/p>\n<p class=\"read-more\"> <a class=\"\" href=\"https:\/\/roadtoromania.com\/nl\/accommodatie-in-roemenie\/hotels-in-roemenie\/\"> <span class=\"screen-reader-text\">Hotels in Roemeni\u00eb<\/span> Lees verder \u00bb<\/a><\/p>\n","protected":false},"author":1,"featured_media":1006,"parent":3773,"menu_order":0,"comment_status":"open","ping_status":"open","template":"","meta":{"site-sidebar-layout":"default","site-content-layout":"default","ast-global-header-display":"","ast-main-header-display":"","ast-hfb-above-header-display":"","ast-hfb-below-header-display":"","ast-hfb-mobile-header-display":"","site-post-title":"","ast-breadcrumbs-content":"","ast-featured-img":"","footer-sml-layout":"","theme-transparent-header-meta":"default","adv-header-id-meta":"","stick-header-meta":"default","header-above-stick-meta":"","header-main-stick-meta":"","header-below-stick-meta":"","footnotes":""},"class_list":["post-3779","page","type-page","status-publish","has-post-thumbnail","hentry"],"yoast_head":"<!-- This site is optimized with the Yoast SEO plugin v19.10 - https:\/\/yoast.com\/wordpress\/plugins\/seo\/ -->\n<title>Hotels in Roemeni\u00eb - Road to Romania<\/title>\n<meta name=\"robots\" content=\"index, follow, max-snippet:-1, max-image-preview:large, max-video-preview:-1\" \/>\n<link rel=\"canonical\" href=\"https:\/\/roadtoromania.com\/nl\/accommodatie-in-roemenie\/hotels-in-roemenie\/\" \/>\n<meta property=\"og:locale\" content=\"nl_NL\" \/>\n<meta property=\"og:type\" content=\"article\" \/>\n<meta property=\"og:title\" content=\"Hotels in Roemeni\u00eb - Road to Romania\" \/>\n<meta property=\"og:description\" content=\"Roemeni\u00eb heeft goede hotels, zoals in de rest van Europa. Roemeni\u00eb heeft een goed ontwikkeld hotelnetwerk, vooral in de grote steden. Er zijn hotels in alle soorten en kwaliteiten. Het is aanbevolen om een hotel te boeken met \u00e9\u00e9n ster meer dan wat we gewoonlijk boeken, omdat de kwaliteit soms wat minder is dan in &hellip; Hotels in Roemeni\u00eb Lees verder \u00bb\" \/>\n<meta property=\"og:url\" content=\"https:\/\/roadtoromania.com\/nl\/accommodatie-in-roemenie\/hotels-in-roemenie\/\" \/>\n<meta property=\"og:site_name\" content=\"Road to Romania\" \/>\n<meta property=\"article:modified_time\" content=\"2022-10-22T12:30:09+00:00\" \/>\n<meta property=\"og:image\" content=\"https:\/\/roadtoromania.com\/wp-content\/uploads\/2022\/10\/hoteles-rumania-alojamiento-1.jpg\" \/>\n\t<meta property=\"og:image:width\" content=\"539\" \/>\n\t<meta property=\"og:image:height\" content=\"356\" \/>\n\t<meta property=\"og:image:type\" content=\"image\/jpeg\" \/>\n<meta name=\"twitter:card\" content=\"summary_large_image\" \/>\n<meta name=\"twitter:label1\" content=\"Geschatte leestijd\" \/>\n\t<meta name=\"twitter:data1\" content=\"2 minuten\" \/>\n<script type=\"application\/ld+json\" class=\"yoast-schema-graph\">{\"@context\":\"https:\/\/schema.org\",\"@graph\":[{\"@type\":\"WebPage\",\"@id\":\"https:\/\/roadtoromania.com\/nl\/accommodatie-in-roemenie\/hotels-in-roemenie\/\",\"url\":\"https:\/\/roadtoromania.com\/nl\/accommodatie-in-roemenie\/hotels-in-roemenie\/\",\"name\":\"Hotels in Roemeni\u00eb - Road to Romania\",\"isPartOf\":{\"@id\":\"https:\/\/roadtoromania.com\/nl\/#website\"},\"datePublished\":\"2022-10-15T18:40:09+00:00\",\"dateModified\":\"2022-10-22T12:30:09+00:00\",\"breadcrumb\":{\"@id\":\"https:\/\/roadtoromania.com\/nl\/accommodatie-in-roemenie\/hotels-in-roemenie\/#breadcrumb\"},\"inLanguage\":\"nl-NL\",\"potentialAction\":[{\"@type\":\"ReadAction\",\"target\":[\"https:\/\/roadtoromania.com\/nl\/accommodatie-in-roemenie\/hotels-in-roemenie\/\"]}]},{\"@type\":\"BreadcrumbList\",\"@id\":\"https:\/\/roadtoromania.com\/nl\/accommodatie-in-roemenie\/hotels-in-roemenie\/#breadcrumb\",\"itemListElement\":[{\"@type\":\"ListItem\",\"position\":1,\"name\":\"Home\",\"item\":\"https:\/\/roadtoromania.com\/nl\/\"},{\"@type\":\"ListItem\",\"position\":2,\"name\":\"accommodatie in roemeni\u00eb\",\"item\":\"https:\/\/roadtoromania.com\/nl\/accommodatie-in-roemenie\/\"},{\"@type\":\"ListItem\",\"position\":3,\"name\":\"Hotels in Roemeni\u00eb\"}]},{\"@type\":\"WebSite\",\"@id\":\"https:\/\/roadtoromania.com\/nl\/#website\",\"url\":\"https:\/\/roadtoromania.com\/nl\/\",\"name\":\"Road to Romania\",\"description\":\"De blog waar u alle informatie vindt om van Roemeni\u00eb te genieten.\",\"potentialAction\":[{\"@type\":\"SearchAction\",\"target\":{\"@type\":\"EntryPoint\",\"urlTemplate\":\"https:\/\/roadtoromania.com\/nl\/?s={search_term_string}\"},\"query-input\":\"required name=search_term_string\"}],\"inLanguage\":\"nl-NL\"}]}<\/script>\n<!-- \/ Yoast SEO plugin. -->","yoast_head_json":{"title":"Hotels in Roemeni\u00eb - Road to Romania","robots":{"index":"index","follow":"follow","max-snippet":"max-snippet:-1","max-image-preview":"max-image-preview:large","max-video-preview":"max-video-preview:-1"},"canonical":"https:\/\/roadtoromania.com\/nl\/accommodatie-in-roemenie\/hotels-in-roemenie\/","og_locale":"nl_NL","og_type":"article","og_title":"Hotels in Roemeni\u00eb - Road to Romania","og_description":"Roemeni\u00eb heeft goede hotels, zoals in de rest van Europa. Roemeni\u00eb heeft een goed ontwikkeld hotelnetwerk, vooral in de grote steden. Er zijn hotels in alle soorten en kwaliteiten. Het is aanbevolen om een hotel te boeken met \u00e9\u00e9n ster meer dan wat we gewoonlijk boeken, omdat de kwaliteit soms wat minder is dan in &hellip; Hotels in Roemeni\u00eb Lees verder \u00bb","og_url":"https:\/\/roadtoromania.com\/nl\/accommodatie-in-roemenie\/hotels-in-roemenie\/","og_site_name":"Road to Romania","article_modified_time":"2022-10-22T12:30:09+00:00","og_image":[{"width":539,"height":356,"url":"https:\/\/roadtoromania.com\/wp-content\/uploads\/2022\/10\/hoteles-rumania-alojamiento-1.jpg","type":"image\/jpeg"}],"twitter_card":"summary_large_image","twitter_misc":{"Geschatte leestijd":"2 minuten"},"schema":{"@context":"https:\/\/schema.org","@graph":[{"@type":"WebPage","@id":"https:\/\/roadtoromania.com\/nl\/accommodatie-in-roemenie\/hotels-in-roemenie\/","url":"https:\/\/roadtoromania.com\/nl\/accommodatie-in-roemenie\/hotels-in-roemenie\/","name":"Hotels in Roemeni\u00eb - Road to Romania","isPartOf":{"@id":"https:\/\/roadtoromania.com\/nl\/#website"},"datePublished":"2022-10-15T18:40:09+00:00","dateModified":"2022-10-22T12:30:09+00:00","breadcrumb":{"@id":"https:\/\/roadtoromania.com\/nl\/accommodatie-in-roemenie\/hotels-in-roemenie\/#breadcrumb"},"inLanguage":"nl-NL","potentialAction":[{"@type":"ReadAction","target":["https:\/\/roadtoromania.com\/nl\/accommodatie-in-roemenie\/hotels-in-roemenie\/"]}]},{"@type":"BreadcrumbList","@id":"https:\/\/roadtoromania.com\/nl\/accommodatie-in-roemenie\/hotels-in-roemenie\/#breadcrumb","itemListElement":[{"@type":"ListItem","position":1,"name":"Home","item":"https:\/\/roadtoromania.com\/nl\/"},{"@type":"ListItem","position":2,"name":"accommodatie in roemeni\u00eb","item":"https:\/\/roadtoromania.com\/nl\/accommodatie-in-roemenie\/"},{"@type":"ListItem","position":3,"name":"Hotels in Roemeni\u00eb"}]},{"@type":"WebSite","@id":"https:\/\/roadtoromania.com\/nl\/#website","url":"https:\/\/roadtoromania.com\/nl\/","name":"Road to Romania","description":"De blog waar u alle informatie vindt om van Roemeni\u00eb te genieten.","potentialAction":[{"@type":"SearchAction","target":{"@type":"EntryPoint","urlTemplate":"https:\/\/roadtoromania.com\/nl\/?s={search_term_string}"},"query-input":"required name=search_term_string"}],"inLanguage":"nl-NL"}]}},"_links":{"self":[{"href":"https:\/\/roadtoromania.com\/nl\/wp-json\/wp\/v2\/pages\/3779","targetHints":{"allow":["GET"]}}],"collection":[{"href":"https:\/\/roadtoromania.com\/nl\/wp-json\/wp\/v2\/pages"}],"about":[{"href":"https:\/\/roadtoromania.com\/nl\/wp-json\/wp\/v2\/types\/page"}],"author":[{"embeddable":true,"href":"https:\/\/roadtoromania.com\/nl\/wp-json\/wp\/v2\/users\/1"}],"replies":[{"embeddable":true,"href":"https:\/\/roadtoromania.com\/nl\/wp-json\/wp\/v2\/comments?post=3779"}],"version-history":[{"count":1,"href":"https:\/\/roadtoromania.com\/nl\/wp-json\/wp\/v2\/pages\/3779\/revisions"}],"predecessor-version":[{"id":4276,"href":"https:\/\/roadtoromania.com\/nl\/wp-json\/wp\/v2\/pages\/3779\/revisions\/4276"}],"up":[{"embeddable":true,"href":"https:\/\/roadtoromania.com\/nl\/wp-json\/wp\/v2\/pages\/3773"}],"wp:featuredmedia":[{"embeddable":true,"href":"https:\/\/roadtoromania.com\/nl\/wp-json\/wp\/v2\/media\/1006"}],"wp:attachment":[{"href":"https:\/\/roadtoromania.com\/nl\/wp-json\/wp\/v2\/media?parent=3779"}],"curies":[{"name":"wp","href":"https:\/\/api.w.org\/{rel}","templated":true}]}}