{"id":3780,"date":"2022-10-15T18:40:09","date_gmt":"2022-10-15T18:40:09","guid":{"rendered":"https:\/\/roadtoromania.com\/huur-een-camper-in-roemenie\/"},"modified":"2022-10-22T09:42:45","modified_gmt":"2022-10-22T09:42:45","slug":"huur-een-camper-in-roemenie","status":"publish","type":"page","link":"https:\/\/roadtoromania.com\/nl\/huur-een-camper-in-roemenie\/","title":{"rendered":"Huur een camper in Roemeni\u00eb"},"content":{"rendered":"<p><img decoding=\"async\" src=\"https:\/\/roadtoromania.com\/wp-content\/uploads\/2022\/10\/autocaravana-portugal-campervan.jpg\" \/>Een camper of kampeerauto huren in Roemeni\u00eb<\/p>\n<p>\nReizen per camper of camper in Roemeni\u00eb is een goede optie om door een land te reizen dat uitnodigt om te stoppen en de natuurgebieden, de steden, de kleine charmante dorpjes, de gastronomie,&#8230; te ontdekken. Anderzijds is de camper of camper een vervoermiddel dat veel vrijheid geeft bij het verplaatsen<\/strong> , met het grote voordeel dat u niet hoeft na te denken over het zoeken naar accommodatie. Maak een &#8220;roadtrip&#8221; in een camper of camper in Roemeni\u00eb en ontdek de regio&#8217;s Transsylvani\u00eb, Maramures, Boekovina, Moldavi\u00eb, Crisana, Walachije en Dobrogea, die u zullen verrassen met hun monumentale, natuurlijke, culturele en gastronomische rijkdom. En ook steden als Sibiu, Cluj Napona, Brasov, Tulcea, Boekarest,&#8230;<\/p>\n<p> Boek een camper of kampeerauto in Roemeni\u00eb<\/b> <\/p>\n<p>\nHier in onze gids kunt u een camper of camper huren om door Roemeni\u00eb te reizen, en deze ophalen in de hoofdstad, <strong>Boekarest<\/strong> . Vergeet niet uw camper of camper <strong>van tevoren te reserveren<\/strong> , want in het hoogseizoen is de vraag groter en besluiten veel mensen hun vakantie in Roemeni\u00eb door te brengen.<\/p>\n<p>\nEen camper of camper in Roemeni\u00eb boeken is heel eenvoudig: zoek gewoon de data, het type voertuig en de ophaal- en inleverplaats in de <strong>zoekmachine hieronder<\/strong> :<\/p>\n","protected":false},"excerpt":{"rendered":"<p>Een camper of kampeerauto huren in Roemeni\u00eb Reizen per camper of camper in Roemeni\u00eb is een goede optie om door een land te reizen dat uitnodigt om te stoppen en de natuurgebieden, de steden, de kleine charmante dorpjes, de gastronomie,&#8230; te ontdekken. Anderzijds is de camper of camper een vervoermiddel dat veel vrijheid geeft bij &hellip;<\/p>\n<p class=\"read-more\"> <a class=\"\" href=\"https:\/\/roadtoromania.com\/nl\/huur-een-camper-in-roemenie\/\"> <span class=\"screen-reader-text\">Huur een camper in Roemeni\u00eb<\/span> Lees verder \u00bb<\/a><\/p>\n","protected":false},"author":1,"featured_media":1014,"parent":0,"menu_order":0,"comment_status":"open","ping_status":"open","template":"","meta":{"site-sidebar-layout":"default","site-content-layout":"default","ast-global-header-display":"","ast-main-header-display":"","ast-hfb-above-header-display":"","ast-hfb-below-header-display":"","ast-hfb-mobile-header-display":"","site-post-title":"","ast-breadcrumbs-content":"","ast-featured-img":"","footer-sml-layout":"","theme-transparent-header-meta":"","adv-header-id-meta":"","stick-header-meta":"","header-above-stick-meta":"","header-main-stick-meta":"","header-below-stick-meta":"","footnotes":""},"class_list":["post-3780","page","type-page","status-publish","has-post-thumbnail","hentry"],"yoast_head":"<!-- This site is optimized with the Yoast SEO plugin v19.10 - https:\/\/yoast.com\/wordpress\/plugins\/seo\/ -->\n<title>Huur een camper in Roemeni\u00eb - Road to Romania<\/title>\n<meta name=\"robots\" content=\"index, follow, max-snippet:-1, max-image-preview:large, max-video-preview:-1\" \/>\n<link rel=\"canonical\" href=\"https:\/\/roadtoromania.com\/nl\/huur-een-camper-in-roemenie\/\" \/>\n<meta property=\"og:locale\" content=\"nl_NL\" \/>\n<meta property=\"og:type\" content=\"article\" \/>\n<meta property=\"og:title\" content=\"Huur een camper in Roemeni\u00eb - Road to Romania\" \/>\n<meta property=\"og:description\" content=\"Een camper of kampeerauto huren in Roemeni\u00eb Reizen per camper of camper in Roemeni\u00eb is een goede optie om door een land te reizen dat uitnodigt om te stoppen en de natuurgebieden, de steden, de kleine charmante dorpjes, de gastronomie,&#8230; te ontdekken. Anderzijds is de camper of camper een vervoermiddel dat veel vrijheid geeft bij &hellip; Huur een camper in Roemeni\u00eb Lees verder \u00bb\" \/>\n<meta property=\"og:url\" content=\"https:\/\/roadtoromania.com\/nl\/huur-een-camper-in-roemenie\/\" \/>\n<meta property=\"og:site_name\" content=\"Road to Romania\" \/>\n<meta property=\"article:modified_time\" content=\"2022-10-22T09:42:45+00:00\" \/>\n<meta property=\"og:image\" content=\"https:\/\/roadtoromania.com\/wp-content\/uploads\/2022\/10\/autocaravana-portugal-campervan-1.jpg\" \/>\n\t<meta property=\"og:image:width\" content=\"512\" \/>\n\t<meta property=\"og:image:height\" content=\"342\" \/>\n\t<meta property=\"og:image:type\" content=\"image\/jpeg\" \/>\n<meta name=\"twitter:card\" content=\"summary_large_image\" \/>\n<meta name=\"twitter:label1\" content=\"Geschatte leestijd\" \/>\n\t<meta name=\"twitter:data1\" content=\"1 minuut\" \/>\n<script type=\"application\/ld+json\" class=\"yoast-schema-graph\">{\"@context\":\"https:\/\/schema.org\",\"@graph\":[{\"@type\":\"WebPage\",\"@id\":\"https:\/\/roadtoromania.com\/nl\/huur-een-camper-in-roemenie\/\",\"url\":\"https:\/\/roadtoromania.com\/nl\/huur-een-camper-in-roemenie\/\",\"name\":\"Huur een camper in Roemeni\u00eb - Road to Romania\",\"isPartOf\":{\"@id\":\"https:\/\/roadtoromania.com\/nl\/#website\"},\"datePublished\":\"2022-10-15T18:40:09+00:00\",\"dateModified\":\"2022-10-22T09:42:45+00:00\",\"breadcrumb\":{\"@id\":\"https:\/\/roadtoromania.com\/nl\/huur-een-camper-in-roemenie\/#breadcrumb\"},\"inLanguage\":\"nl-NL\",\"potentialAction\":[{\"@type\":\"ReadAction\",\"target\":[\"https:\/\/roadtoromania.com\/nl\/huur-een-camper-in-roemenie\/\"]}]},{\"@type\":\"BreadcrumbList\",\"@id\":\"https:\/\/roadtoromania.com\/nl\/huur-een-camper-in-roemenie\/#breadcrumb\",\"itemListElement\":[{\"@type\":\"ListItem\",\"position\":1,\"name\":\"Home\",\"item\":\"https:\/\/roadtoromania.com\/nl\/\"},{\"@type\":\"ListItem\",\"position\":2,\"name\":\"Huur een camper in Roemeni\u00eb\"}]},{\"@type\":\"WebSite\",\"@id\":\"https:\/\/roadtoromania.com\/nl\/#website\",\"url\":\"https:\/\/roadtoromania.com\/nl\/\",\"name\":\"Road to Romania\",\"description\":\"De blog waar u alle informatie vindt om van Roemeni\u00eb te genieten.\",\"potentialAction\":[{\"@type\":\"SearchAction\",\"target\":{\"@type\":\"EntryPoint\",\"urlTemplate\":\"https:\/\/roadtoromania.com\/nl\/?s={search_term_string}\"},\"query-input\":\"required name=search_term_string\"}],\"inLanguage\":\"nl-NL\"}]}<\/script>\n<!-- \/ Yoast SEO plugin. -->","yoast_head_json":{"title":"Huur een camper in Roemeni\u00eb - Road to Romania","robots":{"index":"index","follow":"follow","max-snippet":"max-snippet:-1","max-image-preview":"max-image-preview:large","max-video-preview":"max-video-preview:-1"},"canonical":"https:\/\/roadtoromania.com\/nl\/huur-een-camper-in-roemenie\/","og_locale":"nl_NL","og_type":"article","og_title":"Huur een camper in Roemeni\u00eb - Road to Romania","og_description":"Een camper of kampeerauto huren in Roemeni\u00eb Reizen per camper of camper in Roemeni\u00eb is een goede optie om door een land te reizen dat uitnodigt om te stoppen en de natuurgebieden, de steden, de kleine charmante dorpjes, de gastronomie,&#8230; te ontdekken. Anderzijds is de camper of camper een vervoermiddel dat veel vrijheid geeft bij &hellip; Huur een camper in Roemeni\u00eb Lees verder \u00bb","og_url":"https:\/\/roadtoromania.com\/nl\/huur-een-camper-in-roemenie\/","og_site_name":"Road to Romania","article_modified_time":"2022-10-22T09:42:45+00:00","og_image":[{"width":512,"height":342,"url":"https:\/\/roadtoromania.com\/wp-content\/uploads\/2022\/10\/autocaravana-portugal-campervan-1.jpg","type":"image\/jpeg"}],"twitter_card":"summary_large_image","twitter_misc":{"Geschatte leestijd":"1 minuut"},"schema":{"@context":"https:\/\/schema.org","@graph":[{"@type":"WebPage","@id":"https:\/\/roadtoromania.com\/nl\/huur-een-camper-in-roemenie\/","url":"https:\/\/roadtoromania.com\/nl\/huur-een-camper-in-roemenie\/","name":"Huur een camper in Roemeni\u00eb - Road to Romania","isPartOf":{"@id":"https:\/\/roadtoromania.com\/nl\/#website"},"datePublished":"2022-10-15T18:40:09+00:00","dateModified":"2022-10-22T09:42:45+00:00","breadcrumb":{"@id":"https:\/\/roadtoromania.com\/nl\/huur-een-camper-in-roemenie\/#breadcrumb"},"inLanguage":"nl-NL","potentialAction":[{"@type":"ReadAction","target":["https:\/\/roadtoromania.com\/nl\/huur-een-camper-in-roemenie\/"]}]},{"@type":"BreadcrumbList","@id":"https:\/\/roadtoromania.com\/nl\/huur-een-camper-in-roemenie\/#breadcrumb","itemListElement":[{"@type":"ListItem","position":1,"name":"Home","item":"https:\/\/roadtoromania.com\/nl\/"},{"@type":"ListItem","position":2,"name":"Huur een camper in Roemeni\u00eb"}]},{"@type":"WebSite","@id":"https:\/\/roadtoromania.com\/nl\/#website","url":"https:\/\/roadtoromania.com\/nl\/","name":"Road to Romania","description":"De blog waar u alle informatie vindt om van Roemeni\u00eb te genieten.","potentialAction":[{"@type":"SearchAction","target":{"@type":"EntryPoint","urlTemplate":"https:\/\/roadtoromania.com\/nl\/?s={search_term_string}"},"query-input":"required name=search_term_string"}],"inLanguage":"nl-NL"}]}},"_links":{"self":[{"href":"https:\/\/roadtoromania.com\/nl\/wp-json\/wp\/v2\/pages\/3780","targetHints":{"allow":["GET"]}}],"collection":[{"href":"https:\/\/roadtoromania.com\/nl\/wp-json\/wp\/v2\/pages"}],"about":[{"href":"https:\/\/roadtoromania.com\/nl\/wp-json\/wp\/v2\/types\/page"}],"author":[{"embeddable":true,"href":"https:\/\/roadtoromania.com\/nl\/wp-json\/wp\/v2\/users\/1"}],"replies":[{"embeddable":true,"href":"https:\/\/roadtoromania.com\/nl\/wp-json\/wp\/v2\/comments?post=3780"}],"version-history":[{"count":0,"href":"https:\/\/roadtoromania.com\/nl\/wp-json\/wp\/v2\/pages\/3780\/revisions"}],"wp:featuredmedia":[{"embeddable":true,"href":"https:\/\/roadtoromania.com\/nl\/wp-json\/wp\/v2\/media\/1014"}],"wp:attachment":[{"href":"https:\/\/roadtoromania.com\/nl\/wp-json\/wp\/v2\/media?parent=3780"}],"curies":[{"name":"wp","href":"https:\/\/api.w.org\/{rel}","templated":true}]}}