{"id":3782,"date":"2022-10-15T18:40:09","date_gmt":"2022-10-15T18:40:09","guid":{"rendered":"https:\/\/roadtoromania.com\/steden-en-regio-s-van-roemenie\/"},"modified":"2022-10-22T09:42:45","modified_gmt":"2022-10-22T09:42:45","slug":"steden-en-regio-s-van-roemenie","status":"publish","type":"page","link":"https:\/\/roadtoromania.com\/nl\/steden-en-regio-s-van-roemenie\/","title":{"rendered":"Steden en regio&#8217;s van Roemeni\u00eb"},"content":{"rendered":"<p>\u00a0Op deze pagina organiseren we informatie over de belangrijkste steden, regio&#8217;s, natuurgebieden en monumenten in Roemeni\u00eb.<\/p>\n<p>\nSinds 1991 is Roemeni\u00eb een presidenti\u00eble republiek waar het staatshoofd en de uitvoerende macht gedurende vijf jaar door de president worden uitgeoefend. Dit maakt zijn toestandsmodel vergelijkbaar met dat van <strong>Frankrijk<\/strong> . Daarom zijn de <strong>8 regio&#8217;s<\/strong> waaruit Roemeni\u00eb bestaat niet meer dan administratieve afdelingen zonder echte macht. Veel groter is bijvoorbeeld die van de <strong>42 districtsprefecten<\/strong> .<\/p>\n<p>\nRegio&#8217;s bezetten gebieden die historisch die naam dragen, <strong>Walachije-Dobrogea<\/strong> en <strong>Moldavi\u00eb<\/strong> (niet te verwarren met de voormalige Sovjetrepubliek aan de overkant van de Prut en de <a href=\"https:\/\/roadtoromania.com\/nl\/aard-van-roemenie\/donaudelta\/\"><\/strong> Donaudelta<\/strong><\/a> ), entiteiten die in de 19e eeuw de eerste Roemeense staat vormden. Transsylvani\u00eb is vrij bekend en ligt in het centrum van het land. <strong><a href=\"https:\/\/roadtoromania.com\/nl\/steden-en-regio-s-van-roemenie\/regio-maramures\/\">Maramures<\/a> , Crisana<\/strong> en <strong>de Banat<\/strong> grenzen aan Hongarije, Servi\u00eb en Oekra\u00efne. Het midden-westen van het land wordt bezet door <strong>Trasilvania<\/strong> , de bekendste van de Roemeense regio&#8217;s. <strong>Boekovina<\/strong> is de laatste regio in het noorden tussen Oekra\u00efne en Moldavi\u00eb.<\/p>\n<p>\n<img decoding=\"async\" src=\"https:\/\/roadtoromania.com\/wp-content\/uploads\/2022\/10\/mapa-regiones-umania.jpg\" \/><\/p>\n<p>\n <strong>Regio&#8217;s en steden van Roemeni\u00eb.<\/strong> <\/p>\n<p> VALAQUIA<\/strong> <\/p>\n<ul>\n<li>\n <strong>&#8211; <a href=\"https:\/\/roadtoromania.com\/nl\/steden-en-regio-s-van-roemenie\/boekarest\/\">Boekarest<\/a> <\/strong> <\/li>\n<li>\n <strong>&#8211; <a href=\"https:\/\/roadtoromania.com\/nl\/steden-en-regio-s-van-roemenie\/craiova\/\">Craiova<\/a> <\/strong> <\/li>\n<li>\n&#8211; Ploiesti<\/li>\n<li>\n <strong>&#8211; <a href=\"https:\/\/roadtoromania.com\/nl\/steden-en-regio-s-van-roemenie\/curtea-van-arges\/\">Curtea de Arges<\/a> <\/strong> <\/li>\n<li>\n <strong>&#8211; <a href=\"https:\/\/roadtoromania.com\/nl\/monumenten-van-roemenie-wat-te-zien-in-roemenie\/snagov-klooster-en-het-graf-van-vlad-tepes\/\">Snagov<\/a> <\/strong> <\/li>\n<li>\n <strong>&#8211; <a href=\"https:\/\/roadtoromania.com\/nl\/steden-en-regio-s-van-roemenie\/targoviste-tirgoviste\/\">Tirgoviste<\/a> <\/strong> <\/li>\n<\/ul>\n<p> DOBROGEA<\/strong> <\/p>\n<ul>\n<li>\n <strong>&#8211; <a href=\"https:\/\/roadtoromania.com\/nl\/steden-en-regio-s-van-roemenie\/constanza\/\">Constanza<\/a> <\/strong> .<\/li>\n<li>\n <strong>&#8211; <a href=\"https:\/\/roadtoromania.com\/nl\/steden-en-regio-s-van-roemenie\/tulcea\/\">Tulcea<\/a> <\/strong> .<\/li>\n<p> &#8211; <a href=\"https:\/\/roadtoromania.com\/nl\/steden-en-regio-s-van-roemenie\/eforie\/\">Eforie<\/a> <\/strong> .<\/li>\n<\/ul>\n<p>\n <strong><a href=\"https:\/\/roadtoromania.com\/nl\/monumenten-van-roemenie-wat-te-zien-in-roemenie\/moldavie-roemeens\/\">MOLDOVA \/ MOLDOVA<\/a> <\/strong> .<\/p>\n<p>.<\/p>\n<ul> &#8211; <a href=\"https:\/\/roadtoromania.com\/nl\/steden-en-regio-s-van-roemenie\/iasi\/\">Iasi<\/a> <\/strong> .<\/li>\n<li>\n&#8211; Galati<\/li>\n<p> &#8211; <a href=\"https:\/\/roadtoromania.com\/nl\/steden-en-regio-s-van-roemenie\/piatra-neamt\/\">Piatra Neamt<\/a> <\/strong> <\/li>\n<li>\n&#8211; Durau<\/li>\n<li>\n&#8211; <strong><a href=\"https:\/\/roadtoromania.com\/nl\/steden-en-regio-s-van-roemenie\/roman\/\">Roman<\/a> <\/strong> <\/li>\n<li>\n&#8211; Targu Neamt<\/li>\n<\/ul>\n<p>\n <strong>BUCOVINA<\/strong> <\/p>\n<ul>\n<li>\n <strong>&#8211; <a href=\"https:\/\/roadtoromania.com\/nl\/steden-en-regio-s-van-roemenie\/suceava\/\">Suceava<\/a> <\/strong> .<\/li>\n<p> &#8211; <a href=\"https:\/\/roadtoromania.com\/nl\/steden-en-regio-s-van-roemenie\/regio-maramures\/\">MARAMURES<\/a> .<\/strong> <\/li>\n<p> &#8211; <a href=\"https:\/\/roadtoromania.com\/nl\/steden-en-regio-s-van-roemenie\/satu-mare\/\">Satu Mare<\/a> <\/strong> <\/li>\n<li>\n <strong>&#8211; <a href=\"https:\/\/roadtoromania.com\/nl\/steden-en-regio-s-van-roemenie\/baia-mare\/\">Baia Mare<\/a> <\/strong> <\/li>\n<\/ul>\n<p>\n <strong><a href=\"https:\/\/roadtoromania.com\/nl\/steden-en-regio-s-van-roemenie\/transsylvanie\/\">TRANSILVANIA<\/a> <\/p>\n<p><\/strong> <\/p>\n<ul> &#8211; <a href=\"https:\/\/roadtoromania.com\/nl\/steden-en-regio-s-van-roemenie\/agnita\/\">Agnita<\/a> <\/strong> <\/li>\n<li>\n <strong>&#8211; <a href=\"https:\/\/roadtoromania.com\/nl\/steden-en-regio-s-van-roemenie\/alba-iulia\/\">Alba Iulia<\/a> <\/strong> <\/li>\n<li>\n&#8211; <a href=\"https:\/\/roadtoromania.com\/nl\/steden-en-regio-s-van-roemenie\/bazna\/\">Bazna<\/a> <\/li>\n<p> &#8211; <a href=\"https:\/\/roadtoromania.com\/nl\/steden-en-regio-s-van-roemenie\/bistrita\/\">Bistrita<\/a> <\/strong> <\/li>\n<li>\n&#8211; <a href=\"https:\/\/roadtoromania.com\/nl\/monumenten-van-roemenie-wat-te-zien-in-roemenie\/biertan\/\">Biertan<\/a> <\/li>\n<li>\n&#8211; <a href=\"https:\/\/roadtoromania.com\/nl\/steden-en-regio-s-van-roemenie\/brasov\/\">Brasov<\/a> <\/li>\n<li>\n&#8211; <a href=\"https:\/\/roadtoromania.com\/nl\/steden-en-regio-s-van-roemenie\/kousen\/\">Medias<\/a> <\/li>\n<li>\n&#8211; Het skigebied van <a href=\"https:\/\/roadtoromania.com\/nl\/aard-van-roemenie\/skigebied-van-poiana-brasov\/\">Poiana-Brasov<\/a> <\/li>\n<li>\n&#8211; <a href=\"https:\/\/roadtoromania.com\/nl\/monumenten-van-roemenie-wat-te-zien-in-roemenie\/bran-castle-dracula-s-kasteel\/\">Bran en het kasteel van Vlad Tepes (Dracula).<\/a> <\/li>\n<li>\n&#8211; <a href=\"https:\/\/roadtoromania.com\/nl\/steden-en-regio-s-van-roemenie\/cluj-napoca\/\">Cluj &#8211; Napoca.<\/a> <\/li>\n<li>\n&#8211; <a href=\"https:\/\/roadtoromania.com\/nl\/aard-van-roemenie\/predeal-skigebied\/\">Predeal<\/a> <\/li>\n<li>\n&#8211; <a href=\"https:\/\/roadtoromania.com\/nl\/steden-en-regio-s-van-roemenie\/targu-mures\/\">Targu &#8211; Mures<\/a> <\/li>\n<li>\n&#8211; <a href=\"https:\/\/roadtoromania.com\/nl\/steden-en-regio-s-van-roemenie\/sibiu\/\">Satu Mare<\/a> <\/li>\n<li>\n&#8211; <a href=\"https:\/\/roadtoromania.com\/nl\/steden-en-regio-s-van-roemenie\/sibiu\/\">Sibiu<\/a> <\/li>\n<li>\n&#8211; <a href=\"https:\/\/roadtoromania.com\/nl\/steden-en-regio-s-van-roemenie\/sighisoara\/\">Sighisoara<\/a> <\/li>\n<\/ul>\n<p>\n (CRISANA.<\/strong> <\/p>\n<ul>\n<li>\n&#8211; <a href=\"https:\/\/roadtoromania.com\/nl\/steden-en-regio-s-van-roemenie\/oradea\/\">Oradea<\/a> <\/li>\n<p> &#8211; <a href=\"https:\/\/roadtoromania.com\/nl\/steden-en-regio-s-van-roemenie\/arad\/\">Arad<\/a> <\/strong> <\/li>\n<\/ul>\n<p>\n <strong>De BANAT\/BANAT.<\/strong> <\/p>\n<ul>\n<li>\n <strong>&#8211; <a href=\"https:\/\/roadtoromania.com\/nl\/steden-en-regio-s-van-roemenie\/timisoara\/\">Timisoara<\/a> <\/strong> <\/li>\n<li>\n&#8211; Resita<\/li>\n<\/ul>\n<p>\n<a href=\"https:\/\/roadtoromania.com\/nl\/kaarten-van-roemenie\/\">Kaart en plan van Roemeni\u00eb<\/a> .<\/p>\n","protected":false},"excerpt":{"rendered":"<p>\u00a0Op deze pagina organiseren we informatie over de belangrijkste steden, regio&#8217;s, natuurgebieden en monumenten in Roemeni\u00eb. Sinds 1991 is Roemeni\u00eb een presidenti\u00eble republiek waar het staatshoofd en de uitvoerende macht gedurende vijf jaar door de president worden uitgeoefend. Dit maakt zijn toestandsmodel vergelijkbaar met dat van Frankrijk . Daarom zijn de 8 regio&#8217;s waaruit Roemeni\u00eb &hellip;<\/p>\n<p class=\"read-more\"> <a class=\"\" href=\"https:\/\/roadtoromania.com\/nl\/steden-en-regio-s-van-roemenie\/\"> <span class=\"screen-reader-text\">Steden en regio&#8217;s van Roemeni\u00eb<\/span> Lees verder \u00bb<\/a><\/p>\n","protected":false},"author":1,"featured_media":1030,"parent":0,"menu_order":0,"comment_status":"open","ping_status":"open","template":"","meta":{"site-sidebar-layout":"default","site-content-layout":"default","ast-global-header-display":"","ast-main-header-display":"","ast-hfb-above-header-display":"","ast-hfb-below-header-display":"","ast-hfb-mobile-header-display":"","site-post-title":"","ast-breadcrumbs-content":"","ast-featured-img":"","footer-sml-layout":"","theme-transparent-header-meta":"default","adv-header-id-meta":"","stick-header-meta":"default","header-above-stick-meta":"","header-main-stick-meta":"","header-below-stick-meta":"","footnotes":""},"class_list":["post-3782","page","type-page","status-publish","has-post-thumbnail","hentry"],"yoast_head":"<!-- This site is optimized with the Yoast SEO plugin v19.10 - https:\/\/yoast.com\/wordpress\/plugins\/seo\/ -->\n<title>Steden en regio&#039;s van Roemeni\u00eb - Road to Romania<\/title>\n<meta name=\"robots\" content=\"index, follow, max-snippet:-1, max-image-preview:large, max-video-preview:-1\" \/>\n<link rel=\"canonical\" href=\"https:\/\/roadtoromania.com\/nl\/steden-en-regio-s-van-roemenie\/\" \/>\n<meta property=\"og:locale\" content=\"nl_NL\" \/>\n<meta property=\"og:type\" content=\"article\" \/>\n<meta property=\"og:title\" content=\"Steden en regio&#039;s van Roemeni\u00eb - Road to Romania\" \/>\n<meta property=\"og:description\" content=\"\u00a0Op deze pagina organiseren we informatie over de belangrijkste steden, regio&#8217;s, natuurgebieden en monumenten in Roemeni\u00eb. Sinds 1991 is Roemeni\u00eb een presidenti\u00eble republiek waar het staatshoofd en de uitvoerende macht gedurende vijf jaar door de president worden uitgeoefend. Dit maakt zijn toestandsmodel vergelijkbaar met dat van Frankrijk . Daarom zijn de 8 regio&#8217;s waaruit Roemeni\u00eb &hellip; Steden en regio&#8217;s van Roemeni\u00eb Lees verder \u00bb\" \/>\n<meta property=\"og:url\" content=\"https:\/\/roadtoromania.com\/nl\/steden-en-regio-s-van-roemenie\/\" \/>\n<meta property=\"og:site_name\" content=\"Road to Romania\" \/>\n<meta property=\"article:modified_time\" content=\"2022-10-22T09:42:45+00:00\" \/>\n<meta property=\"og:image\" content=\"https:\/\/roadtoromania.com\/wp-content\/uploads\/2022\/10\/mapa-regiones-umania-1.jpg\" \/>\n\t<meta property=\"og:image:width\" content=\"550\" \/>\n\t<meta property=\"og:image:height\" content=\"418\" \/>\n\t<meta property=\"og:image:type\" content=\"image\/jpeg\" \/>\n<meta name=\"twitter:card\" content=\"summary_large_image\" \/>\n<meta name=\"twitter:label1\" content=\"Geschatte leestijd\" \/>\n\t<meta name=\"twitter:data1\" content=\"1 minuut\" \/>\n<script type=\"application\/ld+json\" class=\"yoast-schema-graph\">{\"@context\":\"https:\/\/schema.org\",\"@graph\":[{\"@type\":\"WebPage\",\"@id\":\"https:\/\/roadtoromania.com\/nl\/steden-en-regio-s-van-roemenie\/\",\"url\":\"https:\/\/roadtoromania.com\/nl\/steden-en-regio-s-van-roemenie\/\",\"name\":\"Steden en regio's van Roemeni\u00eb - Road to Romania\",\"isPartOf\":{\"@id\":\"https:\/\/roadtoromania.com\/nl\/#website\"},\"datePublished\":\"2022-10-15T18:40:09+00:00\",\"dateModified\":\"2022-10-22T09:42:45+00:00\",\"breadcrumb\":{\"@id\":\"https:\/\/roadtoromania.com\/nl\/steden-en-regio-s-van-roemenie\/#breadcrumb\"},\"inLanguage\":\"nl-NL\",\"potentialAction\":[{\"@type\":\"ReadAction\",\"target\":[\"https:\/\/roadtoromania.com\/nl\/steden-en-regio-s-van-roemenie\/\"]}]},{\"@type\":\"BreadcrumbList\",\"@id\":\"https:\/\/roadtoromania.com\/nl\/steden-en-regio-s-van-roemenie\/#breadcrumb\",\"itemListElement\":[{\"@type\":\"ListItem\",\"position\":1,\"name\":\"Home\",\"item\":\"https:\/\/roadtoromania.com\/nl\/\"},{\"@type\":\"ListItem\",\"position\":2,\"name\":\"Steden en regio&#8217;s van Roemeni\u00eb\"}]},{\"@type\":\"WebSite\",\"@id\":\"https:\/\/roadtoromania.com\/nl\/#website\",\"url\":\"https:\/\/roadtoromania.com\/nl\/\",\"name\":\"Road to Romania\",\"description\":\"De blog waar u alle informatie vindt om van Roemeni\u00eb te genieten.\",\"potentialAction\":[{\"@type\":\"SearchAction\",\"target\":{\"@type\":\"EntryPoint\",\"urlTemplate\":\"https:\/\/roadtoromania.com\/nl\/?s={search_term_string}\"},\"query-input\":\"required name=search_term_string\"}],\"inLanguage\":\"nl-NL\"}]}<\/script>\n<!-- \/ Yoast SEO plugin. -->","yoast_head_json":{"title":"Steden en regio's van Roemeni\u00eb - Road to Romania","robots":{"index":"index","follow":"follow","max-snippet":"max-snippet:-1","max-image-preview":"max-image-preview:large","max-video-preview":"max-video-preview:-1"},"canonical":"https:\/\/roadtoromania.com\/nl\/steden-en-regio-s-van-roemenie\/","og_locale":"nl_NL","og_type":"article","og_title":"Steden en regio's van Roemeni\u00eb - Road to Romania","og_description":"\u00a0Op deze pagina organiseren we informatie over de belangrijkste steden, regio&#8217;s, natuurgebieden en monumenten in Roemeni\u00eb. Sinds 1991 is Roemeni\u00eb een presidenti\u00eble republiek waar het staatshoofd en de uitvoerende macht gedurende vijf jaar door de president worden uitgeoefend. Dit maakt zijn toestandsmodel vergelijkbaar met dat van Frankrijk . Daarom zijn de 8 regio&#8217;s waaruit Roemeni\u00eb &hellip; Steden en regio&#8217;s van Roemeni\u00eb Lees verder \u00bb","og_url":"https:\/\/roadtoromania.com\/nl\/steden-en-regio-s-van-roemenie\/","og_site_name":"Road to Romania","article_modified_time":"2022-10-22T09:42:45+00:00","og_image":[{"width":550,"height":418,"url":"https:\/\/roadtoromania.com\/wp-content\/uploads\/2022\/10\/mapa-regiones-umania-1.jpg","type":"image\/jpeg"}],"twitter_card":"summary_large_image","twitter_misc":{"Geschatte leestijd":"1 minuut"},"schema":{"@context":"https:\/\/schema.org","@graph":[{"@type":"WebPage","@id":"https:\/\/roadtoromania.com\/nl\/steden-en-regio-s-van-roemenie\/","url":"https:\/\/roadtoromania.com\/nl\/steden-en-regio-s-van-roemenie\/","name":"Steden en regio's van Roemeni\u00eb - Road to Romania","isPartOf":{"@id":"https:\/\/roadtoromania.com\/nl\/#website"},"datePublished":"2022-10-15T18:40:09+00:00","dateModified":"2022-10-22T09:42:45+00:00","breadcrumb":{"@id":"https:\/\/roadtoromania.com\/nl\/steden-en-regio-s-van-roemenie\/#breadcrumb"},"inLanguage":"nl-NL","potentialAction":[{"@type":"ReadAction","target":["https:\/\/roadtoromania.com\/nl\/steden-en-regio-s-van-roemenie\/"]}]},{"@type":"BreadcrumbList","@id":"https:\/\/roadtoromania.com\/nl\/steden-en-regio-s-van-roemenie\/#breadcrumb","itemListElement":[{"@type":"ListItem","position":1,"name":"Home","item":"https:\/\/roadtoromania.com\/nl\/"},{"@type":"ListItem","position":2,"name":"Steden en regio&#8217;s van Roemeni\u00eb"}]},{"@type":"WebSite","@id":"https:\/\/roadtoromania.com\/nl\/#website","url":"https:\/\/roadtoromania.com\/nl\/","name":"Road to Romania","description":"De blog waar u alle informatie vindt om van Roemeni\u00eb te genieten.","potentialAction":[{"@type":"SearchAction","target":{"@type":"EntryPoint","urlTemplate":"https:\/\/roadtoromania.com\/nl\/?s={search_term_string}"},"query-input":"required name=search_term_string"}],"inLanguage":"nl-NL"}]}},"_links":{"self":[{"href":"https:\/\/roadtoromania.com\/nl\/wp-json\/wp\/v2\/pages\/3782","targetHints":{"allow":["GET"]}}],"collection":[{"href":"https:\/\/roadtoromania.com\/nl\/wp-json\/wp\/v2\/pages"}],"about":[{"href":"https:\/\/roadtoromania.com\/nl\/wp-json\/wp\/v2\/types\/page"}],"author":[{"embeddable":true,"href":"https:\/\/roadtoromania.com\/nl\/wp-json\/wp\/v2\/users\/1"}],"replies":[{"embeddable":true,"href":"https:\/\/roadtoromania.com\/nl\/wp-json\/wp\/v2\/comments?post=3782"}],"version-history":[{"count":0,"href":"https:\/\/roadtoromania.com\/nl\/wp-json\/wp\/v2\/pages\/3782\/revisions"}],"wp:featuredmedia":[{"embeddable":true,"href":"https:\/\/roadtoromania.com\/nl\/wp-json\/wp\/v2\/media\/1030"}],"wp:attachment":[{"href":"https:\/\/roadtoromania.com\/nl\/wp-json\/wp\/v2\/media?parent=3782"}],"curies":[{"name":"wp","href":"https:\/\/api.w.org\/{rel}","templated":true}]}}