{"id":3786,"date":"2022-10-15T18:40:09","date_gmt":"2022-10-15T18:40:09","guid":{"rendered":"https:\/\/roadtoromania.com\/roemeens-atheneum-in-boekarest\/"},"modified":"2022-10-22T09:43:39","modified_gmt":"2022-10-22T09:43:39","slug":"roemeens-atheneum-in-boekarest","status":"publish","type":"page","link":"https:\/\/roadtoromania.com\/nl\/steden-en-regio-s-van-roemenie\/boekarest\/roemeens-atheneum-in-boekarest\/","title":{"rendered":"Roemeens Atheneum in Boekarest"},"content":{"rendered":"<p>Het <strong>Roemeens Atheneum<\/strong> (in het Roemeens Ateneul Rom\u00e2n) is een van de belangrijkste monumenten van <strong>Boekarest<\/strong> en een voorbeeld, opnieuw, van de verfranste smaak in Boekarest. Gelegen nabij het zogenaamde <a href=\"https:\/\/roadtoromania.com\/nl\/steden-en-regio-s-van-roemenie\/boekarest\/revolutieplein-in-boekarest\/\"> <\/a> revolutieplein is het een symbool en icoon van cultuur.<\/p>\n<p><img decoding=\"async\" src=\"https:\/\/roadtoromania.com\/wp-content\/uploads\/2022\/10\/bucarest_ateneo_rumano.jpg\" \/>Exterieur van het Roemeens Atheneum<\/p>\n<h2>\n <strong>Geschiedenis van het Roemeens Atheneum<\/strong> <\/h2>\n<p>\nHet project in neoklassieke stijl was mogelijk dankzij de bijdrage van de burgers onder het motto &#8220;Da\u0163i un leu pentru Ateneu&#8221;, d.w.z. &#8220;Wijd een Leu (vroegere Roemeense munt) aan het Athenaeum&#8221;, dat nog steeds als slogan wordt herinnerd. Daardoor zag het ontwerp van de architecten Albert Galleron (Fransman) en Constantin Baicoianu het licht en werd het voltooid in de twee jaar van 1886 tot 1888, hoewel de werken in de tijd werden verlengd tot 1897.<\/p>\n<p><img decoding=\"async\" src=\"https:\/\/roadtoromania.com\/wp-content\/uploads\/2022\/10\/interior_ateneo_rumano.jpg\" \/>Foyer van het interieur van het Roemeens Atheneum in Boekarest<\/p>\n<p>\nVerschillende Roemeense intellectuelen, die in 1865 de Culturele Vereniging &#8220;het Roemeens Atheneum&#8221; hadden opgericht, stonden achter het project, dat de oprichting van een centrum voor kunst en wetenschap voorstond en streefde naar een intellectuele regeneratie in het hele land. Het terrein waarop het Athenaeum is gevestigd, behoorde toe aan de rijke familie V\u0103c\u0103rescu en was vroeger de manege van Boekarest.<\/p>\n<p>\nOorspronkelijk was het vooral een prestigieuze concertzaal waar beroemde componisten en uitvoerders uit die tijd speelden, zoals Richard Strauss, de Spanjaard Pau Casals en de Roemeen George Enescu. In feite is het Athenaeum de thuisbasis van het George Enescu Philharmonic, en de locatie voor het internationale klassieke muziekevenement dat naar de maestro zelf is genoemd.<\/p>\n<p>\nHistorisch gezien werd in het Atheneum ook de conferentie gevierd die in 1919 leidde tot het ontstaan van Roemeni\u00eb, met de vereniging van de gebieden Bessarabi\u00eb, Transsylvani\u00eb en Boekovina, die aan het Koninkrijk Roemeni\u00eb werden toegevoegd.<\/p>\n<p>\nDankzij de uitgebreide restauratie die in de jaren negentig na de val van Ceacescu plaatsvond, kon een gebouw dat ernstig in verval was geraakt, worden gerestaureerd.<\/p>\n<p>\nHet ronde plan doet denken aan klassieke Romeinse gebouwen, met neoklassieke architectuur en Romaanse bijdragen. De schoonheid van de met Carrara-marmer beklede foyer wordt alleen overtroffen door het auditorium. De capaciteit van de concertzaal is ongeveer 650 mensen, die genieten van de muziek en het fresco van Costin Petrescu dat de koepel siert en momenten uit de Roemeense geschiedenis uitbeeldt.\u00a0Naast het auditorium is er ook een conferentiezaal.<\/p>\n<p><img decoding=\"async\" src=\"data:image\/gif;base64,R0lGODdhAQABAPAAAMPDwwAAACwAAAAAAQABAAACAkQBADs=\" \/>Concertzaal van het Roemeens Atheneum<\/p>\n<p>\nDe buitenkant heeft een gevel met een peristand van acht zuilen in Ionische stijl en vijf medaillons die de belangrijkste vorsten van de Roemeense regio&#8217;s voorstellen.Ook de tuinen zijn het bewonderen waard, met daarbij het beeld van componist Mihai Eminescu.<\/p>\n<\/h2>\n<p>Waarom heet het het Eerste Atheneum?<\/h2>\n<p>\nDe naam First Athenaeum is eigenlijk de echte naam van het gebouw. Het Eerste Atheneum van Boekarest is eigenlijk het eerste Atheneum van de stad. De term Athenaeum verwijst naar een gebouw waarin een culturele instelling, zoals een bibliotheek of een kunstgalerie, is gevestigd. Het Eerste Atheneum van Boekarest is in feite de zetel van beide. Toen Brasov en Boekarest onder de heerschappij van het Ottomaanse Rijk vielen, waren alle vormen van culturele activiteit verboden.<\/p>\n<p>\nDe Ottomaanse heersers beperkten het onderwijs en openbare bijeenkomsten. Pas aan het eind van de 19e eeuw begonnen de bewoners zich weer te uiten. Veel vooraanstaande intellectuelen in Boekarest eisten een plek waar ze vrijelijk idee\u00ebn konden uitwisselen. Zodra aan de culturele behoeften van de stad was voldaan, kon het Athenaeum fungeren als bibliotheek, museum en tentoonstellingsruimte.<\/p>\n<h2>\nWat te verwachten van het <strong>Roemeens Atheneum<\/strong> <\/h2>\n<p>\nBinnen in het Caf\u00e9 Paulino en Bibliotheekgebouw Het Caf\u00e9 Paulino en Bibliotheekgebouw is de eerste vleugel aan de oostkant van het gebouw. Bezoekers kunnen binnenkomen vanaf de straat of via de binnenplaats. Aanvankelijk herbergde het gebouw het Caf\u00e9 del Ateneo, een ontmoetingsplaats voor intellectuelen. Tegenwoordig is het caf\u00e9 een boekhandel, caf\u00e9 en evenementenruimte. De boeken zijn voornamelijk in het Roemeens, maar er zijn ook boeken in het Engels. De boekhandel is elke dag open, met verlengde openingstijden op vrijdag en zaterdag. De binnenruimte van Caf\u00e9 Paulino is klein en intiem, dus er is niet genoeg ruimte voor veel mensen.<\/p>\n<p>\nDe binnenplaats is een aangename plek om te ontspannen en te genieten van een kopje koffie terwijl u de prachtige omgeving in u opneemt. Het bibliotheekgebouw is de tweede vleugel aan de oostkant van het gebouw. Hoewel het oorspronkelijke interieur behouden is gebleven, is het gebouw gemoderniseerd met airconditioning, nieuwe verlichting en meer rekken. Er is een kleine zithoek bij de ingang waar mensen kunnen ontspannen en genieten van een kopje koffie. De bibliotheek is open op weekdagen van 9 tot 18 uur en is gratis voor het publiek. Er zijn veel boeken in het Roemeens en Engels, evenals enkele kunst- en fotografieboeken. Er is een interessante collectie oude en zeldzame boeken. U vindt er ook gedrukt materiaal over de geschiedenis van het Eerste Atheneum van Boekarest.<\/p>\n<h3>\nAndere te verkennen ruimtes<\/h3>\n<p>\nDe tentoonstellingsruimte bevindt zich in de centrale hal van het gebouw. De Ateneo Hall, zoals het werd genoemd, was oorspronkelijk ontworpen als een plaats voor banketten en tentoonstellingen. Het plafond is een prachtige glas-in-lood koepel. In de centrale hal bevinden zich ook de tentoonstellingszalen, waar tentoonstellingen van hedendaagse fotografie, kunst en architectuur worden gepresenteerd. Het auditorium bevindt zich in de centrale hal, net boven de Athenaeumzaal. Het is de zaal waar debatten en lezingen worden gehouden.<\/p>\n<p>\nDe muren en het plafond zijn van hout. Er staan een paar rijen houten stoelen die herinneren aan de tijd dat het Athenaeum het centrum van het intellectuele leven in Boekarest was. De bibliotheek is in de oostelijke vleugel. De kamer is eenvoudig en overzichtelijk, met een paar houten tafels en stoelen. Er zijn veel boeken in het Roemeens en Engels, evenals enkele kunst- en fotografieboeken. De bibliotheek is open van 9 tot 19 uur op maandag, dinsdag, donderdag en vrijdag, en van 9 tot 16 uur op woensdag.<\/p>\n<p> Kaart van de ligging van het Roemeens Atheneum in Boekarest.<\/p>\n","protected":false},"excerpt":{"rendered":"<p>Het Roemeens Atheneum (in het Roemeens Ateneul Rom\u00e2n) is een van de belangrijkste monumenten van Boekarest en een voorbeeld, opnieuw, van de verfranste smaak in Boekarest. Gelegen nabij het zogenaamde revolutieplein is het een symbool en icoon van cultuur. Exterieur van het Roemeens Atheneum Geschiedenis van het Roemeens Atheneum Het project in neoklassieke stijl was &hellip;<\/p>\n<p class=\"read-more\"> <a class=\"\" href=\"https:\/\/roadtoromania.com\/nl\/steden-en-regio-s-van-roemenie\/boekarest\/roemeens-atheneum-in-boekarest\/\"> <span class=\"screen-reader-text\">Roemeens Atheneum in Boekarest<\/span> Lees verder \u00bb<\/a><\/p>\n","protected":false},"author":1,"featured_media":1074,"parent":3791,"menu_order":0,"comment_status":"open","ping_status":"open","template":"","meta":{"site-sidebar-layout":"default","site-content-layout":"default","ast-global-header-display":"","ast-main-header-display":"","ast-hfb-above-header-display":"","ast-hfb-below-header-display":"","ast-hfb-mobile-header-display":"","site-post-title":"","ast-breadcrumbs-content":"","ast-featured-img":"","footer-sml-layout":"","theme-transparent-header-meta":"","adv-header-id-meta":"","stick-header-meta":"","header-above-stick-meta":"","header-main-stick-meta":"","header-below-stick-meta":"","footnotes":""},"class_list":["post-3786","page","type-page","status-publish","has-post-thumbnail","hentry"],"yoast_head":"<!-- This site is optimized with the Yoast SEO plugin v19.10 - https:\/\/yoast.com\/wordpress\/plugins\/seo\/ -->\n<title>Roemeens Atheneum in Boekarest - Road to Romania<\/title>\n<meta name=\"robots\" content=\"index, follow, max-snippet:-1, max-image-preview:large, max-video-preview:-1\" \/>\n<link rel=\"canonical\" href=\"https:\/\/roadtoromania.com\/nl\/steden-en-regio-s-van-roemenie\/boekarest\/roemeens-atheneum-in-boekarest\/\" \/>\n<meta property=\"og:locale\" content=\"nl_NL\" \/>\n<meta property=\"og:type\" content=\"article\" \/>\n<meta property=\"og:title\" content=\"Roemeens Atheneum in Boekarest - Road to Romania\" \/>\n<meta property=\"og:description\" content=\"Het Roemeens Atheneum (in het Roemeens Ateneul Rom\u00e2n) is een van de belangrijkste monumenten van Boekarest en een voorbeeld, opnieuw, van de verfranste smaak in Boekarest. Gelegen nabij het zogenaamde revolutieplein is het een symbool en icoon van cultuur. Exterieur van het Roemeens Atheneum Geschiedenis van het Roemeens Atheneum Het project in neoklassieke stijl was &hellip; Roemeens Atheneum in Boekarest Lees verder \u00bb\" \/>\n<meta property=\"og:url\" content=\"https:\/\/roadtoromania.com\/nl\/steden-en-regio-s-van-roemenie\/boekarest\/roemeens-atheneum-in-boekarest\/\" \/>\n<meta property=\"og:site_name\" content=\"Road to Romania\" \/>\n<meta property=\"article:modified_time\" content=\"2022-10-22T09:43:39+00:00\" \/>\n<meta property=\"og:image\" content=\"https:\/\/roadtoromania.com\/wp-content\/uploads\/2022\/10\/bucarest_ateneo_rumano-1.jpg\" \/>\n\t<meta property=\"og:image:width\" content=\"700\" \/>\n\t<meta property=\"og:image:height\" content=\"638\" \/>\n\t<meta property=\"og:image:type\" content=\"image\/jpeg\" \/>\n<meta name=\"twitter:card\" content=\"summary_large_image\" \/>\n<meta name=\"twitter:label1\" content=\"Geschatte leestijd\" \/>\n\t<meta name=\"twitter:data1\" content=\"5 minuten\" \/>\n<script type=\"application\/ld+json\" class=\"yoast-schema-graph\">{\"@context\":\"https:\/\/schema.org\",\"@graph\":[{\"@type\":\"WebPage\",\"@id\":\"https:\/\/roadtoromania.com\/nl\/steden-en-regio-s-van-roemenie\/boekarest\/roemeens-atheneum-in-boekarest\/\",\"url\":\"https:\/\/roadtoromania.com\/nl\/steden-en-regio-s-van-roemenie\/boekarest\/roemeens-atheneum-in-boekarest\/\",\"name\":\"Roemeens Atheneum in Boekarest - Road to Romania\",\"isPartOf\":{\"@id\":\"https:\/\/roadtoromania.com\/nl\/#website\"},\"datePublished\":\"2022-10-15T18:40:09+00:00\",\"dateModified\":\"2022-10-22T09:43:39+00:00\",\"breadcrumb\":{\"@id\":\"https:\/\/roadtoromania.com\/nl\/steden-en-regio-s-van-roemenie\/boekarest\/roemeens-atheneum-in-boekarest\/#breadcrumb\"},\"inLanguage\":\"nl-NL\",\"potentialAction\":[{\"@type\":\"ReadAction\",\"target\":[\"https:\/\/roadtoromania.com\/nl\/steden-en-regio-s-van-roemenie\/boekarest\/roemeens-atheneum-in-boekarest\/\"]}]},{\"@type\":\"BreadcrumbList\",\"@id\":\"https:\/\/roadtoromania.com\/nl\/steden-en-regio-s-van-roemenie\/boekarest\/roemeens-atheneum-in-boekarest\/#breadcrumb\",\"itemListElement\":[{\"@type\":\"ListItem\",\"position\":1,\"name\":\"Home\",\"item\":\"https:\/\/roadtoromania.com\/nl\/\"},{\"@type\":\"ListItem\",\"position\":2,\"name\":\"Steden en regio&#8217;s van Roemeni\u00eb\",\"item\":\"https:\/\/roadtoromania.com\/nl\/steden-en-regio-s-van-roemenie\/\"},{\"@type\":\"ListItem\",\"position\":3,\"name\":\"Boekarest\",\"item\":\"https:\/\/roadtoromania.com\/nl\/steden-en-regio-s-van-roemenie\/boekarest\/\"},{\"@type\":\"ListItem\",\"position\":4,\"name\":\"Roemeens Atheneum in Boekarest\"}]},{\"@type\":\"WebSite\",\"@id\":\"https:\/\/roadtoromania.com\/nl\/#website\",\"url\":\"https:\/\/roadtoromania.com\/nl\/\",\"name\":\"Road to Romania\",\"description\":\"De blog waar u alle informatie vindt om van Roemeni\u00eb te genieten.\",\"potentialAction\":[{\"@type\":\"SearchAction\",\"target\":{\"@type\":\"EntryPoint\",\"urlTemplate\":\"https:\/\/roadtoromania.com\/nl\/?s={search_term_string}\"},\"query-input\":\"required name=search_term_string\"}],\"inLanguage\":\"nl-NL\"}]}<\/script>\n<!-- \/ Yoast SEO plugin. -->","yoast_head_json":{"title":"Roemeens Atheneum in Boekarest - Road to Romania","robots":{"index":"index","follow":"follow","max-snippet":"max-snippet:-1","max-image-preview":"max-image-preview:large","max-video-preview":"max-video-preview:-1"},"canonical":"https:\/\/roadtoromania.com\/nl\/steden-en-regio-s-van-roemenie\/boekarest\/roemeens-atheneum-in-boekarest\/","og_locale":"nl_NL","og_type":"article","og_title":"Roemeens Atheneum in Boekarest - Road to Romania","og_description":"Het Roemeens Atheneum (in het Roemeens Ateneul Rom\u00e2n) is een van de belangrijkste monumenten van Boekarest en een voorbeeld, opnieuw, van de verfranste smaak in Boekarest. Gelegen nabij het zogenaamde revolutieplein is het een symbool en icoon van cultuur. Exterieur van het Roemeens Atheneum Geschiedenis van het Roemeens Atheneum Het project in neoklassieke stijl was &hellip; Roemeens Atheneum in Boekarest Lees verder \u00bb","og_url":"https:\/\/roadtoromania.com\/nl\/steden-en-regio-s-van-roemenie\/boekarest\/roemeens-atheneum-in-boekarest\/","og_site_name":"Road to Romania","article_modified_time":"2022-10-22T09:43:39+00:00","og_image":[{"width":700,"height":638,"url":"https:\/\/roadtoromania.com\/wp-content\/uploads\/2022\/10\/bucarest_ateneo_rumano-1.jpg","type":"image\/jpeg"}],"twitter_card":"summary_large_image","twitter_misc":{"Geschatte leestijd":"5 minuten"},"schema":{"@context":"https:\/\/schema.org","@graph":[{"@type":"WebPage","@id":"https:\/\/roadtoromania.com\/nl\/steden-en-regio-s-van-roemenie\/boekarest\/roemeens-atheneum-in-boekarest\/","url":"https:\/\/roadtoromania.com\/nl\/steden-en-regio-s-van-roemenie\/boekarest\/roemeens-atheneum-in-boekarest\/","name":"Roemeens Atheneum in Boekarest - Road to Romania","isPartOf":{"@id":"https:\/\/roadtoromania.com\/nl\/#website"},"datePublished":"2022-10-15T18:40:09+00:00","dateModified":"2022-10-22T09:43:39+00:00","breadcrumb":{"@id":"https:\/\/roadtoromania.com\/nl\/steden-en-regio-s-van-roemenie\/boekarest\/roemeens-atheneum-in-boekarest\/#breadcrumb"},"inLanguage":"nl-NL","potentialAction":[{"@type":"ReadAction","target":["https:\/\/roadtoromania.com\/nl\/steden-en-regio-s-van-roemenie\/boekarest\/roemeens-atheneum-in-boekarest\/"]}]},{"@type":"BreadcrumbList","@id":"https:\/\/roadtoromania.com\/nl\/steden-en-regio-s-van-roemenie\/boekarest\/roemeens-atheneum-in-boekarest\/#breadcrumb","itemListElement":[{"@type":"ListItem","position":1,"name":"Home","item":"https:\/\/roadtoromania.com\/nl\/"},{"@type":"ListItem","position":2,"name":"Steden en regio&#8217;s van Roemeni\u00eb","item":"https:\/\/roadtoromania.com\/nl\/steden-en-regio-s-van-roemenie\/"},{"@type":"ListItem","position":3,"name":"Boekarest","item":"https:\/\/roadtoromania.com\/nl\/steden-en-regio-s-van-roemenie\/boekarest\/"},{"@type":"ListItem","position":4,"name":"Roemeens Atheneum in Boekarest"}]},{"@type":"WebSite","@id":"https:\/\/roadtoromania.com\/nl\/#website","url":"https:\/\/roadtoromania.com\/nl\/","name":"Road to Romania","description":"De blog waar u alle informatie vindt om van Roemeni\u00eb te genieten.","potentialAction":[{"@type":"SearchAction","target":{"@type":"EntryPoint","urlTemplate":"https:\/\/roadtoromania.com\/nl\/?s={search_term_string}"},"query-input":"required name=search_term_string"}],"inLanguage":"nl-NL"}]}},"_links":{"self":[{"href":"https:\/\/roadtoromania.com\/nl\/wp-json\/wp\/v2\/pages\/3786","targetHints":{"allow":["GET"]}}],"collection":[{"href":"https:\/\/roadtoromania.com\/nl\/wp-json\/wp\/v2\/pages"}],"about":[{"href":"https:\/\/roadtoromania.com\/nl\/wp-json\/wp\/v2\/types\/page"}],"author":[{"embeddable":true,"href":"https:\/\/roadtoromania.com\/nl\/wp-json\/wp\/v2\/users\/1"}],"replies":[{"embeddable":true,"href":"https:\/\/roadtoromania.com\/nl\/wp-json\/wp\/v2\/comments?post=3786"}],"version-history":[{"count":1,"href":"https:\/\/roadtoromania.com\/nl\/wp-json\/wp\/v2\/pages\/3786\/revisions"}],"predecessor-version":[{"id":3874,"href":"https:\/\/roadtoromania.com\/nl\/wp-json\/wp\/v2\/pages\/3786\/revisions\/3874"}],"up":[{"embeddable":true,"href":"https:\/\/roadtoromania.com\/nl\/wp-json\/wp\/v2\/pages\/3791"}],"wp:featuredmedia":[{"embeddable":true,"href":"https:\/\/roadtoromania.com\/nl\/wp-json\/wp\/v2\/media\/1074"}],"wp:attachment":[{"href":"https:\/\/roadtoromania.com\/nl\/wp-json\/wp\/v2\/media?parent=3786"}],"curies":[{"name":"wp","href":"https:\/\/api.w.org\/{rel}","templated":true}]}}