{"id":3788,"date":"2022-10-15T18:40:09","date_gmt":"2022-10-15T18:40:09","guid":{"rendered":"https:\/\/roadtoromania.com\/steden-en-regio-s-van-roemenie\/bazna\/"},"modified":"2022-10-22T09:42:45","modified_gmt":"2022-10-22T09:42:45","slug":"bazna","status":"publish","type":"page","link":"https:\/\/roadtoromania.com\/nl\/steden-en-regio-s-van-roemenie\/bazna\/","title":{"rendered":"Bazna"},"content":{"rendered":"<p>Het kuuroord <strong>Bazna<\/strong> op het plateau van T\u00e2rnavelor ligt in de regio <strong>Transsylvani\u00eb<\/strong> , ten noorden van <strong>Sibiu<\/strong> , en op slechts 16 km van de tweede stad in het gebied, Medias.<\/p>\n<p>\nAls Saksisch dorp met een traditioneel Duitse bevolking heeft het geleidelijk de Germaanse invloed in zijn bevolking verloren, maar zijn geschiedenis en gebruiken vertellen ons van een zeer nauwe band met de Saksische wereld.<\/p>\n<p>\nBazna heeft neolithische bewijzen zoals die van Lempes, waar fragmenten van beschilderd aardewerk en bronzen artefacten uit de ijzertijd in de vorm van Scythische pijlpunten zijn gevonden, wat wijst op stabiele nederzettingen uit de oudheid.<\/p>\n<p>\nDe eerste schriftelijke verslagen verschijnen in 1271, toen koning Stefanus V een transactie bezegelde met een zekere Greava Bozouch van de Inok (Turks-Vlaamse volkeren) uit het dorp Bazna. Al in de 18e eeuw werd de kwaliteit van het mineraalwater gewaardeerd in een verhandeling van Rudolf Rothens, getiteld Memorabilae Europae. De voordelen van het thermale water zijn sindsdien al begonnen mensen aan te trekken en hebben zich gemoderniseerd tot het kuuroord dat we vandaag kunnen bezoeken.<\/p>\n<div id=\"toc_container\" class=\"no_bullets\"><p class=\"toc_title\">Contents<\/p><ul class=\"toc_list\"><li><a href=\"#Wat_te_zien_in_Bazna\"><span class=\"toc_number toc_depth_1\">1<\/span> \n Wat te zien in Bazna <\/a><\/li><li><a href=\"#Hoe_kom_ik_in_Bazna_in_Roemenie\"><span class=\"toc_number toc_depth_1\">2<\/span> \nHoe kom ik in Bazna in Roemeni\u00eb <\/a><\/li><li><a href=\"#La_climna_in_Bazna_romania\"><span class=\"toc_number toc_depth_1\">3<\/span> \nLa climna in Bazna romania<\/a><\/li><li><a href=\"#Kaart_van_Bazna\"><span class=\"toc_number toc_depth_1\">4<\/span> \nKaart van Bazna<\/a><\/li><\/ul><\/div>\n<h2><span id=\"Wat_te_zien_in_Bazna\">\n <strong>Wat te zien in Bazna<\/strong> <\/span><\/h2>\n<p>\nNaast het bezoek aan de thermale centra is het de moeite waard de route naar Bazna uit te breiden om de middeleeuwse <strong>Evangelisch-Lutherse kerk<\/strong> met zijn gotische klokken te zien.<\/p>\n<p><a href=\"https:\/\/roadtoromania.com\/wp-content\/uploads\/2022\/10\/bazna_iglesia1.jpg\"><img decoding=\"async\" src=\"https:\/\/roadtoromania.com\/wp-content\/uploads\/2022\/10\/bazna_iglesia1.jpg\" \/><\/a> versterkte kerk van Bazna<\/p>\n<p>\nEen ander belangrijk monument is de versterkte kerk <strong>met palissaden die de citadel verdedigde tegen aanvallen van de boeren die in de cirkelvormige omheining waren ingesloten. Vandaag zijn de muren die het verdedigden verlaagd, aangezien ze oorspronkelijk 8 meter hoog waren.<\/p>\n<p>\nIn het Bazna-park staat een andere bezienswaardigheid, de herdenkingsobelisk ter ere van de Roemenen die in de Tweede Wereldoorlog zijn gesneuveld.<\/p>\n<p> De ru\u00efnes van het fort van Bazna<\/strong> zijn een populaire toeristische attractie in Bazna. Het fort werd gebouwd in de 13e eeuw en was lange tijd het administratieve en politieke centrum van de omgeving. De overblijfselen van het fort Bazna onthullen veel over de geschiedenis van Roemeni\u00eb. Bezoekers kunnen de ru\u00efnes van het fort verkennen en een idee krijgen van hoe de gebouwen waren. Er is een museum bij het fort met interessante voorwerpen die kunnen helpen de geschiedenis van Bazna te ontdekken.<\/p>\n<h2><span id=\"Hoe_kom_ik_in_Bazna_in_Roemenie\">\nHoe kom ik in Bazna in Roemeni\u00eb <\/span><\/h2>\n<p>?<\/p>\n<p>\nBazna ligt in het Roemeense graafschap Pascani. Het ligt op ongeveer 47 km van de hoofdstad Boekarest. Er zijn twee manieren om van Boekarest naar Bazna te komen. U kunt een bus nemen of met uw eigen auto rijden. De eerste optie is om een bus te nemen van Boekarest naar Bazna. Er zijn een paar busmaatschappijen die deze dienst aanbieden. U kunt uw tickets online boeken, v\u00f3\u00f3r uw bezoek aan Roemeni\u00eb. De tweede optie is om met uw eigen auto naar Bazna te rijden. U kunt de E60 volgen tot aan de stad Pascani en dan de DN2 nemen naar Bazna. Zorg ervoor dat je de aanwijzingen op Google Maps volgt zodat je niet verdwaalt.<\/p>\n<h2><span id=\"La_climna_in_Bazna_romania\">\nLa climna in Bazna romania<\/span><\/h2>\n<p>\nHet klimaat in Bazna is over het algemeen warm en vochtig. De gemiddelde temperatuur in de zomer is 30 graden Celsius en in de winter 2 graden Celsius. De stad krijgt veel regen tijdens de moessons. De beste tijd om Bazna te bezoeken is tussen mei en september. Oktober en april zijn ook goede maanden voor een bezoek, maar wees voorbereid op regenachtig weer.<\/p>\n<h2><span id=\"Kaart_van_Bazna\">\nKaart van Bazna<\/span><\/h2>\n","protected":false},"excerpt":{"rendered":"<p>Het kuuroord Bazna op het plateau van T\u00e2rnavelor ligt in de regio Transsylvani\u00eb , ten noorden van Sibiu , en op slechts 16 km van de tweede stad in het gebied, Medias. Als Saksisch dorp met een traditioneel Duitse bevolking heeft het geleidelijk de Germaanse invloed in zijn bevolking verloren, maar zijn geschiedenis en gebruiken &hellip;<\/p>\n<p class=\"read-more\"> <a class=\"\" href=\"https:\/\/roadtoromania.com\/nl\/steden-en-regio-s-van-roemenie\/bazna\/\"> <span class=\"screen-reader-text\">Bazna<\/span> Lees verder \u00bb<\/a><\/p>\n","protected":false},"author":1,"featured_media":1096,"parent":3782,"menu_order":0,"comment_status":"open","ping_status":"open","template":"","meta":{"site-sidebar-layout":"default","site-content-layout":"default","ast-global-header-display":"","ast-main-header-display":"","ast-hfb-above-header-display":"","ast-hfb-below-header-display":"","ast-hfb-mobile-header-display":"","site-post-title":"","ast-breadcrumbs-content":"","ast-featured-img":"","footer-sml-layout":"","theme-transparent-header-meta":"","adv-header-id-meta":"","stick-header-meta":"","header-above-stick-meta":"","header-main-stick-meta":"","header-below-stick-meta":"","footnotes":""},"class_list":["post-3788","page","type-page","status-publish","has-post-thumbnail","hentry"],"yoast_head":"<!-- This site is optimized with the Yoast SEO plugin v19.10 - https:\/\/yoast.com\/wordpress\/plugins\/seo\/ -->\n<title>Bazna - Road to Romania<\/title>\n<meta name=\"robots\" content=\"index, follow, max-snippet:-1, max-image-preview:large, max-video-preview:-1\" \/>\n<link rel=\"canonical\" href=\"https:\/\/roadtoromania.com\/nl\/steden-en-regio-s-van-roemenie\/bazna\/\" \/>\n<meta property=\"og:locale\" content=\"nl_NL\" \/>\n<meta property=\"og:type\" content=\"article\" \/>\n<meta property=\"og:title\" content=\"Bazna - Road to Romania\" \/>\n<meta property=\"og:description\" content=\"Het kuuroord Bazna op het plateau van T\u00e2rnavelor ligt in de regio Transsylvani\u00eb , ten noorden van Sibiu , en op slechts 16 km van de tweede stad in het gebied, Medias. Als Saksisch dorp met een traditioneel Duitse bevolking heeft het geleidelijk de Germaanse invloed in zijn bevolking verloren, maar zijn geschiedenis en gebruiken &hellip; Bazna Lees verder \u00bb\" \/>\n<meta property=\"og:url\" content=\"https:\/\/roadtoromania.com\/nl\/steden-en-regio-s-van-roemenie\/bazna\/\" \/>\n<meta property=\"og:site_name\" content=\"Road to Romania\" \/>\n<meta property=\"article:modified_time\" content=\"2022-10-22T09:42:45+00:00\" \/>\n<meta property=\"og:image\" content=\"https:\/\/roadtoromania.com\/wp-content\/uploads\/2022\/10\/bazna_iglesia1-1.jpg\" \/>\n\t<meta property=\"og:image:width\" content=\"600\" \/>\n\t<meta property=\"og:image:height\" content=\"450\" \/>\n\t<meta property=\"og:image:type\" content=\"image\/jpeg\" \/>\n<meta name=\"twitter:card\" content=\"summary_large_image\" \/>\n<meta name=\"twitter:label1\" content=\"Geschatte leestijd\" \/>\n\t<meta name=\"twitter:data1\" content=\"3 minuten\" \/>\n<script type=\"application\/ld+json\" class=\"yoast-schema-graph\">{\"@context\":\"https:\/\/schema.org\",\"@graph\":[{\"@type\":\"WebPage\",\"@id\":\"https:\/\/roadtoromania.com\/nl\/steden-en-regio-s-van-roemenie\/bazna\/\",\"url\":\"https:\/\/roadtoromania.com\/nl\/steden-en-regio-s-van-roemenie\/bazna\/\",\"name\":\"Bazna - Road to Romania\",\"isPartOf\":{\"@id\":\"https:\/\/roadtoromania.com\/nl\/#website\"},\"datePublished\":\"2022-10-15T18:40:09+00:00\",\"dateModified\":\"2022-10-22T09:42:45+00:00\",\"breadcrumb\":{\"@id\":\"https:\/\/roadtoromania.com\/nl\/steden-en-regio-s-van-roemenie\/bazna\/#breadcrumb\"},\"inLanguage\":\"nl-NL\",\"potentialAction\":[{\"@type\":\"ReadAction\",\"target\":[\"https:\/\/roadtoromania.com\/nl\/steden-en-regio-s-van-roemenie\/bazna\/\"]}]},{\"@type\":\"BreadcrumbList\",\"@id\":\"https:\/\/roadtoromania.com\/nl\/steden-en-regio-s-van-roemenie\/bazna\/#breadcrumb\",\"itemListElement\":[{\"@type\":\"ListItem\",\"position\":1,\"name\":\"Home\",\"item\":\"https:\/\/roadtoromania.com\/nl\/\"},{\"@type\":\"ListItem\",\"position\":2,\"name\":\"Steden en regio&#8217;s van Roemeni\u00eb\",\"item\":\"https:\/\/roadtoromania.com\/nl\/steden-en-regio-s-van-roemenie\/\"},{\"@type\":\"ListItem\",\"position\":3,\"name\":\"Bazna\"}]},{\"@type\":\"WebSite\",\"@id\":\"https:\/\/roadtoromania.com\/nl\/#website\",\"url\":\"https:\/\/roadtoromania.com\/nl\/\",\"name\":\"Road to Romania\",\"description\":\"De blog waar u alle informatie vindt om van Roemeni\u00eb te genieten.\",\"potentialAction\":[{\"@type\":\"SearchAction\",\"target\":{\"@type\":\"EntryPoint\",\"urlTemplate\":\"https:\/\/roadtoromania.com\/nl\/?s={search_term_string}\"},\"query-input\":\"required name=search_term_string\"}],\"inLanguage\":\"nl-NL\"}]}<\/script>\n<!-- \/ Yoast SEO plugin. -->","yoast_head_json":{"title":"Bazna - Road to Romania","robots":{"index":"index","follow":"follow","max-snippet":"max-snippet:-1","max-image-preview":"max-image-preview:large","max-video-preview":"max-video-preview:-1"},"canonical":"https:\/\/roadtoromania.com\/nl\/steden-en-regio-s-van-roemenie\/bazna\/","og_locale":"nl_NL","og_type":"article","og_title":"Bazna - Road to Romania","og_description":"Het kuuroord Bazna op het plateau van T\u00e2rnavelor ligt in de regio Transsylvani\u00eb , ten noorden van Sibiu , en op slechts 16 km van de tweede stad in het gebied, Medias. Als Saksisch dorp met een traditioneel Duitse bevolking heeft het geleidelijk de Germaanse invloed in zijn bevolking verloren, maar zijn geschiedenis en gebruiken &hellip; Bazna Lees verder \u00bb","og_url":"https:\/\/roadtoromania.com\/nl\/steden-en-regio-s-van-roemenie\/bazna\/","og_site_name":"Road to Romania","article_modified_time":"2022-10-22T09:42:45+00:00","og_image":[{"width":600,"height":450,"url":"https:\/\/roadtoromania.com\/wp-content\/uploads\/2022\/10\/bazna_iglesia1-1.jpg","type":"image\/jpeg"}],"twitter_card":"summary_large_image","twitter_misc":{"Geschatte leestijd":"3 minuten"},"schema":{"@context":"https:\/\/schema.org","@graph":[{"@type":"WebPage","@id":"https:\/\/roadtoromania.com\/nl\/steden-en-regio-s-van-roemenie\/bazna\/","url":"https:\/\/roadtoromania.com\/nl\/steden-en-regio-s-van-roemenie\/bazna\/","name":"Bazna - Road to Romania","isPartOf":{"@id":"https:\/\/roadtoromania.com\/nl\/#website"},"datePublished":"2022-10-15T18:40:09+00:00","dateModified":"2022-10-22T09:42:45+00:00","breadcrumb":{"@id":"https:\/\/roadtoromania.com\/nl\/steden-en-regio-s-van-roemenie\/bazna\/#breadcrumb"},"inLanguage":"nl-NL","potentialAction":[{"@type":"ReadAction","target":["https:\/\/roadtoromania.com\/nl\/steden-en-regio-s-van-roemenie\/bazna\/"]}]},{"@type":"BreadcrumbList","@id":"https:\/\/roadtoromania.com\/nl\/steden-en-regio-s-van-roemenie\/bazna\/#breadcrumb","itemListElement":[{"@type":"ListItem","position":1,"name":"Home","item":"https:\/\/roadtoromania.com\/nl\/"},{"@type":"ListItem","position":2,"name":"Steden en regio&#8217;s van Roemeni\u00eb","item":"https:\/\/roadtoromania.com\/nl\/steden-en-regio-s-van-roemenie\/"},{"@type":"ListItem","position":3,"name":"Bazna"}]},{"@type":"WebSite","@id":"https:\/\/roadtoromania.com\/nl\/#website","url":"https:\/\/roadtoromania.com\/nl\/","name":"Road to Romania","description":"De blog waar u alle informatie vindt om van Roemeni\u00eb te genieten.","potentialAction":[{"@type":"SearchAction","target":{"@type":"EntryPoint","urlTemplate":"https:\/\/roadtoromania.com\/nl\/?s={search_term_string}"},"query-input":"required name=search_term_string"}],"inLanguage":"nl-NL"}]}},"_links":{"self":[{"href":"https:\/\/roadtoromania.com\/nl\/wp-json\/wp\/v2\/pages\/3788","targetHints":{"allow":["GET"]}}],"collection":[{"href":"https:\/\/roadtoromania.com\/nl\/wp-json\/wp\/v2\/pages"}],"about":[{"href":"https:\/\/roadtoromania.com\/nl\/wp-json\/wp\/v2\/types\/page"}],"author":[{"embeddable":true,"href":"https:\/\/roadtoromania.com\/nl\/wp-json\/wp\/v2\/users\/1"}],"replies":[{"embeddable":true,"href":"https:\/\/roadtoromania.com\/nl\/wp-json\/wp\/v2\/comments?post=3788"}],"version-history":[{"count":0,"href":"https:\/\/roadtoromania.com\/nl\/wp-json\/wp\/v2\/pages\/3788\/revisions"}],"up":[{"embeddable":true,"href":"https:\/\/roadtoromania.com\/nl\/wp-json\/wp\/v2\/pages\/3782"}],"wp:featuredmedia":[{"embeddable":true,"href":"https:\/\/roadtoromania.com\/nl\/wp-json\/wp\/v2\/media\/1096"}],"wp:attachment":[{"href":"https:\/\/roadtoromania.com\/nl\/wp-json\/wp\/v2\/media?parent=3788"}],"curies":[{"name":"wp","href":"https:\/\/api.w.org\/{rel}","templated":true}]}}