{"id":3796,"date":"2022-10-15T18:40:11","date_gmt":"2022-10-15T18:40:11","guid":{"rendered":"https:\/\/roadtoromania.com\/steden-en-regio-s-van-roemenie\/boekarest\/mogosoaia-paleis\/"},"modified":"2022-10-22T09:42:56","modified_gmt":"2022-10-22T09:42:56","slug":"mogosoaia-paleis","status":"publish","type":"page","link":"https:\/\/roadtoromania.com\/nl\/steden-en-regio-s-van-roemenie\/boekarest\/mogosoaia-paleis\/","title":{"rendered":"Mogo\u015foaia Paleis"},"content":{"rendered":"<p>Het <strong>Mogo\u015foaia-paleis<\/strong> is een juweel aan de rand van <strong>Boekarest<\/strong> dat kunst- en geschiedenisliefhebbers aantrekt vanwege de architectonische waarde. Het werk van prins <strong>Constantine Br\u00e2ncoveanu<\/strong> aan het einde van de 17e eeuw, het duurde vier jaar om te voltooien (1698 &#8211; 1702)<\/p>\n<p><img decoding=\"async\" src=\"https:\/\/roadtoromania.com\/wp-content\/uploads\/2022\/10\/palacio_mogosoaia_bucarest.jpg\" \/>Toegang tot het Mogo\u015foaia paleis<\/p>\n<div id=\"toc_container\" class=\"no_bullets\"><p class=\"toc_title\">Contents<\/p><ul class=\"toc_list\"><li><a href=\"#Geschiedenis_van_het_Mogosoaia_paleis\"><span class=\"toc_number toc_depth_1\">1<\/span> \n Geschiedenis van het Mogo\u015foaia paleis <\/a><\/li><li><a href=\"#Bezoek_aan_het_Mogosoaia_paleis\"><span class=\"toc_number toc_depth_1\">2<\/span> \n Bezoek aan het Mogo\u015foaia paleis <\/a><ul><li><a href=\"#Mogosoaia_Palace_Informatie\"><span class=\"toc_number toc_depth_2\">2.1<\/span> \n Mogosoaia Palace Informatie: <\/a><\/li><\/ul><\/li><li><a href=\"#Hoe_kom_ik_bij_het_Mogosoaia_paleis\"><span class=\"toc_number toc_depth_1\">3<\/span> \n Hoe kom ik bij het Mogo\u015foaia paleis <\/a><\/li><\/ul><\/div>\n<h2><span id=\"Geschiedenis_van_het_Mogosoaia_paleis\">\n <strong>Geschiedenis van het Mogo\u015foaia paleis<\/strong> <\/span><\/h2>\n<p>\nConstantine Br\u00e2ncoveanu is een relevante figuur dankzij de bouwimpuls die door zijn symbiose tussen renaissance, barok, Ottomaanse en zelfs Venetiaanse invloeden aanleiding gaf tot een nieuwe stroming die omschreven wordt als <strong>Brancovenesc<\/strong> .<\/p>\n<p>\nPrins van Walachije, naast zijn werk als artistiek mecenas, vestigde hij zich als diplomaat in een turbulente periode waarin de druk van het Oostenrijks-Hongaarse Rijk, Rusland en de Turken op Roemeens grondgebied groot was.<\/p>\n<p>\nHet paleis Mogosoaia was een zomerresidentie tijdens een fase van het leven van de prins, en de naam werd ge\u00ebrfd door de weduwe van de edelman die eigenaar was van het land waar het zich bevindt, de boyar (feodale landeigenaar) Mogos.<\/p>\n<p>\nDe gebeurtenissen die het paleis in deze drie eeuwen heeft meegemaakt vari\u00ebren van het bezit van drie aristocratische families: de Br\u00e2ncoveanu, de Cantacuzino en de Bibescu; de schade die het opliep tijdens de Russisch-Ottomaanse oorlog (tweede helft van de 18e eeuw), tot de Duitse bombardementen in de Eerste Wereldoorlog, of de nationalisatie van het paleis na de Tweede Wereldoorlog en de consolidatie van het communisme in Roemeni\u00eb.<\/p>\n<p>\nIn de jaren 1920 begonnen Martha en George Valentin Bibescu met de restauratie van het gebouw, waardoor een intellectuele ruimte ontstond waarrond de bijeenkomsten van de heersende klasse, politici, kunstenaars en mensen van de Roemeense high society draaiden.<\/p>\n<h2><span id=\"Bezoek_aan_het_Mogosoaia_paleis\">\n <strong>Bezoek aan het Mogo\u015foaia paleis<\/strong> <\/span><\/h2>\n<p>\nTegenwoordig heeft het Mogosoaia-paleis een nieuwe rol gekregen als Palatele Br\u00e2ncovene\u015fti Cultureel Centrum van de Por\u0163ile Bucure\u015ftiului en als Kunstmuseum Brancov\u00e1n. Het biedt onderdak aan tentoonstellingen in tien zalen, conferenties en allerlei culturele evenementen.<\/p>\n<p><img decoding=\"async\" src=\"data:image\/gif;base64,R0lGODdhAQABAPAAAMPDwwAAACwAAAAAAQABAAACAkQBADs=\" \/>Mogo\u015foaia Paleistuinen<\/p>\n<p>\nHet Mogosoaia paleis verbergt enkele geheimen, zoals de standbeelden van Lenin die in Boekarest werden bewaard tot de val van Ceaceascu. Achter de paleiskeukens staat het enorme standbeeld, waarvan het hoofd vijf meter hoog is <\/p>\n<p>.<\/p>\n<p>\nAndere delen van het paleis zijn de tuinen in Engelse stijl, aangelegd in de jaren 1920, de uitkijktoren en de kerk van St. George (1688), waar een schilderij van prins Constantin Brancoveanu en zijn familie hangt. Het bezoek omvat ook de keuken, &#8220;Cuhnia&#8221;, de ijsopslag (waar de ijsblokken uit het meer werden bewaard), de kassen en de Gheorghe Bibescu-kapel, de begraafplaats van de laatste prinsen en prinsessen die het paleis bezaten.<\/p>\n<h3><span id=\"Mogosoaia_Palace_Informatie\">\n <strong>Mogosoaia Palace Informatie:<\/strong> <\/span><\/h3>\n<p>\nOpeningstijden: Dagelijks geopend van 10.00 tot 16.00 uur.<\/p>\n<h2><span id=\"Hoe_kom_ik_bij_het_Mogosoaia_paleis\">\n <strong>Hoe kom ik bij het Mogo\u015foaia paleis<\/strong> <\/span><\/h2>\n<p>\nHet paleis ligt ongeveer 10 km van Boekarest, bij het gelijknamige meer. Er zijn bussen vanuit Boekarest, waarbij de vrij langzame 460 (die stopt naast Bazilescu Park (metrolijn M4)) de beste manier is om er te komen. \u00a0Aangezien taxi&#8217;s niet erg duur zijn, is dit ook een optie <\/p>\n<p>.<br \/>\n Kaart van het Mogo\u015foaia paleis<\/strong> <\/h2>\n","protected":false},"excerpt":{"rendered":"<p>Het Mogo\u015foaia-paleis is een juweel aan de rand van Boekarest dat kunst- en geschiedenisliefhebbers aantrekt vanwege de architectonische waarde. Het werk van prins Constantine Br\u00e2ncoveanu aan het einde van de 17e eeuw, het duurde vier jaar om te voltooien (1698 &#8211; 1702) Toegang tot het Mogo\u015foaia paleis Contents1 Geschiedenis van het Mogo\u015foaia paleis 2 Bezoek &hellip;<\/p>\n<p class=\"read-more\"> <a class=\"\" href=\"https:\/\/roadtoromania.com\/nl\/steden-en-regio-s-van-roemenie\/boekarest\/mogosoaia-paleis\/\"> <span class=\"screen-reader-text\">Mogo\u015foaia Paleis<\/span> Lees verder \u00bb<\/a><\/p>\n","protected":false},"author":1,"featured_media":1196,"parent":3791,"menu_order":0,"comment_status":"open","ping_status":"open","template":"","meta":{"site-sidebar-layout":"default","site-content-layout":"default","ast-global-header-display":"","ast-main-header-display":"","ast-hfb-above-header-display":"","ast-hfb-below-header-display":"","ast-hfb-mobile-header-display":"","site-post-title":"","ast-breadcrumbs-content":"","ast-featured-img":"","footer-sml-layout":"","theme-transparent-header-meta":"","adv-header-id-meta":"","stick-header-meta":"","header-above-stick-meta":"","header-main-stick-meta":"","header-below-stick-meta":"","footnotes":""},"class_list":["post-3796","page","type-page","status-publish","has-post-thumbnail","hentry"],"yoast_head":"<!-- This site is optimized with the Yoast SEO plugin v19.10 - https:\/\/yoast.com\/wordpress\/plugins\/seo\/ -->\n<title>Mogo\u015foaia Paleis - Road to Romania<\/title>\n<meta name=\"robots\" content=\"index, follow, max-snippet:-1, max-image-preview:large, max-video-preview:-1\" \/>\n<link rel=\"canonical\" href=\"https:\/\/roadtoromania.com\/nl\/steden-en-regio-s-van-roemenie\/boekarest\/mogosoaia-paleis\/\" \/>\n<meta property=\"og:locale\" content=\"nl_NL\" \/>\n<meta property=\"og:type\" content=\"article\" \/>\n<meta property=\"og:title\" content=\"Mogo\u015foaia Paleis - Road to Romania\" \/>\n<meta property=\"og:description\" content=\"Het Mogo\u015foaia-paleis is een juweel aan de rand van Boekarest dat kunst- en geschiedenisliefhebbers aantrekt vanwege de architectonische waarde. Het werk van prins Constantine Br\u00e2ncoveanu aan het einde van de 17e eeuw, het duurde vier jaar om te voltooien (1698 &#8211; 1702) Toegang tot het Mogo\u015foaia paleis Contents1 Geschiedenis van het Mogo\u015foaia paleis 2 Bezoek &hellip; Mogo\u015foaia Paleis Lees verder \u00bb\" \/>\n<meta property=\"og:url\" content=\"https:\/\/roadtoromania.com\/nl\/steden-en-regio-s-van-roemenie\/boekarest\/mogosoaia-paleis\/\" \/>\n<meta property=\"og:site_name\" content=\"Road to Romania\" \/>\n<meta property=\"article:modified_time\" content=\"2022-10-22T09:42:56+00:00\" \/>\n<meta property=\"og:image\" content=\"https:\/\/roadtoromania.com\/wp-content\/uploads\/2022\/10\/palacio_mogosoaia_bucarest-1.jpg\" \/>\n\t<meta property=\"og:image:width\" content=\"700\" \/>\n\t<meta property=\"og:image:height\" content=\"469\" \/>\n\t<meta property=\"og:image:type\" content=\"image\/jpeg\" \/>\n<meta name=\"twitter:card\" content=\"summary_large_image\" \/>\n<meta name=\"twitter:label1\" content=\"Geschatte leestijd\" \/>\n\t<meta name=\"twitter:data1\" content=\"2 minuten\" \/>\n<script type=\"application\/ld+json\" class=\"yoast-schema-graph\">{\"@context\":\"https:\/\/schema.org\",\"@graph\":[{\"@type\":\"WebPage\",\"@id\":\"https:\/\/roadtoromania.com\/nl\/steden-en-regio-s-van-roemenie\/boekarest\/mogosoaia-paleis\/\",\"url\":\"https:\/\/roadtoromania.com\/nl\/steden-en-regio-s-van-roemenie\/boekarest\/mogosoaia-paleis\/\",\"name\":\"Mogo\u015foaia Paleis - Road to Romania\",\"isPartOf\":{\"@id\":\"https:\/\/roadtoromania.com\/nl\/#website\"},\"datePublished\":\"2022-10-15T18:40:11+00:00\",\"dateModified\":\"2022-10-22T09:42:56+00:00\",\"breadcrumb\":{\"@id\":\"https:\/\/roadtoromania.com\/nl\/steden-en-regio-s-van-roemenie\/boekarest\/mogosoaia-paleis\/#breadcrumb\"},\"inLanguage\":\"nl-NL\",\"potentialAction\":[{\"@type\":\"ReadAction\",\"target\":[\"https:\/\/roadtoromania.com\/nl\/steden-en-regio-s-van-roemenie\/boekarest\/mogosoaia-paleis\/\"]}]},{\"@type\":\"BreadcrumbList\",\"@id\":\"https:\/\/roadtoromania.com\/nl\/steden-en-regio-s-van-roemenie\/boekarest\/mogosoaia-paleis\/#breadcrumb\",\"itemListElement\":[{\"@type\":\"ListItem\",\"position\":1,\"name\":\"Home\",\"item\":\"https:\/\/roadtoromania.com\/nl\/\"},{\"@type\":\"ListItem\",\"position\":2,\"name\":\"Steden en regio&#8217;s van Roemeni\u00eb\",\"item\":\"https:\/\/roadtoromania.com\/nl\/steden-en-regio-s-van-roemenie\/\"},{\"@type\":\"ListItem\",\"position\":3,\"name\":\"Boekarest\",\"item\":\"https:\/\/roadtoromania.com\/nl\/steden-en-regio-s-van-roemenie\/boekarest\/\"},{\"@type\":\"ListItem\",\"position\":4,\"name\":\"Mogo\u015foaia Paleis\"}]},{\"@type\":\"WebSite\",\"@id\":\"https:\/\/roadtoromania.com\/nl\/#website\",\"url\":\"https:\/\/roadtoromania.com\/nl\/\",\"name\":\"Road to Romania\",\"description\":\"De blog waar u alle informatie vindt om van Roemeni\u00eb te genieten.\",\"potentialAction\":[{\"@type\":\"SearchAction\",\"target\":{\"@type\":\"EntryPoint\",\"urlTemplate\":\"https:\/\/roadtoromania.com\/nl\/?s={search_term_string}\"},\"query-input\":\"required name=search_term_string\"}],\"inLanguage\":\"nl-NL\"}]}<\/script>\n<!-- \/ Yoast SEO plugin. -->","yoast_head_json":{"title":"Mogo\u015foaia Paleis - Road to Romania","robots":{"index":"index","follow":"follow","max-snippet":"max-snippet:-1","max-image-preview":"max-image-preview:large","max-video-preview":"max-video-preview:-1"},"canonical":"https:\/\/roadtoromania.com\/nl\/steden-en-regio-s-van-roemenie\/boekarest\/mogosoaia-paleis\/","og_locale":"nl_NL","og_type":"article","og_title":"Mogo\u015foaia Paleis - Road to Romania","og_description":"Het Mogo\u015foaia-paleis is een juweel aan de rand van Boekarest dat kunst- en geschiedenisliefhebbers aantrekt vanwege de architectonische waarde. Het werk van prins Constantine Br\u00e2ncoveanu aan het einde van de 17e eeuw, het duurde vier jaar om te voltooien (1698 &#8211; 1702) Toegang tot het Mogo\u015foaia paleis Contents1 Geschiedenis van het Mogo\u015foaia paleis 2 Bezoek &hellip; Mogo\u015foaia Paleis Lees verder \u00bb","og_url":"https:\/\/roadtoromania.com\/nl\/steden-en-regio-s-van-roemenie\/boekarest\/mogosoaia-paleis\/","og_site_name":"Road to Romania","article_modified_time":"2022-10-22T09:42:56+00:00","og_image":[{"width":700,"height":469,"url":"https:\/\/roadtoromania.com\/wp-content\/uploads\/2022\/10\/palacio_mogosoaia_bucarest-1.jpg","type":"image\/jpeg"}],"twitter_card":"summary_large_image","twitter_misc":{"Geschatte leestijd":"2 minuten"},"schema":{"@context":"https:\/\/schema.org","@graph":[{"@type":"WebPage","@id":"https:\/\/roadtoromania.com\/nl\/steden-en-regio-s-van-roemenie\/boekarest\/mogosoaia-paleis\/","url":"https:\/\/roadtoromania.com\/nl\/steden-en-regio-s-van-roemenie\/boekarest\/mogosoaia-paleis\/","name":"Mogo\u015foaia Paleis - Road to Romania","isPartOf":{"@id":"https:\/\/roadtoromania.com\/nl\/#website"},"datePublished":"2022-10-15T18:40:11+00:00","dateModified":"2022-10-22T09:42:56+00:00","breadcrumb":{"@id":"https:\/\/roadtoromania.com\/nl\/steden-en-regio-s-van-roemenie\/boekarest\/mogosoaia-paleis\/#breadcrumb"},"inLanguage":"nl-NL","potentialAction":[{"@type":"ReadAction","target":["https:\/\/roadtoromania.com\/nl\/steden-en-regio-s-van-roemenie\/boekarest\/mogosoaia-paleis\/"]}]},{"@type":"BreadcrumbList","@id":"https:\/\/roadtoromania.com\/nl\/steden-en-regio-s-van-roemenie\/boekarest\/mogosoaia-paleis\/#breadcrumb","itemListElement":[{"@type":"ListItem","position":1,"name":"Home","item":"https:\/\/roadtoromania.com\/nl\/"},{"@type":"ListItem","position":2,"name":"Steden en regio&#8217;s van Roemeni\u00eb","item":"https:\/\/roadtoromania.com\/nl\/steden-en-regio-s-van-roemenie\/"},{"@type":"ListItem","position":3,"name":"Boekarest","item":"https:\/\/roadtoromania.com\/nl\/steden-en-regio-s-van-roemenie\/boekarest\/"},{"@type":"ListItem","position":4,"name":"Mogo\u015foaia Paleis"}]},{"@type":"WebSite","@id":"https:\/\/roadtoromania.com\/nl\/#website","url":"https:\/\/roadtoromania.com\/nl\/","name":"Road to Romania","description":"De blog waar u alle informatie vindt om van Roemeni\u00eb te genieten.","potentialAction":[{"@type":"SearchAction","target":{"@type":"EntryPoint","urlTemplate":"https:\/\/roadtoromania.com\/nl\/?s={search_term_string}"},"query-input":"required name=search_term_string"}],"inLanguage":"nl-NL"}]}},"_links":{"self":[{"href":"https:\/\/roadtoromania.com\/nl\/wp-json\/wp\/v2\/pages\/3796","targetHints":{"allow":["GET"]}}],"collection":[{"href":"https:\/\/roadtoromania.com\/nl\/wp-json\/wp\/v2\/pages"}],"about":[{"href":"https:\/\/roadtoromania.com\/nl\/wp-json\/wp\/v2\/types\/page"}],"author":[{"embeddable":true,"href":"https:\/\/roadtoromania.com\/nl\/wp-json\/wp\/v2\/users\/1"}],"replies":[{"embeddable":true,"href":"https:\/\/roadtoromania.com\/nl\/wp-json\/wp\/v2\/comments?post=3796"}],"version-history":[{"count":0,"href":"https:\/\/roadtoromania.com\/nl\/wp-json\/wp\/v2\/pages\/3796\/revisions"}],"up":[{"embeddable":true,"href":"https:\/\/roadtoromania.com\/nl\/wp-json\/wp\/v2\/pages\/3791"}],"wp:featuredmedia":[{"embeddable":true,"href":"https:\/\/roadtoromania.com\/nl\/wp-json\/wp\/v2\/media\/1196"}],"wp:attachment":[{"href":"https:\/\/roadtoromania.com\/nl\/wp-json\/wp\/v2\/media?parent=3796"}],"curies":[{"name":"wp","href":"https:\/\/api.w.org\/{rel}","templated":true}]}}