{"id":3801,"date":"2022-10-15T18:40:11","date_gmt":"2022-10-15T18:40:11","guid":{"rendered":"https:\/\/roadtoromania.com\/steden-en-regio-s-van-roemenie\/eforie-noord-en-zuid\/"},"modified":"2022-10-22T11:47:03","modified_gmt":"2022-10-22T11:47:03","slug":"eforie","status":"publish","type":"page","link":"https:\/\/roadtoromania.com\/nl\/steden-en-regio-s-van-roemenie\/eforie\/","title":{"rendered":"Eforie Noord en Zuid"},"content":{"rendered":"<p> <strong>Eforie<\/strong> is een stad aan de kuststrook van de Zwarte Zee, gelegen ten zuiden van <a href=\"https:\/\/roadtoromania.com\/nl\/steden-en-regio-s-van-roemenie\/constanza\/\"><\/strong> Constanta<\/strong><\/a> . Het is verdeeld in twee nederzettingen, Eforie Noord en Zuid, bekend om hun vakantieoorden, vooral in de zomer.<\/p>\n<p>\nHet mineraalrijke water van het <strong>Techirghimeer<\/strong> trekt van oudsher toeristen aan die op zoek zijn naar ontspanning, wellnessbehandelingen, <strong>kuuroorden<\/strong> en een breed scala aan behandelingen voor artritis, reuma en aandoeningen van het zenuwstelsel. In 1894 werd de eerste kliniek geopend in <strong>Eforie Nord<\/strong> , en tijdens het bewind van de vorst Carol I werd Eforie beroemd onder de Roemeense en Europese hogere klasse als een bestemming die beroemd was om zijn kuuroorden.Later werd ontdekt dat de modder (bekend als <strong>namol<\/strong> ) van de oever van het meer Techirghiol helende eigenschappen heeft voor huidverjonging, waardoor de modderbaden een van de belangrijkste attracties van Eforie zijn geworden, in combinatie met Heliotherapie.<\/p>\n<p><img decoding=\"async\" src=\"https:\/\/roadtoromania.com\/wp-content\/uploads\/2022\/10\/spa_eforie.jpg\" \/>Kuuroorden &#038; Gezondheidsbehandelingen in Eforie<\/p>\n<p>\nDe hotels en kuuroorden bieden spadiensten en curatieve behandelingen, vergezeld van ontspanning met overdekte zwembaden, tennisbanen, golf, jacuzzi, sauna, kinitherapie, massages of thalassotherapie. Eforie is ideaal voor familietoerisme omdat het water ondiep en kalm is.<\/p>\n<p>\n <strong>Eforie Sud<\/strong> werd in 1889 opgericht door de aristocraat Movil\u0103, die de B\u0103ile Movil\u0103 Spa bouwde, en stond in het interbellum bekend als Carmen Sylva. In het midden van de 20e eeuw, tijdens het communistische tijdperk, werd het genoemd naar een arbeider die tijdens een staking was gedood, Vasile Roait\u0103, en kreeg het zijn huidige naam in 1962.<\/p>\n<p>\nHet kliffenlandschap en het beroemdste strand van Eforie: &#8220;Splendid Beach&#8221; met zijn rustige sfeer en terrassen aan zee, zijn zeer aantrekkelijk voor het toerisme.<\/p>\n<p>\nIn Eforie zijn er verschillende interessante bisericas (kerken) zoals de Orthodoxe Biserica Nasterea Maicii Domnului, de Eforie Moskee, of de Biserica Nasterea Sf. Ioan Botezatorul.<\/p>\n<p> Excursies in Eforie<\/strong> <\/h2>\n<p>\nVanuit Eforie kunt u excursies maken naar <strong>Constanta<\/strong> in het noorden of <strong>Mangalia<\/strong> in het zuiden, niet ver van de Bulgaarse grens, en met een archeologisch museum van groot belang. De wijngaarden van <strong>Murfatlar<\/strong> , waarvan de productie van zoete wijnen, ideaal voor desserts, zeer gewaardeerd wordt, met als hoogtepunt de Lacrima lui Ovidiu, een van de meest prestigieuze in de regio Dobrogea.<\/p>\n<h2>\nActiviteiten in Eforie<\/h2>\n<p>\nEforie is een geweldige plek om een dagje naar het strand te gaan en er zijn veel mogelijkheden. Het populairste strand is het strand met de blauwe vlag, dat het dichtst bij de stad ligt, maar ook het drukst is. Als drukte niet uw ding is, kunt u de andere twee stranden proberen. Terwijl het strand met de blauwe vlag ideaal is voor gezinnen en veel faciliteiten biedt, zijn de andere twee rustiger en beter geschikt voor koppels of mensen die de voorkeur geven aan een rustigere sfeer.<\/p>\n<p>\nAls je van surfen houdt, is Eforie een goede plek om te komen. De beste tijd om te komen is van half juni tot begin oktober, maar tijdens het winterseizoen (november tot maart) zijn de golven te klein.<\/p>\n<p> Hotels in Eforie<\/strong> <\/h2>\n<p>\nEforie is een klein stadje dat in een dag kan worden bezocht, vooral in de zomer bij zacht weer. Daardoor zijn er niet veel hotels of pensions in de stad zelf. In plaats daarvan kunt u in Konstanz of in een nabijgelegen stad blijven en een dagtocht naar Eforie maken. Hotels in Konstanz staan hieronder vermeld. Hotels in nabijgelegen plaatsen zijn onder andere Hotel Vama Veche in Vama Veche en Hotel Eforie in Eforie.<\/p>\n<h2>\n (tixagag_16) Hoe kom ik bij Eforie<\/strong> <\/h2>\n<p>\nEforie Nord ligt op slechts 14 km van Constanta, waar treinen (in de zomer elk half uur) stoppen op het station. Vanuit Boekarest gaan er ook treinen naar de Zwarte Zee. Eforie Sud ligt op 5 km van haar &#8220;zuster&#8221;-stad.<\/p>\n<h2>\nReiskosten naar Eforie<\/h2>\n<p>\nDe kosten van een reis naar Eforie hangen af van het type accommodatie dat u kiest en de tijd van het jaar waarin u de stad bezoekt. Als u in een hotel in Eforie verblijft, kunt u rekenen op ongeveer 50-60 euro per persoon. Als u in Konstanz blijft en een dagtocht naar Eforie maakt, kunt u rekenen op minder uitgaven, ongeveer 35-40 euro per persoon.<\/p>\n<p> Kaart van Eforie Noord en Zuid<\/strong> <\/h2>\n","protected":false},"excerpt":{"rendered":"<p>Eforie is een stad aan de kuststrook van de Zwarte Zee, gelegen ten zuiden van Constanta . Het is verdeeld in twee nederzettingen, Eforie Noord en Zuid, bekend om hun vakantieoorden, vooral in de zomer. Het mineraalrijke water van het Techirghimeer trekt van oudsher toeristen aan die op zoek zijn naar ontspanning, wellnessbehandelingen, kuuroorden en &hellip;<\/p>\n<p class=\"read-more\"> <a class=\"\" href=\"https:\/\/roadtoromania.com\/nl\/steden-en-regio-s-van-roemenie\/eforie\/\"> <span class=\"screen-reader-text\">Eforie Noord en Zuid<\/span> Lees verder \u00bb<\/a><\/p>\n","protected":false},"author":1,"featured_media":1241,"parent":3782,"menu_order":0,"comment_status":"open","ping_status":"open","template":"","meta":{"site-sidebar-layout":"default","site-content-layout":"default","ast-global-header-display":"","ast-main-header-display":"","ast-hfb-above-header-display":"","ast-hfb-below-header-display":"","ast-hfb-mobile-header-display":"","site-post-title":"","ast-breadcrumbs-content":"","ast-featured-img":"","footer-sml-layout":"","theme-transparent-header-meta":"default","adv-header-id-meta":"","stick-header-meta":"","header-above-stick-meta":"","header-main-stick-meta":"","header-below-stick-meta":"","footnotes":""},"class_list":["post-3801","page","type-page","status-publish","has-post-thumbnail","hentry"],"yoast_head":"<!-- This site is optimized with the Yoast SEO plugin v19.10 - https:\/\/yoast.com\/wordpress\/plugins\/seo\/ -->\n<title>Eforie Noord en Zuid - Road to Romania<\/title>\n<meta name=\"robots\" content=\"index, follow, max-snippet:-1, max-image-preview:large, max-video-preview:-1\" \/>\n<link rel=\"canonical\" href=\"https:\/\/roadtoromania.com\/nl\/steden-en-regio-s-van-roemenie\/eforie\/\" \/>\n<meta property=\"og:locale\" content=\"nl_NL\" \/>\n<meta property=\"og:type\" content=\"article\" \/>\n<meta property=\"og:title\" content=\"Eforie Noord en Zuid - Road to Romania\" \/>\n<meta property=\"og:description\" content=\"Eforie is een stad aan de kuststrook van de Zwarte Zee, gelegen ten zuiden van Constanta . Het is verdeeld in twee nederzettingen, Eforie Noord en Zuid, bekend om hun vakantieoorden, vooral in de zomer. Het mineraalrijke water van het Techirghimeer trekt van oudsher toeristen aan die op zoek zijn naar ontspanning, wellnessbehandelingen, kuuroorden en &hellip; Eforie Noord en Zuid Lees verder \u00bb\" \/>\n<meta property=\"og:url\" content=\"https:\/\/roadtoromania.com\/nl\/steden-en-regio-s-van-roemenie\/eforie\/\" \/>\n<meta property=\"og:site_name\" content=\"Road to Romania\" \/>\n<meta property=\"article:modified_time\" content=\"2022-10-22T11:47:03+00:00\" \/>\n<meta property=\"og:image\" content=\"https:\/\/roadtoromania.com\/wp-content\/uploads\/2022\/10\/spa_eforie-1.jpg\" \/>\n\t<meta property=\"og:image:width\" content=\"700\" \/>\n\t<meta property=\"og:image:height\" content=\"467\" \/>\n\t<meta property=\"og:image:type\" content=\"image\/jpeg\" \/>\n<meta name=\"twitter:card\" content=\"summary_large_image\" \/>\n<meta name=\"twitter:label1\" content=\"Geschatte leestijd\" \/>\n\t<meta name=\"twitter:data1\" content=\"3 minuten\" \/>\n<script type=\"application\/ld+json\" class=\"yoast-schema-graph\">{\"@context\":\"https:\/\/schema.org\",\"@graph\":[{\"@type\":\"WebPage\",\"@id\":\"https:\/\/roadtoromania.com\/nl\/steden-en-regio-s-van-roemenie\/eforie\/\",\"url\":\"https:\/\/roadtoromania.com\/nl\/steden-en-regio-s-van-roemenie\/eforie\/\",\"name\":\"Eforie Noord en Zuid - Road to Romania\",\"isPartOf\":{\"@id\":\"https:\/\/roadtoromania.com\/nl\/#website\"},\"datePublished\":\"2022-10-15T18:40:11+00:00\",\"dateModified\":\"2022-10-22T11:47:03+00:00\",\"breadcrumb\":{\"@id\":\"https:\/\/roadtoromania.com\/nl\/steden-en-regio-s-van-roemenie\/eforie\/#breadcrumb\"},\"inLanguage\":\"nl-NL\",\"potentialAction\":[{\"@type\":\"ReadAction\",\"target\":[\"https:\/\/roadtoromania.com\/nl\/steden-en-regio-s-van-roemenie\/eforie\/\"]}]},{\"@type\":\"BreadcrumbList\",\"@id\":\"https:\/\/roadtoromania.com\/nl\/steden-en-regio-s-van-roemenie\/eforie\/#breadcrumb\",\"itemListElement\":[{\"@type\":\"ListItem\",\"position\":1,\"name\":\"Home\",\"item\":\"https:\/\/roadtoromania.com\/nl\/\"},{\"@type\":\"ListItem\",\"position\":2,\"name\":\"Steden en regio&#8217;s van Roemeni\u00eb\",\"item\":\"https:\/\/roadtoromania.com\/nl\/steden-en-regio-s-van-roemenie\/\"},{\"@type\":\"ListItem\",\"position\":3,\"name\":\"Eforie Noord en Zuid\"}]},{\"@type\":\"WebSite\",\"@id\":\"https:\/\/roadtoromania.com\/nl\/#website\",\"url\":\"https:\/\/roadtoromania.com\/nl\/\",\"name\":\"Road to Romania\",\"description\":\"De blog waar u alle informatie vindt om van Roemeni\u00eb te genieten.\",\"potentialAction\":[{\"@type\":\"SearchAction\",\"target\":{\"@type\":\"EntryPoint\",\"urlTemplate\":\"https:\/\/roadtoromania.com\/nl\/?s={search_term_string}\"},\"query-input\":\"required name=search_term_string\"}],\"inLanguage\":\"nl-NL\"}]}<\/script>\n<!-- \/ Yoast SEO plugin. -->","yoast_head_json":{"title":"Eforie Noord en Zuid - Road to Romania","robots":{"index":"index","follow":"follow","max-snippet":"max-snippet:-1","max-image-preview":"max-image-preview:large","max-video-preview":"max-video-preview:-1"},"canonical":"https:\/\/roadtoromania.com\/nl\/steden-en-regio-s-van-roemenie\/eforie\/","og_locale":"nl_NL","og_type":"article","og_title":"Eforie Noord en Zuid - Road to Romania","og_description":"Eforie is een stad aan de kuststrook van de Zwarte Zee, gelegen ten zuiden van Constanta . Het is verdeeld in twee nederzettingen, Eforie Noord en Zuid, bekend om hun vakantieoorden, vooral in de zomer. Het mineraalrijke water van het Techirghimeer trekt van oudsher toeristen aan die op zoek zijn naar ontspanning, wellnessbehandelingen, kuuroorden en &hellip; Eforie Noord en Zuid Lees verder \u00bb","og_url":"https:\/\/roadtoromania.com\/nl\/steden-en-regio-s-van-roemenie\/eforie\/","og_site_name":"Road to Romania","article_modified_time":"2022-10-22T11:47:03+00:00","og_image":[{"width":700,"height":467,"url":"https:\/\/roadtoromania.com\/wp-content\/uploads\/2022\/10\/spa_eforie-1.jpg","type":"image\/jpeg"}],"twitter_card":"summary_large_image","twitter_misc":{"Geschatte leestijd":"3 minuten"},"schema":{"@context":"https:\/\/schema.org","@graph":[{"@type":"WebPage","@id":"https:\/\/roadtoromania.com\/nl\/steden-en-regio-s-van-roemenie\/eforie\/","url":"https:\/\/roadtoromania.com\/nl\/steden-en-regio-s-van-roemenie\/eforie\/","name":"Eforie Noord en Zuid - Road to Romania","isPartOf":{"@id":"https:\/\/roadtoromania.com\/nl\/#website"},"datePublished":"2022-10-15T18:40:11+00:00","dateModified":"2022-10-22T11:47:03+00:00","breadcrumb":{"@id":"https:\/\/roadtoromania.com\/nl\/steden-en-regio-s-van-roemenie\/eforie\/#breadcrumb"},"inLanguage":"nl-NL","potentialAction":[{"@type":"ReadAction","target":["https:\/\/roadtoromania.com\/nl\/steden-en-regio-s-van-roemenie\/eforie\/"]}]},{"@type":"BreadcrumbList","@id":"https:\/\/roadtoromania.com\/nl\/steden-en-regio-s-van-roemenie\/eforie\/#breadcrumb","itemListElement":[{"@type":"ListItem","position":1,"name":"Home","item":"https:\/\/roadtoromania.com\/nl\/"},{"@type":"ListItem","position":2,"name":"Steden en regio&#8217;s van Roemeni\u00eb","item":"https:\/\/roadtoromania.com\/nl\/steden-en-regio-s-van-roemenie\/"},{"@type":"ListItem","position":3,"name":"Eforie Noord en Zuid"}]},{"@type":"WebSite","@id":"https:\/\/roadtoromania.com\/nl\/#website","url":"https:\/\/roadtoromania.com\/nl\/","name":"Road to Romania","description":"De blog waar u alle informatie vindt om van Roemeni\u00eb te genieten.","potentialAction":[{"@type":"SearchAction","target":{"@type":"EntryPoint","urlTemplate":"https:\/\/roadtoromania.com\/nl\/?s={search_term_string}"},"query-input":"required name=search_term_string"}],"inLanguage":"nl-NL"}]}},"_links":{"self":[{"href":"https:\/\/roadtoromania.com\/nl\/wp-json\/wp\/v2\/pages\/3801","targetHints":{"allow":["GET"]}}],"collection":[{"href":"https:\/\/roadtoromania.com\/nl\/wp-json\/wp\/v2\/pages"}],"about":[{"href":"https:\/\/roadtoromania.com\/nl\/wp-json\/wp\/v2\/types\/page"}],"author":[{"embeddable":true,"href":"https:\/\/roadtoromania.com\/nl\/wp-json\/wp\/v2\/users\/1"}],"replies":[{"embeddable":true,"href":"https:\/\/roadtoromania.com\/nl\/wp-json\/wp\/v2\/comments?post=3801"}],"version-history":[{"count":1,"href":"https:\/\/roadtoromania.com\/nl\/wp-json\/wp\/v2\/pages\/3801\/revisions"}],"predecessor-version":[{"id":4230,"href":"https:\/\/roadtoromania.com\/nl\/wp-json\/wp\/v2\/pages\/3801\/revisions\/4230"}],"up":[{"embeddable":true,"href":"https:\/\/roadtoromania.com\/nl\/wp-json\/wp\/v2\/pages\/3782"}],"wp:featuredmedia":[{"embeddable":true,"href":"https:\/\/roadtoromania.com\/nl\/wp-json\/wp\/v2\/media\/1241"}],"wp:attachment":[{"href":"https:\/\/roadtoromania.com\/nl\/wp-json\/wp\/v2\/media?parent=3801"}],"curies":[{"name":"wp","href":"https:\/\/api.w.org\/{rel}","templated":true}]}}