{"id":3802,"date":"2022-10-15T18:40:11","date_gmt":"2022-10-15T18:40:11","guid":{"rendered":"https:\/\/roadtoromania.com\/steden-en-regio-s-van-roemenie\/hunedoara\/"},"modified":"2022-10-22T09:42:56","modified_gmt":"2022-10-22T09:42:56","slug":"hunedoara","status":"publish","type":"page","link":"https:\/\/roadtoromania.com\/nl\/steden-en-regio-s-van-roemenie\/hunedoara\/","title":{"rendered":"Hunedoara"},"content":{"rendered":"<p> <strong>Hunedoara<\/strong> was een sterk ge\u00efndustrialiseerde stad, vooral in de ijzer- en staalindustrie, de houtproductie en het gespecialiseerde handwerk in tapijt-, leer- en meubeltextiel. Jarenlang zorgden de ijzerwinning en staalverwerking voor het economisch levensonderhoud van Hunedoara, totdat de crisis in de sector leidde tot een toename van de werkloosheid en emigratie.<\/p>\n<p><img decoding=\"async\" src=\"https:\/\/roadtoromania.com\/wp-content\/uploads\/2022\/10\/castillo_hunedoara_rumania.jpg\" \/>Toegang tot kasteel Corvino in Hunedoara<\/p>\n<p>\nHunedoara is een regelmatige stop op de route tussen <strong>Timisoara<\/strong> en <strong>Sibiu<\/strong> , aangezien de nabijheid van de stad <strong>Deva<\/strong> en vooral het <strong>Hunyad kasteel<\/strong> twee attracties zijn om een stop te maken en het te bezoeken.<\/p>\n<div id=\"toc_container\" class=\"no_bullets\"><p class=\"toc_title\">Contents<\/p><ul class=\"toc_list\"><li><a href=\"#Hunedoara_bezienswaardigheid\"><span class=\"toc_number toc_depth_1\">1<\/span> \nHunedoara bezienswaardigheid<\/a><ul><li><a href=\"#Kasteel_Hunyad\"><span class=\"toc_number toc_depth_2\">1.1<\/span> \n Kasteel Hunyad <\/a><\/li><li><a href=\"#Hunedoara_kathedraal\"><span class=\"toc_number toc_depth_2\">1.2<\/span> \nHunedoara kathedraal<\/a><\/li><li><a href=\"#Nationaal_Park_Retezat\"><span class=\"toc_number toc_depth_2\">1.3<\/span> \nNationaal Park Retezat<\/a><\/li><\/ul><\/li><li><a href=\"#Kaart_van_Hunedoara\"><span class=\"toc_number toc_depth_1\">2<\/span> \nKaart van Hunedoara<\/a><\/li><\/ul><\/div>\n<h2><span id=\"Hunedoara_bezienswaardigheid\">\nHunedoara bezienswaardigheid<\/span><\/h2>\n<h3><span id=\"Kasteel_Hunyad\">\n <strong>Kasteel Hunyad<\/strong> <\/span><\/h3>\n<p>\nHet <strong>Hunyad kasteel<\/strong> wordt vaak aangeduid als <strong>Corvinus kasteel<\/strong> omdat in 1409 de koning van Hongarije, Sigismund het eigendom schonk aan Voyk Hunyadi (vandaar de naam Hunyad) als een symbool van dankbaarheid voor de gevechten gestreden voor zijn heer. De familiedynastie bleef het bewonen, eerst als fort en daarna als residentie, en werd voortgezet door de Hongaarse koning Matthias Corvinus. In de 17e eeuw en later in de 19e eeuw werd het gerestaureerd tot het uiterlijk dat we nu zien. In 1974 werd het een museum, na jaren van verwaarlozing en vernieling door een brand.<\/p>\n<p>\nDe locatie is geen toeval, aangezien de Romeinen eerder een castro hadden opgericht. De buitenkant van het kasteel is een visueel genot, met zeer verschillende perspectieven vanuit alle hoeken, ideaal voor fotoliefhebbers.<\/p>\n<p>\nEen door dikke pilaren ondersteunde loopbrug overbrugt het hoogteverschil dat als foto fungeert en toegang geeft tot het kasteel, waarvan men de renaissance- en laatgotische elementen kan zien en mengen.<\/p>\n<p><img decoding=\"async\" src=\"https:\/\/roadtoromania.com\/wp-content\/uploads\/2022\/10\/castillo_hunedoara.jpg\" \/>Hunedoara kasteel<\/p>\n<p>\nHet interieur van het kasteel wordt gevormd door een paradeplaats die wordt gebruikt voor concerten en evenementen. De rondleiding voert ons door de zalen en kamers verspreid over drie verdiepingen of niveaus, zoals de Ridderzaal, de 15e-eeuwse kapel en de kerkers. De inrichting is sober, want de branden hebben het bouwwerk nauwelijks te redden. En een deel van de charme komt van de legendes rond het kasteel en de Turkse veroordeelden die ontberingen ondergingen in de kerkers.<\/p>\n<p> Openingstijden en informatie voor bezoeken aan het kasteel<\/strong> <\/h4>\n<p>\nMaandag: 10:30u. tot 17u.<\/p>\n<p>Dinsdag tot zondag: 09u. tot 17u.<\/p>\n<p>\nEr is een toeslag voor het maken van foto&#8217;s en video&#8217;s. De gemakkelijkste manier om er te komen is met een huurauto of georganiseerde tours, aangezien het enige openbaar vervoer de bus is van Deva naar Hunedoara busstation, vanwaar het een wandeling is (of een andere bus naar het kasteel).<\/p>\n<h3><span id=\"Hunedoara_kathedraal\">\nHunedoara kathedraal<\/span><\/h3>\n<p>De kathedraal van Hunedoara ligt in het centrum van de stad, als u op weg bent naar het prachtige middeleeuwse kasteel. De kathedraal is niet erg goed onderhouden, maar dat kunt u zien omdat het een zeer groot gebouw is dat de buurt domineert. Het is een recent gebouwde orthodoxe kathedraal, gewijd aan Constantijn en Helena. Het is in Byzantijnse stijl, en de plannen zijn te danken aan de architect van Hunedoara, Dumitru Berechet. Buiten ziet u moza\u00efeken en afbeeldingen van heiligen en sc\u00e8nes uit de Bijbel. De kerk werd ingewijd in de jaren 1940, en werd onlangs gerenoveerd om de iconen en moza\u00efeken te restaureren. De gevel heeft bogen ondersteund door marmeren zuilen, gemaakt door kunstenaars uit de hoofdstad. Binnen ziet u de verschillende koepels, die daglicht binnenlaten en prachtig versierd zijn met fresco&#8217;s.<\/p>\n<h3><span id=\"Nationaal_Park_Retezat\">\nNationaal Park Retezat<\/span><\/h3>\n<p>Retezat National Park werd opgericht in de jaren 1930 en beslaat in totaal 380 vierkante kilometer. Het heeft meer dan 60 hoge bergen, meer dan 2300 meter, en ook verschillende gletsjermeren. Het is een prachtige plek waar u kunt gaan wandelen, vanuit het stadje Orastie bijvoorbeeld, het is het beste om vooraf bij de VVV te informeren, vooral in de winter als het weer snel verandert en het elk moment kan sneeuwen. De bergen zijn prachtig, en het is een van de weinige nog vrijwel ongerepte gebieden in Europa. Je vindt er een derde van de bloemsoorten van het land, maar ook dieren als wolven, beren, herten&#8230; Je kunt er niet kamperen en op veel paden kun je alleen te voet gaan, hoewel de grotere paden voertuigen toelaten.<\/p>\n<p>\nEen ander interessant gebouw in de stad is de kerk van St. Nicolaas (Biserica Sf Nicolae) en het Chizid bos of de dierentuin.\u00a0Het kasteel van Hunyad is het belangrijkste monument, maar niet het enige, want naast de natuurlijke omgeving met een bergachtig en groen reli\u00ebf, ligt ten zuiden van Hunedoara het klooster van Prislop, terwijl aan de rand de <strong>hoogovens van Gov\u0103\u015fdia en Topli\u0163a<\/strong> liggen, industri\u00eble overblijfselen van grote waarde omdat zij een van de belangrijkste in Europa zijn, en waaruit enkele balken zijn voortgekomen die de structuur van de Eiffeltoren vormen.<\/p>\n<p><img decoding=\"async\" src=\"data:image\/gif;base64,R0lGODdhAQABAPAAAMPDwwAAACwAAAAAAQABAAACAkQBADs=\" \/>De hoogovens van Gov\u0103jdia<\/p>\n<p>\nEen andere populaire excursie vanuit Hunedoara is het meer van Cinci\u015f, ideaal voor een picknick op zoek naar rust en ontspanning. Verder weg, maar nog steeds toegankelijk zijn de <strong>Dacische forten van het Orastia-gebergte, een Werelderfgoed.<\/p>\n<h2><span id=\"Kaart_van_Hunedoara\">\nKaart van Hunedoara<\/span><\/h2>\n","protected":false},"excerpt":{"rendered":"<p>Hunedoara was een sterk ge\u00efndustrialiseerde stad, vooral in de ijzer- en staalindustrie, de houtproductie en het gespecialiseerde handwerk in tapijt-, leer- en meubeltextiel. Jarenlang zorgden de ijzerwinning en staalverwerking voor het economisch levensonderhoud van Hunedoara, totdat de crisis in de sector leidde tot een toename van de werkloosheid en emigratie. Toegang tot kasteel Corvino in &hellip;<\/p>\n<p class=\"read-more\"> <a class=\"\" href=\"https:\/\/roadtoromania.com\/nl\/steden-en-regio-s-van-roemenie\/hunedoara\/\"> <span class=\"screen-reader-text\">Hunedoara<\/span> Lees verder \u00bb<\/a><\/p>\n","protected":false},"author":1,"featured_media":1249,"parent":3782,"menu_order":0,"comment_status":"open","ping_status":"open","template":"","meta":{"site-sidebar-layout":"default","site-content-layout":"default","ast-global-header-display":"","ast-main-header-display":"","ast-hfb-above-header-display":"","ast-hfb-below-header-display":"","ast-hfb-mobile-header-display":"","site-post-title":"","ast-breadcrumbs-content":"","ast-featured-img":"","footer-sml-layout":"","theme-transparent-header-meta":"","adv-header-id-meta":"","stick-header-meta":"","header-above-stick-meta":"","header-main-stick-meta":"","header-below-stick-meta":"","footnotes":""},"class_list":["post-3802","page","type-page","status-publish","has-post-thumbnail","hentry"],"yoast_head":"<!-- This site is optimized with the Yoast SEO plugin v19.10 - https:\/\/yoast.com\/wordpress\/plugins\/seo\/ -->\n<title>Hunedoara - Road to Romania<\/title>\n<meta name=\"robots\" content=\"index, follow, max-snippet:-1, max-image-preview:large, max-video-preview:-1\" \/>\n<link rel=\"canonical\" href=\"https:\/\/roadtoromania.com\/nl\/steden-en-regio-s-van-roemenie\/hunedoara\/\" \/>\n<meta property=\"og:locale\" content=\"nl_NL\" \/>\n<meta property=\"og:type\" content=\"article\" \/>\n<meta property=\"og:title\" content=\"Hunedoara - Road to Romania\" \/>\n<meta property=\"og:description\" content=\"Hunedoara was een sterk ge\u00efndustrialiseerde stad, vooral in de ijzer- en staalindustrie, de houtproductie en het gespecialiseerde handwerk in tapijt-, leer- en meubeltextiel. Jarenlang zorgden de ijzerwinning en staalverwerking voor het economisch levensonderhoud van Hunedoara, totdat de crisis in de sector leidde tot een toename van de werkloosheid en emigratie. Toegang tot kasteel Corvino in &hellip; Hunedoara Lees verder \u00bb\" \/>\n<meta property=\"og:url\" content=\"https:\/\/roadtoromania.com\/nl\/steden-en-regio-s-van-roemenie\/hunedoara\/\" \/>\n<meta property=\"og:site_name\" content=\"Road to Romania\" \/>\n<meta property=\"article:modified_time\" content=\"2022-10-22T09:42:56+00:00\" \/>\n<meta property=\"og:image\" content=\"https:\/\/roadtoromania.com\/wp-content\/uploads\/2022\/10\/castillo_hunedoara_rumania-1.jpg\" \/>\n\t<meta property=\"og:image:width\" content=\"700\" \/>\n\t<meta property=\"og:image:height\" content=\"393\" \/>\n\t<meta property=\"og:image:type\" content=\"image\/jpeg\" \/>\n<meta name=\"twitter:card\" content=\"summary_large_image\" \/>\n<meta name=\"twitter:label1\" content=\"Geschatte leestijd\" \/>\n\t<meta name=\"twitter:data1\" content=\"4 minuten\" \/>\n<script type=\"application\/ld+json\" class=\"yoast-schema-graph\">{\"@context\":\"https:\/\/schema.org\",\"@graph\":[{\"@type\":\"WebPage\",\"@id\":\"https:\/\/roadtoromania.com\/nl\/steden-en-regio-s-van-roemenie\/hunedoara\/\",\"url\":\"https:\/\/roadtoromania.com\/nl\/steden-en-regio-s-van-roemenie\/hunedoara\/\",\"name\":\"Hunedoara - Road to Romania\",\"isPartOf\":{\"@id\":\"https:\/\/roadtoromania.com\/nl\/#website\"},\"datePublished\":\"2022-10-15T18:40:11+00:00\",\"dateModified\":\"2022-10-22T09:42:56+00:00\",\"breadcrumb\":{\"@id\":\"https:\/\/roadtoromania.com\/nl\/steden-en-regio-s-van-roemenie\/hunedoara\/#breadcrumb\"},\"inLanguage\":\"nl-NL\",\"potentialAction\":[{\"@type\":\"ReadAction\",\"target\":[\"https:\/\/roadtoromania.com\/nl\/steden-en-regio-s-van-roemenie\/hunedoara\/\"]}]},{\"@type\":\"BreadcrumbList\",\"@id\":\"https:\/\/roadtoromania.com\/nl\/steden-en-regio-s-van-roemenie\/hunedoara\/#breadcrumb\",\"itemListElement\":[{\"@type\":\"ListItem\",\"position\":1,\"name\":\"Home\",\"item\":\"https:\/\/roadtoromania.com\/nl\/\"},{\"@type\":\"ListItem\",\"position\":2,\"name\":\"Steden en regio&#8217;s van Roemeni\u00eb\",\"item\":\"https:\/\/roadtoromania.com\/nl\/steden-en-regio-s-van-roemenie\/\"},{\"@type\":\"ListItem\",\"position\":3,\"name\":\"Hunedoara\"}]},{\"@type\":\"WebSite\",\"@id\":\"https:\/\/roadtoromania.com\/nl\/#website\",\"url\":\"https:\/\/roadtoromania.com\/nl\/\",\"name\":\"Road to Romania\",\"description\":\"De blog waar u alle informatie vindt om van Roemeni\u00eb te genieten.\",\"potentialAction\":[{\"@type\":\"SearchAction\",\"target\":{\"@type\":\"EntryPoint\",\"urlTemplate\":\"https:\/\/roadtoromania.com\/nl\/?s={search_term_string}\"},\"query-input\":\"required name=search_term_string\"}],\"inLanguage\":\"nl-NL\"}]}<\/script>\n<!-- \/ Yoast SEO plugin. -->","yoast_head_json":{"title":"Hunedoara - Road to Romania","robots":{"index":"index","follow":"follow","max-snippet":"max-snippet:-1","max-image-preview":"max-image-preview:large","max-video-preview":"max-video-preview:-1"},"canonical":"https:\/\/roadtoromania.com\/nl\/steden-en-regio-s-van-roemenie\/hunedoara\/","og_locale":"nl_NL","og_type":"article","og_title":"Hunedoara - Road to Romania","og_description":"Hunedoara was een sterk ge\u00efndustrialiseerde stad, vooral in de ijzer- en staalindustrie, de houtproductie en het gespecialiseerde handwerk in tapijt-, leer- en meubeltextiel. Jarenlang zorgden de ijzerwinning en staalverwerking voor het economisch levensonderhoud van Hunedoara, totdat de crisis in de sector leidde tot een toename van de werkloosheid en emigratie. Toegang tot kasteel Corvino in &hellip; Hunedoara Lees verder \u00bb","og_url":"https:\/\/roadtoromania.com\/nl\/steden-en-regio-s-van-roemenie\/hunedoara\/","og_site_name":"Road to Romania","article_modified_time":"2022-10-22T09:42:56+00:00","og_image":[{"width":700,"height":393,"url":"https:\/\/roadtoromania.com\/wp-content\/uploads\/2022\/10\/castillo_hunedoara_rumania-1.jpg","type":"image\/jpeg"}],"twitter_card":"summary_large_image","twitter_misc":{"Geschatte leestijd":"4 minuten"},"schema":{"@context":"https:\/\/schema.org","@graph":[{"@type":"WebPage","@id":"https:\/\/roadtoromania.com\/nl\/steden-en-regio-s-van-roemenie\/hunedoara\/","url":"https:\/\/roadtoromania.com\/nl\/steden-en-regio-s-van-roemenie\/hunedoara\/","name":"Hunedoara - Road to Romania","isPartOf":{"@id":"https:\/\/roadtoromania.com\/nl\/#website"},"datePublished":"2022-10-15T18:40:11+00:00","dateModified":"2022-10-22T09:42:56+00:00","breadcrumb":{"@id":"https:\/\/roadtoromania.com\/nl\/steden-en-regio-s-van-roemenie\/hunedoara\/#breadcrumb"},"inLanguage":"nl-NL","potentialAction":[{"@type":"ReadAction","target":["https:\/\/roadtoromania.com\/nl\/steden-en-regio-s-van-roemenie\/hunedoara\/"]}]},{"@type":"BreadcrumbList","@id":"https:\/\/roadtoromania.com\/nl\/steden-en-regio-s-van-roemenie\/hunedoara\/#breadcrumb","itemListElement":[{"@type":"ListItem","position":1,"name":"Home","item":"https:\/\/roadtoromania.com\/nl\/"},{"@type":"ListItem","position":2,"name":"Steden en regio&#8217;s van Roemeni\u00eb","item":"https:\/\/roadtoromania.com\/nl\/steden-en-regio-s-van-roemenie\/"},{"@type":"ListItem","position":3,"name":"Hunedoara"}]},{"@type":"WebSite","@id":"https:\/\/roadtoromania.com\/nl\/#website","url":"https:\/\/roadtoromania.com\/nl\/","name":"Road to Romania","description":"De blog waar u alle informatie vindt om van Roemeni\u00eb te genieten.","potentialAction":[{"@type":"SearchAction","target":{"@type":"EntryPoint","urlTemplate":"https:\/\/roadtoromania.com\/nl\/?s={search_term_string}"},"query-input":"required name=search_term_string"}],"inLanguage":"nl-NL"}]}},"_links":{"self":[{"href":"https:\/\/roadtoromania.com\/nl\/wp-json\/wp\/v2\/pages\/3802","targetHints":{"allow":["GET"]}}],"collection":[{"href":"https:\/\/roadtoromania.com\/nl\/wp-json\/wp\/v2\/pages"}],"about":[{"href":"https:\/\/roadtoromania.com\/nl\/wp-json\/wp\/v2\/types\/page"}],"author":[{"embeddable":true,"href":"https:\/\/roadtoromania.com\/nl\/wp-json\/wp\/v2\/users\/1"}],"replies":[{"embeddable":true,"href":"https:\/\/roadtoromania.com\/nl\/wp-json\/wp\/v2\/comments?post=3802"}],"version-history":[{"count":0,"href":"https:\/\/roadtoromania.com\/nl\/wp-json\/wp\/v2\/pages\/3802\/revisions"}],"up":[{"embeddable":true,"href":"https:\/\/roadtoromania.com\/nl\/wp-json\/wp\/v2\/pages\/3782"}],"wp:featuredmedia":[{"embeddable":true,"href":"https:\/\/roadtoromania.com\/nl\/wp-json\/wp\/v2\/media\/1249"}],"wp:attachment":[{"href":"https:\/\/roadtoromania.com\/nl\/wp-json\/wp\/v2\/media?parent=3802"}],"curies":[{"name":"wp","href":"https:\/\/api.w.org\/{rel}","templated":true}]}}