{"id":3803,"date":"2022-10-15T18:40:11","date_gmt":"2022-10-15T18:40:11","guid":{"rendered":"https:\/\/roadtoromania.com\/steden-en-regio-s-van-roemenie\/iasi\/"},"modified":"2022-10-22T09:42:56","modified_gmt":"2022-10-22T09:42:56","slug":"iasi","status":"publish","type":"page","link":"https:\/\/roadtoromania.com\/nl\/steden-en-regio-s-van-roemenie\/iasi\/","title":{"rendered":"Iasi"},"content":{"rendered":"<p><a href=\"https:\/\/roadtoromania.com\/wp-content\/uploads\/2022\/10\/iasi-rumania-ciudades.jpg\"><img decoding=\"async\" src=\"https:\/\/roadtoromania.com\/wp-content\/uploads\/2022\/10\/iasi-rumania-ciudades.jpg\" \/><\/a> Het Nationaal Theater van Iasi en de omliggende parken. Foto door liormania.<\/p>\n<p>\nDe stad Iasi is de hoofdstad van de regio Moldavi\u00eb \/ Moldova of <a href=\"https:\/\/roadtoromania.com\/nl\/monumenten-van-roemenie-wat-te-zien-in-roemenie\/moldavie-roemeens\/\">Roemeens Moldavi\u00eb<\/a> , niet te verwarren met het buurland dat ook Moldavi\u00eb heet. Door Iasi te bezoeken is het zelfs mogelijk de grens over te steken naar buurland Moldavi\u00eb op minder dan 10 km afstand.<\/strong> De rivier de Prut<\/strong> , een belangrijke zijrivier van de Donau (950 km), markeert de grens tussen deze regio van Roemeni\u00eb en Moldavi\u00eb.<\/p>\n<p>\nIasi is de tweede meest bevolkte stad van Roemeni\u00eb, na <a href=\"https:\/\/roadtoromania.com\/nl\/steden-en-regio-s-van-roemenie\/boekarest\/\">Boekarest<\/a> , met 330.000 inwoners in de gemeente en meer dan 825.000 in haar district.<\/p>\n<p>\nOndanks de huidige excentrische ligging is Iasi een symbool voor de Roemeense staat. Het was de hoofdstad van de voormalige vorstendommen Walachije en Moldavi\u00eb en tijdens de Eerste Wereldoorlog was het de hoofdstad van Roemeni\u00eb (tussen 1916-18) na de Oostenrijks-Hongaarse bezetting. De eerste universiteit van Roemeni\u00eb werd opgericht in Iasi en vandaag de dag is het een cultureel, universitair en industrieel centrum.<\/p>\n<p> Wat te zien in Iasi<\/strong> <\/h2>\n<p><a href=\"https:\/\/roadtoromania.com\/wp-content\/uploads\/2022\/10\/iasi-rumania-monumentos.jpg\"><img decoding=\"async\" src=\"https:\/\/roadtoromania.com\/wp-content\/uploads\/2022\/10\/iasi-rumania-monumentos.jpg\" \/><\/a> Het Nationaal Paleis herbergt verschillende musea met werken van hoge kwaliteit. Foto door liormania.<\/p>\n<p>\nCultuur en geschiedenis in overvloed in Iasi. Daarom zijn haar monumenten zeer grandioos en mooi. De belangrijkste zijn <strong>het Nationaal Theater<\/strong> , <strong>de Botanische Tuin<\/strong> en <strong>de Centrale Universiteitsbibliotheek<\/strong> , de drie oudste van het land. We benadrukken ook voor zijn architectuur en pracht <strong>het Paleis van Cultuur<\/strong> , <strong>het Operagebouw<\/strong> , het <strong>Roznoveanu Paleis<\/strong> de zetel van het stadhuis en de verschillende kerken en kloosters van Iasi.<\/p>\n<p> Het cultuurpaleis<\/strong> <\/h3>\n<p>\nOp het Paleisplein, gelegen in het centrum van de stad, bevinden zich verschillende musea: <strong>Het Museum voor Schone Kunsten, het Museum voor Geschiedenis, het Museum voor Etnografie en het Museum voor Natuurwetenschappen en Techniek<\/strong> .<\/p>\n<p>\nEen bezoek aan het paleis en de musea kan zeer interessant zijn, omdat zowel de architectuur als de kunstwerken zeer interessant zijn.Naast een grote collectie Roemeense kunst bevat de collectie schilderijen van <strong>Caravaggio, Paolo Veronese<\/strong> , Pietro Liberi, Carlo Dolci, Salvator Rosa, Francesco Solimena, <strong>Murillo, Van Dyck<\/strong> , Van der Helst en <strong>Nicolas Poussin<\/strong> .<\/p>\n<p>\nTot de religieuze gebouwen behoort de <strong>Metropolitan Cathedral<\/strong> , een immense orthodoxe kerk met een vierkante plattegrond, waar de vier torens op de hoeken van het gebouw in neorenaissancestijl staan. De bouw ervan nam veel tijd in beslag: men begon er in 1833 mee, maar het werd pas in 1887 ingehuldigd. Er zijn ook katholieke kerken en synagogen<\/p>\n<p>\nEen ander gebouw van groot belang is <strong>het klooster van Golia en zijn toren<\/strong> , de overblijfselen van de muren die het beschermden. De bouw ervan dateert uit de 16e eeuw <\/p>\n<p>.<\/p>\n<p>\nEen plaats met geschiedenis, cinematografisch in dit geval, is <strong>het Hotel Traian<\/strong> , gebouwd in de neoklassieke stijl die Iasi rijk is. De architect was G. Franeau, een Franse ingenieur die voor Eiffel werkte. Het is een van de eerste hotels met een metalen frame in Europa. Een charmante plek, de zalen en kamers verbergen vele verhalen van diplomaten en actrices. Greta Garbo<\/strong> , niet minder, verbleef in de Traian toen ze een intense liefdesrelatie had met acteur John Gilbert. Het hotel ligt aan het Unirii plein naast het standbeeld van Ion Cuza.<\/p>\n<p> De wijk Ticau<\/strong> <\/h3>\n<p>\nEen wijk van de stad vol oude gebouwen die zich uitstrekt over de heuvel met uitzicht op Iasi. Smalle voetgangersstraatjes, winkels en bars, entertainment in de avonduren. Niet te missen.<\/p>\n<p> Parken en Tuinen<\/strong> <\/h3>\n<p>\nNaast de Botanische Tuin, de oudste van Roemeni\u00eb (1856), is het de moeite waard om het Copou Park (Parcul) te bezoeken, een favoriete plek voor Roemeense romantici sinds de 18e eeuw, dat in 1860 een openbaar park werd.<\/p>\n<p>\nIn de omgeving van Iasi zijn er verschillende <strong>kloosters<\/strong> gelegen in de heuvels van het <strong>Niculina district<\/strong> , het zijn de kloosters van <strong>Cetatuia, Galata<\/strong> en <strong>Frumoasa<\/strong> , gebouwd tussen de 16e en 17e eeuw.<\/p>\n<p>\n<a href=\"https:\/\/roadtoromania.com\/nl\/aard-van-roemenie\/bicaz-gorges\/\">De Bicaz kloven<\/a> liggen 160 km ten westen van Iasi, halverwege Iasi en Targu-Mures.<\/p>\n<p><a href=\"https:\/\/roadtoromania.com\/wp-content\/uploads\/2022\/10\/rumania-iasi-moldavia.jpg\"><img decoding=\"async\" src=\"data:image\/gif;base64,R0lGODdhAQABAPAAAMPDwwAAACwAAAAAAQABAAACAkQBADs=\" \/><\/a> Een tram door de straten van Iasi. Foto door Liormania.<\/p>\n<p>\nNet als de rest van Roemeni\u00eb is Iasi een diverse stad met een grote verscheidenheid aan mensen, geloven en afkomst. Dit geeft de cultuur, muziek en gastronomie een typische Balkan mix.<\/p>\n<p> Hoe kom ik in Iasi?<\/p>\n<p>\nEr zijn vluchten<\/a> naar Brasov en Cluj vanuit Spanje. Van daaruit moet u een auto huren en ongeveer 310 km rijden vanaf <a href=\"https:\/\/roadtoromania.com\/nl\/steden-en-regio-s-van-roemenie\/brasov\/\">Brasov<\/a> , wat ongeveer 4,5 uur duurt; 390 km vanaf <a href=\"https:\/\/roadtoromania.com\/nl\/steden-en-regio-s-van-roemenie\/cluj-napoca\/\">Cluj<\/a> , wat ongeveer 6 uur duurt. De autoritten zijn lang maar stellen ons in staat om andere plaatsen te zien zoals de Bicaz Gorges of de stad Targu-Mures.<\/p>\n<p> Waar slapen in Iasi<\/strong> <\/h2>\n<p>\nRoemeni\u00eb biedt <a href=\"https:\/\/roadtoromania.com\/nl\/autoverhuur-in-roemenie\/\">autoverhuur<\/a> en <a href=\"https:\/\/roadtoromania.com\/nl\/accommodatie-in-roemenie\/\">hotelaccommodatie<\/a> in Iasi<\/p>\n<p>aan.<\/p>\n<p>\n<a href=\"https:\/\/roadtoromania.com\/nl\/kaarten-van-roemenie\/kaart-plattegrond-en-stratenplan-van-iasi\/\">Kaart en stratenplan van Iasi<\/a> <\/p><\/p>\n","protected":false},"excerpt":{"rendered":"<p>Het Nationaal Theater van Iasi en de omliggende parken. Foto door liormania. De stad Iasi is de hoofdstad van de regio Moldavi\u00eb \/ Moldova of Roemeens Moldavi\u00eb , niet te verwarren met het buurland dat ook Moldavi\u00eb heet. Door Iasi te bezoeken is het zelfs mogelijk de grens over te steken naar buurland Moldavi\u00eb op &hellip;<\/p>\n<p class=\"read-more\"> <a class=\"\" href=\"https:\/\/roadtoromania.com\/nl\/steden-en-regio-s-van-roemenie\/iasi\/\"> <span class=\"screen-reader-text\">Iasi<\/span> Lees verder \u00bb<\/a><\/p>\n","protected":false},"author":1,"featured_media":1263,"parent":3782,"menu_order":0,"comment_status":"open","ping_status":"open","template":"","meta":{"site-sidebar-layout":"default","site-content-layout":"default","ast-global-header-display":"","ast-main-header-display":"","ast-hfb-above-header-display":"","ast-hfb-below-header-display":"","ast-hfb-mobile-header-display":"","site-post-title":"","ast-breadcrumbs-content":"","ast-featured-img":"","footer-sml-layout":"","theme-transparent-header-meta":"","adv-header-id-meta":"","stick-header-meta":"","header-above-stick-meta":"","header-main-stick-meta":"","header-below-stick-meta":"","footnotes":""},"class_list":["post-3803","page","type-page","status-publish","has-post-thumbnail","hentry"],"yoast_head":"<!-- This site is optimized with the Yoast SEO plugin v19.10 - https:\/\/yoast.com\/wordpress\/plugins\/seo\/ -->\n<title>Iasi - Road to Romania<\/title>\n<meta name=\"robots\" content=\"index, follow, max-snippet:-1, max-image-preview:large, max-video-preview:-1\" \/>\n<link rel=\"canonical\" href=\"https:\/\/roadtoromania.com\/nl\/steden-en-regio-s-van-roemenie\/iasi\/\" \/>\n<meta property=\"og:locale\" content=\"nl_NL\" \/>\n<meta property=\"og:type\" content=\"article\" \/>\n<meta property=\"og:title\" content=\"Iasi - Road to Romania\" \/>\n<meta property=\"og:description\" content=\"Het Nationaal Theater van Iasi en de omliggende parken. Foto door liormania. De stad Iasi is de hoofdstad van de regio Moldavi\u00eb \/ Moldova of Roemeens Moldavi\u00eb , niet te verwarren met het buurland dat ook Moldavi\u00eb heet. Door Iasi te bezoeken is het zelfs mogelijk de grens over te steken naar buurland Moldavi\u00eb op &hellip; Iasi Lees verder \u00bb\" \/>\n<meta property=\"og:url\" content=\"https:\/\/roadtoromania.com\/nl\/steden-en-regio-s-van-roemenie\/iasi\/\" \/>\n<meta property=\"og:site_name\" content=\"Road to Romania\" \/>\n<meta property=\"article:modified_time\" content=\"2022-10-22T09:42:56+00:00\" \/>\n<meta property=\"og:image\" content=\"https:\/\/roadtoromania.com\/wp-content\/uploads\/2022\/10\/iasi-rumania-ciudades-1.jpg\" \/>\n\t<meta property=\"og:image:width\" content=\"638\" \/>\n\t<meta property=\"og:image:height\" content=\"425\" \/>\n\t<meta property=\"og:image:type\" content=\"image\/jpeg\" \/>\n<meta name=\"twitter:card\" content=\"summary_large_image\" \/>\n<meta name=\"twitter:label1\" content=\"Geschatte leestijd\" \/>\n\t<meta name=\"twitter:data1\" content=\"4 minuten\" \/>\n<script type=\"application\/ld+json\" class=\"yoast-schema-graph\">{\"@context\":\"https:\/\/schema.org\",\"@graph\":[{\"@type\":\"WebPage\",\"@id\":\"https:\/\/roadtoromania.com\/nl\/steden-en-regio-s-van-roemenie\/iasi\/\",\"url\":\"https:\/\/roadtoromania.com\/nl\/steden-en-regio-s-van-roemenie\/iasi\/\",\"name\":\"Iasi - Road to Romania\",\"isPartOf\":{\"@id\":\"https:\/\/roadtoromania.com\/nl\/#website\"},\"datePublished\":\"2022-10-15T18:40:11+00:00\",\"dateModified\":\"2022-10-22T09:42:56+00:00\",\"breadcrumb\":{\"@id\":\"https:\/\/roadtoromania.com\/nl\/steden-en-regio-s-van-roemenie\/iasi\/#breadcrumb\"},\"inLanguage\":\"nl-NL\",\"potentialAction\":[{\"@type\":\"ReadAction\",\"target\":[\"https:\/\/roadtoromania.com\/nl\/steden-en-regio-s-van-roemenie\/iasi\/\"]}]},{\"@type\":\"BreadcrumbList\",\"@id\":\"https:\/\/roadtoromania.com\/nl\/steden-en-regio-s-van-roemenie\/iasi\/#breadcrumb\",\"itemListElement\":[{\"@type\":\"ListItem\",\"position\":1,\"name\":\"Home\",\"item\":\"https:\/\/roadtoromania.com\/nl\/\"},{\"@type\":\"ListItem\",\"position\":2,\"name\":\"Steden en regio&#8217;s van Roemeni\u00eb\",\"item\":\"https:\/\/roadtoromania.com\/nl\/steden-en-regio-s-van-roemenie\/\"},{\"@type\":\"ListItem\",\"position\":3,\"name\":\"Iasi\"}]},{\"@type\":\"WebSite\",\"@id\":\"https:\/\/roadtoromania.com\/nl\/#website\",\"url\":\"https:\/\/roadtoromania.com\/nl\/\",\"name\":\"Road to Romania\",\"description\":\"De blog waar u alle informatie vindt om van Roemeni\u00eb te genieten.\",\"potentialAction\":[{\"@type\":\"SearchAction\",\"target\":{\"@type\":\"EntryPoint\",\"urlTemplate\":\"https:\/\/roadtoromania.com\/nl\/?s={search_term_string}\"},\"query-input\":\"required name=search_term_string\"}],\"inLanguage\":\"nl-NL\"}]}<\/script>\n<!-- \/ Yoast SEO plugin. -->","yoast_head_json":{"title":"Iasi - Road to Romania","robots":{"index":"index","follow":"follow","max-snippet":"max-snippet:-1","max-image-preview":"max-image-preview:large","max-video-preview":"max-video-preview:-1"},"canonical":"https:\/\/roadtoromania.com\/nl\/steden-en-regio-s-van-roemenie\/iasi\/","og_locale":"nl_NL","og_type":"article","og_title":"Iasi - Road to Romania","og_description":"Het Nationaal Theater van Iasi en de omliggende parken. Foto door liormania. De stad Iasi is de hoofdstad van de regio Moldavi\u00eb \/ Moldova of Roemeens Moldavi\u00eb , niet te verwarren met het buurland dat ook Moldavi\u00eb heet. Door Iasi te bezoeken is het zelfs mogelijk de grens over te steken naar buurland Moldavi\u00eb op &hellip; Iasi Lees verder \u00bb","og_url":"https:\/\/roadtoromania.com\/nl\/steden-en-regio-s-van-roemenie\/iasi\/","og_site_name":"Road to Romania","article_modified_time":"2022-10-22T09:42:56+00:00","og_image":[{"width":638,"height":425,"url":"https:\/\/roadtoromania.com\/wp-content\/uploads\/2022\/10\/iasi-rumania-ciudades-1.jpg","type":"image\/jpeg"}],"twitter_card":"summary_large_image","twitter_misc":{"Geschatte leestijd":"4 minuten"},"schema":{"@context":"https:\/\/schema.org","@graph":[{"@type":"WebPage","@id":"https:\/\/roadtoromania.com\/nl\/steden-en-regio-s-van-roemenie\/iasi\/","url":"https:\/\/roadtoromania.com\/nl\/steden-en-regio-s-van-roemenie\/iasi\/","name":"Iasi - Road to Romania","isPartOf":{"@id":"https:\/\/roadtoromania.com\/nl\/#website"},"datePublished":"2022-10-15T18:40:11+00:00","dateModified":"2022-10-22T09:42:56+00:00","breadcrumb":{"@id":"https:\/\/roadtoromania.com\/nl\/steden-en-regio-s-van-roemenie\/iasi\/#breadcrumb"},"inLanguage":"nl-NL","potentialAction":[{"@type":"ReadAction","target":["https:\/\/roadtoromania.com\/nl\/steden-en-regio-s-van-roemenie\/iasi\/"]}]},{"@type":"BreadcrumbList","@id":"https:\/\/roadtoromania.com\/nl\/steden-en-regio-s-van-roemenie\/iasi\/#breadcrumb","itemListElement":[{"@type":"ListItem","position":1,"name":"Home","item":"https:\/\/roadtoromania.com\/nl\/"},{"@type":"ListItem","position":2,"name":"Steden en regio&#8217;s van Roemeni\u00eb","item":"https:\/\/roadtoromania.com\/nl\/steden-en-regio-s-van-roemenie\/"},{"@type":"ListItem","position":3,"name":"Iasi"}]},{"@type":"WebSite","@id":"https:\/\/roadtoromania.com\/nl\/#website","url":"https:\/\/roadtoromania.com\/nl\/","name":"Road to Romania","description":"De blog waar u alle informatie vindt om van Roemeni\u00eb te genieten.","potentialAction":[{"@type":"SearchAction","target":{"@type":"EntryPoint","urlTemplate":"https:\/\/roadtoromania.com\/nl\/?s={search_term_string}"},"query-input":"required name=search_term_string"}],"inLanguage":"nl-NL"}]}},"_links":{"self":[{"href":"https:\/\/roadtoromania.com\/nl\/wp-json\/wp\/v2\/pages\/3803","targetHints":{"allow":["GET"]}}],"collection":[{"href":"https:\/\/roadtoromania.com\/nl\/wp-json\/wp\/v2\/pages"}],"about":[{"href":"https:\/\/roadtoromania.com\/nl\/wp-json\/wp\/v2\/types\/page"}],"author":[{"embeddable":true,"href":"https:\/\/roadtoromania.com\/nl\/wp-json\/wp\/v2\/users\/1"}],"replies":[{"embeddable":true,"href":"https:\/\/roadtoromania.com\/nl\/wp-json\/wp\/v2\/comments?post=3803"}],"version-history":[{"count":0,"href":"https:\/\/roadtoromania.com\/nl\/wp-json\/wp\/v2\/pages\/3803\/revisions"}],"up":[{"embeddable":true,"href":"https:\/\/roadtoromania.com\/nl\/wp-json\/wp\/v2\/pages\/3782"}],"wp:featuredmedia":[{"embeddable":true,"href":"https:\/\/roadtoromania.com\/nl\/wp-json\/wp\/v2\/media\/1263"}],"wp:attachment":[{"href":"https:\/\/roadtoromania.com\/nl\/wp-json\/wp\/v2\/media?parent=3803"}],"curies":[{"name":"wp","href":"https:\/\/api.w.org\/{rel}","templated":true}]}}