{"id":3808,"date":"2022-10-15T18:40:11","date_gmt":"2022-10-15T18:40:11","guid":{"rendered":"https:\/\/roadtoromania.com\/steden-en-regio-s-van-roemenie\/roman\/"},"modified":"2022-10-22T09:42:56","modified_gmt":"2022-10-22T09:42:56","slug":"roman","status":"publish","type":"page","link":"https:\/\/roadtoromania.com\/nl\/steden-en-regio-s-van-roemenie\/roman\/","title":{"rendered":"Roman"},"content":{"rendered":"<p><a href=\"https:\/\/roadtoromania.com\/wp-content\/uploads\/2022\/10\/roman-museos-rumania.jpg\"><img decoding=\"async\" src=\"https:\/\/roadtoromania.com\/wp-content\/uploads\/2022\/10\/roman-museos-rumania.jpg\" \/><\/a> Museum, een van de mooiste gebouwen in de stad. Foto door Radu Ana Maria<\/p>\n<p>\nDe stad Roman is een van de belangrijkste stedelijke centra in het Roemeense <a href=\"https:\/\/roadtoromania.com\/nl\/monumenten-van-roemenie-wat-te-zien-in-roemenie\/moldavie-roemeens\/\">Moldavi\u00eb<\/a> . Zonder de omvang en het culturele belang van <a href=\"https:\/\/roadtoromania.com\/nl\/steden-en-regio-s-van-roemenie\/iasi\/\">Iasi<\/a> , Galati of <a href=\"https:\/\/roadtoromania.com\/nl\/steden-en-regio-s-van-roemenie\/piatra-neamt\/\">Piatra Neamt<\/a> , de luchthavens van de hoofdstad en <strong>Bacau<\/strong> , heeft Roman bepaalde elementen van belang, maar vooral zijn centrale ligging in Moldavi\u00eb maakt het een perfecte plaats om zich te vestigen en van daaruit de regio te bezoeken.<\/p>\n<p> Romeinse diensten, industrie en toerisme<\/strong> <\/h2>\n<p>\nDe stad werd gesticht in de 13e eeuw en het fort was van groot belang tijdens de gouden eeuw van het Vorstendom Moldavi\u00eb (14e-16e eeuw). Tegenwoordig is Roman, met ongeveer 70.000 inwoners en gelegen halverwege de luchthavens van Bacau en Iasi, een belangrijk regionaal centrum.<\/p>\n<p> Hoe kom ik in Rome?<\/p>\n<p>\nVerschillende goedkope vluchten<\/a> komen aan in Bacau (40 km) en Iasi (86km), -tussen 40 minuten en een uur over de weg-, vanaf verschillende Europese luchthavens (in Frankrijk, Belgi\u00eb, Groot-Brittanni\u00eb, Itali\u00eb en Ierland en Boekarest)<\/p>\n<\/p>\n<p>\nGoed verbonden met de trein, een goedkoop en veilig communicatiemiddel in Roemeni\u00eb, is het vrij eenvoudig om in Roman te komen.<\/p>\n<p> Hoe kom ik in Rome?<\/p>\n<p>\nVanuit Roman kunnen we nog steeds de trein als vervoermiddel gebruiken om Piatra Neamt, Iasi of <strong>Transsylvani\u00eb (<a href=\"https:\/\/roadtoromania.com\/nl\/steden-en-regio-s-van-roemenie\/brasov\/\">Brasov<\/a> of Cluj), Maramures en Bukovina (<a href=\"https:\/\/roadtoromania.com\/nl\/steden-en-regio-s-van-roemenie\/suceava\/\">Suceava<\/a> ) te bereiken. Maar als u zich echt vrij wilt bewegen en de regio wilt ontdekken, moet u <a href=\"https:\/\/roadtoromania.com\/nl\/autoverhuur-in-roemenie\/\">een auto huren<\/a> of op georganiseerde excursie gaan<\/a> .<\/p>\n<p> Waar slapen in Roman<\/strong> <\/h2>\n<p>\nDe stad heeft verschillende hotels van verschillende categorie\u00ebn. De prijzen zijn niet erg hoog, dus wij raden u aan de beste te kiezen. Voor meer informatie kunt u ons schrijven of <a href=\"https:\/\/roadtoromania.com\/nl\/accommodatie-in-roemenie\/hotels-in-roemenie\/\"> onze zoekmachine hier gebruiken<\/a> .<\/p>\n<p><a href=\"https:\/\/roadtoromania.com\/wp-content\/uploads\/2022\/10\/hanul-ancutei-moldavia.jpg\"><img decoding=\"async\" src=\"data:image\/gif;base64,R0lGODdhAQABAPAAAMPDwwAAACwAAAAAAQABAAACAkQBADs=\" \/><\/a> Het restaurant heeft een wijnkelder, een zomerse eetzaal en twee verdiepingen in het hoofdgebouw. <\/p>\n<p>\n\u00a0<\/p>\n<p> Waar te eten in Roman<\/strong> <\/h2>\n<p>\nDe keuze is gevarieerd en het Moldavische voedsel is rijk aan calorie\u00ebn. Niet ver van Roman is het Hanul Ancutei restaurant. Het is een van onze favorieten. Als u informatie nodig heeft of met hen in contact wilt komen, kunt u ons schrijven <\/p>\n<p>.<br \/>\n Wat te zien in Roman<\/strong> <\/h2>\n<p>\nHet centrum is niet erg groot, maar heeft een paar bars en restaurants die &#8216;s avonds levendig zijn. Het culturele aanbod is gemengd met diensten als supermarkten, postkantoor en diverse winkels.<\/p>\n<p>\nWat musea betreft, zijn er drie uitstekende.Eerst het <strong>Museum van de Geschiedenis<\/strong> dat is ondergebracht in het kleine 19e eeuwse paleis, het <strong>Nevruzzi Paleis<\/strong> . Hier vindt u archeologische collecties uit de Dacische periode en de Middeleeuwen.<\/p>\n<p> Het Kunstmuseum<\/strong> , opgericht in 1970, heeft een goede collectie hedendaagse Roemeense schilderijen. Ten slotte toont het in 1960 ingehuldigde<\/strong> Museum de fauna en flora van de Siretvallei, waar Roman zich bevindt, en geeft het ons een beeld van de aard van de valleien en vlakten die het Roemeense Moldavi\u00eb vormen na het einde van de Karpaten.<\/p>\n<p> Historische gebouwen<\/strong> <\/h3>\n<p>\nOndanks de talrijke stedelijke aanpassingen en constructies in socialistische stijl &#8211; niet altijd even succesvol, om het zacht uit te drukken &#8211; heeft Roman vele interessante gebouwen bewaard, zij het binnen een niet erg goed georganiseerd stadsweefsel.<\/p>\n<p><a href=\"https:\/\/roadtoromania.com\/wp-content\/uploads\/2022\/10\/roman-moldavia-rumania.jpg\"><img decoding=\"async\" src=\"data:image\/gif;base64,R0lGODdhAQABAPAAAMPDwwAAACwAAAAAAQABAAACAkQBADs=\" \/><\/a> Kerk tijdens de winter in Rome.<\/p>\n<p>\n\u00a0<\/p>\n<h3>\n <strong>Religieuze architectuur<\/strong> <\/h3>\n<p>\nNet als in andere Roemeense regio&#8217;s zullen de orthodoxe kerken u verrassen door hun aantal, verscheidenheid en schoonheid. De regio Moldavi\u00eb heeft veel te danken aan de vrome woede van Stefanus de Grote, prins van Moldavi\u00eb in de 14e eeuw. In Roman benadrukken we <strong>de orthodoxe kathedraal<\/strong> uit 1408, evenals <strong>de kerken van Precista Mare (1569); de kerk van de Heilige Voivodes uit de 17e eeuw; de Precista Mic\u0103 uit de 18e eeuw of de Armeense kerk uit de 14e eeuw.<\/strong> <\/p>\n<p> Burchten en kastelen<\/strong> <\/h3>\n<p>\nOndanks de vele stedelijke veranderingen kunnen de ru\u00efnes van de oude <strong>Citadel van Peter I van Moldavi\u00eb<\/strong> nog steeds worden bezocht<\/strong> .<\/p>\n<p>\nMisschien nog interessanter zijn de ru\u00efnes van <strong>de Nieuwe Citadel<\/strong> , gebouwd op 5 km van het centrum in het dorpje G\u00e2din\u021bi, het werk van de alomtegenwoordige Stefanus de Grote in 1466, maar verwoest in 1675 door Dimitri Cantacuzino op een moment dat het Vorstendom Moldavi\u00eb zijn macht verloor.<\/p>\n<p> Andere opmerkelijke gebouwen<\/strong> <\/h3>\n<p>\nRoman was de geboorteplaats van musicus en dirigent <strong>Sergiu Celibidache<\/strong> . Zoals zoveel andere Roemeense kunstenaars (zoals Brancusi of Ionesco) emigreerde Celibidache naar Frankrijk, waar hij tot zijn dood aan het eind van de 20e eeuw woonde.<\/p>\n<p>\nEen ander herenhuis om te bezoeken als u ge\u00efnteresseerd bent in architectuur is <strong>het Ioachim Huis<\/strong> , gebouwd in de 19e eeuw door de grote zakenman Vasile Ioachim.<\/p>\n<p><a href=\"https:\/\/roadtoromania.com\/wp-content\/uploads\/2022\/10\/popa-museum-roman.jpg\"><img decoding=\"async\" src=\"data:image\/gif;base64,R0lGODdhAQABAPAAAMPDwwAAACwAAAAAAQABAAACAkQBADs=\" \/><\/a> Het Popa Museum is een echte ontdekking. Als verzamelaar en na\u00efef kunstenaar liet de heer Popa een onbekende maar zeer aanbevelenswaardige nalatenschap na. .<\/p>\n<p>\n <strong>Natuur en omgeving.<\/strong> <\/p>\n<p>\nHet Roemeense Moldavi\u00eb is een natuurgebied dat u niet mag missen. Een bezoek aan het gebied van de <a href=\"https:\/\/roadtoromania.com\/nl\/aard-van-roemenie\/bicaz-gorges\/\">Bicaz Gorges<\/a> , het gelijknamige meer of het <strong>Nationaal Park Mount Ceahlau<\/strong> behoren tot de mogelijkheden. De meren zijn ideaal voor watersporten en ook wandelen of bergbeklimmen is een aanrader.<\/p>\n<p> De kloosters van Neamt, Agapia, Durau, Secu Varatec, Bistrita of Sihastria<\/strong> , liggen in het Romeinse gebied. Ze zijn niet zo bekend als die van Maramures, maar even mooi, dus u zou ze moeten bezoeken.<\/p>\n<p>\nHet Popa Museum is ook een bezoek waard. Het is het werk van de N\u00e4ive kunstenaar en verzamelaar Neculai Popa. Het werd opgericht in 1970 en brengt de collecties van de auteur en zijn eigen werken in hout en steen met lokale folklore samen.<\/p>\n","protected":false},"excerpt":{"rendered":"<p>Museum, een van de mooiste gebouwen in de stad. Foto door Radu Ana Maria De stad Roman is een van de belangrijkste stedelijke centra in het Roemeense Moldavi\u00eb . Zonder de omvang en het culturele belang van Iasi , Galati of Piatra Neamt , de luchthavens van de hoofdstad en Bacau , heeft Roman bepaalde &hellip;<\/p>\n<p class=\"read-more\"> <a class=\"\" href=\"https:\/\/roadtoromania.com\/nl\/steden-en-regio-s-van-roemenie\/roman\/\"> <span class=\"screen-reader-text\">Roman<\/span> Lees verder \u00bb<\/a><\/p>\n","protected":false},"author":1,"featured_media":1321,"parent":3782,"menu_order":0,"comment_status":"open","ping_status":"open","template":"","meta":{"site-sidebar-layout":"default","site-content-layout":"default","ast-global-header-display":"","ast-main-header-display":"","ast-hfb-above-header-display":"","ast-hfb-below-header-display":"","ast-hfb-mobile-header-display":"","site-post-title":"","ast-breadcrumbs-content":"","ast-featured-img":"","footer-sml-layout":"","theme-transparent-header-meta":"default","adv-header-id-meta":"","stick-header-meta":"","header-above-stick-meta":"","header-main-stick-meta":"","header-below-stick-meta":"","footnotes":""},"class_list":["post-3808","page","type-page","status-publish","has-post-thumbnail","hentry"],"yoast_head":"<!-- This site is optimized with the Yoast SEO plugin v19.10 - https:\/\/yoast.com\/wordpress\/plugins\/seo\/ -->\n<title>Roman - Road to Romania<\/title>\n<meta name=\"robots\" content=\"index, follow, max-snippet:-1, max-image-preview:large, max-video-preview:-1\" \/>\n<link rel=\"canonical\" href=\"https:\/\/roadtoromania.com\/nl\/steden-en-regio-s-van-roemenie\/roman\/\" \/>\n<meta property=\"og:locale\" content=\"nl_NL\" \/>\n<meta property=\"og:type\" content=\"article\" \/>\n<meta property=\"og:title\" content=\"Roman - Road to Romania\" \/>\n<meta property=\"og:description\" content=\"Museum, een van de mooiste gebouwen in de stad. Foto door Radu Ana Maria De stad Roman is een van de belangrijkste stedelijke centra in het Roemeense Moldavi\u00eb . Zonder de omvang en het culturele belang van Iasi , Galati of Piatra Neamt , de luchthavens van de hoofdstad en Bacau , heeft Roman bepaalde &hellip; Roman Lees verder \u00bb\" \/>\n<meta property=\"og:url\" content=\"https:\/\/roadtoromania.com\/nl\/steden-en-regio-s-van-roemenie\/roman\/\" \/>\n<meta property=\"og:site_name\" content=\"Road to Romania\" \/>\n<meta property=\"article:modified_time\" content=\"2022-10-22T09:42:56+00:00\" \/>\n<meta property=\"og:image\" content=\"https:\/\/roadtoromania.com\/wp-content\/uploads\/2022\/10\/roman-museos-rumania-1.jpg\" \/>\n\t<meta property=\"og:image:width\" content=\"768\" \/>\n\t<meta property=\"og:image:height\" content=\"514\" \/>\n\t<meta property=\"og:image:type\" content=\"image\/jpeg\" \/>\n<meta name=\"twitter:card\" content=\"summary_large_image\" \/>\n<meta name=\"twitter:label1\" content=\"Geschatte leestijd\" \/>\n\t<meta name=\"twitter:data1\" content=\"4 minuten\" \/>\n<script type=\"application\/ld+json\" class=\"yoast-schema-graph\">{\"@context\":\"https:\/\/schema.org\",\"@graph\":[{\"@type\":\"WebPage\",\"@id\":\"https:\/\/roadtoromania.com\/nl\/steden-en-regio-s-van-roemenie\/roman\/\",\"url\":\"https:\/\/roadtoromania.com\/nl\/steden-en-regio-s-van-roemenie\/roman\/\",\"name\":\"Roman - Road to Romania\",\"isPartOf\":{\"@id\":\"https:\/\/roadtoromania.com\/nl\/#website\"},\"datePublished\":\"2022-10-15T18:40:11+00:00\",\"dateModified\":\"2022-10-22T09:42:56+00:00\",\"breadcrumb\":{\"@id\":\"https:\/\/roadtoromania.com\/nl\/steden-en-regio-s-van-roemenie\/roman\/#breadcrumb\"},\"inLanguage\":\"nl-NL\",\"potentialAction\":[{\"@type\":\"ReadAction\",\"target\":[\"https:\/\/roadtoromania.com\/nl\/steden-en-regio-s-van-roemenie\/roman\/\"]}]},{\"@type\":\"BreadcrumbList\",\"@id\":\"https:\/\/roadtoromania.com\/nl\/steden-en-regio-s-van-roemenie\/roman\/#breadcrumb\",\"itemListElement\":[{\"@type\":\"ListItem\",\"position\":1,\"name\":\"Home\",\"item\":\"https:\/\/roadtoromania.com\/nl\/\"},{\"@type\":\"ListItem\",\"position\":2,\"name\":\"Steden en regio&#8217;s van Roemeni\u00eb\",\"item\":\"https:\/\/roadtoromania.com\/nl\/steden-en-regio-s-van-roemenie\/\"},{\"@type\":\"ListItem\",\"position\":3,\"name\":\"Roman\"}]},{\"@type\":\"WebSite\",\"@id\":\"https:\/\/roadtoromania.com\/nl\/#website\",\"url\":\"https:\/\/roadtoromania.com\/nl\/\",\"name\":\"Road to Romania\",\"description\":\"De blog waar u alle informatie vindt om van Roemeni\u00eb te genieten.\",\"potentialAction\":[{\"@type\":\"SearchAction\",\"target\":{\"@type\":\"EntryPoint\",\"urlTemplate\":\"https:\/\/roadtoromania.com\/nl\/?s={search_term_string}\"},\"query-input\":\"required name=search_term_string\"}],\"inLanguage\":\"nl-NL\"}]}<\/script>\n<!-- \/ Yoast SEO plugin. -->","yoast_head_json":{"title":"Roman - Road to Romania","robots":{"index":"index","follow":"follow","max-snippet":"max-snippet:-1","max-image-preview":"max-image-preview:large","max-video-preview":"max-video-preview:-1"},"canonical":"https:\/\/roadtoromania.com\/nl\/steden-en-regio-s-van-roemenie\/roman\/","og_locale":"nl_NL","og_type":"article","og_title":"Roman - Road to Romania","og_description":"Museum, een van de mooiste gebouwen in de stad. Foto door Radu Ana Maria De stad Roman is een van de belangrijkste stedelijke centra in het Roemeense Moldavi\u00eb . Zonder de omvang en het culturele belang van Iasi , Galati of Piatra Neamt , de luchthavens van de hoofdstad en Bacau , heeft Roman bepaalde &hellip; Roman Lees verder \u00bb","og_url":"https:\/\/roadtoromania.com\/nl\/steden-en-regio-s-van-roemenie\/roman\/","og_site_name":"Road to Romania","article_modified_time":"2022-10-22T09:42:56+00:00","og_image":[{"width":768,"height":514,"url":"https:\/\/roadtoromania.com\/wp-content\/uploads\/2022\/10\/roman-museos-rumania-1.jpg","type":"image\/jpeg"}],"twitter_card":"summary_large_image","twitter_misc":{"Geschatte leestijd":"4 minuten"},"schema":{"@context":"https:\/\/schema.org","@graph":[{"@type":"WebPage","@id":"https:\/\/roadtoromania.com\/nl\/steden-en-regio-s-van-roemenie\/roman\/","url":"https:\/\/roadtoromania.com\/nl\/steden-en-regio-s-van-roemenie\/roman\/","name":"Roman - Road to Romania","isPartOf":{"@id":"https:\/\/roadtoromania.com\/nl\/#website"},"datePublished":"2022-10-15T18:40:11+00:00","dateModified":"2022-10-22T09:42:56+00:00","breadcrumb":{"@id":"https:\/\/roadtoromania.com\/nl\/steden-en-regio-s-van-roemenie\/roman\/#breadcrumb"},"inLanguage":"nl-NL","potentialAction":[{"@type":"ReadAction","target":["https:\/\/roadtoromania.com\/nl\/steden-en-regio-s-van-roemenie\/roman\/"]}]},{"@type":"BreadcrumbList","@id":"https:\/\/roadtoromania.com\/nl\/steden-en-regio-s-van-roemenie\/roman\/#breadcrumb","itemListElement":[{"@type":"ListItem","position":1,"name":"Home","item":"https:\/\/roadtoromania.com\/nl\/"},{"@type":"ListItem","position":2,"name":"Steden en regio&#8217;s van Roemeni\u00eb","item":"https:\/\/roadtoromania.com\/nl\/steden-en-regio-s-van-roemenie\/"},{"@type":"ListItem","position":3,"name":"Roman"}]},{"@type":"WebSite","@id":"https:\/\/roadtoromania.com\/nl\/#website","url":"https:\/\/roadtoromania.com\/nl\/","name":"Road to Romania","description":"De blog waar u alle informatie vindt om van Roemeni\u00eb te genieten.","potentialAction":[{"@type":"SearchAction","target":{"@type":"EntryPoint","urlTemplate":"https:\/\/roadtoromania.com\/nl\/?s={search_term_string}"},"query-input":"required name=search_term_string"}],"inLanguage":"nl-NL"}]}},"_links":{"self":[{"href":"https:\/\/roadtoromania.com\/nl\/wp-json\/wp\/v2\/pages\/3808","targetHints":{"allow":["GET"]}}],"collection":[{"href":"https:\/\/roadtoromania.com\/nl\/wp-json\/wp\/v2\/pages"}],"about":[{"href":"https:\/\/roadtoromania.com\/nl\/wp-json\/wp\/v2\/types\/page"}],"author":[{"embeddable":true,"href":"https:\/\/roadtoromania.com\/nl\/wp-json\/wp\/v2\/users\/1"}],"replies":[{"embeddable":true,"href":"https:\/\/roadtoromania.com\/nl\/wp-json\/wp\/v2\/comments?post=3808"}],"version-history":[{"count":0,"href":"https:\/\/roadtoromania.com\/nl\/wp-json\/wp\/v2\/pages\/3808\/revisions"}],"up":[{"embeddable":true,"href":"https:\/\/roadtoromania.com\/nl\/wp-json\/wp\/v2\/pages\/3782"}],"wp:featuredmedia":[{"embeddable":true,"href":"https:\/\/roadtoromania.com\/nl\/wp-json\/wp\/v2\/media\/1321"}],"wp:attachment":[{"href":"https:\/\/roadtoromania.com\/nl\/wp-json\/wp\/v2\/media?parent=3808"}],"curies":[{"name":"wp","href":"https:\/\/api.w.org\/{rel}","templated":true}]}}