{"id":3815,"date":"2022-10-15T18:40:14","date_gmt":"2022-10-15T18:40:14","guid":{"rendered":"https:\/\/roadtoromania.com\/steden-en-regio-s-van-roemenie\/targu-mures\/"},"modified":"2022-10-22T09:43:05","modified_gmt":"2022-10-22T09:43:05","slug":"targu-mures","status":"publish","type":"page","link":"https:\/\/roadtoromania.com\/nl\/steden-en-regio-s-van-roemenie\/targu-mures\/","title":{"rendered":"T\u00e2rgu Mure\u0219"},"content":{"rendered":"<p> <strong>T\u00e2rgu Mure\u0219<\/strong> (of <strong>T\u00eergu Mure\u0219<\/strong> in het Oud-Roemeens) is een stad in het departement Mures, gelegen in de regio <a href=\"https:\/\/roadtoromania.com\/nl\/steden-en-regio-s-van-roemenie\/transsylvanie\/\"> <strong>Transsylvani\u00eb<\/strong><\/a> , met de Oostelijke Karpaten en de rivier de Mures in het oosten en de stad <a href=\"https:\/\/roadtoromania.com\/nl\/steden-en-regio-s-van-roemenie\/cluj-napoca\/\"> <strong>Cluj Napuca<\/strong><\/a> iets verder naar het westen.<\/p>\n<p>\n<a href=\"https:\/\/roadtoromania.com\/wp-content\/uploads\/2022\/10\/targu_mures.jpg\"><img decoding=\"async\" src=\"https:\/\/roadtoromania.com\/wp-content\/uploads\/2022\/10\/targu_mures.jpg\" \/><\/a> <\/p>\n<p>\nBewoond sinds het neolithicum, de bronstijd en veel later als Dacische en Romeinse kolonie, hebben de minerale afzettingen van zout, ijzer en aardgas, naast de bloeiende landbouw, zijn groei en voortdurende natuurlijke exploitatie bevorderd.<\/p>\n<p>\n <strong>T\u00e2rgu Mure\u0219<\/strong> weerspiegelt de sporen van de Hongaarse invloed gedurende vele eeuwen, vooral in de architectuur en de vele trouw bewaarde tradities. Marosv\u00e1s\u00e1rhely is de Hongaarse naam voor de stad, en Neumarkt am Mieresch is de Duitse naam, die net als het woord &#8220;T\u00e2rgu Mure\u015f&#8221; (markt van Mures) de belangrijkste economische activiteit en het commerci\u00eble karakter van de stad weergeeft.<\/p>\n<div id=\"toc_container\" class=\"no_bullets\"><p class=\"toc_title\">Contents<\/p><ul class=\"toc_list\"><li><a href=\"#Geschiedenis_van_Targu_Mures\"><span class=\"toc_number toc_depth_1\">1<\/span> \n Geschiedenis van T\u00e2rgu Mure\u0219 <\/a><\/li><li><a href=\"#Wat_te_zien_in_Targa_Mures\"><span class=\"toc_number toc_depth_1\">2<\/span> \n Wat te zien in Targa Mures <\/a><ul><li><a href=\"#Kasteel_van_Targu_Mures_Cetatea_medievala\"><span class=\"toc_number toc_depth_2\">2.1<\/span> \n Kasteel van Targu Mures (Cetatea medievala) <\/a><\/li><li><a href=\"#Excursies_vanuit_Targu_Mures\"><span class=\"toc_number toc_depth_2\">2.2<\/span> \n Excursies vanuit Targu Mures <\/a><\/li><\/ul><\/li><\/ul><\/div>\n<h2><span id=\"Geschiedenis_van_Targu_Mures\">\n <strong>Geschiedenis van T\u00e2rgu Mure\u0219<\/strong> <\/span><\/h2>\n<p>\nDe eerste verwijzingen naar de stad die we vinden in het Latijnse document Novum Forum Siculorum (1332), verwijzen in feite naar deze marktbeweging, en bij andere gelegenheden vinden we haar aangeduid als Agropolis, waaruit de rol blijkt die de omliggende landbouw speelde.<\/p>\n<p>\nTijdens de Middeleeuwen gaf de vervaardiging van producten door de plaatselijke gilden een impuls aan de stad, met name het schoenmakersgilde, dat meer dan 250 leden telde. Gedurende de Middeleeuwen en nog intensiever gedurende de eeuwen tot aan de 20e eeuw heeft Targu Mures zware perioden doorgemaakt, met voortdurende invallen en invasies tussen Hongaren, Roemenen en Turken, die de stad herhaaldelijk verwoestten. Dit is een van de redenen waarom er nauwelijks oude gebouwen zijn, en praktisch de hele stad dateert uit de 19e eeuw.<\/p>\n<p>\nIn feite was de 19e eeuw een belangrijk keerpunt voor de stadsplanning, met belangrijke transformaties die de stad de twee kathedralen gaven die we nu zien, de orthodoxe en de katholieke kathedraal.<\/p>\n<p>\nDe komst van het spoorwegnet bracht een bloei van de stad, en vooral van het stadscentrum, rond het plein Piata Trandafirilor, waarvan de straten met caf\u00e9s, restaurants, kerken en monumenten erg druk zijn.<\/p>\n<h2><span id=\"Wat_te_zien_in_Targa_Mures\">\n <strong>Wat te zien in Targa Mures<\/strong> <\/span><\/h2>\n<p>\nEen van de grootste attracties is het <strong>Paleis van Cultuur<\/strong> (Palatul Culturii), een elegant gebouw uit het begin van de 19e eeuw waarin verschillende musea van Targa Mures zijn ondergebracht. Teleki House<\/strong> (17 Str. Bolyai Street), ter ere van de kanselier van Transsylvani\u00eb die het documentatiecentrum bevorderde waarin deze grote bibliotheek, die nu meer dan 250.000 boeken herbergt, is ondergebracht. Het werd opgericht aan het einde van de 19e eeuw en bezit incunabelen en manuscripten, alsmede enkele waardevolle wetenschappelijke en wiskundige uitgaven. Samuel Teleki woonde lange tijd in het dorp Dumbravioara, aan de rand van Tirgu Mures, en wilde meer dan 40 boeken aan de stad schenken.000 boeken die hij verzamelde.<\/p>\n<p>\nDezelfde kanselier zat tussen 1820 en 1822 achter de bouw van het <strong>Paleis van Apollo<\/strong> , (Palatul Apollo), een gebouw versierd in een late barokstijl, waarvan de gevel al in de 19e eeuw werd gewijzigd (Piata Trandafirilor 5). Het was het toneel van grote sociale evenementen en bals van de high society van de stad, en toen het in de jaren 1920 werd verkocht, werd het verbouwd in de eclectische Art Nouveau-stijl die we vandaag de dag zien.<\/p>\n<p>\nTwee andere unieke gebouwen zijn het oude en het nieuwe <strong>stadhuis<\/strong> . Het eerste wordt gebruikt als tentoonstelling en werkplaats voor lokale kunstenaars, terwijl het tweede, ontworpen door architecten Komor Marcel en Jakob Dezs\u00f6, diende om de stad een nieuw gezicht te geven, modern en in de Art Nouveau stijl als de nieuwe modieuze trend in Transsylvani\u00eb.<\/p>\n<p>\nOnze aanbeveling is een bezoek aan de houten biserica (kerk) van de Aartsengel Micha\u00ebl, de oudste orthodoxe kerk van de stad, die invloeden van de traditionele landelijke architectuur combineert met barokke elementen (1793).<\/p>\n<h3><span id=\"Kasteel_van_Targu_Mures_Cetatea_medievala\">\n <strong>Kasteel van Targu Mures (Cetatea medievala)<\/strong> <\/span><\/h3>\n<p>\nDe geschiedenis van het kasteel gaat terug tot prins Stefan Bathory, die in 1492 de versterking oprichtte naast het franciscanenklooster en de kerk. Aan de middeleeuwse verdedigingsarchitectuur werden in de 17e eeuw verschillende bastions toegevoegd, aangepast voor het gebruik van kanonnen. In de volgende eeuw voegde Vaubans nieuwe conceptie nieuwe elementen toe, zichtbaar in andere fortificaties zoals die van Alba-Iulia, Oradea of Timisoara <\/p>\n<p>.<\/p>\n<p>\nTargu Mures heeft verschillende <strong>musea<\/strong> die van bijzonder belang zijn voor liefhebbers van etnografie, geschiedenis, gewoonten en kunst, zoals:<\/p>\n<p>\n&#8211; Kunstmuseum (Muzeul de Arta).\u00a0Str. Enescu 2<\/p>\n<p>\n&#8211; Etnografisch en volkskundig museum (Muzeul de Etnografie si Arta Populara).\u00a0Adres: Piata Trandafirilor 11<\/p>\n<p>\n&#8211; Museum van de Geschiedenis (Muzeul de Istorie).\u00a0Adres: Piata Trandafirilor 11<\/p>\n<p>\n&#8211; Ion Vlasiu&#8221; Galerie.\u00a0Adres: Str. Bolyai Farkas 17<\/p>\n<p>\n&#8211; Museum voor Natuurwetenschappen (Sectia de Stiintele Naturii).\u00a0Adres: Str. Horea 24<\/p>\n<p>\n&#8211; Museum voor Geschiedenis en Archeologie (Muzeul Judetean de Arheologie si Istorie).\u00a0Adres: Str. Horea 24<\/p>\n<h3><span id=\"Excursies_vanuit_Targu_Mures\">\n <strong>Excursies vanuit Targu Mures<\/strong> <\/span><\/h3>\n<p>\nDe stad Targu Mures nodigt u uit om er te overnachten en van hieruit uitstapjes te maken naar interessante plaatsen in de omgeving:<\/p>\n<p> Reghin<\/strong> , gelegen aan de twee oevers van de rivier Mures, is beroemd om het vakmanschap van de vioolbouwers van de stad. De stad dateert uit 1218, toen de Saksen een nederzetting bouwden op de ru\u00efnes van een Dacisch fort. Bezoek het centrale plein van de stad, Piata Petru Maior, met prachtige gebouwen met smeedijzeren balkons en kleurrijke gevels.<\/p>\n<p>\n <strong>Turda<\/strong> , waarvan de zoutmijnen sinds 1271 worden ge\u00ebxploiteerd. Gedurende het grootste deel van de 20e eeuw werden de oude mijnen gebruikt als afzetting voor kaas. Vandaag zijn ze open voor bezoekers. Turda was in de 16e eeuw de zetel van de Transsylvanische Diet en daarmee een van de rijkste steden in de regio. Ten oosten van Turda kunnen we ons ontspannen in Baile Turda, een natuurlijk openlucht kuuroord gebouwd op de plaats van een oude Romeinse zoutmijn.<\/p>\n<p>\nIn <strong>Jidvei<\/strong> kunnen we de wijnen proeven in de kelders van kasteel Bethlen in Cetatea de Balta, gelegen tussen Tarnaveni en Blaj.\u00a0 En bij een bezoek aan <strong>Corund<\/strong> maken we kennis met het vakmanschap van de plaatselijke pottenbakkers met hun karakteristieke blauw-witte ontwerpen.<\/p>\n<p>\nAndere dorpen en plaatsen zijn de middeleeuwse stad Medios, Biertan en Saschiz.<\/p>\n<p> Kaart van Targu Mures<\/strong> <\/h2>\n","protected":false},"excerpt":{"rendered":"<p>T\u00e2rgu Mure\u0219 (of T\u00eergu Mure\u0219 in het Oud-Roemeens) is een stad in het departement Mures, gelegen in de regio Transsylvani\u00eb , met de Oostelijke Karpaten en de rivier de Mures in het oosten en de stad Cluj Napuca iets verder naar het westen. Bewoond sinds het neolithicum, de bronstijd en veel later als Dacische en &hellip;<\/p>\n<p class=\"read-more\"> <a class=\"\" href=\"https:\/\/roadtoromania.com\/nl\/steden-en-regio-s-van-roemenie\/targu-mures\/\"> <span class=\"screen-reader-text\">T\u00e2rgu Mure\u0219<\/span> Lees verder \u00bb<\/a><\/p>\n","protected":false},"author":1,"featured_media":1395,"parent":3782,"menu_order":0,"comment_status":"open","ping_status":"open","template":"","meta":{"site-sidebar-layout":"default","site-content-layout":"default","ast-global-header-display":"","ast-main-header-display":"","ast-hfb-above-header-display":"","ast-hfb-below-header-display":"","ast-hfb-mobile-header-display":"","site-post-title":"","ast-breadcrumbs-content":"","ast-featured-img":"","footer-sml-layout":"","theme-transparent-header-meta":"","adv-header-id-meta":"","stick-header-meta":"","header-above-stick-meta":"","header-main-stick-meta":"","header-below-stick-meta":"","footnotes":""},"class_list":["post-3815","page","type-page","status-publish","has-post-thumbnail","hentry"],"yoast_head":"<!-- This site is optimized with the Yoast SEO plugin v19.10 - https:\/\/yoast.com\/wordpress\/plugins\/seo\/ -->\n<title>T\u00e2rgu Mure\u0219 - Road to Romania<\/title>\n<meta name=\"robots\" content=\"index, follow, max-snippet:-1, max-image-preview:large, max-video-preview:-1\" \/>\n<link rel=\"canonical\" href=\"https:\/\/roadtoromania.com\/nl\/steden-en-regio-s-van-roemenie\/targu-mures\/\" \/>\n<meta property=\"og:locale\" content=\"nl_NL\" \/>\n<meta property=\"og:type\" content=\"article\" \/>\n<meta property=\"og:title\" content=\"T\u00e2rgu Mure\u0219 - Road to Romania\" \/>\n<meta property=\"og:description\" content=\"T\u00e2rgu Mure\u0219 (of T\u00eergu Mure\u0219 in het Oud-Roemeens) is een stad in het departement Mures, gelegen in de regio Transsylvani\u00eb , met de Oostelijke Karpaten en de rivier de Mures in het oosten en de stad Cluj Napuca iets verder naar het westen. Bewoond sinds het neolithicum, de bronstijd en veel later als Dacische en &hellip; T\u00e2rgu Mure\u0219 Lees verder \u00bb\" \/>\n<meta property=\"og:url\" content=\"https:\/\/roadtoromania.com\/nl\/steden-en-regio-s-van-roemenie\/targu-mures\/\" \/>\n<meta property=\"og:site_name\" content=\"Road to Romania\" \/>\n<meta property=\"article:modified_time\" content=\"2022-10-22T09:43:05+00:00\" \/>\n<meta property=\"og:image\" content=\"https:\/\/roadtoromania.com\/wp-content\/uploads\/2022\/10\/targu_mures-1.jpg\" \/>\n\t<meta property=\"og:image:width\" content=\"768\" \/>\n\t<meta property=\"og:image:height\" content=\"125\" \/>\n\t<meta property=\"og:image:type\" content=\"image\/jpeg\" \/>\n<meta name=\"twitter:card\" content=\"summary_large_image\" \/>\n<meta name=\"twitter:label1\" content=\"Geschatte leestijd\" \/>\n\t<meta name=\"twitter:data1\" content=\"5 minuten\" \/>\n<script type=\"application\/ld+json\" class=\"yoast-schema-graph\">{\"@context\":\"https:\/\/schema.org\",\"@graph\":[{\"@type\":\"WebPage\",\"@id\":\"https:\/\/roadtoromania.com\/nl\/steden-en-regio-s-van-roemenie\/targu-mures\/\",\"url\":\"https:\/\/roadtoromania.com\/nl\/steden-en-regio-s-van-roemenie\/targu-mures\/\",\"name\":\"T\u00e2rgu Mure\u0219 - Road to Romania\",\"isPartOf\":{\"@id\":\"https:\/\/roadtoromania.com\/nl\/#website\"},\"datePublished\":\"2022-10-15T18:40:14+00:00\",\"dateModified\":\"2022-10-22T09:43:05+00:00\",\"breadcrumb\":{\"@id\":\"https:\/\/roadtoromania.com\/nl\/steden-en-regio-s-van-roemenie\/targu-mures\/#breadcrumb\"},\"inLanguage\":\"nl-NL\",\"potentialAction\":[{\"@type\":\"ReadAction\",\"target\":[\"https:\/\/roadtoromania.com\/nl\/steden-en-regio-s-van-roemenie\/targu-mures\/\"]}]},{\"@type\":\"BreadcrumbList\",\"@id\":\"https:\/\/roadtoromania.com\/nl\/steden-en-regio-s-van-roemenie\/targu-mures\/#breadcrumb\",\"itemListElement\":[{\"@type\":\"ListItem\",\"position\":1,\"name\":\"Home\",\"item\":\"https:\/\/roadtoromania.com\/nl\/\"},{\"@type\":\"ListItem\",\"position\":2,\"name\":\"Steden en regio&#8217;s van Roemeni\u00eb\",\"item\":\"https:\/\/roadtoromania.com\/nl\/steden-en-regio-s-van-roemenie\/\"},{\"@type\":\"ListItem\",\"position\":3,\"name\":\"T\u00e2rgu Mure\u0219\"}]},{\"@type\":\"WebSite\",\"@id\":\"https:\/\/roadtoromania.com\/nl\/#website\",\"url\":\"https:\/\/roadtoromania.com\/nl\/\",\"name\":\"Road to Romania\",\"description\":\"De blog waar u alle informatie vindt om van Roemeni\u00eb te genieten.\",\"potentialAction\":[{\"@type\":\"SearchAction\",\"target\":{\"@type\":\"EntryPoint\",\"urlTemplate\":\"https:\/\/roadtoromania.com\/nl\/?s={search_term_string}\"},\"query-input\":\"required name=search_term_string\"}],\"inLanguage\":\"nl-NL\"}]}<\/script>\n<!-- \/ Yoast SEO plugin. -->","yoast_head_json":{"title":"T\u00e2rgu Mure\u0219 - Road to Romania","robots":{"index":"index","follow":"follow","max-snippet":"max-snippet:-1","max-image-preview":"max-image-preview:large","max-video-preview":"max-video-preview:-1"},"canonical":"https:\/\/roadtoromania.com\/nl\/steden-en-regio-s-van-roemenie\/targu-mures\/","og_locale":"nl_NL","og_type":"article","og_title":"T\u00e2rgu Mure\u0219 - Road to Romania","og_description":"T\u00e2rgu Mure\u0219 (of T\u00eergu Mure\u0219 in het Oud-Roemeens) is een stad in het departement Mures, gelegen in de regio Transsylvani\u00eb , met de Oostelijke Karpaten en de rivier de Mures in het oosten en de stad Cluj Napuca iets verder naar het westen. Bewoond sinds het neolithicum, de bronstijd en veel later als Dacische en &hellip; T\u00e2rgu Mure\u0219 Lees verder \u00bb","og_url":"https:\/\/roadtoromania.com\/nl\/steden-en-regio-s-van-roemenie\/targu-mures\/","og_site_name":"Road to Romania","article_modified_time":"2022-10-22T09:43:05+00:00","og_image":[{"width":768,"height":125,"url":"https:\/\/roadtoromania.com\/wp-content\/uploads\/2022\/10\/targu_mures-1.jpg","type":"image\/jpeg"}],"twitter_card":"summary_large_image","twitter_misc":{"Geschatte leestijd":"5 minuten"},"schema":{"@context":"https:\/\/schema.org","@graph":[{"@type":"WebPage","@id":"https:\/\/roadtoromania.com\/nl\/steden-en-regio-s-van-roemenie\/targu-mures\/","url":"https:\/\/roadtoromania.com\/nl\/steden-en-regio-s-van-roemenie\/targu-mures\/","name":"T\u00e2rgu Mure\u0219 - Road to Romania","isPartOf":{"@id":"https:\/\/roadtoromania.com\/nl\/#website"},"datePublished":"2022-10-15T18:40:14+00:00","dateModified":"2022-10-22T09:43:05+00:00","breadcrumb":{"@id":"https:\/\/roadtoromania.com\/nl\/steden-en-regio-s-van-roemenie\/targu-mures\/#breadcrumb"},"inLanguage":"nl-NL","potentialAction":[{"@type":"ReadAction","target":["https:\/\/roadtoromania.com\/nl\/steden-en-regio-s-van-roemenie\/targu-mures\/"]}]},{"@type":"BreadcrumbList","@id":"https:\/\/roadtoromania.com\/nl\/steden-en-regio-s-van-roemenie\/targu-mures\/#breadcrumb","itemListElement":[{"@type":"ListItem","position":1,"name":"Home","item":"https:\/\/roadtoromania.com\/nl\/"},{"@type":"ListItem","position":2,"name":"Steden en regio&#8217;s van Roemeni\u00eb","item":"https:\/\/roadtoromania.com\/nl\/steden-en-regio-s-van-roemenie\/"},{"@type":"ListItem","position":3,"name":"T\u00e2rgu Mure\u0219"}]},{"@type":"WebSite","@id":"https:\/\/roadtoromania.com\/nl\/#website","url":"https:\/\/roadtoromania.com\/nl\/","name":"Road to Romania","description":"De blog waar u alle informatie vindt om van Roemeni\u00eb te genieten.","potentialAction":[{"@type":"SearchAction","target":{"@type":"EntryPoint","urlTemplate":"https:\/\/roadtoromania.com\/nl\/?s={search_term_string}"},"query-input":"required name=search_term_string"}],"inLanguage":"nl-NL"}]}},"_links":{"self":[{"href":"https:\/\/roadtoromania.com\/nl\/wp-json\/wp\/v2\/pages\/3815","targetHints":{"allow":["GET"]}}],"collection":[{"href":"https:\/\/roadtoromania.com\/nl\/wp-json\/wp\/v2\/pages"}],"about":[{"href":"https:\/\/roadtoromania.com\/nl\/wp-json\/wp\/v2\/types\/page"}],"author":[{"embeddable":true,"href":"https:\/\/roadtoromania.com\/nl\/wp-json\/wp\/v2\/users\/1"}],"replies":[{"embeddable":true,"href":"https:\/\/roadtoromania.com\/nl\/wp-json\/wp\/v2\/comments?post=3815"}],"version-history":[{"count":0,"href":"https:\/\/roadtoromania.com\/nl\/wp-json\/wp\/v2\/pages\/3815\/revisions"}],"up":[{"embeddable":true,"href":"https:\/\/roadtoromania.com\/nl\/wp-json\/wp\/v2\/pages\/3782"}],"wp:featuredmedia":[{"embeddable":true,"href":"https:\/\/roadtoromania.com\/nl\/wp-json\/wp\/v2\/media\/1395"}],"wp:attachment":[{"href":"https:\/\/roadtoromania.com\/nl\/wp-json\/wp\/v2\/media?parent=3815"}],"curies":[{"name":"wp","href":"https:\/\/api.w.org\/{rel}","templated":true}]}}