{"id":3817,"date":"2022-10-15T18:40:14","date_gmt":"2022-10-15T18:40:14","guid":{"rendered":"https:\/\/roadtoromania.com\/steden-en-regio-s-van-roemenie\/transsylvanie\/"},"modified":"2022-10-22T09:43:05","modified_gmt":"2022-10-22T09:43:05","slug":"transsylvanie","status":"publish","type":"page","link":"https:\/\/roadtoromania.com\/nl\/steden-en-regio-s-van-roemenie\/transsylvanie\/","title":{"rendered":"Transsylvani\u00eb, meer dan alleen het land van Dracula"},"content":{"rendered":"<p>Zonder de schaduw van <strong>Bram Stoker&#8217;s<\/strong> werk zou de Roemeense regio Transsylvani\u00eb waarschijnlijk niet zo beroemd zijn, ten goede of ten kwade. De waarheid is dat het Transsylvani\u00eb dat ons via film en literatuur is overgeleverd een klein deel is van een werkelijkheid die zo gevarieerd en rijk is dat het moeilijk is om het in een reis van een week te omvatten.<\/p>\n<p><img decoding=\"async\" src=\"https:\/\/roadtoromania.com\/wp-content\/uploads\/2022\/10\/transilvania-rumania-dracula.png\" \/>Het beroemde Bran Stoker kasteel wordt elk jaar door honderden toeristen bezocht, aangetrokken door de mythe van Dracula. Foto door jfreaks.<\/p>\n<p>\nGelegen in het hart van Roemeni\u00eb, met de Maramures in het noorden, Walachije in het zuiden, <a href=\"https:\/\/roadtoromania.com\/nl\/monumenten-van-roemenie-wat-te-zien-in-roemenie\/moldavie-roemeens\/\">Moldavi\u00eb<\/a> in het oosten en de Banat en Crisana in het westen, varieert het reli\u00ebf van Transsylvani\u00eb van de heuvels en meren in het noorden tot de beboste valleien in het zuiden. In de regio Transsylvani\u00eb liggen enkele van de best bewaarde middeleeuwse steden van Europa  , zoals <strong><a href=\"https:\/\/roadtoromania.com\/nl\/steden-en-regio-s-van-roemenie\/brasov\/\"> Brasov<\/a> <\/strong> met zijn oude Saksische architectuur, <strong>Sighisoara<\/strong><\/strong> , met zijn citadel en 14e eeuwse klokkentoren, <a href=\"https:\/\/roadtoromania.com\/nl\/steden-en-regio-s-van-roemenie\/cluj-napoca\/\"> <strong>Cluj &#8211; Napoca<\/strong><\/a> , met zijn prachtige historische centrum, of <strong><a href=\"https:\/\/roadtoromania.com\/nl\/steden-en-regio-s-van-roemenie\/sibiu\/\">Sibiu<\/a> <\/strong> , met zijn kleurrijke huizen en geplaveide straten.<\/p>\n<p> Wat te zien in Transsylvani\u00eb<\/strong> <\/h2>\n<p>\nMaar in Transsylvani\u00eb zijn er ook andere unieke architectonische <strong>oya&#8217;s<\/strong> zoals de <strong>Dacische forten in het zuiden van Transsylvani\u00eb, in Sarmisegetuza<\/strong> &#8211; een UNESCO werelderfgoed &#8211; of het <a href=\"https:\/\/roadtoromania.com\/nl\/monumenten-van-roemenie-wat-te-zien-in-roemenie\/bran-castle-dracula-s-kasteel\/\"> <strong>kasteel van Vlad Tepes<\/strong><\/a> , beter bekend van de 19e eeuwse mythe van Dracula, in Bran, twee van de vlaggenschepen van de geschiedenis van deze regio van Roemeni\u00eb. En bij Brasov en Bran zijn er de <strong>versterkte kerken<\/strong> van <a href=\"https:\/\/roadtoromania.com\/nl\/steden-en-regio-s-van-roemenie\/agnita\/\"> <strong>Agnita<\/strong><\/a> , <a href=\"https:\/\/roadtoromania.com\/nl\/monumenten-van-roemenie-wat-te-zien-in-roemenie\/biertan\/\"> <strong>Biertan<\/strong><\/a> , Calnic, Harman, Darjiu, <a href=\"https:\/\/roadtoromania.com\/nl\/monumenten-van-roemenie-wat-te-zien-in-roemenie\/versterkte-kerk-van-prejmer\/\"><\/strong> Prejmer<\/strong><\/a> &#8211; de grootste versterkte kerk in Zuidoost-Europa, Saschiz, Viilor Valea, en Viscri, UNESCO Werelderfgoed<\/strong><\/strong> .<\/p>\n<p>\nEn andere niet te missen plaatsen op onze reis zijn: het <a href=\"https:\/\/roadtoromania.com\/nl\/monumenten-van-roemenie-wat-te-zien-in-roemenie\/kasteel-rasnov\/\"> <strong>Rasnov Fort<\/strong><\/a> , gebouwd in 1300 door de Teutoonse Ridders om Transylvani\u00eb te beschermen tegen de Tartaren en de Turken. Het 15e eeuwse<\/strong> kasteel Corvinesti, het mooiste kasteel van Transsylvani\u00eb, gelegen bij <a href=\"https:\/\/roadtoromania.com\/nl\/steden-en-regio-s-van-roemenie\/hunedoara\/\"> <strong>Hunedoara<\/strong><\/a> , met de weelderige ridderzaal en de torens en steunberen, die doen denken aan de middeleeuwen. In <strong>Sibiu<\/strong> , het <strong>Kunstmuseum, in het prachtige Bruckentha Paleis<\/strong> l en, ten noordwesten van de stad, Marginimea Sibiului, waar we meer dan 18 traditionele dorpen kunnen bezoeken. Europa&#8217;s grootste Museum van Beschilderde Glazen Iconen<\/strong> , gelegen in Sibiel.<\/p>\n<p><a href=\"https:\/\/roadtoromania.com\/wp-content\/uploads\/2022\/10\/transilvania-museos-dracula.jpg\"><img decoding=\"async\" src=\"https:\/\/roadtoromania.com\/wp-content\/uploads\/2022\/10\/transilvania-museos-dracula.jpg\" \/><\/a> Het architectonisch mooie Bruckental Museum in Sibiu. Foto door Travel &#038; Foto.<\/p>\n<h3> <strong>Belangrijkste musea van Transsylvani\u00eb<\/strong> <\/h3>\n<p>\nEenheidsmuseum van Alba Iulia<br \/<\nBrasov:<br \/&#038;><br \/>\nEtnografisch Museum van Brasov<\/p>\n<p>Brasov Museum of Art<br \/>\n Brasov Museum of History<br \/>\n Brasov Museum of History<\/p>\n<p>Brasov History Museum<br \/>\n Brasov Weavers Museum<\/p>\n<p>Brasov Weversmuseum<\/p>\n<p>\nCluj: <\/p>\n<p>Transsylvanisch Etnografisch Museum in Cluj<\/p>\n<p>Nationaal Kunstmuseum van Cluj &#8211; collecties wapens en schilderijen uit de Middeleeuwen<\/p>\n<p>Nationaal Museum voor Transsylvanische Geschiedenis in Cluj<\/p>\n<p>\nSibiu:<\/p>\n<p>Museum van Volkskunst en Tradities (ASTRA) in Sibiu<\/p>\n<p>Bruckental Museum in Sibiu &#8211; het beste kunstmuseum in Transsylvani\u00eb.<\/p>\n<p>\nSighisoara:<\/p>\n<p>Historisch museum in Sighisoara, met de folterkamer<\/p>\n<p><img decoding=\"async\" src=\"data:image\/gif;base64,R0lGODdhAQABAPAAAMPDwwAAACwAAAAAAQABAAACAkQBADs=\" \/>Transsylvani\u00eb heeft een rijk natuurlijk erfgoed. Op de foto van Dan Preja, de Scarisoara-gletsjer, de op \u00e9\u00e9n na grootste gletsjer op aarde.<\/p>\n<p>\nTranssylvani\u00eb heeft ook <strong>natuurlijke landschappen van unieke schoonheid<\/strong> zoals het <strong>Apuseni-gebergte<\/strong> , in de Westelijke Karpaten &#8211; een prachtig en mysterieus landschap tegelijk &#8211; het <strong>Retezat Nationaal Park, de Chiscau Berengrot en de Vartop Grot, of de Scarisoara Gletsjer<\/strong> &#8211; de op \u00e9\u00e9n na grootste gletsjer op aarde.<\/p>\n<p>\nHet erfgoed van Transsylvani\u00eb is dus rijk en gevarieerd, het resultaat van de verschillende culturen die de regio hebben be\u00efnvloed, waaronder de Germaanse en de Hongaarse, wat tot uiting komt in de architectuur, cultuur en keuken. Anderzijds bestaan er in de regio nog steeds eeuwenoude tradities <strong>en veel mensen oefenen nog beroepen uit die in andere delen van Europa verloren gaan: herders, wevers, smeden&#8230; Dat is het geval voor de bewoners van de Ariesi-vallei, in het zogenaamde Moti-land (Tara Motilor), waar zich <strong>verspreid liggende dorpen bevinden op bijna 1300 meter boven de zeespiegel.<\/strong> <\/p>\n<\/h2>\n<p><\/strong> Parken en buitenavonturen in Transsylvani\u00eb<\/strong> <\/h2>\n<p>\nNatuurpark Apuseni &#8211; een paradijs voor speleologen<\/p>\n<p>Gradistea Muncelului-Cioclovina Natuurpark &#8211; archeologische site<\/p>\n<p>Nationaal Park Piatra Craiului &#8211; spectaculaire steile rotswanden, ongerepte bossen en een van de diepste ondergrondse afgronden ter wereld (539 meter).<\/p>\n<p> Hoe in Transsylvani\u00eb te komen<\/strong> <\/h2>\n<h3>\n <strong>Met het vliegtuig<\/strong> <\/h3>\n<p>\nDe beste optie om Transsylvani\u00eb vanuit Spanje te bezoeken is ofwel via <a href=\"https:\/\/roadtoromania.com\/nl\/steden-en-regio-s-van-roemenie\/cluj-napoca\/\">Cluj-Napoca luchthaven,<\/a> of via <a href=\"https:\/\/roadtoromania.com\/nl\/steden-en-regio-s-van-roemenie\/boekarest\/\">Boekarest<\/a> , en bezoek dan de steden <a href=\"https:\/\/roadtoromania.com\/nl\/steden-en-regio-s-van-roemenie\/sibiu\/\">Sibiu<\/a> , Brasov en Cluj-Napoca, de hoofdstad van de regio. Voor meer informatie, klik op onze vluchten naar Roemeni\u00eb<\/a> pagina.<\/p>\n<p> Reizen met de trein<\/strong> <\/h3>\n<p>\nAls u met het vliegtuig in Boekarest aankomt, kunt u vervolgens <strong>een trein nemen of een auto huren<\/strong> om de regio te verkennen. De <strong>belangrijkste treinstations<\/strong> in Transsylvani\u00eb zijn: Alba Iulia, Bistrita, Brasov, Cluj Napoca, Medias, Miercurea Ciuc, Sebes, Sfantu Gheorghe, Sibiu, Sighisoara en <a href=\"https:\/\/roadtoromania.com\/nl\/steden-en-regio-s-van-roemenie\/targu-mures\/\"> <strong>Targu Mures<\/strong><\/a> . Er rijden dagelijks treinen van en naar Boekarest.<\/p>\n<p> Reizen met de auto<\/strong> <\/h3>\n<p>\nOm de regio Transsylvani\u00eb te verkennen, is het huren van een auto <a href=\"https:\/\/roadtoromania.com\/nl\/autoverhuur-in-roemenie\/\"> een van de interessantste opties, omdat u zich dan vrij en comfortabel kunt verplaatsen. Ga voor meer informatie naar onze autoverhuur pagina.<\/p>\n<p> Gastronomie in Transsylvani\u00eb<\/strong> <\/h2>\n<p>\nDe Transsylvaanse keuken kent een <strong>grote verscheidenheid aan gerechten, vooral vlees<\/strong> (varkens-, rund- en lamsvlees). De <strong>soepen<\/strong> zijn vrij populair, evenals de zelfgemaakte pasta. Aangezien kool (varza) een van de belangrijkste producten van de Roemeense keuken is, raden wij u aan de Roemeense versie van lasagne <strong>te proberen: &#8220;Varza Cluj style&#8221;<\/strong> , bereid uit verschillende lagen kool en vlees vermengd met rijst en spek. Daarnaast worden in de Transsylvaanse keuken vaak verschillende kruiden gebruikt, zoals peper, tijm en dragon.<\/p>\n<p><img decoding=\"async\" src=\"data:image\/gif;base64,R0lGODdhAQABAPAAAMPDwwAAACwAAAAAAQABAAACAkQBADs=\" \/>Kaart van Transsylvani\u00eb<\/p>\n<p>\nEn laten we de wijnen niet vergeten, vooral de uitstekende witte wijn <strong>, geproduceerd in de wijngaarden van het Tarnave gebied: Blaj, Jidvei, Medias, Tarnaveni, Zagar en Valea Nirajului. Daar is het klimaat ideaal voor de productie van <strong>wijnen<\/strong> zoals: Feteasca Alba, Feteasca Regala, Sauvignon, Muscat Ottonel, Chardonnay, Pinot Gris en Traminer. Transylvani\u00eb is ook beroemd om zijn <strong>heerlijke likeuren<\/strong> zoals Palinca, Horinca en Rachie &#8211; heerlijke soorten Brandy &#8211; gemaakt van fruit: appel, peer, pruim en braam.<\/p>\n<p>\nBezoek voor meer informatie onze pagina over <a href=\"https:\/\/roadtoromania.com\/nl\/roemeense-gastronomie\/\">Gastronomie in Roemeni\u00eb<\/a> .<\/p>\n<p>\n<a href=\"https:\/\/roadtoromania.com\/nl\/kaarten-van-roemenie\/kaart-en-plattegrond-van-transsylvanie\/\">Kaart en plan van Transsylvani\u00eb<\/a> .<\/p>\n","protected":false},"excerpt":{"rendered":"<p>Zonder de schaduw van Bram Stoker&#8217;s werk zou de Roemeense regio Transsylvani\u00eb waarschijnlijk niet zo beroemd zijn, ten goede of ten kwade. De waarheid is dat het Transsylvani\u00eb dat ons via film en literatuur is overgeleverd een klein deel is van een werkelijkheid die zo gevarieerd en rijk is dat het moeilijk is om het &hellip;<\/p>\n<p class=\"read-more\"> <a class=\"\" href=\"https:\/\/roadtoromania.com\/nl\/steden-en-regio-s-van-roemenie\/transsylvanie\/\"> <span class=\"screen-reader-text\">Transsylvani\u00eb, meer dan alleen het land van Dracula<\/span> Lees verder \u00bb<\/a><\/p>\n","protected":false},"author":1,"featured_media":1423,"parent":3782,"menu_order":0,"comment_status":"open","ping_status":"open","template":"","meta":{"site-sidebar-layout":"default","site-content-layout":"default","ast-global-header-display":"","ast-main-header-display":"","ast-hfb-above-header-display":"","ast-hfb-below-header-display":"","ast-hfb-mobile-header-display":"","site-post-title":"","ast-breadcrumbs-content":"","ast-featured-img":"","footer-sml-layout":"","theme-transparent-header-meta":"","adv-header-id-meta":"","stick-header-meta":"","header-above-stick-meta":"","header-main-stick-meta":"","header-below-stick-meta":"","footnotes":""},"class_list":["post-3817","page","type-page","status-publish","has-post-thumbnail","hentry"],"yoast_head":"<!-- This site is optimized with the Yoast SEO plugin v19.10 - https:\/\/yoast.com\/wordpress\/plugins\/seo\/ -->\n<title>Transsylvani\u00eb, meer dan alleen het land van Dracula - Road to Romania<\/title>\n<meta name=\"robots\" content=\"index, follow, max-snippet:-1, max-image-preview:large, max-video-preview:-1\" \/>\n<link rel=\"canonical\" href=\"https:\/\/roadtoromania.com\/nl\/steden-en-regio-s-van-roemenie\/transsylvanie\/\" \/>\n<meta property=\"og:locale\" content=\"nl_NL\" \/>\n<meta property=\"og:type\" content=\"article\" \/>\n<meta property=\"og:title\" content=\"Transsylvani\u00eb, meer dan alleen het land van Dracula - Road to Romania\" \/>\n<meta property=\"og:description\" content=\"Zonder de schaduw van Bram Stoker&#8217;s werk zou de Roemeense regio Transsylvani\u00eb waarschijnlijk niet zo beroemd zijn, ten goede of ten kwade. De waarheid is dat het Transsylvani\u00eb dat ons via film en literatuur is overgeleverd een klein deel is van een werkelijkheid die zo gevarieerd en rijk is dat het moeilijk is om het &hellip; Transsylvani\u00eb, meer dan alleen het land van Dracula Lees verder \u00bb\" \/>\n<meta property=\"og:url\" content=\"https:\/\/roadtoromania.com\/nl\/steden-en-regio-s-van-roemenie\/transsylvanie\/\" \/>\n<meta property=\"og:site_name\" content=\"Road to Romania\" \/>\n<meta property=\"article:modified_time\" content=\"2022-10-22T09:43:05+00:00\" \/>\n<meta property=\"og:image\" content=\"https:\/\/roadtoromania.com\/wp-content\/uploads\/2022\/10\/transilvania-rumania-dracula-1.png\" \/>\n\t<meta property=\"og:image:width\" content=\"641\" \/>\n\t<meta property=\"og:image:height\" content=\"423\" \/>\n\t<meta property=\"og:image:type\" content=\"image\/png\" \/>\n<meta name=\"twitter:card\" content=\"summary_large_image\" \/>\n<meta name=\"twitter:label1\" content=\"Geschatte leestijd\" \/>\n\t<meta name=\"twitter:data1\" content=\"2 minuten\" \/>\n<script type=\"application\/ld+json\" class=\"yoast-schema-graph\">{\"@context\":\"https:\/\/schema.org\",\"@graph\":[{\"@type\":\"WebPage\",\"@id\":\"https:\/\/roadtoromania.com\/nl\/steden-en-regio-s-van-roemenie\/transsylvanie\/\",\"url\":\"https:\/\/roadtoromania.com\/nl\/steden-en-regio-s-van-roemenie\/transsylvanie\/\",\"name\":\"Transsylvani\u00eb, meer dan alleen het land van Dracula - Road to Romania\",\"isPartOf\":{\"@id\":\"https:\/\/roadtoromania.com\/nl\/#website\"},\"datePublished\":\"2022-10-15T18:40:14+00:00\",\"dateModified\":\"2022-10-22T09:43:05+00:00\",\"breadcrumb\":{\"@id\":\"https:\/\/roadtoromania.com\/nl\/steden-en-regio-s-van-roemenie\/transsylvanie\/#breadcrumb\"},\"inLanguage\":\"nl-NL\",\"potentialAction\":[{\"@type\":\"ReadAction\",\"target\":[\"https:\/\/roadtoromania.com\/nl\/steden-en-regio-s-van-roemenie\/transsylvanie\/\"]}]},{\"@type\":\"BreadcrumbList\",\"@id\":\"https:\/\/roadtoromania.com\/nl\/steden-en-regio-s-van-roemenie\/transsylvanie\/#breadcrumb\",\"itemListElement\":[{\"@type\":\"ListItem\",\"position\":1,\"name\":\"Home\",\"item\":\"https:\/\/roadtoromania.com\/nl\/\"},{\"@type\":\"ListItem\",\"position\":2,\"name\":\"Steden en regio&#8217;s van Roemeni\u00eb\",\"item\":\"https:\/\/roadtoromania.com\/nl\/steden-en-regio-s-van-roemenie\/\"},{\"@type\":\"ListItem\",\"position\":3,\"name\":\"Transsylvani\u00eb, meer dan alleen het land van Dracula\"}]},{\"@type\":\"WebSite\",\"@id\":\"https:\/\/roadtoromania.com\/nl\/#website\",\"url\":\"https:\/\/roadtoromania.com\/nl\/\",\"name\":\"Road to Romania\",\"description\":\"De blog waar u alle informatie vindt om van Roemeni\u00eb te genieten.\",\"potentialAction\":[{\"@type\":\"SearchAction\",\"target\":{\"@type\":\"EntryPoint\",\"urlTemplate\":\"https:\/\/roadtoromania.com\/nl\/?s={search_term_string}\"},\"query-input\":\"required name=search_term_string\"}],\"inLanguage\":\"nl-NL\"}]}<\/script>\n<!-- \/ Yoast SEO plugin. -->","yoast_head_json":{"title":"Transsylvani\u00eb, meer dan alleen het land van Dracula - Road to Romania","robots":{"index":"index","follow":"follow","max-snippet":"max-snippet:-1","max-image-preview":"max-image-preview:large","max-video-preview":"max-video-preview:-1"},"canonical":"https:\/\/roadtoromania.com\/nl\/steden-en-regio-s-van-roemenie\/transsylvanie\/","og_locale":"nl_NL","og_type":"article","og_title":"Transsylvani\u00eb, meer dan alleen het land van Dracula - Road to Romania","og_description":"Zonder de schaduw van Bram Stoker&#8217;s werk zou de Roemeense regio Transsylvani\u00eb waarschijnlijk niet zo beroemd zijn, ten goede of ten kwade. De waarheid is dat het Transsylvani\u00eb dat ons via film en literatuur is overgeleverd een klein deel is van een werkelijkheid die zo gevarieerd en rijk is dat het moeilijk is om het &hellip; Transsylvani\u00eb, meer dan alleen het land van Dracula Lees verder \u00bb","og_url":"https:\/\/roadtoromania.com\/nl\/steden-en-regio-s-van-roemenie\/transsylvanie\/","og_site_name":"Road to Romania","article_modified_time":"2022-10-22T09:43:05+00:00","og_image":[{"width":641,"height":423,"url":"https:\/\/roadtoromania.com\/wp-content\/uploads\/2022\/10\/transilvania-rumania-dracula-1.png","type":"image\/png"}],"twitter_card":"summary_large_image","twitter_misc":{"Geschatte leestijd":"2 minuten"},"schema":{"@context":"https:\/\/schema.org","@graph":[{"@type":"WebPage","@id":"https:\/\/roadtoromania.com\/nl\/steden-en-regio-s-van-roemenie\/transsylvanie\/","url":"https:\/\/roadtoromania.com\/nl\/steden-en-regio-s-van-roemenie\/transsylvanie\/","name":"Transsylvani\u00eb, meer dan alleen het land van Dracula - Road to Romania","isPartOf":{"@id":"https:\/\/roadtoromania.com\/nl\/#website"},"datePublished":"2022-10-15T18:40:14+00:00","dateModified":"2022-10-22T09:43:05+00:00","breadcrumb":{"@id":"https:\/\/roadtoromania.com\/nl\/steden-en-regio-s-van-roemenie\/transsylvanie\/#breadcrumb"},"inLanguage":"nl-NL","potentialAction":[{"@type":"ReadAction","target":["https:\/\/roadtoromania.com\/nl\/steden-en-regio-s-van-roemenie\/transsylvanie\/"]}]},{"@type":"BreadcrumbList","@id":"https:\/\/roadtoromania.com\/nl\/steden-en-regio-s-van-roemenie\/transsylvanie\/#breadcrumb","itemListElement":[{"@type":"ListItem","position":1,"name":"Home","item":"https:\/\/roadtoromania.com\/nl\/"},{"@type":"ListItem","position":2,"name":"Steden en regio&#8217;s van Roemeni\u00eb","item":"https:\/\/roadtoromania.com\/nl\/steden-en-regio-s-van-roemenie\/"},{"@type":"ListItem","position":3,"name":"Transsylvani\u00eb, meer dan alleen het land van Dracula"}]},{"@type":"WebSite","@id":"https:\/\/roadtoromania.com\/nl\/#website","url":"https:\/\/roadtoromania.com\/nl\/","name":"Road to Romania","description":"De blog waar u alle informatie vindt om van Roemeni\u00eb te genieten.","potentialAction":[{"@type":"SearchAction","target":{"@type":"EntryPoint","urlTemplate":"https:\/\/roadtoromania.com\/nl\/?s={search_term_string}"},"query-input":"required name=search_term_string"}],"inLanguage":"nl-NL"}]}},"_links":{"self":[{"href":"https:\/\/roadtoromania.com\/nl\/wp-json\/wp\/v2\/pages\/3817","targetHints":{"allow":["GET"]}}],"collection":[{"href":"https:\/\/roadtoromania.com\/nl\/wp-json\/wp\/v2\/pages"}],"about":[{"href":"https:\/\/roadtoromania.com\/nl\/wp-json\/wp\/v2\/types\/page"}],"author":[{"embeddable":true,"href":"https:\/\/roadtoromania.com\/nl\/wp-json\/wp\/v2\/users\/1"}],"replies":[{"embeddable":true,"href":"https:\/\/roadtoromania.com\/nl\/wp-json\/wp\/v2\/comments?post=3817"}],"version-history":[{"count":0,"href":"https:\/\/roadtoromania.com\/nl\/wp-json\/wp\/v2\/pages\/3817\/revisions"}],"up":[{"embeddable":true,"href":"https:\/\/roadtoromania.com\/nl\/wp-json\/wp\/v2\/pages\/3782"}],"wp:featuredmedia":[{"embeddable":true,"href":"https:\/\/roadtoromania.com\/nl\/wp-json\/wp\/v2\/media\/1423"}],"wp:attachment":[{"href":"https:\/\/roadtoromania.com\/nl\/wp-json\/wp\/v2\/media?parent=3817"}],"curies":[{"name":"wp","href":"https:\/\/api.w.org\/{rel}","templated":true}]}}