{"id":3819,"date":"2022-10-15T18:40:14","date_gmt":"2022-10-15T18:40:14","guid":{"rendered":"https:\/\/roadtoromania.com\/steden-en-regio-s-van-roemenie\/walachije\/"},"modified":"2022-10-22T09:43:05","modified_gmt":"2022-10-22T09:43:05","slug":"walachije","status":"publish","type":"page","link":"https:\/\/roadtoromania.com\/nl\/steden-en-regio-s-van-roemenie\/walachije\/","title":{"rendered":"Walachije"},"content":{"rendered":"<p> <strong>Walachije<\/strong> is de naam van de historische regio in het zuiden van Roemeni\u00eb, die in het westen Olteni\u00eb (Klein Walachije) en in het westen Munteni\u00eb (Groot Walachije) omvatte.<\/p>\n<p><img decoding=\"async\" src=\"https:\/\/roadtoromania.com\/wp-content\/uploads\/2022\/10\/mapa_valaquia_rumania.png\" \/>Kaart van Walachije in Roemeni\u00eb<\/p>\n<p>\nDe zuidelijke Karpaten scheiden Walachije van Transsylvani\u00eb en vormen een natuurlijke grens. De belangrijkste steden op het grondgebied van Walachije zijn de hoofdstad van Roemeni\u00eb Boekarest, Curtea de Arges, Sinaia, Tirgoviste, Snagov, Pitesti, Ploiesti, Craiova, of Giurgiu.<\/p>\n<p>\nEeuwenlang verwees Walachije naar het gebied dat werd bewoond door de Vlachen, wat in het Oudgermaans &#8220;buitenlander&#8221; of &#8220;niet-Duits&#8221; betekende, een naam die ook werd gegeven aan de Walen en de Galli\u00ebrs.<\/p>\n<p>\nTirgoviste was de hoofdstad van Walachije tussen de 14e en 16e eeuw<\/p>\n<p>\nGeografisch gezien bestaat Walachije uit de Donauvlakte (Walachijse Laagvlakte), met in het noorden de Karpaten en in het zuiden de Donau.\u00a0De rivier de Olt scheidt Muntenia en Oltenia.<\/p>\n<p> Geschiedenis van Walachije<\/strong> <\/h2>\n<p>\nBevolkt door Dacische stammen, werd het later geromaniseerd en opgenomen in het Rijk. Druk van de Karpaten en Goten en de val van Rome maakten de weg vrij voor de doortocht van verschillende &#8220;barbaarse volkeren&#8221;, waaronder annexatie door de Bulgaarse en later Byzantijnse staten. Al in de 12e eeuw kwam het in handen van Hongaren en militaire vorsten, voivodes genaamd, die soms Hongaarse of Bulgaarse steun kregen. In 1330, verenigd onder \u00e9\u00e9n vorstendom, bereikte het een eeuw van onafhankelijkheid totdat het Ottomaanse Rijk het gebruikte als vazalstaat. Dankzij deze onafhankelijkheid kon het zijn autonomie behouden tot het begin van de 18e eeuw, toen de sultans de prinsen benoemden volgens hun belangen, wat leidde tot opeenvolgende opstanden.<\/p>\n<p>\nIn 1859 werd het deel van de Verenigde Prinsdommen Moldavi\u00eb en Walachije, voorafgaand aan de onafhankelijkheid van Roemeni\u00eb in 1861, die pas in 1877-1878 op internationaal niveau werd bereikt met de verdragen van San Stefano en Berlijn <\/p>\n<p>.<br \/>\n Wat te zien in Walachije<\/strong> <\/h2>\n<p>\nNaast het interessante <strong>Boekarest<\/strong> , mogen we niet alleen in Walachije, maar ook in Roemeni\u00eb enkele essenti\u00eble plaatsen missen zoals <strong>Sinaia<\/strong> met het <a href=\"https:\/\/roadtoromania.com\/nl\/monumenten-van-roemenie-wat-te-zien-in-roemenie\/kasteel-peles-in-sinaia\/\"> <strong>Valea Pele\u0219 kasteel<\/strong><\/a> . Vanaf daar kunnen we gaan wandelen in het Bucegi gebergte. Het is de moeite waard om de andere steden van Walachije te bezoeken, zoals <strong>Craiova<\/strong> (dat ook een luchthaven heeft), <a href=\"https:\/\/roadtoromania.com\/nl\/steden-en-regio-s-van-roemenie\/curtea-van-arges\/\"> <strong>Curtea de Arges<\/strong><\/a> , <a href=\"https:\/\/roadtoromania.com\/nl\/monumenten-van-roemenie-wat-te-zien-in-roemenie\/snagov-klooster-en-het-graf-van-vlad-tepes\/\"> <strong>Snagov<\/strong><\/a> of <a href=\"https:\/\/roadtoromania.com\/nl\/steden-en-regio-s-van-roemenie\/targoviste-tirgoviste\/\"> <strong>Tirgoviste<\/strong><\/a> .<\/p>\n","protected":false},"excerpt":{"rendered":"<p>Walachije is de naam van de historische regio in het zuiden van Roemeni\u00eb, die in het westen Olteni\u00eb (Klein Walachije) en in het westen Munteni\u00eb (Groot Walachije) omvatte. Kaart van Walachije in Roemeni\u00eb De zuidelijke Karpaten scheiden Walachije van Transsylvani\u00eb en vormen een natuurlijke grens. De belangrijkste steden op het grondgebied van Walachije zijn de &hellip;<\/p>\n<p class=\"read-more\"> <a class=\"\" href=\"https:\/\/roadtoromania.com\/nl\/steden-en-regio-s-van-roemenie\/walachije\/\"> <span class=\"screen-reader-text\">Walachije<\/span> Lees verder \u00bb<\/a><\/p>\n","protected":false},"author":1,"featured_media":1445,"parent":3782,"menu_order":0,"comment_status":"open","ping_status":"open","template":"","meta":{"site-sidebar-layout":"default","site-content-layout":"default","ast-global-header-display":"","ast-main-header-display":"","ast-hfb-above-header-display":"","ast-hfb-below-header-display":"","ast-hfb-mobile-header-display":"","site-post-title":"","ast-breadcrumbs-content":"","ast-featured-img":"","footer-sml-layout":"","theme-transparent-header-meta":"","adv-header-id-meta":"","stick-header-meta":"","header-above-stick-meta":"","header-main-stick-meta":"","header-below-stick-meta":"","footnotes":""},"class_list":["post-3819","page","type-page","status-publish","has-post-thumbnail","hentry"],"yoast_head":"<!-- This site is optimized with the Yoast SEO plugin v19.10 - https:\/\/yoast.com\/wordpress\/plugins\/seo\/ -->\n<title>Walachije - Road to Romania<\/title>\n<meta name=\"robots\" content=\"index, follow, max-snippet:-1, max-image-preview:large, max-video-preview:-1\" \/>\n<link rel=\"canonical\" href=\"https:\/\/roadtoromania.com\/nl\/steden-en-regio-s-van-roemenie\/walachije\/\" \/>\n<meta property=\"og:locale\" content=\"nl_NL\" \/>\n<meta property=\"og:type\" content=\"article\" \/>\n<meta property=\"og:title\" content=\"Walachije - Road to Romania\" \/>\n<meta property=\"og:description\" content=\"Walachije is de naam van de historische regio in het zuiden van Roemeni\u00eb, die in het westen Olteni\u00eb (Klein Walachije) en in het westen Munteni\u00eb (Groot Walachije) omvatte. Kaart van Walachije in Roemeni\u00eb De zuidelijke Karpaten scheiden Walachije van Transsylvani\u00eb en vormen een natuurlijke grens. De belangrijkste steden op het grondgebied van Walachije zijn de &hellip; Walachije Lees verder \u00bb\" \/>\n<meta property=\"og:url\" content=\"https:\/\/roadtoromania.com\/nl\/steden-en-regio-s-van-roemenie\/walachije\/\" \/>\n<meta property=\"og:site_name\" content=\"Road to Romania\" \/>\n<meta property=\"article:modified_time\" content=\"2022-10-22T09:43:05+00:00\" \/>\n<meta property=\"og:image\" content=\"https:\/\/roadtoromania.com\/wp-content\/uploads\/2022\/10\/mapa_valaquia_rumania-1.png\" \/>\n\t<meta property=\"og:image:width\" content=\"1280\" \/>\n\t<meta property=\"og:image:height\" content=\"902\" \/>\n\t<meta property=\"og:image:type\" content=\"image\/png\" \/>\n<meta name=\"twitter:card\" content=\"summary_large_image\" \/>\n<meta name=\"twitter:label1\" content=\"Geschatte leestijd\" \/>\n\t<meta name=\"twitter:data1\" content=\"2 minuten\" \/>\n<script type=\"application\/ld+json\" class=\"yoast-schema-graph\">{\"@context\":\"https:\/\/schema.org\",\"@graph\":[{\"@type\":\"WebPage\",\"@id\":\"https:\/\/roadtoromania.com\/nl\/steden-en-regio-s-van-roemenie\/walachije\/\",\"url\":\"https:\/\/roadtoromania.com\/nl\/steden-en-regio-s-van-roemenie\/walachije\/\",\"name\":\"Walachije - Road to Romania\",\"isPartOf\":{\"@id\":\"https:\/\/roadtoromania.com\/nl\/#website\"},\"datePublished\":\"2022-10-15T18:40:14+00:00\",\"dateModified\":\"2022-10-22T09:43:05+00:00\",\"breadcrumb\":{\"@id\":\"https:\/\/roadtoromania.com\/nl\/steden-en-regio-s-van-roemenie\/walachije\/#breadcrumb\"},\"inLanguage\":\"nl-NL\",\"potentialAction\":[{\"@type\":\"ReadAction\",\"target\":[\"https:\/\/roadtoromania.com\/nl\/steden-en-regio-s-van-roemenie\/walachije\/\"]}]},{\"@type\":\"BreadcrumbList\",\"@id\":\"https:\/\/roadtoromania.com\/nl\/steden-en-regio-s-van-roemenie\/walachije\/#breadcrumb\",\"itemListElement\":[{\"@type\":\"ListItem\",\"position\":1,\"name\":\"Home\",\"item\":\"https:\/\/roadtoromania.com\/nl\/\"},{\"@type\":\"ListItem\",\"position\":2,\"name\":\"Steden en regio&#8217;s van Roemeni\u00eb\",\"item\":\"https:\/\/roadtoromania.com\/nl\/steden-en-regio-s-van-roemenie\/\"},{\"@type\":\"ListItem\",\"position\":3,\"name\":\"Walachije\"}]},{\"@type\":\"WebSite\",\"@id\":\"https:\/\/roadtoromania.com\/nl\/#website\",\"url\":\"https:\/\/roadtoromania.com\/nl\/\",\"name\":\"Road to Romania\",\"description\":\"De blog waar u alle informatie vindt om van Roemeni\u00eb te genieten.\",\"potentialAction\":[{\"@type\":\"SearchAction\",\"target\":{\"@type\":\"EntryPoint\",\"urlTemplate\":\"https:\/\/roadtoromania.com\/nl\/?s={search_term_string}\"},\"query-input\":\"required name=search_term_string\"}],\"inLanguage\":\"nl-NL\"}]}<\/script>\n<!-- \/ Yoast SEO plugin. -->","yoast_head_json":{"title":"Walachije - Road to Romania","robots":{"index":"index","follow":"follow","max-snippet":"max-snippet:-1","max-image-preview":"max-image-preview:large","max-video-preview":"max-video-preview:-1"},"canonical":"https:\/\/roadtoromania.com\/nl\/steden-en-regio-s-van-roemenie\/walachije\/","og_locale":"nl_NL","og_type":"article","og_title":"Walachije - Road to Romania","og_description":"Walachije is de naam van de historische regio in het zuiden van Roemeni\u00eb, die in het westen Olteni\u00eb (Klein Walachije) en in het westen Munteni\u00eb (Groot Walachije) omvatte. Kaart van Walachije in Roemeni\u00eb De zuidelijke Karpaten scheiden Walachije van Transsylvani\u00eb en vormen een natuurlijke grens. De belangrijkste steden op het grondgebied van Walachije zijn de &hellip; Walachije Lees verder \u00bb","og_url":"https:\/\/roadtoromania.com\/nl\/steden-en-regio-s-van-roemenie\/walachije\/","og_site_name":"Road to Romania","article_modified_time":"2022-10-22T09:43:05+00:00","og_image":[{"width":1280,"height":902,"url":"https:\/\/roadtoromania.com\/wp-content\/uploads\/2022\/10\/mapa_valaquia_rumania-1.png","type":"image\/png"}],"twitter_card":"summary_large_image","twitter_misc":{"Geschatte leestijd":"2 minuten"},"schema":{"@context":"https:\/\/schema.org","@graph":[{"@type":"WebPage","@id":"https:\/\/roadtoromania.com\/nl\/steden-en-regio-s-van-roemenie\/walachije\/","url":"https:\/\/roadtoromania.com\/nl\/steden-en-regio-s-van-roemenie\/walachije\/","name":"Walachije - Road to Romania","isPartOf":{"@id":"https:\/\/roadtoromania.com\/nl\/#website"},"datePublished":"2022-10-15T18:40:14+00:00","dateModified":"2022-10-22T09:43:05+00:00","breadcrumb":{"@id":"https:\/\/roadtoromania.com\/nl\/steden-en-regio-s-van-roemenie\/walachije\/#breadcrumb"},"inLanguage":"nl-NL","potentialAction":[{"@type":"ReadAction","target":["https:\/\/roadtoromania.com\/nl\/steden-en-regio-s-van-roemenie\/walachije\/"]}]},{"@type":"BreadcrumbList","@id":"https:\/\/roadtoromania.com\/nl\/steden-en-regio-s-van-roemenie\/walachije\/#breadcrumb","itemListElement":[{"@type":"ListItem","position":1,"name":"Home","item":"https:\/\/roadtoromania.com\/nl\/"},{"@type":"ListItem","position":2,"name":"Steden en regio&#8217;s van Roemeni\u00eb","item":"https:\/\/roadtoromania.com\/nl\/steden-en-regio-s-van-roemenie\/"},{"@type":"ListItem","position":3,"name":"Walachije"}]},{"@type":"WebSite","@id":"https:\/\/roadtoromania.com\/nl\/#website","url":"https:\/\/roadtoromania.com\/nl\/","name":"Road to Romania","description":"De blog waar u alle informatie vindt om van Roemeni\u00eb te genieten.","potentialAction":[{"@type":"SearchAction","target":{"@type":"EntryPoint","urlTemplate":"https:\/\/roadtoromania.com\/nl\/?s={search_term_string}"},"query-input":"required name=search_term_string"}],"inLanguage":"nl-NL"}]}},"_links":{"self":[{"href":"https:\/\/roadtoromania.com\/nl\/wp-json\/wp\/v2\/pages\/3819","targetHints":{"allow":["GET"]}}],"collection":[{"href":"https:\/\/roadtoromania.com\/nl\/wp-json\/wp\/v2\/pages"}],"about":[{"href":"https:\/\/roadtoromania.com\/nl\/wp-json\/wp\/v2\/types\/page"}],"author":[{"embeddable":true,"href":"https:\/\/roadtoromania.com\/nl\/wp-json\/wp\/v2\/users\/1"}],"replies":[{"embeddable":true,"href":"https:\/\/roadtoromania.com\/nl\/wp-json\/wp\/v2\/comments?post=3819"}],"version-history":[{"count":0,"href":"https:\/\/roadtoromania.com\/nl\/wp-json\/wp\/v2\/pages\/3819\/revisions"}],"up":[{"embeddable":true,"href":"https:\/\/roadtoromania.com\/nl\/wp-json\/wp\/v2\/pages\/3782"}],"wp:featuredmedia":[{"embeddable":true,"href":"https:\/\/roadtoromania.com\/nl\/wp-json\/wp\/v2\/media\/1445"}],"wp:attachment":[{"href":"https:\/\/roadtoromania.com\/nl\/wp-json\/wp\/v2\/media?parent=3819"}],"curies":[{"name":"wp","href":"https:\/\/api.w.org\/{rel}","templated":true}]}}