{"id":3820,"date":"2022-10-15T18:40:14","date_gmt":"2022-10-15T18:40:14","guid":{"rendered":"https:\/\/roadtoromania.com\/hoe-kom-ik-in-roemenie\/"},"modified":"2022-10-22T09:43:05","modified_gmt":"2022-10-22T09:43:05","slug":"hoe-kom-ik-in-roemenie","status":"publish","type":"page","link":"https:\/\/roadtoromania.com\/nl\/hoe-kom-ik-in-roemenie\/","title":{"rendered":"Hoe kom ik in Roemeni\u00eb?"},"content":{"rendered":"<p>De communicatie tussen Spanje en de belangrijkste Europese landen en Roemeni\u00eb is de laatste jaren aanzienlijk verbeterd. Per vliegtuig, bus, auto of trein, Roemeni\u00eb kan zonder problemen en zonder al te veel geld uit te geven worden bezocht. Boekarest, maar ook Brasov, Cluj of Timisoara zijn erin geslaagd verbindingen te maken met de belangrijkste Europese hoofdsteden met goedkope luchtvaartmaatschappijen die een bezoek aan de belangrijkste Roemeense steden gemakkelijk en goedkoop maken.<\/p>\n<p> Roemeni\u00eb per vliegtuig<\/strong> <\/h3>\n<p>\nRoemeni\u00eb is ongeveer drie uur vliegen vanaf Barcelona, en iets meer vanaf Madrid, Malaga, Sevilla of Bilbao. Verschillende luchtvaartmaatschappijen bieden goede, talrijke en vrij goedkope verbindingen, waardoor een weekend in Boekarest, Cluj of Brasov, of beter nog een week in Roemeni\u00eb, geen probleem is <\/p>\n<p>.<\/p>\n<p>\nBezoek voor meer informatie onze pagina over Vluchten naar Roemeni\u00eb<\/a> .<\/p>\n<p>\nOf klik op de link:<\/p>\n<p> Roemeni\u00eb met de auto.<\/strong> <\/h3>\n<p>\nWe kunnen door Europa reizen, een echte reis van Spanje naar Roemeni\u00eb. We gaan alleen door Frankrijk, Itali\u00eb, Sloveni\u00eb, Kroati\u00eb, Servi\u00eb,&#8230; Hongarije, Bulgarije, voor de avonturiers.<\/p>\n<h3>\n <strong>Autoverhuur in Roemeni\u00eb.<\/strong> <\/h3>\n<p>\nHet is handiger om een auto te huren in Roemeni\u00eb. De wegen zijn aanvaardbaar en de manier van rijden verschilt niet veel van het Italiaanse of Griekse rijden. Een mogelijkheid om Roemeni\u00eb veel beter en persoonlijker te leren kennen.<\/p>\n<p>\n<a href=\"https:\/\/roadtoromania.com\/nl\/autoverhuur-in-roemenie\/\"> Autoverhuur<\/a> <\/p>\n<h3>\n <strong>Roemeni\u00eb per trein<\/strong> <\/h3>\n<p>\nDe treinen rijden niet slecht, hoewel ze traag zijn. Roemeni\u00eb is vanuit Duitsland bereikbaar via Tsjechi\u00eb, Slowakije, Polen en Hongarije. Of vanuit Itali\u00eb via Sloveni\u00eb, Kroati\u00eb, Servi\u00eb en Bulgarije.<\/p>\n<p>\nTreinen binnen Roemeni\u00eb zijn goedkoop en als je tijd hebt, kun je de belangrijkste steden bezoeken.<\/p>\n<h3>\n <strong>Bussen tussen Roemeni\u00eb en Spanje.<\/strong> <\/h3>\n<p>\nHet is zeker niet zo comfortabel, maar het kan interessant zijn als we met veel bagage moeten reizen en de tijd niet erg vinden. Zeker een ervaring.<\/p>\n<p>\nRoemeni\u00eb met de bus<\/a> .<\/p>\n","protected":false},"excerpt":{"rendered":"<p>De communicatie tussen Spanje en de belangrijkste Europese landen en Roemeni\u00eb is de laatste jaren aanzienlijk verbeterd. Per vliegtuig, bus, auto of trein, Roemeni\u00eb kan zonder problemen en zonder al te veel geld uit te geven worden bezocht. Boekarest, maar ook Brasov, Cluj of Timisoara zijn erin geslaagd verbindingen te maken met de belangrijkste Europese &hellip;<\/p>\n<p class=\"read-more\"> <a class=\"\" href=\"https:\/\/roadtoromania.com\/nl\/hoe-kom-ik-in-roemenie\/\"> <span class=\"screen-reader-text\">Hoe kom ik in Roemeni\u00eb?<\/span> Lees verder \u00bb<\/a><\/p>\n","protected":false},"author":1,"featured_media":0,"parent":0,"menu_order":0,"comment_status":"open","ping_status":"open","template":"","meta":{"site-sidebar-layout":"default","site-content-layout":"default","ast-global-header-display":"","ast-main-header-display":"","ast-hfb-above-header-display":"","ast-hfb-below-header-display":"","ast-hfb-mobile-header-display":"","site-post-title":"","ast-breadcrumbs-content":"","ast-featured-img":"","footer-sml-layout":"","theme-transparent-header-meta":"default","adv-header-id-meta":"","stick-header-meta":"","header-above-stick-meta":"","header-main-stick-meta":"","header-below-stick-meta":"","footnotes":""},"class_list":["post-3820","page","type-page","status-publish","hentry"],"yoast_head":"<!-- This site is optimized with the Yoast SEO plugin v19.10 - https:\/\/yoast.com\/wordpress\/plugins\/seo\/ -->\n<title>Hoe kom ik in Roemeni\u00eb? - Road to Romania<\/title>\n<meta name=\"robots\" content=\"index, follow, max-snippet:-1, max-image-preview:large, max-video-preview:-1\" \/>\n<link rel=\"canonical\" href=\"https:\/\/roadtoromania.com\/nl\/hoe-kom-ik-in-roemenie\/\" \/>\n<meta property=\"og:locale\" content=\"nl_NL\" \/>\n<meta property=\"og:type\" content=\"article\" \/>\n<meta property=\"og:title\" content=\"Hoe kom ik in Roemeni\u00eb? - Road to Romania\" \/>\n<meta property=\"og:description\" content=\"De communicatie tussen Spanje en de belangrijkste Europese landen en Roemeni\u00eb is de laatste jaren aanzienlijk verbeterd. Per vliegtuig, bus, auto of trein, Roemeni\u00eb kan zonder problemen en zonder al te veel geld uit te geven worden bezocht. Boekarest, maar ook Brasov, Cluj of Timisoara zijn erin geslaagd verbindingen te maken met de belangrijkste Europese &hellip; Hoe kom ik in Roemeni\u00eb? Lees verder \u00bb\" \/>\n<meta property=\"og:url\" content=\"https:\/\/roadtoromania.com\/nl\/hoe-kom-ik-in-roemenie\/\" \/>\n<meta property=\"og:site_name\" content=\"Road to Romania\" \/>\n<meta property=\"article:modified_time\" content=\"2022-10-22T09:43:05+00:00\" \/>\n<meta name=\"twitter:card\" content=\"summary_large_image\" \/>\n<meta name=\"twitter:label1\" content=\"Geschatte leestijd\" \/>\n\t<meta name=\"twitter:data1\" content=\"1 minuut\" \/>\n<script type=\"application\/ld+json\" class=\"yoast-schema-graph\">{\"@context\":\"https:\/\/schema.org\",\"@graph\":[{\"@type\":\"WebPage\",\"@id\":\"https:\/\/roadtoromania.com\/nl\/hoe-kom-ik-in-roemenie\/\",\"url\":\"https:\/\/roadtoromania.com\/nl\/hoe-kom-ik-in-roemenie\/\",\"name\":\"Hoe kom ik in Roemeni\u00eb? - Road to Romania\",\"isPartOf\":{\"@id\":\"https:\/\/roadtoromania.com\/nl\/#website\"},\"datePublished\":\"2022-10-15T18:40:14+00:00\",\"dateModified\":\"2022-10-22T09:43:05+00:00\",\"breadcrumb\":{\"@id\":\"https:\/\/roadtoromania.com\/nl\/hoe-kom-ik-in-roemenie\/#breadcrumb\"},\"inLanguage\":\"nl-NL\",\"potentialAction\":[{\"@type\":\"ReadAction\",\"target\":[\"https:\/\/roadtoromania.com\/nl\/hoe-kom-ik-in-roemenie\/\"]}]},{\"@type\":\"BreadcrumbList\",\"@id\":\"https:\/\/roadtoromania.com\/nl\/hoe-kom-ik-in-roemenie\/#breadcrumb\",\"itemListElement\":[{\"@type\":\"ListItem\",\"position\":1,\"name\":\"Home\",\"item\":\"https:\/\/roadtoromania.com\/nl\/\"},{\"@type\":\"ListItem\",\"position\":2,\"name\":\"Hoe kom ik in Roemeni\u00eb?\"}]},{\"@type\":\"WebSite\",\"@id\":\"https:\/\/roadtoromania.com\/nl\/#website\",\"url\":\"https:\/\/roadtoromania.com\/nl\/\",\"name\":\"Road to Romania\",\"description\":\"De blog waar u alle informatie vindt om van Roemeni\u00eb te genieten.\",\"potentialAction\":[{\"@type\":\"SearchAction\",\"target\":{\"@type\":\"EntryPoint\",\"urlTemplate\":\"https:\/\/roadtoromania.com\/nl\/?s={search_term_string}\"},\"query-input\":\"required name=search_term_string\"}],\"inLanguage\":\"nl-NL\"}]}<\/script>\n<!-- \/ Yoast SEO plugin. -->","yoast_head_json":{"title":"Hoe kom ik in Roemeni\u00eb? - Road to Romania","robots":{"index":"index","follow":"follow","max-snippet":"max-snippet:-1","max-image-preview":"max-image-preview:large","max-video-preview":"max-video-preview:-1"},"canonical":"https:\/\/roadtoromania.com\/nl\/hoe-kom-ik-in-roemenie\/","og_locale":"nl_NL","og_type":"article","og_title":"Hoe kom ik in Roemeni\u00eb? - Road to Romania","og_description":"De communicatie tussen Spanje en de belangrijkste Europese landen en Roemeni\u00eb is de laatste jaren aanzienlijk verbeterd. Per vliegtuig, bus, auto of trein, Roemeni\u00eb kan zonder problemen en zonder al te veel geld uit te geven worden bezocht. Boekarest, maar ook Brasov, Cluj of Timisoara zijn erin geslaagd verbindingen te maken met de belangrijkste Europese &hellip; Hoe kom ik in Roemeni\u00eb? Lees verder \u00bb","og_url":"https:\/\/roadtoromania.com\/nl\/hoe-kom-ik-in-roemenie\/","og_site_name":"Road to Romania","article_modified_time":"2022-10-22T09:43:05+00:00","twitter_card":"summary_large_image","twitter_misc":{"Geschatte leestijd":"1 minuut"},"schema":{"@context":"https:\/\/schema.org","@graph":[{"@type":"WebPage","@id":"https:\/\/roadtoromania.com\/nl\/hoe-kom-ik-in-roemenie\/","url":"https:\/\/roadtoromania.com\/nl\/hoe-kom-ik-in-roemenie\/","name":"Hoe kom ik in Roemeni\u00eb? - Road to Romania","isPartOf":{"@id":"https:\/\/roadtoromania.com\/nl\/#website"},"datePublished":"2022-10-15T18:40:14+00:00","dateModified":"2022-10-22T09:43:05+00:00","breadcrumb":{"@id":"https:\/\/roadtoromania.com\/nl\/hoe-kom-ik-in-roemenie\/#breadcrumb"},"inLanguage":"nl-NL","potentialAction":[{"@type":"ReadAction","target":["https:\/\/roadtoromania.com\/nl\/hoe-kom-ik-in-roemenie\/"]}]},{"@type":"BreadcrumbList","@id":"https:\/\/roadtoromania.com\/nl\/hoe-kom-ik-in-roemenie\/#breadcrumb","itemListElement":[{"@type":"ListItem","position":1,"name":"Home","item":"https:\/\/roadtoromania.com\/nl\/"},{"@type":"ListItem","position":2,"name":"Hoe kom ik in Roemeni\u00eb?"}]},{"@type":"WebSite","@id":"https:\/\/roadtoromania.com\/nl\/#website","url":"https:\/\/roadtoromania.com\/nl\/","name":"Road to Romania","description":"De blog waar u alle informatie vindt om van Roemeni\u00eb te genieten.","potentialAction":[{"@type":"SearchAction","target":{"@type":"EntryPoint","urlTemplate":"https:\/\/roadtoromania.com\/nl\/?s={search_term_string}"},"query-input":"required name=search_term_string"}],"inLanguage":"nl-NL"}]}},"_links":{"self":[{"href":"https:\/\/roadtoromania.com\/nl\/wp-json\/wp\/v2\/pages\/3820","targetHints":{"allow":["GET"]}}],"collection":[{"href":"https:\/\/roadtoromania.com\/nl\/wp-json\/wp\/v2\/pages"}],"about":[{"href":"https:\/\/roadtoromania.com\/nl\/wp-json\/wp\/v2\/types\/page"}],"author":[{"embeddable":true,"href":"https:\/\/roadtoromania.com\/nl\/wp-json\/wp\/v2\/users\/1"}],"replies":[{"embeddable":true,"href":"https:\/\/roadtoromania.com\/nl\/wp-json\/wp\/v2\/comments?post=3820"}],"version-history":[{"count":0,"href":"https:\/\/roadtoromania.com\/nl\/wp-json\/wp\/v2\/pages\/3820\/revisions"}],"wp:attachment":[{"href":"https:\/\/roadtoromania.com\/nl\/wp-json\/wp\/v2\/media?parent=3820"}],"curies":[{"name":"wp","href":"https:\/\/api.w.org\/{rel}","templated":true}]}}