{"id":3822,"date":"2022-10-15T18:40:14","date_gmt":"2022-10-15T18:40:14","guid":{"rendered":"https:\/\/roadtoromania.com\/martisor-festival\/"},"modified":"2022-10-22T09:43:05","modified_gmt":"2022-10-22T09:43:05","slug":"martisor-festival","status":"publish","type":"page","link":"https:\/\/roadtoromania.com\/nl\/martisor-festival\/","title":{"rendered":"Martisor Festival"},"content":{"rendered":"<p>Elk jaar wordt in Roemeni\u00eb de komst van <strong>de lente gevierd met het feest van <strong>M\u0103r\u0163i\u015for<\/strong> . Op 1 maart wordt de komst van het nieuwe seizoen ingeluid met een van de meest kenmerkende festiviteiten van het land.<\/p>\n<p><img decoding=\"async\" src=\"https:\/\/roadtoromania.com\/wp-content\/uploads\/2022\/10\/martisor_rumania.jpg\" \/>M\u0103r\u0163i\u015fof festival<\/p>\n<h2>\nGeschiedenis van het M\u0103r\u0163i\u015forul-festival<\/h2>\n<p>\nDe M\u0103r\u0163i\u015forul is een van de voorouderlijke feesten van Roemeni\u00eb en houdt verband met de wisseling van de seizoenen en bij uitbreiding met de vruchtbaarheidscycli van de aarde, feesten die alle culturen over de hele wereld sinds mensenheugenis hebben gevierd.<\/p>\n<p>\nDe komst van de lente en de verbetering van het weer brengt vreugde bij de mensen, vooral op plaatsen waar de winter streng is geweest en de sneeuw al begint te smelten.<\/p>\n<p>\nTijdens de m\u0103r\u0163i\u015for is een van de tradities dat mannen op 1 maart vrouwen (in Moldavi\u00eb en Boekovina is het andersom) een symbolische m\u0103r\u0163i\u015for geven, dat is een koord met twee draden, een rode en een witte, die de dualiteit tussen winter (slecht) en lente (goed) symboliseren. Een andere interpretatie wijst de kleur rood toe aan de vrouw, als symbool van vruchtbaarheid en bloed, terwijl wit zou worden ge\u00efnterpreteerd als de doorzichtigheid van de wateren, de kleur van de wolken en de wijsheid van de mensen. Kortom, de entente tussen man en vrouw die het begin van de cyclus van het leven vertegenwoordigt.<\/p>\n<p>\nDe martisor zou als amulet dienen en werd daarom ook aan kinderen gegeven, vastgebonden aan een gouden of zilveren munt, die zij twaalf dagen lang om hun nek moesten dragen en daarna in hun haar tot de bomen bloeiden. Daarna werd het koord aan de boom gebonden en met de munt kochten de kinderen verse kaas om gezond en sterk te blijven.<\/p>\n<p>\nDe naam m\u0103r\u0163i\u015for komt van martie (maart in het Roemeens) en hoewel er geen schriftelijke vermeldingen zijn, lijkt het erop dat het Getas-volk dat op het grondgebied van het huidige Roemeni\u00eb woonde, het toen al gevierd heeft, zoals blijkt uit archeologische overblijfselen van verschillende amuletten. Anderzijds schijnen zowel de Romeinse als de Thracische Romeinen ook de goden Mars respectievelijk Marsyas Silen te hebben vereerd, en zelfs Dacische vrouwen tooiden zich met rode en witte draden om de dualiteit voor te stellen <\/p>\n<p>.<\/p>\n<p>\nTegenwoordig is de m\u0103r\u0163i\u015for een zeer levendig feest en de &#8220;amuletten&#8221; volgen klassieke patronen of met artistieke vernieuwingen van alle smaken en prijzen.<\/p>\n<p>\nAnderzijds vindt in andere nabijgelegen landen, zoals Bulgarije, een festival plaats met dezelfde wortels, de Martenitsa <\/p>\n<p>.<\/p>\n","protected":false},"excerpt":{"rendered":"<p>Elk jaar wordt in Roemeni\u00eb de komst van de lente gevierd met het feest van M\u0103r\u0163i\u015for . Op 1 maart wordt de komst van het nieuwe seizoen ingeluid met een van de meest kenmerkende festiviteiten van het land. M\u0103r\u0163i\u015fof festival Geschiedenis van het M\u0103r\u0163i\u015forul-festival De M\u0103r\u0163i\u015forul is een van de voorouderlijke feesten van Roemeni\u00eb en &hellip;<\/p>\n<p class=\"read-more\"> <a class=\"\" href=\"https:\/\/roadtoromania.com\/nl\/martisor-festival\/\"> <span class=\"screen-reader-text\">Martisor Festival<\/span> Lees verder \u00bb<\/a><\/p>\n","protected":false},"author":1,"featured_media":1462,"parent":0,"menu_order":0,"comment_status":"open","ping_status":"open","template":"","meta":{"site-sidebar-layout":"default","site-content-layout":"default","ast-global-header-display":"","ast-main-header-display":"","ast-hfb-above-header-display":"","ast-hfb-below-header-display":"","ast-hfb-mobile-header-display":"","site-post-title":"","ast-breadcrumbs-content":"","ast-featured-img":"","footer-sml-layout":"","theme-transparent-header-meta":"","adv-header-id-meta":"","stick-header-meta":"","header-above-stick-meta":"","header-main-stick-meta":"","header-below-stick-meta":"","footnotes":""},"class_list":["post-3822","page","type-page","status-publish","has-post-thumbnail","hentry"],"yoast_head":"<!-- This site is optimized with the Yoast SEO plugin v19.10 - https:\/\/yoast.com\/wordpress\/plugins\/seo\/ -->\n<title>Martisor Festival - Road to Romania<\/title>\n<meta name=\"robots\" content=\"index, follow, max-snippet:-1, max-image-preview:large, max-video-preview:-1\" \/>\n<link rel=\"canonical\" href=\"https:\/\/roadtoromania.com\/nl\/martisor-festival\/\" \/>\n<meta property=\"og:locale\" content=\"nl_NL\" \/>\n<meta property=\"og:type\" content=\"article\" \/>\n<meta property=\"og:title\" content=\"Martisor Festival - Road to Romania\" \/>\n<meta property=\"og:description\" content=\"Elk jaar wordt in Roemeni\u00eb de komst van de lente gevierd met het feest van M\u0103r\u0163i\u015for . Op 1 maart wordt de komst van het nieuwe seizoen ingeluid met een van de meest kenmerkende festiviteiten van het land. M\u0103r\u0163i\u015fof festival Geschiedenis van het M\u0103r\u0163i\u015forul-festival De M\u0103r\u0163i\u015forul is een van de voorouderlijke feesten van Roemeni\u00eb en &hellip; Martisor Festival Lees verder \u00bb\" \/>\n<meta property=\"og:url\" content=\"https:\/\/roadtoromania.com\/nl\/martisor-festival\/\" \/>\n<meta property=\"og:site_name\" content=\"Road to Romania\" \/>\n<meta property=\"article:modified_time\" content=\"2022-10-22T09:43:05+00:00\" \/>\n<meta property=\"og:image\" content=\"https:\/\/roadtoromania.com\/wp-content\/uploads\/2022\/10\/martisor_rumania-1.jpg\" \/>\n\t<meta property=\"og:image:width\" content=\"700\" \/>\n\t<meta property=\"og:image:height\" content=\"466\" \/>\n\t<meta property=\"og:image:type\" content=\"image\/jpeg\" \/>\n<meta name=\"twitter:card\" content=\"summary_large_image\" \/>\n<meta name=\"twitter:label1\" content=\"Geschatte leestijd\" \/>\n\t<meta name=\"twitter:data1\" content=\"2 minuten\" \/>\n<script type=\"application\/ld+json\" class=\"yoast-schema-graph\">{\"@context\":\"https:\/\/schema.org\",\"@graph\":[{\"@type\":\"WebPage\",\"@id\":\"https:\/\/roadtoromania.com\/nl\/martisor-festival\/\",\"url\":\"https:\/\/roadtoromania.com\/nl\/martisor-festival\/\",\"name\":\"Martisor Festival - Road to Romania\",\"isPartOf\":{\"@id\":\"https:\/\/roadtoromania.com\/nl\/#website\"},\"datePublished\":\"2022-10-15T18:40:14+00:00\",\"dateModified\":\"2022-10-22T09:43:05+00:00\",\"breadcrumb\":{\"@id\":\"https:\/\/roadtoromania.com\/nl\/martisor-festival\/#breadcrumb\"},\"inLanguage\":\"nl-NL\",\"potentialAction\":[{\"@type\":\"ReadAction\",\"target\":[\"https:\/\/roadtoromania.com\/nl\/martisor-festival\/\"]}]},{\"@type\":\"BreadcrumbList\",\"@id\":\"https:\/\/roadtoromania.com\/nl\/martisor-festival\/#breadcrumb\",\"itemListElement\":[{\"@type\":\"ListItem\",\"position\":1,\"name\":\"Home\",\"item\":\"https:\/\/roadtoromania.com\/nl\/\"},{\"@type\":\"ListItem\",\"position\":2,\"name\":\"Martisor Festival\"}]},{\"@type\":\"WebSite\",\"@id\":\"https:\/\/roadtoromania.com\/nl\/#website\",\"url\":\"https:\/\/roadtoromania.com\/nl\/\",\"name\":\"Road to Romania\",\"description\":\"De blog waar u alle informatie vindt om van Roemeni\u00eb te genieten.\",\"potentialAction\":[{\"@type\":\"SearchAction\",\"target\":{\"@type\":\"EntryPoint\",\"urlTemplate\":\"https:\/\/roadtoromania.com\/nl\/?s={search_term_string}\"},\"query-input\":\"required name=search_term_string\"}],\"inLanguage\":\"nl-NL\"}]}<\/script>\n<!-- \/ Yoast SEO plugin. -->","yoast_head_json":{"title":"Martisor Festival - Road to Romania","robots":{"index":"index","follow":"follow","max-snippet":"max-snippet:-1","max-image-preview":"max-image-preview:large","max-video-preview":"max-video-preview:-1"},"canonical":"https:\/\/roadtoromania.com\/nl\/martisor-festival\/","og_locale":"nl_NL","og_type":"article","og_title":"Martisor Festival - Road to Romania","og_description":"Elk jaar wordt in Roemeni\u00eb de komst van de lente gevierd met het feest van M\u0103r\u0163i\u015for . Op 1 maart wordt de komst van het nieuwe seizoen ingeluid met een van de meest kenmerkende festiviteiten van het land. M\u0103r\u0163i\u015fof festival Geschiedenis van het M\u0103r\u0163i\u015forul-festival De M\u0103r\u0163i\u015forul is een van de voorouderlijke feesten van Roemeni\u00eb en &hellip; Martisor Festival Lees verder \u00bb","og_url":"https:\/\/roadtoromania.com\/nl\/martisor-festival\/","og_site_name":"Road to Romania","article_modified_time":"2022-10-22T09:43:05+00:00","og_image":[{"width":700,"height":466,"url":"https:\/\/roadtoromania.com\/wp-content\/uploads\/2022\/10\/martisor_rumania-1.jpg","type":"image\/jpeg"}],"twitter_card":"summary_large_image","twitter_misc":{"Geschatte leestijd":"2 minuten"},"schema":{"@context":"https:\/\/schema.org","@graph":[{"@type":"WebPage","@id":"https:\/\/roadtoromania.com\/nl\/martisor-festival\/","url":"https:\/\/roadtoromania.com\/nl\/martisor-festival\/","name":"Martisor Festival - Road to Romania","isPartOf":{"@id":"https:\/\/roadtoromania.com\/nl\/#website"},"datePublished":"2022-10-15T18:40:14+00:00","dateModified":"2022-10-22T09:43:05+00:00","breadcrumb":{"@id":"https:\/\/roadtoromania.com\/nl\/martisor-festival\/#breadcrumb"},"inLanguage":"nl-NL","potentialAction":[{"@type":"ReadAction","target":["https:\/\/roadtoromania.com\/nl\/martisor-festival\/"]}]},{"@type":"BreadcrumbList","@id":"https:\/\/roadtoromania.com\/nl\/martisor-festival\/#breadcrumb","itemListElement":[{"@type":"ListItem","position":1,"name":"Home","item":"https:\/\/roadtoromania.com\/nl\/"},{"@type":"ListItem","position":2,"name":"Martisor Festival"}]},{"@type":"WebSite","@id":"https:\/\/roadtoromania.com\/nl\/#website","url":"https:\/\/roadtoromania.com\/nl\/","name":"Road to Romania","description":"De blog waar u alle informatie vindt om van Roemeni\u00eb te genieten.","potentialAction":[{"@type":"SearchAction","target":{"@type":"EntryPoint","urlTemplate":"https:\/\/roadtoromania.com\/nl\/?s={search_term_string}"},"query-input":"required name=search_term_string"}],"inLanguage":"nl-NL"}]}},"_links":{"self":[{"href":"https:\/\/roadtoromania.com\/nl\/wp-json\/wp\/v2\/pages\/3822","targetHints":{"allow":["GET"]}}],"collection":[{"href":"https:\/\/roadtoromania.com\/nl\/wp-json\/wp\/v2\/pages"}],"about":[{"href":"https:\/\/roadtoromania.com\/nl\/wp-json\/wp\/v2\/types\/page"}],"author":[{"embeddable":true,"href":"https:\/\/roadtoromania.com\/nl\/wp-json\/wp\/v2\/users\/1"}],"replies":[{"embeddable":true,"href":"https:\/\/roadtoromania.com\/nl\/wp-json\/wp\/v2\/comments?post=3822"}],"version-history":[{"count":0,"href":"https:\/\/roadtoromania.com\/nl\/wp-json\/wp\/v2\/pages\/3822\/revisions"}],"wp:featuredmedia":[{"embeddable":true,"href":"https:\/\/roadtoromania.com\/nl\/wp-json\/wp\/v2\/media\/1462"}],"wp:attachment":[{"href":"https:\/\/roadtoromania.com\/nl\/wp-json\/wp\/v2\/media?parent=3822"}],"curies":[{"name":"wp","href":"https:\/\/api.w.org\/{rel}","templated":true}]}}