{"id":3825,"date":"2022-10-15T18:40:14","date_gmt":"2022-10-15T18:40:14","guid":{"rendered":"https:\/\/roadtoromania.com\/informatie-en-advies-uit-roemenie\/"},"modified":"2022-10-22T09:43:05","modified_gmt":"2022-10-22T09:43:05","slug":"informatie-en-advies-uit-roemenie","status":"publish","type":"page","link":"https:\/\/roadtoromania.com\/nl\/informatie-en-advies-uit-roemenie\/","title":{"rendered":"Informatie en advies uit Roemeni\u00eb"},"content":{"rendered":"<p>Hier zijn enkele tips om u te helpen Roemeni\u00eb beter te leren kennen voor, tijdens en na de voorbereiding van uw reis:<\/p>\n<p> Oproepen naar Roemeni\u00eb<\/strong> <\/h2>\n<p>\nHet internationale kengetal voor gesprekken van buiten Roemeni\u00eb is <strong>+40<\/strong> . De prefix voor steden of provincies heeft 2 tot 3 cijfers, terwijl de vaste lijn 6 tot 7 cijfers heeft.<\/p>\n<p> Tijdsverschil<\/strong> <\/h2>\n<p>\nRoemeni\u00eb heeft een andere tijdzone dan Spanje, met <strong>een uur minder<\/strong> , d.w.z. als het in Roemeni\u00eb 9 uur &#8216;s morgens is, is het in Spanje 8 uur &#8216;s morgens. Dus zowel in Roemeni\u00eb als in Boekarest is het eenvoudig om de tijd ten opzichte van Spanje te berekenen door er een uur bij op te tellen.<\/p>\n<h2>\n<a href=\"https:\/\/roadtoromania.com\/nl\/geografie-van-roemenie\/\"> <strong>Geografie<\/strong><\/a> <\/h2>\n<p>\nMeer informatie over de bergen, rivieren en natuur van Roemeni\u00eb<\/p>\n<h2>\n <strong>Roemeense munt<\/strong> <\/h2>\n<p>\nDe <a href=\"https:\/\/roadtoromania.com\/nl\/informatie-en-advies-uit-roemenie\/munteenheid-van-roemenie\/\"><\/strong><\/a> offici\u00eble munteenheid van Roemeni\u00eb is de Leu, maar deze wordt momenteel omgezet in de euro. Hier is <a href=\"https:\/\/roadtoromania.com\/nl\/informatie-en-advies-uit-roemenie\/valutawissel-in-roemenie\/\"> <strong>informatie over de wisselkoers<\/strong><\/a> .<\/p>\n<h2>\n <strong>Prijzen in Roemeni\u00eb<\/strong> <\/h2>\n<p>\nRoemeni\u00eb is een goedkoop land vergeleken met Spanje. Eten en bier zijn bijvoorbeeld heel goedkoop en excursies en hotelaccommodatie zijn betaalbaar. In minder toeristische gebieden zijn de prijzen zelfs goedkoper dan in Boekarest of sommige steden in Transsylvani\u00eb.<\/p>\n<p> Ambassades en consulaten<\/strong> <\/h2>\n<p>\nDe ambassade van Roemeni\u00eb in Spanje is gevestigd aan de Avenida de Alfonso XIII no. 157, Madrid 28016<\/p>\n<p>Tel: +34 913501881<br \/>\n;<br \/>\nFax: +34 913452917<\/p>\n","protected":false},"excerpt":{"rendered":"<p>Hier zijn enkele tips om u te helpen Roemeni\u00eb beter te leren kennen voor, tijdens en na de voorbereiding van uw reis: Oproepen naar Roemeni\u00eb Het internationale kengetal voor gesprekken van buiten Roemeni\u00eb is +40 . De prefix voor steden of provincies heeft 2 tot 3 cijfers, terwijl de vaste lijn 6 tot 7 cijfers &hellip;<\/p>\n<p class=\"read-more\"> <a class=\"\" href=\"https:\/\/roadtoromania.com\/nl\/informatie-en-advies-uit-roemenie\/\"> <span class=\"screen-reader-text\">Informatie en advies uit Roemeni\u00eb<\/span> Lees verder \u00bb<\/a><\/p>\n","protected":false},"author":1,"featured_media":0,"parent":0,"menu_order":0,"comment_status":"open","ping_status":"open","template":"","meta":{"site-sidebar-layout":"default","site-content-layout":"default","ast-global-header-display":"","ast-main-header-display":"","ast-hfb-above-header-display":"","ast-hfb-below-header-display":"","ast-hfb-mobile-header-display":"","site-post-title":"","ast-breadcrumbs-content":"","ast-featured-img":"","footer-sml-layout":"","theme-transparent-header-meta":"","adv-header-id-meta":"","stick-header-meta":"","header-above-stick-meta":"","header-main-stick-meta":"","header-below-stick-meta":"","footnotes":""},"class_list":["post-3825","page","type-page","status-publish","hentry"],"yoast_head":"<!-- This site is optimized with the Yoast SEO plugin v19.10 - https:\/\/yoast.com\/wordpress\/plugins\/seo\/ -->\n<title>Informatie en advies uit Roemeni\u00eb - Road to Romania<\/title>\n<meta name=\"robots\" content=\"index, follow, max-snippet:-1, max-image-preview:large, max-video-preview:-1\" \/>\n<link rel=\"canonical\" href=\"https:\/\/roadtoromania.com\/nl\/informatie-en-advies-uit-roemenie\/\" \/>\n<meta property=\"og:locale\" content=\"nl_NL\" \/>\n<meta property=\"og:type\" content=\"article\" \/>\n<meta property=\"og:title\" content=\"Informatie en advies uit Roemeni\u00eb - Road to Romania\" \/>\n<meta property=\"og:description\" content=\"Hier zijn enkele tips om u te helpen Roemeni\u00eb beter te leren kennen voor, tijdens en na de voorbereiding van uw reis: Oproepen naar Roemeni\u00eb Het internationale kengetal voor gesprekken van buiten Roemeni\u00eb is +40 . De prefix voor steden of provincies heeft 2 tot 3 cijfers, terwijl de vaste lijn 6 tot 7 cijfers &hellip; Informatie en advies uit Roemeni\u00eb Lees verder \u00bb\" \/>\n<meta property=\"og:url\" content=\"https:\/\/roadtoromania.com\/nl\/informatie-en-advies-uit-roemenie\/\" \/>\n<meta property=\"og:site_name\" content=\"Road to Romania\" \/>\n<meta property=\"article:modified_time\" content=\"2022-10-22T09:43:05+00:00\" \/>\n<meta name=\"twitter:card\" content=\"summary_large_image\" \/>\n<meta name=\"twitter:label1\" content=\"Geschatte leestijd\" \/>\n\t<meta name=\"twitter:data1\" content=\"1 minuut\" \/>\n<script type=\"application\/ld+json\" class=\"yoast-schema-graph\">{\"@context\":\"https:\/\/schema.org\",\"@graph\":[{\"@type\":\"WebPage\",\"@id\":\"https:\/\/roadtoromania.com\/nl\/informatie-en-advies-uit-roemenie\/\",\"url\":\"https:\/\/roadtoromania.com\/nl\/informatie-en-advies-uit-roemenie\/\",\"name\":\"Informatie en advies uit Roemeni\u00eb - Road to Romania\",\"isPartOf\":{\"@id\":\"https:\/\/roadtoromania.com\/nl\/#website\"},\"datePublished\":\"2022-10-15T18:40:14+00:00\",\"dateModified\":\"2022-10-22T09:43:05+00:00\",\"breadcrumb\":{\"@id\":\"https:\/\/roadtoromania.com\/nl\/informatie-en-advies-uit-roemenie\/#breadcrumb\"},\"inLanguage\":\"nl-NL\",\"potentialAction\":[{\"@type\":\"ReadAction\",\"target\":[\"https:\/\/roadtoromania.com\/nl\/informatie-en-advies-uit-roemenie\/\"]}]},{\"@type\":\"BreadcrumbList\",\"@id\":\"https:\/\/roadtoromania.com\/nl\/informatie-en-advies-uit-roemenie\/#breadcrumb\",\"itemListElement\":[{\"@type\":\"ListItem\",\"position\":1,\"name\":\"Home\",\"item\":\"https:\/\/roadtoromania.com\/nl\/\"},{\"@type\":\"ListItem\",\"position\":2,\"name\":\"Informatie en advies uit Roemeni\u00eb\"}]},{\"@type\":\"WebSite\",\"@id\":\"https:\/\/roadtoromania.com\/nl\/#website\",\"url\":\"https:\/\/roadtoromania.com\/nl\/\",\"name\":\"Road to Romania\",\"description\":\"De blog waar u alle informatie vindt om van Roemeni\u00eb te genieten.\",\"potentialAction\":[{\"@type\":\"SearchAction\",\"target\":{\"@type\":\"EntryPoint\",\"urlTemplate\":\"https:\/\/roadtoromania.com\/nl\/?s={search_term_string}\"},\"query-input\":\"required name=search_term_string\"}],\"inLanguage\":\"nl-NL\"}]}<\/script>\n<!-- \/ Yoast SEO plugin. -->","yoast_head_json":{"title":"Informatie en advies uit Roemeni\u00eb - Road to Romania","robots":{"index":"index","follow":"follow","max-snippet":"max-snippet:-1","max-image-preview":"max-image-preview:large","max-video-preview":"max-video-preview:-1"},"canonical":"https:\/\/roadtoromania.com\/nl\/informatie-en-advies-uit-roemenie\/","og_locale":"nl_NL","og_type":"article","og_title":"Informatie en advies uit Roemeni\u00eb - Road to Romania","og_description":"Hier zijn enkele tips om u te helpen Roemeni\u00eb beter te leren kennen voor, tijdens en na de voorbereiding van uw reis: Oproepen naar Roemeni\u00eb Het internationale kengetal voor gesprekken van buiten Roemeni\u00eb is +40 . De prefix voor steden of provincies heeft 2 tot 3 cijfers, terwijl de vaste lijn 6 tot 7 cijfers &hellip; Informatie en advies uit Roemeni\u00eb Lees verder \u00bb","og_url":"https:\/\/roadtoromania.com\/nl\/informatie-en-advies-uit-roemenie\/","og_site_name":"Road to Romania","article_modified_time":"2022-10-22T09:43:05+00:00","twitter_card":"summary_large_image","twitter_misc":{"Geschatte leestijd":"1 minuut"},"schema":{"@context":"https:\/\/schema.org","@graph":[{"@type":"WebPage","@id":"https:\/\/roadtoromania.com\/nl\/informatie-en-advies-uit-roemenie\/","url":"https:\/\/roadtoromania.com\/nl\/informatie-en-advies-uit-roemenie\/","name":"Informatie en advies uit Roemeni\u00eb - Road to Romania","isPartOf":{"@id":"https:\/\/roadtoromania.com\/nl\/#website"},"datePublished":"2022-10-15T18:40:14+00:00","dateModified":"2022-10-22T09:43:05+00:00","breadcrumb":{"@id":"https:\/\/roadtoromania.com\/nl\/informatie-en-advies-uit-roemenie\/#breadcrumb"},"inLanguage":"nl-NL","potentialAction":[{"@type":"ReadAction","target":["https:\/\/roadtoromania.com\/nl\/informatie-en-advies-uit-roemenie\/"]}]},{"@type":"BreadcrumbList","@id":"https:\/\/roadtoromania.com\/nl\/informatie-en-advies-uit-roemenie\/#breadcrumb","itemListElement":[{"@type":"ListItem","position":1,"name":"Home","item":"https:\/\/roadtoromania.com\/nl\/"},{"@type":"ListItem","position":2,"name":"Informatie en advies uit Roemeni\u00eb"}]},{"@type":"WebSite","@id":"https:\/\/roadtoromania.com\/nl\/#website","url":"https:\/\/roadtoromania.com\/nl\/","name":"Road to Romania","description":"De blog waar u alle informatie vindt om van Roemeni\u00eb te genieten.","potentialAction":[{"@type":"SearchAction","target":{"@type":"EntryPoint","urlTemplate":"https:\/\/roadtoromania.com\/nl\/?s={search_term_string}"},"query-input":"required name=search_term_string"}],"inLanguage":"nl-NL"}]}},"_links":{"self":[{"href":"https:\/\/roadtoromania.com\/nl\/wp-json\/wp\/v2\/pages\/3825","targetHints":{"allow":["GET"]}}],"collection":[{"href":"https:\/\/roadtoromania.com\/nl\/wp-json\/wp\/v2\/pages"}],"about":[{"href":"https:\/\/roadtoromania.com\/nl\/wp-json\/wp\/v2\/types\/page"}],"author":[{"embeddable":true,"href":"https:\/\/roadtoromania.com\/nl\/wp-json\/wp\/v2\/users\/1"}],"replies":[{"embeddable":true,"href":"https:\/\/roadtoromania.com\/nl\/wp-json\/wp\/v2\/comments?post=3825"}],"version-history":[{"count":0,"href":"https:\/\/roadtoromania.com\/nl\/wp-json\/wp\/v2\/pages\/3825\/revisions"}],"wp:attachment":[{"href":"https:\/\/roadtoromania.com\/nl\/wp-json\/wp\/v2\/media?parent=3825"}],"curies":[{"name":"wp","href":"https:\/\/api.w.org\/{rel}","templated":true}]}}