{"id":3826,"date":"2022-10-15T18:40:14","date_gmt":"2022-10-15T18:40:14","guid":{"rendered":"https:\/\/roadtoromania.com\/informatie-en-advies-uit-roemenie\/valutawissel-in-roemenie\/"},"modified":"2022-10-22T09:43:05","modified_gmt":"2022-10-22T09:43:05","slug":"valutawissel-in-roemenie","status":"publish","type":"page","link":"https:\/\/roadtoromania.com\/nl\/informatie-en-advies-uit-roemenie\/valutawissel-in-roemenie\/","title":{"rendered":"Valutawissel in Roemeni\u00eb"},"content":{"rendered":"<p> <strong>Roemeni\u00eb<\/strong> is nog niet toegetreden tot de Europese &#8220;eenheidsmunt&#8221;, de euro. En hoewel we als burgers met de Spaanse nationaliteit vrij kunnen reizen, is de euro er nog niet. De <a href=\"https:\/\/roadtoromania.com\/nl\/informatie-en-advies-uit-roemenie\/munteenheid-van-roemenie\/\"><\/strong><\/a> munteenheid is de <strong>Leu (meervoud Lei)<\/strong> en dus moeten we bij aankomst wisselen in de lokale valuta voor de aankopen en uitgaven die we tijdens onze reis doen. Het is mogelijk dat het in sommige banken en wisselkantoren nog steeds verschijnt als RON, de vroegere naam van de munt.<\/p>\n<p><img decoding=\"async\" src=\"https:\/\/roadtoromania.com\/wp-content\/uploads\/2022\/10\/moneda_rumana_lei.jpg\" \/>Roemeense munt Lei Valutawissel in Roemeni\u00eb<\/p>\n<div id=\"toc_container\" class=\"no_bullets\"><p class=\"toc_title\">Contents<\/p><ul class=\"toc_list\"><li><a href=\"#Wisseltips_in_Roemenie\"><span class=\"toc_number toc_depth_1\">1<\/span> \nWisseltips in Roemeni\u00eb<\/a><ul><li><a href=\"#Wisselkantoren\"><span class=\"toc_number toc_depth_2\">1.1<\/span> \nWisselkantoren<\/a><\/li><\/ul><\/li><li><a href=\"#Hoe_te_betalen_in_Roemenie\"><span class=\"toc_number toc_depth_1\">2<\/span> \nHoe te betalen in Roemeni\u00eb<\/a><\/li><li><a href=\"#Autoverhuur\"><span class=\"toc_number toc_depth_1\">3<\/span> \nAutoverhuur<\/a><\/li><\/ul><\/div>\n<h2><span id=\"Wisseltips_in_Roemenie\">\nWisseltips in Roemeni\u00eb<\/span><\/h2>\n<p>\nHet is normaal dat u de drang hebt om geld te wisselen zodra u in het land aankomt. Roemeense luchthavens hebben echter meestal hogere wisselkoersen tussen Lei en Euro dan de wisselkantoren in de steden. Als u dus geld moet wisselen, kunt u dat beter alleen doen voor het bedrag dat nodig is om een buskaartje, een taxi of andere aankopen die u op dat moment doet, te kopen. Later, in steden zoals het centrum van Boekarest, kunt u meer geld wisselen voor contant geld.\u00a0Soms vinden we prijzen in euro&#8217;s, die slechts een leidraad zijn om de gelijkwaardigheid te zien <\/p>\n<p>.<\/p>\n<h3><span id=\"Wisselkantoren\">\nWisselkantoren<\/span><\/h3>\n<p>\nZe zijn er in overvloed in steden, vooral in het centrum. Als u twijfelt of het een aanvaardbare wisselkoers is, kunt u er verschillende bezoeken. U zult waarschijnlijk gevraagd worden uw paspoort of identiteitskaart te tonen om geld te wisselen. Het is duidelijk, maar je moet geen geld wisselen bij vreemden omdat het fraude kan zijn.<\/p>\n<\/h3>\n<p>Geldautomaten<\/h3>\n<p>\nGeldautomaten zijn een goede manier om geld op te nemen, vooral als uw bank geen kosten in rekening brengt voor het opnemen van geld in het buitenland. Als u een Visa of Mastercard hebt, is dat geen probleem, want de meeste geldautomaten in Roemeni\u00eb accepteren deze kaarten. American Express wordt minder vaak gebruikt, hoewel sommige hotels het wel accepteren. De nationale bank van Roemeni\u00eb heet Banca Na\u0163ional\u0103 a Rom\u00e2niei.<\/p>\n<h2><span id=\"Hoe_te_betalen_in_Roemenie\">\nHoe te betalen in Roemeni\u00eb<\/span><\/h2>\n<p>\nIn steden als Boekarest, Timisoara of Brasov, en vele andere, is het normaal om uw rekening met een kaart te betalen, maar in kleine steden, met etablissementen zonder betalingssysteem, kan het zijn dat alleen contant geld wordt geaccepteerd. Het is daarom raadzaam om contant geld bij u te hebben.<\/p>\n<h2><span id=\"Autoverhuur\">\nAutoverhuur<\/span><\/h2>\n<p>\nBijna alle autoverhuurbedrijven vragen om een kredietkaart om de waarborg aan te rekenen of om deze als garantie te hebben, waarbij een bedrag wordt geblokkeerd tot de teruggave van het voertuig.<\/p>\n","protected":false},"excerpt":{"rendered":"<p>Roemeni\u00eb is nog niet toegetreden tot de Europese &#8220;eenheidsmunt&#8221;, de euro. En hoewel we als burgers met de Spaanse nationaliteit vrij kunnen reizen, is de euro er nog niet. De munteenheid is de Leu (meervoud Lei) en dus moeten we bij aankomst wisselen in de lokale valuta voor de aankopen en uitgaven die we tijdens &hellip;<\/p>\n<p class=\"read-more\"> <a class=\"\" href=\"https:\/\/roadtoromania.com\/nl\/informatie-en-advies-uit-roemenie\/valutawissel-in-roemenie\/\"> <span class=\"screen-reader-text\">Valutawissel in Roemeni\u00eb<\/span> Lees verder \u00bb<\/a><\/p>\n","protected":false},"author":1,"featured_media":1493,"parent":3825,"menu_order":0,"comment_status":"open","ping_status":"open","template":"","meta":{"site-sidebar-layout":"default","site-content-layout":"default","ast-global-header-display":"","ast-main-header-display":"","ast-hfb-above-header-display":"","ast-hfb-below-header-display":"","ast-hfb-mobile-header-display":"","site-post-title":"","ast-breadcrumbs-content":"","ast-featured-img":"","footer-sml-layout":"","theme-transparent-header-meta":"","adv-header-id-meta":"","stick-header-meta":"","header-above-stick-meta":"","header-main-stick-meta":"","header-below-stick-meta":"","footnotes":""},"class_list":["post-3826","page","type-page","status-publish","has-post-thumbnail","hentry"],"yoast_head":"<!-- This site is optimized with the Yoast SEO plugin v19.10 - https:\/\/yoast.com\/wordpress\/plugins\/seo\/ -->\n<title>Valutawissel in Roemeni\u00eb - Road to Romania<\/title>\n<meta name=\"robots\" content=\"index, follow, max-snippet:-1, max-image-preview:large, max-video-preview:-1\" \/>\n<link rel=\"canonical\" href=\"https:\/\/roadtoromania.com\/nl\/informatie-en-advies-uit-roemenie\/valutawissel-in-roemenie\/\" \/>\n<meta property=\"og:locale\" content=\"nl_NL\" \/>\n<meta property=\"og:type\" content=\"article\" \/>\n<meta property=\"og:title\" content=\"Valutawissel in Roemeni\u00eb - Road to Romania\" \/>\n<meta property=\"og:description\" content=\"Roemeni\u00eb is nog niet toegetreden tot de Europese &#8220;eenheidsmunt&#8221;, de euro. En hoewel we als burgers met de Spaanse nationaliteit vrij kunnen reizen, is de euro er nog niet. De munteenheid is de Leu (meervoud Lei) en dus moeten we bij aankomst wisselen in de lokale valuta voor de aankopen en uitgaven die we tijdens &hellip; Valutawissel in Roemeni\u00eb Lees verder \u00bb\" \/>\n<meta property=\"og:url\" content=\"https:\/\/roadtoromania.com\/nl\/informatie-en-advies-uit-roemenie\/valutawissel-in-roemenie\/\" \/>\n<meta property=\"og:site_name\" content=\"Road to Romania\" \/>\n<meta property=\"article:modified_time\" content=\"2022-10-22T09:43:05+00:00\" \/>\n<meta property=\"og:image\" content=\"https:\/\/roadtoromania.com\/wp-content\/uploads\/2022\/10\/moneda_rumana_lei-1.jpg\" \/>\n\t<meta property=\"og:image:width\" content=\"768\" \/>\n\t<meta property=\"og:image:height\" content=\"405\" \/>\n\t<meta property=\"og:image:type\" content=\"image\/jpeg\" \/>\n<meta name=\"twitter:card\" content=\"summary_large_image\" \/>\n<meta name=\"twitter:label1\" content=\"Geschatte leestijd\" \/>\n\t<meta name=\"twitter:data1\" content=\"2 minuten\" \/>\n<script type=\"application\/ld+json\" class=\"yoast-schema-graph\">{\"@context\":\"https:\/\/schema.org\",\"@graph\":[{\"@type\":\"WebPage\",\"@id\":\"https:\/\/roadtoromania.com\/nl\/informatie-en-advies-uit-roemenie\/valutawissel-in-roemenie\/\",\"url\":\"https:\/\/roadtoromania.com\/nl\/informatie-en-advies-uit-roemenie\/valutawissel-in-roemenie\/\",\"name\":\"Valutawissel in Roemeni\u00eb - Road to Romania\",\"isPartOf\":{\"@id\":\"https:\/\/roadtoromania.com\/nl\/#website\"},\"datePublished\":\"2022-10-15T18:40:14+00:00\",\"dateModified\":\"2022-10-22T09:43:05+00:00\",\"breadcrumb\":{\"@id\":\"https:\/\/roadtoromania.com\/nl\/informatie-en-advies-uit-roemenie\/valutawissel-in-roemenie\/#breadcrumb\"},\"inLanguage\":\"nl-NL\",\"potentialAction\":[{\"@type\":\"ReadAction\",\"target\":[\"https:\/\/roadtoromania.com\/nl\/informatie-en-advies-uit-roemenie\/valutawissel-in-roemenie\/\"]}]},{\"@type\":\"BreadcrumbList\",\"@id\":\"https:\/\/roadtoromania.com\/nl\/informatie-en-advies-uit-roemenie\/valutawissel-in-roemenie\/#breadcrumb\",\"itemListElement\":[{\"@type\":\"ListItem\",\"position\":1,\"name\":\"Home\",\"item\":\"https:\/\/roadtoromania.com\/nl\/\"},{\"@type\":\"ListItem\",\"position\":2,\"name\":\"Informatie en advies uit Roemeni\u00eb\",\"item\":\"https:\/\/roadtoromania.com\/nl\/informatie-en-advies-uit-roemenie\/\"},{\"@type\":\"ListItem\",\"position\":3,\"name\":\"Valutawissel in Roemeni\u00eb\"}]},{\"@type\":\"WebSite\",\"@id\":\"https:\/\/roadtoromania.com\/nl\/#website\",\"url\":\"https:\/\/roadtoromania.com\/nl\/\",\"name\":\"Road to Romania\",\"description\":\"De blog waar u alle informatie vindt om van Roemeni\u00eb te genieten.\",\"potentialAction\":[{\"@type\":\"SearchAction\",\"target\":{\"@type\":\"EntryPoint\",\"urlTemplate\":\"https:\/\/roadtoromania.com\/nl\/?s={search_term_string}\"},\"query-input\":\"required name=search_term_string\"}],\"inLanguage\":\"nl-NL\"}]}<\/script>\n<!-- \/ Yoast SEO plugin. -->","yoast_head_json":{"title":"Valutawissel in Roemeni\u00eb - Road to Romania","robots":{"index":"index","follow":"follow","max-snippet":"max-snippet:-1","max-image-preview":"max-image-preview:large","max-video-preview":"max-video-preview:-1"},"canonical":"https:\/\/roadtoromania.com\/nl\/informatie-en-advies-uit-roemenie\/valutawissel-in-roemenie\/","og_locale":"nl_NL","og_type":"article","og_title":"Valutawissel in Roemeni\u00eb - Road to Romania","og_description":"Roemeni\u00eb is nog niet toegetreden tot de Europese &#8220;eenheidsmunt&#8221;, de euro. En hoewel we als burgers met de Spaanse nationaliteit vrij kunnen reizen, is de euro er nog niet. De munteenheid is de Leu (meervoud Lei) en dus moeten we bij aankomst wisselen in de lokale valuta voor de aankopen en uitgaven die we tijdens &hellip; Valutawissel in Roemeni\u00eb Lees verder \u00bb","og_url":"https:\/\/roadtoromania.com\/nl\/informatie-en-advies-uit-roemenie\/valutawissel-in-roemenie\/","og_site_name":"Road to Romania","article_modified_time":"2022-10-22T09:43:05+00:00","og_image":[{"width":768,"height":405,"url":"https:\/\/roadtoromania.com\/wp-content\/uploads\/2022\/10\/moneda_rumana_lei-1.jpg","type":"image\/jpeg"}],"twitter_card":"summary_large_image","twitter_misc":{"Geschatte leestijd":"2 minuten"},"schema":{"@context":"https:\/\/schema.org","@graph":[{"@type":"WebPage","@id":"https:\/\/roadtoromania.com\/nl\/informatie-en-advies-uit-roemenie\/valutawissel-in-roemenie\/","url":"https:\/\/roadtoromania.com\/nl\/informatie-en-advies-uit-roemenie\/valutawissel-in-roemenie\/","name":"Valutawissel in Roemeni\u00eb - Road to Romania","isPartOf":{"@id":"https:\/\/roadtoromania.com\/nl\/#website"},"datePublished":"2022-10-15T18:40:14+00:00","dateModified":"2022-10-22T09:43:05+00:00","breadcrumb":{"@id":"https:\/\/roadtoromania.com\/nl\/informatie-en-advies-uit-roemenie\/valutawissel-in-roemenie\/#breadcrumb"},"inLanguage":"nl-NL","potentialAction":[{"@type":"ReadAction","target":["https:\/\/roadtoromania.com\/nl\/informatie-en-advies-uit-roemenie\/valutawissel-in-roemenie\/"]}]},{"@type":"BreadcrumbList","@id":"https:\/\/roadtoromania.com\/nl\/informatie-en-advies-uit-roemenie\/valutawissel-in-roemenie\/#breadcrumb","itemListElement":[{"@type":"ListItem","position":1,"name":"Home","item":"https:\/\/roadtoromania.com\/nl\/"},{"@type":"ListItem","position":2,"name":"Informatie en advies uit Roemeni\u00eb","item":"https:\/\/roadtoromania.com\/nl\/informatie-en-advies-uit-roemenie\/"},{"@type":"ListItem","position":3,"name":"Valutawissel in Roemeni\u00eb"}]},{"@type":"WebSite","@id":"https:\/\/roadtoromania.com\/nl\/#website","url":"https:\/\/roadtoromania.com\/nl\/","name":"Road to Romania","description":"De blog waar u alle informatie vindt om van Roemeni\u00eb te genieten.","potentialAction":[{"@type":"SearchAction","target":{"@type":"EntryPoint","urlTemplate":"https:\/\/roadtoromania.com\/nl\/?s={search_term_string}"},"query-input":"required name=search_term_string"}],"inLanguage":"nl-NL"}]}},"_links":{"self":[{"href":"https:\/\/roadtoromania.com\/nl\/wp-json\/wp\/v2\/pages\/3826","targetHints":{"allow":["GET"]}}],"collection":[{"href":"https:\/\/roadtoromania.com\/nl\/wp-json\/wp\/v2\/pages"}],"about":[{"href":"https:\/\/roadtoromania.com\/nl\/wp-json\/wp\/v2\/types\/page"}],"author":[{"embeddable":true,"href":"https:\/\/roadtoromania.com\/nl\/wp-json\/wp\/v2\/users\/1"}],"replies":[{"embeddable":true,"href":"https:\/\/roadtoromania.com\/nl\/wp-json\/wp\/v2\/comments?post=3826"}],"version-history":[{"count":0,"href":"https:\/\/roadtoromania.com\/nl\/wp-json\/wp\/v2\/pages\/3826\/revisions"}],"up":[{"embeddable":true,"href":"https:\/\/roadtoromania.com\/nl\/wp-json\/wp\/v2\/pages\/3825"}],"wp:featuredmedia":[{"embeddable":true,"href":"https:\/\/roadtoromania.com\/nl\/wp-json\/wp\/v2\/media\/1493"}],"wp:attachment":[{"href":"https:\/\/roadtoromania.com\/nl\/wp-json\/wp\/v2\/media?parent=3826"}],"curies":[{"name":"wp","href":"https:\/\/api.w.org\/{rel}","templated":true}]}}