{"id":3827,"date":"2022-10-15T18:40:14","date_gmt":"2022-10-15T18:40:14","guid":{"rendered":"https:\/\/roadtoromania.com\/informatie-en-advies-uit-roemenie\/munteenheid-van-roemenie\/"},"modified":"2022-10-22T09:43:05","modified_gmt":"2022-10-22T09:43:05","slug":"munteenheid-van-roemenie","status":"publish","type":"page","link":"https:\/\/roadtoromania.com\/nl\/informatie-en-advies-uit-roemenie\/munteenheid-van-roemenie\/","title":{"rendered":"Munteenheid van Roemeni\u00eb"},"content":{"rendered":"<p><a href=\"https:\/\/roadtoromania.com\/wp-content\/uploads\/2022\/10\/moneda-rumania-lei.jpg\"><img decoding=\"async\" src=\"https:\/\/roadtoromania.com\/wp-content\/uploads\/2022\/10\/moneda-rumania-lei.jpg\" \/><\/a> 5 Lei bankbiljet, de Roemeense munteenheid.<\/p>\n<p>\nDe offici\u00eble <strong>munteenheid van Roemeni\u00eb<\/strong> is de <strong>Leu, Lei<\/strong> in het meervoud. In 1880 werd de Lei gecre\u00eberd door de pas opgerichte Nationale Bank van Roemeni\u00eb. De naam Leu komt van Leeuw, omdat in de 17e eeuw de Nederlandse leeuwendaalder, voorgesteld door een leeuw, de gangbare munt was. Zo werd de Lei (leeuw) de naam voor de munt. In 2005 werd de nieuwe leu ( <strong>RON<\/strong> ) in omloop gebracht, ter vervanging van de oude Leu die door de devaluatie gelijk was aan 10.000 van de oude Leu.<\/p>\n<p>\nDe Leu is verdeeld in Ban (bani in het meervoud)<\/p>\n<p>\nOp de achterzijde van de Lei-biljetten staan enkele belangrijke figuren uit de Roemeense geschiedenis afgebeeld, zoals de dichter Mihai Eminescu, Nicolae Iorga, de toneelschrijver Ion Luca Caragiale, de ingenieur Aurel Vlaicu en de componist George Enescu, de schilder Nicolae Grigorescu, de Roemeense filosoof Lucian Blaga, en Roemeense bezienswaardigheden zoals de kathedraal van het Curtea-klooster in Arges, de universiteitsbibliotheek in Ia\u015fi, en het Nationaal Theater in Boekarest.<\/p>\n<p>\nSinds 2006 is Roemeni\u00eb bezig zich aan te sluiten bij de eenheidsmunt, de euro, zodra het voldoet aan de economische voorwaarden voor toetreding, met een verwachte toetredingsdatum in 2020.<\/p>\n<p>\nTen slotte is het vermeldenswaard dat u zowel op de luchthavens als in de grote steden kantoren of huizen vindt voor het wisselen van valuta tussen Leu en euro&#8217;s.<\/p>\n","protected":false},"excerpt":{"rendered":"<p>5 Lei bankbiljet, de Roemeense munteenheid. De offici\u00eble munteenheid van Roemeni\u00eb is de Leu, Lei in het meervoud. In 1880 werd de Lei gecre\u00eberd door de pas opgerichte Nationale Bank van Roemeni\u00eb. De naam Leu komt van Leeuw, omdat in de 17e eeuw de Nederlandse leeuwendaalder, voorgesteld door een leeuw, de gangbare munt was. Zo &hellip;<\/p>\n<p class=\"read-more\"> <a class=\"\" href=\"https:\/\/roadtoromania.com\/nl\/informatie-en-advies-uit-roemenie\/munteenheid-van-roemenie\/\"> <span class=\"screen-reader-text\">Munteenheid van Roemeni\u00eb<\/span> Lees verder \u00bb<\/a><\/p>\n","protected":false},"author":1,"featured_media":1501,"parent":3825,"menu_order":0,"comment_status":"open","ping_status":"open","template":"","meta":{"site-sidebar-layout":"default","site-content-layout":"default","ast-global-header-display":"","ast-main-header-display":"","ast-hfb-above-header-display":"","ast-hfb-below-header-display":"","ast-hfb-mobile-header-display":"","site-post-title":"","ast-breadcrumbs-content":"","ast-featured-img":"","footer-sml-layout":"","theme-transparent-header-meta":"","adv-header-id-meta":"","stick-header-meta":"","header-above-stick-meta":"","header-main-stick-meta":"","header-below-stick-meta":"","footnotes":""},"class_list":["post-3827","page","type-page","status-publish","has-post-thumbnail","hentry"],"yoast_head":"<!-- This site is optimized with the Yoast SEO plugin v19.10 - https:\/\/yoast.com\/wordpress\/plugins\/seo\/ -->\n<title>Munteenheid van Roemeni\u00eb - Road to Romania<\/title>\n<meta name=\"robots\" content=\"index, follow, max-snippet:-1, max-image-preview:large, max-video-preview:-1\" \/>\n<link rel=\"canonical\" href=\"https:\/\/roadtoromania.com\/nl\/informatie-en-advies-uit-roemenie\/munteenheid-van-roemenie\/\" \/>\n<meta property=\"og:locale\" content=\"nl_NL\" \/>\n<meta property=\"og:type\" content=\"article\" \/>\n<meta property=\"og:title\" content=\"Munteenheid van Roemeni\u00eb - Road to Romania\" \/>\n<meta property=\"og:description\" content=\"5 Lei bankbiljet, de Roemeense munteenheid. De offici\u00eble munteenheid van Roemeni\u00eb is de Leu, Lei in het meervoud. In 1880 werd de Lei gecre\u00eberd door de pas opgerichte Nationale Bank van Roemeni\u00eb. De naam Leu komt van Leeuw, omdat in de 17e eeuw de Nederlandse leeuwendaalder, voorgesteld door een leeuw, de gangbare munt was. Zo &hellip; Munteenheid van Roemeni\u00eb Lees verder \u00bb\" \/>\n<meta property=\"og:url\" content=\"https:\/\/roadtoromania.com\/nl\/informatie-en-advies-uit-roemenie\/munteenheid-van-roemenie\/\" \/>\n<meta property=\"og:site_name\" content=\"Road to Romania\" \/>\n<meta property=\"article:modified_time\" content=\"2022-10-22T09:43:05+00:00\" \/>\n<meta property=\"og:image\" content=\"https:\/\/roadtoromania.com\/wp-content\/uploads\/2022\/10\/moneda-rumania-lei-1.jpg\" \/>\n\t<meta property=\"og:image:width\" content=\"500\" \/>\n\t<meta property=\"og:image:height\" content=\"500\" \/>\n\t<meta property=\"og:image:type\" content=\"image\/jpeg\" \/>\n<meta name=\"twitter:card\" content=\"summary_large_image\" \/>\n<meta name=\"twitter:label1\" content=\"Geschatte leestijd\" \/>\n\t<meta name=\"twitter:data1\" content=\"1 minuut\" \/>\n<script type=\"application\/ld+json\" class=\"yoast-schema-graph\">{\"@context\":\"https:\/\/schema.org\",\"@graph\":[{\"@type\":\"WebPage\",\"@id\":\"https:\/\/roadtoromania.com\/nl\/informatie-en-advies-uit-roemenie\/munteenheid-van-roemenie\/\",\"url\":\"https:\/\/roadtoromania.com\/nl\/informatie-en-advies-uit-roemenie\/munteenheid-van-roemenie\/\",\"name\":\"Munteenheid van Roemeni\u00eb - Road to Romania\",\"isPartOf\":{\"@id\":\"https:\/\/roadtoromania.com\/nl\/#website\"},\"datePublished\":\"2022-10-15T18:40:14+00:00\",\"dateModified\":\"2022-10-22T09:43:05+00:00\",\"breadcrumb\":{\"@id\":\"https:\/\/roadtoromania.com\/nl\/informatie-en-advies-uit-roemenie\/munteenheid-van-roemenie\/#breadcrumb\"},\"inLanguage\":\"nl-NL\",\"potentialAction\":[{\"@type\":\"ReadAction\",\"target\":[\"https:\/\/roadtoromania.com\/nl\/informatie-en-advies-uit-roemenie\/munteenheid-van-roemenie\/\"]}]},{\"@type\":\"BreadcrumbList\",\"@id\":\"https:\/\/roadtoromania.com\/nl\/informatie-en-advies-uit-roemenie\/munteenheid-van-roemenie\/#breadcrumb\",\"itemListElement\":[{\"@type\":\"ListItem\",\"position\":1,\"name\":\"Home\",\"item\":\"https:\/\/roadtoromania.com\/nl\/\"},{\"@type\":\"ListItem\",\"position\":2,\"name\":\"Informatie en advies uit Roemeni\u00eb\",\"item\":\"https:\/\/roadtoromania.com\/nl\/informatie-en-advies-uit-roemenie\/\"},{\"@type\":\"ListItem\",\"position\":3,\"name\":\"Munteenheid van Roemeni\u00eb\"}]},{\"@type\":\"WebSite\",\"@id\":\"https:\/\/roadtoromania.com\/nl\/#website\",\"url\":\"https:\/\/roadtoromania.com\/nl\/\",\"name\":\"Road to Romania\",\"description\":\"De blog waar u alle informatie vindt om van Roemeni\u00eb te genieten.\",\"potentialAction\":[{\"@type\":\"SearchAction\",\"target\":{\"@type\":\"EntryPoint\",\"urlTemplate\":\"https:\/\/roadtoromania.com\/nl\/?s={search_term_string}\"},\"query-input\":\"required name=search_term_string\"}],\"inLanguage\":\"nl-NL\"}]}<\/script>\n<!-- \/ Yoast SEO plugin. -->","yoast_head_json":{"title":"Munteenheid van Roemeni\u00eb - Road to Romania","robots":{"index":"index","follow":"follow","max-snippet":"max-snippet:-1","max-image-preview":"max-image-preview:large","max-video-preview":"max-video-preview:-1"},"canonical":"https:\/\/roadtoromania.com\/nl\/informatie-en-advies-uit-roemenie\/munteenheid-van-roemenie\/","og_locale":"nl_NL","og_type":"article","og_title":"Munteenheid van Roemeni\u00eb - Road to Romania","og_description":"5 Lei bankbiljet, de Roemeense munteenheid. De offici\u00eble munteenheid van Roemeni\u00eb is de Leu, Lei in het meervoud. In 1880 werd de Lei gecre\u00eberd door de pas opgerichte Nationale Bank van Roemeni\u00eb. De naam Leu komt van Leeuw, omdat in de 17e eeuw de Nederlandse leeuwendaalder, voorgesteld door een leeuw, de gangbare munt was. Zo &hellip; Munteenheid van Roemeni\u00eb Lees verder \u00bb","og_url":"https:\/\/roadtoromania.com\/nl\/informatie-en-advies-uit-roemenie\/munteenheid-van-roemenie\/","og_site_name":"Road to Romania","article_modified_time":"2022-10-22T09:43:05+00:00","og_image":[{"width":500,"height":500,"url":"https:\/\/roadtoromania.com\/wp-content\/uploads\/2022\/10\/moneda-rumania-lei-1.jpg","type":"image\/jpeg"}],"twitter_card":"summary_large_image","twitter_misc":{"Geschatte leestijd":"1 minuut"},"schema":{"@context":"https:\/\/schema.org","@graph":[{"@type":"WebPage","@id":"https:\/\/roadtoromania.com\/nl\/informatie-en-advies-uit-roemenie\/munteenheid-van-roemenie\/","url":"https:\/\/roadtoromania.com\/nl\/informatie-en-advies-uit-roemenie\/munteenheid-van-roemenie\/","name":"Munteenheid van Roemeni\u00eb - Road to Romania","isPartOf":{"@id":"https:\/\/roadtoromania.com\/nl\/#website"},"datePublished":"2022-10-15T18:40:14+00:00","dateModified":"2022-10-22T09:43:05+00:00","breadcrumb":{"@id":"https:\/\/roadtoromania.com\/nl\/informatie-en-advies-uit-roemenie\/munteenheid-van-roemenie\/#breadcrumb"},"inLanguage":"nl-NL","potentialAction":[{"@type":"ReadAction","target":["https:\/\/roadtoromania.com\/nl\/informatie-en-advies-uit-roemenie\/munteenheid-van-roemenie\/"]}]},{"@type":"BreadcrumbList","@id":"https:\/\/roadtoromania.com\/nl\/informatie-en-advies-uit-roemenie\/munteenheid-van-roemenie\/#breadcrumb","itemListElement":[{"@type":"ListItem","position":1,"name":"Home","item":"https:\/\/roadtoromania.com\/nl\/"},{"@type":"ListItem","position":2,"name":"Informatie en advies uit Roemeni\u00eb","item":"https:\/\/roadtoromania.com\/nl\/informatie-en-advies-uit-roemenie\/"},{"@type":"ListItem","position":3,"name":"Munteenheid van Roemeni\u00eb"}]},{"@type":"WebSite","@id":"https:\/\/roadtoromania.com\/nl\/#website","url":"https:\/\/roadtoromania.com\/nl\/","name":"Road to Romania","description":"De blog waar u alle informatie vindt om van Roemeni\u00eb te genieten.","potentialAction":[{"@type":"SearchAction","target":{"@type":"EntryPoint","urlTemplate":"https:\/\/roadtoromania.com\/nl\/?s={search_term_string}"},"query-input":"required name=search_term_string"}],"inLanguage":"nl-NL"}]}},"_links":{"self":[{"href":"https:\/\/roadtoromania.com\/nl\/wp-json\/wp\/v2\/pages\/3827","targetHints":{"allow":["GET"]}}],"collection":[{"href":"https:\/\/roadtoromania.com\/nl\/wp-json\/wp\/v2\/pages"}],"about":[{"href":"https:\/\/roadtoromania.com\/nl\/wp-json\/wp\/v2\/types\/page"}],"author":[{"embeddable":true,"href":"https:\/\/roadtoromania.com\/nl\/wp-json\/wp\/v2\/users\/1"}],"replies":[{"embeddable":true,"href":"https:\/\/roadtoromania.com\/nl\/wp-json\/wp\/v2\/comments?post=3827"}],"version-history":[{"count":0,"href":"https:\/\/roadtoromania.com\/nl\/wp-json\/wp\/v2\/pages\/3827\/revisions"}],"up":[{"embeddable":true,"href":"https:\/\/roadtoromania.com\/nl\/wp-json\/wp\/v2\/pages\/3825"}],"wp:featuredmedia":[{"embeddable":true,"href":"https:\/\/roadtoromania.com\/nl\/wp-json\/wp\/v2\/media\/1501"}],"wp:attachment":[{"href":"https:\/\/roadtoromania.com\/nl\/wp-json\/wp\/v2\/media?parent=3827"}],"curies":[{"name":"wp","href":"https:\/\/api.w.org\/{rel}","templated":true}]}}