{"id":3828,"date":"2022-10-15T18:40:14","date_gmt":"2022-10-15T18:40:14","guid":{"rendered":"https:\/\/roadtoromania.com\/roemeense-must-haves\/"},"modified":"2022-10-22T09:43:05","modified_gmt":"2022-10-22T09:43:05","slug":"roemeense-must-haves","status":"publish","type":"page","link":"https:\/\/roadtoromania.com\/nl\/roemeense-must-haves\/","title":{"rendered":"Roemeense must-haves"},"content":{"rendered":"<p><img decoding=\"async\" src=\"https:\/\/roadtoromania.com\/wp-content\/uploads\/2022\/10\/rumania_top10_imprescindible.jpg\" \/>Roemeni\u00eb&#8217;s must-haves<\/p>\n<p>\n <strong>Roemeni\u00eb<\/strong> is een zeer groot land waar veel te zien is, en het is zeer waarschijnlijk dat we niet alles in \u00e9\u00e9n reis zullen kunnen zien, of dat we door onze vakantie op \u00e9\u00e9n gebied te concentreren niet in staat zullen zijn plaatsen te bereiken die zo ver weg liggen als Timisoara of Constanta. Daarom tonen wij u een lijst van de meest <strong>essenti\u00eble<\/strong> , een <strong>top 10 met de beste dingen om te zien<\/strong> :<\/p>\n<ol>\n<li>\nHouten kerken van de regio Maramures en de vreugdevolle begraafplaats van <a href=\"https:\/\/roadtoromania.com\/nl\/monumenten-van-roemenie-wat-te-zien-in-roemenie\/sapanta-vreugdevolle-begraafplaats-sapanta\/\"> <strong>Sapanta<\/strong><\/a> .<\/li>\n<li>\n<a href=\"https:\/\/roadtoromania.com\/nl\/steden-en-regio-s-van-roemenie\/boekarest\/\"> <strong>Boekarest<\/strong><\/a> , de vrolijke hoofdstad van Roemeni\u00eb<\/li>\n<li>\nKerken met fresco&#8217;s buiten het gebied van <a href=\"https:\/\/roadtoromania.com\/nl\/boekovina-en-zijn-kloosters\/\"> <strong>Bucovina<\/strong><\/a> <\/li>\n<li>\nSteden in <a href=\"https:\/\/roadtoromania.com\/nl\/steden-en-regio-s-van-roemenie\/transsylvanie\/\"> <strong>Transsylvani\u00eb<\/strong><\/a> zoals Sibiu, Sighisoara of Brasov<\/li>\n<li>\nDe <a href=\"https:\/\/roadtoromania.com\/nl\/turda-zoutmijn\/\"> <strong>zoutmijnen van Turda<\/strong><\/a> en de stad Cluj<\/li>\n<li>\nHet <a href=\"https:\/\/roadtoromania.com\/nl\/monumenten-van-roemenie-wat-te-zien-in-roemenie\/kasteel-peles-in-sinaia\/\"> <strong>Peles kasteel van Sinaia<\/strong><\/a> <\/li>\n<li>\n<a href=\"https:\/\/roadtoromania.com\/nl\/steden-en-regio-s-van-roemenie\/timisoara\/\"> <strong>Timisoara<\/strong><\/a> , een stad in de zuiverste Midden-Europese stijl<\/li>\n<li>\n<a href=\"https:\/\/roadtoromania.com\/nl\/monumenten-van-roemenie-wat-te-zien-in-roemenie\/bran-castle-dracula-s-kasteel\/\"> <strong>Bran Castle<\/strong><\/a> en de legende van Dracula<\/li>\n<li>\nDe <a href=\"https:\/\/roadtoromania.com\/nl\/aard-van-roemenie\/donaudelta\/\"><\/strong><\/a> Donaudelta die uitmondt in de Zwarte Zee <\/li>\n<p>.<\/ol>\n","protected":false},"excerpt":{"rendered":"<p>Roemeni\u00eb&#8217;s must-haves Roemeni\u00eb is een zeer groot land waar veel te zien is, en het is zeer waarschijnlijk dat we niet alles in \u00e9\u00e9n reis zullen kunnen zien, of dat we door onze vakantie op \u00e9\u00e9n gebied te concentreren niet in staat zullen zijn plaatsen te bereiken die zo ver weg liggen als Timisoara of &hellip;<\/p>\n<p class=\"read-more\"> <a class=\"\" href=\"https:\/\/roadtoromania.com\/nl\/roemeense-must-haves\/\"> <span class=\"screen-reader-text\">Roemeense must-haves<\/span> Lees verder \u00bb<\/a><\/p>\n","protected":false},"author":1,"featured_media":1509,"parent":0,"menu_order":0,"comment_status":"open","ping_status":"open","template":"","meta":{"site-sidebar-layout":"default","site-content-layout":"default","ast-global-header-display":"","ast-main-header-display":"","ast-hfb-above-header-display":"","ast-hfb-below-header-display":"","ast-hfb-mobile-header-display":"","site-post-title":"","ast-breadcrumbs-content":"","ast-featured-img":"","footer-sml-layout":"","theme-transparent-header-meta":"default","adv-header-id-meta":"","stick-header-meta":"default","header-above-stick-meta":"","header-main-stick-meta":"","header-below-stick-meta":"","footnotes":""},"class_list":["post-3828","page","type-page","status-publish","has-post-thumbnail","hentry"],"yoast_head":"<!-- This site is optimized with the Yoast SEO plugin v19.10 - https:\/\/yoast.com\/wordpress\/plugins\/seo\/ -->\n<title>Roemeense must-haves - Road to Romania<\/title>\n<meta name=\"robots\" content=\"index, follow, max-snippet:-1, max-image-preview:large, max-video-preview:-1\" \/>\n<link rel=\"canonical\" href=\"https:\/\/roadtoromania.com\/nl\/roemeense-must-haves\/\" \/>\n<meta property=\"og:locale\" content=\"nl_NL\" \/>\n<meta property=\"og:type\" content=\"article\" \/>\n<meta property=\"og:title\" content=\"Roemeense must-haves - Road to Romania\" \/>\n<meta property=\"og:description\" content=\"Roemeni\u00eb&#8217;s must-haves Roemeni\u00eb is een zeer groot land waar veel te zien is, en het is zeer waarschijnlijk dat we niet alles in \u00e9\u00e9n reis zullen kunnen zien, of dat we door onze vakantie op \u00e9\u00e9n gebied te concentreren niet in staat zullen zijn plaatsen te bereiken die zo ver weg liggen als Timisoara of &hellip; Roemeense must-haves Lees verder \u00bb\" \/>\n<meta property=\"og:url\" content=\"https:\/\/roadtoromania.com\/nl\/roemeense-must-haves\/\" \/>\n<meta property=\"og:site_name\" content=\"Road to Romania\" \/>\n<meta property=\"article:modified_time\" content=\"2022-10-22T09:43:05+00:00\" \/>\n<meta property=\"og:image\" content=\"https:\/\/roadtoromania.com\/wp-content\/uploads\/2022\/10\/rumania_top10_imprescindible-1.jpg\" \/>\n\t<meta property=\"og:image:width\" content=\"700\" \/>\n\t<meta property=\"og:image:height\" content=\"420\" \/>\n\t<meta property=\"og:image:type\" content=\"image\/jpeg\" \/>\n<meta name=\"twitter:card\" content=\"summary_large_image\" \/>\n<meta name=\"twitter:label1\" content=\"Geschatte leestijd\" \/>\n\t<meta name=\"twitter:data1\" content=\"1 minuut\" \/>\n<script type=\"application\/ld+json\" class=\"yoast-schema-graph\">{\"@context\":\"https:\/\/schema.org\",\"@graph\":[{\"@type\":\"WebPage\",\"@id\":\"https:\/\/roadtoromania.com\/nl\/roemeense-must-haves\/\",\"url\":\"https:\/\/roadtoromania.com\/nl\/roemeense-must-haves\/\",\"name\":\"Roemeense must-haves - Road to Romania\",\"isPartOf\":{\"@id\":\"https:\/\/roadtoromania.com\/nl\/#website\"},\"datePublished\":\"2022-10-15T18:40:14+00:00\",\"dateModified\":\"2022-10-22T09:43:05+00:00\",\"breadcrumb\":{\"@id\":\"https:\/\/roadtoromania.com\/nl\/roemeense-must-haves\/#breadcrumb\"},\"inLanguage\":\"nl-NL\",\"potentialAction\":[{\"@type\":\"ReadAction\",\"target\":[\"https:\/\/roadtoromania.com\/nl\/roemeense-must-haves\/\"]}]},{\"@type\":\"BreadcrumbList\",\"@id\":\"https:\/\/roadtoromania.com\/nl\/roemeense-must-haves\/#breadcrumb\",\"itemListElement\":[{\"@type\":\"ListItem\",\"position\":1,\"name\":\"Home\",\"item\":\"https:\/\/roadtoromania.com\/nl\/\"},{\"@type\":\"ListItem\",\"position\":2,\"name\":\"Roemeense must-haves\"}]},{\"@type\":\"WebSite\",\"@id\":\"https:\/\/roadtoromania.com\/nl\/#website\",\"url\":\"https:\/\/roadtoromania.com\/nl\/\",\"name\":\"Road to Romania\",\"description\":\"De blog waar u alle informatie vindt om van Roemeni\u00eb te genieten.\",\"potentialAction\":[{\"@type\":\"SearchAction\",\"target\":{\"@type\":\"EntryPoint\",\"urlTemplate\":\"https:\/\/roadtoromania.com\/nl\/?s={search_term_string}\"},\"query-input\":\"required name=search_term_string\"}],\"inLanguage\":\"nl-NL\"}]}<\/script>\n<!-- \/ Yoast SEO plugin. -->","yoast_head_json":{"title":"Roemeense must-haves - Road to Romania","robots":{"index":"index","follow":"follow","max-snippet":"max-snippet:-1","max-image-preview":"max-image-preview:large","max-video-preview":"max-video-preview:-1"},"canonical":"https:\/\/roadtoromania.com\/nl\/roemeense-must-haves\/","og_locale":"nl_NL","og_type":"article","og_title":"Roemeense must-haves - Road to Romania","og_description":"Roemeni\u00eb&#8217;s must-haves Roemeni\u00eb is een zeer groot land waar veel te zien is, en het is zeer waarschijnlijk dat we niet alles in \u00e9\u00e9n reis zullen kunnen zien, of dat we door onze vakantie op \u00e9\u00e9n gebied te concentreren niet in staat zullen zijn plaatsen te bereiken die zo ver weg liggen als Timisoara of &hellip; Roemeense must-haves Lees verder \u00bb","og_url":"https:\/\/roadtoromania.com\/nl\/roemeense-must-haves\/","og_site_name":"Road to Romania","article_modified_time":"2022-10-22T09:43:05+00:00","og_image":[{"width":700,"height":420,"url":"https:\/\/roadtoromania.com\/wp-content\/uploads\/2022\/10\/rumania_top10_imprescindible-1.jpg","type":"image\/jpeg"}],"twitter_card":"summary_large_image","twitter_misc":{"Geschatte leestijd":"1 minuut"},"schema":{"@context":"https:\/\/schema.org","@graph":[{"@type":"WebPage","@id":"https:\/\/roadtoromania.com\/nl\/roemeense-must-haves\/","url":"https:\/\/roadtoromania.com\/nl\/roemeense-must-haves\/","name":"Roemeense must-haves - Road to Romania","isPartOf":{"@id":"https:\/\/roadtoromania.com\/nl\/#website"},"datePublished":"2022-10-15T18:40:14+00:00","dateModified":"2022-10-22T09:43:05+00:00","breadcrumb":{"@id":"https:\/\/roadtoromania.com\/nl\/roemeense-must-haves\/#breadcrumb"},"inLanguage":"nl-NL","potentialAction":[{"@type":"ReadAction","target":["https:\/\/roadtoromania.com\/nl\/roemeense-must-haves\/"]}]},{"@type":"BreadcrumbList","@id":"https:\/\/roadtoromania.com\/nl\/roemeense-must-haves\/#breadcrumb","itemListElement":[{"@type":"ListItem","position":1,"name":"Home","item":"https:\/\/roadtoromania.com\/nl\/"},{"@type":"ListItem","position":2,"name":"Roemeense must-haves"}]},{"@type":"WebSite","@id":"https:\/\/roadtoromania.com\/nl\/#website","url":"https:\/\/roadtoromania.com\/nl\/","name":"Road to Romania","description":"De blog waar u alle informatie vindt om van Roemeni\u00eb te genieten.","potentialAction":[{"@type":"SearchAction","target":{"@type":"EntryPoint","urlTemplate":"https:\/\/roadtoromania.com\/nl\/?s={search_term_string}"},"query-input":"required name=search_term_string"}],"inLanguage":"nl-NL"}]}},"_links":{"self":[{"href":"https:\/\/roadtoromania.com\/nl\/wp-json\/wp\/v2\/pages\/3828","targetHints":{"allow":["GET"]}}],"collection":[{"href":"https:\/\/roadtoromania.com\/nl\/wp-json\/wp\/v2\/pages"}],"about":[{"href":"https:\/\/roadtoromania.com\/nl\/wp-json\/wp\/v2\/types\/page"}],"author":[{"embeddable":true,"href":"https:\/\/roadtoromania.com\/nl\/wp-json\/wp\/v2\/users\/1"}],"replies":[{"embeddable":true,"href":"https:\/\/roadtoromania.com\/nl\/wp-json\/wp\/v2\/comments?post=3828"}],"version-history":[{"count":0,"href":"https:\/\/roadtoromania.com\/nl\/wp-json\/wp\/v2\/pages\/3828\/revisions"}],"wp:featuredmedia":[{"embeddable":true,"href":"https:\/\/roadtoromania.com\/nl\/wp-json\/wp\/v2\/media\/1509"}],"wp:attachment":[{"href":"https:\/\/roadtoromania.com\/nl\/wp-json\/wp\/v2\/media?parent=3828"}],"curies":[{"name":"wp","href":"https:\/\/api.w.org\/{rel}","templated":true}]}}