{"id":3844,"date":"2022-10-15T18:40:16","date_gmt":"2022-10-15T18:40:16","guid":{"rendered":"https:\/\/roadtoromania.com\/kasteel-banffy-in-bontida\/"},"modified":"2022-10-22T09:43:15","modified_gmt":"2022-10-22T09:43:15","slug":"kasteel-banffy-in-bontida","status":"publish","type":"page","link":"https:\/\/roadtoromania.com\/nl\/monumenten-van-roemenie-wat-te-zien-in-roemenie\/kasteel-banffy-in-bontida\/","title":{"rendered":"Kasteel B\u00e1nffy in Bon\u0163ida"},"content":{"rendered":"<p>Het <strong>kasteel B\u00e1nffy<\/strong> is een architectonisch monument gelegen in <strong>Bon\u0163ida<\/strong> , een dorp in de buurt van <strong>Cluj-Napoca.<\/strong> Architectonisch vertoont het bouwfasen en stijlkenmerken die tot verschillende stijlen behoren: renaissance, barok, neoklassiek en neogotiek. Het is eigendom van de familie B\u00e1nffy (waarvan Mikl\u00f3s B\u00e1nffy deel uitmaakte). De huidige eigenaar is Katalin B\u00e1nffy.<\/p>\n<p><a href=\"https:\/\/roadtoromania.com\/wp-content\/uploads\/2022\/10\/castillo_bontida.jpg\"><img decoding=\"async\" src=\"https:\/\/roadtoromania.com\/wp-content\/uploads\/2022\/10\/castillo_bontida.jpg\" \/><\/a> Kasteel Bontida<\/p>\n<h2>\n <strong>Geschiedenis van kasteel Bon\u0163ida<\/strong> <\/h2>\n<p>\nIn 1387 kwam het landgoed Bon\u0163ida in handen van de familie B\u00e1nffy uit Losonc. V\u00f3\u00f3r de bouw van het kasteel stond er een herenhuis, waarvan de geschiedenis teruggaat tot de 15e-16e eeuw. In 1640 werd het eigendom ge\u00ebrfd door D\u00e9nes B\u00e1nffy (II), de gouverneur van Doboka en Kolozs, die het oorspronkelijke gebouw tussen 1668 en 1674 versterkte door het te omringen met gekanteelde muren die een rechthoekige omheining vormden, op de hoeken versterkt met ronde torens. Het werk werd na zijn dood voortgezet door zijn opvolger, Gy\u00f6rgy B\u00e1nffy (III).<\/p>\n<p>\nIn de 18e eeuw was de familie die eigenaar was van kasteel Bon\u0163ida betrokken bij de Onafhankelijkheidsoorlog van R\u00e1k\u00f3czi en liep schade op die in de loop van de eeuw werd hersteld door de volgende erfgenaam van de familie, D\u00e9nes B\u00e1nffy IV, die, na aan het hof van Wenen te hebben gewoond, zijn smaak voor Oostenrijkse barok toepaste.<\/p>\n<p>\nIn de vredestijd werd het nieuwe U-vormige gebouw uitgebreid met een manege, stallen en stallen, en tuinen met beelden van Johann Nachtigall ge\u00efnspireerd op de werken van de klassieke dichter Ovidius en fonteinen.<\/p>\n<p>\nHet kasteel werd zodanig getransformeerd dat het zijn oorspronkelijke uiterlijk verloor, en als gevolg daarvan werd de poorttoren afgebroken, waardoor de renaissance binnenplaats werd verbonden met de barokke binnenplaats. De steen van de muren werd gebruikt om een watermolen te bouwen voor de dorpelingen in Bon\u0163ida. In 1850 werd de westelijke vleugel van het gebouw aangepast onder leiding van architect Anton Kagerbauer, naar het voorbeeld van de Engelse landschapsarchitectuur.<\/p>\n<p>\nIn 1944 werd het kasteel omgebouwd tot een veldhospitaal. Duitse troepen plunderden en verwoestten het kasteel als vergelding voor de politieke houding van de eigenaar, graaf Mikl\u00f3s B\u00e1nffy, die het initiatief had genomen tot onderhandelingen tussen de Roemeense en Hongaarse regering om tegen Duitsland te vechten (in de eerste jaren van het conflict steunde Roemeni\u00eb de nazi-troepen). Het meubilair, de bibliotheek en de schilderijengalerij werden in deze periode vernietigd.<\/p>\n<p>\nTijdens het communistische regime werd het gebruikt als co\u00f6peratieve boerderij en kinderziekenhuis. In 1963, tijdens het filmen van een filmsc\u00e8ne met brand, werd een deel van het kasteel zwaar verbrand, wat het kasteel uiteindelijk ru\u00efneerde.<\/p>\n<p>\nTegenwoordig is het kasteel van Bon\u0163ida de locatie voor het <strong>Electric Castle Festival,<\/strong> een van de belangrijkste festivals voor elektronische muziek in Europa.<\/p>\n<p> Kaart van het kasteel van Bontida<\/strong> <\/h2>\n","protected":false},"excerpt":{"rendered":"<p>Het kasteel B\u00e1nffy is een architectonisch monument gelegen in Bon\u0163ida , een dorp in de buurt van Cluj-Napoca. Architectonisch vertoont het bouwfasen en stijlkenmerken die tot verschillende stijlen behoren: renaissance, barok, neoklassiek en neogotiek. Het is eigendom van de familie B\u00e1nffy (waarvan Mikl\u00f3s B\u00e1nffy deel uitmaakte). De huidige eigenaar is Katalin B\u00e1nffy. Kasteel Bontida Geschiedenis &hellip;<\/p>\n<p class=\"read-more\"> <a class=\"\" href=\"https:\/\/roadtoromania.com\/nl\/monumenten-van-roemenie-wat-te-zien-in-roemenie\/kasteel-banffy-in-bontida\/\"> <span class=\"screen-reader-text\">Kasteel B\u00e1nffy in Bon\u0163ida<\/span> Lees verder \u00bb<\/a><\/p>\n","protected":false},"author":1,"featured_media":1571,"parent":3842,"menu_order":0,"comment_status":"open","ping_status":"open","template":"","meta":{"site-sidebar-layout":"default","site-content-layout":"default","ast-global-header-display":"","ast-main-header-display":"","ast-hfb-above-header-display":"","ast-hfb-below-header-display":"","ast-hfb-mobile-header-display":"","site-post-title":"","ast-breadcrumbs-content":"","ast-featured-img":"","footer-sml-layout":"","theme-transparent-header-meta":"","adv-header-id-meta":"","stick-header-meta":"","header-above-stick-meta":"","header-main-stick-meta":"","header-below-stick-meta":"","footnotes":""},"class_list":["post-3844","page","type-page","status-publish","has-post-thumbnail","hentry"],"yoast_head":"<!-- This site is optimized with the Yoast SEO plugin v19.10 - https:\/\/yoast.com\/wordpress\/plugins\/seo\/ -->\n<title>Kasteel B\u00e1nffy in Bon\u0163ida - Road to Romania<\/title>\n<meta name=\"robots\" content=\"index, follow, max-snippet:-1, max-image-preview:large, max-video-preview:-1\" \/>\n<link rel=\"canonical\" href=\"https:\/\/roadtoromania.com\/nl\/monumenten-van-roemenie-wat-te-zien-in-roemenie\/kasteel-banffy-in-bontida\/\" \/>\n<meta property=\"og:locale\" content=\"nl_NL\" \/>\n<meta property=\"og:type\" content=\"article\" \/>\n<meta property=\"og:title\" content=\"Kasteel B\u00e1nffy in Bon\u0163ida - Road to Romania\" \/>\n<meta property=\"og:description\" content=\"Het kasteel B\u00e1nffy is een architectonisch monument gelegen in Bon\u0163ida , een dorp in de buurt van Cluj-Napoca. Architectonisch vertoont het bouwfasen en stijlkenmerken die tot verschillende stijlen behoren: renaissance, barok, neoklassiek en neogotiek. Het is eigendom van de familie B\u00e1nffy (waarvan Mikl\u00f3s B\u00e1nffy deel uitmaakte). De huidige eigenaar is Katalin B\u00e1nffy. Kasteel Bontida Geschiedenis &hellip; Kasteel B\u00e1nffy in Bon\u0163ida Lees verder \u00bb\" \/>\n<meta property=\"og:url\" content=\"https:\/\/roadtoromania.com\/nl\/monumenten-van-roemenie-wat-te-zien-in-roemenie\/kasteel-banffy-in-bontida\/\" \/>\n<meta property=\"og:site_name\" content=\"Road to Romania\" \/>\n<meta property=\"article:modified_time\" content=\"2022-10-22T09:43:15+00:00\" \/>\n<meta property=\"og:image\" content=\"https:\/\/roadtoromania.com\/wp-content\/uploads\/2022\/10\/castillo_bontida-1.jpg\" \/>\n\t<meta property=\"og:image:width\" content=\"696\" \/>\n\t<meta property=\"og:image:height\" content=\"463\" \/>\n\t<meta property=\"og:image:type\" content=\"image\/jpeg\" \/>\n<meta name=\"twitter:card\" content=\"summary_large_image\" \/>\n<meta name=\"twitter:label1\" content=\"Geschatte leestijd\" \/>\n\t<meta name=\"twitter:data1\" content=\"2 minuten\" \/>\n<script type=\"application\/ld+json\" class=\"yoast-schema-graph\">{\"@context\":\"https:\/\/schema.org\",\"@graph\":[{\"@type\":\"WebPage\",\"@id\":\"https:\/\/roadtoromania.com\/nl\/monumenten-van-roemenie-wat-te-zien-in-roemenie\/kasteel-banffy-in-bontida\/\",\"url\":\"https:\/\/roadtoromania.com\/nl\/monumenten-van-roemenie-wat-te-zien-in-roemenie\/kasteel-banffy-in-bontida\/\",\"name\":\"Kasteel B\u00e1nffy in Bon\u0163ida - Road to Romania\",\"isPartOf\":{\"@id\":\"https:\/\/roadtoromania.com\/nl\/#website\"},\"datePublished\":\"2022-10-15T18:40:16+00:00\",\"dateModified\":\"2022-10-22T09:43:15+00:00\",\"breadcrumb\":{\"@id\":\"https:\/\/roadtoromania.com\/nl\/monumenten-van-roemenie-wat-te-zien-in-roemenie\/kasteel-banffy-in-bontida\/#breadcrumb\"},\"inLanguage\":\"nl-NL\",\"potentialAction\":[{\"@type\":\"ReadAction\",\"target\":[\"https:\/\/roadtoromania.com\/nl\/monumenten-van-roemenie-wat-te-zien-in-roemenie\/kasteel-banffy-in-bontida\/\"]}]},{\"@type\":\"BreadcrumbList\",\"@id\":\"https:\/\/roadtoromania.com\/nl\/monumenten-van-roemenie-wat-te-zien-in-roemenie\/kasteel-banffy-in-bontida\/#breadcrumb\",\"itemListElement\":[{\"@type\":\"ListItem\",\"position\":1,\"name\":\"Home\",\"item\":\"https:\/\/roadtoromania.com\/nl\/\"},{\"@type\":\"ListItem\",\"position\":2,\"name\":\"Kasteel B\u00e1nffy in Bon\u0163ida\"}]},{\"@type\":\"WebSite\",\"@id\":\"https:\/\/roadtoromania.com\/nl\/#website\",\"url\":\"https:\/\/roadtoromania.com\/nl\/\",\"name\":\"Road to Romania\",\"description\":\"De blog waar u alle informatie vindt om van Roemeni\u00eb te genieten.\",\"potentialAction\":[{\"@type\":\"SearchAction\",\"target\":{\"@type\":\"EntryPoint\",\"urlTemplate\":\"https:\/\/roadtoromania.com\/nl\/?s={search_term_string}\"},\"query-input\":\"required name=search_term_string\"}],\"inLanguage\":\"nl-NL\"}]}<\/script>\n<!-- \/ Yoast SEO plugin. -->","yoast_head_json":{"title":"Kasteel B\u00e1nffy in Bon\u0163ida - Road to Romania","robots":{"index":"index","follow":"follow","max-snippet":"max-snippet:-1","max-image-preview":"max-image-preview:large","max-video-preview":"max-video-preview:-1"},"canonical":"https:\/\/roadtoromania.com\/nl\/monumenten-van-roemenie-wat-te-zien-in-roemenie\/kasteel-banffy-in-bontida\/","og_locale":"nl_NL","og_type":"article","og_title":"Kasteel B\u00e1nffy in Bon\u0163ida - Road to Romania","og_description":"Het kasteel B\u00e1nffy is een architectonisch monument gelegen in Bon\u0163ida , een dorp in de buurt van Cluj-Napoca. Architectonisch vertoont het bouwfasen en stijlkenmerken die tot verschillende stijlen behoren: renaissance, barok, neoklassiek en neogotiek. Het is eigendom van de familie B\u00e1nffy (waarvan Mikl\u00f3s B\u00e1nffy deel uitmaakte). De huidige eigenaar is Katalin B\u00e1nffy. Kasteel Bontida Geschiedenis &hellip; Kasteel B\u00e1nffy in Bon\u0163ida Lees verder \u00bb","og_url":"https:\/\/roadtoromania.com\/nl\/monumenten-van-roemenie-wat-te-zien-in-roemenie\/kasteel-banffy-in-bontida\/","og_site_name":"Road to Romania","article_modified_time":"2022-10-22T09:43:15+00:00","og_image":[{"width":696,"height":463,"url":"https:\/\/roadtoromania.com\/wp-content\/uploads\/2022\/10\/castillo_bontida-1.jpg","type":"image\/jpeg"}],"twitter_card":"summary_large_image","twitter_misc":{"Geschatte leestijd":"2 minuten"},"schema":{"@context":"https:\/\/schema.org","@graph":[{"@type":"WebPage","@id":"https:\/\/roadtoromania.com\/nl\/monumenten-van-roemenie-wat-te-zien-in-roemenie\/kasteel-banffy-in-bontida\/","url":"https:\/\/roadtoromania.com\/nl\/monumenten-van-roemenie-wat-te-zien-in-roemenie\/kasteel-banffy-in-bontida\/","name":"Kasteel B\u00e1nffy in Bon\u0163ida - Road to Romania","isPartOf":{"@id":"https:\/\/roadtoromania.com\/nl\/#website"},"datePublished":"2022-10-15T18:40:16+00:00","dateModified":"2022-10-22T09:43:15+00:00","breadcrumb":{"@id":"https:\/\/roadtoromania.com\/nl\/monumenten-van-roemenie-wat-te-zien-in-roemenie\/kasteel-banffy-in-bontida\/#breadcrumb"},"inLanguage":"nl-NL","potentialAction":[{"@type":"ReadAction","target":["https:\/\/roadtoromania.com\/nl\/monumenten-van-roemenie-wat-te-zien-in-roemenie\/kasteel-banffy-in-bontida\/"]}]},{"@type":"BreadcrumbList","@id":"https:\/\/roadtoromania.com\/nl\/monumenten-van-roemenie-wat-te-zien-in-roemenie\/kasteel-banffy-in-bontida\/#breadcrumb","itemListElement":[{"@type":"ListItem","position":1,"name":"Home","item":"https:\/\/roadtoromania.com\/nl\/"},{"@type":"ListItem","position":2,"name":"Kasteel B\u00e1nffy in Bon\u0163ida"}]},{"@type":"WebSite","@id":"https:\/\/roadtoromania.com\/nl\/#website","url":"https:\/\/roadtoromania.com\/nl\/","name":"Road to Romania","description":"De blog waar u alle informatie vindt om van Roemeni\u00eb te genieten.","potentialAction":[{"@type":"SearchAction","target":{"@type":"EntryPoint","urlTemplate":"https:\/\/roadtoromania.com\/nl\/?s={search_term_string}"},"query-input":"required name=search_term_string"}],"inLanguage":"nl-NL"}]}},"_links":{"self":[{"href":"https:\/\/roadtoromania.com\/nl\/wp-json\/wp\/v2\/pages\/3844","targetHints":{"allow":["GET"]}}],"collection":[{"href":"https:\/\/roadtoromania.com\/nl\/wp-json\/wp\/v2\/pages"}],"about":[{"href":"https:\/\/roadtoromania.com\/nl\/wp-json\/wp\/v2\/types\/page"}],"author":[{"embeddable":true,"href":"https:\/\/roadtoromania.com\/nl\/wp-json\/wp\/v2\/users\/1"}],"replies":[{"embeddable":true,"href":"https:\/\/roadtoromania.com\/nl\/wp-json\/wp\/v2\/comments?post=3844"}],"version-history":[{"count":0,"href":"https:\/\/roadtoromania.com\/nl\/wp-json\/wp\/v2\/pages\/3844\/revisions"}],"up":[{"embeddable":true,"href":"https:\/\/roadtoromania.com\/nl\/wp-json\/wp\/v2\/pages\/3842"}],"wp:featuredmedia":[{"embeddable":true,"href":"https:\/\/roadtoromania.com\/nl\/wp-json\/wp\/v2\/media\/1571"}],"wp:attachment":[{"href":"https:\/\/roadtoromania.com\/nl\/wp-json\/wp\/v2\/media?parent=3844"}],"curies":[{"name":"wp","href":"https:\/\/api.w.org\/{rel}","templated":true}]}}