{"id":3854,"date":"2022-10-15T18:40:18","date_gmt":"2022-10-15T18:40:18","guid":{"rendered":"https:\/\/roadtoromania.com\/kloosters-van-moldavie\/"},"modified":"2022-10-22T12:07:12","modified_gmt":"2022-10-22T12:07:12","slug":"kloosters-van-moldavie","status":"publish","type":"page","link":"https:\/\/roadtoromania.com\/nl\/monumenten-van-roemenie-wat-te-zien-in-roemenie\/kloosters-van-moldavie\/","title":{"rendered":"Kloosters van Moldavi\u00eb"},"content":{"rendered":"<p>De <strong>kloosters van <a href=\"https:\/\/roadtoromania.com\/nl\/monumenten-van-roemenie-wat-te-zien-in-roemenie\/moldavie-roemeens\/\">de Roemeense regio Moldavi\u00eb<\/a> <\/strong> zijn een van de belangrijkste toeristische attracties in Roemeni\u00eb. De nabijheid ervan maakt een circuit van \u00e9\u00e9n of twee dagen mogelijk dat ons de eigenaardige architectuur en de levensstijl van een nog steeds levende kloostergemeenschap laat zien. De stad <strong>Tirgu Neamt<\/strong> is &#8211; net als <a href=\"https:\/\/roadtoromania.com\/nl\/steden-en-regio-s-van-roemenie\/suceava\/\"> <strong>Suceava<\/strong><\/a> voor de <a href=\"https:\/\/roadtoromania.com\/nl\/boekovina-en-zijn-kloosters\/\"> <strong>kloosters van Boekovina<\/strong><\/a> &#8211; het neuralgische punt waaromheen we de belangrijkste Moldavische kloostercentra vinden.<\/p>\n<p>Het bezoek aan de kloosters kan worden uitgevoerd op eigen gelegenheid of via een rondleiding die u tussen de kloosters doorbrengt zonder u zorgen te maken over het rijden of het vinden ervan, en met de mogelijkheid om ze grondig te leren kennen en in sommige zelfs te slapen.<\/p>\n<p>Het interessantste en het eerste dat we moeten bezoeken is het <strong>Neamt klooster<\/strong> , het oudste klooster in Moldavi\u00eb (14e eeuw) en bekend als het Jeruzalem van de Roemeens-orthodoxen. De huidige kerk dateert uit 1497 en werd gesticht door Stefanus de Grote, op de plaats waar vroeger andere kerken stonden (waarvan er een werd verwoest tijdens de aardbeving van 1471). Neamt was in de Middeleeuwen een zeer belangrijk cultureel centrum, waar kopiisten en miniaturisten werkten die tot op de dag van vandaag bewaard zijn gebleven. De Neamt-bibliotheek bevat meer dan 20.000 banden van grote artistieke en historische waarde en is daarmee een van de belangrijkste bibliotheken van Roemeni\u00eb. Een andere schat is de in 665 in Isra\u00ebl geschilderde icoon van Maria, een geschenk van de Byzantijnse keizer Ion VIII.<\/p>\n<p>Op 18 km van Tirgu Neamt ligt het <strong>Secu<\/strong> klooster, waarvan de 16e-eeuwse kerk elementen van Moldavische en Munten-architectuur combineert. Gebouwd in de vorm van een oude middeleeuwse vesting, beschermd door verdedigingsmuren en torens, verdedigde het ook het graf van de architect Nestor Ureche, naast de indrukwekkende collectie religieuze voorwerpen, vooral goud- en zilverwerk.<\/p>\n<p><a href=\"https:\/\/roadtoromania.com\/wp-content\/uploads\/2022\/10\/sihastria-monasterio.jpg\"><img decoding=\"async\" src=\"https:\/\/roadtoromania.com\/wp-content\/uploads\/2022\/10\/sihastria-monasterio.jpg\" \/><\/a> Interieur van het klooster van Sihastria<\/p>\n<p>Een andere belangrijke site is het <strong>Klooster van Agapia, bijna omgebouwd tot een kloosterdorp waar tegenwoordig honderden nonnen leven en werken in de landbouw en religieuze voorwerpen maken, iconen, stoffen, keramiek die worden verkocht aan andere kerken en natuurlijk aan toeristen. Het werd opgericht in het midden van de 17e eeuw en de decoratie van het klooster in Byzantijns-Neo-Klassieke stijl met Roemeense traditionele thema&#8217;s is het werk van de beroemde schilder Nicolae Grigorescu in 1858-60.<\/strong><\/p>\n<p><strong>Varatec<\/strong> is een van de meest recente kloosters, die sinds zijn stichting in de 16e eeuw talrijke renovaties heeft ondergaan. De huidige dateert uit 1808 en volgt de traditionele Moldavische stijl. Dit complex bestaat uit het klooster &#8220;Adormirea Maicii Domnului&#8221;, de kerk &#8220;Schimbarea la Fata, en de kerk van St. Het herbergt het graf van de dichter Mihai Eminescu, Veronica Micle, en stelt een collectie middeleeuwse kunst tentoon.<\/p>\n<p>Bij <strong>Horezu<\/strong> , ongeveer 6 km ten noordwesten, ligt het <strong>klooster van Bistrita<\/strong> , dat dateert uit 1856, hoewel het gebouwd is over een middeleeuwse kerk uit 1406. Hoogtepunten zijn de fresco&#8217;s binnen, het icoon van Sint-Anna in de kloosterkerk, het graf van de Moldavische prins Alexandru cel Bun en de Byzantijnse muurschilderingen in de kapel van de voormalige ziekenzaal.<\/p>\n<p><a href=\"https:\/\/roadtoromania.com\/wp-content\/uploads\/2022\/10\/durau-monasterio-rumania.jpg\"><img decoding=\"async\" src=\"data:image\/gif;base64,R0lGODdhAQABAPAAAMPDwwAAACwAAAAAAQABAAACAkQBADs=\" \/><\/a> Surau Klooster, aan de voet van de berg Ceahlau en het Nationaal Park. <\/p>\n<p>Tenslotte het klooster van Durau , uit de 17e eeuw, het werk van een van de zonen van de heerser Vasile Lupu, en waarvan de schilderingen werden voltooid door Nicolae Tonitza met zijn team van leerlingen, onder wie Corneliu Baba een van de meest opvallende was.<\/p>\n<p>Als we nog tijd hebben kunnen we de kloosters van <strong>Sihastria<\/strong> bezoeken met zijn prachtige interieur, <strong>Pangarati<\/strong> (1560) en <strong>Sihla<\/strong> , 6km van Sihastria, een heiligdom (1725) waar St. Theodora zou hebben gewoond en gebeden en waar elke 7 augustus gelovigen uit heel Roemeni\u00eb op bedevaart komen.<\/p>\n","protected":false},"excerpt":{"rendered":"<p>De kloosters van de Roemeense regio Moldavi\u00eb zijn een van de belangrijkste toeristische attracties in Roemeni\u00eb. De nabijheid ervan maakt een circuit van \u00e9\u00e9n of twee dagen mogelijk dat ons de eigenaardige architectuur en de levensstijl van een nog steeds levende kloostergemeenschap laat zien. De stad Tirgu Neamt is &#8211; net als Suceava voor de &hellip;<\/p>\n<p class=\"read-more\"> <a class=\"\" href=\"https:\/\/roadtoromania.com\/nl\/monumenten-van-roemenie-wat-te-zien-in-roemenie\/kloosters-van-moldavie\/\"> <span class=\"screen-reader-text\">Kloosters van Moldavi\u00eb<\/span> Lees verder \u00bb<\/a><\/p>\n","protected":false},"author":1,"featured_media":1699,"parent":3842,"menu_order":0,"comment_status":"open","ping_status":"open","template":"","meta":{"site-sidebar-layout":"default","site-content-layout":"default","ast-global-header-display":"","ast-main-header-display":"","ast-hfb-above-header-display":"","ast-hfb-below-header-display":"","ast-hfb-mobile-header-display":"","site-post-title":"","ast-breadcrumbs-content":"","ast-featured-img":"","footer-sml-layout":"","theme-transparent-header-meta":"default","adv-header-id-meta":"","stick-header-meta":"","header-above-stick-meta":"","header-main-stick-meta":"","header-below-stick-meta":"","footnotes":""},"class_list":["post-3854","page","type-page","status-publish","has-post-thumbnail","hentry"],"yoast_head":"<!-- This site is optimized with the Yoast SEO plugin v19.10 - https:\/\/yoast.com\/wordpress\/plugins\/seo\/ -->\n<title>Kloosters van Moldavi\u00eb - Road to Romania<\/title>\n<meta name=\"robots\" content=\"index, follow, max-snippet:-1, max-image-preview:large, max-video-preview:-1\" \/>\n<link rel=\"canonical\" href=\"https:\/\/roadtoromania.com\/nl\/monumenten-van-roemenie-wat-te-zien-in-roemenie\/kloosters-van-moldavie\/\" \/>\n<meta property=\"og:locale\" content=\"nl_NL\" \/>\n<meta property=\"og:type\" content=\"article\" \/>\n<meta property=\"og:title\" content=\"Kloosters van Moldavi\u00eb - Road to Romania\" \/>\n<meta property=\"og:description\" content=\"De kloosters van de Roemeense regio Moldavi\u00eb zijn een van de belangrijkste toeristische attracties in Roemeni\u00eb. De nabijheid ervan maakt een circuit van \u00e9\u00e9n of twee dagen mogelijk dat ons de eigenaardige architectuur en de levensstijl van een nog steeds levende kloostergemeenschap laat zien. De stad Tirgu Neamt is &#8211; net als Suceava voor de &hellip; Kloosters van Moldavi\u00eb Lees verder \u00bb\" \/>\n<meta property=\"og:url\" content=\"https:\/\/roadtoromania.com\/nl\/monumenten-van-roemenie-wat-te-zien-in-roemenie\/kloosters-van-moldavie\/\" \/>\n<meta property=\"og:site_name\" content=\"Road to Romania\" \/>\n<meta property=\"article:modified_time\" content=\"2022-10-22T12:07:12+00:00\" \/>\n<meta property=\"og:image\" content=\"https:\/\/roadtoromania.com\/wp-content\/uploads\/2022\/10\/sihastria-monasterio-1.jpg\" \/>\n\t<meta property=\"og:image:width\" content=\"640\" \/>\n\t<meta property=\"og:image:height\" content=\"426\" \/>\n\t<meta property=\"og:image:type\" content=\"image\/jpeg\" \/>\n<meta name=\"twitter:card\" content=\"summary_large_image\" \/>\n<meta name=\"twitter:label1\" content=\"Geschatte leestijd\" \/>\n\t<meta name=\"twitter:data1\" content=\"4 minuten\" \/>\n<script type=\"application\/ld+json\" class=\"yoast-schema-graph\">{\"@context\":\"https:\/\/schema.org\",\"@graph\":[{\"@type\":\"WebPage\",\"@id\":\"https:\/\/roadtoromania.com\/nl\/monumenten-van-roemenie-wat-te-zien-in-roemenie\/kloosters-van-moldavie\/\",\"url\":\"https:\/\/roadtoromania.com\/nl\/monumenten-van-roemenie-wat-te-zien-in-roemenie\/kloosters-van-moldavie\/\",\"name\":\"Kloosters van Moldavi\u00eb - Road to Romania\",\"isPartOf\":{\"@id\":\"https:\/\/roadtoromania.com\/nl\/#website\"},\"datePublished\":\"2022-10-15T18:40:18+00:00\",\"dateModified\":\"2022-10-22T12:07:12+00:00\",\"breadcrumb\":{\"@id\":\"https:\/\/roadtoromania.com\/nl\/monumenten-van-roemenie-wat-te-zien-in-roemenie\/kloosters-van-moldavie\/#breadcrumb\"},\"inLanguage\":\"nl-NL\",\"potentialAction\":[{\"@type\":\"ReadAction\",\"target\":[\"https:\/\/roadtoromania.com\/nl\/monumenten-van-roemenie-wat-te-zien-in-roemenie\/kloosters-van-moldavie\/\"]}]},{\"@type\":\"BreadcrumbList\",\"@id\":\"https:\/\/roadtoromania.com\/nl\/monumenten-van-roemenie-wat-te-zien-in-roemenie\/kloosters-van-moldavie\/#breadcrumb\",\"itemListElement\":[{\"@type\":\"ListItem\",\"position\":1,\"name\":\"Home\",\"item\":\"https:\/\/roadtoromania.com\/nl\/\"},{\"@type\":\"ListItem\",\"position\":2,\"name\":\"Monumenten van Roemeni\u00eb &#8211; Wat te zien in Roemeni\u00eb\",\"item\":\"https:\/\/roadtoromania.com\/nl\/monumenten-van-roemenie-wat-te-zien-in-roemenie\/\"},{\"@type\":\"ListItem\",\"position\":3,\"name\":\"Kloosters van Moldavi\u00eb\"}]},{\"@type\":\"WebSite\",\"@id\":\"https:\/\/roadtoromania.com\/nl\/#website\",\"url\":\"https:\/\/roadtoromania.com\/nl\/\",\"name\":\"Road to Romania\",\"description\":\"De blog waar u alle informatie vindt om van Roemeni\u00eb te genieten.\",\"potentialAction\":[{\"@type\":\"SearchAction\",\"target\":{\"@type\":\"EntryPoint\",\"urlTemplate\":\"https:\/\/roadtoromania.com\/nl\/?s={search_term_string}\"},\"query-input\":\"required name=search_term_string\"}],\"inLanguage\":\"nl-NL\"}]}<\/script>\n<!-- \/ Yoast SEO plugin. -->","yoast_head_json":{"title":"Kloosters van Moldavi\u00eb - Road to Romania","robots":{"index":"index","follow":"follow","max-snippet":"max-snippet:-1","max-image-preview":"max-image-preview:large","max-video-preview":"max-video-preview:-1"},"canonical":"https:\/\/roadtoromania.com\/nl\/monumenten-van-roemenie-wat-te-zien-in-roemenie\/kloosters-van-moldavie\/","og_locale":"nl_NL","og_type":"article","og_title":"Kloosters van Moldavi\u00eb - Road to Romania","og_description":"De kloosters van de Roemeense regio Moldavi\u00eb zijn een van de belangrijkste toeristische attracties in Roemeni\u00eb. De nabijheid ervan maakt een circuit van \u00e9\u00e9n of twee dagen mogelijk dat ons de eigenaardige architectuur en de levensstijl van een nog steeds levende kloostergemeenschap laat zien. De stad Tirgu Neamt is &#8211; net als Suceava voor de &hellip; Kloosters van Moldavi\u00eb Lees verder \u00bb","og_url":"https:\/\/roadtoromania.com\/nl\/monumenten-van-roemenie-wat-te-zien-in-roemenie\/kloosters-van-moldavie\/","og_site_name":"Road to Romania","article_modified_time":"2022-10-22T12:07:12+00:00","og_image":[{"width":640,"height":426,"url":"https:\/\/roadtoromania.com\/wp-content\/uploads\/2022\/10\/sihastria-monasterio-1.jpg","type":"image\/jpeg"}],"twitter_card":"summary_large_image","twitter_misc":{"Geschatte leestijd":"4 minuten"},"schema":{"@context":"https:\/\/schema.org","@graph":[{"@type":"WebPage","@id":"https:\/\/roadtoromania.com\/nl\/monumenten-van-roemenie-wat-te-zien-in-roemenie\/kloosters-van-moldavie\/","url":"https:\/\/roadtoromania.com\/nl\/monumenten-van-roemenie-wat-te-zien-in-roemenie\/kloosters-van-moldavie\/","name":"Kloosters van Moldavi\u00eb - Road to Romania","isPartOf":{"@id":"https:\/\/roadtoromania.com\/nl\/#website"},"datePublished":"2022-10-15T18:40:18+00:00","dateModified":"2022-10-22T12:07:12+00:00","breadcrumb":{"@id":"https:\/\/roadtoromania.com\/nl\/monumenten-van-roemenie-wat-te-zien-in-roemenie\/kloosters-van-moldavie\/#breadcrumb"},"inLanguage":"nl-NL","potentialAction":[{"@type":"ReadAction","target":["https:\/\/roadtoromania.com\/nl\/monumenten-van-roemenie-wat-te-zien-in-roemenie\/kloosters-van-moldavie\/"]}]},{"@type":"BreadcrumbList","@id":"https:\/\/roadtoromania.com\/nl\/monumenten-van-roemenie-wat-te-zien-in-roemenie\/kloosters-van-moldavie\/#breadcrumb","itemListElement":[{"@type":"ListItem","position":1,"name":"Home","item":"https:\/\/roadtoromania.com\/nl\/"},{"@type":"ListItem","position":2,"name":"Monumenten van Roemeni\u00eb &#8211; Wat te zien in Roemeni\u00eb","item":"https:\/\/roadtoromania.com\/nl\/monumenten-van-roemenie-wat-te-zien-in-roemenie\/"},{"@type":"ListItem","position":3,"name":"Kloosters van Moldavi\u00eb"}]},{"@type":"WebSite","@id":"https:\/\/roadtoromania.com\/nl\/#website","url":"https:\/\/roadtoromania.com\/nl\/","name":"Road to Romania","description":"De blog waar u alle informatie vindt om van Roemeni\u00eb te genieten.","potentialAction":[{"@type":"SearchAction","target":{"@type":"EntryPoint","urlTemplate":"https:\/\/roadtoromania.com\/nl\/?s={search_term_string}"},"query-input":"required name=search_term_string"}],"inLanguage":"nl-NL"}]}},"_links":{"self":[{"href":"https:\/\/roadtoromania.com\/nl\/wp-json\/wp\/v2\/pages\/3854","targetHints":{"allow":["GET"]}}],"collection":[{"href":"https:\/\/roadtoromania.com\/nl\/wp-json\/wp\/v2\/pages"}],"about":[{"href":"https:\/\/roadtoromania.com\/nl\/wp-json\/wp\/v2\/types\/page"}],"author":[{"embeddable":true,"href":"https:\/\/roadtoromania.com\/nl\/wp-json\/wp\/v2\/users\/1"}],"replies":[{"embeddable":true,"href":"https:\/\/roadtoromania.com\/nl\/wp-json\/wp\/v2\/comments?post=3854"}],"version-history":[{"count":1,"href":"https:\/\/roadtoromania.com\/nl\/wp-json\/wp\/v2\/pages\/3854\/revisions"}],"predecessor-version":[{"id":4232,"href":"https:\/\/roadtoromania.com\/nl\/wp-json\/wp\/v2\/pages\/3854\/revisions\/4232"}],"up":[{"embeddable":true,"href":"https:\/\/roadtoromania.com\/nl\/wp-json\/wp\/v2\/pages\/3842"}],"wp:featuredmedia":[{"embeddable":true,"href":"https:\/\/roadtoromania.com\/nl\/wp-json\/wp\/v2\/media\/1699"}],"wp:attachment":[{"href":"https:\/\/roadtoromania.com\/nl\/wp-json\/wp\/v2\/media?parent=3854"}],"curies":[{"name":"wp","href":"https:\/\/api.w.org\/{rel}","templated":true}]}}