{"id":3856,"date":"2022-10-15T18:40:18","date_gmt":"2022-10-15T18:40:18","guid":{"rendered":"https:\/\/roadtoromania.com\/aard-van-roemenie\/"},"modified":"2022-10-22T11:40:21","modified_gmt":"2022-10-22T11:40:21","slug":"aard-van-roemenie","status":"publish","type":"page","link":"https:\/\/roadtoromania.com\/nl\/aard-van-roemenie\/","title":{"rendered":"Aard van Roemeni\u00eb"},"content":{"rendered":"<p>Roemeni\u00eb is een land met <strong>prachtige natuurlijke landschappen<\/strong> , vol rijkdom en grote schoonheid, dat elk jaar wordt bezocht door duizenden bezoekers, die worden aangetrokken door de Zwarte Zeekust, het Donaubekken of de Karpaten.<\/p>\n<p>De Karpaten<\/p>\n<p>De Karpaten strekken zich uit over het land van de Oekra\u00efense grens in het noorden tot de Donauvallei in het zuidwesten &#8211; de zuidelijke Karpaten staan bekend als de Transsylvanische Alpen &#8211; in het westen. Elk gebied vormt een ander landschap door de grote verscheidenheid aan terrein: glaciaal, karst en vulkanisch. De Karpaten zijn daarom een ideale bestemming voor outdoor <strong>activiteiten<\/strong> : klimmen, bergbeklimmen, fietsen, wandelen&#8230; En er zijn enkele van de meest populaire <strong>skigebieden in Roemeni\u00eb<\/strong> , zoals: <strong><a href=\"https:\/\/roadtoromania.com\/nl\/aard-van-roemenie\/skigebied-van-poiana-brasov\/\">Poiana Basov<\/a> <\/strong> , <a href=\"https:\/\/roadtoromania.com\/nl\/aard-van-roemenie\/predeal-skigebied\/\"> <strong>Predeal<\/strong><\/a> , Sinaia, Dornei Vatra, Baleameer en Paltinis. Opmerkelijk zijn ook de <strong>diepe kloven en<\/strong> ravijnen die het <strong>grootste netwerk van ondergrondse galerijen in Europa verbergen<\/strong> : <strong>11000 grotten<\/strong> , waarvan vele bewoond worden door grote vleermuispopulaties<\/p>\n<p>Het <strong>Bucegi-gebergte<\/strong> in het midden van het land maakt deel uit van de <strong>Karpaten<\/strong> , in <a href=\"https:\/\/roadtoromania.com\/nl\/steden-en-regio-s-van-roemenie\/transsylvanie\/\"> <strong>Transsylvani\u00eb<\/strong><\/a> en is van groot toeristisch belang. In dit gebied liggen de <strong>Prahoba Vallei<\/strong> , figuren als de <strong>Sfinx of Babele, de Omu Peak<\/strong> &#8211; de hoogste piek &#8211; en de <strong>Baciului Peak<\/strong> .<\/p>\n<p>De <a href=\"https:\/\/roadtoromania.com\/nl\/aard-van-roemenie\/berca-moddervulkanen\/\"> <strong>moddervulkanen bij Berca<\/strong><\/a> zijn zo bijzonder dat het de moeite waard is dit schouwspel te bezoeken, met een maanlandschap veroorzaakt door de uitbarsting van klei en modder uit de ondergrond, waarbij kegels worden gevormd.<\/p>\n<p>Rivieren in Roemeni\u00eb<\/p>\n<p>98% van de Roemeense rivieren ontspringt in de Karpaten en zijn zijrivieren van de hoofdrivier, de <strong>Donau, de op \u00e9\u00e9n na langste rivier van Europa,<\/strong> waarvan het water door het zuiden van Roemeni\u00eb, Hongarije, Servi\u00eb en Bulgarije stroomt. Hoogtepunten zijn de spectaculaire <strong>Iron Gate Gorges, tussen Servi\u00eb en Roemeni\u00eb<\/strong> . Veel toeristen kiezen voor de Donau Cruises route, waardoor ze deze landen vanuit een ander perspectief kunnen zien &#8211; zie Roemeni\u00eb Cruises voor meer informatie. De belangrijkste haven aan de Donau, zowel voor handel als toerisme, is <strong><a href=\"https:\/\/roadtoromania.com\/nl\/steden-en-regio-s-van-roemenie\/constanza\/\">Constanta<\/a> <\/strong> ; en andere belangrijke rivierhavens zijn: Tulcea, Galati, Calarasi, Drobeta en Giurgiu -het dichtst bij <strong><a href=\"https:\/\/roadtoromania.com\/nl\/steden-en-regio-s-van-roemenie\/boekarest\/\">Boekarest<\/a> <\/strong> -. Aan de andere kant zijn de belangrijkste rivieren in Roemeni\u00eb: Mures, Prut, Olt, Siret, Lalomita, Somes en Arges<\/p>\n<p><img decoding=\"async\" src=\"data:image\/gif;base64,R0lGODdhAQABAPAAAMPDwwAAACwAAAAAAQABAAACAkQBADs=\" \/>De Donaukloof (Clisura Dun\u0103rii), met deze monumentale sfinx, een van de aantrekkelijkste bestemmingen voor toeristen.<\/p>\n<h2><strong>De Donau Delta<\/strong><\/h2>\n<p>De <a href=\"https:\/\/roadtoromania.com\/nl\/aard-van-roemenie\/donaudelta\/\"> Donaudelta<\/a> is uitgeroepen tot UNESCO Biosfeerreservaat en is een driehoekig gebied dat bestaat uit <strong>moerassen, drijvende eilanden en zandbanken<\/strong> ; een beschermd wetland van 4800 vierkante kilometer, <strong>habitat voor zeldzame planten- en diersoorten<\/strong> . De Donaudelta bestaat uit een ingewikkeld <strong>netwerk van waterwegen en meren<\/strong> , verspreid over drie kanalen: Chilia, Sulna en Sf\u00e2ntu Gheorghe. Toeristen kunnen de <strong>historische plaatsen bezoeken,<\/strong> een ritje maken op een <strong>traditionele boot of kano<\/strong> langs de vele waterwegen, de <strong>wijngaarden bezoeken die dateren uit het Romeinse Rijk,<\/strong> of genieten van de <strong>beste kaviaar ter wereld: de beluga steur uit de Zwarte Zee.<\/strong><\/p>\n<p>De Zwarte Zee<\/p>\n<p>De Zwarte Zee strekt zich uit langs <strong>241 kilometer van de Roemeense kust<\/strong> . Het <strong>warme klimaat, de brede<\/strong> zandstranden en badplaatsen, evenals het prachtige <strong>monumentale erfgoed<\/strong> en de <strong>overblijfselen van de oude Griekse cultuur<\/strong> , en niet te vergeten de wijngaarden, trekken van mei tot september toeristen uit het hele land die de Zwarte Zeekust als vakantiebestemming kiezen. Bovendien trekt dit gebied ook toerisme aan dat wordt aangetrokken door <strong>Thalassotherapie<\/strong> , aangezien het water van de Zwarte Zee wordt beschouwd als heilzaam voor reumatische aandoeningen, artritis en ziekten van het zenuwstelsel. Er zijn zelfs kuuroorden die gespecialiseerd zijn in modderbaden en verjongingsbehandelingen.<\/p>\n<h2><strong>Meren<\/strong><\/h2>\n<p><strong>Roemeni\u00eb is een land van meren<\/strong> : In totaal zijn er ongeveer <strong>3500<\/strong> , meestal kleine of middelgrote, en de grootste zijn de lagunes en <strong>meren aan de kust van de Zwarte Zee<\/strong> , zoals <strong>Razim en Sinoe<\/strong> , of de meren langs de <strong>oevers van de Donau (Oltina en Brates)<\/strong> . De <strong>gletsjermeren<\/strong> in de Karpaten zijn gevormd aan het einde van de laatste ijstijd, en zijn klein maar <strong>spectaculair<\/strong> , dus een bezoek waard. Dit is het geval voor het <strong>Zanoagameer<\/strong> , het diepste meer van het land, <strong>Bucura<\/strong> , het grootste &#8211; beide gelegen in het Retezat-gebergte -, of de meren Balea, Capra, Caltun en Podragu, gelegen in het <strong>Transsylvaanse Karpatengebergte<\/strong> &#8211; bekend als de Transsylvaanse Alpen.<\/p>\n<p><img decoding=\"async\" src=\"data:image\/gif;base64,R0lGODdhAQABAPAAAMPDwwAAACwAAAAAAQABAAACAkQBADs=\" \/>Zonsondergang op de Roemeense meren.<\/p>\n<p>Het <strong>St. Anna-meer<\/strong> , dat in het Ciomatu Mare-massief ligt, is <strong>het enige vulkanische meer<\/strong> in Roemeni\u00eb en het water komt van de regen en is dus zeer zuiver. En het <strong>Rode Meer<\/strong> , gelegen in het Hasmas Massief, nabij de Bicaz Gorges, is uniek in zijn vorm en landschap.<\/p>\n<p>Flora en Fauna<\/p>\n<p>Roemeni\u00eb is een land met een ongelooflijke diversiteit aan flora en fauna, als gevolg van het gevarieerde reli\u00ebf en klimaat. Het heeft meer dan <strong>3700 plantensoorten en 33000 diersoorten<\/strong>. De bossen bestaan voornamelijk uit eiken, beuken, esdoorns, linden, iepen en essen, terwijl 29% uit naaldbomen bestaat<\/p>\n","protected":false},"excerpt":{"rendered":"<p>Roemeni\u00eb is een land met prachtige natuurlijke landschappen , vol rijkdom en grote schoonheid, dat elk jaar wordt bezocht door duizenden bezoekers, die worden aangetrokken door de Zwarte Zeekust, het Donaubekken of de Karpaten. De Karpaten De Karpaten strekken zich uit over het land van de Oekra\u00efense grens in het noorden tot de Donauvallei in &hellip;<\/p>\n<p class=\"read-more\"> <a class=\"\" href=\"https:\/\/roadtoromania.com\/nl\/aard-van-roemenie\/\"> <span class=\"screen-reader-text\">Aard van Roemeni\u00eb<\/span> Lees verder \u00bb<\/a><\/p>\n","protected":false},"author":1,"featured_media":1715,"parent":0,"menu_order":0,"comment_status":"open","ping_status":"open","template":"","meta":{"site-sidebar-layout":"default","site-content-layout":"default","ast-global-header-display":"","ast-main-header-display":"","ast-hfb-above-header-display":"","ast-hfb-below-header-display":"","ast-hfb-mobile-header-display":"","site-post-title":"","ast-breadcrumbs-content":"","ast-featured-img":"","footer-sml-layout":"","theme-transparent-header-meta":"default","adv-header-id-meta":"","stick-header-meta":"","header-above-stick-meta":"","header-main-stick-meta":"","header-below-stick-meta":"","footnotes":""},"class_list":["post-3856","page","type-page","status-publish","has-post-thumbnail","hentry"],"yoast_head":"<!-- This site is optimized with the Yoast SEO plugin v19.10 - https:\/\/yoast.com\/wordpress\/plugins\/seo\/ -->\n<title>Aard van Roemeni\u00eb - Road to Romania<\/title>\n<meta name=\"robots\" content=\"index, follow, max-snippet:-1, max-image-preview:large, max-video-preview:-1\" \/>\n<link rel=\"canonical\" href=\"https:\/\/roadtoromania.com\/nl\/aard-van-roemenie\/\" \/>\n<meta property=\"og:locale\" content=\"nl_NL\" \/>\n<meta property=\"og:type\" content=\"article\" \/>\n<meta property=\"og:title\" content=\"Aard van Roemeni\u00eb - Road to Romania\" \/>\n<meta property=\"og:description\" content=\"Roemeni\u00eb is een land met prachtige natuurlijke landschappen , vol rijkdom en grote schoonheid, dat elk jaar wordt bezocht door duizenden bezoekers, die worden aangetrokken door de Zwarte Zeekust, het Donaubekken of de Karpaten. De Karpaten De Karpaten strekken zich uit over het land van de Oekra\u00efense grens in het noorden tot de Donauvallei in &hellip; Aard van Roemeni\u00eb Lees verder \u00bb\" \/>\n<meta property=\"og:url\" content=\"https:\/\/roadtoromania.com\/nl\/aard-van-roemenie\/\" \/>\n<meta property=\"og:site_name\" content=\"Road to Romania\" \/>\n<meta property=\"article:modified_time\" content=\"2022-10-22T11:40:21+00:00\" \/>\n<meta property=\"og:image\" content=\"https:\/\/roadtoromania.com\/wp-content\/uploads\/2022\/10\/ceahlau-ruta-senderismos-1.jpg\" \/>\n\t<meta property=\"og:image:width\" content=\"768\" \/>\n\t<meta property=\"og:image:height\" content=\"432\" \/>\n\t<meta property=\"og:image:type\" content=\"image\/jpeg\" \/>\n<meta name=\"twitter:card\" content=\"summary_large_image\" \/>\n<meta name=\"twitter:label1\" content=\"Geschatte leestijd\" \/>\n\t<meta name=\"twitter:data1\" content=\"5 minuten\" \/>\n<script type=\"application\/ld+json\" class=\"yoast-schema-graph\">{\"@context\":\"https:\/\/schema.org\",\"@graph\":[{\"@type\":\"WebPage\",\"@id\":\"https:\/\/roadtoromania.com\/nl\/aard-van-roemenie\/\",\"url\":\"https:\/\/roadtoromania.com\/nl\/aard-van-roemenie\/\",\"name\":\"Aard van Roemeni\u00eb - Road to Romania\",\"isPartOf\":{\"@id\":\"https:\/\/roadtoromania.com\/nl\/#website\"},\"datePublished\":\"2022-10-15T18:40:18+00:00\",\"dateModified\":\"2022-10-22T11:40:21+00:00\",\"breadcrumb\":{\"@id\":\"https:\/\/roadtoromania.com\/nl\/aard-van-roemenie\/#breadcrumb\"},\"inLanguage\":\"nl-NL\",\"potentialAction\":[{\"@type\":\"ReadAction\",\"target\":[\"https:\/\/roadtoromania.com\/nl\/aard-van-roemenie\/\"]}]},{\"@type\":\"BreadcrumbList\",\"@id\":\"https:\/\/roadtoromania.com\/nl\/aard-van-roemenie\/#breadcrumb\",\"itemListElement\":[{\"@type\":\"ListItem\",\"position\":1,\"name\":\"Home\",\"item\":\"https:\/\/roadtoromania.com\/nl\/\"},{\"@type\":\"ListItem\",\"position\":2,\"name\":\"Aard van Roemeni\u00eb\"}]},{\"@type\":\"WebSite\",\"@id\":\"https:\/\/roadtoromania.com\/nl\/#website\",\"url\":\"https:\/\/roadtoromania.com\/nl\/\",\"name\":\"Road to Romania\",\"description\":\"De blog waar u alle informatie vindt om van Roemeni\u00eb te genieten.\",\"potentialAction\":[{\"@type\":\"SearchAction\",\"target\":{\"@type\":\"EntryPoint\",\"urlTemplate\":\"https:\/\/roadtoromania.com\/nl\/?s={search_term_string}\"},\"query-input\":\"required name=search_term_string\"}],\"inLanguage\":\"nl-NL\"}]}<\/script>\n<!-- \/ Yoast SEO plugin. -->","yoast_head_json":{"title":"Aard van Roemeni\u00eb - Road to Romania","robots":{"index":"index","follow":"follow","max-snippet":"max-snippet:-1","max-image-preview":"max-image-preview:large","max-video-preview":"max-video-preview:-1"},"canonical":"https:\/\/roadtoromania.com\/nl\/aard-van-roemenie\/","og_locale":"nl_NL","og_type":"article","og_title":"Aard van Roemeni\u00eb - Road to Romania","og_description":"Roemeni\u00eb is een land met prachtige natuurlijke landschappen , vol rijkdom en grote schoonheid, dat elk jaar wordt bezocht door duizenden bezoekers, die worden aangetrokken door de Zwarte Zeekust, het Donaubekken of de Karpaten. De Karpaten De Karpaten strekken zich uit over het land van de Oekra\u00efense grens in het noorden tot de Donauvallei in &hellip; Aard van Roemeni\u00eb Lees verder \u00bb","og_url":"https:\/\/roadtoromania.com\/nl\/aard-van-roemenie\/","og_site_name":"Road to Romania","article_modified_time":"2022-10-22T11:40:21+00:00","og_image":[{"width":768,"height":432,"url":"https:\/\/roadtoromania.com\/wp-content\/uploads\/2022\/10\/ceahlau-ruta-senderismos-1.jpg","type":"image\/jpeg"}],"twitter_card":"summary_large_image","twitter_misc":{"Geschatte leestijd":"5 minuten"},"schema":{"@context":"https:\/\/schema.org","@graph":[{"@type":"WebPage","@id":"https:\/\/roadtoromania.com\/nl\/aard-van-roemenie\/","url":"https:\/\/roadtoromania.com\/nl\/aard-van-roemenie\/","name":"Aard van Roemeni\u00eb - Road to Romania","isPartOf":{"@id":"https:\/\/roadtoromania.com\/nl\/#website"},"datePublished":"2022-10-15T18:40:18+00:00","dateModified":"2022-10-22T11:40:21+00:00","breadcrumb":{"@id":"https:\/\/roadtoromania.com\/nl\/aard-van-roemenie\/#breadcrumb"},"inLanguage":"nl-NL","potentialAction":[{"@type":"ReadAction","target":["https:\/\/roadtoromania.com\/nl\/aard-van-roemenie\/"]}]},{"@type":"BreadcrumbList","@id":"https:\/\/roadtoromania.com\/nl\/aard-van-roemenie\/#breadcrumb","itemListElement":[{"@type":"ListItem","position":1,"name":"Home","item":"https:\/\/roadtoromania.com\/nl\/"},{"@type":"ListItem","position":2,"name":"Aard van Roemeni\u00eb"}]},{"@type":"WebSite","@id":"https:\/\/roadtoromania.com\/nl\/#website","url":"https:\/\/roadtoromania.com\/nl\/","name":"Road to Romania","description":"De blog waar u alle informatie vindt om van Roemeni\u00eb te genieten.","potentialAction":[{"@type":"SearchAction","target":{"@type":"EntryPoint","urlTemplate":"https:\/\/roadtoromania.com\/nl\/?s={search_term_string}"},"query-input":"required name=search_term_string"}],"inLanguage":"nl-NL"}]}},"_links":{"self":[{"href":"https:\/\/roadtoromania.com\/nl\/wp-json\/wp\/v2\/pages\/3856","targetHints":{"allow":["GET"]}}],"collection":[{"href":"https:\/\/roadtoromania.com\/nl\/wp-json\/wp\/v2\/pages"}],"about":[{"href":"https:\/\/roadtoromania.com\/nl\/wp-json\/wp\/v2\/types\/page"}],"author":[{"embeddable":true,"href":"https:\/\/roadtoromania.com\/nl\/wp-json\/wp\/v2\/users\/1"}],"replies":[{"embeddable":true,"href":"https:\/\/roadtoromania.com\/nl\/wp-json\/wp\/v2\/comments?post=3856"}],"version-history":[{"count":4,"href":"https:\/\/roadtoromania.com\/nl\/wp-json\/wp\/v2\/pages\/3856\/revisions"}],"predecessor-version":[{"id":4222,"href":"https:\/\/roadtoromania.com\/nl\/wp-json\/wp\/v2\/pages\/3856\/revisions\/4222"}],"wp:featuredmedia":[{"embeddable":true,"href":"https:\/\/roadtoromania.com\/nl\/wp-json\/wp\/v2\/media\/1715"}],"wp:attachment":[{"href":"https:\/\/roadtoromania.com\/nl\/wp-json\/wp\/v2\/media?parent=3856"}],"curies":[{"name":"wp","href":"https:\/\/api.w.org\/{rel}","templated":true}]}}