{"id":3859,"date":"2022-10-15T18:40:18","date_gmt":"2022-10-15T18:40:18","guid":{"rendered":"https:\/\/roadtoromania.com\/aard-van-roemenie\/donaudelta\/"},"modified":"2022-10-22T09:43:26","modified_gmt":"2022-10-22T09:43:26","slug":"donaudelta","status":"publish","type":"page","link":"https:\/\/roadtoromania.com\/nl\/aard-van-roemenie\/donaudelta\/","title":{"rendered":"Donaudelta"},"content":{"rendered":"<p>De <strong>Donaudelta is een van de minst bekende gebieden van Roemeni\u00eb buiten zijn grenzen. En tegelijkertijd biedt het een landschap dat totaal verschilt van het berglandschap van de Karpaten.<\/p>\n<p><img decoding=\"async\" src=\"https:\/\/roadtoromania.com\/wp-content\/uploads\/2022\/10\/delta_danubio_fauna.jpg\" \/>Fauna van de Donaudelta<\/p>\n<p>\nDe monding van een van de grootste rivieren van Europa, die ontspringt in het Zwarte Woud van Duitsland en door Oostenrijk, Slowakije, Hongarije, Kroati\u00eb, Servi\u00eb, Roemeni\u00eb, Bulgarije, Moldavi\u00eb en Oekra\u00efne stroomt, tot ze opgaat in het water van de Zwarte Zee, wordt gevormd door drie takken die in de delta zijn vervormd: Chilia, Sulina en Sf\u00e2ntu Gheorghe&#8230;<\/p>\n<p>\nDe Donaudelta is <strong>een biosfeerreservaat<\/strong> , een Wereldnatuurerfgoed (sinds 1991) en een van de belangrijkste wetlands ter wereld, het thuis van talloze vogelsoorten en gelukkig een ruimte waar in het grootste deel van zijn uitgestrektheid de voetafdruk van de mens niet bestaat<\/p>\n<\/p>\n<p>\nDe meer dan 5000 vierkante kilometer omvatten een uitgestrekt gebied vol wetlands met moerassen, rieteilanden en zandbanken. Ongeveer 300 soorten vogels leven hier naast elkaar, sommige op regelmatige basis en andere op hun trektocht. Pelikanen, reigers, zwanen, roodhalsganzen, dwergaalscholvers zijn enkele van de bezoekers, hoewel anderen uit Azi\u00eb of Afrika komen.<\/p>\n<p> De merkwaardige geschiedenis van de Lipovanen<\/strong><\/p>\n<p>\nAntropologisch gezien is de Delta ook een unieke plek. Al door de klassieke historicus Herodotus genoemd, woont in dit gebied al drie eeuwen een gemeenschap van Lipovanen. Zij kwamen in de jaren 1720 uit Rusland en zijn een vervolgde tak van Russische gelovigen van de oud-orthodoxe ritus, die de religieuze hervormingen verwierpen die in het midden van de 17e eeuw door patriarch Nikon werden doorgevoerd. Gestigmatiseerd als ketters, werden ze ge\u00ebxcommuniceerd en hardhandig onderdrukt, wat leidde tot hun verbanning naar het deltagebied van Roemeni\u00eb, een onherbergzaam maar onbewoond gebied in die tijd, waar de Lipovanen er gedurende drie eeuwen voor zorgden dat de Ottomaanse dreiging of het vaste dogma van de tsaren hen niet voor de voeten zou lopen.<\/p>\n<p><img decoding=\"async\" src=\"https:\/\/roadtoromania.com\/wp-content\/uploads\/2022\/10\/barco_delta_danubio.jpg\" \/>Zonsondergang in de Delta<\/p>\n<h2>\n <strong>Activiteiten in de Donaudelta<\/strong> <\/h2>\n<p>\nEen van de populairste activiteiten bij een bezoek aan de delta zijn boot- of kajakcruises door het ingewikkelde doolhof van rivierkanalen. U kunt ook leren hoe de Romeinen in dit gebied wijnstokken plantten, of kaviaar proeven, gemaakt van kuit van de beluga steur. Er zijn ook talrijke georganiseerde reizen die gericht zijn op de Delta en het oostelijk deel van Roemeni\u00eb.<\/p>\n<p>\nDe Delta is zo uitgestrekt dat er verschillende routes zijn; een van de meest frequente is die langs het Sf\u00e2ntu Gheorghe (Sint Joris) kanaal, met boottochten vanuit Tulcea. U kunt er ook met de auto komen, eerst door Murighiol. Verder naar het noorden, aan de Zwarte Zeekust, is Sulina de meest oostelijke stad van Roemeni\u00eb <\/p>\n<p>.<\/p>\n<p>\nDe aanleg van stuwmeren langs de Donau heeft de aanvoer van slib en lagen aanzienlijk vertraagd, waardoor de sedimentatie in de delta is vertraagd en er dus een terugval in de ruimte is ontstaan die het ecosysteem aantast <\/p>\n<p>.<\/p>\n<p> Hoe de Donau Delta te bereiken<\/strong> <\/h2>\n<p>\nTulcea is de belangrijkste stad die dient als toegangspoort tot de Donaudelta. Vanaf hier kunnen we meer te weten komen bij de toeristenbureaus.<\/p>\n<p><a href=\"https:\/\/roadtoromania.com\/wp-content\/uploads\/2022\/10\/mapa_delta_danubio_rumania.jpg\"><img decoding=\"async\" src=\"data:image\/gif;base64,R0lGODdhAQABAPAAAMPDwwAAACwAAAAAAQABAAACAkQBADs=\" \/><\/a> Kaart van de Donaudelta in Roemeni\u00eb<\/p>\n","protected":false},"excerpt":{"rendered":"<p>De Donaudelta is een van de minst bekende gebieden van Roemeni\u00eb buiten zijn grenzen. En tegelijkertijd biedt het een landschap dat totaal verschilt van het berglandschap van de Karpaten. Fauna van de Donaudelta De monding van een van de grootste rivieren van Europa, die ontspringt in het Zwarte Woud van Duitsland en door Oostenrijk, Slowakije, &hellip;<\/p>\n<p class=\"read-more\"> <a class=\"\" href=\"https:\/\/roadtoromania.com\/nl\/aard-van-roemenie\/donaudelta\/\"> <span class=\"screen-reader-text\">Donaudelta<\/span> Lees verder \u00bb<\/a><\/p>\n","protected":false},"author":1,"featured_media":1745,"parent":3856,"menu_order":0,"comment_status":"open","ping_status":"open","template":"","meta":{"site-sidebar-layout":"default","site-content-layout":"default","ast-global-header-display":"","ast-main-header-display":"","ast-hfb-above-header-display":"","ast-hfb-below-header-display":"","ast-hfb-mobile-header-display":"","site-post-title":"","ast-breadcrumbs-content":"","ast-featured-img":"","footer-sml-layout":"","theme-transparent-header-meta":"","adv-header-id-meta":"","stick-header-meta":"","header-above-stick-meta":"","header-main-stick-meta":"","header-below-stick-meta":"","footnotes":""},"class_list":["post-3859","page","type-page","status-publish","has-post-thumbnail","hentry"],"yoast_head":"<!-- This site is optimized with the Yoast SEO plugin v19.10 - https:\/\/yoast.com\/wordpress\/plugins\/seo\/ -->\n<title>Donaudelta - Road to Romania<\/title>\n<meta name=\"robots\" content=\"index, follow, max-snippet:-1, max-image-preview:large, max-video-preview:-1\" \/>\n<link rel=\"canonical\" href=\"https:\/\/roadtoromania.com\/nl\/aard-van-roemenie\/donaudelta\/\" \/>\n<meta property=\"og:locale\" content=\"nl_NL\" \/>\n<meta property=\"og:type\" content=\"article\" \/>\n<meta property=\"og:title\" content=\"Donaudelta - Road to Romania\" \/>\n<meta property=\"og:description\" content=\"De Donaudelta is een van de minst bekende gebieden van Roemeni\u00eb buiten zijn grenzen. En tegelijkertijd biedt het een landschap dat totaal verschilt van het berglandschap van de Karpaten. Fauna van de Donaudelta De monding van een van de grootste rivieren van Europa, die ontspringt in het Zwarte Woud van Duitsland en door Oostenrijk, Slowakije, &hellip; Donaudelta Lees verder \u00bb\" \/>\n<meta property=\"og:url\" content=\"https:\/\/roadtoromania.com\/nl\/aard-van-roemenie\/donaudelta\/\" \/>\n<meta property=\"og:site_name\" content=\"Road to Romania\" \/>\n<meta property=\"article:modified_time\" content=\"2022-10-22T09:43:26+00:00\" \/>\n<meta property=\"og:image\" content=\"https:\/\/roadtoromania.com\/wp-content\/uploads\/2022\/10\/delta_danubio_fauna-1.jpg\" \/>\n\t<meta property=\"og:image:width\" content=\"700\" \/>\n\t<meta property=\"og:image:height\" content=\"394\" \/>\n\t<meta property=\"og:image:type\" content=\"image\/jpeg\" \/>\n<meta name=\"twitter:card\" content=\"summary_large_image\" \/>\n<meta name=\"twitter:label1\" content=\"Geschatte leestijd\" \/>\n\t<meta name=\"twitter:data1\" content=\"3 minuten\" \/>\n<script type=\"application\/ld+json\" class=\"yoast-schema-graph\">{\"@context\":\"https:\/\/schema.org\",\"@graph\":[{\"@type\":\"WebPage\",\"@id\":\"https:\/\/roadtoromania.com\/nl\/aard-van-roemenie\/donaudelta\/\",\"url\":\"https:\/\/roadtoromania.com\/nl\/aard-van-roemenie\/donaudelta\/\",\"name\":\"Donaudelta - Road to Romania\",\"isPartOf\":{\"@id\":\"https:\/\/roadtoromania.com\/nl\/#website\"},\"datePublished\":\"2022-10-15T18:40:18+00:00\",\"dateModified\":\"2022-10-22T09:43:26+00:00\",\"breadcrumb\":{\"@id\":\"https:\/\/roadtoromania.com\/nl\/aard-van-roemenie\/donaudelta\/#breadcrumb\"},\"inLanguage\":\"nl-NL\",\"potentialAction\":[{\"@type\":\"ReadAction\",\"target\":[\"https:\/\/roadtoromania.com\/nl\/aard-van-roemenie\/donaudelta\/\"]}]},{\"@type\":\"BreadcrumbList\",\"@id\":\"https:\/\/roadtoromania.com\/nl\/aard-van-roemenie\/donaudelta\/#breadcrumb\",\"itemListElement\":[{\"@type\":\"ListItem\",\"position\":1,\"name\":\"Home\",\"item\":\"https:\/\/roadtoromania.com\/nl\/\"},{\"@type\":\"ListItem\",\"position\":2,\"name\":\"Aard van Roemeni\u00eb\",\"item\":\"https:\/\/roadtoromania.com\/nl\/aard-van-roemenie\/\"},{\"@type\":\"ListItem\",\"position\":3,\"name\":\"Donaudelta\"}]},{\"@type\":\"WebSite\",\"@id\":\"https:\/\/roadtoromania.com\/nl\/#website\",\"url\":\"https:\/\/roadtoromania.com\/nl\/\",\"name\":\"Road to Romania\",\"description\":\"De blog waar u alle informatie vindt om van Roemeni\u00eb te genieten.\",\"potentialAction\":[{\"@type\":\"SearchAction\",\"target\":{\"@type\":\"EntryPoint\",\"urlTemplate\":\"https:\/\/roadtoromania.com\/nl\/?s={search_term_string}\"},\"query-input\":\"required name=search_term_string\"}],\"inLanguage\":\"nl-NL\"}]}<\/script>\n<!-- \/ Yoast SEO plugin. -->","yoast_head_json":{"title":"Donaudelta - Road to Romania","robots":{"index":"index","follow":"follow","max-snippet":"max-snippet:-1","max-image-preview":"max-image-preview:large","max-video-preview":"max-video-preview:-1"},"canonical":"https:\/\/roadtoromania.com\/nl\/aard-van-roemenie\/donaudelta\/","og_locale":"nl_NL","og_type":"article","og_title":"Donaudelta - Road to Romania","og_description":"De Donaudelta is een van de minst bekende gebieden van Roemeni\u00eb buiten zijn grenzen. En tegelijkertijd biedt het een landschap dat totaal verschilt van het berglandschap van de Karpaten. Fauna van de Donaudelta De monding van een van de grootste rivieren van Europa, die ontspringt in het Zwarte Woud van Duitsland en door Oostenrijk, Slowakije, &hellip; Donaudelta Lees verder \u00bb","og_url":"https:\/\/roadtoromania.com\/nl\/aard-van-roemenie\/donaudelta\/","og_site_name":"Road to Romania","article_modified_time":"2022-10-22T09:43:26+00:00","og_image":[{"width":700,"height":394,"url":"https:\/\/roadtoromania.com\/wp-content\/uploads\/2022\/10\/delta_danubio_fauna-1.jpg","type":"image\/jpeg"}],"twitter_card":"summary_large_image","twitter_misc":{"Geschatte leestijd":"3 minuten"},"schema":{"@context":"https:\/\/schema.org","@graph":[{"@type":"WebPage","@id":"https:\/\/roadtoromania.com\/nl\/aard-van-roemenie\/donaudelta\/","url":"https:\/\/roadtoromania.com\/nl\/aard-van-roemenie\/donaudelta\/","name":"Donaudelta - Road to Romania","isPartOf":{"@id":"https:\/\/roadtoromania.com\/nl\/#website"},"datePublished":"2022-10-15T18:40:18+00:00","dateModified":"2022-10-22T09:43:26+00:00","breadcrumb":{"@id":"https:\/\/roadtoromania.com\/nl\/aard-van-roemenie\/donaudelta\/#breadcrumb"},"inLanguage":"nl-NL","potentialAction":[{"@type":"ReadAction","target":["https:\/\/roadtoromania.com\/nl\/aard-van-roemenie\/donaudelta\/"]}]},{"@type":"BreadcrumbList","@id":"https:\/\/roadtoromania.com\/nl\/aard-van-roemenie\/donaudelta\/#breadcrumb","itemListElement":[{"@type":"ListItem","position":1,"name":"Home","item":"https:\/\/roadtoromania.com\/nl\/"},{"@type":"ListItem","position":2,"name":"Aard van Roemeni\u00eb","item":"https:\/\/roadtoromania.com\/nl\/aard-van-roemenie\/"},{"@type":"ListItem","position":3,"name":"Donaudelta"}]},{"@type":"WebSite","@id":"https:\/\/roadtoromania.com\/nl\/#website","url":"https:\/\/roadtoromania.com\/nl\/","name":"Road to Romania","description":"De blog waar u alle informatie vindt om van Roemeni\u00eb te genieten.","potentialAction":[{"@type":"SearchAction","target":{"@type":"EntryPoint","urlTemplate":"https:\/\/roadtoromania.com\/nl\/?s={search_term_string}"},"query-input":"required name=search_term_string"}],"inLanguage":"nl-NL"}]}},"_links":{"self":[{"href":"https:\/\/roadtoromania.com\/nl\/wp-json\/wp\/v2\/pages\/3859","targetHints":{"allow":["GET"]}}],"collection":[{"href":"https:\/\/roadtoromania.com\/nl\/wp-json\/wp\/v2\/pages"}],"about":[{"href":"https:\/\/roadtoromania.com\/nl\/wp-json\/wp\/v2\/types\/page"}],"author":[{"embeddable":true,"href":"https:\/\/roadtoromania.com\/nl\/wp-json\/wp\/v2\/users\/1"}],"replies":[{"embeddable":true,"href":"https:\/\/roadtoromania.com\/nl\/wp-json\/wp\/v2\/comments?post=3859"}],"version-history":[{"count":0,"href":"https:\/\/roadtoromania.com\/nl\/wp-json\/wp\/v2\/pages\/3859\/revisions"}],"up":[{"embeddable":true,"href":"https:\/\/roadtoromania.com\/nl\/wp-json\/wp\/v2\/pages\/3856"}],"wp:featuredmedia":[{"embeddable":true,"href":"https:\/\/roadtoromania.com\/nl\/wp-json\/wp\/v2\/media\/1745"}],"wp:attachment":[{"href":"https:\/\/roadtoromania.com\/nl\/wp-json\/wp\/v2\/media?parent=3859"}],"curies":[{"name":"wp","href":"https:\/\/api.w.org\/{rel}","templated":true}]}}