{"id":3861,"date":"2022-10-15T18:40:18","date_gmt":"2022-10-15T18:40:18","guid":{"rendered":"https:\/\/roadtoromania.com\/aard-van-roemenie\/predeal-skigebied\/"},"modified":"2022-10-22T09:43:26","modified_gmt":"2022-10-22T09:43:26","slug":"predeal-skigebied","status":"publish","type":"page","link":"https:\/\/roadtoromania.com\/nl\/aard-van-roemenie\/predeal-skigebied\/","title":{"rendered":"Predeal Skigebied"},"content":{"rendered":"<p> <strong>Predeal<\/strong> is naast <strong>Poiana Brasov<\/strong> een van de belangrijkste <strong>skigebieden in Roemeni\u00eb<\/strong> in een werkelijk sublieme natuurlijke omgeving, met de bossen van het Bucegi gebergte, Postavaru en Piatra Mare gebergte. Het toponiem komt van een woord, &#8220;pre deal&#8221;, dat &#8220;grens&#8221; of ook &#8220;op de heuvel&#8221; betekent.<\/p>\n<p><img decoding=\"async\" src=\"https:\/\/roadtoromania.com\/wp-content\/uploads\/2022\/10\/predeal_rumania.jpg\" \/>Ski\u00ebn in Predeal<\/p>\n<p>\nDe naam van de stad is afgeleid van de Roemeense archa\u00efsche vorm &#8220;pre deal&#8221;, dat &#8220;op de heuvel&#8221; betekent, of van het Slavische woord &#8220;predel&#8221;, dat &#8220;grens&#8221; betekent. Het is de hoogst gelegen stad van Roemeni\u00eb, boven de 1000 meter.<\/p>\n<p>\nGelegen ten zuiden van Brasov, als scheiding tussen de Prahova (richting Boekarest) en de Timis (richting Brasov) vallei, is het het administratieve centrum van drie dorpen, P\u00e2r\u00e2ul Rece, Timi\u0219u de Jos (Als\u00f3t\u00f6m\u00f6s; Untert\u00f6m\u00f6sch) en Timi\u0219u de Sus (Fels\u0151t\u00f6m\u00f6s; Obert\u00f6m\u00f6sch).<\/p>\n<p>\nVan december tot maart wordt het een wit landschap waar Roemenen massaal op afkomen om van het skiseizoen te genieten. De pistes zijn uitgerust met skiliften, stoeltjesliften en een skipas. Er zijn zwarte, rode en blauwe hellingen met een hogere moeilijkheidsgraad.<\/p>\n<p>\nPredeal is ook ideaal voor sneeuwschoenwandelingen en in de zomer voor bergtochten naar de <strong>berghutten<\/strong> (Diham, Cioplea, Susai, Pietra Mare of Girbova). Enkele aanbevolen excursies zijn het bergcentrum van Azuga, het etnografisch museum van Sacele, het klimaatstation van Timisul de Jos, of het klooster van Cheia.<\/p>\n<p> Hoe kom ik bij Predeal<\/strong> <\/h2>\n<p>\nZowel vanuit Boekarest met de trein als vanuit Brasov met de bus kunnen we het skigebied van Predeal bereiken<\/p>\n<p> WAAR TE VERBLIJVEN IN PREDEAL &#8211; HOTELS EN ACCOMMODATIE<\/strong> <\/h2>\n<\/p>\n<p>\u00a0<\/p>\n<h2>\n <strong>Kaart van Predeal<\/strong> <\/h2>\n<p><a href=\"https:\/\/roadtoromania.com\/wp-content\/uploads\/2022\/10\/esqui_predeal_rumania.jpg\"><img decoding=\"async\" src=\"data:image\/gif;base64,R0lGODdhAQABAPAAAMPDwwAAACwAAAAAAQABAAACAkQBADs=\" \/><\/a> Kaart van de skipistes van Peedeal<\/p>\n<p>\n\u00a0<\/p>\n","protected":false},"excerpt":{"rendered":"<p>Predeal is naast Poiana Brasov een van de belangrijkste skigebieden in Roemeni\u00eb in een werkelijk sublieme natuurlijke omgeving, met de bossen van het Bucegi gebergte, Postavaru en Piatra Mare gebergte. Het toponiem komt van een woord, &#8220;pre deal&#8221;, dat &#8220;grens&#8221; of ook &#8220;op de heuvel&#8221; betekent. Ski\u00ebn in Predeal De naam van de stad is &hellip;<\/p>\n<p class=\"read-more\"> <a class=\"\" href=\"https:\/\/roadtoromania.com\/nl\/aard-van-roemenie\/predeal-skigebied\/\"> <span class=\"screen-reader-text\">Predeal Skigebied<\/span> Lees verder \u00bb<\/a><\/p>\n","protected":false},"author":1,"featured_media":1767,"parent":3856,"menu_order":0,"comment_status":"open","ping_status":"open","template":"","meta":{"site-sidebar-layout":"default","site-content-layout":"default","ast-global-header-display":"","ast-main-header-display":"","ast-hfb-above-header-display":"","ast-hfb-below-header-display":"","ast-hfb-mobile-header-display":"","site-post-title":"","ast-breadcrumbs-content":"","ast-featured-img":"","footer-sml-layout":"","theme-transparent-header-meta":"default","adv-header-id-meta":"","stick-header-meta":"","header-above-stick-meta":"","header-main-stick-meta":"","header-below-stick-meta":"","footnotes":""},"class_list":["post-3861","page","type-page","status-publish","has-post-thumbnail","hentry"],"yoast_head":"<!-- This site is optimized with the Yoast SEO plugin v19.10 - https:\/\/yoast.com\/wordpress\/plugins\/seo\/ -->\n<title>Predeal Skigebied - Road to Romania<\/title>\n<meta name=\"robots\" content=\"index, follow, max-snippet:-1, max-image-preview:large, max-video-preview:-1\" \/>\n<link rel=\"canonical\" href=\"https:\/\/roadtoromania.com\/nl\/aard-van-roemenie\/predeal-skigebied\/\" \/>\n<meta property=\"og:locale\" content=\"nl_NL\" \/>\n<meta property=\"og:type\" content=\"article\" \/>\n<meta property=\"og:title\" content=\"Predeal Skigebied - Road to Romania\" \/>\n<meta property=\"og:description\" content=\"Predeal is naast Poiana Brasov een van de belangrijkste skigebieden in Roemeni\u00eb in een werkelijk sublieme natuurlijke omgeving, met de bossen van het Bucegi gebergte, Postavaru en Piatra Mare gebergte. Het toponiem komt van een woord, &#8220;pre deal&#8221;, dat &#8220;grens&#8221; of ook &#8220;op de heuvel&#8221; betekent. Ski\u00ebn in Predeal De naam van de stad is &hellip; Predeal Skigebied Lees verder \u00bb\" \/>\n<meta property=\"og:url\" content=\"https:\/\/roadtoromania.com\/nl\/aard-van-roemenie\/predeal-skigebied\/\" \/>\n<meta property=\"og:site_name\" content=\"Road to Romania\" \/>\n<meta property=\"article:modified_time\" content=\"2022-10-22T09:43:26+00:00\" \/>\n<meta property=\"og:image\" content=\"https:\/\/roadtoromania.com\/wp-content\/uploads\/2022\/10\/predeal_rumania-1.jpg\" \/>\n\t<meta property=\"og:image:width\" content=\"700\" \/>\n\t<meta property=\"og:image:height\" content=\"525\" \/>\n\t<meta property=\"og:image:type\" content=\"image\/jpeg\" \/>\n<meta name=\"twitter:card\" content=\"summary_large_image\" \/>\n<meta name=\"twitter:label1\" content=\"Geschatte leestijd\" \/>\n\t<meta name=\"twitter:data1\" content=\"1 minuut\" \/>\n<script type=\"application\/ld+json\" class=\"yoast-schema-graph\">{\"@context\":\"https:\/\/schema.org\",\"@graph\":[{\"@type\":\"WebPage\",\"@id\":\"https:\/\/roadtoromania.com\/nl\/aard-van-roemenie\/predeal-skigebied\/\",\"url\":\"https:\/\/roadtoromania.com\/nl\/aard-van-roemenie\/predeal-skigebied\/\",\"name\":\"Predeal Skigebied - Road to Romania\",\"isPartOf\":{\"@id\":\"https:\/\/roadtoromania.com\/nl\/#website\"},\"datePublished\":\"2022-10-15T18:40:18+00:00\",\"dateModified\":\"2022-10-22T09:43:26+00:00\",\"breadcrumb\":{\"@id\":\"https:\/\/roadtoromania.com\/nl\/aard-van-roemenie\/predeal-skigebied\/#breadcrumb\"},\"inLanguage\":\"nl-NL\",\"potentialAction\":[{\"@type\":\"ReadAction\",\"target\":[\"https:\/\/roadtoromania.com\/nl\/aard-van-roemenie\/predeal-skigebied\/\"]}]},{\"@type\":\"BreadcrumbList\",\"@id\":\"https:\/\/roadtoromania.com\/nl\/aard-van-roemenie\/predeal-skigebied\/#breadcrumb\",\"itemListElement\":[{\"@type\":\"ListItem\",\"position\":1,\"name\":\"Home\",\"item\":\"https:\/\/roadtoromania.com\/nl\/\"},{\"@type\":\"ListItem\",\"position\":2,\"name\":\"Aard van Roemeni\u00eb\",\"item\":\"https:\/\/roadtoromania.com\/nl\/aard-van-roemenie\/\"},{\"@type\":\"ListItem\",\"position\":3,\"name\":\"Predeal Skigebied\"}]},{\"@type\":\"WebSite\",\"@id\":\"https:\/\/roadtoromania.com\/nl\/#website\",\"url\":\"https:\/\/roadtoromania.com\/nl\/\",\"name\":\"Road to Romania\",\"description\":\"De blog waar u alle informatie vindt om van Roemeni\u00eb te genieten.\",\"potentialAction\":[{\"@type\":\"SearchAction\",\"target\":{\"@type\":\"EntryPoint\",\"urlTemplate\":\"https:\/\/roadtoromania.com\/nl\/?s={search_term_string}\"},\"query-input\":\"required name=search_term_string\"}],\"inLanguage\":\"nl-NL\"}]}<\/script>\n<!-- \/ Yoast SEO plugin. -->","yoast_head_json":{"title":"Predeal Skigebied - Road to Romania","robots":{"index":"index","follow":"follow","max-snippet":"max-snippet:-1","max-image-preview":"max-image-preview:large","max-video-preview":"max-video-preview:-1"},"canonical":"https:\/\/roadtoromania.com\/nl\/aard-van-roemenie\/predeal-skigebied\/","og_locale":"nl_NL","og_type":"article","og_title":"Predeal Skigebied - Road to Romania","og_description":"Predeal is naast Poiana Brasov een van de belangrijkste skigebieden in Roemeni\u00eb in een werkelijk sublieme natuurlijke omgeving, met de bossen van het Bucegi gebergte, Postavaru en Piatra Mare gebergte. Het toponiem komt van een woord, &#8220;pre deal&#8221;, dat &#8220;grens&#8221; of ook &#8220;op de heuvel&#8221; betekent. Ski\u00ebn in Predeal De naam van de stad is &hellip; Predeal Skigebied Lees verder \u00bb","og_url":"https:\/\/roadtoromania.com\/nl\/aard-van-roemenie\/predeal-skigebied\/","og_site_name":"Road to Romania","article_modified_time":"2022-10-22T09:43:26+00:00","og_image":[{"width":700,"height":525,"url":"https:\/\/roadtoromania.com\/wp-content\/uploads\/2022\/10\/predeal_rumania-1.jpg","type":"image\/jpeg"}],"twitter_card":"summary_large_image","twitter_misc":{"Geschatte leestijd":"1 minuut"},"schema":{"@context":"https:\/\/schema.org","@graph":[{"@type":"WebPage","@id":"https:\/\/roadtoromania.com\/nl\/aard-van-roemenie\/predeal-skigebied\/","url":"https:\/\/roadtoromania.com\/nl\/aard-van-roemenie\/predeal-skigebied\/","name":"Predeal Skigebied - Road to Romania","isPartOf":{"@id":"https:\/\/roadtoromania.com\/nl\/#website"},"datePublished":"2022-10-15T18:40:18+00:00","dateModified":"2022-10-22T09:43:26+00:00","breadcrumb":{"@id":"https:\/\/roadtoromania.com\/nl\/aard-van-roemenie\/predeal-skigebied\/#breadcrumb"},"inLanguage":"nl-NL","potentialAction":[{"@type":"ReadAction","target":["https:\/\/roadtoromania.com\/nl\/aard-van-roemenie\/predeal-skigebied\/"]}]},{"@type":"BreadcrumbList","@id":"https:\/\/roadtoromania.com\/nl\/aard-van-roemenie\/predeal-skigebied\/#breadcrumb","itemListElement":[{"@type":"ListItem","position":1,"name":"Home","item":"https:\/\/roadtoromania.com\/nl\/"},{"@type":"ListItem","position":2,"name":"Aard van Roemeni\u00eb","item":"https:\/\/roadtoromania.com\/nl\/aard-van-roemenie\/"},{"@type":"ListItem","position":3,"name":"Predeal Skigebied"}]},{"@type":"WebSite","@id":"https:\/\/roadtoromania.com\/nl\/#website","url":"https:\/\/roadtoromania.com\/nl\/","name":"Road to Romania","description":"De blog waar u alle informatie vindt om van Roemeni\u00eb te genieten.","potentialAction":[{"@type":"SearchAction","target":{"@type":"EntryPoint","urlTemplate":"https:\/\/roadtoromania.com\/nl\/?s={search_term_string}"},"query-input":"required name=search_term_string"}],"inLanguage":"nl-NL"}]}},"_links":{"self":[{"href":"https:\/\/roadtoromania.com\/nl\/wp-json\/wp\/v2\/pages\/3861","targetHints":{"allow":["GET"]}}],"collection":[{"href":"https:\/\/roadtoromania.com\/nl\/wp-json\/wp\/v2\/pages"}],"about":[{"href":"https:\/\/roadtoromania.com\/nl\/wp-json\/wp\/v2\/types\/page"}],"author":[{"embeddable":true,"href":"https:\/\/roadtoromania.com\/nl\/wp-json\/wp\/v2\/users\/1"}],"replies":[{"embeddable":true,"href":"https:\/\/roadtoromania.com\/nl\/wp-json\/wp\/v2\/comments?post=3861"}],"version-history":[{"count":0,"href":"https:\/\/roadtoromania.com\/nl\/wp-json\/wp\/v2\/pages\/3861\/revisions"}],"up":[{"embeddable":true,"href":"https:\/\/roadtoromania.com\/nl\/wp-json\/wp\/v2\/pages\/3856"}],"wp:featuredmedia":[{"embeddable":true,"href":"https:\/\/roadtoromania.com\/nl\/wp-json\/wp\/v2\/media\/1767"}],"wp:attachment":[{"href":"https:\/\/roadtoromania.com\/nl\/wp-json\/wp\/v2\/media?parent=3861"}],"curies":[{"name":"wp","href":"https:\/\/api.w.org\/{rel}","templated":true}]}}