{"id":3866,"date":"2022-10-15T18:40:18","date_gmt":"2022-10-15T18:40:18","guid":{"rendered":"https:\/\/roadtoromania.com\/vluchtclaims-naar-roemenie\/"},"modified":"2022-10-22T09:43:26","modified_gmt":"2022-10-22T09:43:26","slug":"vluchtclaims-naar-roemenie","status":"publish","type":"page","link":"https:\/\/roadtoromania.com\/nl\/vluchtclaims-naar-roemenie\/","title":{"rendered":"Vluchtclaims naar Roemeni\u00eb"},"content":{"rendered":"<p> <strong>Roemeni\u00eb<\/strong> is een van die bestemmingen die voor reizigers een grote verrassing blijken te zijn. Velen herhalen omdat ze beseffen hoeveel er te zien is, en ze hebben niets dan goede dingen te zeggen over de vriendelijke mensen die het ons naar de zin maken.\u00a0<\/strong> Alles is er<\/strong> : monumentale steden, onvoorstelbare kastelen, verhalen en legenden die prachtige middeleeuwse dorpen sieren, een sappige gastronomie op basis van kwaliteitsproducten, natuurlijke mogelijkheden voor iedereen en ongerepte landschappen die in het oude Europa steeds moeilijker te vinden zijn <\/p>\n<p>.<\/p>\n<div id=\"toc_container\" class=\"no_bullets\"><p class=\"toc_title\">Contents<\/p><ul class=\"toc_list\"><li><a href=\"#Hoe_kom_ik_in_Roemenie_8211_Luchthavens\"><span class=\"toc_number toc_depth_1\">1<\/span> \nHoe kom ik in Roemeni\u00eb &#8211; Luchthavens <\/a><\/li><li><a href=\"#Problemen_met_de_vlucht\"><span class=\"toc_number toc_depth_1\">2<\/span> \nProblemen met de vlucht?<\/a><\/li><li><a href=\"#Hoe_te_klagen\"><span class=\"toc_number toc_depth_1\">3<\/span> \nHoe te klagen<\/a><\/li><li><a href=\"#De_beste_oplossing_voor_vluchtclaims_naar_Roemenie\"><span class=\"toc_number toc_depth_1\">4<\/span> \nDe beste oplossing voor vluchtclaims naar Roemeni\u00eb<\/a><\/li><\/ul><\/div>\n<h2><span id=\"Hoe_kom_ik_in_Roemenie_8211_Luchthavens\">\nHoe kom ik in Roemeni\u00eb &#8211; Luchthavens <\/span><\/h2>\n<p>?<\/p>\n<p>\nVanuit Spanje zijn er <strong>rechtstreekse vluchten naar Roemeni\u00eb<\/strong> via de luchthavens van Boekarest, Cluj-Napoca, Sibiu<\/p>\n<p>Timi\u015foara, Ia\u015fi, Craiova en Bac\u0103u.\u00a0Van en naar Boekarest zijn er bijvoorbeeld verbindingen met Madrid, Barcelona, Castell\u00f3n de la Plana, Valencia of Alicante.<\/p>\n<p><img decoding=\"async\" src=\"https:\/\/roadtoromania.com\/wp-content\/uploads\/2022\/10\/vuelo_rumania.jpg\" \/>Vliegen naar Roemeni\u00eb op vakantie<br \/>\n Ryanair, Wizz Air, Vueling en Blue Air<\/strong> zijn de goedkope luchtvaartmaatschappijen die vluchten naar Roemeni\u00eb hebben, dus als we besluiten om te gaan kunnen we kiezen met wie we vliegen.<\/p>\n<h2><span id=\"Problemen_met_de_vlucht\">\nProblemen met de vlucht?<\/span><\/h2>\n<p>\nSoms komen de <strong>ongemakken<\/strong> met de geplande vlucht naar Roemeni\u00eb, geconfronteerd met ongelegen situaties zoals <strong>vluchtannulering, vertragingen<\/strong> grenzend aan het ondraaglijke, <strong>verlies<\/strong> van onze spullen en koffers of de gevreesde overboeking. Al deze onvoorziene gebeurtenissen kunnen uw reis verstoren, tot het punt dat ze uw vakantie verpesten. Daarom is het belangrijk de rechten van de passagier te kennen, iets waar verenigingen zoals <strong>AENA of de OCU<\/strong> (Organisatie van Consumenten en Gebruikers) ons aan herinneren.<\/p>\n<h2><span id=\"Hoe_te_klagen\">\nHoe te klagen<\/span><\/h2>\n<p>\nDe<\/strong> klacht is bijna nooit gemakkelijk,<\/strong> en komt praktisch nooit van de luchtvaartmaatschappijen, dus na het onfortuinlijke incident zullen wij degenen moeten zijn die het klachtenproces in gang zetten. Sommige van deze luchtvaartmaatschappijen spelen een spel van misleiding, en de enige informatie komt uit de ervaring van andere passagiers die al dezelfde beproeving hebben meegemaakt. Informatie is essentieel omdat de eerste vraag die rijst is vanaf welk moment of welk probleem we het recht hebben om een klacht in te dienen. E-mails of telefoontjes naar de luchtvaartmaatschappij in kwestie hebben filters om onze aanvragen te vertragen, en geduld is een must, want er zijn een groot aantal claims die door uitputting sneuvelen <\/p>\n<p>.<\/p>\n<p>\nNaast deze problemen is de klantenservice soms niet beschikbaar in het Spaans, wat de communicatie en vertaling van ons verzoek extra bemoeilijkt.<\/p>\n<h2><span id=\"De_beste_oplossing_voor_vluchtclaims_naar_Roemenie\">\nDe beste oplossing voor vluchtclaims naar Roemeni\u00eb<\/span><\/h2>\n<p>\nDe beste oplossing is altijd de bevredigende, daar bestaat geen twijfel over. Maar door de hectiek van ons werk, verveling, gebrek aan bureaucratische kennis of tijdgebrek zijn wij niet in staat de klacht in te dienen. Misschien is dit de reden waarom veel consumenten die problemen hebben gehad met annuleringen, vertragingen en andere ongemakken, kiezen voor professionals met ervaring in dit soort incidenten. <strong>Reclamacion de vuelos<\/strong> heeft zich gespecialiseerd in dit werk en boekt uitstekende resultaten voor de getroffenen. Zij regelen alles, via hun website hoef je alleen maar de informatie van het incident met de vlucht door te sturen en dan adviseren zij je over de rechten op compensatie die we hebben. Als we akkoord gaan, leggen we het beheer van de procedure in hun handen en delegeren we het proces. De garantie op succes is zeer hoog: 98% van de claims is succesvol. Zij worden alleen betaald als de reiziger de vergoeding ontvangt, dus we kunnen er zeker van zijn dat zij zullen handelen alsof wij het zelf zijn. In ruil daarvoor ontvangen zij 25% van het gevraagde bedrag.<\/p>\n","protected":false},"excerpt":{"rendered":"<p>Roemeni\u00eb is een van die bestemmingen die voor reizigers een grote verrassing blijken te zijn. Velen herhalen omdat ze beseffen hoeveel er te zien is, en ze hebben niets dan goede dingen te zeggen over de vriendelijke mensen die het ons naar de zin maken.\u00a0 Alles is er : monumentale steden, onvoorstelbare kastelen, verhalen en &hellip;<\/p>\n<p class=\"read-more\"> <a class=\"\" href=\"https:\/\/roadtoromania.com\/nl\/vluchtclaims-naar-roemenie\/\"> <span class=\"screen-reader-text\">Vluchtclaims naar Roemeni\u00eb<\/span> Lees verder \u00bb<\/a><\/p>\n","protected":false},"author":1,"featured_media":1813,"parent":0,"menu_order":0,"comment_status":"open","ping_status":"open","template":"","meta":{"site-sidebar-layout":"default","site-content-layout":"default","ast-global-header-display":"","ast-main-header-display":"","ast-hfb-above-header-display":"","ast-hfb-below-header-display":"","ast-hfb-mobile-header-display":"","site-post-title":"","ast-breadcrumbs-content":"","ast-featured-img":"","footer-sml-layout":"","theme-transparent-header-meta":"","adv-header-id-meta":"","stick-header-meta":"","header-above-stick-meta":"","header-main-stick-meta":"","header-below-stick-meta":"","footnotes":""},"class_list":["post-3866","page","type-page","status-publish","has-post-thumbnail","hentry"],"yoast_head":"<!-- This site is optimized with the Yoast SEO plugin v19.10 - https:\/\/yoast.com\/wordpress\/plugins\/seo\/ -->\n<title>Vluchtclaims naar Roemeni\u00eb - Road to Romania<\/title>\n<meta name=\"robots\" content=\"index, follow, max-snippet:-1, max-image-preview:large, max-video-preview:-1\" \/>\n<link rel=\"canonical\" href=\"https:\/\/roadtoromania.com\/nl\/vluchtclaims-naar-roemenie\/\" \/>\n<meta property=\"og:locale\" content=\"nl_NL\" \/>\n<meta property=\"og:type\" content=\"article\" \/>\n<meta property=\"og:title\" content=\"Vluchtclaims naar Roemeni\u00eb - Road to Romania\" \/>\n<meta property=\"og:description\" content=\"Roemeni\u00eb is een van die bestemmingen die voor reizigers een grote verrassing blijken te zijn. Velen herhalen omdat ze beseffen hoeveel er te zien is, en ze hebben niets dan goede dingen te zeggen over de vriendelijke mensen die het ons naar de zin maken.\u00a0 Alles is er : monumentale steden, onvoorstelbare kastelen, verhalen en &hellip; Vluchtclaims naar Roemeni\u00eb Lees verder \u00bb\" \/>\n<meta property=\"og:url\" content=\"https:\/\/roadtoromania.com\/nl\/vluchtclaims-naar-roemenie\/\" \/>\n<meta property=\"og:site_name\" content=\"Road to Romania\" \/>\n<meta property=\"article:modified_time\" content=\"2022-10-22T09:43:26+00:00\" \/>\n<meta property=\"og:image\" content=\"https:\/\/roadtoromania.com\/wp-content\/uploads\/2022\/10\/vuelo_rumania-1.jpg\" \/>\n\t<meta property=\"og:image:width\" content=\"768\" \/>\n\t<meta property=\"og:image:height\" content=\"432\" \/>\n\t<meta property=\"og:image:type\" content=\"image\/jpeg\" \/>\n<meta name=\"twitter:card\" content=\"summary_large_image\" \/>\n<meta name=\"twitter:label1\" content=\"Geschatte leestijd\" \/>\n\t<meta name=\"twitter:data1\" content=\"3 minuten\" \/>\n<script type=\"application\/ld+json\" class=\"yoast-schema-graph\">{\"@context\":\"https:\/\/schema.org\",\"@graph\":[{\"@type\":\"WebPage\",\"@id\":\"https:\/\/roadtoromania.com\/nl\/vluchtclaims-naar-roemenie\/\",\"url\":\"https:\/\/roadtoromania.com\/nl\/vluchtclaims-naar-roemenie\/\",\"name\":\"Vluchtclaims naar Roemeni\u00eb - Road to Romania\",\"isPartOf\":{\"@id\":\"https:\/\/roadtoromania.com\/nl\/#website\"},\"datePublished\":\"2022-10-15T18:40:18+00:00\",\"dateModified\":\"2022-10-22T09:43:26+00:00\",\"breadcrumb\":{\"@id\":\"https:\/\/roadtoromania.com\/nl\/vluchtclaims-naar-roemenie\/#breadcrumb\"},\"inLanguage\":\"nl-NL\",\"potentialAction\":[{\"@type\":\"ReadAction\",\"target\":[\"https:\/\/roadtoromania.com\/nl\/vluchtclaims-naar-roemenie\/\"]}]},{\"@type\":\"BreadcrumbList\",\"@id\":\"https:\/\/roadtoromania.com\/nl\/vluchtclaims-naar-roemenie\/#breadcrumb\",\"itemListElement\":[{\"@type\":\"ListItem\",\"position\":1,\"name\":\"Home\",\"item\":\"https:\/\/roadtoromania.com\/nl\/\"},{\"@type\":\"ListItem\",\"position\":2,\"name\":\"Vluchtclaims naar Roemeni\u00eb\"}]},{\"@type\":\"WebSite\",\"@id\":\"https:\/\/roadtoromania.com\/nl\/#website\",\"url\":\"https:\/\/roadtoromania.com\/nl\/\",\"name\":\"Road to Romania\",\"description\":\"De blog waar u alle informatie vindt om van Roemeni\u00eb te genieten.\",\"potentialAction\":[{\"@type\":\"SearchAction\",\"target\":{\"@type\":\"EntryPoint\",\"urlTemplate\":\"https:\/\/roadtoromania.com\/nl\/?s={search_term_string}\"},\"query-input\":\"required name=search_term_string\"}],\"inLanguage\":\"nl-NL\"}]}<\/script>\n<!-- \/ Yoast SEO plugin. -->","yoast_head_json":{"title":"Vluchtclaims naar Roemeni\u00eb - Road to Romania","robots":{"index":"index","follow":"follow","max-snippet":"max-snippet:-1","max-image-preview":"max-image-preview:large","max-video-preview":"max-video-preview:-1"},"canonical":"https:\/\/roadtoromania.com\/nl\/vluchtclaims-naar-roemenie\/","og_locale":"nl_NL","og_type":"article","og_title":"Vluchtclaims naar Roemeni\u00eb - Road to Romania","og_description":"Roemeni\u00eb is een van die bestemmingen die voor reizigers een grote verrassing blijken te zijn. Velen herhalen omdat ze beseffen hoeveel er te zien is, en ze hebben niets dan goede dingen te zeggen over de vriendelijke mensen die het ons naar de zin maken.\u00a0 Alles is er : monumentale steden, onvoorstelbare kastelen, verhalen en &hellip; Vluchtclaims naar Roemeni\u00eb Lees verder \u00bb","og_url":"https:\/\/roadtoromania.com\/nl\/vluchtclaims-naar-roemenie\/","og_site_name":"Road to Romania","article_modified_time":"2022-10-22T09:43:26+00:00","og_image":[{"width":768,"height":432,"url":"https:\/\/roadtoromania.com\/wp-content\/uploads\/2022\/10\/vuelo_rumania-1.jpg","type":"image\/jpeg"}],"twitter_card":"summary_large_image","twitter_misc":{"Geschatte leestijd":"3 minuten"},"schema":{"@context":"https:\/\/schema.org","@graph":[{"@type":"WebPage","@id":"https:\/\/roadtoromania.com\/nl\/vluchtclaims-naar-roemenie\/","url":"https:\/\/roadtoromania.com\/nl\/vluchtclaims-naar-roemenie\/","name":"Vluchtclaims naar Roemeni\u00eb - Road to Romania","isPartOf":{"@id":"https:\/\/roadtoromania.com\/nl\/#website"},"datePublished":"2022-10-15T18:40:18+00:00","dateModified":"2022-10-22T09:43:26+00:00","breadcrumb":{"@id":"https:\/\/roadtoromania.com\/nl\/vluchtclaims-naar-roemenie\/#breadcrumb"},"inLanguage":"nl-NL","potentialAction":[{"@type":"ReadAction","target":["https:\/\/roadtoromania.com\/nl\/vluchtclaims-naar-roemenie\/"]}]},{"@type":"BreadcrumbList","@id":"https:\/\/roadtoromania.com\/nl\/vluchtclaims-naar-roemenie\/#breadcrumb","itemListElement":[{"@type":"ListItem","position":1,"name":"Home","item":"https:\/\/roadtoromania.com\/nl\/"},{"@type":"ListItem","position":2,"name":"Vluchtclaims naar Roemeni\u00eb"}]},{"@type":"WebSite","@id":"https:\/\/roadtoromania.com\/nl\/#website","url":"https:\/\/roadtoromania.com\/nl\/","name":"Road to Romania","description":"De blog waar u alle informatie vindt om van Roemeni\u00eb te genieten.","potentialAction":[{"@type":"SearchAction","target":{"@type":"EntryPoint","urlTemplate":"https:\/\/roadtoromania.com\/nl\/?s={search_term_string}"},"query-input":"required name=search_term_string"}],"inLanguage":"nl-NL"}]}},"_links":{"self":[{"href":"https:\/\/roadtoromania.com\/nl\/wp-json\/wp\/v2\/pages\/3866","targetHints":{"allow":["GET"]}}],"collection":[{"href":"https:\/\/roadtoromania.com\/nl\/wp-json\/wp\/v2\/pages"}],"about":[{"href":"https:\/\/roadtoromania.com\/nl\/wp-json\/wp\/v2\/types\/page"}],"author":[{"embeddable":true,"href":"https:\/\/roadtoromania.com\/nl\/wp-json\/wp\/v2\/users\/1"}],"replies":[{"embeddable":true,"href":"https:\/\/roadtoromania.com\/nl\/wp-json\/wp\/v2\/comments?post=3866"}],"version-history":[{"count":0,"href":"https:\/\/roadtoromania.com\/nl\/wp-json\/wp\/v2\/pages\/3866\/revisions"}],"wp:featuredmedia":[{"embeddable":true,"href":"https:\/\/roadtoromania.com\/nl\/wp-json\/wp\/v2\/media\/1813"}],"wp:attachment":[{"href":"https:\/\/roadtoromania.com\/nl\/wp-json\/wp\/v2\/media?parent=3866"}],"curies":[{"name":"wp","href":"https:\/\/api.w.org\/{rel}","templated":true}]}}