{"id":3869,"date":"2022-10-15T18:40:18","date_gmt":"2022-10-15T18:40:18","guid":{"rendered":"https:\/\/roadtoromania.com\/weer-en-klimaat-in-roemenie\/"},"modified":"2022-10-22T09:43:26","modified_gmt":"2022-10-22T09:43:26","slug":"weer-en-klimaat-in-roemenie","status":"publish","type":"page","link":"https:\/\/roadtoromania.com\/nl\/weer-en-klimaat-in-roemenie\/","title":{"rendered":"Weer en klimaat in Roemeni\u00eb"},"content":{"rendered":"<p> <strong>Roemeni\u00eb<\/strong> is een groot land met een reli\u00ebf dat varieert van vlakten tot berggebieden. Om deze reden vinden we gebieden waar de winters wat milder zijn, en regio&#8217;s zoals de <strong><a href=\"https:\/\/roadtoromania.com\/nl\/aard-van-roemenie\/de-karpaten\/\">Karpaten<\/a> <\/strong> en <strong><a href=\"https:\/\/roadtoromania.com\/nl\/steden-en-regio-s-van-roemenie\/transsylvanie\/\">Transsylvani\u00eb<\/a> <\/strong> waar de sneeuw de regio in het wit bedekt met temperaturen die onder 0\u00ba komen.<\/p>\n<\/p>\n<p>Over het algemeen zijn de winters streng, de lentes zijn kort, de zomers zijn aangenaam (23 graden) maar soms erg regenachtig, en de herfsten hebben een milde en aangename temperatuur en klimaat.<\/p>\n<p>\nIn het oosten van het land heersen dankzij de invloed van de Zwarte Zee mildere temperaturen. In <strong>Boekarest<\/strong> , de hoofdstad, kan het in de zomer gemakkelijk meer dan 30 graden Celsius worden.<\/p>\n<p>\nWeersverwachting voor de komende dagen in de belangrijkste steden van Roemeni\u00eb<\/p>\n<p>\n <strong>Boekarest Weer<\/strong> <\/p>\n<p><a href=\"http:\/\/www.tiempo.com\/bucarest.htm\">Boekarest Weer<\/a> <\/p>\n<p>\n <strong>Het weer in Sibiu<\/strong> <\/p>\n<p><a href=\"http:\/\/www.tiempo.com\/\">The Weather<\/a> in Sibiu<\/p>\n<p>\n <strong>Het weer in Cluj Napuca<\/strong> <\/p>\n<p><a href=\"http:\/\/www.tiempo.com\/cluj-napoca.htm\">Weer<\/a> in Cluj-Napoca<\/p>\n<p>\n <strong>Het weer in Timisoara<\/strong> <\/p>\n<p>Weer Timisoara<\/p>\n<p>\n <strong>Het weer in Craiova<\/strong> <\/p>\n<p>Het weer in Craiova<\/p>\n","protected":false},"excerpt":{"rendered":"<p>Roemeni\u00eb is een groot land met een reli\u00ebf dat varieert van vlakten tot berggebieden. Om deze reden vinden we gebieden waar de winters wat milder zijn, en regio&#8217;s zoals de Karpaten en Transsylvani\u00eb waar de sneeuw de regio in het wit bedekt met temperaturen die onder 0\u00ba komen. Over het algemeen zijn de winters streng, &hellip;<\/p>\n<p class=\"read-more\"> <a class=\"\" href=\"https:\/\/roadtoromania.com\/nl\/weer-en-klimaat-in-roemenie\/\"> <span class=\"screen-reader-text\">Weer en klimaat in Roemeni\u00eb<\/span> Lees verder \u00bb<\/a><\/p>\n","protected":false},"author":1,"featured_media":0,"parent":0,"menu_order":0,"comment_status":"open","ping_status":"open","template":"","meta":{"site-sidebar-layout":"default","site-content-layout":"default","ast-global-header-display":"","ast-main-header-display":"","ast-hfb-above-header-display":"","ast-hfb-below-header-display":"","ast-hfb-mobile-header-display":"","site-post-title":"","ast-breadcrumbs-content":"","ast-featured-img":"","footer-sml-layout":"","theme-transparent-header-meta":"","adv-header-id-meta":"","stick-header-meta":"","header-above-stick-meta":"","header-main-stick-meta":"","header-below-stick-meta":"","footnotes":""},"class_list":["post-3869","page","type-page","status-publish","hentry"],"yoast_head":"<!-- This site is optimized with the Yoast SEO plugin v19.10 - https:\/\/yoast.com\/wordpress\/plugins\/seo\/ -->\n<title>Weer en klimaat in Roemeni\u00eb - Road to Romania<\/title>\n<meta name=\"robots\" content=\"index, follow, max-snippet:-1, max-image-preview:large, max-video-preview:-1\" \/>\n<link rel=\"canonical\" href=\"https:\/\/roadtoromania.com\/nl\/weer-en-klimaat-in-roemenie\/\" \/>\n<meta property=\"og:locale\" content=\"nl_NL\" \/>\n<meta property=\"og:type\" content=\"article\" \/>\n<meta property=\"og:title\" content=\"Weer en klimaat in Roemeni\u00eb - Road to Romania\" \/>\n<meta property=\"og:description\" content=\"Roemeni\u00eb is een groot land met een reli\u00ebf dat varieert van vlakten tot berggebieden. Om deze reden vinden we gebieden waar de winters wat milder zijn, en regio&#8217;s zoals de Karpaten en Transsylvani\u00eb waar de sneeuw de regio in het wit bedekt met temperaturen die onder 0\u00ba komen. Over het algemeen zijn de winters streng, &hellip; Weer en klimaat in Roemeni\u00eb Lees verder \u00bb\" \/>\n<meta property=\"og:url\" content=\"https:\/\/roadtoromania.com\/nl\/weer-en-klimaat-in-roemenie\/\" \/>\n<meta property=\"og:site_name\" content=\"Road to Romania\" \/>\n<meta property=\"article:modified_time\" content=\"2022-10-22T09:43:26+00:00\" \/>\n<meta name=\"twitter:card\" content=\"summary_large_image\" \/>\n<meta name=\"twitter:label1\" content=\"Geschatte leestijd\" \/>\n\t<meta name=\"twitter:data1\" content=\"1 minuut\" \/>\n<script type=\"application\/ld+json\" class=\"yoast-schema-graph\">{\"@context\":\"https:\/\/schema.org\",\"@graph\":[{\"@type\":\"WebPage\",\"@id\":\"https:\/\/roadtoromania.com\/nl\/weer-en-klimaat-in-roemenie\/\",\"url\":\"https:\/\/roadtoromania.com\/nl\/weer-en-klimaat-in-roemenie\/\",\"name\":\"Weer en klimaat in Roemeni\u00eb - Road to Romania\",\"isPartOf\":{\"@id\":\"https:\/\/roadtoromania.com\/nl\/#website\"},\"datePublished\":\"2022-10-15T18:40:18+00:00\",\"dateModified\":\"2022-10-22T09:43:26+00:00\",\"breadcrumb\":{\"@id\":\"https:\/\/roadtoromania.com\/nl\/weer-en-klimaat-in-roemenie\/#breadcrumb\"},\"inLanguage\":\"nl-NL\",\"potentialAction\":[{\"@type\":\"ReadAction\",\"target\":[\"https:\/\/roadtoromania.com\/nl\/weer-en-klimaat-in-roemenie\/\"]}]},{\"@type\":\"BreadcrumbList\",\"@id\":\"https:\/\/roadtoromania.com\/nl\/weer-en-klimaat-in-roemenie\/#breadcrumb\",\"itemListElement\":[{\"@type\":\"ListItem\",\"position\":1,\"name\":\"Home\",\"item\":\"https:\/\/roadtoromania.com\/nl\/\"},{\"@type\":\"ListItem\",\"position\":2,\"name\":\"Weer en klimaat in Roemeni\u00eb\"}]},{\"@type\":\"WebSite\",\"@id\":\"https:\/\/roadtoromania.com\/nl\/#website\",\"url\":\"https:\/\/roadtoromania.com\/nl\/\",\"name\":\"Road to Romania\",\"description\":\"De blog waar u alle informatie vindt om van Roemeni\u00eb te genieten.\",\"potentialAction\":[{\"@type\":\"SearchAction\",\"target\":{\"@type\":\"EntryPoint\",\"urlTemplate\":\"https:\/\/roadtoromania.com\/nl\/?s={search_term_string}\"},\"query-input\":\"required name=search_term_string\"}],\"inLanguage\":\"nl-NL\"}]}<\/script>\n<!-- \/ Yoast SEO plugin. -->","yoast_head_json":{"title":"Weer en klimaat in Roemeni\u00eb - Road to Romania","robots":{"index":"index","follow":"follow","max-snippet":"max-snippet:-1","max-image-preview":"max-image-preview:large","max-video-preview":"max-video-preview:-1"},"canonical":"https:\/\/roadtoromania.com\/nl\/weer-en-klimaat-in-roemenie\/","og_locale":"nl_NL","og_type":"article","og_title":"Weer en klimaat in Roemeni\u00eb - Road to Romania","og_description":"Roemeni\u00eb is een groot land met een reli\u00ebf dat varieert van vlakten tot berggebieden. Om deze reden vinden we gebieden waar de winters wat milder zijn, en regio&#8217;s zoals de Karpaten en Transsylvani\u00eb waar de sneeuw de regio in het wit bedekt met temperaturen die onder 0\u00ba komen. Over het algemeen zijn de winters streng, &hellip; Weer en klimaat in Roemeni\u00eb Lees verder \u00bb","og_url":"https:\/\/roadtoromania.com\/nl\/weer-en-klimaat-in-roemenie\/","og_site_name":"Road to Romania","article_modified_time":"2022-10-22T09:43:26+00:00","twitter_card":"summary_large_image","twitter_misc":{"Geschatte leestijd":"1 minuut"},"schema":{"@context":"https:\/\/schema.org","@graph":[{"@type":"WebPage","@id":"https:\/\/roadtoromania.com\/nl\/weer-en-klimaat-in-roemenie\/","url":"https:\/\/roadtoromania.com\/nl\/weer-en-klimaat-in-roemenie\/","name":"Weer en klimaat in Roemeni\u00eb - Road to Romania","isPartOf":{"@id":"https:\/\/roadtoromania.com\/nl\/#website"},"datePublished":"2022-10-15T18:40:18+00:00","dateModified":"2022-10-22T09:43:26+00:00","breadcrumb":{"@id":"https:\/\/roadtoromania.com\/nl\/weer-en-klimaat-in-roemenie\/#breadcrumb"},"inLanguage":"nl-NL","potentialAction":[{"@type":"ReadAction","target":["https:\/\/roadtoromania.com\/nl\/weer-en-klimaat-in-roemenie\/"]}]},{"@type":"BreadcrumbList","@id":"https:\/\/roadtoromania.com\/nl\/weer-en-klimaat-in-roemenie\/#breadcrumb","itemListElement":[{"@type":"ListItem","position":1,"name":"Home","item":"https:\/\/roadtoromania.com\/nl\/"},{"@type":"ListItem","position":2,"name":"Weer en klimaat in Roemeni\u00eb"}]},{"@type":"WebSite","@id":"https:\/\/roadtoromania.com\/nl\/#website","url":"https:\/\/roadtoromania.com\/nl\/","name":"Road to Romania","description":"De blog waar u alle informatie vindt om van Roemeni\u00eb te genieten.","potentialAction":[{"@type":"SearchAction","target":{"@type":"EntryPoint","urlTemplate":"https:\/\/roadtoromania.com\/nl\/?s={search_term_string}"},"query-input":"required name=search_term_string"}],"inLanguage":"nl-NL"}]}},"_links":{"self":[{"href":"https:\/\/roadtoromania.com\/nl\/wp-json\/wp\/v2\/pages\/3869","targetHints":{"allow":["GET"]}}],"collection":[{"href":"https:\/\/roadtoromania.com\/nl\/wp-json\/wp\/v2\/pages"}],"about":[{"href":"https:\/\/roadtoromania.com\/nl\/wp-json\/wp\/v2\/types\/page"}],"author":[{"embeddable":true,"href":"https:\/\/roadtoromania.com\/nl\/wp-json\/wp\/v2\/users\/1"}],"replies":[{"embeddable":true,"href":"https:\/\/roadtoromania.com\/nl\/wp-json\/wp\/v2\/comments?post=3869"}],"version-history":[{"count":0,"href":"https:\/\/roadtoromania.com\/nl\/wp-json\/wp\/v2\/pages\/3869\/revisions"}],"wp:attachment":[{"href":"https:\/\/roadtoromania.com\/nl\/wp-json\/wp\/v2\/media?parent=3869"}],"curies":[{"name":"wp","href":"https:\/\/api.w.org\/{rel}","templated":true}]}}