{"id":4344,"date":"2022-10-22T14:22:25","date_gmt":"2022-10-22T14:22:25","guid":{"rendered":"https:\/\/roadtoromania.com\/guida-della-romania\/"},"modified":"2022-10-22T15:59:16","modified_gmt":"2022-10-22T15:59:16","slug":"guida-della-romania","status":"publish","type":"page","link":"https:\/\/roadtoromania.com\/nl\/","title":{"rendered":"Roemeni\u00eb Gids"},"content":{"rendered":"<p>De Roemeni\u00eb-gids bestaat al enkele jaren, maar we hebben besloten hem te vernieuwen en de inhoud ervan uit te breiden om de reiziger meer informatie te geven over het toerisme in Roemeni\u00eb. Onze doelstellingen zijn eenvoudig en duidelijk: Italiaanse toeristen dichter bij het prachtige land Roemeni\u00eb brengen. Voor toeristen en mensen die ge\u00efnteresseerd zijn in de cultuur, geografie, geschiedenis, kunst, gastronomie en actualiteit van het Balkanland. Roemeni\u00eb is een land dat in veel opzichten dicht bij de Romeinse wereld staat, maar grotendeels onbekend is en getroffen wordt door enkele onterechte clich\u00e9s. De Roemeense cultuur en taal zijn een mengeling van mediterraan en oosters, Russisch en Turks. Het land ligt op een uitgestrekte vlakte die wordt verdeeld door de Karpaten en wordt in het zuiden afgesloten door de Donau, die het riviercruisetoerisme aan het ontdekken is.<\/p>\n<p>Spreken over Roemeni\u00eb is spreken over een complexe geschiedenis, over mythen zoals de banale graaf Dracula en veel recentere gebeurtenissen die de Europese geschiedenis op zijn grondvesten doen schudden. Gelukkig probeert het land nu zijn achterstand te overwinnen en komt het dichter bij de Europese Unie, waarvan het sinds 2007 lid is. Proberen de Roemeense realiteit te onthullen en vooringenomen idee\u00ebn te overwinnen is een ander fundamenteel doel.<\/p>\n<figure id=\"attachment_2702\" class=\"wp-caption aligncenter\" aria-describedby=\"caption-attachment-2702\"><img loading=\"lazy\" decoding=\"async\" class=\"wp-image-2702 size-full\" src=\"https:\/\/www.larumania.es\/wp-content\/uploads\/2021\/01\/carpatos-rumania-naturaleza.jpg\" sizes=\"auto, (max-width: 1920px) 100vw, 1920px\" srcset=\"https:\/\/www.larumania.es\/wp-content\/uploads\/2021\/01\/carpatos-rumania-naturaleza.jpg 1920w, https:\/\/www.larumania.es\/wp-content\/uploads\/2021\/01\/carpatos-rumania-naturaleza-300x158.jpg 300w, https:\/\/www.larumania.es\/wp-content\/uploads\/2021\/01\/carpatos-rumania-naturaleza-768x405.jpg 768w, https:\/\/www.larumania.es\/wp-content\/uploads\/2021\/01\/carpatos-rumania-naturaleza-1024x540.jpg 1024w, https:\/\/www.larumania.es\/wp-content\/uploads\/2021\/01\/carpatos-rumania-naturaleza-150x79.jpg 150w\" alt=\"\" width=\"1920\" height=\"1013\" \/><figcaption id=\"caption-attachment-2702\" class=\"wp-caption-text\">De Karpaten vormen samen met de Donau het geografische skelet van Roemeni\u00eb.<\/figcaption><\/figure>\n<div id=\"toc_container\" class=\"no_bullets\"><p class=\"toc_title\">Contents<\/p><ul class=\"toc_list\"><li><a href=\"#Monumenten_en_oude_cultuur\"><span class=\"toc_number toc_depth_1\">1<\/span> Monumenten en oude cultuur<\/a><\/li><li><a href=\"#Weelderige_natuur_om_te_ontdekken\"><span class=\"toc_number toc_depth_1\">2<\/span> Weelderige natuur om te ontdekken<\/a><\/li><li><a href=\"#Cultuur\"><span class=\"toc_number toc_depth_1\">3<\/span> Cultuur<\/a><\/li><li><a href=\"#Party\"><span class=\"toc_number toc_depth_1\">4<\/span> Party<\/a><\/li><li><a href=\"#Accommodatie_vervoer_en_gastronomie\"><span class=\"toc_number toc_depth_1\">5<\/span> Accommodatie, vervoer en gastronomie<\/a><\/li><li><a href=\"#Roemenen_mythes_ontkrachten\"><span class=\"toc_number toc_depth_1\">6<\/span> Roemenen: mythes ontkrachten<\/a><\/li><\/ul><\/div>\n<h2><span id=\"Monumenten_en_oude_cultuur\">Monumenten en oude cultuur<\/span><\/h2>\n<p>Het erfgoed van Roemeni\u00eb is grotendeels onbekend; wij hopen dat het met onze hulp nog minder bekend wordt. Een bewijs hiervan is het feit dat ten minste acht sites of monumenten door de UNESCO tot werelderfgoed zijn verklaard.<\/p>\n<p>De religieuze architectuur van Roemeni\u00eb valt vooral op doordat veel kerken, tempels en kloosters van hout zijn. Met ons bezoekt u de kloosters van Boekovina (Arbore, Humor, Moldovita, Patrauti, Voronet, Suceavita of Neamt), in het noorden van het land, dicht bij Oekra\u00efne en Moldavi\u00eb.<\/p>\n<p>We bezoeken de houten kerken van een andere weinig bekende maar even prachtige regio, Maramures, en ook de beroemde begraafplaats van Sapanta.<\/p>\n<p>In het filmische Transsylvani\u00eb doorbreken we de clich\u00e9s door het ware verhaal van de mythe van Vlad Dracul in Bran, provincie Brasov, te tonen.\u00a0De kastelen, Dacische forten en paleizen van Transsylvani\u00eb wekken geen angst op, maar respect voor de goed bewaarde oude architectuur en kunst. De steden van Transsylvani\u00eb zijn verre van de terreur van Hollywood- en Hammerfilms; integendeel, het zijn levendige steden met vriendelijke mensen.\u00a0Brasov, Sibiu, Cluj, Sighisoara, middeleeuwse steden met een veel beter bewaarde architectuur dan de hoofdstad, en vele andere die we in onze pagina&#8217;s zullen behandelen.<\/p>\n<p>In Banat bezoeken we Timisoara, bij Servi\u00eb, en Oradea, in de regio Crisana, bij Hongarije.\u00a0Craiova, in Walachije, langs de Donau, de belangrijkste rivierader ter wereld en een gemeenschappelijke grens met Bulgarije.\u00a0Constanta, met uitzicht op de Zwarte Zee, zal ons in staat stellen de maritieme fa\u00e7ade van het land te leren kennen. En ter afsluiting van onze historische en monumentale rondreis, Boekarest, de hoofdstad, die geleidelijk haar vroegere pracht en praal en Franse invloed terugvindt.<\/p>\n<h2><span id=\"Weelderige_natuur_om_te_ontdekken\">Weelderige natuur om te ontdekken<\/span><\/h2>\n<p>Wat betreft geschiedenis, cultuur en monumenten is er weinig bekend over een land waar de natuur nog de boventoon voert. Roemeni\u00eb heeft een oneerlijk imago, geassocieerd met de vroegere olie en zware industrie, terwijl het in werkelijkheid veel natuurgebieden beter bewaard heeft dan andere Europese landen, zoals de Bigar waterval bij de Servische grens, die even onbekend als verrassend is.<\/p>\n<p>De kust van de Zwarte Zee, met zijn badplaatsen uit het communistische tijdperk, herstelt zich en begint aangename vakanties te bieden in een prachtige omgeving. De Donaudelta is bijvoorbeeld een natuurgebied bij uitstek, maar naast de zee biedt Roemeni\u00eb ook bergen.\u00a0De Karpaten verdelen het land in twee\u00ebn met hun boog. Zijn bergen zullen wandelaars en trekkers bekoren, omdat ze buiten Roemeni\u00eb vrijwel onbekend zijn. Naast trektochten bieden de Karpaten skigebieden zoals Poiana Brasov, rivieren en beken waar vissen nog een natuurlijk genoegen is.<\/p>\n<p>In Maramures duiken de rotsen van de smalle kloven op te midden van het algemene groen, zoals de Bicaz-kloof, als een majestueus decor voor de kloosters.<\/p>\n<h2><span id=\"Cultuur\">Cultuur<\/span><\/h2>\n<p>Boekarest is de stad van de musea. 19e-eeuwse Franse neoklassieke gebouwen overleefden de dwaasheden van de dictatuur. De verfijning van een cultuur die niets te maken heeft met de idee\u00ebn die velen hebben is hier bewaard gebleven.<\/p>\n<p>En onder de namen van de Roemeense cultuur vinden we kunstenaars als Constantin Brancusi, de Frans-Kroatische beeldhouwer, of de Frans-Kroatische dichter Tristan Tzara, initiator van het dada\u00efsme, die van Roemeense afkomst was, hoewel zijn leven en artistieke loopbaan zich in Frankrijk afspeelden.<\/p>\n<p>Deze rode draad, emigratie of ballingschap, heeft ook andere belangrijke intellectuelen getroffen, zoals de musici Georges Enesco en Constantin Dimitrescu, de toneelschrijver Ionesco en de historicus en romanschrijver Mircea Eliade, die allen banden hadden met Frankrijk, waar zij burgers werden of woonden. Tegenwoordig is de sopraan Angela Gheorghiu een van de belangrijkste stemmen van Roemeni\u00eb.<\/p>\n<p>Tegenwoordig verschijnen er naast folklore en traditionele muziek nieuwe artiesten die proberen het oude beeld van Roemeni\u00eb te doorbreken en op zoek gaan naar een nieuw beeld. Uit de spanning en uitwisselingen tussen beide komt het echte Roemeni\u00eb van de 21e eeuw naar voren.<\/p>\n<h2><span id=\"Party\">Party<\/span><\/h2>\n<p>Oost-Europa is een bestemming voor wie denkt dat er alleen in Amsterdam gefeest wordt. De straten in het centrum van Boekarest zijn altijd levendig en vol mensen. Bovendien is het feestgedruis vrij rustig en zeer veilig. Het is ideaal voor degenen die door het hele land reizen en de hele nacht willen genieten van het nachtleven, pubs en disco&#8217;s.<\/p>\n<p>Bezoek Roemeni\u00eb per auto, trein, boot&#8230;<\/p>\n<p>Roemeni\u00eb leent zich voor een reis met elk vervoermiddel. Het vliegtuig brengt ons naar Boekarest. Met de auto kunnen we door Europa reizen en de minst toeristische en meest authentieke plaatsen bereiken. De boot stelt ons in staat om verschillende landen te bezoeken tijdens riviercruises op de Donau.<\/p>\n<h2><span id=\"Accommodatie_vervoer_en_gastronomie\">Accommodatie, vervoer en gastronomie<\/span><\/h2>\n<p>Sinds de toetreding tot de Europese Unie is het Roemeense hotel- en vervoersnetwerk gemoderniseerd. Vandaag de dag heeft het land al een flink aantal kwaliteitsrestaurants. Op onze pagina&#8217;s vertellen wij u hier alles over en bevelen wij u de beste slaapplaatsen en eetgelegenheden aan. Bezoek daarvoor onze rubrieken accommodatie, vervoer en gastronomie en, als u al besloten hebt naar Roemeni\u00eb te komen, kunt u op deze pagina de beste hotels vinden.<\/p>\n<h2><span id=\"Roemenen_mythes_ontkrachten\">Roemenen: mythes ontkrachten<\/span><\/h2>\n<p>Zoals elk ander land in de wereld is zijn bevolking het resultaat van vermenging en rassenvermenging, de vereniging van verschillende mensen uit verschillende plaatsen, waarvan de smeltkroes het Roemeense grondgebied was. Nog meer in de Balkan, waar de grenzen dansten op het geluid van oorlogen en invasies. Als we begrijpen dat geen enkele vlag legitiemer was dan een andere, kunnen we elkaar beter begrijpen, elkaar respecteren en samen op weg gaan naar de sociale doelen die ons allen toebehoren. In Roemeni\u00eb zien we de invloeden van vele volkeren uit het verleden, Daci\u00ebrs, Romeinen, Vlamingen, Hongaren, Moldavi\u00ebrs, Duitsers, Grieken, Bulgaren, Servi\u00ebrs, Albanezen, Joden, Turken, zigeuners, Russen&#8230; allemaal zo door elkaar dat elke verdeling alleen maar kunstmatig kan zijn. Uit deze wirwar is een land ontstaan met problemen, maar met veel geduld en vooral met vriendelijke mensen die de vooroordelen van zich superieur wanende toeristen onmiddellijk ontkrachten. Als u naar Roemeni\u00eb reist en de hoofdstad verlaat, zult u dit zelf beseffen. Roemenen staan altijd klaar om te helpen, belangeloos en met een glimlach op hun gezicht. Er zijn vele redenen om u uit te nodigen Roemeni\u00eb te leren kennen door naar alle steden en uithoeken van dit fantastische land te reizen voor een unieke vakantie.<\/p>\n<p>Reizen is vergeten wie we denken te zijn, onze legendes achter ons laten en in de ogen van anderen kijken, om te beginnen te begrijpen wie we werkelijk zijn. Roemeni\u00eb is een land dat vooroordelen doorbreekt, bezoek het!<\/p>\n","protected":false},"excerpt":{"rendered":"<p>De Roemeni\u00eb-gids bestaat al enkele jaren, maar we hebben besloten hem te vernieuwen en de inhoud ervan uit te breiden om de reiziger meer informatie te geven over het toerisme in Roemeni\u00eb. Onze doelstellingen zijn eenvoudig en duidelijk: Italiaanse toeristen dichter bij het prachtige land Roemeni\u00eb brengen. Voor toeristen en mensen die ge\u00efnteresseerd zijn in &hellip;<\/p>\n<p class=\"read-more\"> <a class=\"\" href=\"https:\/\/roadtoromania.com\/nl\/\"> <span class=\"screen-reader-text\">Roemeni\u00eb Gids<\/span> Lees verder \u00bb<\/a><\/p>\n","protected":false},"author":1,"featured_media":0,"parent":0,"menu_order":0,"comment_status":"closed","ping_status":"closed","template":"","meta":{"site-sidebar-layout":"default","site-content-layout":"default","ast-global-header-display":"","ast-main-header-display":"","ast-hfb-above-header-display":"","ast-hfb-below-header-display":"","ast-hfb-mobile-header-display":"","site-post-title":"","ast-breadcrumbs-content":"","ast-featured-img":"","footer-sml-layout":"","theme-transparent-header-meta":"default","adv-header-id-meta":"","stick-header-meta":"default","header-above-stick-meta":"","header-main-stick-meta":"","header-below-stick-meta":"","footnotes":""},"class_list":["post-4344","page","type-page","status-publish","hentry"],"yoast_head":"<!-- This site is optimized with the Yoast SEO plugin v19.10 - https:\/\/yoast.com\/wordpress\/plugins\/seo\/ -->\n<title>Roemeni\u00eb Gids - Road to Romania<\/title>\n<meta name=\"robots\" content=\"index, follow, max-snippet:-1, max-image-preview:large, max-video-preview:-1\" \/>\n<link rel=\"canonical\" href=\"https:\/\/roadtoromania.com\/nl\/\" \/>\n<meta property=\"og:locale\" content=\"nl_NL\" \/>\n<meta property=\"og:type\" content=\"article\" \/>\n<meta property=\"og:title\" content=\"Roemeni\u00eb Gids - Road to Romania\" \/>\n<meta property=\"og:description\" content=\"De Roemeni\u00eb-gids bestaat al enkele jaren, maar we hebben besloten hem te vernieuwen en de inhoud ervan uit te breiden om de reiziger meer informatie te geven over het toerisme in Roemeni\u00eb. Onze doelstellingen zijn eenvoudig en duidelijk: Italiaanse toeristen dichter bij het prachtige land Roemeni\u00eb brengen. Voor toeristen en mensen die ge\u00efnteresseerd zijn in &hellip; Roemeni\u00eb Gids Lees verder \u00bb\" \/>\n<meta property=\"og:url\" content=\"https:\/\/roadtoromania.com\/nl\/\" \/>\n<meta property=\"og:site_name\" content=\"Road to Romania\" \/>\n<meta property=\"article:modified_time\" content=\"2022-10-22T15:59:16+00:00\" \/>\n<meta property=\"og:image\" content=\"https:\/\/www.larumania.es\/wp-content\/uploads\/2021\/01\/carpatos-rumania-naturaleza.jpg\" \/>\n<meta name=\"twitter:card\" content=\"summary_large_image\" \/>\n<meta name=\"twitter:label1\" content=\"Geschatte leestijd\" \/>\n\t<meta name=\"twitter:data1\" content=\"7 minuten\" \/>\n<script type=\"application\/ld+json\" class=\"yoast-schema-graph\">{\"@context\":\"https:\/\/schema.org\",\"@graph\":[{\"@type\":\"WebPage\",\"@id\":\"https:\/\/roadtoromania.com\/nl\/\",\"url\":\"https:\/\/roadtoromania.com\/nl\/\",\"name\":\"Roemeni\u00eb Gids - Road to Romania\",\"isPartOf\":{\"@id\":\"https:\/\/roadtoromania.com\/nl\/#website\"},\"datePublished\":\"2022-10-22T14:22:25+00:00\",\"dateModified\":\"2022-10-22T15:59:16+00:00\",\"breadcrumb\":{\"@id\":\"https:\/\/roadtoromania.com\/nl\/#breadcrumb\"},\"inLanguage\":\"nl-NL\",\"potentialAction\":[{\"@type\":\"ReadAction\",\"target\":[\"https:\/\/roadtoromania.com\/nl\/\"]}]},{\"@type\":\"BreadcrumbList\",\"@id\":\"https:\/\/roadtoromania.com\/nl\/#breadcrumb\",\"itemListElement\":[{\"@type\":\"ListItem\",\"position\":1,\"name\":\"Home\",\"item\":\"https:\/\/roadtoromania.com\/nl\/\"},{\"@type\":\"ListItem\",\"position\":2,\"name\":\"Roemeni\u00eb Gids\"}]},{\"@type\":\"WebSite\",\"@id\":\"https:\/\/roadtoromania.com\/nl\/#website\",\"url\":\"https:\/\/roadtoromania.com\/nl\/\",\"name\":\"Road to Romania\",\"description\":\"De blog waar u alle informatie vindt om van Roemeni\u00eb te genieten.\",\"potentialAction\":[{\"@type\":\"SearchAction\",\"target\":{\"@type\":\"EntryPoint\",\"urlTemplate\":\"https:\/\/roadtoromania.com\/nl\/?s={search_term_string}\"},\"query-input\":\"required name=search_term_string\"}],\"inLanguage\":\"nl-NL\"}]}<\/script>\n<!-- \/ Yoast SEO plugin. -->","yoast_head_json":{"title":"Roemeni\u00eb Gids - Road to Romania","robots":{"index":"index","follow":"follow","max-snippet":"max-snippet:-1","max-image-preview":"max-image-preview:large","max-video-preview":"max-video-preview:-1"},"canonical":"https:\/\/roadtoromania.com\/nl\/","og_locale":"nl_NL","og_type":"article","og_title":"Roemeni\u00eb Gids - Road to Romania","og_description":"De Roemeni\u00eb-gids bestaat al enkele jaren, maar we hebben besloten hem te vernieuwen en de inhoud ervan uit te breiden om de reiziger meer informatie te geven over het toerisme in Roemeni\u00eb. Onze doelstellingen zijn eenvoudig en duidelijk: Italiaanse toeristen dichter bij het prachtige land Roemeni\u00eb brengen. Voor toeristen en mensen die ge\u00efnteresseerd zijn in &hellip; Roemeni\u00eb Gids Lees verder \u00bb","og_url":"https:\/\/roadtoromania.com\/nl\/","og_site_name":"Road to Romania","article_modified_time":"2022-10-22T15:59:16+00:00","og_image":[{"url":"https:\/\/www.larumania.es\/wp-content\/uploads\/2021\/01\/carpatos-rumania-naturaleza.jpg"}],"twitter_card":"summary_large_image","twitter_misc":{"Geschatte leestijd":"7 minuten"},"schema":{"@context":"https:\/\/schema.org","@graph":[{"@type":"WebPage","@id":"https:\/\/roadtoromania.com\/nl\/","url":"https:\/\/roadtoromania.com\/nl\/","name":"Roemeni\u00eb Gids - Road to Romania","isPartOf":{"@id":"https:\/\/roadtoromania.com\/nl\/#website"},"datePublished":"2022-10-22T14:22:25+00:00","dateModified":"2022-10-22T15:59:16+00:00","breadcrumb":{"@id":"https:\/\/roadtoromania.com\/nl\/#breadcrumb"},"inLanguage":"nl-NL","potentialAction":[{"@type":"ReadAction","target":["https:\/\/roadtoromania.com\/nl\/"]}]},{"@type":"BreadcrumbList","@id":"https:\/\/roadtoromania.com\/nl\/#breadcrumb","itemListElement":[{"@type":"ListItem","position":1,"name":"Home","item":"https:\/\/roadtoromania.com\/nl\/"},{"@type":"ListItem","position":2,"name":"Roemeni\u00eb Gids"}]},{"@type":"WebSite","@id":"https:\/\/roadtoromania.com\/nl\/#website","url":"https:\/\/roadtoromania.com\/nl\/","name":"Road to Romania","description":"De blog waar u alle informatie vindt om van Roemeni\u00eb te genieten.","potentialAction":[{"@type":"SearchAction","target":{"@type":"EntryPoint","urlTemplate":"https:\/\/roadtoromania.com\/nl\/?s={search_term_string}"},"query-input":"required name=search_term_string"}],"inLanguage":"nl-NL"}]}},"_links":{"self":[{"href":"https:\/\/roadtoromania.com\/nl\/wp-json\/wp\/v2\/pages\/4344","targetHints":{"allow":["GET"]}}],"collection":[{"href":"https:\/\/roadtoromania.com\/nl\/wp-json\/wp\/v2\/pages"}],"about":[{"href":"https:\/\/roadtoromania.com\/nl\/wp-json\/wp\/v2\/types\/page"}],"author":[{"embeddable":true,"href":"https:\/\/roadtoromania.com\/nl\/wp-json\/wp\/v2\/users\/1"}],"replies":[{"embeddable":true,"href":"https:\/\/roadtoromania.com\/nl\/wp-json\/wp\/v2\/comments?post=4344"}],"version-history":[{"count":2,"href":"https:\/\/roadtoromania.com\/nl\/wp-json\/wp\/v2\/pages\/4344\/revisions"}],"predecessor-version":[{"id":4359,"href":"https:\/\/roadtoromania.com\/nl\/wp-json\/wp\/v2\/pages\/4344\/revisions\/4359"}],"wp:attachment":[{"href":"https:\/\/roadtoromania.com\/nl\/wp-json\/wp\/v2\/media?parent=4344"}],"curies":[{"name":"wp","href":"https:\/\/api.w.org\/{rel}","templated":true}]}}