{"id":3568,"date":"2022-10-15T18:40:09","date_gmt":"2022-10-15T18:40:09","guid":{"rendered":"https:\/\/roadtoromania.com\/port-lotniczy-cluj-napoca\/"},"modified":"2022-10-22T12:21:47","modified_gmt":"2022-10-22T12:21:47","slug":"port-lotniczy-cluj-napoca","status":"publish","type":"page","link":"https:\/\/roadtoromania.com\/pl\/port-lotniczy-cluj-napoca\/","title":{"rendered":"Port lotniczy Cluj Napoca"},"content":{"rendered":"<p><strong>Lotnisko Cluj Napoca<\/strong> rozwija wysoki wzrost liczby lot\u00f3w i pasa\u017cer\u00f3w dzi\u0119ki <strong>tanim lotom<\/strong> przylatuj\u0105cym zar\u00f3wno z Rumunii, jak i z wielu miast europejskich, w tym kilku w Hiszpanii, i jest g\u0142\u00f3wnym lotniskiem dla lot\u00f3w do regionu Transylwanii.<\/p>\n<p><img decoding=\"async\" src=\"https:\/\/roadtoromania.com\/wp-content\/uploads\/2022\/10\/vuelos_aeropuerto_cluj_napo.jpg\" \/><\/p>\n<p>Lotnisko Cluj Napoca Po\u0142\u0105czenia lotnicze<\/p>\n<p>Jest to obecnie czwarte lotnisko pod wzgl\u0119dem liczby pasa\u017cer\u00f3w, za dwoma portami lotniczymi w Bukareszcie i Timisoarze. Oddany do u\u017cytku w 1932 roku, dopiero w 1970 roku, po remoncie terminala, zacz\u0105\u0142 obs\u0142ugiwa\u0107 wi\u0119kszy ruch lotniczy, ale prawdziwy start nast\u0105pi\u0142 w 1996 roku wraz z otwarciem po\u0142\u0105cze\u0144 mi\u0119dzynarodowych. W 2001 roku przeprowadzono rozbudow\u0119, a w 2009 roku uko\u0144czono budow\u0119 nowego terminalu przylot\u00f3w.<\/p>\n<p>Lotnisko obs\u0142uguje loty do pozosta\u0142ej cz\u0119\u015bci Rumunii, Bukaresztu i Timisoary, a tak\u017ce do Wiednia, Charleroi, Billund, Bazylei, Genui, Beauvais, Berlina Dormund, Monachium, Dublina, Bergamo, Bolonii, Rzymu, Liverpudlian, Warszawy, a nawet do bardziej odleg\u0142ych miejsc, takich jak Dubaj i Tel Awiw.<\/p>\n<p>Opcje lot\u00f3w do Cluj z Hiszpanii to Barcelona, , Alicante, Madryt, Walencja, Saragossa (wszystkie z Wizzair) i Palma de Mallorca (loty czarterowe) z Air Europa.<\/p>\n<p>Barcelona &#8211; Cluj (Vueling)<\/p>\n<p>Barcelona &#8211; Cluj (Wizzair)<\/p>\n<p>Walencja &#8211; Cluj (Wizzair)<\/p>\n<p>Saragossa &#8211; Cluj (Wizzair)<\/p>\n<p>Alicante &#8211; Cluj (Wizzair)<\/p>\n<p>Madryt &#8211; Cluj (Wizzair)<\/p>\n<p>Dzi\u0119ki naszej wyszukiwarce mo\u017cesz znale\u017a\u0107 najta\u0144sze loty na lotnisko Cluj Napoca:<\/p>\n<h2>ak dojecha\u0107 do lotniska Cluj Napoca:<\/h2>\n<p>Terminal lotniczy znajduje si\u0119 zaledwie 8 km od miasta Cluj, w obszarze znanym jako Some\u015feni i istniej\u0105 zar\u00f3wno taks\u00f3wki, wynajem samochod\u00f3w i autobus\u00f3w, aby dotrze\u0107 do centrum miasta.<\/p>\n<p>Autobusy \u0142\u0105cz\u0105 lotnisko z centrum Klu\u017cu, Piata Mihai Viteazu (i odwrotnie), z rozk\u0142adem jazdy od poniedzia\u0142ku do pi\u0105tku w godzinach 5:00-22:40, z odjazdami co 10 minut, a w weekendy i \u015bwi\u0119ta co 30 minut w godzinach 5:30-22:35. Linia lotnicza Wizzair oferuje r\u00f3wnie\u017c autobusy wahad\u0142owe jako alternatyw\u0119<\/p>\n<p>Cluj Napoca Airport Map<\/p>\n","protected":false},"excerpt":{"rendered":"<p>Lotnisko Cluj Napoca rozwija wysoki wzrost liczby lot\u00f3w i pasa\u017cer\u00f3w dzi\u0119ki tanim lotom przylatuj\u0105cym zar\u00f3wno z Rumunii, jak i z wielu miast europejskich, w tym kilku w Hiszpanii, i jest g\u0142\u00f3wnym lotniskiem dla lot\u00f3w do regionu Transylwanii. Lotnisko Cluj Napoca Po\u0142\u0105czenia lotnicze Jest to obecnie czwarte lotnisko pod wzgl\u0119dem liczby pasa\u017cer\u00f3w, za dwoma portami lotniczymi &hellip;<\/p>\n<p class=\"read-more\"> <a class=\"\" href=\"https:\/\/roadtoromania.com\/pl\/port-lotniczy-cluj-napoca\/\"> <span class=\"screen-reader-text\">Port lotniczy Cluj Napoca<\/span> Read More \u00bb<\/a><\/p>\n","protected":false},"author":1,"featured_media":959,"parent":0,"menu_order":0,"comment_status":"open","ping_status":"open","template":"","meta":{"site-sidebar-layout":"default","site-content-layout":"default","ast-global-header-display":"","ast-main-header-display":"","ast-hfb-above-header-display":"","ast-hfb-below-header-display":"","ast-hfb-mobile-header-display":"","site-post-title":"","ast-breadcrumbs-content":"","ast-featured-img":"","footer-sml-layout":"","theme-transparent-header-meta":"default","adv-header-id-meta":"","stick-header-meta":"default","header-above-stick-meta":"","header-main-stick-meta":"","header-below-stick-meta":"","footnotes":""},"class_list":["post-3568","page","type-page","status-publish","has-post-thumbnail","hentry"],"yoast_head":"<!-- This site is optimized with the Yoast SEO plugin v19.10 - https:\/\/yoast.com\/wordpress\/plugins\/seo\/ -->\n<title>Port lotniczy Cluj Napoca - Road to Romania<\/title>\n<meta name=\"robots\" content=\"index, follow, max-snippet:-1, max-image-preview:large, max-video-preview:-1\" \/>\n<link rel=\"canonical\" href=\"https:\/\/roadtoromania.com\/pl\/port-lotniczy-cluj-napoca\/\" \/>\n<meta property=\"og:locale\" content=\"pl_PL\" \/>\n<meta property=\"og:type\" content=\"article\" \/>\n<meta property=\"og:title\" content=\"Port lotniczy Cluj Napoca - Road to Romania\" \/>\n<meta property=\"og:description\" content=\"Lotnisko Cluj Napoca rozwija wysoki wzrost liczby lot\u00f3w i pasa\u017cer\u00f3w dzi\u0119ki tanim lotom przylatuj\u0105cym zar\u00f3wno z Rumunii, jak i z wielu miast europejskich, w tym kilku w Hiszpanii, i jest g\u0142\u00f3wnym lotniskiem dla lot\u00f3w do regionu Transylwanii. Lotnisko Cluj Napoca Po\u0142\u0105czenia lotnicze Jest to obecnie czwarte lotnisko pod wzgl\u0119dem liczby pasa\u017cer\u00f3w, za dwoma portami lotniczymi &hellip; Port lotniczy Cluj Napoca Read More \u00bb\" \/>\n<meta property=\"og:url\" content=\"https:\/\/roadtoromania.com\/pl\/port-lotniczy-cluj-napoca\/\" \/>\n<meta property=\"og:site_name\" content=\"Road to Romania\" \/>\n<meta property=\"article:modified_time\" content=\"2022-10-22T12:21:47+00:00\" \/>\n<meta property=\"og:image\" content=\"https:\/\/roadtoromania.com\/wp-content\/uploads\/2022\/10\/vuelos_aeropuerto_cluj_napo-1.jpg\" \/>\n\t<meta property=\"og:image:width\" content=\"768\" \/>\n\t<meta property=\"og:image:height\" content=\"379\" \/>\n\t<meta property=\"og:image:type\" content=\"image\/jpeg\" \/>\n<meta name=\"twitter:card\" content=\"summary_large_image\" \/>\n<meta name=\"twitter:label1\" content=\"Szacowany czas czytania\" \/>\n\t<meta name=\"twitter:data1\" content=\"2 minuty\" \/>\n<script type=\"application\/ld+json\" class=\"yoast-schema-graph\">{\"@context\":\"https:\/\/schema.org\",\"@graph\":[{\"@type\":\"WebPage\",\"@id\":\"https:\/\/roadtoromania.com\/pl\/port-lotniczy-cluj-napoca\/\",\"url\":\"https:\/\/roadtoromania.com\/pl\/port-lotniczy-cluj-napoca\/\",\"name\":\"Port lotniczy Cluj Napoca - Road to Romania\",\"isPartOf\":{\"@id\":\"https:\/\/roadtoromania.com\/pl\/#website\"},\"datePublished\":\"2022-10-15T18:40:09+00:00\",\"dateModified\":\"2022-10-22T12:21:47+00:00\",\"breadcrumb\":{\"@id\":\"https:\/\/roadtoromania.com\/pl\/port-lotniczy-cluj-napoca\/#breadcrumb\"},\"inLanguage\":\"pl-PL\",\"potentialAction\":[{\"@type\":\"ReadAction\",\"target\":[\"https:\/\/roadtoromania.com\/pl\/port-lotniczy-cluj-napoca\/\"]}]},{\"@type\":\"BreadcrumbList\",\"@id\":\"https:\/\/roadtoromania.com\/pl\/port-lotniczy-cluj-napoca\/#breadcrumb\",\"itemListElement\":[{\"@type\":\"ListItem\",\"position\":1,\"name\":\"Home\",\"item\":\"https:\/\/roadtoromania.com\/pl\/\"},{\"@type\":\"ListItem\",\"position\":2,\"name\":\"Port lotniczy Cluj Napoca\"}]},{\"@type\":\"WebSite\",\"@id\":\"https:\/\/roadtoromania.com\/pl\/#website\",\"url\":\"https:\/\/roadtoromania.com\/pl\/\",\"name\":\"Road to Romania\",\"description\":\"Blog, na kt\u00f3rym znajdziesz wszystkie informacje potrzebne do korzystania z Rumunii.\",\"potentialAction\":[{\"@type\":\"SearchAction\",\"target\":{\"@type\":\"EntryPoint\",\"urlTemplate\":\"https:\/\/roadtoromania.com\/pl\/?s={search_term_string}\"},\"query-input\":\"required name=search_term_string\"}],\"inLanguage\":\"pl-PL\"}]}<\/script>\n<!-- \/ Yoast SEO plugin. -->","yoast_head_json":{"title":"Port lotniczy Cluj Napoca - Road to Romania","robots":{"index":"index","follow":"follow","max-snippet":"max-snippet:-1","max-image-preview":"max-image-preview:large","max-video-preview":"max-video-preview:-1"},"canonical":"https:\/\/roadtoromania.com\/pl\/port-lotniczy-cluj-napoca\/","og_locale":"pl_PL","og_type":"article","og_title":"Port lotniczy Cluj Napoca - Road to Romania","og_description":"Lotnisko Cluj Napoca rozwija wysoki wzrost liczby lot\u00f3w i pasa\u017cer\u00f3w dzi\u0119ki tanim lotom przylatuj\u0105cym zar\u00f3wno z Rumunii, jak i z wielu miast europejskich, w tym kilku w Hiszpanii, i jest g\u0142\u00f3wnym lotniskiem dla lot\u00f3w do regionu Transylwanii. Lotnisko Cluj Napoca Po\u0142\u0105czenia lotnicze Jest to obecnie czwarte lotnisko pod wzgl\u0119dem liczby pasa\u017cer\u00f3w, za dwoma portami lotniczymi &hellip; Port lotniczy Cluj Napoca Read More \u00bb","og_url":"https:\/\/roadtoromania.com\/pl\/port-lotniczy-cluj-napoca\/","og_site_name":"Road to Romania","article_modified_time":"2022-10-22T12:21:47+00:00","og_image":[{"width":768,"height":379,"url":"https:\/\/roadtoromania.com\/wp-content\/uploads\/2022\/10\/vuelos_aeropuerto_cluj_napo-1.jpg","type":"image\/jpeg"}],"twitter_card":"summary_large_image","twitter_misc":{"Szacowany czas czytania":"2 minuty"},"schema":{"@context":"https:\/\/schema.org","@graph":[{"@type":"WebPage","@id":"https:\/\/roadtoromania.com\/pl\/port-lotniczy-cluj-napoca\/","url":"https:\/\/roadtoromania.com\/pl\/port-lotniczy-cluj-napoca\/","name":"Port lotniczy Cluj Napoca - Road to Romania","isPartOf":{"@id":"https:\/\/roadtoromania.com\/pl\/#website"},"datePublished":"2022-10-15T18:40:09+00:00","dateModified":"2022-10-22T12:21:47+00:00","breadcrumb":{"@id":"https:\/\/roadtoromania.com\/pl\/port-lotniczy-cluj-napoca\/#breadcrumb"},"inLanguage":"pl-PL","potentialAction":[{"@type":"ReadAction","target":["https:\/\/roadtoromania.com\/pl\/port-lotniczy-cluj-napoca\/"]}]},{"@type":"BreadcrumbList","@id":"https:\/\/roadtoromania.com\/pl\/port-lotniczy-cluj-napoca\/#breadcrumb","itemListElement":[{"@type":"ListItem","position":1,"name":"Home","item":"https:\/\/roadtoromania.com\/pl\/"},{"@type":"ListItem","position":2,"name":"Port lotniczy Cluj Napoca"}]},{"@type":"WebSite","@id":"https:\/\/roadtoromania.com\/pl\/#website","url":"https:\/\/roadtoromania.com\/pl\/","name":"Road to Romania","description":"Blog, na kt\u00f3rym znajdziesz wszystkie informacje potrzebne do korzystania z Rumunii.","potentialAction":[{"@type":"SearchAction","target":{"@type":"EntryPoint","urlTemplate":"https:\/\/roadtoromania.com\/pl\/?s={search_term_string}"},"query-input":"required name=search_term_string"}],"inLanguage":"pl-PL"}]}},"_links":{"self":[{"href":"https:\/\/roadtoromania.com\/pl\/wp-json\/wp\/v2\/pages\/3568","targetHints":{"allow":["GET"]}}],"collection":[{"href":"https:\/\/roadtoromania.com\/pl\/wp-json\/wp\/v2\/pages"}],"about":[{"href":"https:\/\/roadtoromania.com\/pl\/wp-json\/wp\/v2\/types\/page"}],"author":[{"embeddable":true,"href":"https:\/\/roadtoromania.com\/pl\/wp-json\/wp\/v2\/users\/1"}],"replies":[{"embeddable":true,"href":"https:\/\/roadtoromania.com\/pl\/wp-json\/wp\/v2\/comments?post=3568"}],"version-history":[{"count":2,"href":"https:\/\/roadtoromania.com\/pl\/wp-json\/wp\/v2\/pages\/3568\/revisions"}],"predecessor-version":[{"id":4260,"href":"https:\/\/roadtoromania.com\/pl\/wp-json\/wp\/v2\/pages\/3568\/revisions\/4260"}],"wp:featuredmedia":[{"embeddable":true,"href":"https:\/\/roadtoromania.com\/pl\/wp-json\/wp\/v2\/media\/959"}],"wp:attachment":[{"href":"https:\/\/roadtoromania.com\/pl\/wp-json\/wp\/v2\/media?parent=3568"}],"curies":[{"name":"wp","href":"https:\/\/api.w.org\/{rel}","templated":true}]}}