{"id":3572,"date":"2022-10-15T18:40:09","date_gmt":"2022-10-15T18:40:09","guid":{"rendered":"https:\/\/roadtoromania.com\/zakwaterowanie-w-rumunii\/"},"modified":"2022-10-22T09:24:32","modified_gmt":"2022-10-22T09:24:32","slug":"zakwaterowanie-w-rumunii","status":"publish","type":"page","link":"https:\/\/roadtoromania.com\/pl\/zakwaterowanie-w-rumunii\/","title":{"rendered":"Zakwaterowanie w Rumunii"},"content":{"rendered":"<p>Sytuacja dotycz\u0105ca infrastruktury hotelowej w Rumunii zmieni\u0142a si\u0119 znacz\u0105co w ci\u0105gu ostatnich kilku lat. Po tym, jak w 1989 roku sko\u0144czy\u0142 si\u0119 czas pa\u0144stwowych hoteli, kt\u00f3re w oczach turyst\u00f3w z Europy czy Ameryki P\u00f3\u0142nocnej by\u0142y sparta\u0144skie, je\u015bli nie zrujnowane, w 1990 roku rozpocz\u0119\u0142a si\u0119 prywatyzacja przedsi\u0119biorstw hotelarskich, w wyniku kt\u00f3rej powsta\u0142y nowe, nowoczesne kompleksy i odnowiono te pochodz\u0105ce z czas\u00f3w socjalizmu. W niekt\u00f3rych przypadkach ulepszenia zosta\u0142y przeprowadzone tylko na niekt\u00f3rych pi\u0119trach, przez co ten sam hotel mo\u017ce mie\u0107 dwie r\u00f3\u017cne kategorie, a co za tym idzie r\u00f3\u017cnic\u0119 w cenie (w takich przypadkach warto dowiedzie\u0107 si\u0119, do jakiej kategorii nale\u017cy pok\u00f3j, w kt\u00f3rym si\u0119 zatrzymujemy). W ka\u017cdym razie nale\u017cy pami\u0119ta\u0107, \u017ce niezale\u017cnie od kategorii, rumu\u0144skie hotele s\u0105 bardzo drogie w stosunku do og\u00f3lnego poziomu \u017cycia i \u017ce nawet je\u015bli wybierzemy hotele bez wi\u0119kszych luksus\u00f3w, to w\u0142a\u015bnie koszt noclegu zachwieje naszym bud\u017cetem podczas podr\u00f3\u017cy do Rumunii, poniewa\u017c pod ka\u017cdym innym wzgl\u0119dem kraj ten jest bardzo konkurencyjny cenowo.<\/p>\n<p>W <strong>Rumunii<\/strong> , podobnie jak w pozosta\u0142ej cz\u0119\u015bci Europy, <strong><a href=\"https:\/\/roadtoromania.com\/pl\/zakwaterowanie-w-rumunii\/\">hotele<\/a> <\/strong> s\u0105 klasyfikowane wed\u0142ug pi\u0119ciu kategorii odpowiadaj\u0105cych liczbie gwiazdek w porz\u0105dku malej\u0105cym (5 to kategoria luksusowa). Rzadko zdarza si\u0119, \u017ce oficjalna klasyfikacja nie odpowiada rzeczywistej jako\u015bci us\u0142ug, ale dobr\u0105 zasad\u0105 jest obejrzenie pokoju przed zatrzymaniem si\u0119 w nim. Cena pokoju zazwyczaj (ale nie zawsze) obejmuje zakwaterowanie i \u015bniadanie. Pok\u00f3j jednoosobowy kosztuje o jedn\u0105 trzeci\u0105 mniej ni\u017c dwuosobowy. W ni\u017cszych kategoriach znajduj\u0105 si\u0119 motele, po\u0142o\u017cone przy autostradach, drogach turystycznych oraz obok ma\u0142ych i du\u017cych miast.<\/p>\n<p><a href=\"https:\/\/roadtoromania.com\/wp-content\/uploads\/2022\/10\/rumania-hoteles-lujo.jpg\"><img decoding=\"async\" src=\"https:\/\/roadtoromania.com\/wp-content\/uploads\/2022\/10\/rumania-hoteles-lujo.jpg\" \/><\/a> Rumunia oferuje szeroki wyb\u00f3r hoteli na ka\u017cdy gust.<\/p>\n<h4>Szukaj hoteli i zakwaterowania w Rumunii<\/h4>\n<p>Dla tych, kt\u00f3rzy zamiast hotelu wol\u0105 inne rodzaje propozycji, kt\u00f3re r\u00f3\u017cni\u0105 si\u0119 w zale\u017cno\u015bci od odwiedzanego regionu i zainteresowa\u0144 podr\u00f3\u017cnika. Ciekawym do\u015bwiadczeniem mo\u017ce by\u0107 nocleg w <strong>klasztornym pensjonacie<\/strong> , natomiast w g\u0142\u00f3wnych miastach wzd\u0142u\u017c <strong>wybrze\u017ca Morza Czarnego (Mamaia, Eforie, Wenus)<\/strong> , <strong>Dolina Prahova (Sinaia, Predeal,<\/strong> <a href=\"https:\/\/roadtoromania.com\/pl\/charakter-rumunii\/osrodek-narciarski-poiana-brasov\/\">Poiana Brasov<\/a> <strong>)<\/strong> a w miejscowo\u015bciach nadmorskich wynajmowane s\u0105 prywatne mieszkania lub wille, gwarantuj\u0105ce podr\u00f3\u017cnym wi\u0119ksz\u0105 niezale\u017cno\u015b\u0107.<\/p>\n<p>W <strong>Rumunii<\/strong> znajduje si\u0119 oko\u0142o stu <strong>kemping\u00f3w<\/strong> , rozmieszczonych na terenie ca\u0142ego kraju i zlokalizowanych w miejscach o szczeg\u00f3lnych walorach krajobrazowych i wzd\u0142u\u017c szlak\u00f3w turystycznych. Posiadaj\u0105 one zazwyczaj kilka bungalow\u00f3w (c\u00e2sute) z drewna lub ceg\u0142y, gor\u0105ce prysznice, kuchni\u0119 i restauracj\u0119. Sprz\u0119t sportowy mo\u017cna wypo\u017cyczy\u0107 w miejscowo\u015bciach nadmorskich, wzd\u0142u\u017c jezior i w delcie Dunaju. Je\u015bli chodzi o turystyk\u0119 m\u0142odzie\u017cow\u0105, to w ostatnich latach powsta\u0142y schroniska m\u0142odzie\u017cowe i to nie tylko dla m\u0142odych ludzi. W rzeczywisto\u015bci s\u0105 to najcz\u0119\u015bciej hotele, czasem o dobrym standardzie, kt\u00f3re udost\u0119pniaj\u0105 m\u0142odym go\u015bciom tanie pokoje.<\/p>\n<p>Dla mi\u0142o\u015bnik\u00f3w g\u00f3r istnieje typ zakwaterowania charakterystyczny dla Rumunii, tzw. <strong>cabane<\/strong> . S\u0105 to schroniska, kt\u00f3re prowadz\u0105 do sieci numerowanych i dobrze oznakowanych szlak\u00f3w. R\u00f3\u017cni\u0105 si\u0119 one standardem: jedne wygl\u0105daj\u0105 jak eleganckie wiejskie domy, wygodne i zapraszaj\u0105ce, z licznymi pokojami i obs\u0142ug\u0105 restauracyjn\u0105; inne &#8211; jak wysokie g\u00f3rskie chaty, z pi\u0119trowymi \u0142\u00f3\u017ckami i zimn\u0105 wod\u0105. Generalnie s\u0105 to przytulne i praktyczne schroniska, w kt\u00f3rych mo\u017cna przenocowa\u0107 i gdzie mo\u017cna uzyska\u0107 informacje o pogodzie i szlakach. Wiele z nich znajduje si\u0119 w odizolowanych miejscach i s\u0105 otwarte tylko w okresie letnim. Czasem wynajmuj\u0105 \u0142\u00f3\u017cka, a czasem prywatne pokoje, wi\u0119c ceny naturalnie s\u0105 odpowiednio zr\u00f3\u017cnicowane. Podr\u00f3\u017cnicy, kt\u00f3rzy wol\u0105 mie\u0107 wi\u0119kszy kontakt z miejscow\u0105 ludno\u015bci\u0105, mog\u0105 zdecydowa\u0107 si\u0119 na wynaj\u0119cie pokoju od jednego z lokalnych rolnik\u00f3w. Domy s\u0105 zazwyczaj wystarczaj\u0105co wygodne, ludzie s\u0105 bardzo go\u015bcinni, a ty mo\u017cesz zosta\u0107 na zasadzie pe\u0142nego wy\u017cywienia. Obszary, na kt\u00f3rych agroturystyka jest najbardziej rozpowszechniona to: wok\u00f3\u0142 zamku w Stodole, w g\u00f3rach i wzd\u0142u\u017c wybrze\u017ca Morza Czarnego.<\/p>\n","protected":false},"excerpt":{"rendered":"<p>Sytuacja dotycz\u0105ca infrastruktury hotelowej w Rumunii zmieni\u0142a si\u0119 znacz\u0105co w ci\u0105gu ostatnich kilku lat. Po tym, jak w 1989 roku sko\u0144czy\u0142 si\u0119 czas pa\u0144stwowych hoteli, kt\u00f3re w oczach turyst\u00f3w z Europy czy Ameryki P\u00f3\u0142nocnej by\u0142y sparta\u0144skie, je\u015bli nie zrujnowane, w 1990 roku rozpocz\u0119\u0142a si\u0119 prywatyzacja przedsi\u0119biorstw hotelarskich, w wyniku kt\u00f3rej powsta\u0142y nowe, nowoczesne kompleksy i &hellip;<\/p>\n<p class=\"read-more\"> <a class=\"\" href=\"https:\/\/roadtoromania.com\/pl\/zakwaterowanie-w-rumunii\/\"> <span class=\"screen-reader-text\">Zakwaterowanie w Rumunii<\/span> Read More \u00bb<\/a><\/p>\n","protected":false},"author":1,"featured_media":975,"parent":0,"menu_order":0,"comment_status":"open","ping_status":"open","template":"","meta":{"site-sidebar-layout":"default","site-content-layout":"default","ast-global-header-display":"","ast-main-header-display":"","ast-hfb-above-header-display":"","ast-hfb-below-header-display":"","ast-hfb-mobile-header-display":"","site-post-title":"","ast-breadcrumbs-content":"","ast-featured-img":"","footer-sml-layout":"","theme-transparent-header-meta":"default","adv-header-id-meta":"","stick-header-meta":"","header-above-stick-meta":"","header-main-stick-meta":"","header-below-stick-meta":"","footnotes":""},"class_list":["post-3572","page","type-page","status-publish","has-post-thumbnail","hentry"],"yoast_head":"<!-- This site is optimized with the Yoast SEO plugin v19.10 - https:\/\/yoast.com\/wordpress\/plugins\/seo\/ -->\n<title>Zakwaterowanie w Rumunii - Road to Romania<\/title>\n<meta name=\"robots\" content=\"index, follow, max-snippet:-1, max-image-preview:large, max-video-preview:-1\" \/>\n<link rel=\"canonical\" href=\"https:\/\/roadtoromania.com\/pl\/zakwaterowanie-w-rumunii\/\" \/>\n<meta property=\"og:locale\" content=\"pl_PL\" \/>\n<meta property=\"og:type\" content=\"article\" \/>\n<meta property=\"og:title\" content=\"Zakwaterowanie w Rumunii - Road to Romania\" \/>\n<meta property=\"og:description\" content=\"Sytuacja dotycz\u0105ca infrastruktury hotelowej w Rumunii zmieni\u0142a si\u0119 znacz\u0105co w ci\u0105gu ostatnich kilku lat. Po tym, jak w 1989 roku sko\u0144czy\u0142 si\u0119 czas pa\u0144stwowych hoteli, kt\u00f3re w oczach turyst\u00f3w z Europy czy Ameryki P\u00f3\u0142nocnej by\u0142y sparta\u0144skie, je\u015bli nie zrujnowane, w 1990 roku rozpocz\u0119\u0142a si\u0119 prywatyzacja przedsi\u0119biorstw hotelarskich, w wyniku kt\u00f3rej powsta\u0142y nowe, nowoczesne kompleksy i &hellip; Zakwaterowanie w Rumunii Read More \u00bb\" \/>\n<meta property=\"og:url\" content=\"https:\/\/roadtoromania.com\/pl\/zakwaterowanie-w-rumunii\/\" \/>\n<meta property=\"og:site_name\" content=\"Road to Romania\" \/>\n<meta property=\"article:modified_time\" content=\"2022-10-22T09:24:32+00:00\" \/>\n<meta property=\"og:image\" content=\"https:\/\/roadtoromania.com\/wp-content\/uploads\/2022\/10\/rumania-hoteles-lujo-1.jpg\" \/>\n\t<meta property=\"og:image:width\" content=\"450\" \/>\n\t<meta property=\"og:image:height\" content=\"338\" \/>\n\t<meta property=\"og:image:type\" content=\"image\/jpeg\" \/>\n<meta name=\"twitter:card\" content=\"summary_large_image\" \/>\n<meta name=\"twitter:label1\" content=\"Szacowany czas czytania\" \/>\n\t<meta name=\"twitter:data1\" content=\"4 minuty\" \/>\n<script type=\"application\/ld+json\" class=\"yoast-schema-graph\">{\"@context\":\"https:\/\/schema.org\",\"@graph\":[{\"@type\":\"WebPage\",\"@id\":\"https:\/\/roadtoromania.com\/pl\/zakwaterowanie-w-rumunii\/\",\"url\":\"https:\/\/roadtoromania.com\/pl\/zakwaterowanie-w-rumunii\/\",\"name\":\"Zakwaterowanie w Rumunii - Road to Romania\",\"isPartOf\":{\"@id\":\"https:\/\/roadtoromania.com\/pl\/#website\"},\"datePublished\":\"2022-10-15T18:40:09+00:00\",\"dateModified\":\"2022-10-22T09:24:32+00:00\",\"breadcrumb\":{\"@id\":\"https:\/\/roadtoromania.com\/pl\/zakwaterowanie-w-rumunii\/#breadcrumb\"},\"inLanguage\":\"pl-PL\",\"potentialAction\":[{\"@type\":\"ReadAction\",\"target\":[\"https:\/\/roadtoromania.com\/pl\/zakwaterowanie-w-rumunii\/\"]}]},{\"@type\":\"BreadcrumbList\",\"@id\":\"https:\/\/roadtoromania.com\/pl\/zakwaterowanie-w-rumunii\/#breadcrumb\",\"itemListElement\":[{\"@type\":\"ListItem\",\"position\":1,\"name\":\"Home\",\"item\":\"https:\/\/roadtoromania.com\/pl\/\"},{\"@type\":\"ListItem\",\"position\":2,\"name\":\"Zakwaterowanie w Rumunii\"}]},{\"@type\":\"WebSite\",\"@id\":\"https:\/\/roadtoromania.com\/pl\/#website\",\"url\":\"https:\/\/roadtoromania.com\/pl\/\",\"name\":\"Road to Romania\",\"description\":\"Blog, na kt\u00f3rym znajdziesz wszystkie informacje potrzebne do korzystania z Rumunii.\",\"potentialAction\":[{\"@type\":\"SearchAction\",\"target\":{\"@type\":\"EntryPoint\",\"urlTemplate\":\"https:\/\/roadtoromania.com\/pl\/?s={search_term_string}\"},\"query-input\":\"required name=search_term_string\"}],\"inLanguage\":\"pl-PL\"}]}<\/script>\n<!-- \/ Yoast SEO plugin. -->","yoast_head_json":{"title":"Zakwaterowanie w Rumunii - Road to Romania","robots":{"index":"index","follow":"follow","max-snippet":"max-snippet:-1","max-image-preview":"max-image-preview:large","max-video-preview":"max-video-preview:-1"},"canonical":"https:\/\/roadtoromania.com\/pl\/zakwaterowanie-w-rumunii\/","og_locale":"pl_PL","og_type":"article","og_title":"Zakwaterowanie w Rumunii - Road to Romania","og_description":"Sytuacja dotycz\u0105ca infrastruktury hotelowej w Rumunii zmieni\u0142a si\u0119 znacz\u0105co w ci\u0105gu ostatnich kilku lat. Po tym, jak w 1989 roku sko\u0144czy\u0142 si\u0119 czas pa\u0144stwowych hoteli, kt\u00f3re w oczach turyst\u00f3w z Europy czy Ameryki P\u00f3\u0142nocnej by\u0142y sparta\u0144skie, je\u015bli nie zrujnowane, w 1990 roku rozpocz\u0119\u0142a si\u0119 prywatyzacja przedsi\u0119biorstw hotelarskich, w wyniku kt\u00f3rej powsta\u0142y nowe, nowoczesne kompleksy i &hellip; Zakwaterowanie w Rumunii Read More \u00bb","og_url":"https:\/\/roadtoromania.com\/pl\/zakwaterowanie-w-rumunii\/","og_site_name":"Road to Romania","article_modified_time":"2022-10-22T09:24:32+00:00","og_image":[{"width":450,"height":338,"url":"https:\/\/roadtoromania.com\/wp-content\/uploads\/2022\/10\/rumania-hoteles-lujo-1.jpg","type":"image\/jpeg"}],"twitter_card":"summary_large_image","twitter_misc":{"Szacowany czas czytania":"4 minuty"},"schema":{"@context":"https:\/\/schema.org","@graph":[{"@type":"WebPage","@id":"https:\/\/roadtoromania.com\/pl\/zakwaterowanie-w-rumunii\/","url":"https:\/\/roadtoromania.com\/pl\/zakwaterowanie-w-rumunii\/","name":"Zakwaterowanie w Rumunii - Road to Romania","isPartOf":{"@id":"https:\/\/roadtoromania.com\/pl\/#website"},"datePublished":"2022-10-15T18:40:09+00:00","dateModified":"2022-10-22T09:24:32+00:00","breadcrumb":{"@id":"https:\/\/roadtoromania.com\/pl\/zakwaterowanie-w-rumunii\/#breadcrumb"},"inLanguage":"pl-PL","potentialAction":[{"@type":"ReadAction","target":["https:\/\/roadtoromania.com\/pl\/zakwaterowanie-w-rumunii\/"]}]},{"@type":"BreadcrumbList","@id":"https:\/\/roadtoromania.com\/pl\/zakwaterowanie-w-rumunii\/#breadcrumb","itemListElement":[{"@type":"ListItem","position":1,"name":"Home","item":"https:\/\/roadtoromania.com\/pl\/"},{"@type":"ListItem","position":2,"name":"Zakwaterowanie w Rumunii"}]},{"@type":"WebSite","@id":"https:\/\/roadtoromania.com\/pl\/#website","url":"https:\/\/roadtoromania.com\/pl\/","name":"Road to Romania","description":"Blog, na kt\u00f3rym znajdziesz wszystkie informacje potrzebne do korzystania z Rumunii.","potentialAction":[{"@type":"SearchAction","target":{"@type":"EntryPoint","urlTemplate":"https:\/\/roadtoromania.com\/pl\/?s={search_term_string}"},"query-input":"required name=search_term_string"}],"inLanguage":"pl-PL"}]}},"_links":{"self":[{"href":"https:\/\/roadtoromania.com\/pl\/wp-json\/wp\/v2\/pages\/3572","targetHints":{"allow":["GET"]}}],"collection":[{"href":"https:\/\/roadtoromania.com\/pl\/wp-json\/wp\/v2\/pages"}],"about":[{"href":"https:\/\/roadtoromania.com\/pl\/wp-json\/wp\/v2\/types\/page"}],"author":[{"embeddable":true,"href":"https:\/\/roadtoromania.com\/pl\/wp-json\/wp\/v2\/users\/1"}],"replies":[{"embeddable":true,"href":"https:\/\/roadtoromania.com\/pl\/wp-json\/wp\/v2\/comments?post=3572"}],"version-history":[{"count":2,"href":"https:\/\/roadtoromania.com\/pl\/wp-json\/wp\/v2\/pages\/3572\/revisions"}],"predecessor-version":[{"id":3765,"href":"https:\/\/roadtoromania.com\/pl\/wp-json\/wp\/v2\/pages\/3572\/revisions\/3765"}],"wp:featuredmedia":[{"embeddable":true,"href":"https:\/\/roadtoromania.com\/pl\/wp-json\/wp\/v2\/media\/975"}],"wp:attachment":[{"href":"https:\/\/roadtoromania.com\/pl\/wp-json\/wp\/v2\/media?parent=3572"}],"curies":[{"name":"wp","href":"https:\/\/api.w.org\/{rel}","templated":true}]}}