{"id":3594,"date":"2022-10-15T18:40:09","date_gmt":"2022-10-15T18:40:09","guid":{"rendered":"https:\/\/roadtoromania.com\/miasta-i-regiony-rumunii\/alba-iulia\/"},"modified":"2022-10-22T12:42:53","modified_gmt":"2022-10-22T12:42:53","slug":"alba-iulia","status":"publish","type":"page","link":"https:\/\/roadtoromania.com\/pl\/miasta-i-regiony-rumunii\/alba-iulia\/","title":{"rendered":"Alba Iulia"},"content":{"rendered":"<p><a href=\"https:\/\/roadtoromania.com\/wp-content\/uploads\/2022\/10\/alba-iulia-carolina.jpg\"><img decoding=\"async\" src=\"https:\/\/roadtoromania.com\/wp-content\/uploads\/2022\/10\/alba-iulia-carolina.jpg\" \/><\/a><\/p>\n<p>Prawie pomi\u0119dzy wyimaginowanym tr\u00f3jk\u0105tem utworzonym przez <strong>Cluj<\/strong> na p\u00f3\u0142nocy, <strong>Deva<\/strong> na zachodzie i <strong>Sibiu<\/strong> na wschodzie, le\u017cy dwutysi\u0105cletnie miasto <strong>Alba Iulia<\/strong> , staro\u017cytne <em>Apulum<\/em> , stolica G\u00f3rnej Dacji. Nazwane na cze\u015b\u0107 matki cesarza Marka Aureliusza, Julii Augusty, w czasach rzymskich by\u0142o cenione za z\u0142o\u017ca z\u0142ota i soli, a tak\u017ce za bogate zasoby rolne i le\u015bne. Najazd i zniszczenia tatarskie otworzy\u0142y okres zmian granic, w kt\u00f3rym Alba Iulia zmienia\u0142a nazw\u0119 pod dominacj\u0105 w\u0119giersk\u0105 lub niemieck\u0105,<\/p>\n<p>Jej historyczne znaczenie na tym si\u0119 nie ko\u0144czy, gdy\u017c to w\u0142a\u015bnie w Alba Iulia Micha\u0142 Chrobry zosta\u0142 w 1600 roku koronowany na ksi\u0119cia Wo\u0142oszczyzny, <a href=\"https:\/\/roadtoromania.com\/pl\/zabytki-rumunii-co-zobaczyc-w-rumunii\/moldawia-jezyk-rumunski\/\">Mo\u0142dawii<\/a> i Siedmiogrodu; a p\u00f3\u017aniej, podczas plebiscytu w 1918 roku, przeg\u0142osowano i zatwierdzono przy\u0142\u0105czenie Siedmiogrodu do pa\u0144stwa rumu\u0144skiego.<\/p>\n<h2>Co zobaczy\u0107 w Alba Iulia<\/h2>\n<p>Niew\u0105tpliwie jednym z powod\u00f3w zatrzymania si\u0119 w Alba Julia podczas naszej podr\u00f3\u017cy po Transylwanii i Rumunii jest <strong>cytadela Alba Carolina<\/strong> . Mi\u0142o\u015bnicy historii i fortyfikacji znajd\u0105 w tym monumentalnym dziele pot\u0119\u017cny pow\u00f3d. Zbudowany przez Hausburg\u00f3w w latach 1715-1738 na miejscu rzymskiej twierdzy i innej cytadeli znanej jako Balgrad, jego 12 kilometr\u00f3w kamiennych i ceglanych mur\u00f3w, uzupe\u0142nionych sze\u015bcioma monumentalnymi barokowymi bramami i siedmioma wie\u017cami na rogach gwia\u017adzistego planu, jest uderzaj\u0105ce.<\/p>\n<p>Wn\u0119trze cytadeli zawiera g\u0142\u00f3wne zabytki Alba Iulia i mo\u017ce by\u0107 uznane za historyczne serce miasta. Na szczeg\u00f3ln\u0105 uwag\u0119 zas\u0142uguje <strong>Biblioteka Batthyaneum<\/strong> , kt\u00f3ra od 1794 roku zgromadzi\u0142a ponad 60 000 wolumin\u00f3w, w tym inkunabu\u0142y i manuskrypty, kt\u00f3re tworz\u0105 dzie\u0142a sztuki ze wzgl\u0119du na jako\u015b\u0107 ich druku, dekoracji i uczono\u015bci, takie jak Codeus Aureus, \u0142aci\u0144ska ewangelia z VIII-IX wieku, ze z\u0142otymi napisami i miniaturami o wspania\u0142ym wykonaniu.<\/p>\n<p>Dalej wzd\u0142u\u017c Cytadeli dochodzimy do <strong>Muzeum Narodowego Unii<\/strong> , jednego z pierwszych w Rumunii, z eksponatami rumu\u0144skiej archeologii, sztuki ludowej i historii. By\u0142 miejscem integracji Siedmiogrodu z pa\u0144stwem rumu\u0144skim.<\/p>\n<p>Katedra <strong>\u015bw. Micha\u0142a<\/strong> to najwa\u017cniejsza \u015bwi\u0105tynia religijna w Alba Iulia, zbudowana w XII wieku, ale odrestaurowana po zniszczeniu przez wspomnianych Tatar\u00f3w w XIII wieku. Najbardziej ol\u015bniewaj\u0105cymi elementami s\u0105 renesansowe drzwi autorstwa niemieckich artyst\u00f3w, gotycki ch\u00f3r i wie\u017ca.<\/p>\n<p>Niedaleko znajduje si\u0119 barokowy pa\u0142ac biskupi i Palazzo Principesco, obok pomnik Micha\u0142a \u015amia\u0142ego; a je\u015bli b\u0119dziemy kontynuowa\u0107 w kierunku wschodnim, poza otoczonym murem ogrodzeniem znajduje si\u0119 obelisk upami\u0119tniaj\u0105cy przyw\u00f3dc\u00f3w Horea, Clo\u015fca i Cri\u015fan, straconych po buncie przeciwko feudalnemu systemowi pa\u0144szczyzny pod koniec XVIII wieku i na rzecz r\u00f3wnych praw dla r\u00f3\u017cnych rumu\u0144skich grup etnicznych.<\/p>\n<p>Niekt\u00f3re pobliskie miejscowo\u015bci, kt\u00f3re zas\u0142uguj\u0105 na uwag\u0119 to Teius, Sebes, Aiud czy Sintimbru.<\/p>\n<h2><strong>Jak dojecha\u0107 do Alba Iulia<\/strong><\/h2>\n<p>Z Sibiu i Devy mamy poci\u0105gi do Alba Julia, a z Cluj Napuca, Timisoary czy Bukaresztu najlepsz\u0105 opcj\u0105 jest autobus.<\/p>\n<h2>Mapa Alba Iulia<\/h2>\n<p><iframe loading=\"lazy\" style=\"border: 0;\" src=\"https:\/\/www.google.com\/maps\/embed?pb=!1m18!1m12!1m3!1d88590.9540812419!2d23.48796383724683!3d46.0617223753872!2m3!1f0!2f0!3f0!3m2!1i1024!2i768!4f13.1!3m3!1m2!1s0x474ea80cce754875%3A0xe9b0f44e8e45cd05!2sAlba%20Iulia%2C%20Ruman%C3%ADa!5e0!3m2!1ses!2ses!4v1665825013065!5m2!1ses!2ses\" width=\"600\" height=\"450\" allowfullscreen=\"allowfullscreen\"><\/iframe><\/p>\n","protected":false},"excerpt":{"rendered":"<p>Prawie pomi\u0119dzy wyimaginowanym tr\u00f3jk\u0105tem utworzonym przez Cluj na p\u00f3\u0142nocy, Deva na zachodzie i Sibiu na wschodzie, le\u017cy dwutysi\u0105cletnie miasto Alba Iulia , staro\u017cytne Apulum , stolica G\u00f3rnej Dacji. Nazwane na cze\u015b\u0107 matki cesarza Marka Aureliusza, Julii Augusty, w czasach rzymskich by\u0142o cenione za z\u0142o\u017ca z\u0142ota i soli, a tak\u017ce za bogate zasoby rolne i le\u015bne. &hellip;<\/p>\n<p class=\"read-more\"> <a class=\"\" href=\"https:\/\/roadtoromania.com\/pl\/miasta-i-regiony-rumunii\/alba-iulia\/\"> <span class=\"screen-reader-text\">Alba Iulia<\/span> Read More \u00bb<\/a><\/p>\n","protected":false},"author":1,"featured_media":1069,"parent":3588,"menu_order":0,"comment_status":"open","ping_status":"open","template":"","meta":{"site-sidebar-layout":"default","site-content-layout":"default","ast-global-header-display":"","ast-main-header-display":"","ast-hfb-above-header-display":"","ast-hfb-below-header-display":"","ast-hfb-mobile-header-display":"","site-post-title":"","ast-breadcrumbs-content":"","ast-featured-img":"","footer-sml-layout":"","theme-transparent-header-meta":"default","adv-header-id-meta":"","stick-header-meta":"default","header-above-stick-meta":"","header-main-stick-meta":"","header-below-stick-meta":"","footnotes":""},"class_list":["post-3594","page","type-page","status-publish","has-post-thumbnail","hentry"],"yoast_head":"<!-- This site is optimized with the Yoast SEO plugin v19.10 - https:\/\/yoast.com\/wordpress\/plugins\/seo\/ -->\n<title>Alba Iulia - Road to Romania<\/title>\n<meta name=\"robots\" content=\"index, follow, max-snippet:-1, max-image-preview:large, max-video-preview:-1\" \/>\n<link rel=\"canonical\" href=\"https:\/\/roadtoromania.com\/pl\/miasta-i-regiony-rumunii\/alba-iulia\/\" \/>\n<meta property=\"og:locale\" content=\"pl_PL\" \/>\n<meta property=\"og:type\" content=\"article\" \/>\n<meta property=\"og:title\" content=\"Alba Iulia - Road to Romania\" \/>\n<meta property=\"og:description\" content=\"Prawie pomi\u0119dzy wyimaginowanym tr\u00f3jk\u0105tem utworzonym przez Cluj na p\u00f3\u0142nocy, Deva na zachodzie i Sibiu na wschodzie, le\u017cy dwutysi\u0105cletnie miasto Alba Iulia , staro\u017cytne Apulum , stolica G\u00f3rnej Dacji. Nazwane na cze\u015b\u0107 matki cesarza Marka Aureliusza, Julii Augusty, w czasach rzymskich by\u0142o cenione za z\u0142o\u017ca z\u0142ota i soli, a tak\u017ce za bogate zasoby rolne i le\u015bne. &hellip; Alba Iulia Read More \u00bb\" \/>\n<meta property=\"og:url\" content=\"https:\/\/roadtoromania.com\/pl\/miasta-i-regiony-rumunii\/alba-iulia\/\" \/>\n<meta property=\"og:site_name\" content=\"Road to Romania\" \/>\n<meta property=\"article:modified_time\" content=\"2022-10-22T12:42:53+00:00\" \/>\n<meta property=\"og:image\" content=\"https:\/\/roadtoromania.com\/wp-content\/uploads\/2022\/10\/alba-iulia-carolina-1.jpg\" \/>\n\t<meta property=\"og:image:width\" content=\"768\" \/>\n\t<meta property=\"og:image:height\" content=\"522\" \/>\n\t<meta property=\"og:image:type\" content=\"image\/jpeg\" \/>\n<meta name=\"twitter:card\" content=\"summary_large_image\" \/>\n<meta name=\"twitter:label1\" content=\"Szacowany czas czytania\" \/>\n\t<meta name=\"twitter:data1\" content=\"3 minuty\" \/>\n<script type=\"application\/ld+json\" class=\"yoast-schema-graph\">{\"@context\":\"https:\/\/schema.org\",\"@graph\":[{\"@type\":\"WebPage\",\"@id\":\"https:\/\/roadtoromania.com\/pl\/miasta-i-regiony-rumunii\/alba-iulia\/\",\"url\":\"https:\/\/roadtoromania.com\/pl\/miasta-i-regiony-rumunii\/alba-iulia\/\",\"name\":\"Alba Iulia - Road to Romania\",\"isPartOf\":{\"@id\":\"https:\/\/roadtoromania.com\/pl\/#website\"},\"datePublished\":\"2022-10-15T18:40:09+00:00\",\"dateModified\":\"2022-10-22T12:42:53+00:00\",\"breadcrumb\":{\"@id\":\"https:\/\/roadtoromania.com\/pl\/miasta-i-regiony-rumunii\/alba-iulia\/#breadcrumb\"},\"inLanguage\":\"pl-PL\",\"potentialAction\":[{\"@type\":\"ReadAction\",\"target\":[\"https:\/\/roadtoromania.com\/pl\/miasta-i-regiony-rumunii\/alba-iulia\/\"]}]},{\"@type\":\"BreadcrumbList\",\"@id\":\"https:\/\/roadtoromania.com\/pl\/miasta-i-regiony-rumunii\/alba-iulia\/#breadcrumb\",\"itemListElement\":[{\"@type\":\"ListItem\",\"position\":1,\"name\":\"Home\",\"item\":\"https:\/\/roadtoromania.com\/pl\/\"},{\"@type\":\"ListItem\",\"position\":2,\"name\":\"Miasta i regiony Rumunii\",\"item\":\"https:\/\/roadtoromania.com\/pl\/miasta-i-regiony-rumunii\/\"},{\"@type\":\"ListItem\",\"position\":3,\"name\":\"Alba Iulia\"}]},{\"@type\":\"WebSite\",\"@id\":\"https:\/\/roadtoromania.com\/pl\/#website\",\"url\":\"https:\/\/roadtoromania.com\/pl\/\",\"name\":\"Road to Romania\",\"description\":\"Blog, na kt\u00f3rym znajdziesz wszystkie informacje potrzebne do korzystania z Rumunii.\",\"potentialAction\":[{\"@type\":\"SearchAction\",\"target\":{\"@type\":\"EntryPoint\",\"urlTemplate\":\"https:\/\/roadtoromania.com\/pl\/?s={search_term_string}\"},\"query-input\":\"required name=search_term_string\"}],\"inLanguage\":\"pl-PL\"}]}<\/script>\n<!-- \/ Yoast SEO plugin. -->","yoast_head_json":{"title":"Alba Iulia - Road to Romania","robots":{"index":"index","follow":"follow","max-snippet":"max-snippet:-1","max-image-preview":"max-image-preview:large","max-video-preview":"max-video-preview:-1"},"canonical":"https:\/\/roadtoromania.com\/pl\/miasta-i-regiony-rumunii\/alba-iulia\/","og_locale":"pl_PL","og_type":"article","og_title":"Alba Iulia - Road to Romania","og_description":"Prawie pomi\u0119dzy wyimaginowanym tr\u00f3jk\u0105tem utworzonym przez Cluj na p\u00f3\u0142nocy, Deva na zachodzie i Sibiu na wschodzie, le\u017cy dwutysi\u0105cletnie miasto Alba Iulia , staro\u017cytne Apulum , stolica G\u00f3rnej Dacji. Nazwane na cze\u015b\u0107 matki cesarza Marka Aureliusza, Julii Augusty, w czasach rzymskich by\u0142o cenione za z\u0142o\u017ca z\u0142ota i soli, a tak\u017ce za bogate zasoby rolne i le\u015bne. &hellip; Alba Iulia Read More \u00bb","og_url":"https:\/\/roadtoromania.com\/pl\/miasta-i-regiony-rumunii\/alba-iulia\/","og_site_name":"Road to Romania","article_modified_time":"2022-10-22T12:42:53+00:00","og_image":[{"width":768,"height":522,"url":"https:\/\/roadtoromania.com\/wp-content\/uploads\/2022\/10\/alba-iulia-carolina-1.jpg","type":"image\/jpeg"}],"twitter_card":"summary_large_image","twitter_misc":{"Szacowany czas czytania":"3 minuty"},"schema":{"@context":"https:\/\/schema.org","@graph":[{"@type":"WebPage","@id":"https:\/\/roadtoromania.com\/pl\/miasta-i-regiony-rumunii\/alba-iulia\/","url":"https:\/\/roadtoromania.com\/pl\/miasta-i-regiony-rumunii\/alba-iulia\/","name":"Alba Iulia - Road to Romania","isPartOf":{"@id":"https:\/\/roadtoromania.com\/pl\/#website"},"datePublished":"2022-10-15T18:40:09+00:00","dateModified":"2022-10-22T12:42:53+00:00","breadcrumb":{"@id":"https:\/\/roadtoromania.com\/pl\/miasta-i-regiony-rumunii\/alba-iulia\/#breadcrumb"},"inLanguage":"pl-PL","potentialAction":[{"@type":"ReadAction","target":["https:\/\/roadtoromania.com\/pl\/miasta-i-regiony-rumunii\/alba-iulia\/"]}]},{"@type":"BreadcrumbList","@id":"https:\/\/roadtoromania.com\/pl\/miasta-i-regiony-rumunii\/alba-iulia\/#breadcrumb","itemListElement":[{"@type":"ListItem","position":1,"name":"Home","item":"https:\/\/roadtoromania.com\/pl\/"},{"@type":"ListItem","position":2,"name":"Miasta i regiony Rumunii","item":"https:\/\/roadtoromania.com\/pl\/miasta-i-regiony-rumunii\/"},{"@type":"ListItem","position":3,"name":"Alba Iulia"}]},{"@type":"WebSite","@id":"https:\/\/roadtoromania.com\/pl\/#website","url":"https:\/\/roadtoromania.com\/pl\/","name":"Road to Romania","description":"Blog, na kt\u00f3rym znajdziesz wszystkie informacje potrzebne do korzystania z Rumunii.","potentialAction":[{"@type":"SearchAction","target":{"@type":"EntryPoint","urlTemplate":"https:\/\/roadtoromania.com\/pl\/?s={search_term_string}"},"query-input":"required name=search_term_string"}],"inLanguage":"pl-PL"}]}},"_links":{"self":[{"href":"https:\/\/roadtoromania.com\/pl\/wp-json\/wp\/v2\/pages\/3594","targetHints":{"allow":["GET"]}}],"collection":[{"href":"https:\/\/roadtoromania.com\/pl\/wp-json\/wp\/v2\/pages"}],"about":[{"href":"https:\/\/roadtoromania.com\/pl\/wp-json\/wp\/v2\/types\/page"}],"author":[{"embeddable":true,"href":"https:\/\/roadtoromania.com\/pl\/wp-json\/wp\/v2\/users\/1"}],"replies":[{"embeddable":true,"href":"https:\/\/roadtoromania.com\/pl\/wp-json\/wp\/v2\/comments?post=3594"}],"version-history":[{"count":2,"href":"https:\/\/roadtoromania.com\/pl\/wp-json\/wp\/v2\/pages\/3594\/revisions"}],"predecessor-version":[{"id":4296,"href":"https:\/\/roadtoromania.com\/pl\/wp-json\/wp\/v2\/pages\/3594\/revisions\/4296"}],"up":[{"embeddable":true,"href":"https:\/\/roadtoromania.com\/pl\/wp-json\/wp\/v2\/pages\/3588"}],"wp:featuredmedia":[{"embeddable":true,"href":"https:\/\/roadtoromania.com\/pl\/wp-json\/wp\/v2\/media\/1069"}],"wp:attachment":[{"href":"https:\/\/roadtoromania.com\/pl\/wp-json\/wp\/v2\/media?parent=3594"}],"curies":[{"name":"wp","href":"https:\/\/api.w.org\/{rel}","templated":true}]}}