{"id":3598,"date":"2022-10-15T18:40:09","date_gmt":"2022-10-15T18:40:09","guid":{"rendered":"https:\/\/roadtoromania.com\/miasta-i-regiony-rumunii\/baia-mare\/"},"modified":"2022-10-21T18:32:15","modified_gmt":"2022-10-21T18:32:15","slug":"baia-mare","status":"publish","type":"page","link":"https:\/\/roadtoromania.com\/pl\/miasta-i-regiony-rumunii\/baia-mare\/","title":{"rendered":"Baia Mare"},"content":{"rendered":"<p>Miasto Baia Mare w Rumunii znajduje si\u0119 na p\u00f3\u0142nocy kraju i liczy ponad 90 000 mieszka\u0144c\u00f3w. Jest to jedno z najwi\u0119kszych miast w okr\u0119gu Maramures i jest g\u0142\u00f3wnym o\u015brodkiem turystycznym ze wzgl\u0119du na liczne zabytki i atrakcje przyrodnicze. Je\u015bli planujesz wkr\u00f3tce podr\u00f3\u017c do tego pi\u0119knego miasta, czytaj dalej, aby dowiedzie\u0107 si\u0119 wi\u0119cej o jego historii, kulturze, atrakcjach i dzia\u0142aniach.<\/p>\n<p>\n <strong>Baia Mare<\/strong> to stolica departamentu Maramures<\/strong> w <a href=\"https:\/\/roadtoromania.com\/pl\/miasta-i-regiony-rumunii\/region-maramures\/\"> <strong>, w p\u00f3\u0142nocnej Rumunii, granicz\u0105cego z Ukrain\u0105. Miasto g\u00f3rnicze par excellence, wydobywano tu \u017celazo, z\u0142oto, srebro i inne cenne minera\u0142y.<\/p>\n<p>\nBaia Mare jest miastem, kt\u00f3re mo\u017cna odkry\u0107 poprzez jego <strong>muzea<\/strong> , kt\u00f3re wyja\u015bniaj\u0105 jego histori\u0119, jego spo\u0142ecze\u0144stwo i jego artystyczn\u0105 ewolucj\u0119. Muzeum Minera\u0142\u00f3w (Blvd. Traian 8) pozwala na spacer przez wieki wydobycia i bogactwa \u015brodowiska Baia Mare.<\/p>\n<p>\nMuzeum Sztuki (Muzeul Judetean de Arta) mie\u015bci kolekcj\u0119 sztuki nowoczesnej, z dzie\u0142ami lokalnych i krajowych artyst\u00f3w, od 1800 r. do dnia dzisiejszego.<\/p>\n<p><a href=\"https:\/\/roadtoromania.com\/wp-content\/uploads\/2022\/10\/baia-mare-medieval-festival-rumania.jpg\"><img decoding=\"async\" src=\"https:\/\/roadtoromania.com\/wp-content\/uploads\/2022\/10\/baia-mare-medieval-festival-rumania.jpg\" \/><\/a> Baia Mare Medieval Festival<\/p>\n<p>\nDwa inne bardzo interesuj\u0105ce to Muzeum Archeologiczne (Muzeul Judetean de Arheologie si Istorie) i Muzeum Etnograficzne, kt\u00f3rego plenerowa wystawa typowych dom\u00f3w pokazuje, jak bardzo nie zmieni\u0142a si\u0119 wiejska architektura.<\/p>\n<div id=\"toc_container\" class=\"no_bullets\"><p class=\"toc_title\">Contents<\/p><ul class=\"toc_list\"><li><a href=\"#Historia_Baia_Mare\"><span class=\"toc_number toc_depth_1\">1<\/span> \nHistoria Baia Mare<\/a><\/li><li><a href=\"#Co_zobaczyc_w_Baia_Mare\"><span class=\"toc_number toc_depth_1\">2<\/span> \n Co zobaczy\u0107 w Baia Mare <\/a><ul><li><a href=\"#Wokol_Baia_Mare\"><span class=\"toc_number toc_depth_2\">2.1<\/span> \n Wok\u00f3\u0142 Baia Mare <\/a><\/li><\/ul><\/li><li><a href=\"#Hotele_w_baia_mare_rumunia\"><span class=\"toc_number toc_depth_1\">3<\/span> \nHotele w baia mare rumunia<\/a><\/li><\/ul><\/div>\n<h2><span id=\"Historia_Baia_Mare\">\nHistoria Baia Mare<\/span><\/h2>\n<p>\nMiasto Baia Mare zosta\u0142o po raz pierwszy zasiedlone w XIII wieku przez grup\u0119 plemion w\u0119gierskich. Rzeka Baia Mare odegra\u0142a istotn\u0105 rol\u0119 w rozwoju miasta, gdy\u017c stanowi\u0142a wa\u017cny szlak komunikacyjny \u0142\u0105cz\u0105cy miasto z innymi cz\u0119\u015bciami kraju. W 1746 roku miasto zosta\u0142o w du\u017cej mierze zniszczone przez po\u017car. Wkr\u00f3tce potem wybudowano nowe centrum miasta i miasto zacz\u0119\u0142o si\u0119 ponownie rozwija\u0107.<\/p>\n<p>\nW XX wieku Baia Mare by\u0142a wa\u017cnym o\u015brodkiem g\u00f3rniczym. By\u0142 kluczowym dostawc\u0105 minera\u0142\u00f3w takich jak z\u0142oto, srebro, mied\u017a i cynk, i stanowi\u0142 wa\u017cne \u017ar\u00f3d\u0142o dochod\u00f3w dla rz\u0105du rumu\u0144skiego.W 1990 roku w Baia Mare zamkni\u0119to przemys\u0142 wydobywczy, a miasto zacz\u0119\u0142o przekszta\u0142ca\u0107 si\u0119 w o\u015brodek turystyczny.<\/p>\n<h2><span id=\"Co_zobaczyc_w_Baia_Mare\">\n <strong>Co zobaczy\u0107 w Baia Mare<\/strong> <\/span><\/h2>\n<p>\nMiasto Baia Mare posiada wiele ciekawych atrakcji dla turyst\u00f3w do zwiedzania. Niekt\u00f3re z najbardziej popularnych miejsc w mie\u015bcie to:<\/p>\n<ul>\n<li>\nKo\u015bci\u00f3\u0142 \u015bw. Marii: Ten ko\u015bci\u00f3\u0142 zosta\u0142 zbudowany w 1532 roku i jest najwi\u0119kszym ko\u015bcio\u0142em w okr\u0119gu Maramures. Wewn\u0105trz ko\u015bcio\u0142a znajduje si\u0119 wiele pi\u0119knych obraz\u00f3w, a tak\u017ce dzwonnica i barokowa ambona.<\/li>\n<li>\nMuzeum Baia Mare: To muzeum dokumentuje bogat\u0105 histori\u0119 miasta. Mo\u017cna tu znale\u017a\u0107 artefakty pochodz\u0105ce z XIV wieku, a tak\u017ce minera\u0142y i skamienia\u0142o\u015bci z czas\u00f3w g\u00f3rniczych. &#8211; G\u00f3ry Hargita: Po\u0142o\u017cone 10 km od Baia Mare, g\u00f3ry Hargita s\u0105 popularnym miejscem do w\u0119dr\u00f3wek i do\u015bwiadczania naturalnego pi\u0119kna okolicy.<\/li>\n<li>\nPark dzieci\u0119cy Parcul Copilului: Ten park znajduje si\u0119 w centrum miasta i jest popularnym miejscem dla rodzin na relaks i korzystanie z atrakcji. Jest tam plac zabaw dla dzieci, jezioro, miniaturowa kolejka i kilka innych atrakcji.<\/li>\n<li>\nMuzeum Cabon: Po\u0142o\u017cone zaledwie 5 km od Baia Mare, muzeum to prezentuje minera\u0142y, kt\u00f3re zosta\u0142y wydobyte z pobliskich kopalni od XIX wieku. W tym muzeum mo\u017cna te\u017c znale\u017a\u0107 wiele skamienia\u0142o\u015bci <\/li>\n<p>.<\/ul>\n<p>\nSzczeg\u00f3lnie interesuj\u0105cy jest tzw. <strong>Bastion Rze\u017anik\u00f3w<\/strong> przy Piata Izvoarele. Wydaje si\u0119, \u017ce zosta\u0142 wzniesiony przez gildi\u0119, kt\u00f3rej misj\u0105 by\u0142a obrona tej cz\u0119\u015bci mur\u00f3w, cho\u0107 inny wariant, \u017ce to gildia rze\u017anik\u00f3w zap\u0142aci\u0142a za jego budow\u0119, ma wi\u0119cej sensu.<\/p>\n<p>\nW pobli\u017cu bastionu znajduje si\u0119 targ, kt\u00f3ry daje nam wgl\u0105d w codzienne \u017cycie mieszka\u0144c\u00f3w Maramures i pozwala zobaczy\u0107 produkty uprawiane na tej \u017cyznej ziemi.\u00a0Id\u0105c dalej na p\u00f3\u0142noc ulic\u0105 1 de Mai zobaczymy fasad\u0119 barokowej Katedry \u015awi\u0119tej Tr\u00f3jcy z XVIII w. <\/p>\n<p>.<\/p>\n<p>\nW <strong>Piata Libertatii<\/strong> opr\u00f3cz wspania\u0142ej obywatelskiej atmosfery znajdziemy najstarszy budynek, pochodz\u0105cy z 1440 roku, a znajduj\u0105cy si\u0119 po wschodniej stronie placu. Jest to cz\u0119\u015b\u0107 budynku, kt\u00f3rym siedmiogrodzki ksi\u0105\u017c\u0119 Iancu z Hunedoary obdarowa\u0142 swoj\u0105 \u017con\u0119 Elisabett\u0119. Na tym samym placu rozgrzejemy nasze cia\u0142a wspinaj\u0105c si\u0119 na gotyck\u0105 wie\u017c\u0119 zegarow\u0105 Szczepana (Turnul lui Stefan).<\/p>\n<h3><span id=\"Wokol_Baia_Mare\">\n <strong>Wok\u00f3\u0142 Baia Mare<\/strong> <\/span><\/h3>\n<p>\nBaia Mare mo\u017ce s\u0142u\u017cy\u0107 jako miasto zawiasowe do poznania ca\u0142ego regionu Maramures, w kt\u00f3rym dominuje g\u00f3rzysta geografia pe\u0142na wzg\u00f3rz. Do najwa\u017cniejszych atrakcji nale\u017cy rezerwat przyrody Gutai-Ignis, drewniane ko\u015bcio\u0142y w Surdesti i Plopis, doliny Viseu, Iza i Mara oraz oczywi\u015bcie Park Narodowy Rodnei, rezerwat biosfery UNESCO.<\/p>\n<p> Jak dojecha\u0107 do Baia Mare<\/strong> <\/h2>\n<p>\nNajbli\u017cszym portem lotniczym dla Baia Mare jest lotnisko Sigi w Sighisoarze, kt\u00f3re znajduje si\u0119 w odleg\u0142o\u015bci oko\u0142o 74 km. Z lotniska mo\u017cna wzi\u0105\u0107 taks\u00f3wk\u0119 lub wynaj\u0105\u0107 samoch\u00f3d, aby dojecha\u0107 do centrum miasta. Je\u015bli planujesz jecha\u0107 poci\u0105giem, najbli\u017csza stacja znajduje si\u0119 w Sighisoarze, oko\u0142o 74 km od centrum miasta. Stamt\u0105d mo\u017cna wzi\u0105\u0107 taks\u00f3wk\u0119 lub wynaj\u0105\u0107 samoch\u00f3d, aby uda\u0107 si\u0119 do Baia Mare.<\/p>\n<h2><span id=\"Hotele_w_baia_mare_rumunia\">\nHotele w baia mare rumunia<\/span><\/h2>\n<p>\nIstnieje wiele rodzaj\u00f3w hoteli w Baia Mare, od luksusowych hoteli po niedrogie hostele. Mo\u017cna znale\u017a\u0107 kilka hoteli w centrum miasta, a tak\u017ce kilka innych hoteli tu\u017c za centrum. Je\u015bli szukasz luksusowego hotelu w mie\u015bcie Baia Mare, Grand Hotel Baia Mare to doskona\u0142y wyb\u00f3r. Hotel oferuje szeroki wyb\u00f3r pokoi, w tym pokoje standardowe, pokoje rodzinne i apartamenty. W pobli\u017cu znajdziesz tak\u017ce inne hotele, takie jak Hotel Imperial, Hotel Transilvania, Hotel Parul, Hotel Fagul Ro\u0219, Hotel Victoria, Hotel Balul Ros, Hotel Parcul i Hotel Dacia <\/p>\n<p>.<\/p>\n","protected":false},"excerpt":{"rendered":"<p>Miasto Baia Mare w Rumunii znajduje si\u0119 na p\u00f3\u0142nocy kraju i liczy ponad 90 000 mieszka\u0144c\u00f3w. Jest to jedno z najwi\u0119kszych miast w okr\u0119gu Maramures i jest g\u0142\u00f3wnym o\u015brodkiem turystycznym ze wzgl\u0119du na liczne zabytki i atrakcje przyrodnicze. Je\u015bli planujesz wkr\u00f3tce podr\u00f3\u017c do tego pi\u0119knego miasta, czytaj dalej, aby dowiedzie\u0107 si\u0119 wi\u0119cej o jego historii, &hellip;<\/p>\n<p class=\"read-more\"> <a class=\"\" href=\"https:\/\/roadtoromania.com\/pl\/miasta-i-regiony-rumunii\/baia-mare\/\"> <span class=\"screen-reader-text\">Baia Mare<\/span> Read More \u00bb<\/a><\/p>\n","protected":false},"author":1,"featured_media":1091,"parent":3588,"menu_order":0,"comment_status":"open","ping_status":"open","template":"","meta":{"site-sidebar-layout":"default","site-content-layout":"default","ast-global-header-display":"","ast-main-header-display":"","ast-hfb-above-header-display":"","ast-hfb-below-header-display":"","ast-hfb-mobile-header-display":"","site-post-title":"","ast-breadcrumbs-content":"","ast-featured-img":"","footer-sml-layout":"","theme-transparent-header-meta":"","adv-header-id-meta":"","stick-header-meta":"","header-above-stick-meta":"","header-main-stick-meta":"","header-below-stick-meta":"","footnotes":""},"class_list":["post-3598","page","type-page","status-publish","has-post-thumbnail","hentry"],"yoast_head":"<!-- This site is optimized with the Yoast SEO plugin v19.10 - https:\/\/yoast.com\/wordpress\/plugins\/seo\/ -->\n<title>Baia Mare - Road to Romania<\/title>\n<meta name=\"robots\" content=\"index, follow, max-snippet:-1, max-image-preview:large, max-video-preview:-1\" \/>\n<link rel=\"canonical\" href=\"https:\/\/roadtoromania.com\/pl\/miasta-i-regiony-rumunii\/baia-mare\/\" \/>\n<meta property=\"og:locale\" content=\"pl_PL\" \/>\n<meta property=\"og:type\" content=\"article\" \/>\n<meta property=\"og:title\" content=\"Baia Mare - Road to Romania\" \/>\n<meta property=\"og:description\" content=\"Miasto Baia Mare w Rumunii znajduje si\u0119 na p\u00f3\u0142nocy kraju i liczy ponad 90 000 mieszka\u0144c\u00f3w. Jest to jedno z najwi\u0119kszych miast w okr\u0119gu Maramures i jest g\u0142\u00f3wnym o\u015brodkiem turystycznym ze wzgl\u0119du na liczne zabytki i atrakcje przyrodnicze. Je\u015bli planujesz wkr\u00f3tce podr\u00f3\u017c do tego pi\u0119knego miasta, czytaj dalej, aby dowiedzie\u0107 si\u0119 wi\u0119cej o jego historii, &hellip; Baia Mare Read More \u00bb\" \/>\n<meta property=\"og:url\" content=\"https:\/\/roadtoromania.com\/pl\/miasta-i-regiony-rumunii\/baia-mare\/\" \/>\n<meta property=\"og:site_name\" content=\"Road to Romania\" \/>\n<meta property=\"article:modified_time\" content=\"2022-10-21T18:32:15+00:00\" \/>\n<meta property=\"og:image\" content=\"https:\/\/roadtoromania.com\/wp-content\/uploads\/2022\/10\/baia-mare-medieval-festival-rumania-1.jpg\" \/>\n\t<meta property=\"og:image:width\" content=\"768\" \/>\n\t<meta property=\"og:image:height\" content=\"576\" \/>\n\t<meta property=\"og:image:type\" content=\"image\/jpeg\" \/>\n<meta name=\"twitter:card\" content=\"summary_large_image\" \/>\n<meta name=\"twitter:label1\" content=\"Szacowany czas czytania\" \/>\n\t<meta name=\"twitter:data1\" content=\"5 minut\" \/>\n<script type=\"application\/ld+json\" class=\"yoast-schema-graph\">{\"@context\":\"https:\/\/schema.org\",\"@graph\":[{\"@type\":\"WebPage\",\"@id\":\"https:\/\/roadtoromania.com\/pl\/miasta-i-regiony-rumunii\/baia-mare\/\",\"url\":\"https:\/\/roadtoromania.com\/pl\/miasta-i-regiony-rumunii\/baia-mare\/\",\"name\":\"Baia Mare - Road to Romania\",\"isPartOf\":{\"@id\":\"https:\/\/roadtoromania.com\/pl\/#website\"},\"datePublished\":\"2022-10-15T18:40:09+00:00\",\"dateModified\":\"2022-10-21T18:32:15+00:00\",\"breadcrumb\":{\"@id\":\"https:\/\/roadtoromania.com\/pl\/miasta-i-regiony-rumunii\/baia-mare\/#breadcrumb\"},\"inLanguage\":\"pl-PL\",\"potentialAction\":[{\"@type\":\"ReadAction\",\"target\":[\"https:\/\/roadtoromania.com\/pl\/miasta-i-regiony-rumunii\/baia-mare\/\"]}]},{\"@type\":\"BreadcrumbList\",\"@id\":\"https:\/\/roadtoromania.com\/pl\/miasta-i-regiony-rumunii\/baia-mare\/#breadcrumb\",\"itemListElement\":[{\"@type\":\"ListItem\",\"position\":1,\"name\":\"Home\",\"item\":\"https:\/\/roadtoromania.com\/pl\/\"},{\"@type\":\"ListItem\",\"position\":2,\"name\":\"Miasta i regiony Rumunii\",\"item\":\"https:\/\/roadtoromania.com\/pl\/miasta-i-regiony-rumunii\/\"},{\"@type\":\"ListItem\",\"position\":3,\"name\":\"Baia Mare\"}]},{\"@type\":\"WebSite\",\"@id\":\"https:\/\/roadtoromania.com\/pl\/#website\",\"url\":\"https:\/\/roadtoromania.com\/pl\/\",\"name\":\"Road to Romania\",\"description\":\"Blog, na kt\u00f3rym znajdziesz wszystkie informacje potrzebne do korzystania z Rumunii.\",\"potentialAction\":[{\"@type\":\"SearchAction\",\"target\":{\"@type\":\"EntryPoint\",\"urlTemplate\":\"https:\/\/roadtoromania.com\/pl\/?s={search_term_string}\"},\"query-input\":\"required name=search_term_string\"}],\"inLanguage\":\"pl-PL\"}]}<\/script>\n<!-- \/ Yoast SEO plugin. -->","yoast_head_json":{"title":"Baia Mare - Road to Romania","robots":{"index":"index","follow":"follow","max-snippet":"max-snippet:-1","max-image-preview":"max-image-preview:large","max-video-preview":"max-video-preview:-1"},"canonical":"https:\/\/roadtoromania.com\/pl\/miasta-i-regiony-rumunii\/baia-mare\/","og_locale":"pl_PL","og_type":"article","og_title":"Baia Mare - Road to Romania","og_description":"Miasto Baia Mare w Rumunii znajduje si\u0119 na p\u00f3\u0142nocy kraju i liczy ponad 90 000 mieszka\u0144c\u00f3w. Jest to jedno z najwi\u0119kszych miast w okr\u0119gu Maramures i jest g\u0142\u00f3wnym o\u015brodkiem turystycznym ze wzgl\u0119du na liczne zabytki i atrakcje przyrodnicze. Je\u015bli planujesz wkr\u00f3tce podr\u00f3\u017c do tego pi\u0119knego miasta, czytaj dalej, aby dowiedzie\u0107 si\u0119 wi\u0119cej o jego historii, &hellip; Baia Mare Read More \u00bb","og_url":"https:\/\/roadtoromania.com\/pl\/miasta-i-regiony-rumunii\/baia-mare\/","og_site_name":"Road to Romania","article_modified_time":"2022-10-21T18:32:15+00:00","og_image":[{"width":768,"height":576,"url":"https:\/\/roadtoromania.com\/wp-content\/uploads\/2022\/10\/baia-mare-medieval-festival-rumania-1.jpg","type":"image\/jpeg"}],"twitter_card":"summary_large_image","twitter_misc":{"Szacowany czas czytania":"5 minut"},"schema":{"@context":"https:\/\/schema.org","@graph":[{"@type":"WebPage","@id":"https:\/\/roadtoromania.com\/pl\/miasta-i-regiony-rumunii\/baia-mare\/","url":"https:\/\/roadtoromania.com\/pl\/miasta-i-regiony-rumunii\/baia-mare\/","name":"Baia Mare - Road to Romania","isPartOf":{"@id":"https:\/\/roadtoromania.com\/pl\/#website"},"datePublished":"2022-10-15T18:40:09+00:00","dateModified":"2022-10-21T18:32:15+00:00","breadcrumb":{"@id":"https:\/\/roadtoromania.com\/pl\/miasta-i-regiony-rumunii\/baia-mare\/#breadcrumb"},"inLanguage":"pl-PL","potentialAction":[{"@type":"ReadAction","target":["https:\/\/roadtoromania.com\/pl\/miasta-i-regiony-rumunii\/baia-mare\/"]}]},{"@type":"BreadcrumbList","@id":"https:\/\/roadtoromania.com\/pl\/miasta-i-regiony-rumunii\/baia-mare\/#breadcrumb","itemListElement":[{"@type":"ListItem","position":1,"name":"Home","item":"https:\/\/roadtoromania.com\/pl\/"},{"@type":"ListItem","position":2,"name":"Miasta i regiony Rumunii","item":"https:\/\/roadtoromania.com\/pl\/miasta-i-regiony-rumunii\/"},{"@type":"ListItem","position":3,"name":"Baia Mare"}]},{"@type":"WebSite","@id":"https:\/\/roadtoromania.com\/pl\/#website","url":"https:\/\/roadtoromania.com\/pl\/","name":"Road to Romania","description":"Blog, na kt\u00f3rym znajdziesz wszystkie informacje potrzebne do korzystania z Rumunii.","potentialAction":[{"@type":"SearchAction","target":{"@type":"EntryPoint","urlTemplate":"https:\/\/roadtoromania.com\/pl\/?s={search_term_string}"},"query-input":"required name=search_term_string"}],"inLanguage":"pl-PL"}]}},"_links":{"self":[{"href":"https:\/\/roadtoromania.com\/pl\/wp-json\/wp\/v2\/pages\/3598","targetHints":{"allow":["GET"]}}],"collection":[{"href":"https:\/\/roadtoromania.com\/pl\/wp-json\/wp\/v2\/pages"}],"about":[{"href":"https:\/\/roadtoromania.com\/pl\/wp-json\/wp\/v2\/types\/page"}],"author":[{"embeddable":true,"href":"https:\/\/roadtoromania.com\/pl\/wp-json\/wp\/v2\/users\/1"}],"replies":[{"embeddable":true,"href":"https:\/\/roadtoromania.com\/pl\/wp-json\/wp\/v2\/comments?post=3598"}],"version-history":[{"count":1,"href":"https:\/\/roadtoromania.com\/pl\/wp-json\/wp\/v2\/pages\/3598\/revisions"}],"predecessor-version":[{"id":3599,"href":"https:\/\/roadtoromania.com\/pl\/wp-json\/wp\/v2\/pages\/3598\/revisions\/3599"}],"up":[{"embeddable":true,"href":"https:\/\/roadtoromania.com\/pl\/wp-json\/wp\/v2\/pages\/3588"}],"wp:featuredmedia":[{"embeddable":true,"href":"https:\/\/roadtoromania.com\/pl\/wp-json\/wp\/v2\/media\/1091"}],"wp:attachment":[{"href":"https:\/\/roadtoromania.com\/pl\/wp-json\/wp\/v2\/media?parent=3598"}],"curies":[{"name":"wp","href":"https:\/\/api.w.org\/{rel}","templated":true}]}}