{"id":3608,"date":"2022-10-15T18:40:11","date_gmt":"2022-10-15T18:40:11","guid":{"rendered":"https:\/\/roadtoromania.com\/miasta-i-regiony-rumunii\/bukareszt\/luk-triumfalny\/"},"modified":"2022-10-21T18:32:20","modified_gmt":"2022-10-21T18:32:20","slug":"luk-triumfalny","status":"publish","type":"page","link":"https:\/\/roadtoromania.com\/pl\/miasta-i-regiony-rumunii\/bukareszt\/luk-triumfalny\/","title":{"rendered":"\u0141uk Triumfalny"},"content":{"rendered":"<p>Bukareszta\u0144ski \u0141uk Triumfalny <strong>(Arcul de Triumf) wita Ci\u0119 podczas podr\u00f3\u017cy z lotniska do centrum stolicy Rumunii.<\/p>\n<p><img decoding=\"async\" src=\"https:\/\/roadtoromania.com\/wp-content\/uploads\/2022\/10\/arco_triunfo_bucarest.jpg\" \/>\u0141uk Triumfalny w Bukareszcie noc\u0105<\/p>\n<p>\nPodobie\u0144stwo do \u0141uku Triumfalnego w Pary\u017cu nie jest przypadkowe, gdy\u017c tzw. &#8220;ma\u0142y Pary\u017c&#8221; zaadoptowa\u0142 urbanistyk\u0119, architektur\u0119 i \u017cycie spo\u0142eczne Miasta \u015awiat\u0142a na pocz\u0105tku XX w.<\/p>\n<p>\nHistoria \u0141uku Triumfalnego zaczyna si\u0119 w 1878 roku, kiedy to drewniany \u0142uk zosta\u0142 po\u015bpiesznie wzniesiony, aby uczci\u0107 niedawn\u0105 niepodleg\u0142o\u015b\u0107 Rumunii po walkach z s\u0105siedni\u0105 Bu\u0142gari\u0105. Po latach, w 1922 r., kolejny \u0142uk upami\u0119tni\u0142 zako\u0144czenie I wojny \u015bwiatowej, ale w 1935 r. zast\u0105piono go obecnym \u0142ukiem, wykorzystuj\u0105cym jako materia\u0142 granit, kt\u00f3rego budow\u0119 zako\u0144czono rok p\u00f3\u017aniej, w 1936 r. <\/p>\n<p>.<\/p>\n<p>\nDzie\u0142o architekta Petre Antonescu mierzy 27 metr\u00f3w wysoko\u015bci, 25 metr\u00f3w d\u0142ugo\u015bci oraz 11 i p\u00f3\u0142 metra szeroko\u015bci, w stylu roma\u0144sko-bizantyjskim.<\/p>\n<p>\nWielka aleja \u0218oseaua Kiseleff prowadzi do ronda, na kt\u00f3rym znajduje si\u0119 \u0141uk Triumfalny, jeden z najcz\u0119\u015bciej odwiedzanych zabytk\u00f3w Bukaresztu. Jego lokalizacja jest symptomatyczna, gdy\u017c jest to skrzy\u017cowanie wspomnianej Alei Kiseleffa z bulwarem Constantina Prezana, ulic\u0105 Alexandru Averescu i Alexandru Constantinescu, tworz\u0105ce promienisty \u0142uk komunikacyjny, kt\u00f3ry prowadzi do \u0141uku Triumfalnego.<\/p>\n<p>\nKamienne rze\u017aby, medaliony i ornamenty ro\u015blinne na fasadzie s\u0105 dzie\u0142em Fredericka Storcka, Iona Jalea, Dimitrie Paciurea, Constantina Medrea i Constantina Baraschi. Ciekawostk\u0105 jest, \u017ce oryginalna dekoracja kr\u00f3lowej Marii i kr\u00f3la Ferdynanda zosta\u0142a usuni\u0119ta w czasach komunistycznych, ale przywr\u00f3cono j\u0105 podczas ostatnich prac na \u0142uku w 1992 r.<\/p>\n<p><img decoding=\"async\" src=\"https:\/\/roadtoromania.com\/wp-content\/uploads\/2022\/10\/arco_triunfo_bucarest_abajo.jpg\" \/>Dekoracja \u0141uku Triumfalnego<\/p>\n<p>\n\u0141uk Triumfalny mo\u017cna zwiedza\u0107 od wewn\u0105trz, na szczyt prowadz\u0105 schody, z kt\u00f3rych rozci\u0105ga si\u0119 wspania\u0142y widok na Bukareszt.<\/p>\n<p> Lokalizacja \u0141uku Triumfalnego w Bukareszcie<\/strong> <\/h2>\n","protected":false},"excerpt":{"rendered":"<p>Bukareszta\u0144ski \u0141uk Triumfalny (Arcul de Triumf) wita Ci\u0119 podczas podr\u00f3\u017cy z lotniska do centrum stolicy Rumunii. \u0141uk Triumfalny w Bukareszcie noc\u0105 Podobie\u0144stwo do \u0141uku Triumfalnego w Pary\u017cu nie jest przypadkowe, gdy\u017c tzw. &#8220;ma\u0142y Pary\u017c&#8221; zaadoptowa\u0142 urbanistyk\u0119, architektur\u0119 i \u017cycie spo\u0142eczne Miasta \u015awiat\u0142a na pocz\u0105tku XX w. Historia \u0141uku Triumfalnego zaczyna si\u0119 w 1878 roku, kiedy &hellip;<\/p>\n<p class=\"read-more\"> <a class=\"\" href=\"https:\/\/roadtoromania.com\/pl\/miasta-i-regiony-rumunii\/bukareszt\/luk-triumfalny\/\"> <span class=\"screen-reader-text\">\u0141uk Triumfalny<\/span> Read More \u00bb<\/a><\/p>\n","protected":false},"author":1,"featured_media":1143,"parent":3606,"menu_order":0,"comment_status":"open","ping_status":"open","template":"","meta":{"site-sidebar-layout":"default","site-content-layout":"default","ast-global-header-display":"","ast-main-header-display":"","ast-hfb-above-header-display":"","ast-hfb-below-header-display":"","ast-hfb-mobile-header-display":"","site-post-title":"","ast-breadcrumbs-content":"","ast-featured-img":"","footer-sml-layout":"","theme-transparent-header-meta":"","adv-header-id-meta":"","stick-header-meta":"","header-above-stick-meta":"","header-main-stick-meta":"","header-below-stick-meta":"","footnotes":""},"class_list":["post-3608","page","type-page","status-publish","has-post-thumbnail","hentry"],"yoast_head":"<!-- This site is optimized with the Yoast SEO plugin v19.10 - https:\/\/yoast.com\/wordpress\/plugins\/seo\/ -->\n<title>\u0141uk Triumfalny - Road to Romania<\/title>\n<meta name=\"robots\" content=\"index, follow, max-snippet:-1, max-image-preview:large, max-video-preview:-1\" \/>\n<link rel=\"canonical\" href=\"https:\/\/roadtoromania.com\/pl\/miasta-i-regiony-rumunii\/bukareszt\/luk-triumfalny\/\" \/>\n<meta property=\"og:locale\" content=\"pl_PL\" \/>\n<meta property=\"og:type\" content=\"article\" \/>\n<meta property=\"og:title\" content=\"\u0141uk Triumfalny - Road to Romania\" \/>\n<meta property=\"og:description\" content=\"Bukareszta\u0144ski \u0141uk Triumfalny (Arcul de Triumf) wita Ci\u0119 podczas podr\u00f3\u017cy z lotniska do centrum stolicy Rumunii. \u0141uk Triumfalny w Bukareszcie noc\u0105 Podobie\u0144stwo do \u0141uku Triumfalnego w Pary\u017cu nie jest przypadkowe, gdy\u017c tzw. &#8220;ma\u0142y Pary\u017c&#8221; zaadoptowa\u0142 urbanistyk\u0119, architektur\u0119 i \u017cycie spo\u0142eczne Miasta \u015awiat\u0142a na pocz\u0105tku XX w. Historia \u0141uku Triumfalnego zaczyna si\u0119 w 1878 roku, kiedy &hellip; \u0141uk Triumfalny Read More \u00bb\" \/>\n<meta property=\"og:url\" content=\"https:\/\/roadtoromania.com\/pl\/miasta-i-regiony-rumunii\/bukareszt\/luk-triumfalny\/\" \/>\n<meta property=\"og:site_name\" content=\"Road to Romania\" \/>\n<meta property=\"article:modified_time\" content=\"2022-10-21T18:32:20+00:00\" \/>\n<meta property=\"og:image\" content=\"https:\/\/roadtoromania.com\/wp-content\/uploads\/2022\/10\/arco_triunfo_bucarest-1.jpg\" \/>\n\t<meta property=\"og:image:width\" content=\"700\" \/>\n\t<meta property=\"og:image:height\" content=\"326\" \/>\n\t<meta property=\"og:image:type\" content=\"image\/jpeg\" \/>\n<meta name=\"twitter:card\" content=\"summary_large_image\" \/>\n<meta name=\"twitter:label1\" content=\"Szacowany czas czytania\" \/>\n\t<meta name=\"twitter:data1\" content=\"1 minuta\" \/>\n<script type=\"application\/ld+json\" class=\"yoast-schema-graph\">{\"@context\":\"https:\/\/schema.org\",\"@graph\":[{\"@type\":\"WebPage\",\"@id\":\"https:\/\/roadtoromania.com\/pl\/miasta-i-regiony-rumunii\/bukareszt\/luk-triumfalny\/\",\"url\":\"https:\/\/roadtoromania.com\/pl\/miasta-i-regiony-rumunii\/bukareszt\/luk-triumfalny\/\",\"name\":\"\u0141uk Triumfalny - Road to Romania\",\"isPartOf\":{\"@id\":\"https:\/\/roadtoromania.com\/pl\/#website\"},\"datePublished\":\"2022-10-15T18:40:11+00:00\",\"dateModified\":\"2022-10-21T18:32:20+00:00\",\"breadcrumb\":{\"@id\":\"https:\/\/roadtoromania.com\/pl\/miasta-i-regiony-rumunii\/bukareszt\/luk-triumfalny\/#breadcrumb\"},\"inLanguage\":\"pl-PL\",\"potentialAction\":[{\"@type\":\"ReadAction\",\"target\":[\"https:\/\/roadtoromania.com\/pl\/miasta-i-regiony-rumunii\/bukareszt\/luk-triumfalny\/\"]}]},{\"@type\":\"BreadcrumbList\",\"@id\":\"https:\/\/roadtoromania.com\/pl\/miasta-i-regiony-rumunii\/bukareszt\/luk-triumfalny\/#breadcrumb\",\"itemListElement\":[{\"@type\":\"ListItem\",\"position\":1,\"name\":\"Home\",\"item\":\"https:\/\/roadtoromania.com\/pl\/\"},{\"@type\":\"ListItem\",\"position\":2,\"name\":\"Miasta i regiony Rumunii\",\"item\":\"https:\/\/roadtoromania.com\/pl\/miasta-i-regiony-rumunii\/\"},{\"@type\":\"ListItem\",\"position\":3,\"name\":\"Bukareszt\",\"item\":\"https:\/\/roadtoromania.com\/pl\/miasta-i-regiony-rumunii\/bukareszt\/\"},{\"@type\":\"ListItem\",\"position\":4,\"name\":\"\u0141uk Triumfalny\"}]},{\"@type\":\"WebSite\",\"@id\":\"https:\/\/roadtoromania.com\/pl\/#website\",\"url\":\"https:\/\/roadtoromania.com\/pl\/\",\"name\":\"Road to Romania\",\"description\":\"Blog, na kt\u00f3rym znajdziesz wszystkie informacje potrzebne do korzystania z Rumunii.\",\"potentialAction\":[{\"@type\":\"SearchAction\",\"target\":{\"@type\":\"EntryPoint\",\"urlTemplate\":\"https:\/\/roadtoromania.com\/pl\/?s={search_term_string}\"},\"query-input\":\"required name=search_term_string\"}],\"inLanguage\":\"pl-PL\"}]}<\/script>\n<!-- \/ Yoast SEO plugin. -->","yoast_head_json":{"title":"\u0141uk Triumfalny - Road to Romania","robots":{"index":"index","follow":"follow","max-snippet":"max-snippet:-1","max-image-preview":"max-image-preview:large","max-video-preview":"max-video-preview:-1"},"canonical":"https:\/\/roadtoromania.com\/pl\/miasta-i-regiony-rumunii\/bukareszt\/luk-triumfalny\/","og_locale":"pl_PL","og_type":"article","og_title":"\u0141uk Triumfalny - Road to Romania","og_description":"Bukareszta\u0144ski \u0141uk Triumfalny (Arcul de Triumf) wita Ci\u0119 podczas podr\u00f3\u017cy z lotniska do centrum stolicy Rumunii. \u0141uk Triumfalny w Bukareszcie noc\u0105 Podobie\u0144stwo do \u0141uku Triumfalnego w Pary\u017cu nie jest przypadkowe, gdy\u017c tzw. &#8220;ma\u0142y Pary\u017c&#8221; zaadoptowa\u0142 urbanistyk\u0119, architektur\u0119 i \u017cycie spo\u0142eczne Miasta \u015awiat\u0142a na pocz\u0105tku XX w. Historia \u0141uku Triumfalnego zaczyna si\u0119 w 1878 roku, kiedy &hellip; \u0141uk Triumfalny Read More \u00bb","og_url":"https:\/\/roadtoromania.com\/pl\/miasta-i-regiony-rumunii\/bukareszt\/luk-triumfalny\/","og_site_name":"Road to Romania","article_modified_time":"2022-10-21T18:32:20+00:00","og_image":[{"width":700,"height":326,"url":"https:\/\/roadtoromania.com\/wp-content\/uploads\/2022\/10\/arco_triunfo_bucarest-1.jpg","type":"image\/jpeg"}],"twitter_card":"summary_large_image","twitter_misc":{"Szacowany czas czytania":"1 minuta"},"schema":{"@context":"https:\/\/schema.org","@graph":[{"@type":"WebPage","@id":"https:\/\/roadtoromania.com\/pl\/miasta-i-regiony-rumunii\/bukareszt\/luk-triumfalny\/","url":"https:\/\/roadtoromania.com\/pl\/miasta-i-regiony-rumunii\/bukareszt\/luk-triumfalny\/","name":"\u0141uk Triumfalny - Road to Romania","isPartOf":{"@id":"https:\/\/roadtoromania.com\/pl\/#website"},"datePublished":"2022-10-15T18:40:11+00:00","dateModified":"2022-10-21T18:32:20+00:00","breadcrumb":{"@id":"https:\/\/roadtoromania.com\/pl\/miasta-i-regiony-rumunii\/bukareszt\/luk-triumfalny\/#breadcrumb"},"inLanguage":"pl-PL","potentialAction":[{"@type":"ReadAction","target":["https:\/\/roadtoromania.com\/pl\/miasta-i-regiony-rumunii\/bukareszt\/luk-triumfalny\/"]}]},{"@type":"BreadcrumbList","@id":"https:\/\/roadtoromania.com\/pl\/miasta-i-regiony-rumunii\/bukareszt\/luk-triumfalny\/#breadcrumb","itemListElement":[{"@type":"ListItem","position":1,"name":"Home","item":"https:\/\/roadtoromania.com\/pl\/"},{"@type":"ListItem","position":2,"name":"Miasta i regiony Rumunii","item":"https:\/\/roadtoromania.com\/pl\/miasta-i-regiony-rumunii\/"},{"@type":"ListItem","position":3,"name":"Bukareszt","item":"https:\/\/roadtoromania.com\/pl\/miasta-i-regiony-rumunii\/bukareszt\/"},{"@type":"ListItem","position":4,"name":"\u0141uk Triumfalny"}]},{"@type":"WebSite","@id":"https:\/\/roadtoromania.com\/pl\/#website","url":"https:\/\/roadtoromania.com\/pl\/","name":"Road to Romania","description":"Blog, na kt\u00f3rym znajdziesz wszystkie informacje potrzebne do korzystania z Rumunii.","potentialAction":[{"@type":"SearchAction","target":{"@type":"EntryPoint","urlTemplate":"https:\/\/roadtoromania.com\/pl\/?s={search_term_string}"},"query-input":"required name=search_term_string"}],"inLanguage":"pl-PL"}]}},"_links":{"self":[{"href":"https:\/\/roadtoromania.com\/pl\/wp-json\/wp\/v2\/pages\/3608","targetHints":{"allow":["GET"]}}],"collection":[{"href":"https:\/\/roadtoromania.com\/pl\/wp-json\/wp\/v2\/pages"}],"about":[{"href":"https:\/\/roadtoromania.com\/pl\/wp-json\/wp\/v2\/types\/page"}],"author":[{"embeddable":true,"href":"https:\/\/roadtoromania.com\/pl\/wp-json\/wp\/v2\/users\/1"}],"replies":[{"embeddable":true,"href":"https:\/\/roadtoromania.com\/pl\/wp-json\/wp\/v2\/comments?post=3608"}],"version-history":[{"count":1,"href":"https:\/\/roadtoromania.com\/pl\/wp-json\/wp\/v2\/pages\/3608\/revisions"}],"predecessor-version":[{"id":3609,"href":"https:\/\/roadtoromania.com\/pl\/wp-json\/wp\/v2\/pages\/3608\/revisions\/3609"}],"up":[{"embeddable":true,"href":"https:\/\/roadtoromania.com\/pl\/wp-json\/wp\/v2\/pages\/3606"}],"wp:featuredmedia":[{"embeddable":true,"href":"https:\/\/roadtoromania.com\/pl\/wp-json\/wp\/v2\/media\/1143"}],"wp:attachment":[{"href":"https:\/\/roadtoromania.com\/pl\/wp-json\/wp\/v2\/media?parent=3608"}],"curies":[{"name":"wp","href":"https:\/\/api.w.org\/{rel}","templated":true}]}}