{"id":3618,"date":"2022-10-15T18:40:11","date_gmt":"2022-10-15T18:40:11","guid":{"rendered":"https:\/\/roadtoromania.com\/miasta-i-regiony-rumunii\/bukareszt\/park-herastrau\/"},"modified":"2022-10-21T18:32:19","modified_gmt":"2022-10-21T18:32:19","slug":"park-herastrau","status":"publish","type":"page","link":"https:\/\/roadtoromania.com\/pl\/miasta-i-regiony-rumunii\/bukareszt\/park-herastrau\/","title":{"rendered":"Park Herastrau"},"content":{"rendered":"<p>Park <strong>Herastrau (Her\u0103str\u0103u<\/strong> ) jest jedn\u0105 z <strong>g\u0142\u00f3wnych atrakcji turystycznych Bukaresztu<\/strong> . Jest to najwi\u0119kszy teren zielony w ca\u0142ym mie\u015bcie, jego centralnym elementem jest pi\u0119kne jezioro o nazwie Her\u0103str\u0103u <\/p>\n<p>.<\/p>\n<p>\nW parku znajduje si\u0119 r\u00f3wnie\u017c jedno z najbardziej znanych muze\u00f3w w Rumunii &#8211; Muzeum Satului. Je\u015bli wybierzecie si\u0119 do Bukaresztu, nie przegapcie mi\u0142ego spaceru po parku Her\u0103str\u0103u <\/p>\n<p>.<\/p>\n<p>\nPark Her\u0103str\u0103u jest tak du\u017cy, \u017ce w zasadzie aby poda\u0107 jego adres wystarczy powiedzie\u0107, \u017ce jest to p\u00f3\u0142nocna cz\u0119\u015b\u0107 Bukaresztu, gdy\u017c zajmuje prawie ca\u0142\u0105 szeroko\u015b\u0107 miasta. Obecnie zajmuje powierzchni\u0119 1,1 km2. Z czego 0,7 km kwadratowych powierzchni zajmuje jezioro Her\u0103str\u0103u<\/p>\n<h2>\nHistoria parku Her\u0103str\u0103u<\/h2>\n<p>\nDawniej teren, na kt\u00f3rym obecnie znajduje si\u0119 park Herastrau, pozbawiony by\u0142 urbanistycznego wdzi\u0119ku, gdy\u017c by\u0142 to po prostu b\u0142otnisty, wilgotny, cenegal.<\/p>\n<p>\nJu\u017c w 1806 roku klasy wy\u017csze zacz\u0119\u0142y spacerowa\u0107 i wypoczywa\u0107 nad brzegiem jeziora Her\u0103str\u0103u. Dopiero jednak w 1930 roku wytyczono teren, wytyczono \u015bcie\u017cki i wybudowano sam park.<\/p>\n<p>\nW 1936 roku park Her\u0103str\u0103u zosta\u0142 otwarty dla publiczno\u015bci. Przez lata ka\u017cdy rz\u0105d w kraju nadawa\u0142 nazw\u0119 i kszta\u0142t parkowi. Przechodzi\u0142a ona przez nazwy Park Narodowy, Park Karol II, Park I, a\u017c dosz\u0142a do obecnej nazwy.<\/p>\n<h2>\nAtrakcje turystyczne Parku Herastrau<\/h2>\n<p>\nPark Herastrau podzielony jest na dwie strefy, jedna przeznaczona jest na dzia\u0142alno\u015b\u0107 spo\u0142eczno-kulturaln\u0105 i rekreacyjn\u0105, w tej strefie znajduj\u0105 si\u0119 biblioteki, wystawy sztuki, teatry i ludzie, kt\u00f3rzy sp\u0119dzaj\u0105 czas czytaj\u0105c, graj\u0105c w szachy, odpoczywaj\u0105c lub nasi\u0105kaj\u0105c kultur\u0105. Drugi obszar, po drugiej stronie jeziora, przeznaczony jest do uprawiania sportu, gdzie mi\u0142o\u015bnicy zabawy znajd\u0105 miejsce na breakdance, jazd\u0119 na rowerze czy deskorolce.<\/p>\n<p> W Parku Her\u0103str\u0103u jest wiele atrakcji turystycznych, kt\u00f3rych nie powiniene\u015b przeoczy\u0107, powiemy ci kilka rzeczy, kt\u00f3re s\u0105 lub mo\u017cesz zrobi\u0107 tutaj:<\/strong> <\/p>\n<\/p>\n<p>&#8211; Korzystaj z obiekt\u00f3w sportowych, czy jedz w dobrych restauracjach;<br \/>\n&#8211;<\/strong> Podziwiaj expoflora<\/strong> , gdzie zobaczysz artystyczne dekoracje z kwiat\u00f3w w r\u00f3\u017cnych porach roku, zobacz Wysp\u0119 R\u00f3\u017c, gdzie od czerwca do ko\u0144ca jesieni harmonijnie \u0142\u0105cz\u0105 si\u0119 kolory lub zobacz ogr\u00f3d zaprojektowany w 1998 roku w stylu japo\u0144skim.<\/p>\n<p> &#8211; Spaceruj\u0105c po \u015bcie\u017ckach<\/strong> , mo\u017cna nie tylko cieszy\u0107 si\u0119 przyjemnym spacerem, ale tak\u017ce dowiedzie\u0107 si\u0119, kim by\u0142y wa\u017cne osobisto\u015bci krajowe lub \u015bwiatowe dzi\u0119ki wielu rze\u017abom, pos\u0105gom i pomnikom, kt\u00f3re wype\u0142niaj\u0105 park <\/p>\n<p>.<\/p>\n<p>\n <strong>&#8211; Jezioro Her\u0103str\u0103u<\/strong> , po kt\u00f3rym latem mo\u017cna p\u0142ywa\u0107 \u0142odzi\u0105, a zim\u0105 je\u017adzi\u0107 na \u0142y\u017cwach po lodzie, w kt\u00f3ry si\u0119 zamienia.<\/p>\n<p>\n <strong>&#8211; Muzeum Satului<\/strong> . W tej okolicy mo\u017cna wej\u015b\u0107 do jednego z najwi\u0119kszych istniej\u0105cych muze\u00f3w etnograficznych, je\u015bli zap\u0142acimy za wst\u0119p i p\u00f3jdziemy w godzinach zwiedzania.<\/p>\n<p> Lokalizacja Parku Herastrau w Bukareszcie<\/strong> <\/p>\n","protected":false},"excerpt":{"rendered":"<p>Park Herastrau (Her\u0103str\u0103u ) jest jedn\u0105 z g\u0142\u00f3wnych atrakcji turystycznych Bukaresztu . Jest to najwi\u0119kszy teren zielony w ca\u0142ym mie\u015bcie, jego centralnym elementem jest pi\u0119kne jezioro o nazwie Her\u0103str\u0103u . W parku znajduje si\u0119 r\u00f3wnie\u017c jedno z najbardziej znanych muze\u00f3w w Rumunii &#8211; Muzeum Satului. Je\u015bli wybierzecie si\u0119 do Bukaresztu, nie przegapcie mi\u0142ego spaceru po &hellip;<\/p>\n<p class=\"read-more\"> <a class=\"\" href=\"https:\/\/roadtoromania.com\/pl\/miasta-i-regiony-rumunii\/bukareszt\/park-herastrau\/\"> <span class=\"screen-reader-text\">Park Herastrau<\/span> Read More \u00bb<\/a><\/p>\n","protected":false},"author":1,"featured_media":0,"parent":3606,"menu_order":0,"comment_status":"open","ping_status":"open","template":"","meta":{"site-sidebar-layout":"default","site-content-layout":"default","ast-global-header-display":"","ast-main-header-display":"","ast-hfb-above-header-display":"","ast-hfb-below-header-display":"","ast-hfb-mobile-header-display":"","site-post-title":"","ast-breadcrumbs-content":"","ast-featured-img":"","footer-sml-layout":"","theme-transparent-header-meta":"","adv-header-id-meta":"","stick-header-meta":"","header-above-stick-meta":"","header-main-stick-meta":"","header-below-stick-meta":"","footnotes":""},"class_list":["post-3618","page","type-page","status-publish","hentry"],"yoast_head":"<!-- This site is optimized with the Yoast SEO plugin v19.10 - https:\/\/yoast.com\/wordpress\/plugins\/seo\/ -->\n<title>Park Herastrau - Road to Romania<\/title>\n<meta name=\"robots\" content=\"index, follow, max-snippet:-1, max-image-preview:large, max-video-preview:-1\" \/>\n<link rel=\"canonical\" href=\"https:\/\/roadtoromania.com\/pl\/miasta-i-regiony-rumunii\/bukareszt\/park-herastrau\/\" \/>\n<meta property=\"og:locale\" content=\"pl_PL\" \/>\n<meta property=\"og:type\" content=\"article\" \/>\n<meta property=\"og:title\" content=\"Park Herastrau - Road to Romania\" \/>\n<meta property=\"og:description\" content=\"Park Herastrau (Her\u0103str\u0103u ) jest jedn\u0105 z g\u0142\u00f3wnych atrakcji turystycznych Bukaresztu . Jest to najwi\u0119kszy teren zielony w ca\u0142ym mie\u015bcie, jego centralnym elementem jest pi\u0119kne jezioro o nazwie Her\u0103str\u0103u . W parku znajduje si\u0119 r\u00f3wnie\u017c jedno z najbardziej znanych muze\u00f3w w Rumunii &#8211; Muzeum Satului. Je\u015bli wybierzecie si\u0119 do Bukaresztu, nie przegapcie mi\u0142ego spaceru po &hellip; Park Herastrau Read More \u00bb\" \/>\n<meta property=\"og:url\" content=\"https:\/\/roadtoromania.com\/pl\/miasta-i-regiony-rumunii\/bukareszt\/park-herastrau\/\" \/>\n<meta property=\"og:site_name\" content=\"Road to Romania\" \/>\n<meta property=\"article:modified_time\" content=\"2022-10-21T18:32:19+00:00\" \/>\n<meta name=\"twitter:card\" content=\"summary_large_image\" \/>\n<meta name=\"twitter:label1\" content=\"Szacowany czas czytania\" \/>\n\t<meta name=\"twitter:data1\" content=\"2 minuty\" \/>\n<script type=\"application\/ld+json\" class=\"yoast-schema-graph\">{\"@context\":\"https:\/\/schema.org\",\"@graph\":[{\"@type\":\"WebPage\",\"@id\":\"https:\/\/roadtoromania.com\/pl\/miasta-i-regiony-rumunii\/bukareszt\/park-herastrau\/\",\"url\":\"https:\/\/roadtoromania.com\/pl\/miasta-i-regiony-rumunii\/bukareszt\/park-herastrau\/\",\"name\":\"Park Herastrau - Road to Romania\",\"isPartOf\":{\"@id\":\"https:\/\/roadtoromania.com\/pl\/#website\"},\"datePublished\":\"2022-10-15T18:40:11+00:00\",\"dateModified\":\"2022-10-21T18:32:19+00:00\",\"breadcrumb\":{\"@id\":\"https:\/\/roadtoromania.com\/pl\/miasta-i-regiony-rumunii\/bukareszt\/park-herastrau\/#breadcrumb\"},\"inLanguage\":\"pl-PL\",\"potentialAction\":[{\"@type\":\"ReadAction\",\"target\":[\"https:\/\/roadtoromania.com\/pl\/miasta-i-regiony-rumunii\/bukareszt\/park-herastrau\/\"]}]},{\"@type\":\"BreadcrumbList\",\"@id\":\"https:\/\/roadtoromania.com\/pl\/miasta-i-regiony-rumunii\/bukareszt\/park-herastrau\/#breadcrumb\",\"itemListElement\":[{\"@type\":\"ListItem\",\"position\":1,\"name\":\"Home\",\"item\":\"https:\/\/roadtoromania.com\/pl\/\"},{\"@type\":\"ListItem\",\"position\":2,\"name\":\"Miasta i regiony Rumunii\",\"item\":\"https:\/\/roadtoromania.com\/pl\/miasta-i-regiony-rumunii\/\"},{\"@type\":\"ListItem\",\"position\":3,\"name\":\"Bukareszt\",\"item\":\"https:\/\/roadtoromania.com\/pl\/miasta-i-regiony-rumunii\/bukareszt\/\"},{\"@type\":\"ListItem\",\"position\":4,\"name\":\"Park Herastrau\"}]},{\"@type\":\"WebSite\",\"@id\":\"https:\/\/roadtoromania.com\/pl\/#website\",\"url\":\"https:\/\/roadtoromania.com\/pl\/\",\"name\":\"Road to Romania\",\"description\":\"Blog, na kt\u00f3rym znajdziesz wszystkie informacje potrzebne do korzystania z Rumunii.\",\"potentialAction\":[{\"@type\":\"SearchAction\",\"target\":{\"@type\":\"EntryPoint\",\"urlTemplate\":\"https:\/\/roadtoromania.com\/pl\/?s={search_term_string}\"},\"query-input\":\"required name=search_term_string\"}],\"inLanguage\":\"pl-PL\"}]}<\/script>\n<!-- \/ Yoast SEO plugin. -->","yoast_head_json":{"title":"Park Herastrau - Road to Romania","robots":{"index":"index","follow":"follow","max-snippet":"max-snippet:-1","max-image-preview":"max-image-preview:large","max-video-preview":"max-video-preview:-1"},"canonical":"https:\/\/roadtoromania.com\/pl\/miasta-i-regiony-rumunii\/bukareszt\/park-herastrau\/","og_locale":"pl_PL","og_type":"article","og_title":"Park Herastrau - Road to Romania","og_description":"Park Herastrau (Her\u0103str\u0103u ) jest jedn\u0105 z g\u0142\u00f3wnych atrakcji turystycznych Bukaresztu . Jest to najwi\u0119kszy teren zielony w ca\u0142ym mie\u015bcie, jego centralnym elementem jest pi\u0119kne jezioro o nazwie Her\u0103str\u0103u . W parku znajduje si\u0119 r\u00f3wnie\u017c jedno z najbardziej znanych muze\u00f3w w Rumunii &#8211; Muzeum Satului. Je\u015bli wybierzecie si\u0119 do Bukaresztu, nie przegapcie mi\u0142ego spaceru po &hellip; Park Herastrau Read More \u00bb","og_url":"https:\/\/roadtoromania.com\/pl\/miasta-i-regiony-rumunii\/bukareszt\/park-herastrau\/","og_site_name":"Road to Romania","article_modified_time":"2022-10-21T18:32:19+00:00","twitter_card":"summary_large_image","twitter_misc":{"Szacowany czas czytania":"2 minuty"},"schema":{"@context":"https:\/\/schema.org","@graph":[{"@type":"WebPage","@id":"https:\/\/roadtoromania.com\/pl\/miasta-i-regiony-rumunii\/bukareszt\/park-herastrau\/","url":"https:\/\/roadtoromania.com\/pl\/miasta-i-regiony-rumunii\/bukareszt\/park-herastrau\/","name":"Park Herastrau - Road to Romania","isPartOf":{"@id":"https:\/\/roadtoromania.com\/pl\/#website"},"datePublished":"2022-10-15T18:40:11+00:00","dateModified":"2022-10-21T18:32:19+00:00","breadcrumb":{"@id":"https:\/\/roadtoromania.com\/pl\/miasta-i-regiony-rumunii\/bukareszt\/park-herastrau\/#breadcrumb"},"inLanguage":"pl-PL","potentialAction":[{"@type":"ReadAction","target":["https:\/\/roadtoromania.com\/pl\/miasta-i-regiony-rumunii\/bukareszt\/park-herastrau\/"]}]},{"@type":"BreadcrumbList","@id":"https:\/\/roadtoromania.com\/pl\/miasta-i-regiony-rumunii\/bukareszt\/park-herastrau\/#breadcrumb","itemListElement":[{"@type":"ListItem","position":1,"name":"Home","item":"https:\/\/roadtoromania.com\/pl\/"},{"@type":"ListItem","position":2,"name":"Miasta i regiony Rumunii","item":"https:\/\/roadtoromania.com\/pl\/miasta-i-regiony-rumunii\/"},{"@type":"ListItem","position":3,"name":"Bukareszt","item":"https:\/\/roadtoromania.com\/pl\/miasta-i-regiony-rumunii\/bukareszt\/"},{"@type":"ListItem","position":4,"name":"Park Herastrau"}]},{"@type":"WebSite","@id":"https:\/\/roadtoromania.com\/pl\/#website","url":"https:\/\/roadtoromania.com\/pl\/","name":"Road to Romania","description":"Blog, na kt\u00f3rym znajdziesz wszystkie informacje potrzebne do korzystania z Rumunii.","potentialAction":[{"@type":"SearchAction","target":{"@type":"EntryPoint","urlTemplate":"https:\/\/roadtoromania.com\/pl\/?s={search_term_string}"},"query-input":"required name=search_term_string"}],"inLanguage":"pl-PL"}]}},"_links":{"self":[{"href":"https:\/\/roadtoromania.com\/pl\/wp-json\/wp\/v2\/pages\/3618","targetHints":{"allow":["GET"]}}],"collection":[{"href":"https:\/\/roadtoromania.com\/pl\/wp-json\/wp\/v2\/pages"}],"about":[{"href":"https:\/\/roadtoromania.com\/pl\/wp-json\/wp\/v2\/types\/page"}],"author":[{"embeddable":true,"href":"https:\/\/roadtoromania.com\/pl\/wp-json\/wp\/v2\/users\/1"}],"replies":[{"embeddable":true,"href":"https:\/\/roadtoromania.com\/pl\/wp-json\/wp\/v2\/comments?post=3618"}],"version-history":[{"count":0,"href":"https:\/\/roadtoromania.com\/pl\/wp-json\/wp\/v2\/pages\/3618\/revisions"}],"up":[{"embeddable":true,"href":"https:\/\/roadtoromania.com\/pl\/wp-json\/wp\/v2\/pages\/3606"}],"wp:attachment":[{"href":"https:\/\/roadtoromania.com\/pl\/wp-json\/wp\/v2\/media?parent=3618"}],"curies":[{"name":"wp","href":"https:\/\/api.w.org\/{rel}","templated":true}]}}