{"id":3631,"date":"2022-10-15T18:40:11","date_gmt":"2022-10-15T18:40:11","guid":{"rendered":"https:\/\/roadtoromania.com\/miasta-i-regiony-rumunii\/ponczochy\/"},"modified":"2022-10-21T18:32:26","modified_gmt":"2022-10-21T18:32:26","slug":"ponczochy","status":"publish","type":"page","link":"https:\/\/roadtoromania.com\/pl\/miasta-i-regiony-rumunii\/ponczochy\/","title":{"rendered":"Po\u0144czochy"},"content":{"rendered":"<p>Po <a href=\"https:\/\/roadtoromania.com\/pl\/miasta-i-regiony-rumunii\/sibiu\/\"> <strong>Sibiu<\/strong><\/a> , <strong>Medias<\/strong> jest drugim miastem departamentu, jednym z tych, kt\u00f3re tworz\u0105 region <a href=\"https:\/\/roadtoromania.com\/pl\/miasta-i-regiony-rumunii\/transylwania-wiecej-niz-tylko-kraina-drakuli\/\"> <strong>Transylwania<\/strong><\/a> . Koniunktura przemys\u0142owa wynikaj\u0105ca ze z\u0142\u00f3\u017c gazu spowodowa\u0142a o\u017cywienie gospodarcze w mie\u015bcie.<\/p>\n<p><a href=\"https:\/\/roadtoromania.com\/wp-content\/uploads\/2022\/10\/iglesia_medias.jpg\"><img decoding=\"async\" src=\"https:\/\/roadtoromania.com\/wp-content\/uploads\/2022\/10\/iglesia_medias.jpg\" \/><\/a> Ko\u015bci\u00f3\u0142 i klasztor franciszka\u0144ski w Medias<\/p>\n<h2>\nHistoria medi\u00f3w<\/h2>\n<p>\nZa\u0142o\u017cona na miejscu rzymskiego miasta, Medias, jak wiele miast Transylwanii przez saskich osadnik\u00f3w, by\u0142 o\u015brodkiem handlowym o pewnym znaczeniu w \u015bredniowieczu. W rezultacie sukcesja styl\u00f3w architektonicznych ukszta\u0142towa\u0142a fizjonomi\u0119 jego gotyckich, renesansowych, barokowych, neoklasycznych i secesyjnych budynk\u00f3w.<\/p>\n<p>\nZachowanie du\u017cej cz\u0119\u015bci jego obudowy ochronnej, z licznymi basztami, bastionami i murami o znacznej wysoko\u015bci, pozwala nam wyobrazi\u0107 sobie \u017cycie sprzed 500 lat.<\/p>\n<p>\nSpaceruj\u0105c po Medias, nasz\u0105 uwag\u0119 zwraca stara <strong>gotycka cytadela<\/strong> z XV-XVI wieku, w kt\u00f3rej zachowa\u0142a si\u0119 jeszcze cz\u0119\u015b\u0107 mur\u00f3w i baszty stoj\u0105ce niegdy\u015b przy bramie wjazdowej. Spaceruj\u0105c uliczkami centrum mo\u017cemy z niemal ka\u017cdego punktu zobaczy\u0107 wie\u017c\u0119 <strong>warownego ko\u015bcio\u0142a Santa Margarita<\/strong> (Sf\u00e2nta Margareta), z zegarem wie\u017cowym pokazuj\u0105cym fazy ksi\u0119\u017cyca. Znana by\u0142a jako wie\u017ca &#8220;Tr\u0105bka&#8221; (1450), kt\u00f3rej wysoko\u015b\u0107 prawie 75 m t\u0142umaczy si\u0119 tym, \u017ce s\u0142u\u017cy\u0142a do alarmowania, gdy na horyzoncie widziano wrog\u00f3w. W obronie ko\u015bcio\u0142a stoi kilka wie\u017c, z kt\u00f3rych wie\u017ca &#8220;Krawc\u00f3w&#8221; jest t\u0105, w kt\u00f3rej podobno wi\u0119ziony by\u0142 Vlad Tepes (Dracula) w 1467 r. <\/p>\n<p>.<\/p>\n<p>\nKolorowe fasady dom\u00f3w w centrum miasta ubarwiaj\u0105 miasto i oferuj\u0105 poczt\u00f3wkowe zdj\u0119cia. Inne miejsca warte odwiedzenia to domy muzealne germa\u0144skiego my\u015bliciela Stephana Ludwiga Rotha, Dw\u00f3r Schullera (1588), niegdy\u015b siedziba siedmiogrodzkiego Sejmu<\/p>\n<p>\nWina <strong>z Tirnavy<\/strong> &#8211; dop\u0142ywu rzeki Mures, kt\u00f3ra przep\u0142ywa przez Medias &#8211; s\u0105 \u015bwietnej jako\u015bci, stanowi\u0105c jeden z wa\u017cnych obszar\u00f3w winiarskich w Rumunii.<\/p>\n<p>\n26 km od Medias znajduje si\u0119 <a href=\"https:\/\/roadtoromania.com\/pl\/zabytki-rumunii-co-zobaczyc-w-rumunii\/biertan\/\"> <strong>Biertan<\/strong><\/a> , jeden z ko\u015bcio\u0142\u00f3w warownych wpisanych na list\u0119 dziedzictwa Unesco i godna polecenia wycieczka, kt\u00f3ra pozwoli pozna\u0107 sakso\u0144sk\u0105 przesz\u0142o\u015b\u0107 regionu Transylwanii. Kolejnym z takich obiekt\u00f3w jest oddalony o zaledwie 10 km ko\u015bci\u00f3\u0142 w <strong>Mosna<\/strong> lub ko\u015bci\u00f3\u0142 w <strong>Valea Viilor<\/strong> , po\u0142o\u017cony w\u015br\u00f3d winnic i zachowuj\u0105cy saskie meble z XVI w.<\/p>\n<p>\nW odleg\u0142o\u015bci 18 km znajduje si\u0119 <strong>Bazna<\/strong> , kt\u00f3ra opr\u00f3cz kolejnego ko\u015bcio\u0142a warownego znana jest z jako\u015bci wody mineralnej i b\u0142ota, co t\u0142umaczy obecno\u015b\u0107 uzdrowiska (wzmiankowanego ju\u017c w 1302 roku).<\/p>\n<h2>\nMapa Medias<\/h2>\n","protected":false},"excerpt":{"rendered":"<p>Po Sibiu , Medias jest drugim miastem departamentu, jednym z tych, kt\u00f3re tworz\u0105 region Transylwania . Koniunktura przemys\u0142owa wynikaj\u0105ca ze z\u0142\u00f3\u017c gazu spowodowa\u0142a o\u017cywienie gospodarcze w mie\u015bcie. Ko\u015bci\u00f3\u0142 i klasztor franciszka\u0144ski w Medias Historia medi\u00f3w Za\u0142o\u017cona na miejscu rzymskiego miasta, Medias, jak wiele miast Transylwanii przez saskich osadnik\u00f3w, by\u0142 o\u015brodkiem handlowym o pewnym znaczeniu w &hellip;<\/p>\n<p class=\"read-more\"> <a class=\"\" href=\"https:\/\/roadtoromania.com\/pl\/miasta-i-regiony-rumunii\/ponczochy\/\"> <span class=\"screen-reader-text\">Po\u0144czochy<\/span> Read More \u00bb<\/a><\/p>\n","protected":false},"author":1,"featured_media":1280,"parent":3588,"menu_order":0,"comment_status":"open","ping_status":"open","template":"","meta":{"site-sidebar-layout":"default","site-content-layout":"default","ast-global-header-display":"","ast-main-header-display":"","ast-hfb-above-header-display":"","ast-hfb-below-header-display":"","ast-hfb-mobile-header-display":"","site-post-title":"","ast-breadcrumbs-content":"","ast-featured-img":"","footer-sml-layout":"","theme-transparent-header-meta":"default","adv-header-id-meta":"","stick-header-meta":"","header-above-stick-meta":"","header-main-stick-meta":"","header-below-stick-meta":"","footnotes":""},"class_list":["post-3631","page","type-page","status-publish","has-post-thumbnail","hentry"],"yoast_head":"<!-- This site is optimized with the Yoast SEO plugin v19.10 - https:\/\/yoast.com\/wordpress\/plugins\/seo\/ -->\n<title>Po\u0144czochy - Road to Romania<\/title>\n<meta name=\"robots\" content=\"index, follow, max-snippet:-1, max-image-preview:large, max-video-preview:-1\" \/>\n<link rel=\"canonical\" href=\"https:\/\/roadtoromania.com\/pl\/miasta-i-regiony-rumunii\/ponczochy\/\" \/>\n<meta property=\"og:locale\" content=\"pl_PL\" \/>\n<meta property=\"og:type\" content=\"article\" \/>\n<meta property=\"og:title\" content=\"Po\u0144czochy - Road to Romania\" \/>\n<meta property=\"og:description\" content=\"Po Sibiu , Medias jest drugim miastem departamentu, jednym z tych, kt\u00f3re tworz\u0105 region Transylwania . Koniunktura przemys\u0142owa wynikaj\u0105ca ze z\u0142\u00f3\u017c gazu spowodowa\u0142a o\u017cywienie gospodarcze w mie\u015bcie. Ko\u015bci\u00f3\u0142 i klasztor franciszka\u0144ski w Medias Historia medi\u00f3w Za\u0142o\u017cona na miejscu rzymskiego miasta, Medias, jak wiele miast Transylwanii przez saskich osadnik\u00f3w, by\u0142 o\u015brodkiem handlowym o pewnym znaczeniu w &hellip; Po\u0144czochy Read More \u00bb\" \/>\n<meta property=\"og:url\" content=\"https:\/\/roadtoromania.com\/pl\/miasta-i-regiony-rumunii\/ponczochy\/\" \/>\n<meta property=\"og:site_name\" content=\"Road to Romania\" \/>\n<meta property=\"article:modified_time\" content=\"2022-10-21T18:32:26+00:00\" \/>\n<meta property=\"og:image\" content=\"https:\/\/roadtoromania.com\/wp-content\/uploads\/2022\/10\/iglesia_medias-1.jpg\" \/>\n\t<meta property=\"og:image:width\" content=\"700\" \/>\n\t<meta property=\"og:image:height\" content=\"700\" \/>\n\t<meta property=\"og:image:type\" content=\"image\/jpeg\" \/>\n<meta name=\"twitter:card\" content=\"summary_large_image\" \/>\n<meta name=\"twitter:label1\" content=\"Szacowany czas czytania\" \/>\n\t<meta name=\"twitter:data1\" content=\"2 minuty\" \/>\n<script type=\"application\/ld+json\" class=\"yoast-schema-graph\">{\"@context\":\"https:\/\/schema.org\",\"@graph\":[{\"@type\":\"WebPage\",\"@id\":\"https:\/\/roadtoromania.com\/pl\/miasta-i-regiony-rumunii\/ponczochy\/\",\"url\":\"https:\/\/roadtoromania.com\/pl\/miasta-i-regiony-rumunii\/ponczochy\/\",\"name\":\"Po\u0144czochy - Road to Romania\",\"isPartOf\":{\"@id\":\"https:\/\/roadtoromania.com\/pl\/#website\"},\"datePublished\":\"2022-10-15T18:40:11+00:00\",\"dateModified\":\"2022-10-21T18:32:26+00:00\",\"breadcrumb\":{\"@id\":\"https:\/\/roadtoromania.com\/pl\/miasta-i-regiony-rumunii\/ponczochy\/#breadcrumb\"},\"inLanguage\":\"pl-PL\",\"potentialAction\":[{\"@type\":\"ReadAction\",\"target\":[\"https:\/\/roadtoromania.com\/pl\/miasta-i-regiony-rumunii\/ponczochy\/\"]}]},{\"@type\":\"BreadcrumbList\",\"@id\":\"https:\/\/roadtoromania.com\/pl\/miasta-i-regiony-rumunii\/ponczochy\/#breadcrumb\",\"itemListElement\":[{\"@type\":\"ListItem\",\"position\":1,\"name\":\"Home\",\"item\":\"https:\/\/roadtoromania.com\/pl\/\"},{\"@type\":\"ListItem\",\"position\":2,\"name\":\"Miasta i regiony Rumunii\",\"item\":\"https:\/\/roadtoromania.com\/pl\/miasta-i-regiony-rumunii\/\"},{\"@type\":\"ListItem\",\"position\":3,\"name\":\"Po\u0144czochy\"}]},{\"@type\":\"WebSite\",\"@id\":\"https:\/\/roadtoromania.com\/pl\/#website\",\"url\":\"https:\/\/roadtoromania.com\/pl\/\",\"name\":\"Road to Romania\",\"description\":\"Blog, na kt\u00f3rym znajdziesz wszystkie informacje potrzebne do korzystania z Rumunii.\",\"potentialAction\":[{\"@type\":\"SearchAction\",\"target\":{\"@type\":\"EntryPoint\",\"urlTemplate\":\"https:\/\/roadtoromania.com\/pl\/?s={search_term_string}\"},\"query-input\":\"required name=search_term_string\"}],\"inLanguage\":\"pl-PL\"}]}<\/script>\n<!-- \/ Yoast SEO plugin. -->","yoast_head_json":{"title":"Po\u0144czochy - Road to Romania","robots":{"index":"index","follow":"follow","max-snippet":"max-snippet:-1","max-image-preview":"max-image-preview:large","max-video-preview":"max-video-preview:-1"},"canonical":"https:\/\/roadtoromania.com\/pl\/miasta-i-regiony-rumunii\/ponczochy\/","og_locale":"pl_PL","og_type":"article","og_title":"Po\u0144czochy - Road to Romania","og_description":"Po Sibiu , Medias jest drugim miastem departamentu, jednym z tych, kt\u00f3re tworz\u0105 region Transylwania . Koniunktura przemys\u0142owa wynikaj\u0105ca ze z\u0142\u00f3\u017c gazu spowodowa\u0142a o\u017cywienie gospodarcze w mie\u015bcie. Ko\u015bci\u00f3\u0142 i klasztor franciszka\u0144ski w Medias Historia medi\u00f3w Za\u0142o\u017cona na miejscu rzymskiego miasta, Medias, jak wiele miast Transylwanii przez saskich osadnik\u00f3w, by\u0142 o\u015brodkiem handlowym o pewnym znaczeniu w &hellip; Po\u0144czochy Read More \u00bb","og_url":"https:\/\/roadtoromania.com\/pl\/miasta-i-regiony-rumunii\/ponczochy\/","og_site_name":"Road to Romania","article_modified_time":"2022-10-21T18:32:26+00:00","og_image":[{"width":700,"height":700,"url":"https:\/\/roadtoromania.com\/wp-content\/uploads\/2022\/10\/iglesia_medias-1.jpg","type":"image\/jpeg"}],"twitter_card":"summary_large_image","twitter_misc":{"Szacowany czas czytania":"2 minuty"},"schema":{"@context":"https:\/\/schema.org","@graph":[{"@type":"WebPage","@id":"https:\/\/roadtoromania.com\/pl\/miasta-i-regiony-rumunii\/ponczochy\/","url":"https:\/\/roadtoromania.com\/pl\/miasta-i-regiony-rumunii\/ponczochy\/","name":"Po\u0144czochy - Road to Romania","isPartOf":{"@id":"https:\/\/roadtoromania.com\/pl\/#website"},"datePublished":"2022-10-15T18:40:11+00:00","dateModified":"2022-10-21T18:32:26+00:00","breadcrumb":{"@id":"https:\/\/roadtoromania.com\/pl\/miasta-i-regiony-rumunii\/ponczochy\/#breadcrumb"},"inLanguage":"pl-PL","potentialAction":[{"@type":"ReadAction","target":["https:\/\/roadtoromania.com\/pl\/miasta-i-regiony-rumunii\/ponczochy\/"]}]},{"@type":"BreadcrumbList","@id":"https:\/\/roadtoromania.com\/pl\/miasta-i-regiony-rumunii\/ponczochy\/#breadcrumb","itemListElement":[{"@type":"ListItem","position":1,"name":"Home","item":"https:\/\/roadtoromania.com\/pl\/"},{"@type":"ListItem","position":2,"name":"Miasta i regiony Rumunii","item":"https:\/\/roadtoromania.com\/pl\/miasta-i-regiony-rumunii\/"},{"@type":"ListItem","position":3,"name":"Po\u0144czochy"}]},{"@type":"WebSite","@id":"https:\/\/roadtoromania.com\/pl\/#website","url":"https:\/\/roadtoromania.com\/pl\/","name":"Road to Romania","description":"Blog, na kt\u00f3rym znajdziesz wszystkie informacje potrzebne do korzystania z Rumunii.","potentialAction":[{"@type":"SearchAction","target":{"@type":"EntryPoint","urlTemplate":"https:\/\/roadtoromania.com\/pl\/?s={search_term_string}"},"query-input":"required name=search_term_string"}],"inLanguage":"pl-PL"}]}},"_links":{"self":[{"href":"https:\/\/roadtoromania.com\/pl\/wp-json\/wp\/v2\/pages\/3631","targetHints":{"allow":["GET"]}}],"collection":[{"href":"https:\/\/roadtoromania.com\/pl\/wp-json\/wp\/v2\/pages"}],"about":[{"href":"https:\/\/roadtoromania.com\/pl\/wp-json\/wp\/v2\/types\/page"}],"author":[{"embeddable":true,"href":"https:\/\/roadtoromania.com\/pl\/wp-json\/wp\/v2\/users\/1"}],"replies":[{"embeddable":true,"href":"https:\/\/roadtoromania.com\/pl\/wp-json\/wp\/v2\/comments?post=3631"}],"version-history":[{"count":1,"href":"https:\/\/roadtoromania.com\/pl\/wp-json\/wp\/v2\/pages\/3631\/revisions"}],"predecessor-version":[{"id":3632,"href":"https:\/\/roadtoromania.com\/pl\/wp-json\/wp\/v2\/pages\/3631\/revisions\/3632"}],"up":[{"embeddable":true,"href":"https:\/\/roadtoromania.com\/pl\/wp-json\/wp\/v2\/pages\/3588"}],"wp:featuredmedia":[{"embeddable":true,"href":"https:\/\/roadtoromania.com\/pl\/wp-json\/wp\/v2\/media\/1280"}],"wp:attachment":[{"href":"https:\/\/roadtoromania.com\/pl\/wp-json\/wp\/v2\/media?parent=3631"}],"curies":[{"name":"wp","href":"https:\/\/api.w.org\/{rel}","templated":true}]}}