{"id":3633,"date":"2022-10-15T18:40:11","date_gmt":"2022-10-15T18:40:11","guid":{"rendered":"https:\/\/roadtoromania.com\/miasta-i-regiony-rumunii\/oradea\/"},"modified":"2022-10-21T18:32:26","modified_gmt":"2022-10-21T18:32:26","slug":"oradea","status":"publish","type":"page","link":"https:\/\/roadtoromania.com\/pl\/miasta-i-regiony-rumunii\/oradea\/","title":{"rendered":"Oradea"},"content":{"rendered":"<p> <strong>Oradea<\/strong> w zachodniej cz\u0119\u015bci kraju, bardzo blisko granicy z s\u0105siednimi W\u0119grami, jest stolic\u0105 departamentu Bihor i znacz\u0105cym o\u015brodkiem przemys\u0142owym w zakresie produkcji obuwia, tekstyli\u00f3w i firm metalurgicznych. Nie dziwi wi\u0119c, \u017ce strategiczne po\u0142o\u017cenie miasta na trasie do Budapesztu by\u0142o motorem jego rozwoju.<\/p>\n<p><a href=\"https:\/\/roadtoromania.com\/wp-content\/uploads\/2022\/10\/ayunatmiento_oradea.jpg\"><img decoding=\"async\" src=\"https:\/\/roadtoromania.com\/wp-content\/uploads\/2022\/10\/ayunatmiento_oradea.jpg\" \/><\/a> Urz\u0105d Miasta Oradea<\/p>\n<p>\nTa si\u0142a gospodarcza znajduje odzwierciedlenie w urbanistyce Oradei, ze spokojnymi spacerami po parkach i dobrze zachowan\u0105 architektur\u0105 pomnik\u00f3w i wa\u017cnych budynk\u00f3w. W ostatnich latach wzros\u0142a r\u00f3wnie\u017c turystyka, co potwierdza pi\u0119kno barokowej architektury Oradei.<\/p>\n<h2>\nHistoria Oradei<\/h2>\n<p>\nW \u015bredniowieczu, w czasie gdy Oradea znajdowa\u0142a si\u0119 pod panowaniem w\u0119gierskim, kr\u00f3l W\u0119gier \u015bw. W\u0142adys\u0142aw I za\u0142o\u017cy\u0142 klasztor, kt\u00f3ry by\u0142 jednym z najwa\u017cniejszych miejsc pielgrzymkowych w ca\u0142ej Europie \u015arodkowej.na przestrzeni wiek\u00f3w zmienia\u0142a w\u0142a\u015bcicieli ze wzgl\u0119du na swoje po\u0142o\u017cenie graniczne, b\u0119d\u0105c cz\u0119\u015bci\u0105 Ksi\u0119stwa Siedmiogrodu, orbity tureckiej lub Imperium Habsburg\u00f3w.<\/p>\n<p>\nUniwersytet  z du\u017c\u0105 liczb\u0105 wydzia\u0142\u00f3w i student\u00f3w Erasmusa przyje\u017cd\u017caj\u0105cych z ca\u0142ej Europy, r\u00f3wnie\u017c przyczyni\u0142 si\u0119 do umieszczenia Oradei na mapie Rumunii.<\/p>\n<p>\nBarokowa urbanistyka, kt\u00f3r\u0105 widzimy dzisiaj, jest spu\u015bcizn\u0105 po pracy <strong>Franza Antona Hillebrandta<\/strong> , kt\u00f3ry zaprojektowa\u0142 nowe miasto z wp\u0142ywami barokowymi w budynkach administracyjnych i prywatnych od po\u0142owy XVIII w.<\/p>\n<p>\nNajwybitniejszym jest dawny <strong>pa\u0142ac biskupi<\/strong> , najwi\u0119ksza barokowa budowla w kraju, kt\u00f3r\u0105 Austriak Hillebrandt skopiowa\u0142 na wz\u00f3r wiede\u0144skiego Belwederu. Jego kszta\u0142t litery U ma ciekawostk\u0119: 365 okien, po jednym na ka\u017cdy dzie\u0144 roku, ponad 120 pokoi bogato zdobionych freskami, w kt\u00f3rych nocowa\u0142a cesarzowa Maria Teresa podczas swojej transylwa\u0144skiej podr\u00f3\u017cy. Dzi\u015b mie\u015bci si\u0119 w nim imponuj\u0105ce <strong>muzeum \u0162\u0103rii Cri\u015furilor (nazwane tak od trzech odn\u00f3g rzeki przep\u0142ywaj\u0105cej przez miasto), z dzia\u0142ami historii, sztuki, nauk przyrodniczych i etnografii, w tym kolekcj\u0105 tysi\u0119cy i tysi\u0119cy malowanych jaj, jednej z najbardziej charakterystycznych tradycji Europy \u015arodkowo-Wschodniej.<\/p>\n<p><a href=\"https:\/\/roadtoromania.com\/wp-content\/uploads\/2022\/10\/museo_oradea.jpg\"><img decoding=\"async\" src=\"data:image\/gif;base64,R0lGODdhAQABAPAAAMPDwwAAACwAAAAAAQABAAACAkQBADs=\" \/><\/a> Muzeum \u0162\u0103rii Cri\u015furilor<\/p>\n<p>\nKolejn\u0105 barokow\u0105 budowl\u0105 jest <strong>rzymsko-katolicka katedra<\/strong> , ponownie najwi\u0119ksza w kraju, wzniesiona w drugiej po\u0142owie XVIII wieku, tym razem przez architekta Giambattist\u0119 Ricca, z marmurow\u0105 zewn\u0119trzn\u0105 cz\u0119\u015bci\u0105, kt\u00f3ra nie szcz\u0119dzi\u0142a \u015brodk\u00f3w.<\/p>\n<p>\nNasza wycieczka po centrum miasta prowadzi nas do <strong>Cytadeli<\/strong> , obszaru wok\u00f3\u0142 kt\u00f3rego powsta\u0142a Oradea, zbudowanego w XI wieku, a przebudowanego w XVIII wieku, kiedy to w\u0142oscy architekci poprawili jego funkcjonalno\u015b\u0107. Zosta\u0142 zniszczony przez Turk\u00f3w w 1241 r. <\/p>\n<p>.<br \/>\n<a href=\"https:\/\/roadtoromania.com\/wp-content\/uploads\/2022\/10\/reloj_oradea.jpg\"><img decoding=\"async\" src=\"data:image\/gif;base64,R0lGODdhAQABAPAAAMPDwwAAACwAAAAAAQABAAACAkQBADs=\" \/><\/a> Szczeg\u00f3\u0142 zegara ksi\u0119\u017cycowego w Biserica ca Luna<\/p>\n<p>\nPod\u0105\u017caj\u0105c szlakiem docieramy do <strong>Biserica ca Luna<\/strong> (1784), barokowej i neoklasycznej cerkwi ordynackiej w Oradei, z zegarem pokazuj\u0105cym fazy ksi\u0119\u017cyca na gigantycznej tarczy, mechanicznym automatem wykonanym przez braci R\u00fcpper.<\/p>\n<p>\nNa trasie przejazdu przez miasto nie spos\u00f3b pomin\u0105\u0107 korytarza kanonik\u00f3w, teatru pa\u0144stwowego (1900 r.), hotelu Vulturul Negru &#8211; lyberty\u0144sko-modernistycznego budynku z 1908 r., domu kultury czy dom\u00f3w muzealnych niekt\u00f3rych wybitnych osobisto\u015bci Oradei, takich jak Ady Endre czy Iosof Vulcan <\/p>\n<p>.<\/p>\n<p>\nNa wiecz\u00f3r polecamy Pa\u0142ac Czarnego Or\u0142a, oszklon\u0105 galeri\u0119 w stylu Via Umberto w Mediolanie, ze sklepami, kawiarniami, kinami i barami, w kt\u00f3rych mo\u017cna spr\u00f3bowa\u0107 rumu\u0144skich piw.<\/p>\n<h2>\n <strong>Wycieczki z Oradei<\/strong> <\/h2>\n<p>\nOko\u0142o 12 km od Oradei, na po\u0142udnie, warto sp\u0119dzi\u0107 dzie\u0144 w <strong>Baile Felix Thermal Spa<\/strong> , relaksuj\u0105c si\u0119 w jego leczniczych k\u0105pielach.<\/p>\n<h2>\n <strong>Jak dojecha\u0107 do<\/strong> <strong>Oradea<\/strong> <\/h2>\n<p>\nZar\u00f3wno samolotem z lotami z Bukaresztu, jak i poci\u0105giem i autobusem z r\u00f3\u017cnych miast Rumunii, w tym tras\u0105 kolejow\u0105 z Budapesztu, stolicy W\u0119gier, do Cluj Napuca.<\/p>\n<p> Mapa Oradei<\/strong> <\/h2>\n<p>\n<a href=\"https:\/\/roadtoromania.com\/wp-content\/uploads\/2022\/10\/mapa_turismo_oradea.jpg\"><img decoding=\"async\" src=\"data:image\/gif;base64,R0lGODdhAQABAPAAAMPDwwAAACwAAAAAAQABAAACAkQBADs=\" \/><\/a> <\/p>\n","protected":false},"excerpt":{"rendered":"<p>Oradea w zachodniej cz\u0119\u015bci kraju, bardzo blisko granicy z s\u0105siednimi W\u0119grami, jest stolic\u0105 departamentu Bihor i znacz\u0105cym o\u015brodkiem przemys\u0142owym w zakresie produkcji obuwia, tekstyli\u00f3w i firm metalurgicznych. Nie dziwi wi\u0119c, \u017ce strategiczne po\u0142o\u017cenie miasta na trasie do Budapesztu by\u0142o motorem jego rozwoju. Urz\u0105d Miasta Oradea Ta si\u0142a gospodarcza znajduje odzwierciedlenie w urbanistyce Oradei, ze spokojnymi &hellip;<\/p>\n<p class=\"read-more\"> <a class=\"\" href=\"https:\/\/roadtoromania.com\/pl\/miasta-i-regiony-rumunii\/oradea\/\"> <span class=\"screen-reader-text\">Oradea<\/span> Read More \u00bb<\/a><\/p>\n","protected":false},"author":1,"featured_media":1288,"parent":3588,"menu_order":0,"comment_status":"open","ping_status":"open","template":"","meta":{"site-sidebar-layout":"default","site-content-layout":"default","ast-global-header-display":"","ast-main-header-display":"","ast-hfb-above-header-display":"","ast-hfb-below-header-display":"","ast-hfb-mobile-header-display":"","site-post-title":"","ast-breadcrumbs-content":"","ast-featured-img":"","footer-sml-layout":"","theme-transparent-header-meta":"","adv-header-id-meta":"","stick-header-meta":"","header-above-stick-meta":"","header-main-stick-meta":"","header-below-stick-meta":"","footnotes":""},"class_list":["post-3633","page","type-page","status-publish","has-post-thumbnail","hentry"],"yoast_head":"<!-- This site is optimized with the Yoast SEO plugin v19.10 - https:\/\/yoast.com\/wordpress\/plugins\/seo\/ -->\n<title>Oradea - Road to Romania<\/title>\n<meta name=\"robots\" content=\"index, follow, max-snippet:-1, max-image-preview:large, max-video-preview:-1\" \/>\n<link rel=\"canonical\" href=\"https:\/\/roadtoromania.com\/pl\/miasta-i-regiony-rumunii\/oradea\/\" \/>\n<meta property=\"og:locale\" content=\"pl_PL\" \/>\n<meta property=\"og:type\" content=\"article\" \/>\n<meta property=\"og:title\" content=\"Oradea - Road to Romania\" \/>\n<meta property=\"og:description\" content=\"Oradea w zachodniej cz\u0119\u015bci kraju, bardzo blisko granicy z s\u0105siednimi W\u0119grami, jest stolic\u0105 departamentu Bihor i znacz\u0105cym o\u015brodkiem przemys\u0142owym w zakresie produkcji obuwia, tekstyli\u00f3w i firm metalurgicznych. Nie dziwi wi\u0119c, \u017ce strategiczne po\u0142o\u017cenie miasta na trasie do Budapesztu by\u0142o motorem jego rozwoju. Urz\u0105d Miasta Oradea Ta si\u0142a gospodarcza znajduje odzwierciedlenie w urbanistyce Oradei, ze spokojnymi &hellip; Oradea Read More \u00bb\" \/>\n<meta property=\"og:url\" content=\"https:\/\/roadtoromania.com\/pl\/miasta-i-regiony-rumunii\/oradea\/\" \/>\n<meta property=\"og:site_name\" content=\"Road to Romania\" \/>\n<meta property=\"article:modified_time\" content=\"2022-10-21T18:32:26+00:00\" \/>\n<meta property=\"og:image\" content=\"https:\/\/roadtoromania.com\/wp-content\/uploads\/2022\/10\/ayunatmiento_oradea-1.jpg\" \/>\n\t<meta property=\"og:image:width\" content=\"768\" \/>\n\t<meta property=\"og:image:height\" content=\"568\" \/>\n\t<meta property=\"og:image:type\" content=\"image\/jpeg\" \/>\n<meta name=\"twitter:card\" content=\"summary_large_image\" \/>\n<meta name=\"twitter:label1\" content=\"Szacowany czas czytania\" \/>\n\t<meta name=\"twitter:data1\" content=\"3 minuty\" \/>\n<script type=\"application\/ld+json\" class=\"yoast-schema-graph\">{\"@context\":\"https:\/\/schema.org\",\"@graph\":[{\"@type\":\"WebPage\",\"@id\":\"https:\/\/roadtoromania.com\/pl\/miasta-i-regiony-rumunii\/oradea\/\",\"url\":\"https:\/\/roadtoromania.com\/pl\/miasta-i-regiony-rumunii\/oradea\/\",\"name\":\"Oradea - Road to Romania\",\"isPartOf\":{\"@id\":\"https:\/\/roadtoromania.com\/pl\/#website\"},\"datePublished\":\"2022-10-15T18:40:11+00:00\",\"dateModified\":\"2022-10-21T18:32:26+00:00\",\"breadcrumb\":{\"@id\":\"https:\/\/roadtoromania.com\/pl\/miasta-i-regiony-rumunii\/oradea\/#breadcrumb\"},\"inLanguage\":\"pl-PL\",\"potentialAction\":[{\"@type\":\"ReadAction\",\"target\":[\"https:\/\/roadtoromania.com\/pl\/miasta-i-regiony-rumunii\/oradea\/\"]}]},{\"@type\":\"BreadcrumbList\",\"@id\":\"https:\/\/roadtoromania.com\/pl\/miasta-i-regiony-rumunii\/oradea\/#breadcrumb\",\"itemListElement\":[{\"@type\":\"ListItem\",\"position\":1,\"name\":\"Home\",\"item\":\"https:\/\/roadtoromania.com\/pl\/\"},{\"@type\":\"ListItem\",\"position\":2,\"name\":\"Miasta i regiony Rumunii\",\"item\":\"https:\/\/roadtoromania.com\/pl\/miasta-i-regiony-rumunii\/\"},{\"@type\":\"ListItem\",\"position\":3,\"name\":\"Oradea\"}]},{\"@type\":\"WebSite\",\"@id\":\"https:\/\/roadtoromania.com\/pl\/#website\",\"url\":\"https:\/\/roadtoromania.com\/pl\/\",\"name\":\"Road to Romania\",\"description\":\"Blog, na kt\u00f3rym znajdziesz wszystkie informacje potrzebne do korzystania z Rumunii.\",\"potentialAction\":[{\"@type\":\"SearchAction\",\"target\":{\"@type\":\"EntryPoint\",\"urlTemplate\":\"https:\/\/roadtoromania.com\/pl\/?s={search_term_string}\"},\"query-input\":\"required name=search_term_string\"}],\"inLanguage\":\"pl-PL\"}]}<\/script>\n<!-- \/ Yoast SEO plugin. -->","yoast_head_json":{"title":"Oradea - Road to Romania","robots":{"index":"index","follow":"follow","max-snippet":"max-snippet:-1","max-image-preview":"max-image-preview:large","max-video-preview":"max-video-preview:-1"},"canonical":"https:\/\/roadtoromania.com\/pl\/miasta-i-regiony-rumunii\/oradea\/","og_locale":"pl_PL","og_type":"article","og_title":"Oradea - Road to Romania","og_description":"Oradea w zachodniej cz\u0119\u015bci kraju, bardzo blisko granicy z s\u0105siednimi W\u0119grami, jest stolic\u0105 departamentu Bihor i znacz\u0105cym o\u015brodkiem przemys\u0142owym w zakresie produkcji obuwia, tekstyli\u00f3w i firm metalurgicznych. Nie dziwi wi\u0119c, \u017ce strategiczne po\u0142o\u017cenie miasta na trasie do Budapesztu by\u0142o motorem jego rozwoju. Urz\u0105d Miasta Oradea Ta si\u0142a gospodarcza znajduje odzwierciedlenie w urbanistyce Oradei, ze spokojnymi &hellip; Oradea Read More \u00bb","og_url":"https:\/\/roadtoromania.com\/pl\/miasta-i-regiony-rumunii\/oradea\/","og_site_name":"Road to Romania","article_modified_time":"2022-10-21T18:32:26+00:00","og_image":[{"width":768,"height":568,"url":"https:\/\/roadtoromania.com\/wp-content\/uploads\/2022\/10\/ayunatmiento_oradea-1.jpg","type":"image\/jpeg"}],"twitter_card":"summary_large_image","twitter_misc":{"Szacowany czas czytania":"3 minuty"},"schema":{"@context":"https:\/\/schema.org","@graph":[{"@type":"WebPage","@id":"https:\/\/roadtoromania.com\/pl\/miasta-i-regiony-rumunii\/oradea\/","url":"https:\/\/roadtoromania.com\/pl\/miasta-i-regiony-rumunii\/oradea\/","name":"Oradea - Road to Romania","isPartOf":{"@id":"https:\/\/roadtoromania.com\/pl\/#website"},"datePublished":"2022-10-15T18:40:11+00:00","dateModified":"2022-10-21T18:32:26+00:00","breadcrumb":{"@id":"https:\/\/roadtoromania.com\/pl\/miasta-i-regiony-rumunii\/oradea\/#breadcrumb"},"inLanguage":"pl-PL","potentialAction":[{"@type":"ReadAction","target":["https:\/\/roadtoromania.com\/pl\/miasta-i-regiony-rumunii\/oradea\/"]}]},{"@type":"BreadcrumbList","@id":"https:\/\/roadtoromania.com\/pl\/miasta-i-regiony-rumunii\/oradea\/#breadcrumb","itemListElement":[{"@type":"ListItem","position":1,"name":"Home","item":"https:\/\/roadtoromania.com\/pl\/"},{"@type":"ListItem","position":2,"name":"Miasta i regiony Rumunii","item":"https:\/\/roadtoromania.com\/pl\/miasta-i-regiony-rumunii\/"},{"@type":"ListItem","position":3,"name":"Oradea"}]},{"@type":"WebSite","@id":"https:\/\/roadtoromania.com\/pl\/#website","url":"https:\/\/roadtoromania.com\/pl\/","name":"Road to Romania","description":"Blog, na kt\u00f3rym znajdziesz wszystkie informacje potrzebne do korzystania z Rumunii.","potentialAction":[{"@type":"SearchAction","target":{"@type":"EntryPoint","urlTemplate":"https:\/\/roadtoromania.com\/pl\/?s={search_term_string}"},"query-input":"required name=search_term_string"}],"inLanguage":"pl-PL"}]}},"_links":{"self":[{"href":"https:\/\/roadtoromania.com\/pl\/wp-json\/wp\/v2\/pages\/3633","targetHints":{"allow":["GET"]}}],"collection":[{"href":"https:\/\/roadtoromania.com\/pl\/wp-json\/wp\/v2\/pages"}],"about":[{"href":"https:\/\/roadtoromania.com\/pl\/wp-json\/wp\/v2\/types\/page"}],"author":[{"embeddable":true,"href":"https:\/\/roadtoromania.com\/pl\/wp-json\/wp\/v2\/users\/1"}],"replies":[{"embeddable":true,"href":"https:\/\/roadtoromania.com\/pl\/wp-json\/wp\/v2\/comments?post=3633"}],"version-history":[{"count":1,"href":"https:\/\/roadtoromania.com\/pl\/wp-json\/wp\/v2\/pages\/3633\/revisions"}],"predecessor-version":[{"id":3634,"href":"https:\/\/roadtoromania.com\/pl\/wp-json\/wp\/v2\/pages\/3633\/revisions\/3634"}],"up":[{"embeddable":true,"href":"https:\/\/roadtoromania.com\/pl\/wp-json\/wp\/v2\/pages\/3588"}],"wp:featuredmedia":[{"embeddable":true,"href":"https:\/\/roadtoromania.com\/pl\/wp-json\/wp\/v2\/media\/1288"}],"wp:attachment":[{"href":"https:\/\/roadtoromania.com\/pl\/wp-json\/wp\/v2\/media?parent=3633"}],"curies":[{"name":"wp","href":"https:\/\/api.w.org\/{rel}","templated":true}]}}