{"id":3635,"date":"2022-10-15T18:40:11","date_gmt":"2022-10-15T18:40:11","guid":{"rendered":"https:\/\/roadtoromania.com\/miasta-i-regiony-rumunii\/piatra-neamt\/"},"modified":"2022-10-21T18:32:27","modified_gmt":"2022-10-21T18:32:27","slug":"piatra-neamt","status":"publish","type":"page","link":"https:\/\/roadtoromania.com\/pl\/miasta-i-regiony-rumunii\/piatra-neamt\/","title":{"rendered":"Piatra Neamt"},"content":{"rendered":"<p><a href=\"https:\/\/roadtoromania.com\/wp-content\/uploads\/2022\/10\/piatra-neamt-rumania.jpg\"><img decoding=\"async\" src=\"https:\/\/roadtoromania.com\/wp-content\/uploads\/2022\/10\/piatra-neamt-rumania.jpg\" \/><\/a> Widok na Piatra Neamt o zmierzchu<\/p>\n<p>\n&#8220;Sinaia Mo\u0142dawska&#8221;, miasto <strong>Piatra Neamt<\/strong> , nazywane r\u00f3wnie\u017c &#8220;per\u0142\u0105 Mo\u0142dawii&#8221; ze wzgl\u0119du na swoj\u0105 bogat\u0105 architektur\u0119 jest pomostem pomi\u0119dzy regionami Bukowiny i Transylwanii. Wi\u0119kszo\u015b\u0107 znacz\u0105cych budynk\u00f3w by\u0142a dzie\u0142em Szczepana Wielkiego, monarchy panuj\u0105cego w latach 1457-1504.<\/p>\n<p>\nStolica okr\u0119gu Neamt, \u0142agodny klimat jest jednym z fakt\u00f3w, kt\u00f3re zach\u0119caj\u0105 ludzi do ucieczki od mro\u017anej rumu\u0144skiej zimy i pal\u0105cych letnich upa\u0142\u00f3w. W Piatra Neamt lata s\u0105 kr\u00f3tkie i \u0142agodne, a zimy zazwyczaj nie s\u0105 \u015bnie\u017cne, poprzedzone d\u0142ug\u0105 i przyjemn\u0105 jesieni\u0105.<\/p>\n<p>\nFizjonomi\u0119 osady okre\u015bla rzeka Bistrita, a tak\u017ce liczne inne zasoby wodne, kt\u00f3re umo\u017cliwi\u0142y powstanie obiecuj\u0105cego przemys\u0142u hydroelektrycznego, mno\u017c\u0105cych si\u0119 elektrowni i zap\u00f3r, s\u0142u\u017c\u0105cych do kontrolowania przep\u0142ywu rzek, kt\u00f3re generowa\u0142y liczne katastrofy z powodziami, gdy si\u0119 przela\u0142y.<\/p>\n<p><a href=\"https:\/\/roadtoromania.com\/wp-content\/uploads\/2022\/10\/piatra-neamt.jpg\"><img decoding=\"async\" src=\"https:\/\/roadtoromania.com\/wp-content\/uploads\/2022\/10\/piatra-neamt.jpg\" \/><\/a> Telegondola, kolejka linowa w Piatra Neamt<\/p>\n<h2>\n <strong>Co zobaczy\u0107 w Piatra Neamt<\/strong> <\/h2>\n<p>\nJedn\u0105 z atrakcji Piatra Neamt jest kolejka linowa, znana jako <strong>Telegondola<\/strong> . Startuje z dworca kolejowego i wspina si\u0119 na 657 metr\u00f3w w G\u00f3rach Cozla. Dzia\u0142a od wtorku do niedzieli w godzinach 10:00-22:00 i ma zni\u017cki dla grup powy\u017cej 20 os\u00f3b, student\u00f3w i dzieci do lat 14.Podr\u00f3\u017c jedn\u0105 z 22 gondoli trwa oko\u0142o 6 minut na odcinku oko\u0142o 2 km i oferuje widok z lotu ptaka na Piatra Neamt.<\/p>\n<p>\nW mie\u015bcie znajduje si\u0119 kilka <strong>muze\u00f3w<\/strong> interesuj\u0105cych, pocz\u0105wszy od <strong>Muzeum Historii Neolitu<\/strong> , przy Stefan cel Mare nr 3. Region jest zamieszkany od okresu neolitu i znajduj\u0105 si\u0119 tu wa\u017cne stanowiska archeologiczne, m.in. kultury Cucuteni. Otwarty w 2005 roku w budynku zaprojektowanym przez architekta Carol Zani w latach 1928-30, a ozdobionym przez rze\u017abiarza Vincenzo Puschiasis.<\/p>\n<p>\nDrugim muzeum w mie\u015bcie jest etnograficzne  , z wystawami tradycyjnej sztuki i lokalnego folkloru, ze strojami i przedmiotami codziennego u\u017cytku ch\u0142op\u00f3w doliny Bistrita z ostatnich wiek\u00f3w. Trzecim, na kt\u00f3ry chcieliby\u015bmy zwr\u00f3ci\u0107 uwag\u0119, jest dzia\u0142 nauk przyrodniczych, w kt\u00f3rym opr\u00f3cz sekcji botanicznych, paleontologicznych i zoologicznych, w centrum uwagi znajduj\u0105 si\u0119 skamienia\u0142e ryby <\/p>\n<p>.<\/p>\n<p>\nInne muzea to <strong>Muzeum Historii<\/strong> , kt\u00f3re posiada ekspozycj\u0119 zbior\u00f3w archeologicznych z epoki br\u0105zu i Geto-Dacii; oraz <strong>Muzeum Sztuki<\/strong> , kt\u00f3re posiada obrazy, grafiki i rze\u017aby lokalnych artyst\u00f3w, takich jak Ion Tuculescu, Nicolae Tonitza, Corneliu Baba czy Lascar Vorel.<\/p>\n<p><a href=\"https:\/\/roadtoromania.com\/wp-content\/uploads\/2022\/10\/piatra_neamt.jpg\"><img decoding=\"async\" src=\"data:image\/gif;base64,R0lGODdhAQABAPAAAMPDwwAAACwAAAAAAQABAAACAkQBADs=\" \/><\/a> Wie\u017ca zegarowa na Piatra Libertatii<\/p>\n<p>\nWok\u00f3\u0142 <strong>placu Libertatii<\/strong> skupiona jest wi\u0119kszo\u015b\u0107 wa\u017cnych zabytk\u00f3w Piatra Neamt. Jednym z g\u0142\u00f3wnych jest <strong>Corte Principesca<\/strong> , kt\u00f3rego g\u0142\u00f3wnym elementem jest <strong>Ko\u015bci\u00f3\u0142 \u015bw. Jana<\/strong> (Biserica SF Ioan), w stylu mo\u0142dawskim z elementami bizantyjskimi i konsekrowany w czasach Szczepana Wielkiego. Polichromowane \u015bciany zewn\u0119trzne s\u0105 bardzo atrakcyjne. Na tym samym placu wie\u017ca <strong>zegarowa<\/strong> z 1499 roku s\u0142u\u017cy\u0142a jako punkt obserwacyjny nad miastem.<\/p>\n<p>\nWarto te\u017c odwiedzi\u0107 drewnian\u0105 synagog\u0119 z 1766 r., dack\u0105 cytadel\u0119 B\u00e2tca Doamnei na wzg\u00f3rzu po prawej stronie rzeki Bistrita oraz XVI-wieczny ko\u015bci\u00f3\u0142 Przemienienia Pa\u0144skiego z kolorowymi oknami ozdobionymi motywami geometrycznymi.<\/p>\n<p>\nNa zako\u0144czenie zwiedzania Piatra Neamt mo\u017cemy odwiedzi\u0107 <strong>&#8220;domy szlacheckie&#8221;<\/strong> Lalu i Paharnicului, luksusowe rezydencje z pocz\u0105tku XX wieku. Obecnie zosta\u0142y one przekszta\u0142cone na cele publiczne lub w przypadku tego ostatniego na restauracj\u0119 i dom towarowy.<\/p>\n<p>\nNa obrze\u017cach Piatra Neamt, ok. 7 km samochodem pod\u0105\u017caj\u0105c drog\u0105 nr 15 na zach\u00f3d, docieramy do <strong>klasztoru Bistrita<\/strong> , ufundowanego w 1407 r. przez Alexandru cel Bun w czasie trwania wojew\u00f3dztwa. P\u00f3\u0142tora wieku p\u00f3\u017aniej zosta\u0142 doko\u0144czony przez ksi\u0119cia Alexandru Lapusneanu i sta\u0142 si\u0119 wa\u017cnym o\u015brodkiem religijnym i kulturalnym.<\/p>\n<p>\nJe\u015bli zrobimy tras\u0119 przez ten region, to mo\u017cemy zrobi\u0107 punkt, aby odwiedzi\u0107 <strong>klasztory<\/strong> Agapii, w malowniczym otoczeniu bujnej przyrody; Varatac, Secu lub Sihastria. Na szczeg\u00f3ln\u0105 uwag\u0119 zas\u0142uguje klasztor Neamt <\/p>\n<p>.<\/p>\n<p>\nBlisko\u015b\u0107 Bicaz daje nam mo\u017cliwo\u015b\u0107 wybrania si\u0119 na tras\u0119 przez imponuj\u0105ce <a href=\"https:\/\/roadtoromania.com\/pl\/charakter-rumunii\/wawozy-bicaz\/\"> <strong>w\u0105wozy Bicaz<\/strong><\/a> , podziurawione przez erozj\u0119 wodn\u0105, pod\u0105\u017caj\u0105c panoramiczn\u0105 drog\u0105, kt\u00f3ra zaprowadzi nas do <strong>Lacu Rossu<\/strong> , alpejskiego jeziora, gdzie mo\u017cemy cieszy\u0107 si\u0119 natur\u0105. Na p\u00f3\u0142noc od Pietra Neamt istnieje mo\u017cliwo\u015b\u0107 skorzystania z trasy przez <a href=\"https:\/\/roadtoromania.com\/pl\/bukowina-i-jej-klasztory\/\"> <strong>Bucovina<\/strong><\/a> , odwiedzaj\u0105c <strong>malowane klasztory<\/strong> wpisane na list\u0119 \u015bwiatowego dziedzictwa<\/p>\n<h2>\nMapa Piatra Neamt<\/h2>\n","protected":false},"excerpt":{"rendered":"<p>Widok na Piatra Neamt o zmierzchu &#8220;Sinaia Mo\u0142dawska&#8221;, miasto Piatra Neamt , nazywane r\u00f3wnie\u017c &#8220;per\u0142\u0105 Mo\u0142dawii&#8221; ze wzgl\u0119du na swoj\u0105 bogat\u0105 architektur\u0119 jest pomostem pomi\u0119dzy regionami Bukowiny i Transylwanii. Wi\u0119kszo\u015b\u0107 znacz\u0105cych budynk\u00f3w by\u0142a dzie\u0142em Szczepana Wielkiego, monarchy panuj\u0105cego w latach 1457-1504. Stolica okr\u0119gu Neamt, \u0142agodny klimat jest jednym z fakt\u00f3w, kt\u00f3re zach\u0119caj\u0105 ludzi do ucieczki &hellip;<\/p>\n<p class=\"read-more\"> <a class=\"\" href=\"https:\/\/roadtoromania.com\/pl\/miasta-i-regiony-rumunii\/piatra-neamt\/\"> <span class=\"screen-reader-text\">Piatra Neamt<\/span> Read More \u00bb<\/a><\/p>\n","protected":false},"author":1,"featured_media":1296,"parent":3588,"menu_order":0,"comment_status":"open","ping_status":"open","template":"","meta":{"site-sidebar-layout":"default","site-content-layout":"default","ast-global-header-display":"","ast-main-header-display":"","ast-hfb-above-header-display":"","ast-hfb-below-header-display":"","ast-hfb-mobile-header-display":"","site-post-title":"","ast-breadcrumbs-content":"","ast-featured-img":"","footer-sml-layout":"","theme-transparent-header-meta":"","adv-header-id-meta":"","stick-header-meta":"","header-above-stick-meta":"","header-main-stick-meta":"","header-below-stick-meta":"","footnotes":""},"class_list":["post-3635","page","type-page","status-publish","has-post-thumbnail","hentry"],"yoast_head":"<!-- This site is optimized with the Yoast SEO plugin v19.10 - https:\/\/yoast.com\/wordpress\/plugins\/seo\/ -->\n<title>Piatra Neamt - Road to Romania<\/title>\n<meta name=\"robots\" content=\"index, follow, max-snippet:-1, max-image-preview:large, max-video-preview:-1\" \/>\n<link rel=\"canonical\" href=\"https:\/\/roadtoromania.com\/pl\/miasta-i-regiony-rumunii\/piatra-neamt\/\" \/>\n<meta property=\"og:locale\" content=\"pl_PL\" \/>\n<meta property=\"og:type\" content=\"article\" \/>\n<meta property=\"og:title\" content=\"Piatra Neamt - Road to Romania\" \/>\n<meta property=\"og:description\" content=\"Widok na Piatra Neamt o zmierzchu &#8220;Sinaia Mo\u0142dawska&#8221;, miasto Piatra Neamt , nazywane r\u00f3wnie\u017c &#8220;per\u0142\u0105 Mo\u0142dawii&#8221; ze wzgl\u0119du na swoj\u0105 bogat\u0105 architektur\u0119 jest pomostem pomi\u0119dzy regionami Bukowiny i Transylwanii. Wi\u0119kszo\u015b\u0107 znacz\u0105cych budynk\u00f3w by\u0142a dzie\u0142em Szczepana Wielkiego, monarchy panuj\u0105cego w latach 1457-1504. Stolica okr\u0119gu Neamt, \u0142agodny klimat jest jednym z fakt\u00f3w, kt\u00f3re zach\u0119caj\u0105 ludzi do ucieczki &hellip; Piatra Neamt Read More \u00bb\" \/>\n<meta property=\"og:url\" content=\"https:\/\/roadtoromania.com\/pl\/miasta-i-regiony-rumunii\/piatra-neamt\/\" \/>\n<meta property=\"og:site_name\" content=\"Road to Romania\" \/>\n<meta property=\"article:modified_time\" content=\"2022-10-21T18:32:27+00:00\" \/>\n<meta property=\"og:image\" content=\"https:\/\/roadtoromania.com\/wp-content\/uploads\/2022\/10\/piatra-neamt-rumania-1.jpg\" \/>\n\t<meta property=\"og:image:width\" content=\"768\" \/>\n\t<meta property=\"og:image:height\" content=\"507\" \/>\n\t<meta property=\"og:image:type\" content=\"image\/jpeg\" \/>\n<meta name=\"twitter:card\" content=\"summary_large_image\" \/>\n<meta name=\"twitter:label1\" content=\"Szacowany czas czytania\" \/>\n\t<meta name=\"twitter:data1\" content=\"4 minuty\" \/>\n<script type=\"application\/ld+json\" class=\"yoast-schema-graph\">{\"@context\":\"https:\/\/schema.org\",\"@graph\":[{\"@type\":\"WebPage\",\"@id\":\"https:\/\/roadtoromania.com\/pl\/miasta-i-regiony-rumunii\/piatra-neamt\/\",\"url\":\"https:\/\/roadtoromania.com\/pl\/miasta-i-regiony-rumunii\/piatra-neamt\/\",\"name\":\"Piatra Neamt - Road to Romania\",\"isPartOf\":{\"@id\":\"https:\/\/roadtoromania.com\/pl\/#website\"},\"datePublished\":\"2022-10-15T18:40:11+00:00\",\"dateModified\":\"2022-10-21T18:32:27+00:00\",\"breadcrumb\":{\"@id\":\"https:\/\/roadtoromania.com\/pl\/miasta-i-regiony-rumunii\/piatra-neamt\/#breadcrumb\"},\"inLanguage\":\"pl-PL\",\"potentialAction\":[{\"@type\":\"ReadAction\",\"target\":[\"https:\/\/roadtoromania.com\/pl\/miasta-i-regiony-rumunii\/piatra-neamt\/\"]}]},{\"@type\":\"BreadcrumbList\",\"@id\":\"https:\/\/roadtoromania.com\/pl\/miasta-i-regiony-rumunii\/piatra-neamt\/#breadcrumb\",\"itemListElement\":[{\"@type\":\"ListItem\",\"position\":1,\"name\":\"Home\",\"item\":\"https:\/\/roadtoromania.com\/pl\/\"},{\"@type\":\"ListItem\",\"position\":2,\"name\":\"Miasta i regiony Rumunii\",\"item\":\"https:\/\/roadtoromania.com\/pl\/miasta-i-regiony-rumunii\/\"},{\"@type\":\"ListItem\",\"position\":3,\"name\":\"Piatra Neamt\"}]},{\"@type\":\"WebSite\",\"@id\":\"https:\/\/roadtoromania.com\/pl\/#website\",\"url\":\"https:\/\/roadtoromania.com\/pl\/\",\"name\":\"Road to Romania\",\"description\":\"Blog, na kt\u00f3rym znajdziesz wszystkie informacje potrzebne do korzystania z Rumunii.\",\"potentialAction\":[{\"@type\":\"SearchAction\",\"target\":{\"@type\":\"EntryPoint\",\"urlTemplate\":\"https:\/\/roadtoromania.com\/pl\/?s={search_term_string}\"},\"query-input\":\"required name=search_term_string\"}],\"inLanguage\":\"pl-PL\"}]}<\/script>\n<!-- \/ Yoast SEO plugin. -->","yoast_head_json":{"title":"Piatra Neamt - Road to Romania","robots":{"index":"index","follow":"follow","max-snippet":"max-snippet:-1","max-image-preview":"max-image-preview:large","max-video-preview":"max-video-preview:-1"},"canonical":"https:\/\/roadtoromania.com\/pl\/miasta-i-regiony-rumunii\/piatra-neamt\/","og_locale":"pl_PL","og_type":"article","og_title":"Piatra Neamt - Road to Romania","og_description":"Widok na Piatra Neamt o zmierzchu &#8220;Sinaia Mo\u0142dawska&#8221;, miasto Piatra Neamt , nazywane r\u00f3wnie\u017c &#8220;per\u0142\u0105 Mo\u0142dawii&#8221; ze wzgl\u0119du na swoj\u0105 bogat\u0105 architektur\u0119 jest pomostem pomi\u0119dzy regionami Bukowiny i Transylwanii. Wi\u0119kszo\u015b\u0107 znacz\u0105cych budynk\u00f3w by\u0142a dzie\u0142em Szczepana Wielkiego, monarchy panuj\u0105cego w latach 1457-1504. Stolica okr\u0119gu Neamt, \u0142agodny klimat jest jednym z fakt\u00f3w, kt\u00f3re zach\u0119caj\u0105 ludzi do ucieczki &hellip; Piatra Neamt Read More \u00bb","og_url":"https:\/\/roadtoromania.com\/pl\/miasta-i-regiony-rumunii\/piatra-neamt\/","og_site_name":"Road to Romania","article_modified_time":"2022-10-21T18:32:27+00:00","og_image":[{"width":768,"height":507,"url":"https:\/\/roadtoromania.com\/wp-content\/uploads\/2022\/10\/piatra-neamt-rumania-1.jpg","type":"image\/jpeg"}],"twitter_card":"summary_large_image","twitter_misc":{"Szacowany czas czytania":"4 minuty"},"schema":{"@context":"https:\/\/schema.org","@graph":[{"@type":"WebPage","@id":"https:\/\/roadtoromania.com\/pl\/miasta-i-regiony-rumunii\/piatra-neamt\/","url":"https:\/\/roadtoromania.com\/pl\/miasta-i-regiony-rumunii\/piatra-neamt\/","name":"Piatra Neamt - Road to Romania","isPartOf":{"@id":"https:\/\/roadtoromania.com\/pl\/#website"},"datePublished":"2022-10-15T18:40:11+00:00","dateModified":"2022-10-21T18:32:27+00:00","breadcrumb":{"@id":"https:\/\/roadtoromania.com\/pl\/miasta-i-regiony-rumunii\/piatra-neamt\/#breadcrumb"},"inLanguage":"pl-PL","potentialAction":[{"@type":"ReadAction","target":["https:\/\/roadtoromania.com\/pl\/miasta-i-regiony-rumunii\/piatra-neamt\/"]}]},{"@type":"BreadcrumbList","@id":"https:\/\/roadtoromania.com\/pl\/miasta-i-regiony-rumunii\/piatra-neamt\/#breadcrumb","itemListElement":[{"@type":"ListItem","position":1,"name":"Home","item":"https:\/\/roadtoromania.com\/pl\/"},{"@type":"ListItem","position":2,"name":"Miasta i regiony Rumunii","item":"https:\/\/roadtoromania.com\/pl\/miasta-i-regiony-rumunii\/"},{"@type":"ListItem","position":3,"name":"Piatra Neamt"}]},{"@type":"WebSite","@id":"https:\/\/roadtoromania.com\/pl\/#website","url":"https:\/\/roadtoromania.com\/pl\/","name":"Road to Romania","description":"Blog, na kt\u00f3rym znajdziesz wszystkie informacje potrzebne do korzystania z Rumunii.","potentialAction":[{"@type":"SearchAction","target":{"@type":"EntryPoint","urlTemplate":"https:\/\/roadtoromania.com\/pl\/?s={search_term_string}"},"query-input":"required name=search_term_string"}],"inLanguage":"pl-PL"}]}},"_links":{"self":[{"href":"https:\/\/roadtoromania.com\/pl\/wp-json\/wp\/v2\/pages\/3635","targetHints":{"allow":["GET"]}}],"collection":[{"href":"https:\/\/roadtoromania.com\/pl\/wp-json\/wp\/v2\/pages"}],"about":[{"href":"https:\/\/roadtoromania.com\/pl\/wp-json\/wp\/v2\/types\/page"}],"author":[{"embeddable":true,"href":"https:\/\/roadtoromania.com\/pl\/wp-json\/wp\/v2\/users\/1"}],"replies":[{"embeddable":true,"href":"https:\/\/roadtoromania.com\/pl\/wp-json\/wp\/v2\/comments?post=3635"}],"version-history":[{"count":1,"href":"https:\/\/roadtoromania.com\/pl\/wp-json\/wp\/v2\/pages\/3635\/revisions"}],"predecessor-version":[{"id":3636,"href":"https:\/\/roadtoromania.com\/pl\/wp-json\/wp\/v2\/pages\/3635\/revisions\/3636"}],"up":[{"embeddable":true,"href":"https:\/\/roadtoromania.com\/pl\/wp-json\/wp\/v2\/pages\/3588"}],"wp:featuredmedia":[{"embeddable":true,"href":"https:\/\/roadtoromania.com\/pl\/wp-json\/wp\/v2\/media\/1296"}],"wp:attachment":[{"href":"https:\/\/roadtoromania.com\/pl\/wp-json\/wp\/v2\/media?parent=3635"}],"curies":[{"name":"wp","href":"https:\/\/api.w.org\/{rel}","templated":true}]}}