{"id":3639,"date":"2022-10-15T18:40:11","date_gmt":"2022-10-15T18:40:11","guid":{"rendered":"https:\/\/roadtoromania.com\/miasta-i-regiony-rumunii\/roman\/"},"modified":"2022-10-22T09:24:09","modified_gmt":"2022-10-22T09:24:09","slug":"roman","status":"publish","type":"page","link":"https:\/\/roadtoromania.com\/pl\/miasta-i-regiony-rumunii\/roman\/","title":{"rendered":"Roman"},"content":{"rendered":"<p><a href=\"https:\/\/roadtoromania.com\/wp-content\/uploads\/2022\/10\/roman-museos-rumania.jpg\"><img decoding=\"async\" src=\"https:\/\/roadtoromania.com\/wp-content\/uploads\/2022\/10\/roman-museos-rumania.jpg\" \/><\/a> Muzeum, jeden z najpi\u0119kniejszych budynk\u00f3w w mie\u015bcie. Photo by Radu Ana Maria<\/p>\n<p>Miasto Roman jest jednym z najwa\u017cniejszych o\u015brodk\u00f3w miejskich w rumu\u0144skiej <a href=\"https:\/\/roadtoromania.com\/pl\/zabytki-rumunii-co-zobaczyc-w-rumunii\/moldawia-jezyk-rumunski\/\">Mo\u0142dawii<\/a> . Bez wielko\u015bci i znaczenia kulturowego <a href=\"https:\/\/roadtoromania.com\/pl\/miasta-i-regiony-rumunii\/iasi\/\">Iasi<\/a> , Galati czy <a href=\"https:\/\/roadtoromania.com\/pl\/miasta-i-regiony-rumunii\/piatra-neamt\/\">Piatra Neamt<\/a> , lotnisk w stolicy i <strong>Bacau<\/strong> , Roman ma pewne elementy zainteresowania, ale przede wszystkim jego centralne po\u0142o\u017cenie w Mo\u0142dawii sprawia, \u017ce jest to idealne miejsce do osiedlenia si\u0119 i zwiedzania regionu z.<\/p>\n<p>Us\u0142ugi rzymskie, przemys\u0142 i turystyka<\/p>\n<p>Miasto za\u0142o\u017cone zosta\u0142o w XIII wieku, a jego twierdza mia\u0142a du\u017ce znaczenie w okresie z\u0142otego wieku Ksi\u0119stwa Mo\u0142dawskiego (XIV-XVI wiek). Dzisiaj, z oko\u0142o 70.000 mieszka\u0144c\u00f3w i po\u0142o\u017cony w po\u0142owie drogi mi\u0119dzy lotniskami w Bacau i Iasi, Roman jest wa\u017cnym o\u015brodkiem regionalnym.<\/p>\n<p>Jak dojecha\u0107 do Rzymu<\/p>\n<p>Kilka tanich lot\u00f3w dociera do Bacau (40 km) i Iasi (86 km), -od 40 minut do jednej godziny drogi-, z kilku europejskich lotnisk (we Francji, Belgii, Wielkiej Brytanii, W\u0142oszech i Irlandii oraz Bukareszcie)<\/p>\n<p>Dobrze skomunikowany poci\u0105giem, tanim i bezpiecznym \u015brodkiem komunikacji w Rumunii, dojazd do Romana jest do\u015b\u0107 \u0142atwy.<\/p>\n<div id=\"toc_container\" class=\"no_bullets\"><p class=\"toc_title\">Contents<\/p><ul class=\"toc_list\"><li><a href=\"#Jak_poruszac_sie_po_Rzymie\"><span class=\"toc_number toc_depth_1\">1<\/span> Jak porusza\u0107 si\u0119 po Rzymie<\/a><\/li><li><a href=\"#Gdzie_spac_w_Rzymie\"><span class=\"toc_number toc_depth_1\">2<\/span> Gdzie spa\u0107 w Rzymie<\/a><\/li><li><a href=\"#Gdzie_zjesc_w_Rzymie\"><span class=\"toc_number toc_depth_1\">3<\/span> Gdzie zje\u015b\u0107 w Rzymie<\/a><ul><li><a href=\"#Architektura_religijna\"><span class=\"toc_number toc_depth_2\">3.1<\/span> Architektura religijna<\/a><\/li><\/ul><\/li><\/ul><\/div>\n<h2><span id=\"Jak_poruszac_sie_po_Rzymie\"><strong>Jak porusza\u0107 si\u0119 po Rzymie<\/strong><\/span><\/h2>\n<p>Z Roman mo\u017cemy jeszcze skorzysta\u0107 z poci\u0105gu jako \u015brodka transportu, aby dotrze\u0107 do Piatra Neamt, Iasi lub <strong>Transylwanii (<a href=\"https:\/\/roadtoromania.com\/pl\/miasta-i-regiony-rumunii\/brasov\/\">Brasov<\/a> lub Cluj), Maramures i Bukowiny (<a href=\"https:\/\/roadtoromania.com\/pl\/miasta-i-regiony-rumunii\/suceava\/\">Suceava<\/a> ). Ale je\u015bli naprawd\u0119 chcesz mie\u0107 swobod\u0119 poruszania si\u0119 i chcesz odkry\u0107 region, b\u0119dziesz musia\u0142 <a href=\"https:\/\/roadtoromania.com\/pl\/wynajmij-samochod-w-bukareszcie\/\">wynaj\u0105\u0107 samoch\u00f3d<\/a> lub podr\u00f3\u017cowa\u0107 na zorganizowanej wycieczce .<\/strong><\/p>\n<h2><span id=\"Gdzie_spac_w_Rzymie\"><strong>Gdzie spa\u0107 w Rzymie<\/strong><\/span><\/h2>\n<p>W mie\u015bcie znajduje si\u0119 kilka hoteli r\u00f3\u017cnych kategorii. Ceny nie s\u0105 zbyt wysokie, wi\u0119c polecamy wybra\u0107 te najlepsze. Aby uzyska\u0107 wi\u0119cej informacji, prosz\u0119 napisa\u0107 do nas lub <a href=\"https:\/\/roadtoromania.com\/pl\/zakwaterowanie-w-rumunii\/hotele-w-rumunii\/\"> skorzysta\u0107 z naszej wyszukiwarki tutaj<\/a> .<\/p>\n<p><a href=\"https:\/\/roadtoromania.com\/wp-content\/uploads\/2022\/10\/hanul-ancutei-moldavia.jpg\"><img decoding=\"async\" src=\"data:image\/gif;base64,R0lGODdhAQABAPAAAMPDwwAAACwAAAAAAQABAAACAkQBADs=\" \/><\/a> Restauracja posiada winiarni\u0119, letni\u0105 jadalni\u0119 oraz dwa pi\u0119tra w budynku g\u0142\u00f3wnym. <\/p>\n<h2><span id=\"Gdzie_zjesc_w_Rzymie\"><strong>Gdzie zje\u015b\u0107 w Rzymie<\/strong><\/span><\/h2>\n<p>Wyb\u00f3r jest zr\u00f3\u017cnicowany, a mo\u0142dawskie jedzenie jest bogate w kalorie. Niedaleko Romana znajduje si\u0119 restauracja Hanul Ancutei. Jest to jeden z naszych ulubionych produkt\u00f3w. Je\u015bli potrzebujesz informacji lub chcesz, by Ci\u0119 z nimi skontaktowano, napisz do nas<\/p>\n<p>.<br \/>\nCo zobaczy\u0107 w Rzymie<\/p>\n<p>Centrum nie jest zbyt du\u017ce, ale ma kilka bar\u00f3w i restauracji, kt\u00f3re wieczorami t\u0119tni\u0105 \u017cyciem. Oferta kulturalna miesza si\u0119 z us\u0142ugami takimi jak supermarkety, poczta i r\u00f3\u017cne sklepy.<\/p>\n<p>Je\u015bli chodzi o muzea, to s\u0105 trzy wybitne.Najpierw <strong>Muzeum Historii<\/strong> , kt\u00f3re mie\u015bci si\u0119 w ma\u0142ym XIX-wiecznym pa\u0142acu, <strong>Nevruzzi Palace<\/strong> . Mo\u017cna tu znale\u017a\u0107 zbiory archeologiczne z okresu dackiego i \u015bredniowiecza.<\/p>\n<p>Muzeum Sztuki , utworzone w 1970 roku, posiada dobr\u0105 kolekcj\u0119 wsp\u00f3\u0142czesnego malarstwa rumu\u0144skiego. Wreszcie, Muzeum <strong>, zainaugurowane w 1960 roku, pokazuje faun\u0119 i flor\u0119 doliny Siret, gdzie znajduje si\u0119 Roman, daj\u0105c nam obraz natury dolin i r\u00f3wnin, kt\u00f3re tworz\u0105 rumu\u0144sk\u0105 Mo\u0142dawi\u0119 po zako\u0144czeniu Karpat.<\/strong><\/p>\n<p>Budynki zabytkowe<\/p>\n<p>Mimo licznych przer\u00f3bek urbanistycznych i budowli w stylu socjalistycznym &#8211; nie zawsze udanych, delikatnie m\u00f3wi\u0105c &#8211; Roman zachowa\u0142 wiele ciekawych budynk\u00f3w, cho\u0107 w ramach niezbyt dobrze zorganizowanej tkanki miejskiej.<\/p>\n<p><a href=\"https:\/\/roadtoromania.com\/wp-content\/uploads\/2022\/10\/roman-moldavia-rumania.jpg\"><img decoding=\"async\" src=\"data:image\/gif;base64,R0lGODdhAQABAPAAAMPDwwAAACwAAAAAAQABAAACAkQBADs=\" \/><\/a> Ko\u015bci\u00f3\u0142 podczas zimy w Rzymie.<\/p>\n<h3><span id=\"Architektura_religijna\"><strong>Architektura religijna<\/strong><\/span><\/h3>\n<p>Podobnie jak w innych regionach Rumunii, cerkwie prawos\u0142awne zaskocz\u0105 Ci\u0119 swoj\u0105 liczb\u0105, r\u00f3\u017cnorodno\u015bci\u0105 i pi\u0119knem. Region Mo\u0142dawii ma wiele zas\u0142ug dzi\u0119ki pobo\u017cnej furii Szczepana Wielkiego, ksi\u0119cia Mo\u0142dawii w XIV wieku. W Roman podkre\u015blamy <strong>katedr\u0119 prawos\u0142awn\u0105<\/strong> z 1408 r., a tak\u017ce <strong>ko\u015bcio\u0142y Precista Mare (1569); ko\u015bci\u00f3\u0142 \u015awi\u0119tych Wojewod\u00f3w z XVII w.; Precista Mic\u0103 z XVIII w. czy ko\u015bci\u00f3\u0142 ormia\u0144ski z XIV w.<\/strong><\/p>\n<p>Twierdze i zamki<\/p>\n<p>Mimo licznych zmian urbanistycznych nadal mo\u017cna zwiedza\u0107 ruiny dawnej <strong>Cytadeli Piotra I Mo\u0142dawskiego<\/strong> .<\/p>\n<p>By\u0107 mo\u017ce ciekawsze s\u0105 ruiny <strong>Nowej Cytadeli<\/strong> , wzniesionej 5 km od centrum w ma\u0142ej wiosce G\u00e2din\u021bi, zbudowanej przez wsz\u0119dobylskiego Szczepana Wielkiego w 1466 r., ale zniszczonej w 1675 r. przez Dimitri Cantacuzino w czasie, gdy Ksi\u0119stwo Mo\u0142dawskie traci\u0142o swoj\u0105 pot\u0119g\u0119.<\/p>\n<p>Inne godne uwagi budynki<\/p>\n<p>Roman by\u0142 miejscem urodzenia muzyka i dyrygenta <strong>Sergiu Celibidache<\/strong> . Podobnie jak wielu innych rumu\u0144skich artyst\u00f3w (jak Brancusi czy Ionesco), Celibidache wyemigrowa\u0142 do Francji, gdzie \u017cy\u0142 a\u017c do \u015bmierci pod koniec XX w.<\/p>\n<p>.<\/p>\n<p>Inn\u0105 rezydencj\u0105, kt\u00f3r\u0105 warto odwiedzi\u0107, je\u015bli interesuje Ci\u0119 architektura, jest <strong>Dom Ioachima<\/strong> , zbudowany w XIX wieku przez wielkiego biznesmena Vasile Ioachima.<\/p>\n<p><a href=\"https:\/\/roadtoromania.com\/wp-content\/uploads\/2022\/10\/popa-museum-roman.jpg\"><img decoding=\"async\" src=\"data:image\/gif;base64,R0lGODdhAQABAPAAAMPDwwAAACwAAAAAAQABAAACAkQBADs=\" \/><\/a> Muzeum Popa to prawdziwe odkrycie. Kolekcjoner i naiwny artysta, pan Popa pozostawi\u0142 po sobie nieznan\u0105, ale godn\u0105 polecenia spu\u015bcizn\u0119. .<\/p>\n<p><strong>Przyroda i otoczenie<\/strong><\/p>\n<p>Rumu\u0144ska Mo\u0142dawia to region przyrody, kt\u00f3rego nie nale\u017cy pomin\u0105\u0107. Wizyta w obszarze <a href=\"https:\/\/roadtoromania.com\/pl\/charakter-rumunii\/wawozy-bicaz\/\">Bicaz Gorges<\/a> , jezioro o tej samej nazwie lub <strong>Mount Ceahlau National Park<\/strong> , to tylko niekt\u00f3re z mo\u017cliwo\u015bci. Jeziora s\u0105 idealne do uprawiania sport\u00f3w wodnych, a w\u0119dr\u00f3wki lub wspinaczka g\u00f3rska to kolejna bardzo polecana aktywno\u015b\u0107.<\/p>\n<p>Klasztory Neamt, Agapia, Neamt, Durau, Secu Varatec, Bistrita czy Sihastria , znajduj\u0105 si\u0119 na obszarze rzymskim. Nie s\u0105 one tak znane jak te z Maramures, ale r\u00f3wnie pi\u0119kne, wi\u0119c warto je odwiedzi\u0107.<\/p>\n<p>Warto r\u00f3wnie\u017c odwiedzi\u0107 Muzeum Popa. Jest to dzie\u0142o n\u00e4iwskiego artysty i kolekcjonera Neculai Popa. Za\u0142o\u017cona w 1970 roku, gromadzi zbiory autora oraz jego w\u0142asne prace w drewnie i kamieniu przedstawiaj\u0105ce lokalny folklor.<\/p>\n","protected":false},"excerpt":{"rendered":"<p>Muzeum, jeden z najpi\u0119kniejszych budynk\u00f3w w mie\u015bcie. Photo by Radu Ana Maria Miasto Roman jest jednym z najwa\u017cniejszych o\u015brodk\u00f3w miejskich w rumu\u0144skiej Mo\u0142dawii . Bez wielko\u015bci i znaczenia kulturowego Iasi , Galati czy Piatra Neamt , lotnisk w stolicy i Bacau , Roman ma pewne elementy zainteresowania, ale przede wszystkim jego centralne po\u0142o\u017cenie w Mo\u0142dawii &hellip;<\/p>\n<p class=\"read-more\"> <a class=\"\" href=\"https:\/\/roadtoromania.com\/pl\/miasta-i-regiony-rumunii\/roman\/\"> <span class=\"screen-reader-text\">Roman<\/span> Read More \u00bb<\/a><\/p>\n","protected":false},"author":1,"featured_media":1324,"parent":3588,"menu_order":0,"comment_status":"open","ping_status":"open","template":"","meta":{"site-sidebar-layout":"default","site-content-layout":"default","ast-global-header-display":"","ast-main-header-display":"","ast-hfb-above-header-display":"","ast-hfb-below-header-display":"","ast-hfb-mobile-header-display":"","site-post-title":"","ast-breadcrumbs-content":"","ast-featured-img":"","footer-sml-layout":"","theme-transparent-header-meta":"default","adv-header-id-meta":"","stick-header-meta":"","header-above-stick-meta":"","header-main-stick-meta":"","header-below-stick-meta":"","footnotes":""},"class_list":["post-3639","page","type-page","status-publish","has-post-thumbnail","hentry"],"yoast_head":"<!-- This site is optimized with the Yoast SEO plugin v19.10 - https:\/\/yoast.com\/wordpress\/plugins\/seo\/ -->\n<title>Roman - Road to Romania<\/title>\n<meta name=\"robots\" content=\"index, follow, max-snippet:-1, max-image-preview:large, max-video-preview:-1\" \/>\n<link rel=\"canonical\" href=\"https:\/\/roadtoromania.com\/pl\/miasta-i-regiony-rumunii\/roman\/\" \/>\n<meta property=\"og:locale\" content=\"pl_PL\" \/>\n<meta property=\"og:type\" content=\"article\" \/>\n<meta property=\"og:title\" content=\"Roman - Road to Romania\" \/>\n<meta property=\"og:description\" content=\"Muzeum, jeden z najpi\u0119kniejszych budynk\u00f3w w mie\u015bcie. Photo by Radu Ana Maria Miasto Roman jest jednym z najwa\u017cniejszych o\u015brodk\u00f3w miejskich w rumu\u0144skiej Mo\u0142dawii . Bez wielko\u015bci i znaczenia kulturowego Iasi , Galati czy Piatra Neamt , lotnisk w stolicy i Bacau , Roman ma pewne elementy zainteresowania, ale przede wszystkim jego centralne po\u0142o\u017cenie w Mo\u0142dawii &hellip; Roman Read More \u00bb\" \/>\n<meta property=\"og:url\" content=\"https:\/\/roadtoromania.com\/pl\/miasta-i-regiony-rumunii\/roman\/\" \/>\n<meta property=\"og:site_name\" content=\"Road to Romania\" \/>\n<meta property=\"article:modified_time\" content=\"2022-10-22T09:24:09+00:00\" \/>\n<meta property=\"og:image\" content=\"https:\/\/roadtoromania.com\/wp-content\/uploads\/2022\/10\/roman-museos-rumania-1.jpg\" \/>\n\t<meta property=\"og:image:width\" content=\"768\" \/>\n\t<meta property=\"og:image:height\" content=\"514\" \/>\n\t<meta property=\"og:image:type\" content=\"image\/jpeg\" \/>\n<meta name=\"twitter:card\" content=\"summary_large_image\" \/>\n<meta name=\"twitter:label1\" content=\"Szacowany czas czytania\" \/>\n\t<meta name=\"twitter:data1\" content=\"5 minut\" \/>\n<script type=\"application\/ld+json\" class=\"yoast-schema-graph\">{\"@context\":\"https:\/\/schema.org\",\"@graph\":[{\"@type\":\"WebPage\",\"@id\":\"https:\/\/roadtoromania.com\/pl\/miasta-i-regiony-rumunii\/roman\/\",\"url\":\"https:\/\/roadtoromania.com\/pl\/miasta-i-regiony-rumunii\/roman\/\",\"name\":\"Roman - Road to Romania\",\"isPartOf\":{\"@id\":\"https:\/\/roadtoromania.com\/pl\/#website\"},\"datePublished\":\"2022-10-15T18:40:11+00:00\",\"dateModified\":\"2022-10-22T09:24:09+00:00\",\"breadcrumb\":{\"@id\":\"https:\/\/roadtoromania.com\/pl\/miasta-i-regiony-rumunii\/roman\/#breadcrumb\"},\"inLanguage\":\"pl-PL\",\"potentialAction\":[{\"@type\":\"ReadAction\",\"target\":[\"https:\/\/roadtoromania.com\/pl\/miasta-i-regiony-rumunii\/roman\/\"]}]},{\"@type\":\"BreadcrumbList\",\"@id\":\"https:\/\/roadtoromania.com\/pl\/miasta-i-regiony-rumunii\/roman\/#breadcrumb\",\"itemListElement\":[{\"@type\":\"ListItem\",\"position\":1,\"name\":\"Home\",\"item\":\"https:\/\/roadtoromania.com\/pl\/\"},{\"@type\":\"ListItem\",\"position\":2,\"name\":\"Miasta i regiony Rumunii\",\"item\":\"https:\/\/roadtoromania.com\/pl\/miasta-i-regiony-rumunii\/\"},{\"@type\":\"ListItem\",\"position\":3,\"name\":\"Roman\"}]},{\"@type\":\"WebSite\",\"@id\":\"https:\/\/roadtoromania.com\/pl\/#website\",\"url\":\"https:\/\/roadtoromania.com\/pl\/\",\"name\":\"Road to Romania\",\"description\":\"Blog, na kt\u00f3rym znajdziesz wszystkie informacje potrzebne do korzystania z Rumunii.\",\"potentialAction\":[{\"@type\":\"SearchAction\",\"target\":{\"@type\":\"EntryPoint\",\"urlTemplate\":\"https:\/\/roadtoromania.com\/pl\/?s={search_term_string}\"},\"query-input\":\"required name=search_term_string\"}],\"inLanguage\":\"pl-PL\"}]}<\/script>\n<!-- \/ Yoast SEO plugin. -->","yoast_head_json":{"title":"Roman - Road to Romania","robots":{"index":"index","follow":"follow","max-snippet":"max-snippet:-1","max-image-preview":"max-image-preview:large","max-video-preview":"max-video-preview:-1"},"canonical":"https:\/\/roadtoromania.com\/pl\/miasta-i-regiony-rumunii\/roman\/","og_locale":"pl_PL","og_type":"article","og_title":"Roman - Road to Romania","og_description":"Muzeum, jeden z najpi\u0119kniejszych budynk\u00f3w w mie\u015bcie. Photo by Radu Ana Maria Miasto Roman jest jednym z najwa\u017cniejszych o\u015brodk\u00f3w miejskich w rumu\u0144skiej Mo\u0142dawii . Bez wielko\u015bci i znaczenia kulturowego Iasi , Galati czy Piatra Neamt , lotnisk w stolicy i Bacau , Roman ma pewne elementy zainteresowania, ale przede wszystkim jego centralne po\u0142o\u017cenie w Mo\u0142dawii &hellip; Roman Read More \u00bb","og_url":"https:\/\/roadtoromania.com\/pl\/miasta-i-regiony-rumunii\/roman\/","og_site_name":"Road to Romania","article_modified_time":"2022-10-22T09:24:09+00:00","og_image":[{"width":768,"height":514,"url":"https:\/\/roadtoromania.com\/wp-content\/uploads\/2022\/10\/roman-museos-rumania-1.jpg","type":"image\/jpeg"}],"twitter_card":"summary_large_image","twitter_misc":{"Szacowany czas czytania":"5 minut"},"schema":{"@context":"https:\/\/schema.org","@graph":[{"@type":"WebPage","@id":"https:\/\/roadtoromania.com\/pl\/miasta-i-regiony-rumunii\/roman\/","url":"https:\/\/roadtoromania.com\/pl\/miasta-i-regiony-rumunii\/roman\/","name":"Roman - Road to Romania","isPartOf":{"@id":"https:\/\/roadtoromania.com\/pl\/#website"},"datePublished":"2022-10-15T18:40:11+00:00","dateModified":"2022-10-22T09:24:09+00:00","breadcrumb":{"@id":"https:\/\/roadtoromania.com\/pl\/miasta-i-regiony-rumunii\/roman\/#breadcrumb"},"inLanguage":"pl-PL","potentialAction":[{"@type":"ReadAction","target":["https:\/\/roadtoromania.com\/pl\/miasta-i-regiony-rumunii\/roman\/"]}]},{"@type":"BreadcrumbList","@id":"https:\/\/roadtoromania.com\/pl\/miasta-i-regiony-rumunii\/roman\/#breadcrumb","itemListElement":[{"@type":"ListItem","position":1,"name":"Home","item":"https:\/\/roadtoromania.com\/pl\/"},{"@type":"ListItem","position":2,"name":"Miasta i regiony Rumunii","item":"https:\/\/roadtoromania.com\/pl\/miasta-i-regiony-rumunii\/"},{"@type":"ListItem","position":3,"name":"Roman"}]},{"@type":"WebSite","@id":"https:\/\/roadtoromania.com\/pl\/#website","url":"https:\/\/roadtoromania.com\/pl\/","name":"Road to Romania","description":"Blog, na kt\u00f3rym znajdziesz wszystkie informacje potrzebne do korzystania z Rumunii.","potentialAction":[{"@type":"SearchAction","target":{"@type":"EntryPoint","urlTemplate":"https:\/\/roadtoromania.com\/pl\/?s={search_term_string}"},"query-input":"required name=search_term_string"}],"inLanguage":"pl-PL"}]}},"_links":{"self":[{"href":"https:\/\/roadtoromania.com\/pl\/wp-json\/wp\/v2\/pages\/3639","targetHints":{"allow":["GET"]}}],"collection":[{"href":"https:\/\/roadtoromania.com\/pl\/wp-json\/wp\/v2\/pages"}],"about":[{"href":"https:\/\/roadtoromania.com\/pl\/wp-json\/wp\/v2\/types\/page"}],"author":[{"embeddable":true,"href":"https:\/\/roadtoromania.com\/pl\/wp-json\/wp\/v2\/users\/1"}],"replies":[{"embeddable":true,"href":"https:\/\/roadtoromania.com\/pl\/wp-json\/wp\/v2\/comments?post=3639"}],"version-history":[{"count":2,"href":"https:\/\/roadtoromania.com\/pl\/wp-json\/wp\/v2\/pages\/3639\/revisions"}],"predecessor-version":[{"id":3764,"href":"https:\/\/roadtoromania.com\/pl\/wp-json\/wp\/v2\/pages\/3639\/revisions\/3764"}],"up":[{"embeddable":true,"href":"https:\/\/roadtoromania.com\/pl\/wp-json\/wp\/v2\/pages\/3588"}],"wp:featuredmedia":[{"embeddable":true,"href":"https:\/\/roadtoromania.com\/pl\/wp-json\/wp\/v2\/media\/1324"}],"wp:attachment":[{"href":"https:\/\/roadtoromania.com\/pl\/wp-json\/wp\/v2\/media?parent=3639"}],"curies":[{"name":"wp","href":"https:\/\/api.w.org\/{rel}","templated":true}]}}