{"id":3663,"date":"2022-10-15T18:40:14","date_gmt":"2022-10-15T18:40:14","guid":{"rendered":"https:\/\/roadtoromania.com\/jak-dostac-sie-do-rumunii\/"},"modified":"2022-10-21T18:32:31","modified_gmt":"2022-10-21T18:32:31","slug":"jak-dostac-sie-do-rumunii","status":"publish","type":"page","link":"https:\/\/roadtoromania.com\/pl\/jak-dostac-sie-do-rumunii\/","title":{"rendered":"Jak dosta\u0107 si\u0119 do Rumunii"},"content":{"rendered":"<p>Komunikacja mi\u0119dzy Hiszpani\u0105 a g\u0142\u00f3wnymi krajami europejskimi oraz Rumuni\u0105 uleg\u0142a w ostatnich latach znacznej poprawie. Czy to samolotem, autobusem, samochodem czy poci\u0105giem, Rumuni\u0119 mo\u017cna zwiedzi\u0107 bez problem\u00f3w i bez wydawania zbyt wielu pieni\u0119dzy. Bukareszt, ale tak\u017ce Brasz\u00f3w, Klu\u017c czy Timisoara zdo\u0142a\u0142y po\u0142\u0105czy\u0107 si\u0119 z g\u0142\u00f3wnymi stolicami Europy dzi\u0119ki tanim liniom lotniczym, dzi\u0119ki kt\u00f3rym zwiedzanie g\u0142\u00f3wnych miast Rumunii jest \u0142atwe i tanie.<\/p>\n<p> Rumunia samolotem<\/strong> <\/h3>\n<p>\nRumunia to oko\u0142o trzy godziny lotu z Barcelony, a nieco wi\u0119cej z Madrytu, Malagi, Sewilli czy Bilbao. Kilka linii lotniczych oferuje dobre, liczne i do\u015b\u0107 tanie po\u0142\u0105czenia, dzi\u0119ki czemu sp\u0119dzenie weekendu w Bukareszcie, Klu\u017cu czy Braszowie, a jeszcze lepiej tygodnia w Rumunii, nie stanowi problemu.<\/p>\n<p>\nAby uzyska\u0107 wi\u0119cej informacji odwied\u017a nasz\u0105 stron\u0119 Loty do Rumunii<\/a> .<\/p>\n<p>\nAlbo kliknij na link:<\/p>\n<p> Rumunia samochodem.<\/strong> <\/h3>\n<p>\nMo\u017cemy podr\u00f3\u017cowa\u0107 po Europie, prawdziwa wyprawa z Hiszpanii do Rumunii. Pojedziemy tylko przez Francj\u0119, W\u0142ochy, S\u0142oweni\u0119, Chorwacj\u0119, Serbi\u0119,&#8230; W\u0119gry, Bu\u0142gari\u0119, dla \u017c\u0105dnych przyg\u00f3d.<\/p>\n<h3>\n <strong>Wynajem samochod\u00f3w w Rumunii.<\/strong> <\/h3>\n<p>\nWygodniej jest wypo\u017cyczy\u0107 samoch\u00f3d w Rumunii. Drogi s\u0105 akceptowalne, a spos\u00f3b jazdy nie r\u00f3\u017cni si\u0119 zbytnio od jazdy w\u0142oskiej czy greckiej. Mo\u017cliwo\u015b\u0107, kt\u00f3ra pozwoli nam pozna\u0107 Rumuni\u0119 znacznie lepiej i bardziej osobi\u015bcie.<\/p>\n<p>\n<a href=\"https:\/\/roadtoromania.com\/pl\/wynajmij-samochod-w-bukareszcie\/\"> Wynajem samochodu<\/a> <\/p>\n<p> Rumunia poci\u0105giem<\/strong> <\/h3>\n<p>\nPoci\u0105gi nie je\u017cd\u017c\u0105 \u017ale, cho\u0107 s\u0105 powolne. Do Rumunii mo\u017cna dotrze\u0107 z Niemiec, przez Czechy, S\u0142owacj\u0119, Polsk\u0119 i W\u0119gry. Albo z W\u0142och przez S\u0142oweni\u0119, Chorwacj\u0119, Serbi\u0119 i Bu\u0142gari\u0119 <\/p>\n<p>.<\/p>\n<p>\nPoci\u0105gi w obr\u0119bie Rumunii s\u0105 niedrogie i je\u015bli masz czas, mo\u017cesz zwiedzi\u0107 g\u0142\u00f3wne miasta.<\/p>\n<h3>\n <strong>Autobusy mi\u0119dzy Rumuni\u0105 a Hiszpani\u0105.<\/strong> <\/h3>\n<p>\nNa pewno nie jest to tak komfortowe, ale mo\u017ce by\u0107 ciekawe, je\u015bli musimy podr\u00f3\u017cowa\u0107 z du\u017cym baga\u017cem i nie przeszkadza nam czas. Zdecydowanie do\u015bwiadczenie <\/p>\n<p>.<\/p>\n<p>\nRumunia autobusem<\/a> .<\/p>\n","protected":false},"excerpt":{"rendered":"<p>Komunikacja mi\u0119dzy Hiszpani\u0105 a g\u0142\u00f3wnymi krajami europejskimi oraz Rumuni\u0105 uleg\u0142a w ostatnich latach znacznej poprawie. Czy to samolotem, autobusem, samochodem czy poci\u0105giem, Rumuni\u0119 mo\u017cna zwiedzi\u0107 bez problem\u00f3w i bez wydawania zbyt wielu pieni\u0119dzy. Bukareszt, ale tak\u017ce Brasz\u00f3w, Klu\u017c czy Timisoara zdo\u0142a\u0142y po\u0142\u0105czy\u0107 si\u0119 z g\u0142\u00f3wnymi stolicami Europy dzi\u0119ki tanim liniom lotniczym, dzi\u0119ki kt\u00f3rym zwiedzanie g\u0142\u00f3wnych &hellip;<\/p>\n<p class=\"read-more\"> <a class=\"\" href=\"https:\/\/roadtoromania.com\/pl\/jak-dostac-sie-do-rumunii\/\"> <span class=\"screen-reader-text\">Jak dosta\u0107 si\u0119 do Rumunii<\/span> Read More \u00bb<\/a><\/p>\n","protected":false},"author":1,"featured_media":0,"parent":0,"menu_order":0,"comment_status":"open","ping_status":"open","template":"","meta":{"site-sidebar-layout":"default","site-content-layout":"default","ast-global-header-display":"","ast-main-header-display":"","ast-hfb-above-header-display":"","ast-hfb-below-header-display":"","ast-hfb-mobile-header-display":"","site-post-title":"","ast-breadcrumbs-content":"","ast-featured-img":"","footer-sml-layout":"","theme-transparent-header-meta":"default","adv-header-id-meta":"","stick-header-meta":"","header-above-stick-meta":"","header-main-stick-meta":"","header-below-stick-meta":"","footnotes":""},"class_list":["post-3663","page","type-page","status-publish","hentry"],"yoast_head":"<!-- This site is optimized with the Yoast SEO plugin v19.10 - https:\/\/yoast.com\/wordpress\/plugins\/seo\/ -->\n<title>Jak dosta\u0107 si\u0119 do Rumunii - Road to Romania<\/title>\n<meta name=\"robots\" content=\"index, follow, max-snippet:-1, max-image-preview:large, max-video-preview:-1\" \/>\n<link rel=\"canonical\" href=\"https:\/\/roadtoromania.com\/pl\/jak-dostac-sie-do-rumunii\/\" \/>\n<meta property=\"og:locale\" content=\"pl_PL\" \/>\n<meta property=\"og:type\" content=\"article\" \/>\n<meta property=\"og:title\" content=\"Jak dosta\u0107 si\u0119 do Rumunii - Road to Romania\" \/>\n<meta property=\"og:description\" content=\"Komunikacja mi\u0119dzy Hiszpani\u0105 a g\u0142\u00f3wnymi krajami europejskimi oraz Rumuni\u0105 uleg\u0142a w ostatnich latach znacznej poprawie. Czy to samolotem, autobusem, samochodem czy poci\u0105giem, Rumuni\u0119 mo\u017cna zwiedzi\u0107 bez problem\u00f3w i bez wydawania zbyt wielu pieni\u0119dzy. Bukareszt, ale tak\u017ce Brasz\u00f3w, Klu\u017c czy Timisoara zdo\u0142a\u0142y po\u0142\u0105czy\u0107 si\u0119 z g\u0142\u00f3wnymi stolicami Europy dzi\u0119ki tanim liniom lotniczym, dzi\u0119ki kt\u00f3rym zwiedzanie g\u0142\u00f3wnych &hellip; Jak dosta\u0107 si\u0119 do Rumunii Read More \u00bb\" \/>\n<meta property=\"og:url\" content=\"https:\/\/roadtoromania.com\/pl\/jak-dostac-sie-do-rumunii\/\" \/>\n<meta property=\"og:site_name\" content=\"Road to Romania\" \/>\n<meta property=\"article:modified_time\" content=\"2022-10-21T18:32:31+00:00\" \/>\n<meta name=\"twitter:card\" content=\"summary_large_image\" \/>\n<meta name=\"twitter:label1\" content=\"Szacowany czas czytania\" \/>\n\t<meta name=\"twitter:data1\" content=\"2 minuty\" \/>\n<script type=\"application\/ld+json\" class=\"yoast-schema-graph\">{\"@context\":\"https:\/\/schema.org\",\"@graph\":[{\"@type\":\"WebPage\",\"@id\":\"https:\/\/roadtoromania.com\/pl\/jak-dostac-sie-do-rumunii\/\",\"url\":\"https:\/\/roadtoromania.com\/pl\/jak-dostac-sie-do-rumunii\/\",\"name\":\"Jak dosta\u0107 si\u0119 do Rumunii - Road to Romania\",\"isPartOf\":{\"@id\":\"https:\/\/roadtoromania.com\/pl\/#website\"},\"datePublished\":\"2022-10-15T18:40:14+00:00\",\"dateModified\":\"2022-10-21T18:32:31+00:00\",\"breadcrumb\":{\"@id\":\"https:\/\/roadtoromania.com\/pl\/jak-dostac-sie-do-rumunii\/#breadcrumb\"},\"inLanguage\":\"pl-PL\",\"potentialAction\":[{\"@type\":\"ReadAction\",\"target\":[\"https:\/\/roadtoromania.com\/pl\/jak-dostac-sie-do-rumunii\/\"]}]},{\"@type\":\"BreadcrumbList\",\"@id\":\"https:\/\/roadtoromania.com\/pl\/jak-dostac-sie-do-rumunii\/#breadcrumb\",\"itemListElement\":[{\"@type\":\"ListItem\",\"position\":1,\"name\":\"Home\",\"item\":\"https:\/\/roadtoromania.com\/pl\/\"},{\"@type\":\"ListItem\",\"position\":2,\"name\":\"Jak dosta\u0107 si\u0119 do Rumunii\"}]},{\"@type\":\"WebSite\",\"@id\":\"https:\/\/roadtoromania.com\/pl\/#website\",\"url\":\"https:\/\/roadtoromania.com\/pl\/\",\"name\":\"Road to Romania\",\"description\":\"Blog, na kt\u00f3rym znajdziesz wszystkie informacje potrzebne do korzystania z Rumunii.\",\"potentialAction\":[{\"@type\":\"SearchAction\",\"target\":{\"@type\":\"EntryPoint\",\"urlTemplate\":\"https:\/\/roadtoromania.com\/pl\/?s={search_term_string}\"},\"query-input\":\"required name=search_term_string\"}],\"inLanguage\":\"pl-PL\"}]}<\/script>\n<!-- \/ Yoast SEO plugin. -->","yoast_head_json":{"title":"Jak dosta\u0107 si\u0119 do Rumunii - Road to Romania","robots":{"index":"index","follow":"follow","max-snippet":"max-snippet:-1","max-image-preview":"max-image-preview:large","max-video-preview":"max-video-preview:-1"},"canonical":"https:\/\/roadtoromania.com\/pl\/jak-dostac-sie-do-rumunii\/","og_locale":"pl_PL","og_type":"article","og_title":"Jak dosta\u0107 si\u0119 do Rumunii - Road to Romania","og_description":"Komunikacja mi\u0119dzy Hiszpani\u0105 a g\u0142\u00f3wnymi krajami europejskimi oraz Rumuni\u0105 uleg\u0142a w ostatnich latach znacznej poprawie. Czy to samolotem, autobusem, samochodem czy poci\u0105giem, Rumuni\u0119 mo\u017cna zwiedzi\u0107 bez problem\u00f3w i bez wydawania zbyt wielu pieni\u0119dzy. Bukareszt, ale tak\u017ce Brasz\u00f3w, Klu\u017c czy Timisoara zdo\u0142a\u0142y po\u0142\u0105czy\u0107 si\u0119 z g\u0142\u00f3wnymi stolicami Europy dzi\u0119ki tanim liniom lotniczym, dzi\u0119ki kt\u00f3rym zwiedzanie g\u0142\u00f3wnych &hellip; Jak dosta\u0107 si\u0119 do Rumunii Read More \u00bb","og_url":"https:\/\/roadtoromania.com\/pl\/jak-dostac-sie-do-rumunii\/","og_site_name":"Road to Romania","article_modified_time":"2022-10-21T18:32:31+00:00","twitter_card":"summary_large_image","twitter_misc":{"Szacowany czas czytania":"2 minuty"},"schema":{"@context":"https:\/\/schema.org","@graph":[{"@type":"WebPage","@id":"https:\/\/roadtoromania.com\/pl\/jak-dostac-sie-do-rumunii\/","url":"https:\/\/roadtoromania.com\/pl\/jak-dostac-sie-do-rumunii\/","name":"Jak dosta\u0107 si\u0119 do Rumunii - Road to Romania","isPartOf":{"@id":"https:\/\/roadtoromania.com\/pl\/#website"},"datePublished":"2022-10-15T18:40:14+00:00","dateModified":"2022-10-21T18:32:31+00:00","breadcrumb":{"@id":"https:\/\/roadtoromania.com\/pl\/jak-dostac-sie-do-rumunii\/#breadcrumb"},"inLanguage":"pl-PL","potentialAction":[{"@type":"ReadAction","target":["https:\/\/roadtoromania.com\/pl\/jak-dostac-sie-do-rumunii\/"]}]},{"@type":"BreadcrumbList","@id":"https:\/\/roadtoromania.com\/pl\/jak-dostac-sie-do-rumunii\/#breadcrumb","itemListElement":[{"@type":"ListItem","position":1,"name":"Home","item":"https:\/\/roadtoromania.com\/pl\/"},{"@type":"ListItem","position":2,"name":"Jak dosta\u0107 si\u0119 do Rumunii"}]},{"@type":"WebSite","@id":"https:\/\/roadtoromania.com\/pl\/#website","url":"https:\/\/roadtoromania.com\/pl\/","name":"Road to Romania","description":"Blog, na kt\u00f3rym znajdziesz wszystkie informacje potrzebne do korzystania z Rumunii.","potentialAction":[{"@type":"SearchAction","target":{"@type":"EntryPoint","urlTemplate":"https:\/\/roadtoromania.com\/pl\/?s={search_term_string}"},"query-input":"required name=search_term_string"}],"inLanguage":"pl-PL"}]}},"_links":{"self":[{"href":"https:\/\/roadtoromania.com\/pl\/wp-json\/wp\/v2\/pages\/3663","targetHints":{"allow":["GET"]}}],"collection":[{"href":"https:\/\/roadtoromania.com\/pl\/wp-json\/wp\/v2\/pages"}],"about":[{"href":"https:\/\/roadtoromania.com\/pl\/wp-json\/wp\/v2\/types\/page"}],"author":[{"embeddable":true,"href":"https:\/\/roadtoromania.com\/pl\/wp-json\/wp\/v2\/users\/1"}],"replies":[{"embeddable":true,"href":"https:\/\/roadtoromania.com\/pl\/wp-json\/wp\/v2\/comments?post=3663"}],"version-history":[{"count":0,"href":"https:\/\/roadtoromania.com\/pl\/wp-json\/wp\/v2\/pages\/3663\/revisions"}],"wp:attachment":[{"href":"https:\/\/roadtoromania.com\/pl\/wp-json\/wp\/v2\/media?parent=3663"}],"curies":[{"name":"wp","href":"https:\/\/api.w.org\/{rel}","templated":true}]}}