{"id":3672,"date":"2022-10-15T18:40:14","date_gmt":"2022-10-15T18:40:14","guid":{"rendered":"https:\/\/roadtoromania.com\/informacje-i-porady-z-rumunii\/"},"modified":"2022-10-21T18:32:31","modified_gmt":"2022-10-21T18:32:31","slug":"informacje-i-porady-z-rumunii","status":"publish","type":"page","link":"https:\/\/roadtoromania.com\/pl\/informacje-i-porady-z-rumunii\/","title":{"rendered":"Informacje i porady z Rumunii"},"content":{"rendered":"<p>Oto kilka wskaz\u00f3wek, kt\u00f3re pomog\u0105 Ci lepiej pozna\u0107 Rumuni\u0119 przed, w trakcie i po przygotowaniu podr\u00f3\u017cy:<\/p>\n<p> Po\u0142\u0105czenia do Rumunii<\/strong> <\/h2>\n<p>\nMi\u0119dzynarodowy prefiks dla po\u0142\u0105cze\u0144 spoza Rumunii to <strong>+40<\/strong> . Prefiks dla miast lub wojew\u00f3dztw ma od 2 do 3 cyfr, natomiast dla telefon\u00f3w stacjonarnych od 6 do 7 cyfr.<\/p>\n<p> R\u00f3\u017cnica czasu<\/strong> <\/h2>\n<p>\nRumunia ma inn\u0105 stref\u0119 czasow\u0105 ni\u017c Hiszpania, z <strong>jedn\u0105 godzin\u0119 mniej<\/strong> , tj. gdy jest 9 rano w Rumunii, jest 8 rano w Hiszpanii. Tak wi\u0119c zar\u00f3wno w Rumunii jak i w Bukareszcie \u0142atwo jest obliczy\u0107 czas w stosunku do Hiszpanii dodaj\u0105c godzin\u0119 wi\u0119cej.<\/p>\n<h2>\n<a href=\"https:\/\/roadtoromania.com\/pl\/geografia-rumunii\/\"> <strong>Geografia<\/strong><\/a> <\/h2>\n<p>\nDowiedz si\u0119 wi\u0119cej o g\u00f3rach, rzekach i przyrodzie Rumunii<\/p>\n<h2>\n <strong>Waluta rumu\u0144ska<\/strong> <\/h2>\n<p>\n<a href=\"https:\/\/roadtoromania.com\/pl\/informacje-i-porady-z-rumunii\/waluta-rumunii\/\"> <strong>oficjaln\u0105 walut\u0105 Rumunii<\/strong><\/a> jest Leu, ale jest w trakcie konwersji na Euro. Oto <a href=\"https:\/\/roadtoromania.com\/pl\/informacje-i-porady-z-rumunii\/wymiana-walut-w-rumunii\/\"> <strong>informacja o kursie walutowym<\/strong><\/a> .<\/p>\n<h2>\n <strong>Ceny w Rumunii<\/strong> <\/h2>\n<p>\nRumunia jest tanim krajem w por\u00f3wnaniu do Hiszpanii. Na przyk\u0142ad jedzenie i piwa s\u0105 naprawd\u0119 tanie, a wycieczki i zakwaterowanie w hotelu &#8211; przyst\u0119pne. Je\u015bli jeste\u015bmy w mniej turystycznych miejscach, ceny s\u0105 nawet ta\u0144sze ni\u017c w Bukareszcie czy niekt\u00f3rych miastach w Transylwanii.<\/p>\n<p> Ambasady i konsulaty<\/strong> <\/h2>\n<p>\nAmbasada Rumunii w Hiszpanii znajduje si\u0119 przy Avenida de Alfonso XIII no. 157, Madrid 28016<\/p>\n<p>Tel: +34 913501881<\/p>\n<p>Fax: +34 913452917<\/p>\n","protected":false},"excerpt":{"rendered":"<p>Oto kilka wskaz\u00f3wek, kt\u00f3re pomog\u0105 Ci lepiej pozna\u0107 Rumuni\u0119 przed, w trakcie i po przygotowaniu podr\u00f3\u017cy: Po\u0142\u0105czenia do Rumunii Mi\u0119dzynarodowy prefiks dla po\u0142\u0105cze\u0144 spoza Rumunii to +40 . Prefiks dla miast lub wojew\u00f3dztw ma od 2 do 3 cyfr, natomiast dla telefon\u00f3w stacjonarnych od 6 do 7 cyfr. R\u00f3\u017cnica czasu Rumunia ma inn\u0105 stref\u0119 czasow\u0105 &hellip;<\/p>\n<p class=\"read-more\"> <a class=\"\" href=\"https:\/\/roadtoromania.com\/pl\/informacje-i-porady-z-rumunii\/\"> <span class=\"screen-reader-text\">Informacje i porady z Rumunii<\/span> Read More \u00bb<\/a><\/p>\n","protected":false},"author":1,"featured_media":0,"parent":0,"menu_order":0,"comment_status":"open","ping_status":"open","template":"","meta":{"site-sidebar-layout":"default","site-content-layout":"default","ast-global-header-display":"","ast-main-header-display":"","ast-hfb-above-header-display":"","ast-hfb-below-header-display":"","ast-hfb-mobile-header-display":"","site-post-title":"","ast-breadcrumbs-content":"","ast-featured-img":"","footer-sml-layout":"","theme-transparent-header-meta":"","adv-header-id-meta":"","stick-header-meta":"","header-above-stick-meta":"","header-main-stick-meta":"","header-below-stick-meta":"","footnotes":""},"class_list":["post-3672","page","type-page","status-publish","hentry"],"yoast_head":"<!-- This site is optimized with the Yoast SEO plugin v19.10 - https:\/\/yoast.com\/wordpress\/plugins\/seo\/ -->\n<title>Informacje i porady z Rumunii - Road to Romania<\/title>\n<meta name=\"robots\" content=\"index, follow, max-snippet:-1, max-image-preview:large, max-video-preview:-1\" \/>\n<link rel=\"canonical\" href=\"https:\/\/roadtoromania.com\/pl\/informacje-i-porady-z-rumunii\/\" \/>\n<meta property=\"og:locale\" content=\"pl_PL\" \/>\n<meta property=\"og:type\" content=\"article\" \/>\n<meta property=\"og:title\" content=\"Informacje i porady z Rumunii - Road to Romania\" \/>\n<meta property=\"og:description\" content=\"Oto kilka wskaz\u00f3wek, kt\u00f3re pomog\u0105 Ci lepiej pozna\u0107 Rumuni\u0119 przed, w trakcie i po przygotowaniu podr\u00f3\u017cy: Po\u0142\u0105czenia do Rumunii Mi\u0119dzynarodowy prefiks dla po\u0142\u0105cze\u0144 spoza Rumunii to +40 . Prefiks dla miast lub wojew\u00f3dztw ma od 2 do 3 cyfr, natomiast dla telefon\u00f3w stacjonarnych od 6 do 7 cyfr. R\u00f3\u017cnica czasu Rumunia ma inn\u0105 stref\u0119 czasow\u0105 &hellip; Informacje i porady z Rumunii Read More \u00bb\" \/>\n<meta property=\"og:url\" content=\"https:\/\/roadtoromania.com\/pl\/informacje-i-porady-z-rumunii\/\" \/>\n<meta property=\"og:site_name\" content=\"Road to Romania\" \/>\n<meta property=\"article:modified_time\" content=\"2022-10-21T18:32:31+00:00\" \/>\n<meta name=\"twitter:card\" content=\"summary_large_image\" \/>\n<meta name=\"twitter:label1\" content=\"Szacowany czas czytania\" \/>\n\t<meta name=\"twitter:data1\" content=\"1 minuta\" \/>\n<script type=\"application\/ld+json\" class=\"yoast-schema-graph\">{\"@context\":\"https:\/\/schema.org\",\"@graph\":[{\"@type\":\"WebPage\",\"@id\":\"https:\/\/roadtoromania.com\/pl\/informacje-i-porady-z-rumunii\/\",\"url\":\"https:\/\/roadtoromania.com\/pl\/informacje-i-porady-z-rumunii\/\",\"name\":\"Informacje i porady z Rumunii - Road to Romania\",\"isPartOf\":{\"@id\":\"https:\/\/roadtoromania.com\/pl\/#website\"},\"datePublished\":\"2022-10-15T18:40:14+00:00\",\"dateModified\":\"2022-10-21T18:32:31+00:00\",\"breadcrumb\":{\"@id\":\"https:\/\/roadtoromania.com\/pl\/informacje-i-porady-z-rumunii\/#breadcrumb\"},\"inLanguage\":\"pl-PL\",\"potentialAction\":[{\"@type\":\"ReadAction\",\"target\":[\"https:\/\/roadtoromania.com\/pl\/informacje-i-porady-z-rumunii\/\"]}]},{\"@type\":\"BreadcrumbList\",\"@id\":\"https:\/\/roadtoromania.com\/pl\/informacje-i-porady-z-rumunii\/#breadcrumb\",\"itemListElement\":[{\"@type\":\"ListItem\",\"position\":1,\"name\":\"Home\",\"item\":\"https:\/\/roadtoromania.com\/pl\/\"},{\"@type\":\"ListItem\",\"position\":2,\"name\":\"Informacje i porady z Rumunii\"}]},{\"@type\":\"WebSite\",\"@id\":\"https:\/\/roadtoromania.com\/pl\/#website\",\"url\":\"https:\/\/roadtoromania.com\/pl\/\",\"name\":\"Road to Romania\",\"description\":\"Blog, na kt\u00f3rym znajdziesz wszystkie informacje potrzebne do korzystania z Rumunii.\",\"potentialAction\":[{\"@type\":\"SearchAction\",\"target\":{\"@type\":\"EntryPoint\",\"urlTemplate\":\"https:\/\/roadtoromania.com\/pl\/?s={search_term_string}\"},\"query-input\":\"required name=search_term_string\"}],\"inLanguage\":\"pl-PL\"}]}<\/script>\n<!-- \/ Yoast SEO plugin. -->","yoast_head_json":{"title":"Informacje i porady z Rumunii - Road to Romania","robots":{"index":"index","follow":"follow","max-snippet":"max-snippet:-1","max-image-preview":"max-image-preview:large","max-video-preview":"max-video-preview:-1"},"canonical":"https:\/\/roadtoromania.com\/pl\/informacje-i-porady-z-rumunii\/","og_locale":"pl_PL","og_type":"article","og_title":"Informacje i porady z Rumunii - Road to Romania","og_description":"Oto kilka wskaz\u00f3wek, kt\u00f3re pomog\u0105 Ci lepiej pozna\u0107 Rumuni\u0119 przed, w trakcie i po przygotowaniu podr\u00f3\u017cy: Po\u0142\u0105czenia do Rumunii Mi\u0119dzynarodowy prefiks dla po\u0142\u0105cze\u0144 spoza Rumunii to +40 . Prefiks dla miast lub wojew\u00f3dztw ma od 2 do 3 cyfr, natomiast dla telefon\u00f3w stacjonarnych od 6 do 7 cyfr. R\u00f3\u017cnica czasu Rumunia ma inn\u0105 stref\u0119 czasow\u0105 &hellip; Informacje i porady z Rumunii Read More \u00bb","og_url":"https:\/\/roadtoromania.com\/pl\/informacje-i-porady-z-rumunii\/","og_site_name":"Road to Romania","article_modified_time":"2022-10-21T18:32:31+00:00","twitter_card":"summary_large_image","twitter_misc":{"Szacowany czas czytania":"1 minuta"},"schema":{"@context":"https:\/\/schema.org","@graph":[{"@type":"WebPage","@id":"https:\/\/roadtoromania.com\/pl\/informacje-i-porady-z-rumunii\/","url":"https:\/\/roadtoromania.com\/pl\/informacje-i-porady-z-rumunii\/","name":"Informacje i porady z Rumunii - Road to Romania","isPartOf":{"@id":"https:\/\/roadtoromania.com\/pl\/#website"},"datePublished":"2022-10-15T18:40:14+00:00","dateModified":"2022-10-21T18:32:31+00:00","breadcrumb":{"@id":"https:\/\/roadtoromania.com\/pl\/informacje-i-porady-z-rumunii\/#breadcrumb"},"inLanguage":"pl-PL","potentialAction":[{"@type":"ReadAction","target":["https:\/\/roadtoromania.com\/pl\/informacje-i-porady-z-rumunii\/"]}]},{"@type":"BreadcrumbList","@id":"https:\/\/roadtoromania.com\/pl\/informacje-i-porady-z-rumunii\/#breadcrumb","itemListElement":[{"@type":"ListItem","position":1,"name":"Home","item":"https:\/\/roadtoromania.com\/pl\/"},{"@type":"ListItem","position":2,"name":"Informacje i porady z Rumunii"}]},{"@type":"WebSite","@id":"https:\/\/roadtoromania.com\/pl\/#website","url":"https:\/\/roadtoromania.com\/pl\/","name":"Road to Romania","description":"Blog, na kt\u00f3rym znajdziesz wszystkie informacje potrzebne do korzystania z Rumunii.","potentialAction":[{"@type":"SearchAction","target":{"@type":"EntryPoint","urlTemplate":"https:\/\/roadtoromania.com\/pl\/?s={search_term_string}"},"query-input":"required name=search_term_string"}],"inLanguage":"pl-PL"}]}},"_links":{"self":[{"href":"https:\/\/roadtoromania.com\/pl\/wp-json\/wp\/v2\/pages\/3672","targetHints":{"allow":["GET"]}}],"collection":[{"href":"https:\/\/roadtoromania.com\/pl\/wp-json\/wp\/v2\/pages"}],"about":[{"href":"https:\/\/roadtoromania.com\/pl\/wp-json\/wp\/v2\/types\/page"}],"author":[{"embeddable":true,"href":"https:\/\/roadtoromania.com\/pl\/wp-json\/wp\/v2\/users\/1"}],"replies":[{"embeddable":true,"href":"https:\/\/roadtoromania.com\/pl\/wp-json\/wp\/v2\/comments?post=3672"}],"version-history":[{"count":0,"href":"https:\/\/roadtoromania.com\/pl\/wp-json\/wp\/v2\/pages\/3672\/revisions"}],"wp:attachment":[{"href":"https:\/\/roadtoromania.com\/pl\/wp-json\/wp\/v2\/media?parent=3672"}],"curies":[{"name":"wp","href":"https:\/\/api.w.org\/{rel}","templated":true}]}}