{"id":3673,"date":"2022-10-15T18:40:14","date_gmt":"2022-10-15T18:40:14","guid":{"rendered":"https:\/\/roadtoromania.com\/informacje-i-porady-z-rumunii\/wymiana-walut-w-rumunii\/"},"modified":"2022-10-21T18:32:39","modified_gmt":"2022-10-21T18:32:39","slug":"wymiana-walut-w-rumunii","status":"publish","type":"page","link":"https:\/\/roadtoromania.com\/pl\/informacje-i-porady-z-rumunii\/wymiana-walut-w-rumunii\/","title":{"rendered":"Wymiana walut w Rumunii"},"content":{"rendered":"<p> <strong>Rumunia<\/strong> nie przyst\u0105pi\u0142a jeszcze do europejskiej &#8220;wsp\u00f3lnej waluty&#8221; &#8211; euro. I cho\u0107 mo\u017cemy podr\u00f3\u017cowa\u0107 jako obywatele wolnego rynku, je\u015bli mamy obywatelstwo hiszpa\u0144skie, to euro jeszcze nie dotar\u0142o. <a href=\"https:\/\/roadtoromania.com\/pl\/informacje-i-porady-z-rumunii\/waluta-rumunii\/\"> <strong>walut\u0105<\/strong><\/a> jest <strong>Leu (liczba mnoga Lei)<\/strong> , a wi\u0119c po przyje\u017adzie musimy wymieni\u0107 na lokaln\u0105 walut\u0119 na zakupy i wydatki, kt\u00f3rych dokonujemy podczas naszej podr\u00f3\u017cy. Mo\u017cliwe, \u017ce w niekt\u00f3rych bankach i kantorach nadal wyst\u0119puje jako RON, czyli dawna nazwa waluty.<\/p>\n<p><img decoding=\"async\" src=\"https:\/\/roadtoromania.com\/wp-content\/uploads\/2022\/10\/moneda_rumana_lei.jpg\" \/>Rumu\u0144ska waluta Lei Wymiana walut w Rumunii<\/p>\n<div id=\"toc_container\" class=\"no_bullets\"><p class=\"toc_title\">Contents<\/p><ul class=\"toc_list\"><li><a href=\"#Porady_dotyczace_wymiany_walut_w_Rumunii\"><span class=\"toc_number toc_depth_1\">1<\/span> \nPorady dotycz\u0105ce wymiany walut w Rumunii<\/a><ul><li><a href=\"#Kantory_wymiany_walut\"><span class=\"toc_number toc_depth_2\">1.1<\/span> \nKantory wymiany walut<\/a><\/li><\/ul><\/li><li><a href=\"#Jak_placic_w_Rumunii\"><span class=\"toc_number toc_depth_1\">2<\/span> \nJak p\u0142aci\u0107 w Rumunii<\/a><\/li><li><a href=\"#Wynajem_samochodow\"><span class=\"toc_number toc_depth_1\">3<\/span> \nWynajem samochod\u00f3w<\/a><\/li><\/ul><\/div>\n<h2><span id=\"Porady_dotyczace_wymiany_walut_w_Rumunii\">\nPorady dotycz\u0105ce wymiany walut w Rumunii<\/span><\/h2>\n<p>\nNormalnym jest, \u017ce zaraz po przyje\u017adzie do danego kraju pojawia si\u0119 ch\u0119\u0107 zmiany waluty. Jednak rumu\u0144skie lotniska maj\u0105 zazwyczaj wy\u017csze kursy wymiany Lei na Euro ni\u017c kantory w miastach. Dlatego je\u015bli trzeba wymieni\u0107 pieni\u0105dze, lepiej zrobi\u0107 to tylko na kwot\u0119 niezb\u0119dn\u0105 do zakupu biletu autobusowego, taks\u00f3wki czy innych zakup\u00f3w, kt\u00f3re w danym momencie robimy. P\u00f3\u017aniej, w miastach takich jak centrum Bukaresztu, mo\u017cna wymieni\u0107 wi\u0119cej pieni\u0119dzy na got\u00f3wk\u0119.\u00a0Czasami mo\u017cemy znale\u017a\u0107 ceny w euro, co jest TYLKO wskaz\u00f3wk\u0105, aby zobaczy\u0107 ekwiwalent <\/p>\n<p>.<\/p>\n<h3><span id=\"Kantory_wymiany_walut\">\nKantory wymiany walut<\/span><\/h3>\n<p>\nObfituj\u0105 one w miastach, zw\u0142aszcza w centrum. Je\u015bli masz w\u0105tpliwo\u015bci, czy jest to akceptowalny kurs wymiany, mo\u017cesz odwiedzi\u0107 kilka z nich. Prawdopodobnie zostaniesz poproszony o pokazanie paszportu lub dowodu osobistego, aby wymieni\u0107 pieni\u0105dze. To oczywiste, ale nie nale\u017cy wymienia\u0107 pieni\u0119dzy u obcych, bo mo\u017ce to by\u0107 oszustwo.<\/p>\n<\/h3>\n<p>Bankomaty<\/h3>\n<p>\nBankomaty to dobry spos\u00f3b na wyp\u0142at\u0119 pieni\u0119dzy, zw\u0142aszcza je\u015bli Tw\u00f3j bank nie pobiera op\u0142aty za wyp\u0142at\u0119 got\u00f3wki za granic\u0105. Je\u015bli masz kart\u0119 Visa lub Mastercard, nie jest to problem, poniewa\u017c wi\u0119kszo\u015b\u0107 bankomat\u00f3w w Rumunii akceptuje te karty. American Express jest rzadziej u\u017cywany, cho\u0107 niekt\u00f3re hotele go akceptuj\u0105. Narodowy bank Rumunii nazywa si\u0119 Banca Na\u0163ional\u0103 a Rom\u00e2niei <\/p>\n<p>.<\/p>\n<h2><span id=\"Jak_placic_w_Rumunii\">\nJak p\u0142aci\u0107 w Rumunii<\/span><\/h2>\n<p>\nW miastach takich jak Bukareszt, Timisoara czy Brasz\u00f3w, w\u015br\u00f3d wielu innych, norm\u0105 jest op\u0142acenie rachunku kart\u0105, ale w ma\u0142ych miejscowo\u015bciach, w plac\u00f3wkach bez bramki p\u0142atniczej, mo\u017ce si\u0119 okaza\u0107, \u017ce akceptowana jest tylko got\u00f3wka. Dlatego warto mie\u0107 przy sobie got\u00f3wk\u0119 <\/p>\n<p>.<\/p>\n<h2><span id=\"Wynajem_samochodow\">\nWynajem samochod\u00f3w<\/span><\/h2>\n<p>\nPrawie wszystkie wypo\u017cyczalnie samochod\u00f3w prosz\u0105 o kart\u0119 kredytow\u0105, aby obci\u0105\u017cy\u0107 depozyt lub mie\u0107 go jako gwarancj\u0119, blokuj\u0105c kwot\u0119 do momentu zwrotu pojazdu.<\/p>\n","protected":false},"excerpt":{"rendered":"<p>Rumunia nie przyst\u0105pi\u0142a jeszcze do europejskiej &#8220;wsp\u00f3lnej waluty&#8221; &#8211; euro. I cho\u0107 mo\u017cemy podr\u00f3\u017cowa\u0107 jako obywatele wolnego rynku, je\u015bli mamy obywatelstwo hiszpa\u0144skie, to euro jeszcze nie dotar\u0142o. walut\u0105 jest Leu (liczba mnoga Lei) , a wi\u0119c po przyje\u017adzie musimy wymieni\u0107 na lokaln\u0105 walut\u0119 na zakupy i wydatki, kt\u00f3rych dokonujemy podczas naszej podr\u00f3\u017cy. Mo\u017cliwe, \u017ce w &hellip;<\/p>\n<p class=\"read-more\"> <a class=\"\" href=\"https:\/\/roadtoromania.com\/pl\/informacje-i-porady-z-rumunii\/wymiana-walut-w-rumunii\/\"> <span class=\"screen-reader-text\">Wymiana walut w Rumunii<\/span> Read More \u00bb<\/a><\/p>\n","protected":false},"author":1,"featured_media":1496,"parent":3672,"menu_order":0,"comment_status":"open","ping_status":"open","template":"","meta":{"site-sidebar-layout":"default","site-content-layout":"default","ast-global-header-display":"","ast-main-header-display":"","ast-hfb-above-header-display":"","ast-hfb-below-header-display":"","ast-hfb-mobile-header-display":"","site-post-title":"","ast-breadcrumbs-content":"","ast-featured-img":"","footer-sml-layout":"","theme-transparent-header-meta":"","adv-header-id-meta":"","stick-header-meta":"","header-above-stick-meta":"","header-main-stick-meta":"","header-below-stick-meta":"","footnotes":""},"class_list":["post-3673","page","type-page","status-publish","has-post-thumbnail","hentry"],"yoast_head":"<!-- This site is optimized with the Yoast SEO plugin v19.10 - https:\/\/yoast.com\/wordpress\/plugins\/seo\/ -->\n<title>Wymiana walut w Rumunii - Road to Romania<\/title>\n<meta name=\"robots\" content=\"index, follow, max-snippet:-1, max-image-preview:large, max-video-preview:-1\" \/>\n<link rel=\"canonical\" href=\"https:\/\/roadtoromania.com\/pl\/informacje-i-porady-z-rumunii\/wymiana-walut-w-rumunii\/\" \/>\n<meta property=\"og:locale\" content=\"pl_PL\" \/>\n<meta property=\"og:type\" content=\"article\" \/>\n<meta property=\"og:title\" content=\"Wymiana walut w Rumunii - Road to Romania\" \/>\n<meta property=\"og:description\" content=\"Rumunia nie przyst\u0105pi\u0142a jeszcze do europejskiej &#8220;wsp\u00f3lnej waluty&#8221; &#8211; euro. I cho\u0107 mo\u017cemy podr\u00f3\u017cowa\u0107 jako obywatele wolnego rynku, je\u015bli mamy obywatelstwo hiszpa\u0144skie, to euro jeszcze nie dotar\u0142o. walut\u0105 jest Leu (liczba mnoga Lei) , a wi\u0119c po przyje\u017adzie musimy wymieni\u0107 na lokaln\u0105 walut\u0119 na zakupy i wydatki, kt\u00f3rych dokonujemy podczas naszej podr\u00f3\u017cy. Mo\u017cliwe, \u017ce w &hellip; Wymiana walut w Rumunii Read More \u00bb\" \/>\n<meta property=\"og:url\" content=\"https:\/\/roadtoromania.com\/pl\/informacje-i-porady-z-rumunii\/wymiana-walut-w-rumunii\/\" \/>\n<meta property=\"og:site_name\" content=\"Road to Romania\" \/>\n<meta property=\"article:modified_time\" content=\"2022-10-21T18:32:39+00:00\" \/>\n<meta property=\"og:image\" content=\"https:\/\/roadtoromania.com\/wp-content\/uploads\/2022\/10\/moneda_rumana_lei-1.jpg\" \/>\n\t<meta property=\"og:image:width\" content=\"768\" \/>\n\t<meta property=\"og:image:height\" content=\"405\" \/>\n\t<meta property=\"og:image:type\" content=\"image\/jpeg\" \/>\n<meta name=\"twitter:card\" content=\"summary_large_image\" \/>\n<meta name=\"twitter:label1\" content=\"Szacowany czas czytania\" \/>\n\t<meta name=\"twitter:data1\" content=\"2 minuty\" \/>\n<script type=\"application\/ld+json\" class=\"yoast-schema-graph\">{\"@context\":\"https:\/\/schema.org\",\"@graph\":[{\"@type\":\"WebPage\",\"@id\":\"https:\/\/roadtoromania.com\/pl\/informacje-i-porady-z-rumunii\/wymiana-walut-w-rumunii\/\",\"url\":\"https:\/\/roadtoromania.com\/pl\/informacje-i-porady-z-rumunii\/wymiana-walut-w-rumunii\/\",\"name\":\"Wymiana walut w Rumunii - Road to Romania\",\"isPartOf\":{\"@id\":\"https:\/\/roadtoromania.com\/pl\/#website\"},\"datePublished\":\"2022-10-15T18:40:14+00:00\",\"dateModified\":\"2022-10-21T18:32:39+00:00\",\"breadcrumb\":{\"@id\":\"https:\/\/roadtoromania.com\/pl\/informacje-i-porady-z-rumunii\/wymiana-walut-w-rumunii\/#breadcrumb\"},\"inLanguage\":\"pl-PL\",\"potentialAction\":[{\"@type\":\"ReadAction\",\"target\":[\"https:\/\/roadtoromania.com\/pl\/informacje-i-porady-z-rumunii\/wymiana-walut-w-rumunii\/\"]}]},{\"@type\":\"BreadcrumbList\",\"@id\":\"https:\/\/roadtoromania.com\/pl\/informacje-i-porady-z-rumunii\/wymiana-walut-w-rumunii\/#breadcrumb\",\"itemListElement\":[{\"@type\":\"ListItem\",\"position\":1,\"name\":\"Home\",\"item\":\"https:\/\/roadtoromania.com\/pl\/\"},{\"@type\":\"ListItem\",\"position\":2,\"name\":\"Informacje i porady z Rumunii\",\"item\":\"https:\/\/roadtoromania.com\/pl\/informacje-i-porady-z-rumunii\/\"},{\"@type\":\"ListItem\",\"position\":3,\"name\":\"Wymiana walut w Rumunii\"}]},{\"@type\":\"WebSite\",\"@id\":\"https:\/\/roadtoromania.com\/pl\/#website\",\"url\":\"https:\/\/roadtoromania.com\/pl\/\",\"name\":\"Road to Romania\",\"description\":\"Blog, na kt\u00f3rym znajdziesz wszystkie informacje potrzebne do korzystania z Rumunii.\",\"potentialAction\":[{\"@type\":\"SearchAction\",\"target\":{\"@type\":\"EntryPoint\",\"urlTemplate\":\"https:\/\/roadtoromania.com\/pl\/?s={search_term_string}\"},\"query-input\":\"required name=search_term_string\"}],\"inLanguage\":\"pl-PL\"}]}<\/script>\n<!-- \/ Yoast SEO plugin. -->","yoast_head_json":{"title":"Wymiana walut w Rumunii - Road to Romania","robots":{"index":"index","follow":"follow","max-snippet":"max-snippet:-1","max-image-preview":"max-image-preview:large","max-video-preview":"max-video-preview:-1"},"canonical":"https:\/\/roadtoromania.com\/pl\/informacje-i-porady-z-rumunii\/wymiana-walut-w-rumunii\/","og_locale":"pl_PL","og_type":"article","og_title":"Wymiana walut w Rumunii - Road to Romania","og_description":"Rumunia nie przyst\u0105pi\u0142a jeszcze do europejskiej &#8220;wsp\u00f3lnej waluty&#8221; &#8211; euro. I cho\u0107 mo\u017cemy podr\u00f3\u017cowa\u0107 jako obywatele wolnego rynku, je\u015bli mamy obywatelstwo hiszpa\u0144skie, to euro jeszcze nie dotar\u0142o. walut\u0105 jest Leu (liczba mnoga Lei) , a wi\u0119c po przyje\u017adzie musimy wymieni\u0107 na lokaln\u0105 walut\u0119 na zakupy i wydatki, kt\u00f3rych dokonujemy podczas naszej podr\u00f3\u017cy. Mo\u017cliwe, \u017ce w &hellip; Wymiana walut w Rumunii Read More \u00bb","og_url":"https:\/\/roadtoromania.com\/pl\/informacje-i-porady-z-rumunii\/wymiana-walut-w-rumunii\/","og_site_name":"Road to Romania","article_modified_time":"2022-10-21T18:32:39+00:00","og_image":[{"width":768,"height":405,"url":"https:\/\/roadtoromania.com\/wp-content\/uploads\/2022\/10\/moneda_rumana_lei-1.jpg","type":"image\/jpeg"}],"twitter_card":"summary_large_image","twitter_misc":{"Szacowany czas czytania":"2 minuty"},"schema":{"@context":"https:\/\/schema.org","@graph":[{"@type":"WebPage","@id":"https:\/\/roadtoromania.com\/pl\/informacje-i-porady-z-rumunii\/wymiana-walut-w-rumunii\/","url":"https:\/\/roadtoromania.com\/pl\/informacje-i-porady-z-rumunii\/wymiana-walut-w-rumunii\/","name":"Wymiana walut w Rumunii - Road to Romania","isPartOf":{"@id":"https:\/\/roadtoromania.com\/pl\/#website"},"datePublished":"2022-10-15T18:40:14+00:00","dateModified":"2022-10-21T18:32:39+00:00","breadcrumb":{"@id":"https:\/\/roadtoromania.com\/pl\/informacje-i-porady-z-rumunii\/wymiana-walut-w-rumunii\/#breadcrumb"},"inLanguage":"pl-PL","potentialAction":[{"@type":"ReadAction","target":["https:\/\/roadtoromania.com\/pl\/informacje-i-porady-z-rumunii\/wymiana-walut-w-rumunii\/"]}]},{"@type":"BreadcrumbList","@id":"https:\/\/roadtoromania.com\/pl\/informacje-i-porady-z-rumunii\/wymiana-walut-w-rumunii\/#breadcrumb","itemListElement":[{"@type":"ListItem","position":1,"name":"Home","item":"https:\/\/roadtoromania.com\/pl\/"},{"@type":"ListItem","position":2,"name":"Informacje i porady z Rumunii","item":"https:\/\/roadtoromania.com\/pl\/informacje-i-porady-z-rumunii\/"},{"@type":"ListItem","position":3,"name":"Wymiana walut w Rumunii"}]},{"@type":"WebSite","@id":"https:\/\/roadtoromania.com\/pl\/#website","url":"https:\/\/roadtoromania.com\/pl\/","name":"Road to Romania","description":"Blog, na kt\u00f3rym znajdziesz wszystkie informacje potrzebne do korzystania z Rumunii.","potentialAction":[{"@type":"SearchAction","target":{"@type":"EntryPoint","urlTemplate":"https:\/\/roadtoromania.com\/pl\/?s={search_term_string}"},"query-input":"required name=search_term_string"}],"inLanguage":"pl-PL"}]}},"_links":{"self":[{"href":"https:\/\/roadtoromania.com\/pl\/wp-json\/wp\/v2\/pages\/3673","targetHints":{"allow":["GET"]}}],"collection":[{"href":"https:\/\/roadtoromania.com\/pl\/wp-json\/wp\/v2\/pages"}],"about":[{"href":"https:\/\/roadtoromania.com\/pl\/wp-json\/wp\/v2\/types\/page"}],"author":[{"embeddable":true,"href":"https:\/\/roadtoromania.com\/pl\/wp-json\/wp\/v2\/users\/1"}],"replies":[{"embeddable":true,"href":"https:\/\/roadtoromania.com\/pl\/wp-json\/wp\/v2\/comments?post=3673"}],"version-history":[{"count":1,"href":"https:\/\/roadtoromania.com\/pl\/wp-json\/wp\/v2\/pages\/3673\/revisions"}],"predecessor-version":[{"id":3674,"href":"https:\/\/roadtoromania.com\/pl\/wp-json\/wp\/v2\/pages\/3673\/revisions\/3674"}],"up":[{"embeddable":true,"href":"https:\/\/roadtoromania.com\/pl\/wp-json\/wp\/v2\/pages\/3672"}],"wp:featuredmedia":[{"embeddable":true,"href":"https:\/\/roadtoromania.com\/pl\/wp-json\/wp\/v2\/media\/1496"}],"wp:attachment":[{"href":"https:\/\/roadtoromania.com\/pl\/wp-json\/wp\/v2\/media?parent=3673"}],"curies":[{"name":"wp","href":"https:\/\/api.w.org\/{rel}","templated":true}]}}