{"id":3675,"date":"2022-10-15T18:40:14","date_gmt":"2022-10-15T18:40:14","guid":{"rendered":"https:\/\/roadtoromania.com\/informacje-i-porady-z-rumunii\/waluta-rumunii\/"},"modified":"2022-10-21T18:32:40","modified_gmt":"2022-10-21T18:32:40","slug":"waluta-rumunii","status":"publish","type":"page","link":"https:\/\/roadtoromania.com\/pl\/informacje-i-porady-z-rumunii\/waluta-rumunii\/","title":{"rendered":"Waluta Rumunii"},"content":{"rendered":"<p><a href=\"https:\/\/roadtoromania.com\/wp-content\/uploads\/2022\/10\/moneda-rumania-lei.jpg\"><img decoding=\"async\" src=\"https:\/\/roadtoromania.com\/wp-content\/uploads\/2022\/10\/moneda-rumania-lei.jpg\" \/><\/a> 5 Banknot Lei, waluta rumu\u0144ska.<\/p>\n<p>\nOficjaln\u0105 <strong>walut\u0105 Rumunii<\/strong> jest <strong>Leu, Lei<\/strong> w liczbie mnogiej. W 1880 roku Lei zosta\u0142 stworzony przez nowo za\u0142o\u017cony Narodowy Bank Rumunii. Nazwa Leu pochodzi od Lion, poniewa\u017c w XVII wieku powszechn\u0105 walut\u0105 by\u0142 holenderski leeuwendaalder, reprezentowany przez lwa. Tak the Lei (lew) by\u0107 the imi\u0119 dla the moneta. W 2005 r. wprowadzono do obiegu nowego leja ( <strong>RON<\/strong> ), kt\u00f3ry zast\u0105pi\u0142 starego leja, kt\u00f3ry z powodu dewaluacji stanowi\u0142 r\u00f3wnowarto\u015b\u0107 10 000 starych lej\u00f3w.<\/p>\n<p>\nLeu dzieli si\u0119 na Ban (bani w liczbie mnogiej)<\/p>\n<p>\nNa odwrocie banknot\u00f3w Lei widniej\u0105 wa\u017cne postaci z historii Rumunii, takie jak poeta Mihai Eminescu, Nicolae Iorga, dramaturg Ion Luca Caragiale, in\u017cynier Aurel Vlaicu, kompozytor George Enescu, malarz Nicolae Grigorescu, rumu\u0144ski filozof Lucian Blaga oraz rumu\u0144skie zabytki, takie jak Katedra Klasztoru Curtea w Arges, Biblioteka Uniwersytecka w Jassach czy Teatr Narodowy w Bukareszcie.<\/p>\n<p>\nOd 2006 r. Rumunia jest w trakcie procesu przyst\u0119powania do jednolitej waluty, euro, po spe\u0142nieniu warunk\u00f3w ekonomicznych przyst\u0105pienia, z przewidywan\u0105 dat\u0105 przyst\u0105pienia do euro w 2020 r.<\/p>\n<p>\nNa koniec warto wspomnie\u0107, \u017ce na lotniskach, jak i w g\u0142\u00f3wnych miastach znajdziemy biura lub domy wymiany walut pomi\u0119dzy Leu a Euro.<\/p>\n","protected":false},"excerpt":{"rendered":"<p>5 Banknot Lei, waluta rumu\u0144ska. Oficjaln\u0105 walut\u0105 Rumunii jest Leu, Lei w liczbie mnogiej. W 1880 roku Lei zosta\u0142 stworzony przez nowo za\u0142o\u017cony Narodowy Bank Rumunii. Nazwa Leu pochodzi od Lion, poniewa\u017c w XVII wieku powszechn\u0105 walut\u0105 by\u0142 holenderski leeuwendaalder, reprezentowany przez lwa. Tak the Lei (lew) by\u0107 the imi\u0119 dla the moneta. W 2005 &hellip;<\/p>\n<p class=\"read-more\"> <a class=\"\" href=\"https:\/\/roadtoromania.com\/pl\/informacje-i-porady-z-rumunii\/waluta-rumunii\/\"> <span class=\"screen-reader-text\">Waluta Rumunii<\/span> Read More \u00bb<\/a><\/p>\n","protected":false},"author":1,"featured_media":1504,"parent":3672,"menu_order":0,"comment_status":"open","ping_status":"open","template":"","meta":{"site-sidebar-layout":"default","site-content-layout":"default","ast-global-header-display":"","ast-main-header-display":"","ast-hfb-above-header-display":"","ast-hfb-below-header-display":"","ast-hfb-mobile-header-display":"","site-post-title":"","ast-breadcrumbs-content":"","ast-featured-img":"","footer-sml-layout":"","theme-transparent-header-meta":"","adv-header-id-meta":"","stick-header-meta":"","header-above-stick-meta":"","header-main-stick-meta":"","header-below-stick-meta":"","footnotes":""},"class_list":["post-3675","page","type-page","status-publish","has-post-thumbnail","hentry"],"yoast_head":"<!-- This site is optimized with the Yoast SEO plugin v19.10 - https:\/\/yoast.com\/wordpress\/plugins\/seo\/ -->\n<title>Waluta Rumunii - Road to Romania<\/title>\n<meta name=\"robots\" content=\"index, follow, max-snippet:-1, max-image-preview:large, max-video-preview:-1\" \/>\n<link rel=\"canonical\" href=\"https:\/\/roadtoromania.com\/pl\/informacje-i-porady-z-rumunii\/waluta-rumunii\/\" \/>\n<meta property=\"og:locale\" content=\"pl_PL\" \/>\n<meta property=\"og:type\" content=\"article\" \/>\n<meta property=\"og:title\" content=\"Waluta Rumunii - Road to Romania\" \/>\n<meta property=\"og:description\" content=\"5 Banknot Lei, waluta rumu\u0144ska. Oficjaln\u0105 walut\u0105 Rumunii jest Leu, Lei w liczbie mnogiej. W 1880 roku Lei zosta\u0142 stworzony przez nowo za\u0142o\u017cony Narodowy Bank Rumunii. Nazwa Leu pochodzi od Lion, poniewa\u017c w XVII wieku powszechn\u0105 walut\u0105 by\u0142 holenderski leeuwendaalder, reprezentowany przez lwa. Tak the Lei (lew) by\u0107 the imi\u0119 dla the moneta. W 2005 &hellip; Waluta Rumunii Read More \u00bb\" \/>\n<meta property=\"og:url\" content=\"https:\/\/roadtoromania.com\/pl\/informacje-i-porady-z-rumunii\/waluta-rumunii\/\" \/>\n<meta property=\"og:site_name\" content=\"Road to Romania\" \/>\n<meta property=\"article:modified_time\" content=\"2022-10-21T18:32:40+00:00\" \/>\n<meta property=\"og:image\" content=\"https:\/\/roadtoromania.com\/wp-content\/uploads\/2022\/10\/moneda-rumania-lei-1.jpg\" \/>\n\t<meta property=\"og:image:width\" content=\"500\" \/>\n\t<meta property=\"og:image:height\" content=\"500\" \/>\n\t<meta property=\"og:image:type\" content=\"image\/jpeg\" \/>\n<meta name=\"twitter:card\" content=\"summary_large_image\" \/>\n<meta name=\"twitter:label1\" content=\"Szacowany czas czytania\" \/>\n\t<meta name=\"twitter:data1\" content=\"1 minuta\" \/>\n<script type=\"application\/ld+json\" class=\"yoast-schema-graph\">{\"@context\":\"https:\/\/schema.org\",\"@graph\":[{\"@type\":\"WebPage\",\"@id\":\"https:\/\/roadtoromania.com\/pl\/informacje-i-porady-z-rumunii\/waluta-rumunii\/\",\"url\":\"https:\/\/roadtoromania.com\/pl\/informacje-i-porady-z-rumunii\/waluta-rumunii\/\",\"name\":\"Waluta Rumunii - Road to Romania\",\"isPartOf\":{\"@id\":\"https:\/\/roadtoromania.com\/pl\/#website\"},\"datePublished\":\"2022-10-15T18:40:14+00:00\",\"dateModified\":\"2022-10-21T18:32:40+00:00\",\"breadcrumb\":{\"@id\":\"https:\/\/roadtoromania.com\/pl\/informacje-i-porady-z-rumunii\/waluta-rumunii\/#breadcrumb\"},\"inLanguage\":\"pl-PL\",\"potentialAction\":[{\"@type\":\"ReadAction\",\"target\":[\"https:\/\/roadtoromania.com\/pl\/informacje-i-porady-z-rumunii\/waluta-rumunii\/\"]}]},{\"@type\":\"BreadcrumbList\",\"@id\":\"https:\/\/roadtoromania.com\/pl\/informacje-i-porady-z-rumunii\/waluta-rumunii\/#breadcrumb\",\"itemListElement\":[{\"@type\":\"ListItem\",\"position\":1,\"name\":\"Home\",\"item\":\"https:\/\/roadtoromania.com\/pl\/\"},{\"@type\":\"ListItem\",\"position\":2,\"name\":\"Informacje i porady z Rumunii\",\"item\":\"https:\/\/roadtoromania.com\/pl\/informacje-i-porady-z-rumunii\/\"},{\"@type\":\"ListItem\",\"position\":3,\"name\":\"Waluta Rumunii\"}]},{\"@type\":\"WebSite\",\"@id\":\"https:\/\/roadtoromania.com\/pl\/#website\",\"url\":\"https:\/\/roadtoromania.com\/pl\/\",\"name\":\"Road to Romania\",\"description\":\"Blog, na kt\u00f3rym znajdziesz wszystkie informacje potrzebne do korzystania z Rumunii.\",\"potentialAction\":[{\"@type\":\"SearchAction\",\"target\":{\"@type\":\"EntryPoint\",\"urlTemplate\":\"https:\/\/roadtoromania.com\/pl\/?s={search_term_string}\"},\"query-input\":\"required name=search_term_string\"}],\"inLanguage\":\"pl-PL\"}]}<\/script>\n<!-- \/ Yoast SEO plugin. -->","yoast_head_json":{"title":"Waluta Rumunii - Road to Romania","robots":{"index":"index","follow":"follow","max-snippet":"max-snippet:-1","max-image-preview":"max-image-preview:large","max-video-preview":"max-video-preview:-1"},"canonical":"https:\/\/roadtoromania.com\/pl\/informacje-i-porady-z-rumunii\/waluta-rumunii\/","og_locale":"pl_PL","og_type":"article","og_title":"Waluta Rumunii - Road to Romania","og_description":"5 Banknot Lei, waluta rumu\u0144ska. Oficjaln\u0105 walut\u0105 Rumunii jest Leu, Lei w liczbie mnogiej. W 1880 roku Lei zosta\u0142 stworzony przez nowo za\u0142o\u017cony Narodowy Bank Rumunii. Nazwa Leu pochodzi od Lion, poniewa\u017c w XVII wieku powszechn\u0105 walut\u0105 by\u0142 holenderski leeuwendaalder, reprezentowany przez lwa. Tak the Lei (lew) by\u0107 the imi\u0119 dla the moneta. W 2005 &hellip; Waluta Rumunii Read More \u00bb","og_url":"https:\/\/roadtoromania.com\/pl\/informacje-i-porady-z-rumunii\/waluta-rumunii\/","og_site_name":"Road to Romania","article_modified_time":"2022-10-21T18:32:40+00:00","og_image":[{"width":500,"height":500,"url":"https:\/\/roadtoromania.com\/wp-content\/uploads\/2022\/10\/moneda-rumania-lei-1.jpg","type":"image\/jpeg"}],"twitter_card":"summary_large_image","twitter_misc":{"Szacowany czas czytania":"1 minuta"},"schema":{"@context":"https:\/\/schema.org","@graph":[{"@type":"WebPage","@id":"https:\/\/roadtoromania.com\/pl\/informacje-i-porady-z-rumunii\/waluta-rumunii\/","url":"https:\/\/roadtoromania.com\/pl\/informacje-i-porady-z-rumunii\/waluta-rumunii\/","name":"Waluta Rumunii - Road to Romania","isPartOf":{"@id":"https:\/\/roadtoromania.com\/pl\/#website"},"datePublished":"2022-10-15T18:40:14+00:00","dateModified":"2022-10-21T18:32:40+00:00","breadcrumb":{"@id":"https:\/\/roadtoromania.com\/pl\/informacje-i-porady-z-rumunii\/waluta-rumunii\/#breadcrumb"},"inLanguage":"pl-PL","potentialAction":[{"@type":"ReadAction","target":["https:\/\/roadtoromania.com\/pl\/informacje-i-porady-z-rumunii\/waluta-rumunii\/"]}]},{"@type":"BreadcrumbList","@id":"https:\/\/roadtoromania.com\/pl\/informacje-i-porady-z-rumunii\/waluta-rumunii\/#breadcrumb","itemListElement":[{"@type":"ListItem","position":1,"name":"Home","item":"https:\/\/roadtoromania.com\/pl\/"},{"@type":"ListItem","position":2,"name":"Informacje i porady z Rumunii","item":"https:\/\/roadtoromania.com\/pl\/informacje-i-porady-z-rumunii\/"},{"@type":"ListItem","position":3,"name":"Waluta Rumunii"}]},{"@type":"WebSite","@id":"https:\/\/roadtoromania.com\/pl\/#website","url":"https:\/\/roadtoromania.com\/pl\/","name":"Road to Romania","description":"Blog, na kt\u00f3rym znajdziesz wszystkie informacje potrzebne do korzystania z Rumunii.","potentialAction":[{"@type":"SearchAction","target":{"@type":"EntryPoint","urlTemplate":"https:\/\/roadtoromania.com\/pl\/?s={search_term_string}"},"query-input":"required name=search_term_string"}],"inLanguage":"pl-PL"}]}},"_links":{"self":[{"href":"https:\/\/roadtoromania.com\/pl\/wp-json\/wp\/v2\/pages\/3675","targetHints":{"allow":["GET"]}}],"collection":[{"href":"https:\/\/roadtoromania.com\/pl\/wp-json\/wp\/v2\/pages"}],"about":[{"href":"https:\/\/roadtoromania.com\/pl\/wp-json\/wp\/v2\/types\/page"}],"author":[{"embeddable":true,"href":"https:\/\/roadtoromania.com\/pl\/wp-json\/wp\/v2\/users\/1"}],"replies":[{"embeddable":true,"href":"https:\/\/roadtoromania.com\/pl\/wp-json\/wp\/v2\/comments?post=3675"}],"version-history":[{"count":1,"href":"https:\/\/roadtoromania.com\/pl\/wp-json\/wp\/v2\/pages\/3675\/revisions"}],"predecessor-version":[{"id":3676,"href":"https:\/\/roadtoromania.com\/pl\/wp-json\/wp\/v2\/pages\/3675\/revisions\/3676"}],"up":[{"embeddable":true,"href":"https:\/\/roadtoromania.com\/pl\/wp-json\/wp\/v2\/pages\/3672"}],"wp:featuredmedia":[{"embeddable":true,"href":"https:\/\/roadtoromania.com\/pl\/wp-json\/wp\/v2\/media\/1504"}],"wp:attachment":[{"href":"https:\/\/roadtoromania.com\/pl\/wp-json\/wp\/v2\/media?parent=3675"}],"curies":[{"name":"wp","href":"https:\/\/api.w.org\/{rel}","templated":true}]}}