{"id":3686,"date":"2022-10-15T18:40:16","date_gmt":"2022-10-15T18:40:16","guid":{"rendered":"https:\/\/roadtoromania.com\/mapy-rumunii\/mapa-mapa-ulic-i-plan-miasta-cluj-napoca\/"},"modified":"2022-10-21T18:32:43","modified_gmt":"2022-10-21T18:32:43","slug":"mapa-mapa-ulic-i-plan-miasta-cluj-napoca","status":"publish","type":"page","link":"https:\/\/roadtoromania.com\/pl\/mapy-rumunii\/mapa-mapa-ulic-i-plan-miasta-cluj-napoca\/","title":{"rendered":"Mapa, mapa ulic i plan miasta Cluj &#8211; Napoca"},"content":{"rendered":"<p><\/p>\n<p><a href=\"http:\/\/maps.google.es\/maps?f=q&#038;source=embed&#038;hl=es&#038;geocode=&#038;q=cluj&#038;sll=40.396764,-3.713379&#038;sspn=9.216428,18.479004&#038;ie=UTF8&#038;hq=&#038;hnear=Cluj-Napoca,+Cluj,+Rumania&#038;ll=46.777248,23.59989&#038;spn=0.064776,0.144367&#038;t=m&#038;z=13\">Zobacz wi\u0119ksz\u0105 map\u0119<\/a> <\/p>\n","protected":false},"excerpt":{"rendered":"<p>Zobacz wi\u0119ksz\u0105 map\u0119<\/p>\n","protected":false},"author":1,"featured_media":0,"parent":3679,"menu_order":0,"comment_status":"open","ping_status":"open","template":"","meta":{"site-sidebar-layout":"default","site-content-layout":"default","ast-global-header-display":"","ast-main-header-display":"","ast-hfb-above-header-display":"","ast-hfb-below-header-display":"","ast-hfb-mobile-header-display":"","site-post-title":"","ast-breadcrumbs-content":"","ast-featured-img":"","footer-sml-layout":"","theme-transparent-header-meta":"","adv-header-id-meta":"","stick-header-meta":"","header-above-stick-meta":"","header-main-stick-meta":"","header-below-stick-meta":"","footnotes":""},"class_list":["post-3686","page","type-page","status-publish","hentry"],"yoast_head":"<!-- This site is optimized with the Yoast SEO plugin v19.10 - https:\/\/yoast.com\/wordpress\/plugins\/seo\/ -->\n<title>Mapa, mapa ulic i plan miasta Cluj - Napoca - Road to Romania<\/title>\n<meta name=\"robots\" content=\"index, follow, max-snippet:-1, max-image-preview:large, max-video-preview:-1\" \/>\n<link rel=\"canonical\" href=\"https:\/\/roadtoromania.com\/pl\/mapy-rumunii\/mapa-mapa-ulic-i-plan-miasta-cluj-napoca\/\" \/>\n<meta property=\"og:locale\" content=\"pl_PL\" \/>\n<meta property=\"og:type\" content=\"article\" \/>\n<meta property=\"og:title\" content=\"Mapa, mapa ulic i plan miasta Cluj - Napoca - Road to Romania\" \/>\n<meta property=\"og:description\" content=\"Zobacz wi\u0119ksz\u0105 map\u0119\" \/>\n<meta property=\"og:url\" content=\"https:\/\/roadtoromania.com\/pl\/mapy-rumunii\/mapa-mapa-ulic-i-plan-miasta-cluj-napoca\/\" \/>\n<meta property=\"og:site_name\" content=\"Road to Romania\" \/>\n<meta property=\"article:modified_time\" content=\"2022-10-21T18:32:43+00:00\" \/>\n<meta name=\"twitter:card\" content=\"summary_large_image\" \/>\n<script type=\"application\/ld+json\" class=\"yoast-schema-graph\">{\"@context\":\"https:\/\/schema.org\",\"@graph\":[{\"@type\":\"WebPage\",\"@id\":\"https:\/\/roadtoromania.com\/pl\/mapy-rumunii\/mapa-mapa-ulic-i-plan-miasta-cluj-napoca\/\",\"url\":\"https:\/\/roadtoromania.com\/pl\/mapy-rumunii\/mapa-mapa-ulic-i-plan-miasta-cluj-napoca\/\",\"name\":\"Mapa, mapa ulic i plan miasta Cluj - Napoca - Road to Romania\",\"isPartOf\":{\"@id\":\"https:\/\/roadtoromania.com\/pl\/#website\"},\"datePublished\":\"2022-10-15T18:40:16+00:00\",\"dateModified\":\"2022-10-21T18:32:43+00:00\",\"breadcrumb\":{\"@id\":\"https:\/\/roadtoromania.com\/pl\/mapy-rumunii\/mapa-mapa-ulic-i-plan-miasta-cluj-napoca\/#breadcrumb\"},\"inLanguage\":\"pl-PL\",\"potentialAction\":[{\"@type\":\"ReadAction\",\"target\":[\"https:\/\/roadtoromania.com\/pl\/mapy-rumunii\/mapa-mapa-ulic-i-plan-miasta-cluj-napoca\/\"]}]},{\"@type\":\"BreadcrumbList\",\"@id\":\"https:\/\/roadtoromania.com\/pl\/mapy-rumunii\/mapa-mapa-ulic-i-plan-miasta-cluj-napoca\/#breadcrumb\",\"itemListElement\":[{\"@type\":\"ListItem\",\"position\":1,\"name\":\"Home\",\"item\":\"https:\/\/roadtoromania.com\/pl\/\"},{\"@type\":\"ListItem\",\"position\":2,\"name\":\"Mapy Rumunii\",\"item\":\"https:\/\/roadtoromania.com\/pl\/mapy-rumunii\/\"},{\"@type\":\"ListItem\",\"position\":3,\"name\":\"Mapa, mapa ulic i plan miasta Cluj &#8211; Napoca\"}]},{\"@type\":\"WebSite\",\"@id\":\"https:\/\/roadtoromania.com\/pl\/#website\",\"url\":\"https:\/\/roadtoromania.com\/pl\/\",\"name\":\"Road to Romania\",\"description\":\"Blog, na kt\u00f3rym znajdziesz wszystkie informacje potrzebne do korzystania z Rumunii.\",\"potentialAction\":[{\"@type\":\"SearchAction\",\"target\":{\"@type\":\"EntryPoint\",\"urlTemplate\":\"https:\/\/roadtoromania.com\/pl\/?s={search_term_string}\"},\"query-input\":\"required name=search_term_string\"}],\"inLanguage\":\"pl-PL\"}]}<\/script>\n<!-- \/ Yoast SEO plugin. -->","yoast_head_json":{"title":"Mapa, mapa ulic i plan miasta Cluj - Napoca - Road to Romania","robots":{"index":"index","follow":"follow","max-snippet":"max-snippet:-1","max-image-preview":"max-image-preview:large","max-video-preview":"max-video-preview:-1"},"canonical":"https:\/\/roadtoromania.com\/pl\/mapy-rumunii\/mapa-mapa-ulic-i-plan-miasta-cluj-napoca\/","og_locale":"pl_PL","og_type":"article","og_title":"Mapa, mapa ulic i plan miasta Cluj - Napoca - Road to Romania","og_description":"Zobacz wi\u0119ksz\u0105 map\u0119","og_url":"https:\/\/roadtoromania.com\/pl\/mapy-rumunii\/mapa-mapa-ulic-i-plan-miasta-cluj-napoca\/","og_site_name":"Road to Romania","article_modified_time":"2022-10-21T18:32:43+00:00","twitter_card":"summary_large_image","schema":{"@context":"https:\/\/schema.org","@graph":[{"@type":"WebPage","@id":"https:\/\/roadtoromania.com\/pl\/mapy-rumunii\/mapa-mapa-ulic-i-plan-miasta-cluj-napoca\/","url":"https:\/\/roadtoromania.com\/pl\/mapy-rumunii\/mapa-mapa-ulic-i-plan-miasta-cluj-napoca\/","name":"Mapa, mapa ulic i plan miasta Cluj - Napoca - Road to Romania","isPartOf":{"@id":"https:\/\/roadtoromania.com\/pl\/#website"},"datePublished":"2022-10-15T18:40:16+00:00","dateModified":"2022-10-21T18:32:43+00:00","breadcrumb":{"@id":"https:\/\/roadtoromania.com\/pl\/mapy-rumunii\/mapa-mapa-ulic-i-plan-miasta-cluj-napoca\/#breadcrumb"},"inLanguage":"pl-PL","potentialAction":[{"@type":"ReadAction","target":["https:\/\/roadtoromania.com\/pl\/mapy-rumunii\/mapa-mapa-ulic-i-plan-miasta-cluj-napoca\/"]}]},{"@type":"BreadcrumbList","@id":"https:\/\/roadtoromania.com\/pl\/mapy-rumunii\/mapa-mapa-ulic-i-plan-miasta-cluj-napoca\/#breadcrumb","itemListElement":[{"@type":"ListItem","position":1,"name":"Home","item":"https:\/\/roadtoromania.com\/pl\/"},{"@type":"ListItem","position":2,"name":"Mapy Rumunii","item":"https:\/\/roadtoromania.com\/pl\/mapy-rumunii\/"},{"@type":"ListItem","position":3,"name":"Mapa, mapa ulic i plan miasta Cluj &#8211; Napoca"}]},{"@type":"WebSite","@id":"https:\/\/roadtoromania.com\/pl\/#website","url":"https:\/\/roadtoromania.com\/pl\/","name":"Road to Romania","description":"Blog, na kt\u00f3rym znajdziesz wszystkie informacje potrzebne do korzystania z Rumunii.","potentialAction":[{"@type":"SearchAction","target":{"@type":"EntryPoint","urlTemplate":"https:\/\/roadtoromania.com\/pl\/?s={search_term_string}"},"query-input":"required name=search_term_string"}],"inLanguage":"pl-PL"}]}},"_links":{"self":[{"href":"https:\/\/roadtoromania.com\/pl\/wp-json\/wp\/v2\/pages\/3686","targetHints":{"allow":["GET"]}}],"collection":[{"href":"https:\/\/roadtoromania.com\/pl\/wp-json\/wp\/v2\/pages"}],"about":[{"href":"https:\/\/roadtoromania.com\/pl\/wp-json\/wp\/v2\/types\/page"}],"author":[{"embeddable":true,"href":"https:\/\/roadtoromania.com\/pl\/wp-json\/wp\/v2\/users\/1"}],"replies":[{"embeddable":true,"href":"https:\/\/roadtoromania.com\/pl\/wp-json\/wp\/v2\/comments?post=3686"}],"version-history":[{"count":0,"href":"https:\/\/roadtoromania.com\/pl\/wp-json\/wp\/v2\/pages\/3686\/revisions"}],"up":[{"embeddable":true,"href":"https:\/\/roadtoromania.com\/pl\/wp-json\/wp\/v2\/pages\/3679"}],"wp:attachment":[{"href":"https:\/\/roadtoromania.com\/pl\/wp-json\/wp\/v2\/media?parent=3686"}],"curies":[{"name":"wp","href":"https:\/\/api.w.org\/{rel}","templated":true}]}}