{"id":3707,"date":"2022-10-15T18:40:16","date_gmt":"2022-10-15T18:40:16","guid":{"rendered":"https:\/\/roadtoromania.com\/zabytki-rumunii-co-zobaczyc-w-rumunii\/wycieczka-do-zamku-peles-z-bukaresztu\/"},"modified":"2022-10-21T18:32:51","modified_gmt":"2022-10-21T18:32:51","slug":"wycieczka-do-zamku-peles-z-bukaresztu","status":"publish","type":"page","link":"https:\/\/roadtoromania.com\/pl\/wycieczka-do-zamku-peles-z-bukaresztu\/","title":{"rendered":"Wycieczka do zamku Peles z Bukaresztu"},"content":{"rendered":"<p>Zamek <a href=\"https:\/\/roadtoromania.com\/pl\/zabytki-rumunii-co-zobaczyc-w-rumunii\/zamek-peles-w-miejscowosci-sinaia\/\"> <strong>Peles w Sinaia<\/strong><\/a> jest jednym z najcz\u0119\u015bciej odwiedzanych miejsc w Rumunii. Po\u0142o\u017cony w pi\u0119knym zalesionym otoczeniu zamek jest w\u0142a\u015bciwie pa\u0142acem mieszkalnym z elementami architektury w stylu neorenesansowym i sakso\u0144skim.<\/p>\n<p><img decoding=\"async\" src=\"https:\/\/roadtoromania.com\/wp-content\/uploads\/2022\/10\/castillo_sinaia_rumania.jpg\" \/>Zamek w Sinaia. Wycieczki z Bukaresztu<\/p>\n<p>\nZbudowany w 1873 roku na \u017cyczenie ksi\u0119cia Karola, Zamek Sinaia (dawniej Podul Neagului) sta\u0142 si\u0119 letni\u0105 rezydencj\u0105 kr\u00f3lewsk\u0105. Podczas swoich wizyt w Rumunii zatrzymywali si\u0119 tu wa\u017cni politycy i europejscy monarchowie. Obecnie muzeum, mo\u017cna zwiedzi\u0107 wn\u0119trze, aby zobaczy\u0107 pa\u0142acowe pokoje. W jego luksusowych salach i pokojach mo\u017cna obserwowa\u0107 codzienne \u017cycie pa\u0142acu w Sinaia na pocz\u0105tku XX w.<\/p>\n<p>\nZ <strong>Bukaresztu<\/strong> organizowane s\u0105 jednodniowe wycieczki w j\u0119zyku angielskim, kt\u00f3re \u0142\u0105cz\u0105 Zamek Peles z innymi cz\u0119\u015bciami <strong>Transylwanii<\/strong> , takimi jak Dolina Prahova, pi\u0119kne miasto <strong>Brasov<\/strong> , lub <strong>Zamek Bran<\/strong> (znany jako Zamek Drakuli).<\/p>\n","protected":false},"excerpt":{"rendered":"<p>Zamek Peles w Sinaia jest jednym z najcz\u0119\u015bciej odwiedzanych miejsc w Rumunii. Po\u0142o\u017cony w pi\u0119knym zalesionym otoczeniu zamek jest w\u0142a\u015bciwie pa\u0142acem mieszkalnym z elementami architektury w stylu neorenesansowym i sakso\u0144skim. Zamek w Sinaia. Wycieczki z Bukaresztu Zbudowany w 1873 roku na \u017cyczenie ksi\u0119cia Karola, Zamek Sinaia (dawniej Podul Neagului) sta\u0142 si\u0119 letni\u0105 rezydencj\u0105 kr\u00f3lewsk\u0105. Podczas &hellip;<\/p>\n<p class=\"read-more\"> <a class=\"\" href=\"https:\/\/roadtoromania.com\/pl\/wycieczka-do-zamku-peles-z-bukaresztu\/\"> <span class=\"screen-reader-text\">Wycieczka do zamku Peles z Bukaresztu<\/span> Read More \u00bb<\/a><\/p>\n","protected":false},"author":1,"featured_media":1638,"parent":0,"menu_order":0,"comment_status":"open","ping_status":"open","template":"","meta":{"site-sidebar-layout":"default","site-content-layout":"default","ast-global-header-display":"","ast-main-header-display":"","ast-hfb-above-header-display":"","ast-hfb-below-header-display":"","ast-hfb-mobile-header-display":"","site-post-title":"","ast-breadcrumbs-content":"","ast-featured-img":"","footer-sml-layout":"","theme-transparent-header-meta":"","adv-header-id-meta":"","stick-header-meta":"","header-above-stick-meta":"","header-main-stick-meta":"","header-below-stick-meta":"","footnotes":""},"class_list":["post-3707","page","type-page","status-publish","has-post-thumbnail","hentry"],"yoast_head":"<!-- This site is optimized with the Yoast SEO plugin v19.10 - https:\/\/yoast.com\/wordpress\/plugins\/seo\/ -->\n<title>Wycieczka do zamku Peles z Bukaresztu - Road to Romania<\/title>\n<meta name=\"robots\" content=\"index, follow, max-snippet:-1, max-image-preview:large, max-video-preview:-1\" \/>\n<link rel=\"canonical\" href=\"https:\/\/roadtoromania.com\/pl\/wycieczka-do-zamku-peles-z-bukaresztu\/\" \/>\n<meta property=\"og:locale\" content=\"pl_PL\" \/>\n<meta property=\"og:type\" content=\"article\" \/>\n<meta property=\"og:title\" content=\"Wycieczka do zamku Peles z Bukaresztu - Road to Romania\" \/>\n<meta property=\"og:description\" content=\"Zamek Peles w Sinaia jest jednym z najcz\u0119\u015bciej odwiedzanych miejsc w Rumunii. Po\u0142o\u017cony w pi\u0119knym zalesionym otoczeniu zamek jest w\u0142a\u015bciwie pa\u0142acem mieszkalnym z elementami architektury w stylu neorenesansowym i sakso\u0144skim. Zamek w Sinaia. Wycieczki z Bukaresztu Zbudowany w 1873 roku na \u017cyczenie ksi\u0119cia Karola, Zamek Sinaia (dawniej Podul Neagului) sta\u0142 si\u0119 letni\u0105 rezydencj\u0105 kr\u00f3lewsk\u0105. Podczas &hellip; Wycieczka do zamku Peles z Bukaresztu Read More \u00bb\" \/>\n<meta property=\"og:url\" content=\"https:\/\/roadtoromania.com\/pl\/wycieczka-do-zamku-peles-z-bukaresztu\/\" \/>\n<meta property=\"og:site_name\" content=\"Road to Romania\" \/>\n<meta property=\"article:modified_time\" content=\"2022-10-21T18:32:51+00:00\" \/>\n<meta property=\"og:image\" content=\"https:\/\/roadtoromania.com\/wp-content\/uploads\/2022\/10\/castillo_sinaia_rumania-1.jpg\" \/>\n\t<meta property=\"og:image:width\" content=\"768\" \/>\n\t<meta property=\"og:image:height\" content=\"462\" \/>\n\t<meta property=\"og:image:type\" content=\"image\/jpeg\" \/>\n<meta name=\"twitter:card\" content=\"summary_large_image\" \/>\n<meta name=\"twitter:label1\" content=\"Szacowany czas czytania\" \/>\n\t<meta name=\"twitter:data1\" content=\"1 minuta\" \/>\n<script type=\"application\/ld+json\" class=\"yoast-schema-graph\">{\"@context\":\"https:\/\/schema.org\",\"@graph\":[{\"@type\":\"WebPage\",\"@id\":\"https:\/\/roadtoromania.com\/pl\/wycieczka-do-zamku-peles-z-bukaresztu\/\",\"url\":\"https:\/\/roadtoromania.com\/pl\/wycieczka-do-zamku-peles-z-bukaresztu\/\",\"name\":\"Wycieczka do zamku Peles z Bukaresztu - Road to Romania\",\"isPartOf\":{\"@id\":\"https:\/\/roadtoromania.com\/pl\/#website\"},\"datePublished\":\"2022-10-15T18:40:16+00:00\",\"dateModified\":\"2022-10-21T18:32:51+00:00\",\"breadcrumb\":{\"@id\":\"https:\/\/roadtoromania.com\/pl\/wycieczka-do-zamku-peles-z-bukaresztu\/#breadcrumb\"},\"inLanguage\":\"pl-PL\",\"potentialAction\":[{\"@type\":\"ReadAction\",\"target\":[\"https:\/\/roadtoromania.com\/pl\/wycieczka-do-zamku-peles-z-bukaresztu\/\"]}]},{\"@type\":\"BreadcrumbList\",\"@id\":\"https:\/\/roadtoromania.com\/pl\/wycieczka-do-zamku-peles-z-bukaresztu\/#breadcrumb\",\"itemListElement\":[{\"@type\":\"ListItem\",\"position\":1,\"name\":\"Home\",\"item\":\"https:\/\/roadtoromania.com\/pl\/\"},{\"@type\":\"ListItem\",\"position\":2,\"name\":\"Zabytki Rumunii &#8211; Co zobaczy\u0107 w Rumunii\",\"item\":\"https:\/\/roadtoromania.com\/pl\/zabytki-rumunii-co-zobaczyc-w-rumunii\/\"},{\"@type\":\"ListItem\",\"position\":3,\"name\":\"Wycieczka do zamku Peles z Bukaresztu\"}]},{\"@type\":\"WebSite\",\"@id\":\"https:\/\/roadtoromania.com\/pl\/#website\",\"url\":\"https:\/\/roadtoromania.com\/pl\/\",\"name\":\"Road to Romania\",\"description\":\"Blog, na kt\u00f3rym znajdziesz wszystkie informacje potrzebne do korzystania z Rumunii.\",\"potentialAction\":[{\"@type\":\"SearchAction\",\"target\":{\"@type\":\"EntryPoint\",\"urlTemplate\":\"https:\/\/roadtoromania.com\/pl\/?s={search_term_string}\"},\"query-input\":\"required name=search_term_string\"}],\"inLanguage\":\"pl-PL\"}]}<\/script>\n<!-- \/ Yoast SEO plugin. -->","yoast_head_json":{"title":"Wycieczka do zamku Peles z Bukaresztu - Road to Romania","robots":{"index":"index","follow":"follow","max-snippet":"max-snippet:-1","max-image-preview":"max-image-preview:large","max-video-preview":"max-video-preview:-1"},"canonical":"https:\/\/roadtoromania.com\/pl\/wycieczka-do-zamku-peles-z-bukaresztu\/","og_locale":"pl_PL","og_type":"article","og_title":"Wycieczka do zamku Peles z Bukaresztu - Road to Romania","og_description":"Zamek Peles w Sinaia jest jednym z najcz\u0119\u015bciej odwiedzanych miejsc w Rumunii. Po\u0142o\u017cony w pi\u0119knym zalesionym otoczeniu zamek jest w\u0142a\u015bciwie pa\u0142acem mieszkalnym z elementami architektury w stylu neorenesansowym i sakso\u0144skim. Zamek w Sinaia. Wycieczki z Bukaresztu Zbudowany w 1873 roku na \u017cyczenie ksi\u0119cia Karola, Zamek Sinaia (dawniej Podul Neagului) sta\u0142 si\u0119 letni\u0105 rezydencj\u0105 kr\u00f3lewsk\u0105. Podczas &hellip; Wycieczka do zamku Peles z Bukaresztu Read More \u00bb","og_url":"https:\/\/roadtoromania.com\/pl\/wycieczka-do-zamku-peles-z-bukaresztu\/","og_site_name":"Road to Romania","article_modified_time":"2022-10-21T18:32:51+00:00","og_image":[{"width":768,"height":462,"url":"https:\/\/roadtoromania.com\/wp-content\/uploads\/2022\/10\/castillo_sinaia_rumania-1.jpg","type":"image\/jpeg"}],"twitter_card":"summary_large_image","twitter_misc":{"Szacowany czas czytania":"1 minuta"},"schema":{"@context":"https:\/\/schema.org","@graph":[{"@type":"WebPage","@id":"https:\/\/roadtoromania.com\/pl\/wycieczka-do-zamku-peles-z-bukaresztu\/","url":"https:\/\/roadtoromania.com\/pl\/wycieczka-do-zamku-peles-z-bukaresztu\/","name":"Wycieczka do zamku Peles z Bukaresztu - Road to Romania","isPartOf":{"@id":"https:\/\/roadtoromania.com\/pl\/#website"},"datePublished":"2022-10-15T18:40:16+00:00","dateModified":"2022-10-21T18:32:51+00:00","breadcrumb":{"@id":"https:\/\/roadtoromania.com\/pl\/wycieczka-do-zamku-peles-z-bukaresztu\/#breadcrumb"},"inLanguage":"pl-PL","potentialAction":[{"@type":"ReadAction","target":["https:\/\/roadtoromania.com\/pl\/wycieczka-do-zamku-peles-z-bukaresztu\/"]}]},{"@type":"BreadcrumbList","@id":"https:\/\/roadtoromania.com\/pl\/wycieczka-do-zamku-peles-z-bukaresztu\/#breadcrumb","itemListElement":[{"@type":"ListItem","position":1,"name":"Home","item":"https:\/\/roadtoromania.com\/pl\/"},{"@type":"ListItem","position":2,"name":"Zabytki Rumunii &#8211; Co zobaczy\u0107 w Rumunii","item":"https:\/\/roadtoromania.com\/pl\/zabytki-rumunii-co-zobaczyc-w-rumunii\/"},{"@type":"ListItem","position":3,"name":"Wycieczka do zamku Peles z Bukaresztu"}]},{"@type":"WebSite","@id":"https:\/\/roadtoromania.com\/pl\/#website","url":"https:\/\/roadtoromania.com\/pl\/","name":"Road to Romania","description":"Blog, na kt\u00f3rym znajdziesz wszystkie informacje potrzebne do korzystania z Rumunii.","potentialAction":[{"@type":"SearchAction","target":{"@type":"EntryPoint","urlTemplate":"https:\/\/roadtoromania.com\/pl\/?s={search_term_string}"},"query-input":"required name=search_term_string"}],"inLanguage":"pl-PL"}]}},"_links":{"self":[{"href":"https:\/\/roadtoromania.com\/pl\/wp-json\/wp\/v2\/pages\/3707","targetHints":{"allow":["GET"]}}],"collection":[{"href":"https:\/\/roadtoromania.com\/pl\/wp-json\/wp\/v2\/pages"}],"about":[{"href":"https:\/\/roadtoromania.com\/pl\/wp-json\/wp\/v2\/types\/page"}],"author":[{"embeddable":true,"href":"https:\/\/roadtoromania.com\/pl\/wp-json\/wp\/v2\/users\/1"}],"replies":[{"embeddable":true,"href":"https:\/\/roadtoromania.com\/pl\/wp-json\/wp\/v2\/comments?post=3707"}],"version-history":[{"count":1,"href":"https:\/\/roadtoromania.com\/pl\/wp-json\/wp\/v2\/pages\/3707\/revisions"}],"predecessor-version":[{"id":3708,"href":"https:\/\/roadtoromania.com\/pl\/wp-json\/wp\/v2\/pages\/3707\/revisions\/3708"}],"wp:featuredmedia":[{"embeddable":true,"href":"https:\/\/roadtoromania.com\/pl\/wp-json\/wp\/v2\/media\/1638"}],"wp:attachment":[{"href":"https:\/\/roadtoromania.com\/pl\/wp-json\/wp\/v2\/media?parent=3707"}],"curies":[{"name":"wp","href":"https:\/\/api.w.org\/{rel}","templated":true}]}}