{"id":3713,"date":"2022-10-15T18:40:18","date_gmt":"2022-10-15T18:40:18","guid":{"rendered":"https:\/\/roadtoromania.com\/zabytki-rumunii-co-zobaczyc-w-rumunii\/klasztor-moldovita\/"},"modified":"2022-10-21T18:32:55","modified_gmt":"2022-10-21T18:32:55","slug":"klasztor-moldovita","status":"publish","type":"page","link":"https:\/\/roadtoromania.com\/pl\/zabytki-rumunii-co-zobaczyc-w-rumunii\/klasztor-moldovita\/","title":{"rendered":"Klasztor Moldovita"},"content":{"rendered":"<p><img decoding=\"async\" src=\"https:\/\/roadtoromania.com\/wp-content\/uploads\/2022\/10\/monasterio_moldovita_cielo.jpg\" \/>Klasztor Moldovita z lotu ptaka<\/p>\n<p>\nKlasztor <strong>Moldovita<\/strong> jest cz\u0119\u015bci\u0105 grupy Malowanych Ko\u015bcio\u0142\u00f3w, <a href=\"https:\/\/roadtoromania.com\/pl\/zabytki-rumunii-co-zobaczyc-w-rumunii\/dziedzictwo-unesco-w-rumunii\/\"> <strong>wpisanych na list\u0119 \u015bwiatowego dziedzictwa<\/strong><\/a> wed\u0142ug Unesco<\/p>\n<\/p>\n<p>\nChroniony przez murowan\u0105 obudow\u0119 o grubo\u015bci ponad metra i wysoko\u015bci pi\u0119ciu metr\u00f3w, pod\u0105\u017ca za wzorem, kt\u00f3ry Szczepan Wielki zaprojektowa\u0142 w celu ochrony tego typu centrum religijnego.<\/p>\n<p>\nPodobnie jak inne ko\u015bcio\u0142y w regionie <a href=\"https:\/\/roadtoromania.com\/pl\/bukowina-i-jej-klasztory\/\"> <strong>Bukovina<\/strong><\/a> , pi\u0119kno emanuje z kolorowych i \u017cywych fresk\u00f3w, kt\u00f3re zdobi\u0105 zewn\u0119trzn\u0105 cz\u0119\u015b\u0107 ko\u015bcio\u0142a, odzwierciedlaj\u0105c sceny biblijne i historyczne, funkcjonuj\u0105c jako wizualny ewangelista.<\/p>\n<\/ul>\n<p><img decoding=\"async\" src=\"https:\/\/roadtoromania.com\/wp-content\/uploads\/2022\/10\/moldovita_monasterio.jpg\" \/>Ko\u015bci\u00f3\u0142 klasztoru Moldovita z zewn\u0119trznymi freskami<\/p>\n<p>\nPrace konserwatorskie pozwoli\u0142y na przywr\u00f3cenie cz\u0119\u015bci fresk\u00f3w, kt\u00f3re zosta\u0142y uszkodzone przez czynniki atmosferyczne. Te po stronie p\u00f3\u0142nocnej przedstawiaj\u0105ce \u017cycie Matki Boskiej lub \u015bw. Miko\u0142aja s\u0105 do\u015b\u0107 zniszczone, natomiast te po stronie po\u0142udniowej przedstawiaj\u0105ce drzewo Asai lub Hymn Matki Boskiej zachowa\u0142y ochrowe i niebieskawe odcienie, kt\u00f3re uczyni\u0142y je s\u0142awnymi.<\/p>\n<p><img decoding=\"async\" src=\"https:\/\/roadtoromania.com\/wp-content\/uploads\/2022\/10\/monasterio_moldovita2.jpg\" \/>Freski w malowanym ko\u015bciele w Moldovita<\/p>\n<p>\nWn\u0119trze ko\u015bcio\u0142a ukazuje wspania\u0142o\u015b\u0107 sztuki rumu\u0144skiej. S\u0105d Ostateczny zajmuje du\u017c\u0105 cz\u0119\u015b\u0107 obrazowego przedstawienia, a kopu\u0142a jest &#8220;p\u0142\u00f3tnem&#8221;, na kt\u00f3rym formy architektoniczne formuj\u0105 freskowe cia\u0142a.<\/p>\n<p>\nJe\u015bli mamy nocleg w Suczawie mo\u017cemy podj\u0105\u0107 si\u0119 trasy malowanych klasztor\u00f3w, odwiedzaj\u0105c klasztory Arbore, Humor, Suceavita i Moldovita:<\/p>\n","protected":false},"excerpt":{"rendered":"<p>Klasztor Moldovita z lotu ptaka Klasztor Moldovita jest cz\u0119\u015bci\u0105 grupy Malowanych Ko\u015bcio\u0142\u00f3w, wpisanych na list\u0119 \u015bwiatowego dziedzictwa wed\u0142ug Unesco Chroniony przez murowan\u0105 obudow\u0119 o grubo\u015bci ponad metra i wysoko\u015bci pi\u0119ciu metr\u00f3w, pod\u0105\u017ca za wzorem, kt\u00f3ry Szczepan Wielki zaprojektowa\u0142 w celu ochrony tego typu centrum religijnego. Podobnie jak inne ko\u015bcio\u0142y w regionie Bukovina , pi\u0119kno emanuje &hellip;<\/p>\n<p class=\"read-more\"> <a class=\"\" href=\"https:\/\/roadtoromania.com\/pl\/zabytki-rumunii-co-zobaczyc-w-rumunii\/klasztor-moldovita\/\"> <span class=\"screen-reader-text\">Klasztor Moldovita<\/span> Read More \u00bb<\/a><\/p>\n","protected":false},"author":1,"featured_media":1668,"parent":3693,"menu_order":0,"comment_status":"open","ping_status":"closed","template":"","meta":{"site-sidebar-layout":"default","site-content-layout":"default","ast-global-header-display":"","ast-main-header-display":"","ast-hfb-above-header-display":"","ast-hfb-below-header-display":"","ast-hfb-mobile-header-display":"","site-post-title":"","ast-breadcrumbs-content":"","ast-featured-img":"","footer-sml-layout":"","theme-transparent-header-meta":"","adv-header-id-meta":"","stick-header-meta":"","header-above-stick-meta":"","header-main-stick-meta":"","header-below-stick-meta":"","footnotes":""},"class_list":["post-3713","page","type-page","status-publish","has-post-thumbnail","hentry"],"yoast_head":"<!-- This site is optimized with the Yoast SEO plugin v19.10 - https:\/\/yoast.com\/wordpress\/plugins\/seo\/ -->\n<title>Klasztor Moldovita - Road to Romania<\/title>\n<meta name=\"robots\" content=\"index, follow, max-snippet:-1, max-image-preview:large, max-video-preview:-1\" \/>\n<link rel=\"canonical\" href=\"https:\/\/roadtoromania.com\/pl\/zabytki-rumunii-co-zobaczyc-w-rumunii\/klasztor-moldovita\/\" \/>\n<meta property=\"og:locale\" content=\"pl_PL\" \/>\n<meta property=\"og:type\" content=\"article\" \/>\n<meta property=\"og:title\" content=\"Klasztor Moldovita - Road to Romania\" \/>\n<meta property=\"og:description\" content=\"Klasztor Moldovita z lotu ptaka Klasztor Moldovita jest cz\u0119\u015bci\u0105 grupy Malowanych Ko\u015bcio\u0142\u00f3w, wpisanych na list\u0119 \u015bwiatowego dziedzictwa wed\u0142ug Unesco Chroniony przez murowan\u0105 obudow\u0119 o grubo\u015bci ponad metra i wysoko\u015bci pi\u0119ciu metr\u00f3w, pod\u0105\u017ca za wzorem, kt\u00f3ry Szczepan Wielki zaprojektowa\u0142 w celu ochrony tego typu centrum religijnego. Podobnie jak inne ko\u015bcio\u0142y w regionie Bukovina , pi\u0119kno emanuje &hellip; Klasztor Moldovita Read More \u00bb\" \/>\n<meta property=\"og:url\" content=\"https:\/\/roadtoromania.com\/pl\/zabytki-rumunii-co-zobaczyc-w-rumunii\/klasztor-moldovita\/\" \/>\n<meta property=\"og:site_name\" content=\"Road to Romania\" \/>\n<meta property=\"article:modified_time\" content=\"2022-10-21T18:32:55+00:00\" \/>\n<meta property=\"og:image\" content=\"https:\/\/roadtoromania.com\/wp-content\/uploads\/2022\/10\/monasterio_moldovita_cielo-1.jpg\" \/>\n\t<meta property=\"og:image:width\" content=\"768\" \/>\n\t<meta property=\"og:image:height\" content=\"762\" \/>\n\t<meta property=\"og:image:type\" content=\"image\/jpeg\" \/>\n<meta name=\"twitter:card\" content=\"summary_large_image\" \/>\n<meta name=\"twitter:label1\" content=\"Szacowany czas czytania\" \/>\n\t<meta name=\"twitter:data1\" content=\"1 minuta\" \/>\n<script type=\"application\/ld+json\" class=\"yoast-schema-graph\">{\"@context\":\"https:\/\/schema.org\",\"@graph\":[{\"@type\":\"WebPage\",\"@id\":\"https:\/\/roadtoromania.com\/pl\/zabytki-rumunii-co-zobaczyc-w-rumunii\/klasztor-moldovita\/\",\"url\":\"https:\/\/roadtoromania.com\/pl\/zabytki-rumunii-co-zobaczyc-w-rumunii\/klasztor-moldovita\/\",\"name\":\"Klasztor Moldovita - Road to Romania\",\"isPartOf\":{\"@id\":\"https:\/\/roadtoromania.com\/pl\/#website\"},\"datePublished\":\"2022-10-15T18:40:18+00:00\",\"dateModified\":\"2022-10-21T18:32:55+00:00\",\"breadcrumb\":{\"@id\":\"https:\/\/roadtoromania.com\/pl\/zabytki-rumunii-co-zobaczyc-w-rumunii\/klasztor-moldovita\/#breadcrumb\"},\"inLanguage\":\"pl-PL\",\"potentialAction\":[{\"@type\":\"ReadAction\",\"target\":[\"https:\/\/roadtoromania.com\/pl\/zabytki-rumunii-co-zobaczyc-w-rumunii\/klasztor-moldovita\/\"]}]},{\"@type\":\"BreadcrumbList\",\"@id\":\"https:\/\/roadtoromania.com\/pl\/zabytki-rumunii-co-zobaczyc-w-rumunii\/klasztor-moldovita\/#breadcrumb\",\"itemListElement\":[{\"@type\":\"ListItem\",\"position\":1,\"name\":\"Home\",\"item\":\"https:\/\/roadtoromania.com\/pl\/\"},{\"@type\":\"ListItem\",\"position\":2,\"name\":\"Zabytki Rumunii &#8211; Co zobaczy\u0107 w Rumunii\",\"item\":\"https:\/\/roadtoromania.com\/pl\/zabytki-rumunii-co-zobaczyc-w-rumunii\/\"},{\"@type\":\"ListItem\",\"position\":3,\"name\":\"Klasztor Moldovita\"}]},{\"@type\":\"WebSite\",\"@id\":\"https:\/\/roadtoromania.com\/pl\/#website\",\"url\":\"https:\/\/roadtoromania.com\/pl\/\",\"name\":\"Road to Romania\",\"description\":\"Blog, na kt\u00f3rym znajdziesz wszystkie informacje potrzebne do korzystania z Rumunii.\",\"potentialAction\":[{\"@type\":\"SearchAction\",\"target\":{\"@type\":\"EntryPoint\",\"urlTemplate\":\"https:\/\/roadtoromania.com\/pl\/?s={search_term_string}\"},\"query-input\":\"required name=search_term_string\"}],\"inLanguage\":\"pl-PL\"}]}<\/script>\n<!-- \/ Yoast SEO plugin. -->","yoast_head_json":{"title":"Klasztor Moldovita - Road to Romania","robots":{"index":"index","follow":"follow","max-snippet":"max-snippet:-1","max-image-preview":"max-image-preview:large","max-video-preview":"max-video-preview:-1"},"canonical":"https:\/\/roadtoromania.com\/pl\/zabytki-rumunii-co-zobaczyc-w-rumunii\/klasztor-moldovita\/","og_locale":"pl_PL","og_type":"article","og_title":"Klasztor Moldovita - Road to Romania","og_description":"Klasztor Moldovita z lotu ptaka Klasztor Moldovita jest cz\u0119\u015bci\u0105 grupy Malowanych Ko\u015bcio\u0142\u00f3w, wpisanych na list\u0119 \u015bwiatowego dziedzictwa wed\u0142ug Unesco Chroniony przez murowan\u0105 obudow\u0119 o grubo\u015bci ponad metra i wysoko\u015bci pi\u0119ciu metr\u00f3w, pod\u0105\u017ca za wzorem, kt\u00f3ry Szczepan Wielki zaprojektowa\u0142 w celu ochrony tego typu centrum religijnego. Podobnie jak inne ko\u015bcio\u0142y w regionie Bukovina , pi\u0119kno emanuje &hellip; Klasztor Moldovita Read More \u00bb","og_url":"https:\/\/roadtoromania.com\/pl\/zabytki-rumunii-co-zobaczyc-w-rumunii\/klasztor-moldovita\/","og_site_name":"Road to Romania","article_modified_time":"2022-10-21T18:32:55+00:00","og_image":[{"width":768,"height":762,"url":"https:\/\/roadtoromania.com\/wp-content\/uploads\/2022\/10\/monasterio_moldovita_cielo-1.jpg","type":"image\/jpeg"}],"twitter_card":"summary_large_image","twitter_misc":{"Szacowany czas czytania":"1 minuta"},"schema":{"@context":"https:\/\/schema.org","@graph":[{"@type":"WebPage","@id":"https:\/\/roadtoromania.com\/pl\/zabytki-rumunii-co-zobaczyc-w-rumunii\/klasztor-moldovita\/","url":"https:\/\/roadtoromania.com\/pl\/zabytki-rumunii-co-zobaczyc-w-rumunii\/klasztor-moldovita\/","name":"Klasztor Moldovita - Road to Romania","isPartOf":{"@id":"https:\/\/roadtoromania.com\/pl\/#website"},"datePublished":"2022-10-15T18:40:18+00:00","dateModified":"2022-10-21T18:32:55+00:00","breadcrumb":{"@id":"https:\/\/roadtoromania.com\/pl\/zabytki-rumunii-co-zobaczyc-w-rumunii\/klasztor-moldovita\/#breadcrumb"},"inLanguage":"pl-PL","potentialAction":[{"@type":"ReadAction","target":["https:\/\/roadtoromania.com\/pl\/zabytki-rumunii-co-zobaczyc-w-rumunii\/klasztor-moldovita\/"]}]},{"@type":"BreadcrumbList","@id":"https:\/\/roadtoromania.com\/pl\/zabytki-rumunii-co-zobaczyc-w-rumunii\/klasztor-moldovita\/#breadcrumb","itemListElement":[{"@type":"ListItem","position":1,"name":"Home","item":"https:\/\/roadtoromania.com\/pl\/"},{"@type":"ListItem","position":2,"name":"Zabytki Rumunii &#8211; Co zobaczy\u0107 w Rumunii","item":"https:\/\/roadtoromania.com\/pl\/zabytki-rumunii-co-zobaczyc-w-rumunii\/"},{"@type":"ListItem","position":3,"name":"Klasztor Moldovita"}]},{"@type":"WebSite","@id":"https:\/\/roadtoromania.com\/pl\/#website","url":"https:\/\/roadtoromania.com\/pl\/","name":"Road to Romania","description":"Blog, na kt\u00f3rym znajdziesz wszystkie informacje potrzebne do korzystania z Rumunii.","potentialAction":[{"@type":"SearchAction","target":{"@type":"EntryPoint","urlTemplate":"https:\/\/roadtoromania.com\/pl\/?s={search_term_string}"},"query-input":"required name=search_term_string"}],"inLanguage":"pl-PL"}]}},"_links":{"self":[{"href":"https:\/\/roadtoromania.com\/pl\/wp-json\/wp\/v2\/pages\/3713","targetHints":{"allow":["GET"]}}],"collection":[{"href":"https:\/\/roadtoromania.com\/pl\/wp-json\/wp\/v2\/pages"}],"about":[{"href":"https:\/\/roadtoromania.com\/pl\/wp-json\/wp\/v2\/types\/page"}],"author":[{"embeddable":true,"href":"https:\/\/roadtoromania.com\/pl\/wp-json\/wp\/v2\/users\/1"}],"replies":[{"embeddable":true,"href":"https:\/\/roadtoromania.com\/pl\/wp-json\/wp\/v2\/comments?post=3713"}],"version-history":[{"count":1,"href":"https:\/\/roadtoromania.com\/pl\/wp-json\/wp\/v2\/pages\/3713\/revisions"}],"predecessor-version":[{"id":3714,"href":"https:\/\/roadtoromania.com\/pl\/wp-json\/wp\/v2\/pages\/3713\/revisions\/3714"}],"up":[{"embeddable":true,"href":"https:\/\/roadtoromania.com\/pl\/wp-json\/wp\/v2\/pages\/3693"}],"wp:featuredmedia":[{"embeddable":true,"href":"https:\/\/roadtoromania.com\/pl\/wp-json\/wp\/v2\/media\/1668"}],"wp:attachment":[{"href":"https:\/\/roadtoromania.com\/pl\/wp-json\/wp\/v2\/media?parent=3713"}],"curies":[{"name":"wp","href":"https:\/\/api.w.org\/{rel}","templated":true}]}}