{"id":3715,"date":"2022-10-15T18:40:18","date_gmt":"2022-10-15T18:40:18","guid":{"rendered":"https:\/\/roadtoromania.com\/zabytki-rumunii-co-zobaczyc-w-rumunii\/klasztor-snagov-i-grob-vlada-tepesa\/"},"modified":"2022-10-21T18:32:55","modified_gmt":"2022-10-21T18:32:55","slug":"klasztor-snagov-i-grob-vlada-tepesa","status":"publish","type":"page","link":"https:\/\/roadtoromania.com\/pl\/zabytki-rumunii-co-zobaczyc-w-rumunii\/klasztor-snagov-i-grob-vlada-tepesa\/","title":{"rendered":"Klasztor Snagov i gr\u00f3b Vlada Tepesa"},"content":{"rendered":"<p>Klasztor <strong>Snagov<\/strong> , w regionie Wo\u0142oszczyzny, jest jednym z najcz\u0119\u015bciej odwiedzanych miejsc w Rumunii. Idylliczny krajobraz jeziora by\u0142 turystycznym miejscem wypoczynku dla mieszka\u0144c\u00f3w <strong>Bukaresztu<\/strong> , a nawet dla wielu przyw\u00f3dc\u00f3w partii Ceascescu, kt\u00f3rzy zbudowali swoje wille mieszkalne w pobli\u017cu.<\/p>\n<p><img decoding=\"async\" src=\"https:\/\/roadtoromania.com\/wp-content\/uploads\/2022\/10\/monasterio_snagov_rumania.jpg\" \/>Klasztor w Snagovie<\/p>\n<p>\nKlasztor silnie zwi\u0105zany z ksi\u0105\u017c\u0119tami wo\u0142oskimi (domnitores) znajduje si\u0119 na ma\u0142ej wyspie dost\u0119pnej tylko dzi\u0119ki \u0142\u0105cz\u0105cym j\u0105 ma\u0142ym \u0142\u00f3dkom. \u0141\u0105cz\u0105cy je niegdy\u015b drewniany most ju\u017c nie istnieje, gdy\u017c nie zosta\u0142 wymieniony po po\u017carze w 1821 roku. Klasztor powsta\u0142 w XIV w., a w latach 30. XX w. zosta\u0142 wydobyty poprzez zapalenie p\u0142omienia knota, kt\u00f3ry pali si\u0119 do dzi\u015b, czyli grobu Vlada Tepesa.<\/p>\n<p>\nWn\u0119trze jest bardzo zdobione, na \u015bcianach znajduj\u0105 si\u0119 polichromowane freski w stylu bizantyjskim. Z planem pod\u0142ogi w kszta\u0142cie krzy\u017ca, warto zatrzyma\u0107 si\u0119, aby podziwia\u0107 apsyd\u0119.<\/p>\n<p>\nWizyta w klasztorze jest niby darmowa, ale rzeczywisto\u015b\u0107 jest taka, \u017ce jest niemal\u017ce ustalona op\u0142ata, zar\u00f3wno za skorzystanie z \u0142\u00f3dek do przeprawy na wysp\u0119, jak i za wej\u015bcie, do kt\u00f3rej musimy doliczy\u0107 przesadnie drogi dodatek, je\u015bli chcemy robi\u0107 zdj\u0119cia.<\/p>\n<p><img decoding=\"async\" src=\"https:\/\/roadtoromania.com\/wp-content\/uploads\/2022\/10\/snagov_monasterio.jpg\" \/>Widok z powietrza na klasztor w Snagovie<\/p>\n<h2>\n <strong>Grobowiec &#8220;Draculi&#8221;<\/strong> <\/h2>\n<p>\nInnym powodem nap\u0142ywu do Snagov jest przekonanie, \u017ce spoczywaj\u0105 tu szcz\u0105tki <strong>Vlada Tepesa<\/strong> (postaci historycznej, na kt\u00f3rej <strong>Bram Stoker<\/strong> opar\u0142 <strong>Dracul\u0119<\/strong> ). Debata historyczna pomi\u0119dzy tymi, kt\u00f3rzy przypisuj\u0105 to\u017csamo\u015b\u0107 W\u0142ada Palownika niekt\u00f3rym szkieletom znalezionym w wykopaliskach, a tymi, kt\u00f3rzy odrzucaj\u0105 t\u0119 tez\u0119, jest jednym z najbardziej gorzkich spor\u00f3w w Rumunii.<\/p>\n<p>\nWed\u0142ug ustnej legendy zosta\u0142 zamordowany w okolicznych lasach z r\u0105k szlachty i prawos\u0142awnych, kt\u00f3rzy zdezawuowali jego ma\u0142\u017ce\u0144stwo z katoliczk\u0105, co by\u0142o dzia\u0142aniem na rzecz sojuszu z W\u0119grami, aby zwalczy\u0107 \u015bwieckie zagro\u017cenie ze strony Turk\u00f3w. G\u0142ow\u0119 zabrano do Konstantynopola, aby za\u015bwiadczy\u0107 o jego \u015bmierci, dlatego odkrycie szkielet\u00f3w z g\u0142owami nie do ko\u0144ca pasuje do domniemanego grobu Vlada Tepesa.<\/p>\n<p>\nNiezale\u017cnie od tego, czy jest to prawda, czy nie, Snagov jest czym\u015b znacznie wi\u0119cej, jako naturalny obszar staro\u017cytnych las\u00f3w Codrul Vl\u0103siei, kt\u00f3rych zasi\u0119g jest obecnie znacznie ograniczony, ze wzgl\u0119du na rozw\u00f3j miast i intensywn\u0105 dzia\u0142alno\u015b\u0107 rolnicz\u0105.<\/p>\n<p> Jak dojecha\u0107 do Snagov<\/strong> <\/h2>\n<p>\nKlasztor znajduje si\u0119 zaledwie 45 km od Bukaresztu, wi\u0119c jedziemy drog\u0105 DN1\/E60 na p\u00f3\u0142noc przez oko\u0142o 40 km, a\u017c znajdziemy skr\u0119t na drog\u0119 DJ101C w Ciolpani, kt\u00f3ra zabierze nas bezpo\u015brednio do klasztoru, kt\u00f3ry jest poza tym dobrze oznakowany.<\/p>\n<p>\nZ bukareszta\u0144skiego Gare de Nord kursuj\u0105 r\u00f3wnie\u017c poci\u0105gi nad jezioro Snagov, a je\u015bli masz ochot\u0119 na wycieczk\u0119 \u0142odzi\u0105<\/p>\n<\/ul>\n<p> Mapa lokalizacji klasztoru Snagov<\/strong> <\/p>\n<\/h2>\n","protected":false},"excerpt":{"rendered":"<p>Klasztor Snagov , w regionie Wo\u0142oszczyzny, jest jednym z najcz\u0119\u015bciej odwiedzanych miejsc w Rumunii. Idylliczny krajobraz jeziora by\u0142 turystycznym miejscem wypoczynku dla mieszka\u0144c\u00f3w Bukaresztu , a nawet dla wielu przyw\u00f3dc\u00f3w partii Ceascescu, kt\u00f3rzy zbudowali swoje wille mieszkalne w pobli\u017cu. Klasztor w Snagovie Klasztor silnie zwi\u0105zany z ksi\u0105\u017c\u0119tami wo\u0142oskimi (domnitores) znajduje si\u0119 na ma\u0142ej wyspie dost\u0119pnej &hellip;<\/p>\n<p class=\"read-more\"> <a class=\"\" href=\"https:\/\/roadtoromania.com\/pl\/zabytki-rumunii-co-zobaczyc-w-rumunii\/klasztor-snagov-i-grob-vlada-tepesa\/\"> <span class=\"screen-reader-text\">Klasztor Snagov i gr\u00f3b Vlada Tepesa<\/span> Read More \u00bb<\/a><\/p>\n","protected":false},"author":1,"featured_media":1688,"parent":3693,"menu_order":0,"comment_status":"open","ping_status":"open","template":"","meta":{"site-sidebar-layout":"default","site-content-layout":"default","ast-global-header-display":"","ast-main-header-display":"","ast-hfb-above-header-display":"","ast-hfb-below-header-display":"","ast-hfb-mobile-header-display":"","site-post-title":"","ast-breadcrumbs-content":"","ast-featured-img":"","footer-sml-layout":"","theme-transparent-header-meta":"","adv-header-id-meta":"","stick-header-meta":"","header-above-stick-meta":"","header-main-stick-meta":"","header-below-stick-meta":"","footnotes":""},"class_list":["post-3715","page","type-page","status-publish","has-post-thumbnail","hentry"],"yoast_head":"<!-- This site is optimized with the Yoast SEO plugin v19.10 - https:\/\/yoast.com\/wordpress\/plugins\/seo\/ -->\n<title>Klasztor Snagov i gr\u00f3b Vlada Tepesa - Road to Romania<\/title>\n<meta name=\"robots\" content=\"index, follow, max-snippet:-1, max-image-preview:large, max-video-preview:-1\" \/>\n<link rel=\"canonical\" href=\"https:\/\/roadtoromania.com\/pl\/zabytki-rumunii-co-zobaczyc-w-rumunii\/klasztor-snagov-i-grob-vlada-tepesa\/\" \/>\n<meta property=\"og:locale\" content=\"pl_PL\" \/>\n<meta property=\"og:type\" content=\"article\" \/>\n<meta property=\"og:title\" content=\"Klasztor Snagov i gr\u00f3b Vlada Tepesa - Road to Romania\" \/>\n<meta property=\"og:description\" content=\"Klasztor Snagov , w regionie Wo\u0142oszczyzny, jest jednym z najcz\u0119\u015bciej odwiedzanych miejsc w Rumunii. Idylliczny krajobraz jeziora by\u0142 turystycznym miejscem wypoczynku dla mieszka\u0144c\u00f3w Bukaresztu , a nawet dla wielu przyw\u00f3dc\u00f3w partii Ceascescu, kt\u00f3rzy zbudowali swoje wille mieszkalne w pobli\u017cu. Klasztor w Snagovie Klasztor silnie zwi\u0105zany z ksi\u0105\u017c\u0119tami wo\u0142oskimi (domnitores) znajduje si\u0119 na ma\u0142ej wyspie dost\u0119pnej &hellip; Klasztor Snagov i gr\u00f3b Vlada Tepesa Read More \u00bb\" \/>\n<meta property=\"og:url\" content=\"https:\/\/roadtoromania.com\/pl\/zabytki-rumunii-co-zobaczyc-w-rumunii\/klasztor-snagov-i-grob-vlada-tepesa\/\" \/>\n<meta property=\"og:site_name\" content=\"Road to Romania\" \/>\n<meta property=\"article:modified_time\" content=\"2022-10-21T18:32:55+00:00\" \/>\n<meta property=\"og:image\" content=\"https:\/\/roadtoromania.com\/wp-content\/uploads\/2022\/10\/monasterio_snagov_rumania-1.jpg\" \/>\n\t<meta property=\"og:image:width\" content=\"768\" \/>\n\t<meta property=\"og:image:height\" content=\"510\" \/>\n\t<meta property=\"og:image:type\" content=\"image\/jpeg\" \/>\n<meta name=\"twitter:card\" content=\"summary_large_image\" \/>\n<meta name=\"twitter:label1\" content=\"Szacowany czas czytania\" \/>\n\t<meta name=\"twitter:data1\" content=\"2 minuty\" \/>\n<script type=\"application\/ld+json\" class=\"yoast-schema-graph\">{\"@context\":\"https:\/\/schema.org\",\"@graph\":[{\"@type\":\"WebPage\",\"@id\":\"https:\/\/roadtoromania.com\/pl\/zabytki-rumunii-co-zobaczyc-w-rumunii\/klasztor-snagov-i-grob-vlada-tepesa\/\",\"url\":\"https:\/\/roadtoromania.com\/pl\/zabytki-rumunii-co-zobaczyc-w-rumunii\/klasztor-snagov-i-grob-vlada-tepesa\/\",\"name\":\"Klasztor Snagov i gr\u00f3b Vlada Tepesa - Road to Romania\",\"isPartOf\":{\"@id\":\"https:\/\/roadtoromania.com\/pl\/#website\"},\"datePublished\":\"2022-10-15T18:40:18+00:00\",\"dateModified\":\"2022-10-21T18:32:55+00:00\",\"breadcrumb\":{\"@id\":\"https:\/\/roadtoromania.com\/pl\/zabytki-rumunii-co-zobaczyc-w-rumunii\/klasztor-snagov-i-grob-vlada-tepesa\/#breadcrumb\"},\"inLanguage\":\"pl-PL\",\"potentialAction\":[{\"@type\":\"ReadAction\",\"target\":[\"https:\/\/roadtoromania.com\/pl\/zabytki-rumunii-co-zobaczyc-w-rumunii\/klasztor-snagov-i-grob-vlada-tepesa\/\"]}]},{\"@type\":\"BreadcrumbList\",\"@id\":\"https:\/\/roadtoromania.com\/pl\/zabytki-rumunii-co-zobaczyc-w-rumunii\/klasztor-snagov-i-grob-vlada-tepesa\/#breadcrumb\",\"itemListElement\":[{\"@type\":\"ListItem\",\"position\":1,\"name\":\"Home\",\"item\":\"https:\/\/roadtoromania.com\/pl\/\"},{\"@type\":\"ListItem\",\"position\":2,\"name\":\"Zabytki Rumunii &#8211; Co zobaczy\u0107 w Rumunii\",\"item\":\"https:\/\/roadtoromania.com\/pl\/zabytki-rumunii-co-zobaczyc-w-rumunii\/\"},{\"@type\":\"ListItem\",\"position\":3,\"name\":\"Klasztor Snagov i gr\u00f3b Vlada Tepesa\"}]},{\"@type\":\"WebSite\",\"@id\":\"https:\/\/roadtoromania.com\/pl\/#website\",\"url\":\"https:\/\/roadtoromania.com\/pl\/\",\"name\":\"Road to Romania\",\"description\":\"Blog, na kt\u00f3rym znajdziesz wszystkie informacje potrzebne do korzystania z Rumunii.\",\"potentialAction\":[{\"@type\":\"SearchAction\",\"target\":{\"@type\":\"EntryPoint\",\"urlTemplate\":\"https:\/\/roadtoromania.com\/pl\/?s={search_term_string}\"},\"query-input\":\"required name=search_term_string\"}],\"inLanguage\":\"pl-PL\"}]}<\/script>\n<!-- \/ Yoast SEO plugin. -->","yoast_head_json":{"title":"Klasztor Snagov i gr\u00f3b Vlada Tepesa - Road to Romania","robots":{"index":"index","follow":"follow","max-snippet":"max-snippet:-1","max-image-preview":"max-image-preview:large","max-video-preview":"max-video-preview:-1"},"canonical":"https:\/\/roadtoromania.com\/pl\/zabytki-rumunii-co-zobaczyc-w-rumunii\/klasztor-snagov-i-grob-vlada-tepesa\/","og_locale":"pl_PL","og_type":"article","og_title":"Klasztor Snagov i gr\u00f3b Vlada Tepesa - Road to Romania","og_description":"Klasztor Snagov , w regionie Wo\u0142oszczyzny, jest jednym z najcz\u0119\u015bciej odwiedzanych miejsc w Rumunii. Idylliczny krajobraz jeziora by\u0142 turystycznym miejscem wypoczynku dla mieszka\u0144c\u00f3w Bukaresztu , a nawet dla wielu przyw\u00f3dc\u00f3w partii Ceascescu, kt\u00f3rzy zbudowali swoje wille mieszkalne w pobli\u017cu. Klasztor w Snagovie Klasztor silnie zwi\u0105zany z ksi\u0105\u017c\u0119tami wo\u0142oskimi (domnitores) znajduje si\u0119 na ma\u0142ej wyspie dost\u0119pnej &hellip; Klasztor Snagov i gr\u00f3b Vlada Tepesa Read More \u00bb","og_url":"https:\/\/roadtoromania.com\/pl\/zabytki-rumunii-co-zobaczyc-w-rumunii\/klasztor-snagov-i-grob-vlada-tepesa\/","og_site_name":"Road to Romania","article_modified_time":"2022-10-21T18:32:55+00:00","og_image":[{"width":768,"height":510,"url":"https:\/\/roadtoromania.com\/wp-content\/uploads\/2022\/10\/monasterio_snagov_rumania-1.jpg","type":"image\/jpeg"}],"twitter_card":"summary_large_image","twitter_misc":{"Szacowany czas czytania":"2 minuty"},"schema":{"@context":"https:\/\/schema.org","@graph":[{"@type":"WebPage","@id":"https:\/\/roadtoromania.com\/pl\/zabytki-rumunii-co-zobaczyc-w-rumunii\/klasztor-snagov-i-grob-vlada-tepesa\/","url":"https:\/\/roadtoromania.com\/pl\/zabytki-rumunii-co-zobaczyc-w-rumunii\/klasztor-snagov-i-grob-vlada-tepesa\/","name":"Klasztor Snagov i gr\u00f3b Vlada Tepesa - Road to Romania","isPartOf":{"@id":"https:\/\/roadtoromania.com\/pl\/#website"},"datePublished":"2022-10-15T18:40:18+00:00","dateModified":"2022-10-21T18:32:55+00:00","breadcrumb":{"@id":"https:\/\/roadtoromania.com\/pl\/zabytki-rumunii-co-zobaczyc-w-rumunii\/klasztor-snagov-i-grob-vlada-tepesa\/#breadcrumb"},"inLanguage":"pl-PL","potentialAction":[{"@type":"ReadAction","target":["https:\/\/roadtoromania.com\/pl\/zabytki-rumunii-co-zobaczyc-w-rumunii\/klasztor-snagov-i-grob-vlada-tepesa\/"]}]},{"@type":"BreadcrumbList","@id":"https:\/\/roadtoromania.com\/pl\/zabytki-rumunii-co-zobaczyc-w-rumunii\/klasztor-snagov-i-grob-vlada-tepesa\/#breadcrumb","itemListElement":[{"@type":"ListItem","position":1,"name":"Home","item":"https:\/\/roadtoromania.com\/pl\/"},{"@type":"ListItem","position":2,"name":"Zabytki Rumunii &#8211; Co zobaczy\u0107 w Rumunii","item":"https:\/\/roadtoromania.com\/pl\/zabytki-rumunii-co-zobaczyc-w-rumunii\/"},{"@type":"ListItem","position":3,"name":"Klasztor Snagov i gr\u00f3b Vlada Tepesa"}]},{"@type":"WebSite","@id":"https:\/\/roadtoromania.com\/pl\/#website","url":"https:\/\/roadtoromania.com\/pl\/","name":"Road to Romania","description":"Blog, na kt\u00f3rym znajdziesz wszystkie informacje potrzebne do korzystania z Rumunii.","potentialAction":[{"@type":"SearchAction","target":{"@type":"EntryPoint","urlTemplate":"https:\/\/roadtoromania.com\/pl\/?s={search_term_string}"},"query-input":"required name=search_term_string"}],"inLanguage":"pl-PL"}]}},"_links":{"self":[{"href":"https:\/\/roadtoromania.com\/pl\/wp-json\/wp\/v2\/pages\/3715","targetHints":{"allow":["GET"]}}],"collection":[{"href":"https:\/\/roadtoromania.com\/pl\/wp-json\/wp\/v2\/pages"}],"about":[{"href":"https:\/\/roadtoromania.com\/pl\/wp-json\/wp\/v2\/types\/page"}],"author":[{"embeddable":true,"href":"https:\/\/roadtoromania.com\/pl\/wp-json\/wp\/v2\/users\/1"}],"replies":[{"embeddable":true,"href":"https:\/\/roadtoromania.com\/pl\/wp-json\/wp\/v2\/comments?post=3715"}],"version-history":[{"count":1,"href":"https:\/\/roadtoromania.com\/pl\/wp-json\/wp\/v2\/pages\/3715\/revisions"}],"predecessor-version":[{"id":3716,"href":"https:\/\/roadtoromania.com\/pl\/wp-json\/wp\/v2\/pages\/3715\/revisions\/3716"}],"up":[{"embeddable":true,"href":"https:\/\/roadtoromania.com\/pl\/wp-json\/wp\/v2\/pages\/3693"}],"wp:featuredmedia":[{"embeddable":true,"href":"https:\/\/roadtoromania.com\/pl\/wp-json\/wp\/v2\/media\/1688"}],"wp:attachment":[{"href":"https:\/\/roadtoromania.com\/pl\/wp-json\/wp\/v2\/media?parent=3715"}],"curies":[{"name":"wp","href":"https:\/\/api.w.org\/{rel}","templated":true}]}}