{"id":3721,"date":"2022-10-15T18:40:18","date_gmt":"2022-10-15T18:40:18","guid":{"rendered":"https:\/\/roadtoromania.com\/charakter-rumunii\/"},"modified":"2022-10-21T18:32:57","modified_gmt":"2022-10-21T18:32:57","slug":"charakter-rumunii","status":"publish","type":"page","link":"https:\/\/roadtoromania.com\/pl\/charakter-rumunii\/","title":{"rendered":"Charakter Rumunii"},"content":{"rendered":"<p><img decoding=\"async\" src=\"https:\/\/roadtoromania.com\/wp-content\/uploads\/2022\/10\/ceahlau-ruta-senderismos.jpg\" \/>Karpaty, kt\u00f3re biegn\u0105 przez setki kilometr\u00f3w przez Rumuni\u0119, oferuj\u0105c nam krajobrazy wielkiej urody. <\/p>\n<p>\nRumunia to kraj o <strong>wspania\u0142ych naturalnych krajobrazach<\/strong> , pe\u0142en bogactwa i wielkiego pi\u0119kna, odwiedzany co roku przez tysi\u0105ce turyst\u00f3w, kt\u00f3rzy przyje\u017cd\u017caj\u0105 zwabieni wybrze\u017cem Morza Czarnego, dorzeczem Dunaju czy Karpatami.<\/p>\n<p> Karpaty<\/strong> <\/h2>\n<p>\nKarpaty rozci\u0105gaj\u0105 si\u0119 w ca\u0142ym kraju od granicy z Ukrain\u0105 na p\u00f3\u0142nocy do doliny Dunaju na po\u0142udniowym zachodzie &#8211; Karpaty Po\u0142udniowe nazywane s\u0105 Alpami Transylwa\u0144skimi &#8211; na zachodzie. Ka\u017cdy obszar tworzy inny krajobraz ze wzgl\u0119du na du\u017ce zr\u00f3\u017cnicowanie terenu: polodowcowe, krasowe i wulkaniczne. Karpaty s\u0105 wi\u0119c idealnym miejscem do uprawiania <strong>aktywno\u015bci na \u015bwie\u017cym powietrzu<\/strong> : wspinaczki, alpinizmu, jazdy na rowerze, w\u0119dr\u00f3wek&#8230; A w Rumunii znajduj\u0105 si\u0119 jedne z najpopularniejszych <strong>o\u015brodk\u00f3w narciarskich<\/strong> , takie jak: <strong><a href=\"https:\/\/roadtoromania.com\/pl\/charakter-rumunii\/osrodek-narciarski-poiana-brasov\/\">Poiana Basov<\/a> <\/strong> , <a href=\"https:\/\/roadtoromania.com\/pl\/charakter-rumunii\/osrodek-narciarski-predeal\/\"> <strong>Predeal<\/strong><\/a> , Sinaia, Dornei Vatra, Balea Lake i Paltinis. Na uwag\u0119 zas\u0142uguj\u0105 r\u00f3wnie\u017c <strong>g\u0142\u0119bokie w\u0105wozy i<\/strong> parowy, kt\u00f3re kryj\u0105 <strong>najwi\u0119ksz\u0105 sie\u0107 podziemnych galerii w Europie<\/strong> : <strong>11000 jaski\u0144<\/strong> , wiele z nich zamieszka\u0142ych przez du\u017ce populacje nietoperzy<\/p>\n<p>\n <strong>G\u00f3ry Bucegi<\/strong> w centrum kraju s\u0105 cz\u0119\u015bci\u0105 <strong>Alp Karpackich<\/strong> , w <a href=\"https:\/\/roadtoromania.com\/pl\/miasta-i-regiony-rumunii\/transylwania-wiecej-niz-tylko-kraina-drakuli\/\"> <strong>Transylwanii<\/strong><\/a> i maj\u0105 du\u017ce znaczenie turystyczne. W tym rejonie znajduj\u0105 si\u0119 <strong>Dolina Prahoba<\/strong> , figury takie jak <strong>Sfinks lub Babele, Szczyt Omu<\/strong> &#8211; najwy\u017cszy szczyt &#8211; oraz <strong>Szczyt Baciului<\/strong> .<\/p>\n<p>\nWulkany b\u0142otne w pobli\u017cu Berca <a href=\"https:\/\/roadtoromania.com\/pl\/charakter-rumunii\/wulkany-blotne-berca\/\">  s\u0105 tak niezwyk\u0142e, \u017ce warto odwiedzi\u0107 to widowisko, z ksi\u0119\u017cycowym krajobrazem spowodowanym erupcj\u0105 gliny i b\u0142ota z pod\u0142o\u017ca, tworz\u0105cych sto\u017cki.<\/p>\n<\/p>\n<p> Rzeki w Rumunii<\/strong> <\/h2>\n<p>\n98% rumu\u0144skich rzek ma sw\u00f3j pocz\u0105tek w Karpatach i jest dop\u0142ywami g\u0142\u00f3wnej rzeki, <strong>Dunaju, drugiej co do d\u0142ugo\u015bci rzeki w Europie,<\/strong> kt\u00f3rej wody przep\u0142ywaj\u0105 przez 2900 w po\u0142udniowej Rumunii, W\u0119grzech, Serbii i Bu\u0142garii. Do najwa\u017cniejszych atrakcji nale\u017c\u0105 spektakularne <strong>w\u0105wozy \u017belaznych Wr\u00f3t, pomi\u0119dzy Serbi\u0105 a Rumuni\u0105<\/strong> . Wielu turyst\u00f3w wybiera tras\u0119 Rejsy po Dunaju<\/a> , kt\u00f3ra pozwala zobaczy\u0107 te kraje z innej perspektywy &#8211; wi\u0119cej informacji na ten temat znajdziesz w dziale Rejsy po Rumunii. G\u0142\u00f3wnym portem na Dunaju, zar\u00f3wno handlowym jak i turystycznym, jest <strong><a href=\"https:\/\/roadtoromania.com\/pl\/miasta-i-regiony-rumunii\/constanza\/\">Konstanca<\/a> <\/strong> ; a inne wa\u017cne porty rzeczne to: Tulcea, Galati, Calarasi, Drobeta i Giurgiu &#8211; najbli\u017cej <strong><a href=\"https:\/\/roadtoromania.com\/pl\/miasta-i-regiony-rumunii\/bukareszt\/\">Bukareszt<\/a> <\/strong> -. Natomiast g\u0142\u00f3wne rzeki w Rumunii to: Mures, Prut, Olt, Siret, Lalomita, Somes i Arges <\/p>\n<p>.<br \/>\n<img decoding=\"async\" src=\"data:image\/gif;base64,R0lGODdhAQABAPAAAMPDwwAAACwAAAAAAQABAAACAkQBADs=\" \/>Prze\u0142om Dunaju (Clisura Dun\u0103rii), z tym monumentalnym sfinksem, jeden z najbardziej atrakcyjnych cel\u00f3w turystycznych.<\/p>\n<h2>\n <strong>Delta Dunaju<\/strong> <\/h2>\n<p>\nOg\u0142oszony <strong>Rezerwatem Biosfery UNESCO<\/strong> , <a href=\"https:\/\/roadtoromania.com\/pl\/charakter-rumunii\/delta-dunaju\/\"> <strong>Delta Dunaju<\/strong><\/a> jest tr\u00f3jk\u0105tnym obszarem sk\u0142adaj\u0105cym si\u0119 z <strong>bagien, p\u0142ywaj\u0105cych wysp i piaszczystych \u0142awic<\/strong> ; chroniony teren podmok\u0142y o powierzchni 4800 km2, <strong>siedlisko rzadkich gatunk\u00f3w ro\u015blin i zwierz\u0105t<\/strong> . Delta Dunaju sk\u0142ada si\u0119 z zawi\u0142ej <strong>sieci dr\u00f3g wodnych i jezior<\/strong> roz\u0142o\u017conych na trzech kana\u0142ach: Chilia, Sulna i Sf\u00e2ntu Gheorghe. Tury\u015bci mog\u0105 zwiedza\u0107 <strong>historyczne miejsca,<\/strong> wybra\u0107 si\u0119 na przeja\u017cd\u017ck\u0119 <strong>tradycyjn\u0105 \u0142odzi\u0105 lub kajakiem<\/strong> wzd\u0142u\u017c wielu dr\u00f3g wodnych, odwiedzi\u0107 <strong>winnice si\u0119gaj\u0105ce czas\u00f3w Imperium Rzymskiego,<\/strong> lub skosztowa\u0107 jednych z <strong>najlepszych kawior\u00f3w na \u015bwiecie: jesiotra beluga z Morza Czarnego.<\/strong> <\/p>\n<p> Morze Czarne<\/strong> <\/h2>\n<p>\nMorze Czarne rozci\u0105ga si\u0119 wzd\u0142u\u017c <strong>241 kilometr\u00f3w rumu\u0144skiego wybrze\u017ca<\/strong> . <strong>ciep\u0142y klimat, szerokie<\/strong> piaszczyste pla\u017ce i kurorty, a tak\u017ce pi\u0119kne <strong>zabytkowe dziedzictwo<\/strong> i <strong>pozosta\u0142o\u015bci po staro\u017cytnej kulturze greckiej<\/strong> , nie wspominaj\u0105c o winnicach, przyci\u0105gaj\u0105 od maja do wrze\u015bnia turyst\u00f3w z ca\u0142ego kraju, kt\u00f3rzy wybieraj\u0105 wybrze\u017ce Morza Czarnego jako miejsce swoich wakacji. Co wi\u0119cej, obszar ten przyci\u0105ga r\u00f3wnie\u017c turyst\u00f3w zainteresowanych <strong>talasoterapi\u0105<\/strong> , gdy\u017c wody Morza Czarnego uwa\u017cane s\u0105 za dobroczynne w przypadku chor\u00f3b reumatycznych, artretycznych i uk\u0142adu nerwowego. S\u0105 nawet<\/strong> spa specjalizuj\u0105ce si\u0119 w k\u0105pielach b\u0142otnych<\/strong> i zabiegach odm\u0142adzaj\u0105cych.<\/p>\n<h2>\n <strong>Jeziora<\/strong> <\/h2>\n<p>\n <strong>Rumunia to kraj jezior<\/strong> : W sumie jest ich oko\u0142o <strong>3500<\/strong> , w wi\u0119kszo\u015bci ma\u0142ych lub \u015brednich, a najwi\u0119ksze s\u0105 laguny i <strong>jeziora na wybrze\u017cu Morza Czarnego<\/strong> , jak <strong>Razim i Sinoe<\/strong> , czy jeziora wzd\u0142u\u017c <strong>brzeg\u00f3w Dunaju (Oltina i Brates)<\/strong> . Jeziora <strong>polodowcowe<\/strong> wyst\u0119puj\u0105ce w Karpatach powsta\u0142y pod koniec ostatniej epoki lodowcowej i s\u0105 niewielkie, ale <strong>spektakularne<\/strong> , dlatego warto je odwiedzi\u0107. Tak jest w przypadku <strong>Jeziora Zanoaga<\/strong> , najg\u0142\u0119bszego jeziora w kraju, <strong>Bucura<\/strong> , najwi\u0119kszego &#8211; oba po\u0142o\u017cone w g\u00f3rach Retezat &#8211; czy te\u017c jezior Balea, Capra, Caltun i Podragu, po\u0142o\u017conych w <strong>Karpatach Siedmiogrodzkich<\/strong> &#8211; zwanych Alpami Siedmiogrodzkimi.<\/p>\n<p><img decoding=\"async\" src=\"data:image\/gif;base64,R0lGODdhAQABAPAAAMPDwwAAACwAAAAAAQABAAACAkQBADs=\" \/>Zach\u00f3d s\u0142o\u0144ca nad rumu\u0144skimi jeziorami.<\/p>\n<p>\nJezioro <strong>\u015bw. Anny<\/strong> , kt\u00f3re znajduje si\u0119 w masywie Ciomatu Mare, jest <strong>jedynym jeziorem wulkanicznym<\/strong> w Rumunii, a jego wody pochodz\u0105 z deszczu, wi\u0119c jego wody s\u0105 bardzo czyste. A wyj\u0105tkowe pod wzgl\u0119dem kszta\u0142tu i krajobrazu jest <strong>Czerwone Jezioro<\/strong> , po\u0142o\u017cone w masywie Hasmas, w pobli\u017cu w\u0105woz\u00f3w Bicaz.<\/p>\n<p> Flora i fauna<\/strong> <\/h2>\n<p>\nRumunia jest krajem o niesamowitej r\u00f3\u017cnorodno\u015bci flory i fauny, ze wzgl\u0119du na zr\u00f3\u017cnicowan\u0105 rze\u017ab\u0119 terenu i klimat. Wyst\u0119puje w nim ponad <strong>3700 gatunk\u00f3w ro\u015blin i 33000 gatunk\u00f3w zwierz\u0105t<\/strong> . Lasy sk\u0142adaj\u0105 si\u0119 g\u0142\u00f3wnie z d\u0119b\u00f3w, buk\u00f3w, klon\u00f3w, lip, wi\u0105z\u00f3w i jesion\u00f3w, natomiast 29% stanowi\u0105 drzewa iglaste.<\/p>\n","protected":false},"excerpt":{"rendered":"<p>Karpaty, kt\u00f3re biegn\u0105 przez setki kilometr\u00f3w przez Rumuni\u0119, oferuj\u0105c nam krajobrazy wielkiej urody. Rumunia to kraj o wspania\u0142ych naturalnych krajobrazach , pe\u0142en bogactwa i wielkiego pi\u0119kna, odwiedzany co roku przez tysi\u0105ce turyst\u00f3w, kt\u00f3rzy przyje\u017cd\u017caj\u0105 zwabieni wybrze\u017cem Morza Czarnego, dorzeczem Dunaju czy Karpatami. Karpaty Karpaty rozci\u0105gaj\u0105 si\u0119 w ca\u0142ym kraju od granicy z Ukrain\u0105 na p\u00f3\u0142nocy &hellip;<\/p>\n<p class=\"read-more\"> <a class=\"\" href=\"https:\/\/roadtoromania.com\/pl\/charakter-rumunii\/\"> <span class=\"screen-reader-text\">Charakter Rumunii<\/span> Read More \u00bb<\/a><\/p>\n","protected":false},"author":1,"featured_media":1718,"parent":0,"menu_order":0,"comment_status":"open","ping_status":"open","template":"","meta":{"site-sidebar-layout":"default","site-content-layout":"default","ast-global-header-display":"","ast-main-header-display":"","ast-hfb-above-header-display":"","ast-hfb-below-header-display":"","ast-hfb-mobile-header-display":"","site-post-title":"","ast-breadcrumbs-content":"","ast-featured-img":"","footer-sml-layout":"","theme-transparent-header-meta":"default","adv-header-id-meta":"","stick-header-meta":"","header-above-stick-meta":"","header-main-stick-meta":"","header-below-stick-meta":"","footnotes":""},"class_list":["post-3721","page","type-page","status-publish","has-post-thumbnail","hentry"],"yoast_head":"<!-- This site is optimized with the Yoast SEO plugin v19.10 - https:\/\/yoast.com\/wordpress\/plugins\/seo\/ -->\n<title>Charakter Rumunii - Road to Romania<\/title>\n<meta name=\"robots\" content=\"index, follow, max-snippet:-1, max-image-preview:large, max-video-preview:-1\" \/>\n<link rel=\"canonical\" href=\"https:\/\/roadtoromania.com\/pl\/charakter-rumunii\/\" \/>\n<meta property=\"og:locale\" content=\"pl_PL\" \/>\n<meta property=\"og:type\" content=\"article\" \/>\n<meta property=\"og:title\" content=\"Charakter Rumunii - Road to Romania\" \/>\n<meta property=\"og:description\" content=\"Karpaty, kt\u00f3re biegn\u0105 przez setki kilometr\u00f3w przez Rumuni\u0119, oferuj\u0105c nam krajobrazy wielkiej urody. Rumunia to kraj o wspania\u0142ych naturalnych krajobrazach , pe\u0142en bogactwa i wielkiego pi\u0119kna, odwiedzany co roku przez tysi\u0105ce turyst\u00f3w, kt\u00f3rzy przyje\u017cd\u017caj\u0105 zwabieni wybrze\u017cem Morza Czarnego, dorzeczem Dunaju czy Karpatami. Karpaty Karpaty rozci\u0105gaj\u0105 si\u0119 w ca\u0142ym kraju od granicy z Ukrain\u0105 na p\u00f3\u0142nocy &hellip; Charakter Rumunii Read More \u00bb\" \/>\n<meta property=\"og:url\" content=\"https:\/\/roadtoromania.com\/pl\/charakter-rumunii\/\" \/>\n<meta property=\"og:site_name\" content=\"Road to Romania\" \/>\n<meta property=\"article:modified_time\" content=\"2022-10-21T18:32:57+00:00\" \/>\n<meta property=\"og:image\" content=\"https:\/\/roadtoromania.com\/wp-content\/uploads\/2022\/10\/ceahlau-ruta-senderismos-1.jpg\" \/>\n\t<meta property=\"og:image:width\" content=\"768\" \/>\n\t<meta property=\"og:image:height\" content=\"432\" \/>\n\t<meta property=\"og:image:type\" content=\"image\/jpeg\" \/>\n<meta name=\"twitter:card\" content=\"summary_large_image\" \/>\n<meta name=\"twitter:label1\" content=\"Szacowany czas czytania\" \/>\n\t<meta name=\"twitter:data1\" content=\"4 minuty\" \/>\n<script type=\"application\/ld+json\" class=\"yoast-schema-graph\">{\"@context\":\"https:\/\/schema.org\",\"@graph\":[{\"@type\":\"WebPage\",\"@id\":\"https:\/\/roadtoromania.com\/pl\/charakter-rumunii\/\",\"url\":\"https:\/\/roadtoromania.com\/pl\/charakter-rumunii\/\",\"name\":\"Charakter Rumunii - Road to Romania\",\"isPartOf\":{\"@id\":\"https:\/\/roadtoromania.com\/pl\/#website\"},\"datePublished\":\"2022-10-15T18:40:18+00:00\",\"dateModified\":\"2022-10-21T18:32:57+00:00\",\"breadcrumb\":{\"@id\":\"https:\/\/roadtoromania.com\/pl\/charakter-rumunii\/#breadcrumb\"},\"inLanguage\":\"pl-PL\",\"potentialAction\":[{\"@type\":\"ReadAction\",\"target\":[\"https:\/\/roadtoromania.com\/pl\/charakter-rumunii\/\"]}]},{\"@type\":\"BreadcrumbList\",\"@id\":\"https:\/\/roadtoromania.com\/pl\/charakter-rumunii\/#breadcrumb\",\"itemListElement\":[{\"@type\":\"ListItem\",\"position\":1,\"name\":\"Home\",\"item\":\"https:\/\/roadtoromania.com\/pl\/\"},{\"@type\":\"ListItem\",\"position\":2,\"name\":\"Charakter Rumunii\"}]},{\"@type\":\"WebSite\",\"@id\":\"https:\/\/roadtoromania.com\/pl\/#website\",\"url\":\"https:\/\/roadtoromania.com\/pl\/\",\"name\":\"Road to Romania\",\"description\":\"Blog, na kt\u00f3rym znajdziesz wszystkie informacje potrzebne do korzystania z Rumunii.\",\"potentialAction\":[{\"@type\":\"SearchAction\",\"target\":{\"@type\":\"EntryPoint\",\"urlTemplate\":\"https:\/\/roadtoromania.com\/pl\/?s={search_term_string}\"},\"query-input\":\"required name=search_term_string\"}],\"inLanguage\":\"pl-PL\"}]}<\/script>\n<!-- \/ Yoast SEO plugin. -->","yoast_head_json":{"title":"Charakter Rumunii - Road to Romania","robots":{"index":"index","follow":"follow","max-snippet":"max-snippet:-1","max-image-preview":"max-image-preview:large","max-video-preview":"max-video-preview:-1"},"canonical":"https:\/\/roadtoromania.com\/pl\/charakter-rumunii\/","og_locale":"pl_PL","og_type":"article","og_title":"Charakter Rumunii - Road to Romania","og_description":"Karpaty, kt\u00f3re biegn\u0105 przez setki kilometr\u00f3w przez Rumuni\u0119, oferuj\u0105c nam krajobrazy wielkiej urody. Rumunia to kraj o wspania\u0142ych naturalnych krajobrazach , pe\u0142en bogactwa i wielkiego pi\u0119kna, odwiedzany co roku przez tysi\u0105ce turyst\u00f3w, kt\u00f3rzy przyje\u017cd\u017caj\u0105 zwabieni wybrze\u017cem Morza Czarnego, dorzeczem Dunaju czy Karpatami. Karpaty Karpaty rozci\u0105gaj\u0105 si\u0119 w ca\u0142ym kraju od granicy z Ukrain\u0105 na p\u00f3\u0142nocy &hellip; Charakter Rumunii Read More \u00bb","og_url":"https:\/\/roadtoromania.com\/pl\/charakter-rumunii\/","og_site_name":"Road to Romania","article_modified_time":"2022-10-21T18:32:57+00:00","og_image":[{"width":768,"height":432,"url":"https:\/\/roadtoromania.com\/wp-content\/uploads\/2022\/10\/ceahlau-ruta-senderismos-1.jpg","type":"image\/jpeg"}],"twitter_card":"summary_large_image","twitter_misc":{"Szacowany czas czytania":"4 minuty"},"schema":{"@context":"https:\/\/schema.org","@graph":[{"@type":"WebPage","@id":"https:\/\/roadtoromania.com\/pl\/charakter-rumunii\/","url":"https:\/\/roadtoromania.com\/pl\/charakter-rumunii\/","name":"Charakter Rumunii - Road to Romania","isPartOf":{"@id":"https:\/\/roadtoromania.com\/pl\/#website"},"datePublished":"2022-10-15T18:40:18+00:00","dateModified":"2022-10-21T18:32:57+00:00","breadcrumb":{"@id":"https:\/\/roadtoromania.com\/pl\/charakter-rumunii\/#breadcrumb"},"inLanguage":"pl-PL","potentialAction":[{"@type":"ReadAction","target":["https:\/\/roadtoromania.com\/pl\/charakter-rumunii\/"]}]},{"@type":"BreadcrumbList","@id":"https:\/\/roadtoromania.com\/pl\/charakter-rumunii\/#breadcrumb","itemListElement":[{"@type":"ListItem","position":1,"name":"Home","item":"https:\/\/roadtoromania.com\/pl\/"},{"@type":"ListItem","position":2,"name":"Charakter Rumunii"}]},{"@type":"WebSite","@id":"https:\/\/roadtoromania.com\/pl\/#website","url":"https:\/\/roadtoromania.com\/pl\/","name":"Road to Romania","description":"Blog, na kt\u00f3rym znajdziesz wszystkie informacje potrzebne do korzystania z Rumunii.","potentialAction":[{"@type":"SearchAction","target":{"@type":"EntryPoint","urlTemplate":"https:\/\/roadtoromania.com\/pl\/?s={search_term_string}"},"query-input":"required name=search_term_string"}],"inLanguage":"pl-PL"}]}},"_links":{"self":[{"href":"https:\/\/roadtoromania.com\/pl\/wp-json\/wp\/v2\/pages\/3721","targetHints":{"allow":["GET"]}}],"collection":[{"href":"https:\/\/roadtoromania.com\/pl\/wp-json\/wp\/v2\/pages"}],"about":[{"href":"https:\/\/roadtoromania.com\/pl\/wp-json\/wp\/v2\/types\/page"}],"author":[{"embeddable":true,"href":"https:\/\/roadtoromania.com\/pl\/wp-json\/wp\/v2\/users\/1"}],"replies":[{"embeddable":true,"href":"https:\/\/roadtoromania.com\/pl\/wp-json\/wp\/v2\/comments?post=3721"}],"version-history":[{"count":1,"href":"https:\/\/roadtoromania.com\/pl\/wp-json\/wp\/v2\/pages\/3721\/revisions"}],"predecessor-version":[{"id":3722,"href":"https:\/\/roadtoromania.com\/pl\/wp-json\/wp\/v2\/pages\/3721\/revisions\/3722"}],"wp:featuredmedia":[{"embeddable":true,"href":"https:\/\/roadtoromania.com\/pl\/wp-json\/wp\/v2\/media\/1718"}],"wp:attachment":[{"href":"https:\/\/roadtoromania.com\/pl\/wp-json\/wp\/v2\/media?parent=3721"}],"curies":[{"name":"wp","href":"https:\/\/api.w.org\/{rel}","templated":true}]}}