{"id":3725,"date":"2022-10-15T18:40:18","date_gmt":"2022-10-15T18:40:18","guid":{"rendered":"https:\/\/roadtoromania.com\/charakter-rumunii\/jaskinia-lodowiec-scarisoara\/"},"modified":"2022-10-22T12:12:07","modified_gmt":"2022-10-22T12:12:07","slug":"jaskinia-lodowiec-scarisoara","status":"publish","type":"page","link":"https:\/\/roadtoromania.com\/pl\/charakter-rumunii\/jaskinia-lodowiec-scarisoara\/","title":{"rendered":"Jaskinia Lodowiec Scarisoara"},"content":{"rendered":"<p><img decoding=\"async\" src=\"https:\/\/roadtoromania.com\/wp-content\/uploads\/2022\/10\/naturaleza-transilvania-cueva.jpg\" \/> Jaskinia lodowcowa Scarisoara jest jedn\u0105 z wielkich atrakcji turystycznych Transylwanii. Tutaj dost\u0119p do podziemnej jaskini. Photo by domide3832<\/p>\n<p>Jaskinia lodowcowa Scarisoara jest jednym z najbardziej atrakcyjnych miejsc turystycznych w regionie <a href=\"https:\/\/roadtoromania.com\/pl\/miasta-i-regiony-rumunii\/transylwania-wiecej-niz-tylko-kraina-drakuli\/\">Transylwanii<\/a> , obok oczywi\u015bcie <a href=\"https:\/\/roadtoromania.com\/pl\/zabytki-rumunii-co-zobaczyc-w-rumunii\/zamek-bran-zamek-drakuli\/\">Zamku Bran Stroker<\/a> . Znajduje si\u0119 w <strong>G\u00f3rach Apusen<\/strong> i, w <strong>Parku Narodowym Apuseni<\/strong> i le\u017cy na wysoko\u015bci <strong>1265 m. n.p.m.<\/strong> . Jest to podziemna <strong>jaskinia lodowcowa &#8211; najwi\u0119ksza w Rumunii<\/strong> , w kt\u00f3rej znajduje si\u0119 drugi co do wielko\u015bci lodowiec na \u015bwiecie &#8211; do\u015b\u0107 rzadkie zjawisko przyrodnicze. Wydaje si\u0119, \u017ce powsta\u0142a w czasie <strong>epoki lodowcowej<\/strong> , kiedy g\u00f3ry Apuseni znajdowa\u0142y si\u0119 w okresie zlodowacenia. Zosta\u0142a odkryta przez austriackiego geografa Adolta Schmididiego w 1863 roku, kt\u00f3ry dokona\u0142 pierwszych obserwacji i pierwszej mapy jaskini. Zosta\u0142 uznany za pomnik przyrody i rezerwat speleologiczny.<\/p>\n<p>Jaskinia Lodowiec Scarisoara ma powierzchni\u0119 730 m. d\u0142ugo\u015bci na 105 m. g\u0142\u0119boko\u015bci, a wej\u015bcie jest szerokie na 50 m. g\u0142\u0119boko\u015bci, przez kt\u00f3re wchodzi si\u0119 do du\u017cej jaskini z galeriami i mas\u0105 <strong>75000 metr\u00f3w sze\u015bciennych skamienia\u0142ego lodu<\/strong> . Znajduj\u0105 si\u0119 tam <strong>trzy jaskinie<\/strong> : zaraz po wej\u015bciu, <strong>Wielka Sala i Ko\u015bci\u00f3\u0142<\/strong> , gdzie mo\u017cna zobaczy\u0107 <strong>ponad 100 lodowych stalagnat\u00f3w licz\u0105cych 3500 lat<\/strong> , kt\u00f3re nie pozostawi\u0105 zwiedzaj\u0105cego oboj\u0119tnym ze wzgl\u0119du na ich imponuj\u0105ce pi\u0119kno. Nast\u0119pnie, po lewej stronie, trzeba przej\u015b\u0107 przez 70-metrow\u0105 galeri\u0119 i znajdziemy Du\u017cy Rezerwat i Ma\u0142y Rezerwat. Ale te s\u0105 zarezerwowane dla naukowc\u00f3w. Galeria Maxim Pop znajduje si\u0119 105 m. pod ziemi\u0105. A pozosta\u0142e dwie cz\u0119\u015bci jaskini to <strong>Katedra i Pa\u0142ac Sanzania<\/strong> , gdzie nie ma lodu.<\/p>\n<p>Dost\u0119p do jaskini Scarisoara<\/p>\n<p>Tury\u015bci mog\u0105 dosta\u0107 si\u0119 do jaskini lodowcowej Scarisoara przez <strong>metalowe schody<\/strong> . Jest przewodnik, kt\u00f3ry zabiera grupy od 20 do 50 os\u00f3b. Godziny odwiedzin <strong>s\u0105 nast\u0119puj\u0105ce: 09:00, 10:20, 11:40, 13:00, 14:20, 15:40 i 17:00.<\/strong><\/p>\n<p>(tixagag_16) Cena : Doro\u015bli 1,50\u20ac. Dzieci: 1\u20ac<\/p>\n<p><a href=\"https:\/\/roadtoromania.com\/wp-content\/uploads\/2022\/10\/transilvania-glaciar-scarisoara.jpg\"><img decoding=\"async\" src=\"https:\/\/roadtoromania.com\/wp-content\/uploads\/2022\/10\/transilvania-glaciar-scarisoara.jpg\" \/><\/a> Pi\u0119kne stalagmity z epoki lodowcowej w Jaskini Lodowej w Scarisoarze. Photo by bortescristian.<\/p>\n<h2><strong>Jak dojecha\u0107 do jaskini lodowcowej Scarisoara<\/strong><\/h2>\n<p>Jaskinia Lodowiec Scarisoara znajduje si\u0119 <strong>90 km<\/strong> od <a href=\"https:\/\/roadtoromania.com\/pl\/miasta-i-regiony-rumunii\/cluj-napoca\/\"> Cluj &#8211; Napoca<\/a> , w miejscowo\u015bci Garda de Sus, na p\u00f3\u0142noc od Alby, bardzo blisko Campeni. Aby si\u0119 tam dosta\u0107, mo\u017cna wzi\u0105\u0107 autobus lub poci\u0105g z g\u0142\u00f3wnych miast Transylwanii do Alby i Garda de Sus. Mo\u017cesz te\u017c <a href=\"https:\/\/roadtoromania.com\/pl\/wynajmij-samochod-w-bukareszcie\/\">wynaj\u0105\u0107 samoch\u00f3d<\/a> , co da Ci wi\u0119ksz\u0105 swobod\u0119. St\u0105d trzeba b\u0119dzie przej\u015b\u0107 kilka kilometr\u00f3w \u015bcie\u017ck\u0105 niedost\u0119pn\u0105 dla samochod\u00f3w<\/p>\n<p>.<br \/>\nGdzie spa\u0107 i jak si\u0119 porusza\u0107<\/p>\n<p>W odleg\u0142o\u015bci oko\u0142o 750 metr\u00f3w od jaskini znajduje si\u0119 schronisko. Ale \u017ceby uzyska\u0107 wi\u0119cej informacji, Rumunia oferuje <a href=\"https:\/\/roadtoromania.com\/pl\/wynajmij-samochod-w-bukareszcie\/\">wynajem samochod\u00f3w<\/a> i <a href=\"https:\/\/roadtoromania.com\/pl\/zakwaterowanie-w-rumunii\/\">zakwaterowanie w hotelu<\/a> us\u0142ugi rezerwacji w Transylwanii.<\/p>\n","protected":false},"excerpt":{"rendered":"<p>Jaskinia lodowcowa Scarisoara jest jedn\u0105 z wielkich atrakcji turystycznych Transylwanii. Tutaj dost\u0119p do podziemnej jaskini. Photo by domide3832 Jaskinia lodowcowa Scarisoara jest jednym z najbardziej atrakcyjnych miejsc turystycznych w regionie Transylwanii , obok oczywi\u015bcie Zamku Bran Stroker . Znajduje si\u0119 w G\u00f3rach Apusen i, w Parku Narodowym Apuseni i le\u017cy na wysoko\u015bci 1265 m. n.p.m. &hellip;<\/p>\n<p class=\"read-more\"> <a class=\"\" href=\"https:\/\/roadtoromania.com\/pl\/charakter-rumunii\/jaskinia-lodowiec-scarisoara\/\"> <span class=\"screen-reader-text\">Jaskinia Lodowiec Scarisoara<\/span> Read More \u00bb<\/a><\/p>\n","protected":false},"author":1,"featured_media":1740,"parent":3721,"menu_order":0,"comment_status":"open","ping_status":"open","template":"","meta":{"site-sidebar-layout":"default","site-content-layout":"default","ast-global-header-display":"","ast-main-header-display":"","ast-hfb-above-header-display":"","ast-hfb-below-header-display":"","ast-hfb-mobile-header-display":"","site-post-title":"","ast-breadcrumbs-content":"","ast-featured-img":"","footer-sml-layout":"","theme-transparent-header-meta":"default","adv-header-id-meta":"","stick-header-meta":"","header-above-stick-meta":"","header-main-stick-meta":"","header-below-stick-meta":"","footnotes":""},"class_list":["post-3725","page","type-page","status-publish","has-post-thumbnail","hentry"],"yoast_head":"<!-- This site is optimized with the Yoast SEO plugin v19.10 - https:\/\/yoast.com\/wordpress\/plugins\/seo\/ -->\n<title>Jaskinia Lodowiec Scarisoara - Road to Romania<\/title>\n<meta name=\"robots\" content=\"index, follow, max-snippet:-1, max-image-preview:large, max-video-preview:-1\" \/>\n<link rel=\"canonical\" href=\"https:\/\/roadtoromania.com\/pl\/charakter-rumunii\/jaskinia-lodowiec-scarisoara\/\" \/>\n<meta property=\"og:locale\" content=\"pl_PL\" \/>\n<meta property=\"og:type\" content=\"article\" \/>\n<meta property=\"og:title\" content=\"Jaskinia Lodowiec Scarisoara - Road to Romania\" \/>\n<meta property=\"og:description\" content=\"Jaskinia lodowcowa Scarisoara jest jedn\u0105 z wielkich atrakcji turystycznych Transylwanii. Tutaj dost\u0119p do podziemnej jaskini. Photo by domide3832 Jaskinia lodowcowa Scarisoara jest jednym z najbardziej atrakcyjnych miejsc turystycznych w regionie Transylwanii , obok oczywi\u015bcie Zamku Bran Stroker . Znajduje si\u0119 w G\u00f3rach Apusen i, w Parku Narodowym Apuseni i le\u017cy na wysoko\u015bci 1265 m. n.p.m. &hellip; Jaskinia Lodowiec Scarisoara Read More \u00bb\" \/>\n<meta property=\"og:url\" content=\"https:\/\/roadtoromania.com\/pl\/charakter-rumunii\/jaskinia-lodowiec-scarisoara\/\" \/>\n<meta property=\"og:site_name\" content=\"Road to Romania\" \/>\n<meta property=\"article:modified_time\" content=\"2022-10-22T12:12:07+00:00\" \/>\n<meta property=\"og:image\" content=\"https:\/\/roadtoromania.com\/wp-content\/uploads\/2022\/10\/transilvania-glaciar-scarisoara-1.jpg\" \/>\n\t<meta property=\"og:image:width\" content=\"640\" \/>\n\t<meta property=\"og:image:height\" content=\"480\" \/>\n\t<meta property=\"og:image:type\" content=\"image\/jpeg\" \/>\n<meta name=\"twitter:card\" content=\"summary_large_image\" \/>\n<meta name=\"twitter:label1\" content=\"Szacowany czas czytania\" \/>\n\t<meta name=\"twitter:data1\" content=\"3 minuty\" \/>\n<script type=\"application\/ld+json\" class=\"yoast-schema-graph\">{\"@context\":\"https:\/\/schema.org\",\"@graph\":[{\"@type\":\"WebPage\",\"@id\":\"https:\/\/roadtoromania.com\/pl\/charakter-rumunii\/jaskinia-lodowiec-scarisoara\/\",\"url\":\"https:\/\/roadtoromania.com\/pl\/charakter-rumunii\/jaskinia-lodowiec-scarisoara\/\",\"name\":\"Jaskinia Lodowiec Scarisoara - Road to Romania\",\"isPartOf\":{\"@id\":\"https:\/\/roadtoromania.com\/pl\/#website\"},\"datePublished\":\"2022-10-15T18:40:18+00:00\",\"dateModified\":\"2022-10-22T12:12:07+00:00\",\"breadcrumb\":{\"@id\":\"https:\/\/roadtoromania.com\/pl\/charakter-rumunii\/jaskinia-lodowiec-scarisoara\/#breadcrumb\"},\"inLanguage\":\"pl-PL\",\"potentialAction\":[{\"@type\":\"ReadAction\",\"target\":[\"https:\/\/roadtoromania.com\/pl\/charakter-rumunii\/jaskinia-lodowiec-scarisoara\/\"]}]},{\"@type\":\"BreadcrumbList\",\"@id\":\"https:\/\/roadtoromania.com\/pl\/charakter-rumunii\/jaskinia-lodowiec-scarisoara\/#breadcrumb\",\"itemListElement\":[{\"@type\":\"ListItem\",\"position\":1,\"name\":\"Home\",\"item\":\"https:\/\/roadtoromania.com\/pl\/\"},{\"@type\":\"ListItem\",\"position\":2,\"name\":\"Charakter Rumunii\",\"item\":\"https:\/\/roadtoromania.com\/pl\/charakter-rumunii\/\"},{\"@type\":\"ListItem\",\"position\":3,\"name\":\"Jaskinia Lodowiec Scarisoara\"}]},{\"@type\":\"WebSite\",\"@id\":\"https:\/\/roadtoromania.com\/pl\/#website\",\"url\":\"https:\/\/roadtoromania.com\/pl\/\",\"name\":\"Road to Romania\",\"description\":\"Blog, na kt\u00f3rym znajdziesz wszystkie informacje potrzebne do korzystania z Rumunii.\",\"potentialAction\":[{\"@type\":\"SearchAction\",\"target\":{\"@type\":\"EntryPoint\",\"urlTemplate\":\"https:\/\/roadtoromania.com\/pl\/?s={search_term_string}\"},\"query-input\":\"required name=search_term_string\"}],\"inLanguage\":\"pl-PL\"}]}<\/script>\n<!-- \/ Yoast SEO plugin. -->","yoast_head_json":{"title":"Jaskinia Lodowiec Scarisoara - Road to Romania","robots":{"index":"index","follow":"follow","max-snippet":"max-snippet:-1","max-image-preview":"max-image-preview:large","max-video-preview":"max-video-preview:-1"},"canonical":"https:\/\/roadtoromania.com\/pl\/charakter-rumunii\/jaskinia-lodowiec-scarisoara\/","og_locale":"pl_PL","og_type":"article","og_title":"Jaskinia Lodowiec Scarisoara - Road to Romania","og_description":"Jaskinia lodowcowa Scarisoara jest jedn\u0105 z wielkich atrakcji turystycznych Transylwanii. Tutaj dost\u0119p do podziemnej jaskini. Photo by domide3832 Jaskinia lodowcowa Scarisoara jest jednym z najbardziej atrakcyjnych miejsc turystycznych w regionie Transylwanii , obok oczywi\u015bcie Zamku Bran Stroker . Znajduje si\u0119 w G\u00f3rach Apusen i, w Parku Narodowym Apuseni i le\u017cy na wysoko\u015bci 1265 m. n.p.m. &hellip; Jaskinia Lodowiec Scarisoara Read More \u00bb","og_url":"https:\/\/roadtoromania.com\/pl\/charakter-rumunii\/jaskinia-lodowiec-scarisoara\/","og_site_name":"Road to Romania","article_modified_time":"2022-10-22T12:12:07+00:00","og_image":[{"width":640,"height":480,"url":"https:\/\/roadtoromania.com\/wp-content\/uploads\/2022\/10\/transilvania-glaciar-scarisoara-1.jpg","type":"image\/jpeg"}],"twitter_card":"summary_large_image","twitter_misc":{"Szacowany czas czytania":"3 minuty"},"schema":{"@context":"https:\/\/schema.org","@graph":[{"@type":"WebPage","@id":"https:\/\/roadtoromania.com\/pl\/charakter-rumunii\/jaskinia-lodowiec-scarisoara\/","url":"https:\/\/roadtoromania.com\/pl\/charakter-rumunii\/jaskinia-lodowiec-scarisoara\/","name":"Jaskinia Lodowiec Scarisoara - Road to Romania","isPartOf":{"@id":"https:\/\/roadtoromania.com\/pl\/#website"},"datePublished":"2022-10-15T18:40:18+00:00","dateModified":"2022-10-22T12:12:07+00:00","breadcrumb":{"@id":"https:\/\/roadtoromania.com\/pl\/charakter-rumunii\/jaskinia-lodowiec-scarisoara\/#breadcrumb"},"inLanguage":"pl-PL","potentialAction":[{"@type":"ReadAction","target":["https:\/\/roadtoromania.com\/pl\/charakter-rumunii\/jaskinia-lodowiec-scarisoara\/"]}]},{"@type":"BreadcrumbList","@id":"https:\/\/roadtoromania.com\/pl\/charakter-rumunii\/jaskinia-lodowiec-scarisoara\/#breadcrumb","itemListElement":[{"@type":"ListItem","position":1,"name":"Home","item":"https:\/\/roadtoromania.com\/pl\/"},{"@type":"ListItem","position":2,"name":"Charakter Rumunii","item":"https:\/\/roadtoromania.com\/pl\/charakter-rumunii\/"},{"@type":"ListItem","position":3,"name":"Jaskinia Lodowiec Scarisoara"}]},{"@type":"WebSite","@id":"https:\/\/roadtoromania.com\/pl\/#website","url":"https:\/\/roadtoromania.com\/pl\/","name":"Road to Romania","description":"Blog, na kt\u00f3rym znajdziesz wszystkie informacje potrzebne do korzystania z Rumunii.","potentialAction":[{"@type":"SearchAction","target":{"@type":"EntryPoint","urlTemplate":"https:\/\/roadtoromania.com\/pl\/?s={search_term_string}"},"query-input":"required name=search_term_string"}],"inLanguage":"pl-PL"}]}},"_links":{"self":[{"href":"https:\/\/roadtoromania.com\/pl\/wp-json\/wp\/v2\/pages\/3725","targetHints":{"allow":["GET"]}}],"collection":[{"href":"https:\/\/roadtoromania.com\/pl\/wp-json\/wp\/v2\/pages"}],"about":[{"href":"https:\/\/roadtoromania.com\/pl\/wp-json\/wp\/v2\/types\/page"}],"author":[{"embeddable":true,"href":"https:\/\/roadtoromania.com\/pl\/wp-json\/wp\/v2\/users\/1"}],"replies":[{"embeddable":true,"href":"https:\/\/roadtoromania.com\/pl\/wp-json\/wp\/v2\/comments?post=3725"}],"version-history":[{"count":2,"href":"https:\/\/roadtoromania.com\/pl\/wp-json\/wp\/v2\/pages\/3725\/revisions"}],"predecessor-version":[{"id":4241,"href":"https:\/\/roadtoromania.com\/pl\/wp-json\/wp\/v2\/pages\/3725\/revisions\/4241"}],"up":[{"embeddable":true,"href":"https:\/\/roadtoromania.com\/pl\/wp-json\/wp\/v2\/pages\/3721"}],"wp:featuredmedia":[{"embeddable":true,"href":"https:\/\/roadtoromania.com\/pl\/wp-json\/wp\/v2\/media\/1740"}],"wp:attachment":[{"href":"https:\/\/roadtoromania.com\/pl\/wp-json\/wp\/v2\/media?parent=3725"}],"curies":[{"name":"wp","href":"https:\/\/api.w.org\/{rel}","templated":true}]}}