{"id":3733,"date":"2022-10-15T18:40:18","date_gmt":"2022-10-15T18:40:18","guid":{"rendered":"https:\/\/roadtoromania.com\/charakter-rumunii\/wawozy-bicaz\/"},"modified":"2022-10-21T18:33:01","modified_gmt":"2022-10-21T18:33:01","slug":"wawozy-bicaz","status":"publish","type":"page","link":"https:\/\/roadtoromania.com\/pl\/charakter-rumunii\/wawozy-bicaz\/","title":{"rendered":"W\u0105wozy Bicaz"},"content":{"rendered":"<p>Po zwiedzeniu mo\u0142dawskich klasztor\u00f3w na p\u00f3\u0142nocy Rumunii, droga prowadzi nas w\u0105wozem o \u015bcianach ponad 300 metr\u00f3w przez <strong>w\u0105wozy Bicaz<\/strong> .<\/p>\n<p>\nTe kapry\u015bne naturalne formacje kamienne zachwycaj\u0105 pionowo\u015bci\u0105 swoich \u015bcian, kt\u00f3re zw\u0119\u017caj\u0105 si\u0119 podczas sinusoidalnej i w\u0105skiej \u015bcie\u017cki, kt\u00f3ra prowadzi nas przez w\u0105wozy.<\/p>\n<p><a href=\"https:\/\/roadtoromania.com\/wp-content\/uploads\/2022\/10\/gargantas_bicaz.jpg\"><img decoding=\"async\" src=\"https:\/\/roadtoromania.com\/wp-content\/uploads\/2022\/10\/gargantas_bicaz.jpg\" \/><\/a> Prze\u0142omy Bicaz<\/p>\n<p>\nJej malownicze panoramy na <strong>g\u00f3r\u0119 Ceahlau<\/strong> , pod kt\u00f3r\u0105 zbiegaj\u0105 si\u0119 rzeki Bicaz i Bistrita, ciesz\u0105 si\u0119 dobr\u0105 opini\u0105 i s\u0105 cz\u0119\u015bci\u0105 wszystkich przyrodniczych tras turystycznych w Rumunii.<\/p>\n<p>\nKiedy najmniej si\u0119 tego spodziewasz, przerywaj\u0105c spok\u00f3j pi\u0119knych krajobraz\u00f3w w\u0105woz\u00f3w Bicaz, przy drodze znajdziesz stragany sprzedaj\u0105ce wszystko, od sk\u00f3r zwierz\u0119cych po wszelkie atrakcje turystyczne kraju (ceramika, przedmioty drewniane, ikony, hafty, wina itp.)<\/p>\n<p>\nMimo naszego zak\u0142opotania, ka\u017cdy turysta w ko\u0144cu bierze przyn\u0119t\u0119 i zatrzymuje si\u0119, \u017ceby si\u0119 rozejrze\u0107.<\/p>\n<p>\nNa szczycie g\u00f3ry, po niesko\u0144czonym ci\u0105gu zakr\u0119t\u00f3w, docieramy do esplanady, gdzie znajdujemy <strong>Lacu Rosso<\/strong> , wspania\u0142e jezioro, kt\u00f3re powsta\u0142o naturalnie w XIX w.<\/p>\n<p>\n<a href=\"https:\/\/roadtoromania.com\/pl\/mapy-rumunii\/mapa-wawozow-bicaz\/\">Mapa i plan w\u0105woz\u00f3w Bicaz<\/a> .<\/p>\n<p>\nRumunia oferuje mo\u017cliwo\u015b\u0107 <a href=\"https:\/\/roadtoromania.com\/pl\/zakwaterowanie-w-rumunii\/\">rezerwacji pokoju w hotelach<\/a> i <a href=\"https:\/\/roadtoromania.com\/pl\/wynajmij-samochod-w-bukareszcie\/\">wynaj\u0119cia samochodu, w pobli\u017cu Prze\u0142om\u00f3w Bicaz<\/a> .<\/p>\n","protected":false},"excerpt":{"rendered":"<p>Po zwiedzeniu mo\u0142dawskich klasztor\u00f3w na p\u00f3\u0142nocy Rumunii, droga prowadzi nas w\u0105wozem o \u015bcianach ponad 300 metr\u00f3w przez w\u0105wozy Bicaz . Te kapry\u015bne naturalne formacje kamienne zachwycaj\u0105 pionowo\u015bci\u0105 swoich \u015bcian, kt\u00f3re zw\u0119\u017caj\u0105 si\u0119 podczas sinusoidalnej i w\u0105skiej \u015bcie\u017cki, kt\u00f3ra prowadzi nas przez w\u0105wozy. Prze\u0142omy Bicaz Jej malownicze panoramy na g\u00f3r\u0119 Ceahlau , pod kt\u00f3r\u0105 zbiegaj\u0105 si\u0119 &hellip;<\/p>\n<p class=\"read-more\"> <a class=\"\" href=\"https:\/\/roadtoromania.com\/pl\/charakter-rumunii\/wawozy-bicaz\/\"> <span class=\"screen-reader-text\">W\u0105wozy Bicaz<\/span> Read More \u00bb<\/a><\/p>\n","protected":false},"author":1,"featured_media":1778,"parent":3721,"menu_order":0,"comment_status":"open","ping_status":"open","template":"","meta":{"site-sidebar-layout":"default","site-content-layout":"default","ast-global-header-display":"","ast-main-header-display":"","ast-hfb-above-header-display":"","ast-hfb-below-header-display":"","ast-hfb-mobile-header-display":"","site-post-title":"","ast-breadcrumbs-content":"","ast-featured-img":"","footer-sml-layout":"","theme-transparent-header-meta":"","adv-header-id-meta":"","stick-header-meta":"","header-above-stick-meta":"","header-main-stick-meta":"","header-below-stick-meta":"","footnotes":""},"class_list":["post-3733","page","type-page","status-publish","has-post-thumbnail","hentry"],"yoast_head":"<!-- This site is optimized with the Yoast SEO plugin v19.10 - https:\/\/yoast.com\/wordpress\/plugins\/seo\/ -->\n<title>W\u0105wozy Bicaz - Road to Romania<\/title>\n<meta name=\"robots\" content=\"index, follow, max-snippet:-1, max-image-preview:large, max-video-preview:-1\" \/>\n<link rel=\"canonical\" href=\"https:\/\/roadtoromania.com\/pl\/charakter-rumunii\/wawozy-bicaz\/\" \/>\n<meta property=\"og:locale\" content=\"pl_PL\" \/>\n<meta property=\"og:type\" content=\"article\" \/>\n<meta property=\"og:title\" content=\"W\u0105wozy Bicaz - Road to Romania\" \/>\n<meta property=\"og:description\" content=\"Po zwiedzeniu mo\u0142dawskich klasztor\u00f3w na p\u00f3\u0142nocy Rumunii, droga prowadzi nas w\u0105wozem o \u015bcianach ponad 300 metr\u00f3w przez w\u0105wozy Bicaz . Te kapry\u015bne naturalne formacje kamienne zachwycaj\u0105 pionowo\u015bci\u0105 swoich \u015bcian, kt\u00f3re zw\u0119\u017caj\u0105 si\u0119 podczas sinusoidalnej i w\u0105skiej \u015bcie\u017cki, kt\u00f3ra prowadzi nas przez w\u0105wozy. Prze\u0142omy Bicaz Jej malownicze panoramy na g\u00f3r\u0119 Ceahlau , pod kt\u00f3r\u0105 zbiegaj\u0105 si\u0119 &hellip; W\u0105wozy Bicaz Read More \u00bb\" \/>\n<meta property=\"og:url\" content=\"https:\/\/roadtoromania.com\/pl\/charakter-rumunii\/wawozy-bicaz\/\" \/>\n<meta property=\"og:site_name\" content=\"Road to Romania\" \/>\n<meta property=\"article:modified_time\" content=\"2022-10-21T18:33:01+00:00\" \/>\n<meta property=\"og:image\" content=\"https:\/\/roadtoromania.com\/wp-content\/uploads\/2022\/10\/gargantas_bicaz-1.jpg\" \/>\n\t<meta property=\"og:image:width\" content=\"450\" \/>\n\t<meta property=\"og:image:height\" content=\"600\" \/>\n\t<meta property=\"og:image:type\" content=\"image\/jpeg\" \/>\n<meta name=\"twitter:card\" content=\"summary_large_image\" \/>\n<meta name=\"twitter:label1\" content=\"Szacowany czas czytania\" \/>\n\t<meta name=\"twitter:data1\" content=\"1 minuta\" \/>\n<script type=\"application\/ld+json\" class=\"yoast-schema-graph\">{\"@context\":\"https:\/\/schema.org\",\"@graph\":[{\"@type\":\"WebPage\",\"@id\":\"https:\/\/roadtoromania.com\/pl\/charakter-rumunii\/wawozy-bicaz\/\",\"url\":\"https:\/\/roadtoromania.com\/pl\/charakter-rumunii\/wawozy-bicaz\/\",\"name\":\"W\u0105wozy Bicaz - Road to Romania\",\"isPartOf\":{\"@id\":\"https:\/\/roadtoromania.com\/pl\/#website\"},\"datePublished\":\"2022-10-15T18:40:18+00:00\",\"dateModified\":\"2022-10-21T18:33:01+00:00\",\"breadcrumb\":{\"@id\":\"https:\/\/roadtoromania.com\/pl\/charakter-rumunii\/wawozy-bicaz\/#breadcrumb\"},\"inLanguage\":\"pl-PL\",\"potentialAction\":[{\"@type\":\"ReadAction\",\"target\":[\"https:\/\/roadtoromania.com\/pl\/charakter-rumunii\/wawozy-bicaz\/\"]}]},{\"@type\":\"BreadcrumbList\",\"@id\":\"https:\/\/roadtoromania.com\/pl\/charakter-rumunii\/wawozy-bicaz\/#breadcrumb\",\"itemListElement\":[{\"@type\":\"ListItem\",\"position\":1,\"name\":\"Home\",\"item\":\"https:\/\/roadtoromania.com\/pl\/\"},{\"@type\":\"ListItem\",\"position\":2,\"name\":\"Charakter Rumunii\",\"item\":\"https:\/\/roadtoromania.com\/pl\/charakter-rumunii\/\"},{\"@type\":\"ListItem\",\"position\":3,\"name\":\"W\u0105wozy Bicaz\"}]},{\"@type\":\"WebSite\",\"@id\":\"https:\/\/roadtoromania.com\/pl\/#website\",\"url\":\"https:\/\/roadtoromania.com\/pl\/\",\"name\":\"Road to Romania\",\"description\":\"Blog, na kt\u00f3rym znajdziesz wszystkie informacje potrzebne do korzystania z Rumunii.\",\"potentialAction\":[{\"@type\":\"SearchAction\",\"target\":{\"@type\":\"EntryPoint\",\"urlTemplate\":\"https:\/\/roadtoromania.com\/pl\/?s={search_term_string}\"},\"query-input\":\"required name=search_term_string\"}],\"inLanguage\":\"pl-PL\"}]}<\/script>\n<!-- \/ Yoast SEO plugin. -->","yoast_head_json":{"title":"W\u0105wozy Bicaz - Road to Romania","robots":{"index":"index","follow":"follow","max-snippet":"max-snippet:-1","max-image-preview":"max-image-preview:large","max-video-preview":"max-video-preview:-1"},"canonical":"https:\/\/roadtoromania.com\/pl\/charakter-rumunii\/wawozy-bicaz\/","og_locale":"pl_PL","og_type":"article","og_title":"W\u0105wozy Bicaz - Road to Romania","og_description":"Po zwiedzeniu mo\u0142dawskich klasztor\u00f3w na p\u00f3\u0142nocy Rumunii, droga prowadzi nas w\u0105wozem o \u015bcianach ponad 300 metr\u00f3w przez w\u0105wozy Bicaz . Te kapry\u015bne naturalne formacje kamienne zachwycaj\u0105 pionowo\u015bci\u0105 swoich \u015bcian, kt\u00f3re zw\u0119\u017caj\u0105 si\u0119 podczas sinusoidalnej i w\u0105skiej \u015bcie\u017cki, kt\u00f3ra prowadzi nas przez w\u0105wozy. Prze\u0142omy Bicaz Jej malownicze panoramy na g\u00f3r\u0119 Ceahlau , pod kt\u00f3r\u0105 zbiegaj\u0105 si\u0119 &hellip; W\u0105wozy Bicaz Read More \u00bb","og_url":"https:\/\/roadtoromania.com\/pl\/charakter-rumunii\/wawozy-bicaz\/","og_site_name":"Road to Romania","article_modified_time":"2022-10-21T18:33:01+00:00","og_image":[{"width":450,"height":600,"url":"https:\/\/roadtoromania.com\/wp-content\/uploads\/2022\/10\/gargantas_bicaz-1.jpg","type":"image\/jpeg"}],"twitter_card":"summary_large_image","twitter_misc":{"Szacowany czas czytania":"1 minuta"},"schema":{"@context":"https:\/\/schema.org","@graph":[{"@type":"WebPage","@id":"https:\/\/roadtoromania.com\/pl\/charakter-rumunii\/wawozy-bicaz\/","url":"https:\/\/roadtoromania.com\/pl\/charakter-rumunii\/wawozy-bicaz\/","name":"W\u0105wozy Bicaz - Road to Romania","isPartOf":{"@id":"https:\/\/roadtoromania.com\/pl\/#website"},"datePublished":"2022-10-15T18:40:18+00:00","dateModified":"2022-10-21T18:33:01+00:00","breadcrumb":{"@id":"https:\/\/roadtoromania.com\/pl\/charakter-rumunii\/wawozy-bicaz\/#breadcrumb"},"inLanguage":"pl-PL","potentialAction":[{"@type":"ReadAction","target":["https:\/\/roadtoromania.com\/pl\/charakter-rumunii\/wawozy-bicaz\/"]}]},{"@type":"BreadcrumbList","@id":"https:\/\/roadtoromania.com\/pl\/charakter-rumunii\/wawozy-bicaz\/#breadcrumb","itemListElement":[{"@type":"ListItem","position":1,"name":"Home","item":"https:\/\/roadtoromania.com\/pl\/"},{"@type":"ListItem","position":2,"name":"Charakter Rumunii","item":"https:\/\/roadtoromania.com\/pl\/charakter-rumunii\/"},{"@type":"ListItem","position":3,"name":"W\u0105wozy Bicaz"}]},{"@type":"WebSite","@id":"https:\/\/roadtoromania.com\/pl\/#website","url":"https:\/\/roadtoromania.com\/pl\/","name":"Road to Romania","description":"Blog, na kt\u00f3rym znajdziesz wszystkie informacje potrzebne do korzystania z Rumunii.","potentialAction":[{"@type":"SearchAction","target":{"@type":"EntryPoint","urlTemplate":"https:\/\/roadtoromania.com\/pl\/?s={search_term_string}"},"query-input":"required name=search_term_string"}],"inLanguage":"pl-PL"}]}},"_links":{"self":[{"href":"https:\/\/roadtoromania.com\/pl\/wp-json\/wp\/v2\/pages\/3733","targetHints":{"allow":["GET"]}}],"collection":[{"href":"https:\/\/roadtoromania.com\/pl\/wp-json\/wp\/v2\/pages"}],"about":[{"href":"https:\/\/roadtoromania.com\/pl\/wp-json\/wp\/v2\/types\/page"}],"author":[{"embeddable":true,"href":"https:\/\/roadtoromania.com\/pl\/wp-json\/wp\/v2\/users\/1"}],"replies":[{"embeddable":true,"href":"https:\/\/roadtoromania.com\/pl\/wp-json\/wp\/v2\/comments?post=3733"}],"version-history":[{"count":1,"href":"https:\/\/roadtoromania.com\/pl\/wp-json\/wp\/v2\/pages\/3733\/revisions"}],"predecessor-version":[{"id":3734,"href":"https:\/\/roadtoromania.com\/pl\/wp-json\/wp\/v2\/pages\/3733\/revisions\/3734"}],"up":[{"embeddable":true,"href":"https:\/\/roadtoromania.com\/pl\/wp-json\/wp\/v2\/pages\/3721"}],"wp:featuredmedia":[{"embeddable":true,"href":"https:\/\/roadtoromania.com\/pl\/wp-json\/wp\/v2\/media\/1778"}],"wp:attachment":[{"href":"https:\/\/roadtoromania.com\/pl\/wp-json\/wp\/v2\/media?parent=3733"}],"curies":[{"name":"wp","href":"https:\/\/api.w.org\/{rel}","templated":true}]}}