{"id":3743,"date":"2022-10-15T18:40:18","date_gmt":"2022-10-15T18:40:18","guid":{"rendered":"https:\/\/roadtoromania.com\/charakter-rumunii\/wulkany-blotne-berca\/"},"modified":"2022-10-21T18:33:03","modified_gmt":"2022-10-21T18:33:03","slug":"wulkany-blotne-berca","status":"publish","type":"page","link":"https:\/\/roadtoromania.com\/pl\/charakter-rumunii\/wulkany-blotne-berca\/","title":{"rendered":"Wulkany b\u0142otne Berca"},"content":{"rendered":"<p>Wulkany b\u0142otne w miejscowo\u015bci Berca <strong>, w powiecie Buz\u0103u <strong>na p\u00f3\u0142noc od Bukaresztu <strong>, s\u0105 jednym z osobliwych miejsc, kt\u00f3re Rumunia ma w swoich skarbach.<\/p>\n<p><img decoding=\"async\" src=\"https:\/\/roadtoromania.com\/wp-content\/uploads\/2022\/10\/volcan_berca_rumania.jpg\" \/>Wulkany b\u0142otne Berca<\/p>\n<p>\nTo zjawisko znane jako <em>zimny wulkanizm<\/em> jest spowodowane erupcj\u0105 gaz\u00f3w emanuj\u0105cych z g\u0142\u0119boko\u015bci oko\u0142o 3 km. S\u0105 one b\u0142\u0119dnie nazywane &#8220;wulkanami&#8221;, poniewa\u017c wydalanie gaz\u00f3w ze z\u0142\u00f3\u017c ropy naftowej powoduje, \u017ce gliniasta gleba tworzy sto\u017cki, kt\u00f3re wysychaj\u0105 w struktury przypominaj\u0105ce wulkany.<\/p>\n<p>\nWyst\u0119puje zwykle w pobli\u017cu du\u017cych pasm g\u00f3rskich, takich jak <strong>Karpaty<\/strong> w przypadku Berci, i cho\u0107 by\u0142a znana miejscowej ludno\u015bci (i nazywana &#8220;garnkami&#8221; lub &#8220;mg\u0142ami&#8221;), to dopiero francuski przedsi\u0119biorca poszukuj\u0105cy z\u0142\u00f3\u017c ropy naftowej, H. Cognard, w 1867 r. uczyni\u0142 j\u0105 znan\u0105.<\/p>\n<p>\nJu\u017c w 1924 roku rz\u0105d rumu\u0144ski nada\u0142 wulkanom status rezerwatu geologicznego i botanicznego. Wysokie st\u0119\u017cenie soli i siarki w glebie powoduje skrajn\u0105 ja\u0142owo\u015b\u0107, kt\u00f3ra praktycznie nie pozwala na rozw\u00f3j flory, z wyj\u0105tkiem rzadkich okaz\u00f3w ro\u015blin halofilnych (Obione Verrucifera i Nitrateria Schoberi), kt\u00f3re przyzwyczai\u0142y si\u0119 do skrajnie s\u0142onych warunk\u00f3w. Krajobraz wygl\u0105da wi\u0119c jak co\u015b z ksi\u0119\u017cycowego zdj\u0119cia <\/p>\n<p>.<\/p>\n<h2>\n <strong>Wizyta na wulkanach b\u0142otnych P\u00e2clelor Mari i Mici<\/strong> <\/h2>\n<p>\nWulkany b\u0142otne rozmieszczone s\u0105 na trzech obszarach o \u0142\u0105cznej powierzchni 30 hektar\u00f3w. Dwa g\u0142\u00f3wne to <strong>P\u00e2clelor Mari i P\u00e2clelor Mici<\/strong> , odpowiednio &#8220;du\u017cy i ma\u0142y wulkan&#8221;. W rejonie wi\u0119kszych wulkan\u00f3w jest ich mniej, a ich erupcja jest bardziej przerywana, cho\u0107 silniejsza, natomiast z mniejszych wulkan\u00f3w tryska niemal bez przerwy i gromadzi si\u0119 wiele sto\u017ck\u00f3w.<\/p>\n<p>\nZnajduj\u0105 si\u0119 one na zboczu wzg\u00f3rza, wi\u0119c jest to wizyta, w kt\u00f3rej b\u0119dziemy musieli przej\u015b\u0107 przez przestrze\u0144 wulkan\u00f3w.<\/p>\n<p>\n&#8220;Kratery&#8221; osi\u0105gaj\u0105 wysoko\u015b\u0107 do 8 metr\u00f3w, powstaj\u0105 w wyniku erupcji, kt\u00f3re z przerwami lub powoli i nieprzerwanie wydalaj\u0105 z pod\u0142o\u017ca gazy i wod\u0119.<\/p>\n<p> Jak dotrze\u0107 do wulkan\u00f3w b\u0142otnych Berca<\/strong> <\/h2>\n<p>\nWulkany b\u0142otne znajduj\u0105 si\u0119 oko\u0142o 12 kilometr\u00f3w od Berca, do kt\u00f3rego mo\u017cna dojecha\u0107 drog\u0105 DN 10 (Buzau &#8211; Brasov) do km 18, nast\u0119pnie DP Satuc &#8211; Berca &#8211; Joseni &#8211; Policiori do km 8 i DC Polciori &#8211; Pacle do km 5. Przejecha\u0107 3 km i skr\u0119ci\u0107 w lewo w kierunku wulkan\u00f3w.<\/p>\n<p>\nJest tam bezp\u0142atny parking, ale je\u015bli jest pe\u0142ny, to przed oficjalnym parkingiem<\/p>\n<p>jest jeszcze jeden p\u0142atny parking.<\/p>\n<h2>\n <strong>Zasady zwiedzania okolic wulkan\u00f3w b\u0142otnych Berca<\/strong> <\/h2>\n<p>\n&#8211; Nie wolno dotyka\u0107 szyszek ani lawy<\/p>\n<p>\n&#8211; Zabrania si\u0119 wchodzenia ze zwierz\u0119tami<\/p>\n<p>\n&#8211; Podczas wizyty obowi\u0105zuje zakaz palenia i spo\u017cywania posi\u0142k\u00f3w<\/p>\n<h2>\n <strong>Mapa wulkan\u00f3w b\u0142otnych Putny<\/strong> <\/h2>\n","protected":false},"excerpt":{"rendered":"<p>Wulkany b\u0142otne w miejscowo\u015bci Berca , w powiecie Buz\u0103u na p\u00f3\u0142noc od Bukaresztu , s\u0105 jednym z osobliwych miejsc, kt\u00f3re Rumunia ma w swoich skarbach. Wulkany b\u0142otne Berca To zjawisko znane jako zimny wulkanizm jest spowodowane erupcj\u0105 gaz\u00f3w emanuj\u0105cych z g\u0142\u0119boko\u015bci oko\u0142o 3 km. S\u0105 one b\u0142\u0119dnie nazywane &#8220;wulkanami&#8221;, poniewa\u017c wydalanie gaz\u00f3w ze z\u0142\u00f3\u017c ropy &hellip;<\/p>\n<p class=\"read-more\"> <a class=\"\" href=\"https:\/\/roadtoromania.com\/pl\/charakter-rumunii\/wulkany-blotne-berca\/\"> <span class=\"screen-reader-text\">Wulkany b\u0142otne Berca<\/span> Read More \u00bb<\/a><\/p>\n","protected":false},"author":1,"featured_media":1800,"parent":3721,"menu_order":0,"comment_status":"open","ping_status":"open","template":"","meta":{"site-sidebar-layout":"default","site-content-layout":"default","ast-global-header-display":"","ast-main-header-display":"","ast-hfb-above-header-display":"","ast-hfb-below-header-display":"","ast-hfb-mobile-header-display":"","site-post-title":"","ast-breadcrumbs-content":"","ast-featured-img":"","footer-sml-layout":"","theme-transparent-header-meta":"","adv-header-id-meta":"","stick-header-meta":"","header-above-stick-meta":"","header-main-stick-meta":"","header-below-stick-meta":"","footnotes":""},"class_list":["post-3743","page","type-page","status-publish","has-post-thumbnail","hentry"],"yoast_head":"<!-- This site is optimized with the Yoast SEO plugin v19.10 - https:\/\/yoast.com\/wordpress\/plugins\/seo\/ -->\n<title>Wulkany b\u0142otne Berca - Road to Romania<\/title>\n<meta name=\"robots\" content=\"index, follow, max-snippet:-1, max-image-preview:large, max-video-preview:-1\" \/>\n<link rel=\"canonical\" href=\"https:\/\/roadtoromania.com\/pl\/charakter-rumunii\/wulkany-blotne-berca\/\" \/>\n<meta property=\"og:locale\" content=\"pl_PL\" \/>\n<meta property=\"og:type\" content=\"article\" \/>\n<meta property=\"og:title\" content=\"Wulkany b\u0142otne Berca - Road to Romania\" \/>\n<meta property=\"og:description\" content=\"Wulkany b\u0142otne w miejscowo\u015bci Berca , w powiecie Buz\u0103u na p\u00f3\u0142noc od Bukaresztu , s\u0105 jednym z osobliwych miejsc, kt\u00f3re Rumunia ma w swoich skarbach. Wulkany b\u0142otne Berca To zjawisko znane jako zimny wulkanizm jest spowodowane erupcj\u0105 gaz\u00f3w emanuj\u0105cych z g\u0142\u0119boko\u015bci oko\u0142o 3 km. S\u0105 one b\u0142\u0119dnie nazywane &#8220;wulkanami&#8221;, poniewa\u017c wydalanie gaz\u00f3w ze z\u0142\u00f3\u017c ropy &hellip; Wulkany b\u0142otne Berca Read More \u00bb\" \/>\n<meta property=\"og:url\" content=\"https:\/\/roadtoromania.com\/pl\/charakter-rumunii\/wulkany-blotne-berca\/\" \/>\n<meta property=\"og:site_name\" content=\"Road to Romania\" \/>\n<meta property=\"article:modified_time\" content=\"2022-10-21T18:33:03+00:00\" \/>\n<meta property=\"og:image\" content=\"https:\/\/roadtoromania.com\/wp-content\/uploads\/2022\/10\/volcan_berca_rumania-1.jpg\" \/>\n\t<meta property=\"og:image:width\" content=\"750\" \/>\n\t<meta property=\"og:image:height\" content=\"396\" \/>\n\t<meta property=\"og:image:type\" content=\"image\/jpeg\" \/>\n<meta name=\"twitter:card\" content=\"summary_large_image\" \/>\n<meta name=\"twitter:label1\" content=\"Szacowany czas czytania\" \/>\n\t<meta name=\"twitter:data1\" content=\"2 minuty\" \/>\n<script type=\"application\/ld+json\" class=\"yoast-schema-graph\">{\"@context\":\"https:\/\/schema.org\",\"@graph\":[{\"@type\":\"WebPage\",\"@id\":\"https:\/\/roadtoromania.com\/pl\/charakter-rumunii\/wulkany-blotne-berca\/\",\"url\":\"https:\/\/roadtoromania.com\/pl\/charakter-rumunii\/wulkany-blotne-berca\/\",\"name\":\"Wulkany b\u0142otne Berca - Road to Romania\",\"isPartOf\":{\"@id\":\"https:\/\/roadtoromania.com\/pl\/#website\"},\"datePublished\":\"2022-10-15T18:40:18+00:00\",\"dateModified\":\"2022-10-21T18:33:03+00:00\",\"breadcrumb\":{\"@id\":\"https:\/\/roadtoromania.com\/pl\/charakter-rumunii\/wulkany-blotne-berca\/#breadcrumb\"},\"inLanguage\":\"pl-PL\",\"potentialAction\":[{\"@type\":\"ReadAction\",\"target\":[\"https:\/\/roadtoromania.com\/pl\/charakter-rumunii\/wulkany-blotne-berca\/\"]}]},{\"@type\":\"BreadcrumbList\",\"@id\":\"https:\/\/roadtoromania.com\/pl\/charakter-rumunii\/wulkany-blotne-berca\/#breadcrumb\",\"itemListElement\":[{\"@type\":\"ListItem\",\"position\":1,\"name\":\"Home\",\"item\":\"https:\/\/roadtoromania.com\/pl\/\"},{\"@type\":\"ListItem\",\"position\":2,\"name\":\"Charakter Rumunii\",\"item\":\"https:\/\/roadtoromania.com\/pl\/charakter-rumunii\/\"},{\"@type\":\"ListItem\",\"position\":3,\"name\":\"Wulkany b\u0142otne Berca\"}]},{\"@type\":\"WebSite\",\"@id\":\"https:\/\/roadtoromania.com\/pl\/#website\",\"url\":\"https:\/\/roadtoromania.com\/pl\/\",\"name\":\"Road to Romania\",\"description\":\"Blog, na kt\u00f3rym znajdziesz wszystkie informacje potrzebne do korzystania z Rumunii.\",\"potentialAction\":[{\"@type\":\"SearchAction\",\"target\":{\"@type\":\"EntryPoint\",\"urlTemplate\":\"https:\/\/roadtoromania.com\/pl\/?s={search_term_string}\"},\"query-input\":\"required name=search_term_string\"}],\"inLanguage\":\"pl-PL\"}]}<\/script>\n<!-- \/ Yoast SEO plugin. -->","yoast_head_json":{"title":"Wulkany b\u0142otne Berca - Road to Romania","robots":{"index":"index","follow":"follow","max-snippet":"max-snippet:-1","max-image-preview":"max-image-preview:large","max-video-preview":"max-video-preview:-1"},"canonical":"https:\/\/roadtoromania.com\/pl\/charakter-rumunii\/wulkany-blotne-berca\/","og_locale":"pl_PL","og_type":"article","og_title":"Wulkany b\u0142otne Berca - Road to Romania","og_description":"Wulkany b\u0142otne w miejscowo\u015bci Berca , w powiecie Buz\u0103u na p\u00f3\u0142noc od Bukaresztu , s\u0105 jednym z osobliwych miejsc, kt\u00f3re Rumunia ma w swoich skarbach. Wulkany b\u0142otne Berca To zjawisko znane jako zimny wulkanizm jest spowodowane erupcj\u0105 gaz\u00f3w emanuj\u0105cych z g\u0142\u0119boko\u015bci oko\u0142o 3 km. S\u0105 one b\u0142\u0119dnie nazywane &#8220;wulkanami&#8221;, poniewa\u017c wydalanie gaz\u00f3w ze z\u0142\u00f3\u017c ropy &hellip; Wulkany b\u0142otne Berca Read More \u00bb","og_url":"https:\/\/roadtoromania.com\/pl\/charakter-rumunii\/wulkany-blotne-berca\/","og_site_name":"Road to Romania","article_modified_time":"2022-10-21T18:33:03+00:00","og_image":[{"width":750,"height":396,"url":"https:\/\/roadtoromania.com\/wp-content\/uploads\/2022\/10\/volcan_berca_rumania-1.jpg","type":"image\/jpeg"}],"twitter_card":"summary_large_image","twitter_misc":{"Szacowany czas czytania":"2 minuty"},"schema":{"@context":"https:\/\/schema.org","@graph":[{"@type":"WebPage","@id":"https:\/\/roadtoromania.com\/pl\/charakter-rumunii\/wulkany-blotne-berca\/","url":"https:\/\/roadtoromania.com\/pl\/charakter-rumunii\/wulkany-blotne-berca\/","name":"Wulkany b\u0142otne Berca - Road to Romania","isPartOf":{"@id":"https:\/\/roadtoromania.com\/pl\/#website"},"datePublished":"2022-10-15T18:40:18+00:00","dateModified":"2022-10-21T18:33:03+00:00","breadcrumb":{"@id":"https:\/\/roadtoromania.com\/pl\/charakter-rumunii\/wulkany-blotne-berca\/#breadcrumb"},"inLanguage":"pl-PL","potentialAction":[{"@type":"ReadAction","target":["https:\/\/roadtoromania.com\/pl\/charakter-rumunii\/wulkany-blotne-berca\/"]}]},{"@type":"BreadcrumbList","@id":"https:\/\/roadtoromania.com\/pl\/charakter-rumunii\/wulkany-blotne-berca\/#breadcrumb","itemListElement":[{"@type":"ListItem","position":1,"name":"Home","item":"https:\/\/roadtoromania.com\/pl\/"},{"@type":"ListItem","position":2,"name":"Charakter Rumunii","item":"https:\/\/roadtoromania.com\/pl\/charakter-rumunii\/"},{"@type":"ListItem","position":3,"name":"Wulkany b\u0142otne Berca"}]},{"@type":"WebSite","@id":"https:\/\/roadtoromania.com\/pl\/#website","url":"https:\/\/roadtoromania.com\/pl\/","name":"Road to Romania","description":"Blog, na kt\u00f3rym znajdziesz wszystkie informacje potrzebne do korzystania z Rumunii.","potentialAction":[{"@type":"SearchAction","target":{"@type":"EntryPoint","urlTemplate":"https:\/\/roadtoromania.com\/pl\/?s={search_term_string}"},"query-input":"required name=search_term_string"}],"inLanguage":"pl-PL"}]}},"_links":{"self":[{"href":"https:\/\/roadtoromania.com\/pl\/wp-json\/wp\/v2\/pages\/3743","targetHints":{"allow":["GET"]}}],"collection":[{"href":"https:\/\/roadtoromania.com\/pl\/wp-json\/wp\/v2\/pages"}],"about":[{"href":"https:\/\/roadtoromania.com\/pl\/wp-json\/wp\/v2\/types\/page"}],"author":[{"embeddable":true,"href":"https:\/\/roadtoromania.com\/pl\/wp-json\/wp\/v2\/users\/1"}],"replies":[{"embeddable":true,"href":"https:\/\/roadtoromania.com\/pl\/wp-json\/wp\/v2\/comments?post=3743"}],"version-history":[{"count":1,"href":"https:\/\/roadtoromania.com\/pl\/wp-json\/wp\/v2\/pages\/3743\/revisions"}],"predecessor-version":[{"id":3744,"href":"https:\/\/roadtoromania.com\/pl\/wp-json\/wp\/v2\/pages\/3743\/revisions\/3744"}],"up":[{"embeddable":true,"href":"https:\/\/roadtoromania.com\/pl\/wp-json\/wp\/v2\/pages\/3721"}],"wp:featuredmedia":[{"embeddable":true,"href":"https:\/\/roadtoromania.com\/pl\/wp-json\/wp\/v2\/media\/1800"}],"wp:attachment":[{"href":"https:\/\/roadtoromania.com\/pl\/wp-json\/wp\/v2\/media?parent=3743"}],"curies":[{"name":"wp","href":"https:\/\/api.w.org\/{rel}","templated":true}]}}