{"id":3754,"date":"2022-10-15T18:40:18","date_gmt":"2022-10-15T18:40:18","guid":{"rendered":"https:\/\/roadtoromania.com\/loty-do-bukaresztu-lotnisko-otopeni\/"},"modified":"2022-10-21T18:33:06","modified_gmt":"2022-10-21T18:33:06","slug":"loty-do-bukaresztu-lotnisko-otopeni","status":"publish","type":"page","link":"https:\/\/roadtoromania.com\/pl\/loty-do-bukaresztu-lotnisko-otopeni\/","title":{"rendered":"Loty do Bukaresztu, lotnisko Otopeni"},"content":{"rendered":"<p>Bukareszt posiada najwa\u017cniejsze lotnisko w Rumunii, zar\u00f3wno pod wzgl\u0119dem wyposa\u017cenia, jak i po\u0142\u0105cze\u0144. Chocia\u017c nie jest to jedyne mi\u0119dzynarodowe lotnisko (<a href=\"https:\/\/roadtoromania.com\/pl\/porty-lotnicze-w-rumunii\/\">zobacz nasz\u0105 sekcj\u0119 Rumu\u0144skie lotniska<\/a> ), jest to lotnisko z najwi\u0119ksz\u0105 ilo\u015bci\u0105 lot\u00f3w do reszty Europy, Azji i Afryki, a tak\u017ce lot\u00f3w krajowych.<\/p>\n<p>\nChocia\u017c oficjalna nazwa to <strong>Henri Coanda Airport<\/strong> , rumu\u0144ski in\u017cynier, kt\u00f3ry mieszka\u0142 we Francji i by\u0142 wynalazc\u0105 pierwszej turbiny odrzutowej. Jednak lotnisko znajduje si\u0119 <strong>18 km na p\u00f3\u0142noc od Bukaresztu <strong>w gminie <strong>Otopeni<\/strong> , dlatego jest znane pod t\u0105 nazw\u0105.<\/p>\n<p><img decoding=\"async\" src=\"https:\/\/roadtoromania.com\/wp-content\/uploads\/2022\/10\/otopeni-bucarest-aeropuerto.jpg\" \/>Lotnisko Otopeni jest najbardziej ruchliwym portem lotniczym w Rumunii.<\/p>\n<h2>\n <strong>Linie lotnicze i po\u0142\u0105czenia lotnicze<\/strong> <\/h2>\n<p>\nIstniej\u0105 regularne loty mi\u0119dzy Hiszpani\u0105 a prawie wszystkimi krajami europejskimi, wi\u0119c dzisiaj bardzo \u0142atwo jest dotrze\u0107 do Rumunii korzystaj\u0105c z lotniska Otopeni. Opr\u00f3cz klasycznych linii lotniczych, kilka tanich linii lotniczych \u0142\u0105czy g\u0142\u00f3wne miasta Europy i Bliskiego Wschodu z Bukaresztem. To sprawi\u0142o, \u017ce stolica Rumunii sta\u0142a si\u0119 jednym z nowych cel\u00f3w weekendowych ( <strong>city break<\/strong> ) lub nawet jako  cel turystyki stomatologicznej<\/a> .<\/p>\n<p>\nZ Hiszpanii s\u0105 loty \u0142\u0105cz\u0105ce <strong>Bukareszt-Otopeni<\/strong> z lotniskami <strong>Madryt i Barcelona<\/strong> , oczywi\u015bcie. Ale do Rumunii mo\u017cesz te\u017c polecie\u0107 z <strong>Bilbao, Saragossy, Walencji, Malagi i Castell\u00f3n<\/strong> . Istniej\u0105 r\u00f3wnie\u017c bezpo\u015brednie po\u0142\u0105czenia mi\u0119dzy innymi z Lizbony, Rzymu, Nicei, Pary\u017ca, Lyonu, Londynu, Monachium, Mediolanu czy Stambu\u0142u <\/p>\n<p>&#8230;<\/p>\n<p> Loty wewn\u0119trzne<\/strong> <\/h2>\n<p>\nJednocze\u015bnie z Bukaresztu mo\u017cemy wygodnie podr\u00f3\u017cowa\u0107 po ca\u0142ym kraju, poniewa\u017c s\u0105 regularne loty do <strong>Konstancy, Timisoary, Cluj-Napoca, Oradei, Iasi czy Suceavy<\/strong> .<\/p>\n<p> Transport do Bukaresztu<\/strong> <\/h3>\n<p>\nJak w wi\u0119kszo\u015bci lotnisk na \u015bwiecie istniej\u0105 <a href=\"https:\/\/roadtoromania.com\/pl\/jak-dojechac-do-bukaresztu-z-lotniska-otopeni\/\"> <strong>us\u0142ugi transportowe pomi\u0119dzy Otopeni a centrum Bukaresztu<\/strong><\/a> . Mo\u017cna wzi\u0105\u0107 taks\u00f3wk\u0119, kt\u00f3ra w Rumunii jest dro\u017csza i bardzo szybka <\/p>\n<p>.<\/p>\n<p>\nAle <strong>najlepsze s\u0105 publiczne autobusy<\/strong> z przystankami przed bramkami strefy wej\u015bcia i wyj\u015bcia z lotniska. Istniej\u0105 dwa autobusy <strong>the 780<\/strong> , kt\u00f3ry \u0142\u0105czy Gara de Nord (North Station) z lotniskiem. A tak\u017ce <strong>783<\/strong> , kt\u00f3ry zabierze Ci\u0119 z lotniska Otopeni do centrum Bukaresztu. Linia ta kursuje przez ca\u0142y dzie\u0144 i noc. W nocy trwa to oko\u0142o 40 minut <\/p>\n<p>.<\/p>\n<p>\nCena za drog\u0119 w leisach to mniej ni\u017c jedno euro <\/p>\n<p>.<br \/>\n Transfery i przejazdy z lotniska Otopeni<\/strong> <\/h3>\n<p>\nWreszcie mo\u017cna te\u017c wynaj\u0105\u0107 samoch\u00f3d na samym lotnisku. Aby to zrobi\u0107 odwied\u017a <a href=\"https:\/\/roadtoromania.com\/pl\/wynajmij-samochod-w-bukareszcie\/\">sekcj\u0119 wynajmu samochod\u00f3w<\/a> .<\/p>\n<h3>\n <strong>WYNAJEM SAMOCHOD\u00d3W NA LOTNISKU BUCHAREST OTOPENI<\/strong> <\/h3>\n<\/p>\n<p>\u00a0<\/p>\n","protected":false},"excerpt":{"rendered":"<p>Bukareszt posiada najwa\u017cniejsze lotnisko w Rumunii, zar\u00f3wno pod wzgl\u0119dem wyposa\u017cenia, jak i po\u0142\u0105cze\u0144. Chocia\u017c nie jest to jedyne mi\u0119dzynarodowe lotnisko (zobacz nasz\u0105 sekcj\u0119 Rumu\u0144skie lotniska ), jest to lotnisko z najwi\u0119ksz\u0105 ilo\u015bci\u0105 lot\u00f3w do reszty Europy, Azji i Afryki, a tak\u017ce lot\u00f3w krajowych. Chocia\u017c oficjalna nazwa to Henri Coanda Airport , rumu\u0144ski in\u017cynier, kt\u00f3ry mieszka\u0142 &hellip;<\/p>\n<p class=\"read-more\"> <a class=\"\" href=\"https:\/\/roadtoromania.com\/pl\/loty-do-bukaresztu-lotnisko-otopeni\/\"> <span class=\"screen-reader-text\">Loty do Bukaresztu, lotnisko Otopeni<\/span> Read More \u00bb<\/a><\/p>\n","protected":false},"author":1,"featured_media":1865,"parent":0,"menu_order":0,"comment_status":"open","ping_status":"open","template":"","meta":{"site-sidebar-layout":"default","site-content-layout":"default","ast-global-header-display":"","ast-main-header-display":"","ast-hfb-above-header-display":"","ast-hfb-below-header-display":"","ast-hfb-mobile-header-display":"","site-post-title":"","ast-breadcrumbs-content":"","ast-featured-img":"","footer-sml-layout":"","theme-transparent-header-meta":"default","adv-header-id-meta":"","stick-header-meta":"","header-above-stick-meta":"","header-main-stick-meta":"","header-below-stick-meta":"","footnotes":""},"class_list":["post-3754","page","type-page","status-publish","has-post-thumbnail","hentry"],"yoast_head":"<!-- This site is optimized with the Yoast SEO plugin v19.10 - https:\/\/yoast.com\/wordpress\/plugins\/seo\/ -->\n<title>Loty do Bukaresztu, lotnisko Otopeni - Road to Romania<\/title>\n<meta name=\"robots\" content=\"index, follow, max-snippet:-1, max-image-preview:large, max-video-preview:-1\" \/>\n<link rel=\"canonical\" href=\"https:\/\/roadtoromania.com\/pl\/loty-do-bukaresztu-lotnisko-otopeni\/\" \/>\n<meta property=\"og:locale\" content=\"pl_PL\" \/>\n<meta property=\"og:type\" content=\"article\" \/>\n<meta property=\"og:title\" content=\"Loty do Bukaresztu, lotnisko Otopeni - Road to Romania\" \/>\n<meta property=\"og:description\" content=\"Bukareszt posiada najwa\u017cniejsze lotnisko w Rumunii, zar\u00f3wno pod wzgl\u0119dem wyposa\u017cenia, jak i po\u0142\u0105cze\u0144. Chocia\u017c nie jest to jedyne mi\u0119dzynarodowe lotnisko (zobacz nasz\u0105 sekcj\u0119 Rumu\u0144skie lotniska ), jest to lotnisko z najwi\u0119ksz\u0105 ilo\u015bci\u0105 lot\u00f3w do reszty Europy, Azji i Afryki, a tak\u017ce lot\u00f3w krajowych. Chocia\u017c oficjalna nazwa to Henri Coanda Airport , rumu\u0144ski in\u017cynier, kt\u00f3ry mieszka\u0142 &hellip; Loty do Bukaresztu, lotnisko Otopeni Read More \u00bb\" \/>\n<meta property=\"og:url\" content=\"https:\/\/roadtoromania.com\/pl\/loty-do-bukaresztu-lotnisko-otopeni\/\" \/>\n<meta property=\"og:site_name\" content=\"Road to Romania\" \/>\n<meta property=\"article:modified_time\" content=\"2022-10-21T18:33:06+00:00\" \/>\n<meta property=\"og:image\" content=\"https:\/\/roadtoromania.com\/wp-content\/uploads\/2022\/10\/otopeni-bucarest-aeropuerto-1.jpg\" \/>\n\t<meta property=\"og:image:width\" content=\"600\" \/>\n\t<meta property=\"og:image:height\" content=\"300\" \/>\n\t<meta property=\"og:image:type\" content=\"image\/jpeg\" \/>\n<meta name=\"twitter:card\" content=\"summary_large_image\" \/>\n<meta name=\"twitter:label1\" content=\"Szacowany czas czytania\" \/>\n\t<meta name=\"twitter:data1\" content=\"2 minuty\" \/>\n<script type=\"application\/ld+json\" class=\"yoast-schema-graph\">{\"@context\":\"https:\/\/schema.org\",\"@graph\":[{\"@type\":\"WebPage\",\"@id\":\"https:\/\/roadtoromania.com\/pl\/loty-do-bukaresztu-lotnisko-otopeni\/\",\"url\":\"https:\/\/roadtoromania.com\/pl\/loty-do-bukaresztu-lotnisko-otopeni\/\",\"name\":\"Loty do Bukaresztu, lotnisko Otopeni - Road to Romania\",\"isPartOf\":{\"@id\":\"https:\/\/roadtoromania.com\/pl\/#website\"},\"datePublished\":\"2022-10-15T18:40:18+00:00\",\"dateModified\":\"2022-10-21T18:33:06+00:00\",\"breadcrumb\":{\"@id\":\"https:\/\/roadtoromania.com\/pl\/loty-do-bukaresztu-lotnisko-otopeni\/#breadcrumb\"},\"inLanguage\":\"pl-PL\",\"potentialAction\":[{\"@type\":\"ReadAction\",\"target\":[\"https:\/\/roadtoromania.com\/pl\/loty-do-bukaresztu-lotnisko-otopeni\/\"]}]},{\"@type\":\"BreadcrumbList\",\"@id\":\"https:\/\/roadtoromania.com\/pl\/loty-do-bukaresztu-lotnisko-otopeni\/#breadcrumb\",\"itemListElement\":[{\"@type\":\"ListItem\",\"position\":1,\"name\":\"Home\",\"item\":\"https:\/\/roadtoromania.com\/pl\/\"},{\"@type\":\"ListItem\",\"position\":2,\"name\":\"Loty do Bukaresztu, lotnisko Otopeni\"}]},{\"@type\":\"WebSite\",\"@id\":\"https:\/\/roadtoromania.com\/pl\/#website\",\"url\":\"https:\/\/roadtoromania.com\/pl\/\",\"name\":\"Road to Romania\",\"description\":\"Blog, na kt\u00f3rym znajdziesz wszystkie informacje potrzebne do korzystania z Rumunii.\",\"potentialAction\":[{\"@type\":\"SearchAction\",\"target\":{\"@type\":\"EntryPoint\",\"urlTemplate\":\"https:\/\/roadtoromania.com\/pl\/?s={search_term_string}\"},\"query-input\":\"required name=search_term_string\"}],\"inLanguage\":\"pl-PL\"}]}<\/script>\n<!-- \/ Yoast SEO plugin. -->","yoast_head_json":{"title":"Loty do Bukaresztu, lotnisko Otopeni - Road to Romania","robots":{"index":"index","follow":"follow","max-snippet":"max-snippet:-1","max-image-preview":"max-image-preview:large","max-video-preview":"max-video-preview:-1"},"canonical":"https:\/\/roadtoromania.com\/pl\/loty-do-bukaresztu-lotnisko-otopeni\/","og_locale":"pl_PL","og_type":"article","og_title":"Loty do Bukaresztu, lotnisko Otopeni - Road to Romania","og_description":"Bukareszt posiada najwa\u017cniejsze lotnisko w Rumunii, zar\u00f3wno pod wzgl\u0119dem wyposa\u017cenia, jak i po\u0142\u0105cze\u0144. Chocia\u017c nie jest to jedyne mi\u0119dzynarodowe lotnisko (zobacz nasz\u0105 sekcj\u0119 Rumu\u0144skie lotniska ), jest to lotnisko z najwi\u0119ksz\u0105 ilo\u015bci\u0105 lot\u00f3w do reszty Europy, Azji i Afryki, a tak\u017ce lot\u00f3w krajowych. Chocia\u017c oficjalna nazwa to Henri Coanda Airport , rumu\u0144ski in\u017cynier, kt\u00f3ry mieszka\u0142 &hellip; Loty do Bukaresztu, lotnisko Otopeni Read More \u00bb","og_url":"https:\/\/roadtoromania.com\/pl\/loty-do-bukaresztu-lotnisko-otopeni\/","og_site_name":"Road to Romania","article_modified_time":"2022-10-21T18:33:06+00:00","og_image":[{"width":600,"height":300,"url":"https:\/\/roadtoromania.com\/wp-content\/uploads\/2022\/10\/otopeni-bucarest-aeropuerto-1.jpg","type":"image\/jpeg"}],"twitter_card":"summary_large_image","twitter_misc":{"Szacowany czas czytania":"2 minuty"},"schema":{"@context":"https:\/\/schema.org","@graph":[{"@type":"WebPage","@id":"https:\/\/roadtoromania.com\/pl\/loty-do-bukaresztu-lotnisko-otopeni\/","url":"https:\/\/roadtoromania.com\/pl\/loty-do-bukaresztu-lotnisko-otopeni\/","name":"Loty do Bukaresztu, lotnisko Otopeni - Road to Romania","isPartOf":{"@id":"https:\/\/roadtoromania.com\/pl\/#website"},"datePublished":"2022-10-15T18:40:18+00:00","dateModified":"2022-10-21T18:33:06+00:00","breadcrumb":{"@id":"https:\/\/roadtoromania.com\/pl\/loty-do-bukaresztu-lotnisko-otopeni\/#breadcrumb"},"inLanguage":"pl-PL","potentialAction":[{"@type":"ReadAction","target":["https:\/\/roadtoromania.com\/pl\/loty-do-bukaresztu-lotnisko-otopeni\/"]}]},{"@type":"BreadcrumbList","@id":"https:\/\/roadtoromania.com\/pl\/loty-do-bukaresztu-lotnisko-otopeni\/#breadcrumb","itemListElement":[{"@type":"ListItem","position":1,"name":"Home","item":"https:\/\/roadtoromania.com\/pl\/"},{"@type":"ListItem","position":2,"name":"Loty do Bukaresztu, lotnisko Otopeni"}]},{"@type":"WebSite","@id":"https:\/\/roadtoromania.com\/pl\/#website","url":"https:\/\/roadtoromania.com\/pl\/","name":"Road to Romania","description":"Blog, na kt\u00f3rym znajdziesz wszystkie informacje potrzebne do korzystania z Rumunii.","potentialAction":[{"@type":"SearchAction","target":{"@type":"EntryPoint","urlTemplate":"https:\/\/roadtoromania.com\/pl\/?s={search_term_string}"},"query-input":"required name=search_term_string"}],"inLanguage":"pl-PL"}]}},"_links":{"self":[{"href":"https:\/\/roadtoromania.com\/pl\/wp-json\/wp\/v2\/pages\/3754","targetHints":{"allow":["GET"]}}],"collection":[{"href":"https:\/\/roadtoromania.com\/pl\/wp-json\/wp\/v2\/pages"}],"about":[{"href":"https:\/\/roadtoromania.com\/pl\/wp-json\/wp\/v2\/types\/page"}],"author":[{"embeddable":true,"href":"https:\/\/roadtoromania.com\/pl\/wp-json\/wp\/v2\/users\/1"}],"replies":[{"embeddable":true,"href":"https:\/\/roadtoromania.com\/pl\/wp-json\/wp\/v2\/comments?post=3754"}],"version-history":[{"count":1,"href":"https:\/\/roadtoromania.com\/pl\/wp-json\/wp\/v2\/pages\/3754\/revisions"}],"predecessor-version":[{"id":3755,"href":"https:\/\/roadtoromania.com\/pl\/wp-json\/wp\/v2\/pages\/3754\/revisions\/3755"}],"wp:featuredmedia":[{"embeddable":true,"href":"https:\/\/roadtoromania.com\/pl\/wp-json\/wp\/v2\/media\/1865"}],"wp:attachment":[{"href":"https:\/\/roadtoromania.com\/pl\/wp-json\/wp\/v2\/media?parent=3754"}],"curies":[{"name":"wp","href":"https:\/\/api.w.org\/{rel}","templated":true}]}}